{"id":30359,"date":"2026-04-08T09:07:02","date_gmt":"2026-04-08T08:07:02","guid":{"rendered":"https:\/\/inti.hr\/product\/ormaric-za-kupaonsko-ogledalo-15-x-60-x-55-cm\/"},"modified":"2026-04-08T09:07:02","modified_gmt":"2026-04-08T08:07:02","slug":"ormaric-za-kupaonsko-ogledalo-15-x-60-x-55-cm","status":"publish","type":"product","link":"https:\/\/inti.hr\/bs\/proizvod\/ormaric-za-kupaonsko-ogledalo-15-x-60-x-55-cm\/","title":{"rendered":"Ormari\u0107 za kupaonsko ogledalo 15 x 60 x 55 cm"},"content":{"rendered":"<p>Detalji o proizvodu:<br \/>\n&#8211; Boja: Snje\u017eno bijela<br \/>\n&#8211; Materijal: Iverica, MDF (vlaknasta plo\u010da srednje gusto\u0107e), zrcalno staklo<br \/>\n&#8211; Veli\u010dina: 15 x 60 x 55 cm (D x \u0160 x V)<br \/>\n&#8211; Te\u017eina: 10,4 kg<br \/>\n&#8211; Maksimalna stati\u010dka nosivost gornje povr\u0161ine: 20 kg<br \/>\n&#8211; Maksimalna stati\u010dka nosivost svake velike police: 6 kg<br \/>\n&#8211; Maksimalna stati\u010dka nosivost svake male police: 5 kg<\/p>\n","protected":false},"excerpt":{"rendered":"<p>Tehnologija bez alata, super brza monta\u017ea bez alata: Za samo otprilike &#8230; <\/p>\n","protected":false},"featured_media":30360,"template":"","meta":[],"product_cat":[2392],"product_tag":[2393,2394],"yoast_head":"<!-- This site is optimized with the Yoast SEO plugin v23.7 - https:\/\/yoast.com\/wordpress\/plugins\/seo\/ -->\n<title>Ormari\u0107 za kupaonsko ogledalo 15 x 60 x 55 cm - Inti<\/title>\n<meta name=\"description\" content=\"Tehnologija bez alata, super brza monta\u017ea bez alata: Za samo otprilike 10 minuta \u2013 bez potrebe za alatom! Zahvaljuju\u0107i spojnicama, koje su osvojile nagradu GOOD DESIGN AWARD 2024, plo\u010de se jednostavno spajaju.Moderno i svestrano: Snje\u017enobijela zavr\u0161na obrada i \u010diste linije besprijekorno se uklapaju u svaku kupaonicu ili hodnik. Zahvaljuju\u0107i lako rastavljivom dizajnu, ovaj ormari\u0107 s ogledalom idealan je za najmoprimce, \u010deste selidbe ili za brzo preure\u0111enje.Prostran i podesiv: 5 pretinaca, 3 police, od kojih su 2 podesive na 3 razli\u010dite visine \u2013 tako da male posude stanu jednako lako kao i visoke boce. Prilagodite unutra\u0161njost kupaonskog ormari\u0107a svojim potrebama za toaletnim potrep\u0161tinama, kozmetikom i lijekovima.Ogledalo i kupaonski ormari\u0107 u jednom: Velika povr\u0161ina ogledala od 36 x 55 cm kombinira se sa zatvorenim pretincem za pohranu. To vam pru\u017ea jasan odraz za va\u0161u dnevnu rutinu ure\u0111enja i \u010duva va\u0161e osobne stvari urednima i skrivenima od pogleda.Izdr\u017eljiv i jednostavan za \u010di\u0161\u0107enje: Izra\u0111en od visokokvalitetne iverice, ovaj zidni ormari\u0107 je robustan za svakodnevnu upotrebu i mo\u017ee se brzo o\u010distiti obrisanjem - tako da \u0107e va\u0161 ormari\u0107 i dalje izgledati sjajno \u010dak i nakon godina.\" \/>\n<meta name=\"robots\" content=\"index, follow, max-snippet:-1, max-image-preview:large, max-video-preview:-1\" \/>\n<link rel=\"canonical\" href=\"https:\/\/inti.hr\/bs\/proizvod\/ormaric-za-kupaonsko-ogledalo-15-x-60-x-55-cm\/\" \/>\n<meta property=\"og:locale\" content=\"bs_BA\" \/>\n<meta property=\"og:type\" content=\"article\" \/>\n<meta property=\"og:title\" content=\"Ormari\u0107 za kupaonsko ogledalo 15 x 60 x 55 cm - Inti\" \/>\n<meta property=\"og:description\" content=\"Tehnologija bez alata, super brza monta\u017ea bez alata: Za samo otprilike 10 minuta \u2013 bez potrebe za alatom! Zahvaljuju\u0107i spojnicama, koje su osvojile nagradu GOOD DESIGN AWARD 2024, plo\u010de se jednostavno spajaju.Moderno i svestrano: Snje\u017enobijela zavr\u0161na obrada i \u010diste linije besprijekorno se uklapaju u svaku kupaonicu ili hodnik. Zahvaljuju\u0107i lako rastavljivom dizajnu, ovaj ormari\u0107 s ogledalom idealan je za najmoprimce, \u010deste selidbe ili za brzo preure\u0111enje.Prostran i podesiv: 5 pretinaca, 3 police, od kojih su 2 podesive na 3 razli\u010dite visine \u2013 tako da male posude stanu jednako lako kao i visoke boce. Prilagodite unutra\u0161njost kupaonskog ormari\u0107a svojim potrebama za toaletnim potrep\u0161tinama, kozmetikom i lijekovima.Ogledalo i kupaonski ormari\u0107 u jednom: Velika povr\u0161ina ogledala od 36 x 55 cm kombinira se sa zatvorenim pretincem za pohranu. To vam pru\u017ea jasan odraz za va\u0161u dnevnu rutinu ure\u0111enja i \u010duva va\u0161e osobne stvari urednima i skrivenima od pogleda.Izdr\u017eljiv i jednostavan za \u010di\u0161\u0107enje: Izra\u0111en od visokokvalitetne iverice, ovaj zidni ormari\u0107 je robustan za svakodnevnu upotrebu i mo\u017ee se brzo o\u010distiti obrisanjem - tako da \u0107e va\u0161 ormari\u0107 i dalje izgledati sjajno \u010dak i nakon godina.\" \/>\n<meta property=\"og:url\" content=\"https:\/\/inti.hr\/bs\/proizvod\/ormaric-za-kupaonsko-ogledalo-15-x-60-x-55-cm\/\" \/>\n<meta property=\"og:site_name\" content=\"Inti\" \/>\n<meta property=\"og:image\" content=\"https:\/\/i0.wp.com\/inti.hr\/wp-content\/uploads\/2026\/04\/BBC114WE01-1.jpg?fit=1000%2C1000&ssl=1\" \/>\n\t<meta property=\"og:image:width\" content=\"1000\" \/>\n\t<meta property=\"og:image:height\" content=\"1000\" \/>\n\t<meta property=\"og:image:type\" content=\"image\/jpeg\" \/>\n<meta name=\"twitter:card\" content=\"summary_large_image\" \/>\n<meta name=\"twitter:label1\" content=\"Est. reading time\" \/>\n\t<meta name=\"twitter:data1\" content=\"1 minuta\" \/>\n<script type=\"application\/ld+json\" class=\"yoast-schema-graph\">{\"@context\":\"https:\/\/schema.org\",\"@graph\":[{\"@type\":\"WebPage\",\"@id\":\"https:\/\/inti.hr\/bs\/proizvod\/ormaric-za-kupaonsko-ogledalo-15-x-60-x-55-cm\/\",\"url\":\"https:\/\/inti.hr\/bs\/proizvod\/ormaric-za-kupaonsko-ogledalo-15-x-60-x-55-cm\/\",\"name\":\"Ormari\u0107 za kupaonsko ogledalo 15 x 60 x 55 cm - Inti\",\"isPartOf\":{\"@id\":\"https:\/\/inti.hr\/bs\/#website\"},\"primaryImageOfPage\":{\"@id\":\"https:\/\/inti.hr\/bs\/proizvod\/ormaric-za-kupaonsko-ogledalo-15-x-60-x-55-cm\/#primaryimage\"},\"image\":{\"@id\":\"https:\/\/inti.hr\/bs\/proizvod\/ormaric-za-kupaonsko-ogledalo-15-x-60-x-55-cm\/#primaryimage\"},\"thumbnailUrl\":\"https:\/\/i0.wp.com\/inti.hr\/wp-content\/uploads\/2026\/04\/BBC114WE01-1.jpg?fit=1000%2C1000&ssl=1\",\"datePublished\":\"2026-04-08T08:07:02+00:00\",\"dateModified\":\"2026-04-08T08:07:02+00:00\",\"description\":\"Tehnologija bez alata, super brza monta\u017ea bez alata: Za samo otprilike 10 minuta \u2013 bez potrebe za alatom! Zahvaljuju\u0107i spojnicama, koje su osvojile nagradu GOOD DESIGN AWARD 2024, plo\u010de se jednostavno spajaju.Moderno i svestrano: Snje\u017enobijela zavr\u0161na obrada i \u010diste linije besprijekorno se uklapaju u svaku kupaonicu ili hodnik. Zahvaljuju\u0107i lako rastavljivom dizajnu, ovaj ormari\u0107 s ogledalom idealan je za najmoprimce, \u010deste selidbe ili za brzo preure\u0111enje.Prostran i podesiv: 5 pretinaca, 3 police, od kojih su 2 podesive na 3 razli\u010dite visine \u2013 tako da male posude stanu jednako lako kao i visoke boce. Prilagodite unutra\u0161njost kupaonskog ormari\u0107a svojim potrebama za toaletnim potrep\u0161tinama, kozmetikom i lijekovima.Ogledalo i kupaonski ormari\u0107 u jednom: Velika povr\u0161ina ogledala od 36 x 55 cm kombinira se sa zatvorenim pretincem za pohranu. To vam pru\u017ea jasan odraz za va\u0161u dnevnu rutinu ure\u0111enja i \u010duva va\u0161e osobne stvari urednima i skrivenima od pogleda.Izdr\u017eljiv i jednostavan za \u010di\u0161\u0107enje: Izra\u0111en od visokokvalitetne iverice, ovaj zidni ormari\u0107 je robustan za svakodnevnu upotrebu i mo\u017ee se brzo o\u010distiti obrisanjem - tako da \u0107e va\u0161 ormari\u0107 i dalje izgledati sjajno \u010dak i nakon godina.\",\"breadcrumb\":{\"@id\":\"https:\/\/inti.hr\/bs\/proizvod\/ormaric-za-kupaonsko-ogledalo-15-x-60-x-55-cm\/#breadcrumb\"},\"inLanguage\":\"bs-BA\",\"potentialAction\":[{\"@type\":\"ReadAction\",\"target\":[\"https:\/\/inti.hr\/bs\/proizvod\/ormaric-za-kupaonsko-ogledalo-15-x-60-x-55-cm\/\"]}]},{\"@type\":\"ImageObject\",\"inLanguage\":\"bs-BA\",\"@id\":\"https:\/\/inti.hr\/bs\/proizvod\/ormaric-za-kupaonsko-ogledalo-15-x-60-x-55-cm\/#primaryimage\",\"url\":\"https:\/\/i0.wp.com\/inti.hr\/wp-content\/uploads\/2026\/04\/BBC114WE01-1.jpg?fit=1000%2C1000&ssl=1\",\"contentUrl\":\"https:\/\/i0.wp.com\/inti.hr\/wp-content\/uploads\/2026\/04\/BBC114WE01-1.jpg?fit=1000%2C1000&ssl=1\",\"width\":1000,\"height\":1000,\"caption\":\"Ormari\u0107 za kupaonsko ogledalo, monta\u017ea bez alata, 15 x 60 x 55 cm, Snjeguljica\"},{\"@type\":\"BreadcrumbList\",\"@id\":\"https:\/\/inti.hr\/bs\/proizvod\/ormaric-za-kupaonsko-ogledalo-15-x-60-x-55-cm\/#breadcrumb\",\"itemListElement\":[{\"@type\":\"ListItem\",\"position\":1,\"name\":\"Po\u010detna stranica\",\"item\":\"https:\/\/inti.hr\/bs\/\"},{\"@type\":\"ListItem\",\"position\":2,\"name\":\"Trgovina\",\"item\":\"https:\/\/inti.hr\/bs\/trgovina\/\"},{\"@type\":\"ListItem\",\"position\":3,\"name\":\"Ormari\u0107 za kupaonsko ogledalo 15 x 60 x 55 cm\"}]},{\"@type\":\"WebSite\",\"@id\":\"https:\/\/inti.hr\/bs\/#website\",\"url\":\"https:\/\/inti.hr\/bs\/\",\"name\":\"Inti\",\"description\":\"trgovina\",\"potentialAction\":[{\"@type\":\"SearchAction\",\"target\":{\"@type\":\"EntryPoint\",\"urlTemplate\":\"https:\/\/inti.hr\/bs\/?s={search_term_string}\"},\"query-input\":{\"@type\":\"PropertyValueSpecification\",\"valueRequired\":true,\"valueName\":\"search_term_string\"}}],\"inLanguage\":\"bs-BA\"}]}<\/script>\n<!-- \/ Yoast SEO plugin. -->","yoast_head_json":{"title":"Ormari\u0107 za kupaonsko ogledalo 15 x 60 x 55 cm - Inti","description":"Tehnologija bez alata, super brza monta\u017ea bez alata: Za samo otprilike 10 minuta \u2013 bez potrebe za alatom! Zahvaljuju\u0107i spojnicama, koje su osvojile nagradu GOOD DESIGN AWARD 2024, plo\u010de se jednostavno spajaju.Moderno i svestrano: Snje\u017enobijela zavr\u0161na obrada i \u010diste linije besprijekorno se uklapaju u svaku kupaonicu ili hodnik. Zahvaljuju\u0107i lako rastavljivom dizajnu, ovaj ormari\u0107 s ogledalom idealan je za najmoprimce, \u010deste selidbe ili za brzo preure\u0111enje.Prostran i podesiv: 5 pretinaca, 3 police, od kojih su 2 podesive na 3 razli\u010dite visine \u2013 tako da male posude stanu jednako lako kao i visoke boce. Prilagodite unutra\u0161njost kupaonskog ormari\u0107a svojim potrebama za toaletnim potrep\u0161tinama, kozmetikom i lijekovima.Ogledalo i kupaonski ormari\u0107 u jednom: Velika povr\u0161ina ogledala od 36 x 55 cm kombinira se sa zatvorenim pretincem za pohranu. To vam pru\u017ea jasan odraz za va\u0161u dnevnu rutinu ure\u0111enja i \u010duva va\u0161e osobne stvari urednima i skrivenima od pogleda.Izdr\u017eljiv i jednostavan za \u010di\u0161\u0107enje: Izra\u0111en od visokokvalitetne iverice, ovaj zidni ormari\u0107 je robustan za svakodnevnu upotrebu i mo\u017ee se brzo o\u010distiti obrisanjem - tako da \u0107e va\u0161 ormari\u0107 i dalje izgledati sjajno \u010dak i nakon godina.","robots":{"index":"index","follow":"follow","max-snippet":"max-snippet:-1","max-image-preview":"max-image-preview:large","max-video-preview":"max-video-preview:-1"},"canonical":"https:\/\/inti.hr\/bs\/proizvod\/ormaric-za-kupaonsko-ogledalo-15-x-60-x-55-cm\/","og_locale":"bs_BA","og_type":"article","og_title":"Ormari\u0107 za kupaonsko ogledalo 15 x 60 x 55 cm - Inti","og_description":"Tehnologija bez alata, super brza monta\u017ea bez alata: Za samo otprilike 10 minuta \u2013 bez potrebe za alatom! Zahvaljuju\u0107i spojnicama, koje su osvojile nagradu GOOD DESIGN AWARD 2024, plo\u010de se jednostavno spajaju.Moderno i svestrano: Snje\u017enobijela zavr\u0161na obrada i \u010diste linije besprijekorno se uklapaju u svaku kupaonicu ili hodnik. Zahvaljuju\u0107i lako rastavljivom dizajnu, ovaj ormari\u0107 s ogledalom idealan je za najmoprimce, \u010deste selidbe ili za brzo preure\u0111enje.Prostran i podesiv: 5 pretinaca, 3 police, od kojih su 2 podesive na 3 razli\u010dite visine \u2013 tako da male posude stanu jednako lako kao i visoke boce. Prilagodite unutra\u0161njost kupaonskog ormari\u0107a svojim potrebama za toaletnim potrep\u0161tinama, kozmetikom i lijekovima.Ogledalo i kupaonski ormari\u0107 u jednom: Velika povr\u0161ina ogledala od 36 x 55 cm kombinira se sa zatvorenim pretincem za pohranu. To vam pru\u017ea jasan odraz za va\u0161u dnevnu rutinu ure\u0111enja i \u010duva va\u0161e osobne stvari urednima i skrivenima od pogleda.Izdr\u017eljiv i jednostavan za \u010di\u0161\u0107enje: Izra\u0111en od visokokvalitetne iverice, ovaj zidni ormari\u0107 je robustan za svakodnevnu upotrebu i mo\u017ee se brzo o\u010distiti obrisanjem - tako da \u0107e va\u0161 ormari\u0107 i dalje izgledati sjajno \u010dak i nakon godina.","og_url":"https:\/\/inti.hr\/bs\/proizvod\/ormaric-za-kupaonsko-ogledalo-15-x-60-x-55-cm\/","og_site_name":"Inti","og_image":[{"width":1000,"height":1000,"url":"https:\/\/i0.wp.com\/inti.hr\/wp-content\/uploads\/2026\/04\/BBC114WE01-1.jpg?fit=1000%2C1000&ssl=1","type":"image\/jpeg"}],"twitter_card":"summary_large_image","twitter_misc":{"Est. reading time":"1 minuta"},"schema":{"@context":"https:\/\/schema.org","@graph":[{"@type":"WebPage","@id":"https:\/\/inti.hr\/bs\/proizvod\/ormaric-za-kupaonsko-ogledalo-15-x-60-x-55-cm\/","url":"https:\/\/inti.hr\/bs\/proizvod\/ormaric-za-kupaonsko-ogledalo-15-x-60-x-55-cm\/","name":"Ormari\u0107 za kupaonsko ogledalo 15 x 60 x 55 cm - Inti","isPartOf":{"@id":"https:\/\/inti.hr\/bs\/#website"},"primaryImageOfPage":{"@id":"https:\/\/inti.hr\/bs\/proizvod\/ormaric-za-kupaonsko-ogledalo-15-x-60-x-55-cm\/#primaryimage"},"image":{"@id":"https:\/\/inti.hr\/bs\/proizvod\/ormaric-za-kupaonsko-ogledalo-15-x-60-x-55-cm\/#primaryimage"},"thumbnailUrl":"https:\/\/i0.wp.com\/inti.hr\/wp-content\/uploads\/2026\/04\/BBC114WE01-1.jpg?fit=1000%2C1000&ssl=1","datePublished":"2026-04-08T08:07:02+00:00","dateModified":"2026-04-08T08:07:02+00:00","description":"Tehnologija bez alata, super brza monta\u017ea bez alata: Za samo otprilike 10 minuta \u2013 bez potrebe za alatom! Zahvaljuju\u0107i spojnicama, koje su osvojile nagradu GOOD DESIGN AWARD 2024, plo\u010de se jednostavno spajaju.Moderno i svestrano: Snje\u017enobijela zavr\u0161na obrada i \u010diste linije besprijekorno se uklapaju u svaku kupaonicu ili hodnik. Zahvaljuju\u0107i lako rastavljivom dizajnu, ovaj ormari\u0107 s ogledalom idealan je za najmoprimce, \u010deste selidbe ili za brzo preure\u0111enje.Prostran i podesiv: 5 pretinaca, 3 police, od kojih su 2 podesive na 3 razli\u010dite visine \u2013 tako da male posude stanu jednako lako kao i visoke boce. Prilagodite unutra\u0161njost kupaonskog ormari\u0107a svojim potrebama za toaletnim potrep\u0161tinama, kozmetikom i lijekovima.Ogledalo i kupaonski ormari\u0107 u jednom: Velika povr\u0161ina ogledala od 36 x 55 cm kombinira se sa zatvorenim pretincem za pohranu. To vam pru\u017ea jasan odraz za va\u0161u dnevnu rutinu ure\u0111enja i \u010duva va\u0161e osobne stvari urednima i skrivenima od pogleda.Izdr\u017eljiv i jednostavan za \u010di\u0161\u0107enje: Izra\u0111en od visokokvalitetne iverice, ovaj zidni ormari\u0107 je robustan za svakodnevnu upotrebu i mo\u017ee se brzo o\u010distiti obrisanjem - tako da \u0107e va\u0161 ormari\u0107 i dalje izgledati sjajno \u010dak i nakon godina.","breadcrumb":{"@id":"https:\/\/inti.hr\/bs\/proizvod\/ormaric-za-kupaonsko-ogledalo-15-x-60-x-55-cm\/#breadcrumb"},"inLanguage":"bs-BA","potentialAction":[{"@type":"ReadAction","target":["https:\/\/inti.hr\/bs\/proizvod\/ormaric-za-kupaonsko-ogledalo-15-x-60-x-55-cm\/"]}]},{"@type":"ImageObject","inLanguage":"bs-BA","@id":"https:\/\/inti.hr\/bs\/proizvod\/ormaric-za-kupaonsko-ogledalo-15-x-60-x-55-cm\/#primaryimage","url":"https:\/\/i0.wp.com\/inti.hr\/wp-content\/uploads\/2026\/04\/BBC114WE01-1.jpg?fit=1000%2C1000&ssl=1","contentUrl":"https:\/\/i0.wp.com\/inti.hr\/wp-content\/uploads\/2026\/04\/BBC114WE01-1.jpg?fit=1000%2C1000&ssl=1","width":1000,"height":1000,"caption":"Ormari\u0107 za kupaonsko ogledalo, monta\u017ea bez alata, 15 x 60 x 55 cm, Snjeguljica"},{"@type":"BreadcrumbList","@id":"https:\/\/inti.hr\/bs\/proizvod\/ormaric-za-kupaonsko-ogledalo-15-x-60-x-55-cm\/#breadcrumb","itemListElement":[{"@type":"ListItem","position":1,"name":"Po\u010detna stranica","item":"https:\/\/inti.hr\/bs\/"},{"@type":"ListItem","position":2,"name":"Trgovina","item":"https:\/\/inti.hr\/bs\/trgovina\/"},{"@type":"ListItem","position":3,"name":"Ormari\u0107 za kupaonsko ogledalo 15 x 60 x 55 cm"}]},{"@type":"WebSite","@id":"https:\/\/inti.hr\/bs\/#website","url":"https:\/\/inti.hr\/bs\/","name":"Inti","description":"trgovina","potentialAction":[{"@type":"SearchAction","target":{"@type":"EntryPoint","urlTemplate":"https:\/\/inti.hr\/bs\/?s={search_term_string}"},"query-input":{"@type":"PropertyValueSpecification","valueRequired":true,"valueName":"search_term_string"}}],"inLanguage":"bs-BA"}]}},"jetpack_sharing_enabled":true,"jetpack-related-posts":[],"_links":{"self":[{"href":"https:\/\/inti.hr\/bs\/wp-json\/wp\/v2\/product\/30359"}],"collection":[{"href":"https:\/\/inti.hr\/bs\/wp-json\/wp\/v2\/product"}],"about":[{"href":"https:\/\/inti.hr\/bs\/wp-json\/wp\/v2\/types\/product"}],"wp:featuredmedia":[{"embeddable":true,"href":"https:\/\/inti.hr\/bs\/wp-json\/wp\/v2\/media\/30360"}],"wp:attachment":[{"href":"https:\/\/inti.hr\/bs\/wp-json\/wp\/v2\/media?parent=30359"}],"wp:term":[{"taxonomy":"product_cat","embeddable":true,"href":"https:\/\/inti.hr\/bs\/wp-json\/wp\/v2\/product_cat?post=30359"},{"taxonomy":"product_tag","embeddable":true,"href":"https:\/\/inti.hr\/bs\/wp-json\/wp\/v2\/product_tag?post=30359"}],"curies":[{"name":"wp","href":"https:\/\/api.w.org\/{rel}","templated":true}]}}