{"id":30385,"date":"2026-03-25T09:37:36","date_gmt":"2026-03-25T08:37:36","guid":{"rendered":"https:\/\/inti.hr\/product\/kosara-za-rublje-s-poklopcem\/"},"modified":"2026-03-25T09:37:36","modified_gmt":"2026-03-25T08:37:36","slug":"kosara-za-rublje-s-poklopcem","status":"publish","type":"product","link":"https:\/\/inti.hr\/bs\/proizvod\/kosara-za-rublje-s-poklopcem\/","title":{"rendered":"Ko\u0161ara za rublje s poklopcem"},"content":{"rendered":"<p>Detalji o proizvodu:<br \/>\nBoja: \u0160kriljevac siva<br \/>\nMaterijali: Stakloplastika, poliesterska tkanina, karton, Oxford tkanina, bambus<br \/>\nVeli\u010dina: 42 x 22,5 x 70,5 cm (D x \u0160 x V), 42 x 32 x 30 cm (D x \u0160 x V), 42 x 32 x 70,5 cm (D x \u0160 x V), 52 x 38,5 x 70,5 cm (D x \u0160 x V)<br \/>\nTe\u017eina: 1 kg<br \/>\nMaksimalna ukupna stati\u010dka nosivost: 8 kg<\/p>\n","protected":false},"excerpt":{"rendered":"<ul class=\"left\">\n<li><span dir=\"auto\">Svestrana upotreba: Zahvaljuju\u0107i kompaktnoj veli\u010dini i kapacitetu od &#8230;<br \/>\n","protected":false},"featured_media":30386,"template":"","meta":[],"product_cat":[2392],"product_tag":[2424,2425],"yoast_head":"<!-- This site is optimized with the Yoast SEO plugin v23.7 - https:\/\/yoast.com\/wordpress\/plugins\/seo\/ -->\n<title>Ko\u0161ara za rublje s poklopcem - Inti<\/title>\n<meta name=\"description\" content=\"Svestrana upotreba: Zahvaljuju\u0107i kompaktnoj veli\u010dini i kapacitetu od 40 litara, ko\u0161ara za rublje mo\u017ee se postaviti na policu u spava\u0107oj sobi ili na perilicu rublja u praonici rublja za pohranu odje\u0107e i ru\u010dnika.Prakti\u010dni poklopac s ru\u010dkom: Poklopac sprje\u010dava ulazak pra\u0161ine i \u0161titi va\u0161u privatnost. Logotip od umjetne ko\u017ee na poklopcu slu\u017ei kao ru\u010dka za jednostavno otvaranje i dodaje da\u0161ak elegancije.Moderan izgled: Jednostavan dizajn u kombinaciji s okvirom od prirodnog bambusa \u010dini ko\u0161aru za rublje posebno modernom i elegantnom \u2013 odgovara mnogim stilovima ure\u0111enja interijera.Robusna i izdr\u017eljiva: Izra\u0111ena od vodootporne, izdr\u017eljive 600D Oxford tkanine, ko\u0161ara za rublje jednostavna je za odr\u017eavanje i dugotrajna.Jednostavno sastavljanje i sklapanje: Zahvaljuju\u0107i jednostavnom dizajnu i jasnim uputama, ko\u0161aru mo\u017eete sastaviti za 5 minuta bez alata. Kada se ne koristi, ko\u0161ara se mo\u017ee sklopiti radi u\u0161tede prostora.\" \/>\n<meta name=\"robots\" content=\"index, follow, max-snippet:-1, max-image-preview:large, max-video-preview:-1\" \/>\n<link rel=\"canonical\" href=\"https:\/\/inti.hr\/bs\/proizvod\/kosara-za-rublje-s-poklopcem\/\" \/>\n<meta property=\"og:locale\" content=\"bs_BA\" \/>\n<meta property=\"og:type\" content=\"article\" \/>\n<meta property=\"og:title\" content=\"Ko\u0161ara za rublje s poklopcem - Inti\" \/>\n<meta property=\"og:description\" content=\"Svestrana upotreba: Zahvaljuju\u0107i kompaktnoj veli\u010dini i kapacitetu od 40 litara, ko\u0161ara za rublje mo\u017ee se postaviti na policu u spava\u0107oj sobi ili na perilicu rublja u praonici rublja za pohranu odje\u0107e i ru\u010dnika.Prakti\u010dni poklopac s ru\u010dkom: Poklopac sprje\u010dava ulazak pra\u0161ine i \u0161titi va\u0161u privatnost. Logotip od umjetne ko\u017ee na poklopcu slu\u017ei kao ru\u010dka za jednostavno otvaranje i dodaje da\u0161ak elegancije.Moderan izgled: Jednostavan dizajn u kombinaciji s okvirom od prirodnog bambusa \u010dini ko\u0161aru za rublje posebno modernom i elegantnom \u2013 odgovara mnogim stilovima ure\u0111enja interijera.Robusna i izdr\u017eljiva: Izra\u0111ena od vodootporne, izdr\u017eljive 600D Oxford tkanine, ko\u0161ara za rublje jednostavna je za odr\u017eavanje i dugotrajna.Jednostavno sastavljanje i sklapanje: Zahvaljuju\u0107i jednostavnom dizajnu i jasnim uputama, ko\u0161aru mo\u017eete sastaviti za 5 minuta bez alata. Kada se ne koristi, ko\u0161ara se mo\u017ee sklopiti radi u\u0161tede prostora.\" \/>\n<meta property=\"og:url\" content=\"https:\/\/inti.hr\/bs\/proizvod\/kosara-za-rublje-s-poklopcem\/\" \/>\n<meta property=\"og:site_name\" content=\"Inti\" \/>\n<meta property=\"og:image\" content=\"https:\/\/i0.wp.com\/inti.hr\/wp-content\/uploads\/2026\/03\/LCB518GN01-2.jpg?fit=800%2C1000&ssl=1\" \/>\n\t<meta property=\"og:image:width\" content=\"800\" \/>\n\t<meta property=\"og:image:height\" content=\"1000\" \/>\n\t<meta property=\"og:image:type\" content=\"image\/jpeg\" \/>\n<meta name=\"twitter:card\" content=\"summary_large_image\" \/>\n<script type=\"application\/ld+json\" class=\"yoast-schema-graph\">{\"@context\":\"https:\/\/schema.org\",\"@graph\":[{\"@type\":\"WebPage\",\"@id\":\"https:\/\/inti.hr\/bs\/proizvod\/kosara-za-rublje-s-poklopcem\/\",\"url\":\"https:\/\/inti.hr\/bs\/proizvod\/kosara-za-rublje-s-poklopcem\/\",\"name\":\"Ko\u0161ara za rublje s poklopcem - Inti\",\"isPartOf\":{\"@id\":\"https:\/\/inti.hr\/bs\/#website\"},\"primaryImageOfPage\":{\"@id\":\"https:\/\/inti.hr\/bs\/proizvod\/kosara-za-rublje-s-poklopcem\/#primaryimage\"},\"image\":{\"@id\":\"https:\/\/inti.hr\/bs\/proizvod\/kosara-za-rublje-s-poklopcem\/#primaryimage\"},\"thumbnailUrl\":\"https:\/\/i0.wp.com\/inti.hr\/wp-content\/uploads\/2026\/03\/LCB518GN01-2.jpg?fit=800%2C1000&ssl=1\",\"datePublished\":\"2026-03-25T08:37:36+00:00\",\"dateModified\":\"2026-03-25T08:37:36+00:00\",\"description\":\"Svestrana upotreba: Zahvaljuju\u0107i kompaktnoj veli\u010dini i kapacitetu od 40 litara, ko\u0161ara za rublje mo\u017ee se postaviti na policu u spava\u0107oj sobi ili na perilicu rublja u praonici rublja za pohranu odje\u0107e i ru\u010dnika.Prakti\u010dni poklopac s ru\u010dkom: Poklopac sprje\u010dava ulazak pra\u0161ine i \u0161titi va\u0161u privatnost. Logotip od umjetne ko\u017ee na poklopcu slu\u017ei kao ru\u010dka za jednostavno otvaranje i dodaje da\u0161ak elegancije.Moderan izgled: Jednostavan dizajn u kombinaciji s okvirom od prirodnog bambusa \u010dini ko\u0161aru za rublje posebno modernom i elegantnom \u2013 odgovara mnogim stilovima ure\u0111enja interijera.Robusna i izdr\u017eljiva: Izra\u0111ena od vodootporne, izdr\u017eljive 600D Oxford tkanine, ko\u0161ara za rublje jednostavna je za odr\u017eavanje i dugotrajna.Jednostavno sastavljanje i sklapanje: Zahvaljuju\u0107i jednostavnom dizajnu i jasnim uputama, ko\u0161aru mo\u017eete sastaviti za 5 minuta bez alata. Kada se ne koristi, ko\u0161ara se mo\u017ee sklopiti radi u\u0161tede prostora.\",\"breadcrumb\":{\"@id\":\"https:\/\/inti.hr\/bs\/proizvod\/kosara-za-rublje-s-poklopcem\/#breadcrumb\"},\"inLanguage\":\"bs-BA\",\"potentialAction\":[{\"@type\":\"ReadAction\",\"target\":[\"https:\/\/inti.hr\/bs\/proizvod\/kosara-za-rublje-s-poklopcem\/\"]}]},{\"@type\":\"ImageObject\",\"inLanguage\":\"bs-BA\",\"@id\":\"https:\/\/inti.hr\/bs\/proizvod\/kosara-za-rublje-s-poklopcem\/#primaryimage\",\"url\":\"https:\/\/i0.wp.com\/inti.hr\/wp-content\/uploads\/2026\/03\/LCB518GN01-2.jpg?fit=800%2C1000&ssl=1\",\"contentUrl\":\"https:\/\/i0.wp.com\/inti.hr\/wp-content\/uploads\/2026\/03\/LCB518GN01-2.jpg?fit=800%2C1000&ssl=1\",\"width\":800,\"height\":1000,\"caption\":\"SONGMICS Ko\u0161ara za rublje s poklopcem, 140 litara, tkanina Oxford, \u0161kriljevo siva\"},{\"@type\":\"BreadcrumbList\",\"@id\":\"https:\/\/inti.hr\/bs\/proizvod\/kosara-za-rublje-s-poklopcem\/#breadcrumb\",\"itemListElement\":[{\"@type\":\"ListItem\",\"position\":1,\"name\":\"Po\u010detna stranica\",\"item\":\"https:\/\/inti.hr\/bs\/\"},{\"@type\":\"ListItem\",\"position\":2,\"name\":\"Trgovina\",\"item\":\"https:\/\/inti.hr\/bs\/trgovina\/\"},{\"@type\":\"ListItem\",\"position\":3,\"name\":\"Ko\u0161ara za rublje s poklopcem\"}]},{\"@type\":\"WebSite\",\"@id\":\"https:\/\/inti.hr\/bs\/#website\",\"url\":\"https:\/\/inti.hr\/bs\/\",\"name\":\"Inti\",\"description\":\"trgovina\",\"potentialAction\":[{\"@type\":\"SearchAction\",\"target\":{\"@type\":\"EntryPoint\",\"urlTemplate\":\"https:\/\/inti.hr\/bs\/?s={search_term_string}\"},\"query-input\":{\"@type\":\"PropertyValueSpecification\",\"valueRequired\":true,\"valueName\":\"search_term_string\"}}],\"inLanguage\":\"bs-BA\"}]}<\/script>\n<!-- \/ Yoast SEO plugin. -->","yoast_head_json":{"title":"Ko\u0161ara za rublje s poklopcem - Inti","description":"Svestrana upotreba: Zahvaljuju\u0107i kompaktnoj veli\u010dini i kapacitetu od 40 litara, ko\u0161ara za rublje mo\u017ee se postaviti na policu u spava\u0107oj sobi ili na perilicu rublja u praonici rublja za pohranu odje\u0107e i ru\u010dnika.Prakti\u010dni poklopac s ru\u010dkom: Poklopac sprje\u010dava ulazak pra\u0161ine i \u0161titi va\u0161u privatnost. Logotip od umjetne ko\u017ee na poklopcu slu\u017ei kao ru\u010dka za jednostavno otvaranje i dodaje da\u0161ak elegancije.Moderan izgled: Jednostavan dizajn u kombinaciji s okvirom od prirodnog bambusa \u010dini ko\u0161aru za rublje posebno modernom i elegantnom \u2013 odgovara mnogim stilovima ure\u0111enja interijera.Robusna i izdr\u017eljiva: Izra\u0111ena od vodootporne, izdr\u017eljive 600D Oxford tkanine, ko\u0161ara za rublje jednostavna je za odr\u017eavanje i dugotrajna.Jednostavno sastavljanje i sklapanje: Zahvaljuju\u0107i jednostavnom dizajnu i jasnim uputama, ko\u0161aru mo\u017eete sastaviti za 5 minuta bez alata. Kada se ne koristi, ko\u0161ara se mo\u017ee sklopiti radi u\u0161tede prostora.","robots":{"index":"index","follow":"follow","max-snippet":"max-snippet:-1","max-image-preview":"max-image-preview:large","max-video-preview":"max-video-preview:-1"},"canonical":"https:\/\/inti.hr\/bs\/proizvod\/kosara-za-rublje-s-poklopcem\/","og_locale":"bs_BA","og_type":"article","og_title":"Ko\u0161ara za rublje s poklopcem - Inti","og_description":"Svestrana upotreba: Zahvaljuju\u0107i kompaktnoj veli\u010dini i kapacitetu od 40 litara, ko\u0161ara za rublje mo\u017ee se postaviti na policu u spava\u0107oj sobi ili na perilicu rublja u praonici rublja za pohranu odje\u0107e i ru\u010dnika.Prakti\u010dni poklopac s ru\u010dkom: Poklopac sprje\u010dava ulazak pra\u0161ine i \u0161titi va\u0161u privatnost. Logotip od umjetne ko\u017ee na poklopcu slu\u017ei kao ru\u010dka za jednostavno otvaranje i dodaje da\u0161ak elegancije.Moderan izgled: Jednostavan dizajn u kombinaciji s okvirom od prirodnog bambusa \u010dini ko\u0161aru za rublje posebno modernom i elegantnom \u2013 odgovara mnogim stilovima ure\u0111enja interijera.Robusna i izdr\u017eljiva: Izra\u0111ena od vodootporne, izdr\u017eljive 600D Oxford tkanine, ko\u0161ara za rublje jednostavna je za odr\u017eavanje i dugotrajna.Jednostavno sastavljanje i sklapanje: Zahvaljuju\u0107i jednostavnom dizajnu i jasnim uputama, ko\u0161aru mo\u017eete sastaviti za 5 minuta bez alata. Kada se ne koristi, ko\u0161ara se mo\u017ee sklopiti radi u\u0161tede prostora.","og_url":"https:\/\/inti.hr\/bs\/proizvod\/kosara-za-rublje-s-poklopcem\/","og_site_name":"Inti","og_image":[{"width":800,"height":1000,"url":"https:\/\/i0.wp.com\/inti.hr\/wp-content\/uploads\/2026\/03\/LCB518GN01-2.jpg?fit=800%2C1000&ssl=1","type":"image\/jpeg"}],"twitter_card":"summary_large_image","schema":{"@context":"https:\/\/schema.org","@graph":[{"@type":"WebPage","@id":"https:\/\/inti.hr\/bs\/proizvod\/kosara-za-rublje-s-poklopcem\/","url":"https:\/\/inti.hr\/bs\/proizvod\/kosara-za-rublje-s-poklopcem\/","name":"Ko\u0161ara za rublje s poklopcem - Inti","isPartOf":{"@id":"https:\/\/inti.hr\/bs\/#website"},"primaryImageOfPage":{"@id":"https:\/\/inti.hr\/bs\/proizvod\/kosara-za-rublje-s-poklopcem\/#primaryimage"},"image":{"@id":"https:\/\/inti.hr\/bs\/proizvod\/kosara-za-rublje-s-poklopcem\/#primaryimage"},"thumbnailUrl":"https:\/\/i0.wp.com\/inti.hr\/wp-content\/uploads\/2026\/03\/LCB518GN01-2.jpg?fit=800%2C1000&ssl=1","datePublished":"2026-03-25T08:37:36+00:00","dateModified":"2026-03-25T08:37:36+00:00","description":"Svestrana upotreba: Zahvaljuju\u0107i kompaktnoj veli\u010dini i kapacitetu od 40 litara, ko\u0161ara za rublje mo\u017ee se postaviti na policu u spava\u0107oj sobi ili na perilicu rublja u praonici rublja za pohranu odje\u0107e i ru\u010dnika.Prakti\u010dni poklopac s ru\u010dkom: Poklopac sprje\u010dava ulazak pra\u0161ine i \u0161titi va\u0161u privatnost. Logotip od umjetne ko\u017ee na poklopcu slu\u017ei kao ru\u010dka za jednostavno otvaranje i dodaje da\u0161ak elegancije.Moderan izgled: Jednostavan dizajn u kombinaciji s okvirom od prirodnog bambusa \u010dini ko\u0161aru za rublje posebno modernom i elegantnom \u2013 odgovara mnogim stilovima ure\u0111enja interijera.Robusna i izdr\u017eljiva: Izra\u0111ena od vodootporne, izdr\u017eljive 600D Oxford tkanine, ko\u0161ara za rublje jednostavna je za odr\u017eavanje i dugotrajna.Jednostavno sastavljanje i sklapanje: Zahvaljuju\u0107i jednostavnom dizajnu i jasnim uputama, ko\u0161aru mo\u017eete sastaviti za 5 minuta bez alata. Kada se ne koristi, ko\u0161ara se mo\u017ee sklopiti radi u\u0161tede prostora.","breadcrumb":{"@id":"https:\/\/inti.hr\/bs\/proizvod\/kosara-za-rublje-s-poklopcem\/#breadcrumb"},"inLanguage":"bs-BA","potentialAction":[{"@type":"ReadAction","target":["https:\/\/inti.hr\/bs\/proizvod\/kosara-za-rublje-s-poklopcem\/"]}]},{"@type":"ImageObject","inLanguage":"bs-BA","@id":"https:\/\/inti.hr\/bs\/proizvod\/kosara-za-rublje-s-poklopcem\/#primaryimage","url":"https:\/\/i0.wp.com\/inti.hr\/wp-content\/uploads\/2026\/03\/LCB518GN01-2.jpg?fit=800%2C1000&ssl=1","contentUrl":"https:\/\/i0.wp.com\/inti.hr\/wp-content\/uploads\/2026\/03\/LCB518GN01-2.jpg?fit=800%2C1000&ssl=1","width":800,"height":1000,"caption":"SONGMICS Ko\u0161ara za rublje s poklopcem, 140 litara, tkanina Oxford, \u0161kriljevo siva"},{"@type":"BreadcrumbList","@id":"https:\/\/inti.hr\/bs\/proizvod\/kosara-za-rublje-s-poklopcem\/#breadcrumb","itemListElement":[{"@type":"ListItem","position":1,"name":"Po\u010detna stranica","item":"https:\/\/inti.hr\/bs\/"},{"@type":"ListItem","position":2,"name":"Trgovina","item":"https:\/\/inti.hr\/bs\/trgovina\/"},{"@type":"ListItem","position":3,"name":"Ko\u0161ara za rublje s poklopcem"}]},{"@type":"WebSite","@id":"https:\/\/inti.hr\/bs\/#website","url":"https:\/\/inti.hr\/bs\/","name":"Inti","description":"trgovina","potentialAction":[{"@type":"SearchAction","target":{"@type":"EntryPoint","urlTemplate":"https:\/\/inti.hr\/bs\/?s={search_term_string}"},"query-input":{"@type":"PropertyValueSpecification","valueRequired":true,"valueName":"search_term_string"}}],"inLanguage":"bs-BA"}]}},"jetpack_sharing_enabled":true,"jetpack-related-posts":[],"_links":{"self":[{"href":"https:\/\/inti.hr\/bs\/wp-json\/wp\/v2\/product\/30385"}],"collection":[{"href":"https:\/\/inti.hr\/bs\/wp-json\/wp\/v2\/product"}],"about":[{"href":"https:\/\/inti.hr\/bs\/wp-json\/wp\/v2\/types\/product"}],"wp:featuredmedia":[{"embeddable":true,"href":"https:\/\/inti.hr\/bs\/wp-json\/wp\/v2\/media\/30386"}],"wp:attachment":[{"href":"https:\/\/inti.hr\/bs\/wp-json\/wp\/v2\/media?parent=30385"}],"wp:term":[{"taxonomy":"product_cat","embeddable":true,"href":"https:\/\/inti.hr\/bs\/wp-json\/wp\/v2\/product_cat?post=30385"},{"taxonomy":"product_tag","embeddable":true,"href":"https:\/\/inti.hr\/bs\/wp-json\/wp\/v2\/product_tag?post=30385"}],"curies":[{"name":"wp","href":"https:\/\/api.w.org\/{rel}","templated":true}]}}