{"id":30407,"date":"2026-03-20T18:57:32","date_gmt":"2026-03-20T17:57:32","guid":{"rendered":"https:\/\/inti.hr\/product\/okrugli-bocni-stolic-u-stilu-moderne-sredine-stoljeca\/"},"modified":"2026-03-20T18:57:32","modified_gmt":"2026-03-20T17:57:32","slug":"okrugli-bocni-stolic-u-stilu-moderne-sredine-stoljeca","status":"publish","type":"product","link":"https:\/\/inti.hr\/bs\/proizvod\/okrugli-bocni-stolic-u-stilu-moderne-sredine-stoljeca\/","title":{"rendered":"Okrugli bo\u010dni stoli\u0107 u stilu moderne sredine stolje\u0107a"},"content":{"rendered":"<p>Detalji o proizvodu:<br \/>\nBoja: Kesten orah, bijeli oblak<br \/>\nMaterijal: Kau\u010dukovo drvo, iverica<br \/>\nVeli\u010dina: promjer 30 cm, visina 55 cm<br \/>\nTe\u017eina: 2,3 kg<br \/>\nMaksimalna stati\u010dka nosivost: 20 kg<\/p>\n","protected":false},"excerpt":{"rendered":"<ul class=\"left\">\n<li><span dir=\"auto\">Prekrasno dizajniran i skladno kombiniran: Pomo\u0107ni stoli\u0107 iz &#8230;<br \/>\n","protected":false},"featured_media":30408,"template":"","meta":[],"product_cat":[2418],"product_tag":[2444,2445],"yoast_head":"<!-- This site is optimized with the Yoast SEO plugin v23.7 - https:\/\/yoast.com\/wordpress\/plugins\/seo\/ -->\n<title>Okrugli bo\u010dni stoli\u0107 u stilu moderne sredine stolje\u0107a - Inti<\/title>\n<meta name=\"description\" content=\"Prekrasno dizajniran i skladno kombiniran: Pomo\u0107ni stoli\u0107 iz kolekcije MARIEL impresionira svojim tokarenim stupom u elegantnom modernom stilu sredine stolje\u0107a. Uparite ga s odgovaraju\u0107im stolovima i stolicama za skladan izgled.Svestran: S promjerom od 30 cm i visinom od 55 cm, ovaj stol je prikladan kao bo\u010dni stoli\u0107, no\u0107ni ormari\u0107 ili stoli\u0107 za kau\u010d u dnevnoj sobi, spava\u0107oj sobi ili radnoj sobi. Zahvaljuju\u0107i kompaktnom dizajnu, uredno se uklapa pored kau\u010da, kreveta ili fotelje, \u0161tede\u0107i prostor.Stabilan i izdr\u017eljiv: Napravljen za svakodnevnu upotrebu, ovaj bo\u010dni stoli\u0107 stoji sigurno i \u010dvrsto na robusnoj nozi od punog drva. \u010cvrsta, dobro izra\u0111ena konstrukcija osigurava da stol ostane stabilan - bez klimanja, dan za danom.Zaobljeni rubovi za dodatnu sigurnost: Blago zaobljeni rubovi smanjuju rizik od udaraca i ogrebotina tijekom svakodnevne upotrebe. Zbog toga je ovaj mali stoli\u0107 za kavu promi\u0161ljen izbor za ku\u0107anstva s u\u017eurbanim \u017eivotima i ku\u0107nim ljubimcima.Jednostavno sastavljanje bez alata: Ovaj mali okrugli stol za dnevni boravak mo\u017ee se sastaviti u tren oka \u2013 potpuno bez alata. Zahvaljuju\u0107i jasnim i lako razumljivim uputama, spreman je za upotrebu za otprilike 5 minuta.\" \/>\n<meta name=\"robots\" content=\"index, follow, max-snippet:-1, max-image-preview:large, max-video-preview:-1\" \/>\n<link rel=\"canonical\" href=\"https:\/\/inti.hr\/bs\/proizvod\/okrugli-bocni-stolic-u-stilu-moderne-sredine-stoljeca\/\" \/>\n<meta property=\"og:locale\" content=\"bs_BA\" \/>\n<meta property=\"og:type\" content=\"article\" \/>\n<meta property=\"og:title\" content=\"Okrugli bo\u010dni stoli\u0107 u stilu moderne sredine stolje\u0107a - Inti\" \/>\n<meta property=\"og:description\" content=\"Prekrasno dizajniran i skladno kombiniran: Pomo\u0107ni stoli\u0107 iz kolekcije MARIEL impresionira svojim tokarenim stupom u elegantnom modernom stilu sredine stolje\u0107a. Uparite ga s odgovaraju\u0107im stolovima i stolicama za skladan izgled.Svestran: S promjerom od 30 cm i visinom od 55 cm, ovaj stol je prikladan kao bo\u010dni stoli\u0107, no\u0107ni ormari\u0107 ili stoli\u0107 za kau\u010d u dnevnoj sobi, spava\u0107oj sobi ili radnoj sobi. Zahvaljuju\u0107i kompaktnom dizajnu, uredno se uklapa pored kau\u010da, kreveta ili fotelje, \u0161tede\u0107i prostor.Stabilan i izdr\u017eljiv: Napravljen za svakodnevnu upotrebu, ovaj bo\u010dni stoli\u0107 stoji sigurno i \u010dvrsto na robusnoj nozi od punog drva. \u010cvrsta, dobro izra\u0111ena konstrukcija osigurava da stol ostane stabilan - bez klimanja, dan za danom.Zaobljeni rubovi za dodatnu sigurnost: Blago zaobljeni rubovi smanjuju rizik od udaraca i ogrebotina tijekom svakodnevne upotrebe. Zbog toga je ovaj mali stoli\u0107 za kavu promi\u0161ljen izbor za ku\u0107anstva s u\u017eurbanim \u017eivotima i ku\u0107nim ljubimcima.Jednostavno sastavljanje bez alata: Ovaj mali okrugli stol za dnevni boravak mo\u017ee se sastaviti u tren oka \u2013 potpuno bez alata. Zahvaljuju\u0107i jasnim i lako razumljivim uputama, spreman je za upotrebu za otprilike 5 minuta.\" \/>\n<meta property=\"og:url\" content=\"https:\/\/inti.hr\/bs\/proizvod\/okrugli-bocni-stolic-u-stilu-moderne-sredine-stoljeca\/\" \/>\n<meta property=\"og:site_name\" content=\"Inti\" \/>\n<meta property=\"og:image\" content=\"https:\/\/i0.wp.com\/inti.hr\/wp-content\/uploads\/2026\/03\/LET293WB02-2-DE.jpg?fit=800%2C1000&ssl=1\" \/>\n\t<meta property=\"og:image:width\" content=\"800\" \/>\n\t<meta property=\"og:image:height\" content=\"1000\" \/>\n\t<meta property=\"og:image:type\" content=\"image\/jpeg\" \/>\n<meta name=\"twitter:card\" content=\"summary_large_image\" \/>\n<script type=\"application\/ld+json\" class=\"yoast-schema-graph\">{\"@context\":\"https:\/\/schema.org\",\"@graph\":[{\"@type\":\"WebPage\",\"@id\":\"https:\/\/inti.hr\/bs\/proizvod\/okrugli-bocni-stolic-u-stilu-moderne-sredine-stoljeca\/\",\"url\":\"https:\/\/inti.hr\/bs\/proizvod\/okrugli-bocni-stolic-u-stilu-moderne-sredine-stoljeca\/\",\"name\":\"Okrugli bo\u010dni stoli\u0107 u stilu moderne sredine stolje\u0107a - Inti\",\"isPartOf\":{\"@id\":\"https:\/\/inti.hr\/bs\/#website\"},\"primaryImageOfPage\":{\"@id\":\"https:\/\/inti.hr\/bs\/proizvod\/okrugli-bocni-stolic-u-stilu-moderne-sredine-stoljeca\/#primaryimage\"},\"image\":{\"@id\":\"https:\/\/inti.hr\/bs\/proizvod\/okrugli-bocni-stolic-u-stilu-moderne-sredine-stoljeca\/#primaryimage\"},\"thumbnailUrl\":\"https:\/\/i0.wp.com\/inti.hr\/wp-content\/uploads\/2026\/03\/LET293WB02-2-DE.jpg?fit=800%2C1000&ssl=1\",\"datePublished\":\"2026-03-20T17:57:32+00:00\",\"dateModified\":\"2026-03-20T17:57:32+00:00\",\"description\":\"Prekrasno dizajniran i skladno kombiniran: Pomo\u0107ni stoli\u0107 iz kolekcije MARIEL impresionira svojim tokarenim stupom u elegantnom modernom stilu sredine stolje\u0107a. Uparite ga s odgovaraju\u0107im stolovima i stolicama za skladan izgled.Svestran: S promjerom od 30 cm i visinom od 55 cm, ovaj stol je prikladan kao bo\u010dni stoli\u0107, no\u0107ni ormari\u0107 ili stoli\u0107 za kau\u010d u dnevnoj sobi, spava\u0107oj sobi ili radnoj sobi. Zahvaljuju\u0107i kompaktnom dizajnu, uredno se uklapa pored kau\u010da, kreveta ili fotelje, \u0161tede\u0107i prostor.Stabilan i izdr\u017eljiv: Napravljen za svakodnevnu upotrebu, ovaj bo\u010dni stoli\u0107 stoji sigurno i \u010dvrsto na robusnoj nozi od punog drva. \u010cvrsta, dobro izra\u0111ena konstrukcija osigurava da stol ostane stabilan - bez klimanja, dan za danom.Zaobljeni rubovi za dodatnu sigurnost: Blago zaobljeni rubovi smanjuju rizik od udaraca i ogrebotina tijekom svakodnevne upotrebe. Zbog toga je ovaj mali stoli\u0107 za kavu promi\u0161ljen izbor za ku\u0107anstva s u\u017eurbanim \u017eivotima i ku\u0107nim ljubimcima.Jednostavno sastavljanje bez alata: Ovaj mali okrugli stol za dnevni boravak mo\u017ee se sastaviti u tren oka \u2013 potpuno bez alata. Zahvaljuju\u0107i jasnim i lako razumljivim uputama, spreman je za upotrebu za otprilike 5 minuta.\",\"breadcrumb\":{\"@id\":\"https:\/\/inti.hr\/bs\/proizvod\/okrugli-bocni-stolic-u-stilu-moderne-sredine-stoljeca\/#breadcrumb\"},\"inLanguage\":\"bs-BA\",\"potentialAction\":[{\"@type\":\"ReadAction\",\"target\":[\"https:\/\/inti.hr\/bs\/proizvod\/okrugli-bocni-stolic-u-stilu-moderne-sredine-stoljeca\/\"]}]},{\"@type\":\"ImageObject\",\"inLanguage\":\"bs-BA\",\"@id\":\"https:\/\/inti.hr\/bs\/proizvod\/okrugli-bocni-stolic-u-stilu-moderne-sredine-stoljeca\/#primaryimage\",\"url\":\"https:\/\/i0.wp.com\/inti.hr\/wp-content\/uploads\/2026\/03\/LET293WB02-2-DE.jpg?fit=800%2C1000&ssl=1\",\"contentUrl\":\"https:\/\/i0.wp.com\/inti.hr\/wp-content\/uploads\/2026\/03\/LET293WB02-2-DE.jpg?fit=800%2C1000&ssl=1\",\"width\":800,\"height\":1000,\"caption\":\"VASAGLE Mariel kolekcija - Okrugli bo\u010dni stoli\u0107 u stilu moderne sredine stolje\u0107a, boja kestena i oraha\"},{\"@type\":\"BreadcrumbList\",\"@id\":\"https:\/\/inti.hr\/bs\/proizvod\/okrugli-bocni-stolic-u-stilu-moderne-sredine-stoljeca\/#breadcrumb\",\"itemListElement\":[{\"@type\":\"ListItem\",\"position\":1,\"name\":\"Po\u010detna stranica\",\"item\":\"https:\/\/inti.hr\/bs\/\"},{\"@type\":\"ListItem\",\"position\":2,\"name\":\"Trgovina\",\"item\":\"https:\/\/inti.hr\/bs\/trgovina\/\"},{\"@type\":\"ListItem\",\"position\":3,\"name\":\"Okrugli bo\u010dni stoli\u0107 u stilu moderne sredine stolje\u0107a\"}]},{\"@type\":\"WebSite\",\"@id\":\"https:\/\/inti.hr\/bs\/#website\",\"url\":\"https:\/\/inti.hr\/bs\/\",\"name\":\"Inti\",\"description\":\"trgovina\",\"potentialAction\":[{\"@type\":\"SearchAction\",\"target\":{\"@type\":\"EntryPoint\",\"urlTemplate\":\"https:\/\/inti.hr\/bs\/?s={search_term_string}\"},\"query-input\":{\"@type\":\"PropertyValueSpecification\",\"valueRequired\":true,\"valueName\":\"search_term_string\"}}],\"inLanguage\":\"bs-BA\"}]}<\/script>\n<!-- \/ Yoast SEO plugin. -->","yoast_head_json":{"title":"Okrugli bo\u010dni stoli\u0107 u stilu moderne sredine stolje\u0107a - Inti","description":"Prekrasno dizajniran i skladno kombiniran: Pomo\u0107ni stoli\u0107 iz kolekcije MARIEL impresionira svojim tokarenim stupom u elegantnom modernom stilu sredine stolje\u0107a. Uparite ga s odgovaraju\u0107im stolovima i stolicama za skladan izgled.Svestran: S promjerom od 30 cm i visinom od 55 cm, ovaj stol je prikladan kao bo\u010dni stoli\u0107, no\u0107ni ormari\u0107 ili stoli\u0107 za kau\u010d u dnevnoj sobi, spava\u0107oj sobi ili radnoj sobi. Zahvaljuju\u0107i kompaktnom dizajnu, uredno se uklapa pored kau\u010da, kreveta ili fotelje, \u0161tede\u0107i prostor.Stabilan i izdr\u017eljiv: Napravljen za svakodnevnu upotrebu, ovaj bo\u010dni stoli\u0107 stoji sigurno i \u010dvrsto na robusnoj nozi od punog drva. \u010cvrsta, dobro izra\u0111ena konstrukcija osigurava da stol ostane stabilan - bez klimanja, dan za danom.Zaobljeni rubovi za dodatnu sigurnost: Blago zaobljeni rubovi smanjuju rizik od udaraca i ogrebotina tijekom svakodnevne upotrebe. Zbog toga je ovaj mali stoli\u0107 za kavu promi\u0161ljen izbor za ku\u0107anstva s u\u017eurbanim \u017eivotima i ku\u0107nim ljubimcima.Jednostavno sastavljanje bez alata: Ovaj mali okrugli stol za dnevni boravak mo\u017ee se sastaviti u tren oka \u2013 potpuno bez alata. Zahvaljuju\u0107i jasnim i lako razumljivim uputama, spreman je za upotrebu za otprilike 5 minuta.","robots":{"index":"index","follow":"follow","max-snippet":"max-snippet:-1","max-image-preview":"max-image-preview:large","max-video-preview":"max-video-preview:-1"},"canonical":"https:\/\/inti.hr\/bs\/proizvod\/okrugli-bocni-stolic-u-stilu-moderne-sredine-stoljeca\/","og_locale":"bs_BA","og_type":"article","og_title":"Okrugli bo\u010dni stoli\u0107 u stilu moderne sredine stolje\u0107a - Inti","og_description":"Prekrasno dizajniran i skladno kombiniran: Pomo\u0107ni stoli\u0107 iz kolekcije MARIEL impresionira svojim tokarenim stupom u elegantnom modernom stilu sredine stolje\u0107a. Uparite ga s odgovaraju\u0107im stolovima i stolicama za skladan izgled.Svestran: S promjerom od 30 cm i visinom od 55 cm, ovaj stol je prikladan kao bo\u010dni stoli\u0107, no\u0107ni ormari\u0107 ili stoli\u0107 za kau\u010d u dnevnoj sobi, spava\u0107oj sobi ili radnoj sobi. Zahvaljuju\u0107i kompaktnom dizajnu, uredno se uklapa pored kau\u010da, kreveta ili fotelje, \u0161tede\u0107i prostor.Stabilan i izdr\u017eljiv: Napravljen za svakodnevnu upotrebu, ovaj bo\u010dni stoli\u0107 stoji sigurno i \u010dvrsto na robusnoj nozi od punog drva. \u010cvrsta, dobro izra\u0111ena konstrukcija osigurava da stol ostane stabilan - bez klimanja, dan za danom.Zaobljeni rubovi za dodatnu sigurnost: Blago zaobljeni rubovi smanjuju rizik od udaraca i ogrebotina tijekom svakodnevne upotrebe. Zbog toga je ovaj mali stoli\u0107 za kavu promi\u0161ljen izbor za ku\u0107anstva s u\u017eurbanim \u017eivotima i ku\u0107nim ljubimcima.Jednostavno sastavljanje bez alata: Ovaj mali okrugli stol za dnevni boravak mo\u017ee se sastaviti u tren oka \u2013 potpuno bez alata. Zahvaljuju\u0107i jasnim i lako razumljivim uputama, spreman je za upotrebu za otprilike 5 minuta.","og_url":"https:\/\/inti.hr\/bs\/proizvod\/okrugli-bocni-stolic-u-stilu-moderne-sredine-stoljeca\/","og_site_name":"Inti","og_image":[{"width":800,"height":1000,"url":"https:\/\/i0.wp.com\/inti.hr\/wp-content\/uploads\/2026\/03\/LET293WB02-2-DE.jpg?fit=800%2C1000&ssl=1","type":"image\/jpeg"}],"twitter_card":"summary_large_image","schema":{"@context":"https:\/\/schema.org","@graph":[{"@type":"WebPage","@id":"https:\/\/inti.hr\/bs\/proizvod\/okrugli-bocni-stolic-u-stilu-moderne-sredine-stoljeca\/","url":"https:\/\/inti.hr\/bs\/proizvod\/okrugli-bocni-stolic-u-stilu-moderne-sredine-stoljeca\/","name":"Okrugli bo\u010dni stoli\u0107 u stilu moderne sredine stolje\u0107a - Inti","isPartOf":{"@id":"https:\/\/inti.hr\/bs\/#website"},"primaryImageOfPage":{"@id":"https:\/\/inti.hr\/bs\/proizvod\/okrugli-bocni-stolic-u-stilu-moderne-sredine-stoljeca\/#primaryimage"},"image":{"@id":"https:\/\/inti.hr\/bs\/proizvod\/okrugli-bocni-stolic-u-stilu-moderne-sredine-stoljeca\/#primaryimage"},"thumbnailUrl":"https:\/\/i0.wp.com\/inti.hr\/wp-content\/uploads\/2026\/03\/LET293WB02-2-DE.jpg?fit=800%2C1000&ssl=1","datePublished":"2026-03-20T17:57:32+00:00","dateModified":"2026-03-20T17:57:32+00:00","description":"Prekrasno dizajniran i skladno kombiniran: Pomo\u0107ni stoli\u0107 iz kolekcije MARIEL impresionira svojim tokarenim stupom u elegantnom modernom stilu sredine stolje\u0107a. Uparite ga s odgovaraju\u0107im stolovima i stolicama za skladan izgled.Svestran: S promjerom od 30 cm i visinom od 55 cm, ovaj stol je prikladan kao bo\u010dni stoli\u0107, no\u0107ni ormari\u0107 ili stoli\u0107 za kau\u010d u dnevnoj sobi, spava\u0107oj sobi ili radnoj sobi. Zahvaljuju\u0107i kompaktnom dizajnu, uredno se uklapa pored kau\u010da, kreveta ili fotelje, \u0161tede\u0107i prostor.Stabilan i izdr\u017eljiv: Napravljen za svakodnevnu upotrebu, ovaj bo\u010dni stoli\u0107 stoji sigurno i \u010dvrsto na robusnoj nozi od punog drva. \u010cvrsta, dobro izra\u0111ena konstrukcija osigurava da stol ostane stabilan - bez klimanja, dan za danom.Zaobljeni rubovi za dodatnu sigurnost: Blago zaobljeni rubovi smanjuju rizik od udaraca i ogrebotina tijekom svakodnevne upotrebe. Zbog toga je ovaj mali stoli\u0107 za kavu promi\u0161ljen izbor za ku\u0107anstva s u\u017eurbanim \u017eivotima i ku\u0107nim ljubimcima.Jednostavno sastavljanje bez alata: Ovaj mali okrugli stol za dnevni boravak mo\u017ee se sastaviti u tren oka \u2013 potpuno bez alata. Zahvaljuju\u0107i jasnim i lako razumljivim uputama, spreman je za upotrebu za otprilike 5 minuta.","breadcrumb":{"@id":"https:\/\/inti.hr\/bs\/proizvod\/okrugli-bocni-stolic-u-stilu-moderne-sredine-stoljeca\/#breadcrumb"},"inLanguage":"bs-BA","potentialAction":[{"@type":"ReadAction","target":["https:\/\/inti.hr\/bs\/proizvod\/okrugli-bocni-stolic-u-stilu-moderne-sredine-stoljeca\/"]}]},{"@type":"ImageObject","inLanguage":"bs-BA","@id":"https:\/\/inti.hr\/bs\/proizvod\/okrugli-bocni-stolic-u-stilu-moderne-sredine-stoljeca\/#primaryimage","url":"https:\/\/i0.wp.com\/inti.hr\/wp-content\/uploads\/2026\/03\/LET293WB02-2-DE.jpg?fit=800%2C1000&ssl=1","contentUrl":"https:\/\/i0.wp.com\/inti.hr\/wp-content\/uploads\/2026\/03\/LET293WB02-2-DE.jpg?fit=800%2C1000&ssl=1","width":800,"height":1000,"caption":"VASAGLE Mariel kolekcija - Okrugli bo\u010dni stoli\u0107 u stilu moderne sredine stolje\u0107a, boja kestena i oraha"},{"@type":"BreadcrumbList","@id":"https:\/\/inti.hr\/bs\/proizvod\/okrugli-bocni-stolic-u-stilu-moderne-sredine-stoljeca\/#breadcrumb","itemListElement":[{"@type":"ListItem","position":1,"name":"Po\u010detna stranica","item":"https:\/\/inti.hr\/bs\/"},{"@type":"ListItem","position":2,"name":"Trgovina","item":"https:\/\/inti.hr\/bs\/trgovina\/"},{"@type":"ListItem","position":3,"name":"Okrugli bo\u010dni stoli\u0107 u stilu moderne sredine stolje\u0107a"}]},{"@type":"WebSite","@id":"https:\/\/inti.hr\/bs\/#website","url":"https:\/\/inti.hr\/bs\/","name":"Inti","description":"trgovina","potentialAction":[{"@type":"SearchAction","target":{"@type":"EntryPoint","urlTemplate":"https:\/\/inti.hr\/bs\/?s={search_term_string}"},"query-input":{"@type":"PropertyValueSpecification","valueRequired":true,"valueName":"search_term_string"}}],"inLanguage":"bs-BA"}]}},"jetpack_sharing_enabled":true,"jetpack-related-posts":[],"_links":{"self":[{"href":"https:\/\/inti.hr\/bs\/wp-json\/wp\/v2\/product\/30407"}],"collection":[{"href":"https:\/\/inti.hr\/bs\/wp-json\/wp\/v2\/product"}],"about":[{"href":"https:\/\/inti.hr\/bs\/wp-json\/wp\/v2\/types\/product"}],"wp:featuredmedia":[{"embeddable":true,"href":"https:\/\/inti.hr\/bs\/wp-json\/wp\/v2\/media\/30408"}],"wp:attachment":[{"href":"https:\/\/inti.hr\/bs\/wp-json\/wp\/v2\/media?parent=30407"}],"wp:term":[{"taxonomy":"product_cat","embeddable":true,"href":"https:\/\/inti.hr\/bs\/wp-json\/wp\/v2\/product_cat?post=30407"},{"taxonomy":"product_tag","embeddable":true,"href":"https:\/\/inti.hr\/bs\/wp-json\/wp\/v2\/product_tag?post=30407"}],"curies":[{"name":"wp","href":"https:\/\/api.w.org\/{rel}","templated":true}]}}