{"id":30447,"date":"2026-03-17T15:54:06","date_gmt":"2026-03-17T14:54:06","guid":{"rendered":"https:\/\/inti.hr\/product\/set-vrtnog-namjestaja-s-1-sklopivim-stolom-i-2-sklopive-stolice\/"},"modified":"2026-03-17T15:54:06","modified_gmt":"2026-03-17T14:54:06","slug":"set-vrtnog-namjestaja-s-1-sklopivim-stolom-i-2-sklopive-stolice","status":"publish","type":"product","link":"https:\/\/inti.hr\/bs\/proizvod\/set-vrtnog-namjestaja-s-1-sklopivim-stolom-i-2-sklopive-stolice\/","title":{"rendered":"Set vrtnog namje\u0161taja s 1 sklopivim stolom i 2 sklopive stolice"},"content":{"rendered":"<p>Detalji o proizvodu:<br \/>\nBoja: Cappuccino be\u017e, crna<br \/>\nMaterijal: \u010celik, PE plastika (polietilen)<br \/>\nVeli\u010dina rasklopljenog stola: promjer 55,5 cm, visina 71 cm<br \/>\nDimenzije sklopljenog stola: 3,5 x 55,5 x 90 cm (D x \u0160 x V)<br \/>\nVeli\u010dina svake rasklopljene stolice: 42,5 x 41 x 82 cm (D x \u0160 x V)<br \/>\nDimenzije svake sklopljene stolice: 10 x 41 x 96 cm (D x \u0160 x V)<br \/>\nUkupna te\u017eina seta od 3 dijela: 12,9 kg<br \/>\nMaksimalna stati\u010dka nosivost stola: 50 kg<br \/>\nMaksimalna stati\u010dka nosivost po stolici: 110 kg<\/p>\n","protected":false},"excerpt":{"rendered":"<ul class=\"left\">\n<li><span dir=\"auto\">Oaza opu\u0161tanja: Bilo na balkonu, u vrtu ili &#8230;<br \/>\n","protected":false},"featured_media":30449,"template":"","meta":[],"product_cat":[2482],"product_tag":[2483,2484],"yoast_head":"<!-- This site is optimized with the Yoast SEO plugin v23.7 - https:\/\/yoast.com\/wordpress\/plugins\/seo\/ -->\n<title>Set vrtnog namje\u0161taja s 1 sklopivim stolom i 2 sklopive stolice - Inti<\/title>\n<meta name=\"description\" content=\"Oaza opu\u0161tanja: Bilo na balkonu, u vrtu ili na terasi \u2013 ovaj jednostavni set balkonskog namje\u0161taja od 3 dijela savr\u0161en je za ugodan odmor na otvorenom.Otporan na vremenske uvjete: Vrtni namje\u0161taj za 2 osobe izra\u0111en je od \u010delika s pra\u0161kastim premazom te je postojane boje i otporan na hr\u0111u \u2013 idealan za dugotrajnu vanjsku upotrebu.Sklopivo i jednostavno za pohranu: Kada je sklopljen, stol je \u0161irok samo 3,5 cm, a svaka stolica samo 10 cm \u2013 savr\u0161eno ako imate ograni\u010den prostor ili \u017eelite pohraniti set na na\u010din koji \u0161tedi prostor.Stabilan i prijazan podu: Neklizaju\u0107e podloge za noge ovog seta vrtnog namje\u0161taja \u0161tite va\u0161 pod od ogrebotina i osiguravaju stabilno stajanje.Unaprijed sastavljeno i spremno za upotrebu: Balkonski stol i stolice isporu\u010duju se unaprijed sastavljeni \u2013 jednostavno ih rasklopite i u\u017eivajte u svom novom vanjskom prostoru za opu\u0161tanje u tren oka.\" \/>\n<meta name=\"robots\" content=\"index, follow, max-snippet:-1, max-image-preview:large, max-video-preview:-1\" \/>\n<link rel=\"canonical\" href=\"https:\/\/inti.hr\/bs\/proizvod\/set-vrtnog-namjestaja-s-1-sklopivim-stolom-i-2-sklopive-stolice\/\" \/>\n<meta property=\"og:locale\" content=\"bs_BA\" \/>\n<meta property=\"og:type\" content=\"article\" \/>\n<meta property=\"og:title\" content=\"Set vrtnog namje\u0161taja s 1 sklopivim stolom i 2 sklopive stolice - Inti\" \/>\n<meta property=\"og:description\" content=\"Oaza opu\u0161tanja: Bilo na balkonu, u vrtu ili na terasi \u2013 ovaj jednostavni set balkonskog namje\u0161taja od 3 dijela savr\u0161en je za ugodan odmor na otvorenom.Otporan na vremenske uvjete: Vrtni namje\u0161taj za 2 osobe izra\u0111en je od \u010delika s pra\u0161kastim premazom te je postojane boje i otporan na hr\u0111u \u2013 idealan za dugotrajnu vanjsku upotrebu.Sklopivo i jednostavno za pohranu: Kada je sklopljen, stol je \u0161irok samo 3,5 cm, a svaka stolica samo 10 cm \u2013 savr\u0161eno ako imate ograni\u010den prostor ili \u017eelite pohraniti set na na\u010din koji \u0161tedi prostor.Stabilan i prijazan podu: Neklizaju\u0107e podloge za noge ovog seta vrtnog namje\u0161taja \u0161tite va\u0161 pod od ogrebotina i osiguravaju stabilno stajanje.Unaprijed sastavljeno i spremno za upotrebu: Balkonski stol i stolice isporu\u010duju se unaprijed sastavljeni \u2013 jednostavno ih rasklopite i u\u017eivajte u svom novom vanjskom prostoru za opu\u0161tanje u tren oka.\" \/>\n<meta property=\"og:url\" content=\"https:\/\/inti.hr\/bs\/proizvod\/set-vrtnog-namjestaja-s-1-sklopivim-stolom-i-2-sklopive-stolice\/\" \/>\n<meta property=\"og:site_name\" content=\"Inti\" \/>\n<meta property=\"og:image\" content=\"https:\/\/i0.wp.com\/inti.hr\/wp-content\/uploads\/2026\/03\/GGF036BZ01-1.jpg?fit=1000%2C1000&ssl=1\" \/>\n\t<meta property=\"og:image:width\" content=\"1000\" \/>\n\t<meta property=\"og:image:height\" content=\"1000\" \/>\n\t<meta property=\"og:image:type\" content=\"image\/jpeg\" \/>\n<meta name=\"twitter:card\" content=\"summary_large_image\" \/>\n<script type=\"application\/ld+json\" class=\"yoast-schema-graph\">{\"@context\":\"https:\/\/schema.org\",\"@graph\":[{\"@type\":\"WebPage\",\"@id\":\"https:\/\/inti.hr\/bs\/proizvod\/set-vrtnog-namjestaja-s-1-sklopivim-stolom-i-2-sklopive-stolice\/\",\"url\":\"https:\/\/inti.hr\/bs\/proizvod\/set-vrtnog-namjestaja-s-1-sklopivim-stolom-i-2-sklopive-stolice\/\",\"name\":\"Set vrtnog namje\u0161taja s 1 sklopivim stolom i 2 sklopive stolice - Inti\",\"isPartOf\":{\"@id\":\"https:\/\/inti.hr\/bs\/#website\"},\"primaryImageOfPage\":{\"@id\":\"https:\/\/inti.hr\/bs\/proizvod\/set-vrtnog-namjestaja-s-1-sklopivim-stolom-i-2-sklopive-stolice\/#primaryimage\"},\"image\":{\"@id\":\"https:\/\/inti.hr\/bs\/proizvod\/set-vrtnog-namjestaja-s-1-sklopivim-stolom-i-2-sklopive-stolice\/#primaryimage\"},\"thumbnailUrl\":\"https:\/\/i0.wp.com\/inti.hr\/wp-content\/uploads\/2026\/03\/GGF036BZ01-1.jpg?fit=1000%2C1000&ssl=1\",\"datePublished\":\"2026-03-17T14:54:06+00:00\",\"dateModified\":\"2026-03-17T14:54:06+00:00\",\"description\":\"Oaza opu\u0161tanja: Bilo na balkonu, u vrtu ili na terasi \u2013 ovaj jednostavni set balkonskog namje\u0161taja od 3 dijela savr\u0161en je za ugodan odmor na otvorenom.Otporan na vremenske uvjete: Vrtni namje\u0161taj za 2 osobe izra\u0111en je od \u010delika s pra\u0161kastim premazom te je postojane boje i otporan na hr\u0111u \u2013 idealan za dugotrajnu vanjsku upotrebu.Sklopivo i jednostavno za pohranu: Kada je sklopljen, stol je \u0161irok samo 3,5 cm, a svaka stolica samo 10 cm \u2013 savr\u0161eno ako imate ograni\u010den prostor ili \u017eelite pohraniti set na na\u010din koji \u0161tedi prostor.Stabilan i prijazan podu: Neklizaju\u0107e podloge za noge ovog seta vrtnog namje\u0161taja \u0161tite va\u0161 pod od ogrebotina i osiguravaju stabilno stajanje.Unaprijed sastavljeno i spremno za upotrebu: Balkonski stol i stolice isporu\u010duju se unaprijed sastavljeni \u2013 jednostavno ih rasklopite i u\u017eivajte u svom novom vanjskom prostoru za opu\u0161tanje u tren oka.\",\"breadcrumb\":{\"@id\":\"https:\/\/inti.hr\/bs\/proizvod\/set-vrtnog-namjestaja-s-1-sklopivim-stolom-i-2-sklopive-stolice\/#breadcrumb\"},\"inLanguage\":\"bs-BA\",\"potentialAction\":[{\"@type\":\"ReadAction\",\"target\":[\"https:\/\/inti.hr\/bs\/proizvod\/set-vrtnog-namjestaja-s-1-sklopivim-stolom-i-2-sklopive-stolice\/\"]}]},{\"@type\":\"ImageObject\",\"inLanguage\":\"bs-BA\",\"@id\":\"https:\/\/inti.hr\/bs\/proizvod\/set-vrtnog-namjestaja-s-1-sklopivim-stolom-i-2-sklopive-stolice\/#primaryimage\",\"url\":\"https:\/\/i0.wp.com\/inti.hr\/wp-content\/uploads\/2026\/03\/GGF036BZ01-1.jpg?fit=1000%2C1000&ssl=1\",\"contentUrl\":\"https:\/\/i0.wp.com\/inti.hr\/wp-content\/uploads\/2026\/03\/GGF036BZ01-1.jpg?fit=1000%2C1000&ssl=1\",\"width\":1000,\"height\":1000,\"caption\":\"SONGMICS Vrtni namje\u0161taj s 1 sklopivim stolom i 2 sklopive stolice, tintno crna\"},{\"@type\":\"BreadcrumbList\",\"@id\":\"https:\/\/inti.hr\/bs\/proizvod\/set-vrtnog-namjestaja-s-1-sklopivim-stolom-i-2-sklopive-stolice\/#breadcrumb\",\"itemListElement\":[{\"@type\":\"ListItem\",\"position\":1,\"name\":\"Po\u010detna stranica\",\"item\":\"https:\/\/inti.hr\/bs\/\"},{\"@type\":\"ListItem\",\"position\":2,\"name\":\"Trgovina\",\"item\":\"https:\/\/inti.hr\/bs\/trgovina\/\"},{\"@type\":\"ListItem\",\"position\":3,\"name\":\"Set vrtnog namje\u0161taja s 1 sklopivim stolom i 2 sklopive stolice\"}]},{\"@type\":\"WebSite\",\"@id\":\"https:\/\/inti.hr\/bs\/#website\",\"url\":\"https:\/\/inti.hr\/bs\/\",\"name\":\"Inti\",\"description\":\"trgovina\",\"potentialAction\":[{\"@type\":\"SearchAction\",\"target\":{\"@type\":\"EntryPoint\",\"urlTemplate\":\"https:\/\/inti.hr\/bs\/?s={search_term_string}\"},\"query-input\":{\"@type\":\"PropertyValueSpecification\",\"valueRequired\":true,\"valueName\":\"search_term_string\"}}],\"inLanguage\":\"bs-BA\"}]}<\/script>\n<!-- \/ Yoast SEO plugin. -->","yoast_head_json":{"title":"Set vrtnog namje\u0161taja s 1 sklopivim stolom i 2 sklopive stolice - Inti","description":"Oaza opu\u0161tanja: Bilo na balkonu, u vrtu ili na terasi \u2013 ovaj jednostavni set balkonskog namje\u0161taja od 3 dijela savr\u0161en je za ugodan odmor na otvorenom.Otporan na vremenske uvjete: Vrtni namje\u0161taj za 2 osobe izra\u0111en je od \u010delika s pra\u0161kastim premazom te je postojane boje i otporan na hr\u0111u \u2013 idealan za dugotrajnu vanjsku upotrebu.Sklopivo i jednostavno za pohranu: Kada je sklopljen, stol je \u0161irok samo 3,5 cm, a svaka stolica samo 10 cm \u2013 savr\u0161eno ako imate ograni\u010den prostor ili \u017eelite pohraniti set na na\u010din koji \u0161tedi prostor.Stabilan i prijazan podu: Neklizaju\u0107e podloge za noge ovog seta vrtnog namje\u0161taja \u0161tite va\u0161 pod od ogrebotina i osiguravaju stabilno stajanje.Unaprijed sastavljeno i spremno za upotrebu: Balkonski stol i stolice isporu\u010duju se unaprijed sastavljeni \u2013 jednostavno ih rasklopite i u\u017eivajte u svom novom vanjskom prostoru za opu\u0161tanje u tren oka.","robots":{"index":"index","follow":"follow","max-snippet":"max-snippet:-1","max-image-preview":"max-image-preview:large","max-video-preview":"max-video-preview:-1"},"canonical":"https:\/\/inti.hr\/bs\/proizvod\/set-vrtnog-namjestaja-s-1-sklopivim-stolom-i-2-sklopive-stolice\/","og_locale":"bs_BA","og_type":"article","og_title":"Set vrtnog namje\u0161taja s 1 sklopivim stolom i 2 sklopive stolice - Inti","og_description":"Oaza opu\u0161tanja: Bilo na balkonu, u vrtu ili na terasi \u2013 ovaj jednostavni set balkonskog namje\u0161taja od 3 dijela savr\u0161en je za ugodan odmor na otvorenom.Otporan na vremenske uvjete: Vrtni namje\u0161taj za 2 osobe izra\u0111en je od \u010delika s pra\u0161kastim premazom te je postojane boje i otporan na hr\u0111u \u2013 idealan za dugotrajnu vanjsku upotrebu.Sklopivo i jednostavno za pohranu: Kada je sklopljen, stol je \u0161irok samo 3,5 cm, a svaka stolica samo 10 cm \u2013 savr\u0161eno ako imate ograni\u010den prostor ili \u017eelite pohraniti set na na\u010din koji \u0161tedi prostor.Stabilan i prijazan podu: Neklizaju\u0107e podloge za noge ovog seta vrtnog namje\u0161taja \u0161tite va\u0161 pod od ogrebotina i osiguravaju stabilno stajanje.Unaprijed sastavljeno i spremno za upotrebu: Balkonski stol i stolice isporu\u010duju se unaprijed sastavljeni \u2013 jednostavno ih rasklopite i u\u017eivajte u svom novom vanjskom prostoru za opu\u0161tanje u tren oka.","og_url":"https:\/\/inti.hr\/bs\/proizvod\/set-vrtnog-namjestaja-s-1-sklopivim-stolom-i-2-sklopive-stolice\/","og_site_name":"Inti","og_image":[{"width":1000,"height":1000,"url":"https:\/\/i0.wp.com\/inti.hr\/wp-content\/uploads\/2026\/03\/GGF036BZ01-1.jpg?fit=1000%2C1000&ssl=1","type":"image\/jpeg"}],"twitter_card":"summary_large_image","schema":{"@context":"https:\/\/schema.org","@graph":[{"@type":"WebPage","@id":"https:\/\/inti.hr\/bs\/proizvod\/set-vrtnog-namjestaja-s-1-sklopivim-stolom-i-2-sklopive-stolice\/","url":"https:\/\/inti.hr\/bs\/proizvod\/set-vrtnog-namjestaja-s-1-sklopivim-stolom-i-2-sklopive-stolice\/","name":"Set vrtnog namje\u0161taja s 1 sklopivim stolom i 2 sklopive stolice - Inti","isPartOf":{"@id":"https:\/\/inti.hr\/bs\/#website"},"primaryImageOfPage":{"@id":"https:\/\/inti.hr\/bs\/proizvod\/set-vrtnog-namjestaja-s-1-sklopivim-stolom-i-2-sklopive-stolice\/#primaryimage"},"image":{"@id":"https:\/\/inti.hr\/bs\/proizvod\/set-vrtnog-namjestaja-s-1-sklopivim-stolom-i-2-sklopive-stolice\/#primaryimage"},"thumbnailUrl":"https:\/\/i0.wp.com\/inti.hr\/wp-content\/uploads\/2026\/03\/GGF036BZ01-1.jpg?fit=1000%2C1000&ssl=1","datePublished":"2026-03-17T14:54:06+00:00","dateModified":"2026-03-17T14:54:06+00:00","description":"Oaza opu\u0161tanja: Bilo na balkonu, u vrtu ili na terasi \u2013 ovaj jednostavni set balkonskog namje\u0161taja od 3 dijela savr\u0161en je za ugodan odmor na otvorenom.Otporan na vremenske uvjete: Vrtni namje\u0161taj za 2 osobe izra\u0111en je od \u010delika s pra\u0161kastim premazom te je postojane boje i otporan na hr\u0111u \u2013 idealan za dugotrajnu vanjsku upotrebu.Sklopivo i jednostavno za pohranu: Kada je sklopljen, stol je \u0161irok samo 3,5 cm, a svaka stolica samo 10 cm \u2013 savr\u0161eno ako imate ograni\u010den prostor ili \u017eelite pohraniti set na na\u010din koji \u0161tedi prostor.Stabilan i prijazan podu: Neklizaju\u0107e podloge za noge ovog seta vrtnog namje\u0161taja \u0161tite va\u0161 pod od ogrebotina i osiguravaju stabilno stajanje.Unaprijed sastavljeno i spremno za upotrebu: Balkonski stol i stolice isporu\u010duju se unaprijed sastavljeni \u2013 jednostavno ih rasklopite i u\u017eivajte u svom novom vanjskom prostoru za opu\u0161tanje u tren oka.","breadcrumb":{"@id":"https:\/\/inti.hr\/bs\/proizvod\/set-vrtnog-namjestaja-s-1-sklopivim-stolom-i-2-sklopive-stolice\/#breadcrumb"},"inLanguage":"bs-BA","potentialAction":[{"@type":"ReadAction","target":["https:\/\/inti.hr\/bs\/proizvod\/set-vrtnog-namjestaja-s-1-sklopivim-stolom-i-2-sklopive-stolice\/"]}]},{"@type":"ImageObject","inLanguage":"bs-BA","@id":"https:\/\/inti.hr\/bs\/proizvod\/set-vrtnog-namjestaja-s-1-sklopivim-stolom-i-2-sklopive-stolice\/#primaryimage","url":"https:\/\/i0.wp.com\/inti.hr\/wp-content\/uploads\/2026\/03\/GGF036BZ01-1.jpg?fit=1000%2C1000&ssl=1","contentUrl":"https:\/\/i0.wp.com\/inti.hr\/wp-content\/uploads\/2026\/03\/GGF036BZ01-1.jpg?fit=1000%2C1000&ssl=1","width":1000,"height":1000,"caption":"SONGMICS Vrtni namje\u0161taj s 1 sklopivim stolom i 2 sklopive stolice, tintno crna"},{"@type":"BreadcrumbList","@id":"https:\/\/inti.hr\/bs\/proizvod\/set-vrtnog-namjestaja-s-1-sklopivim-stolom-i-2-sklopive-stolice\/#breadcrumb","itemListElement":[{"@type":"ListItem","position":1,"name":"Po\u010detna stranica","item":"https:\/\/inti.hr\/bs\/"},{"@type":"ListItem","position":2,"name":"Trgovina","item":"https:\/\/inti.hr\/bs\/trgovina\/"},{"@type":"ListItem","position":3,"name":"Set vrtnog namje\u0161taja s 1 sklopivim stolom i 2 sklopive stolice"}]},{"@type":"WebSite","@id":"https:\/\/inti.hr\/bs\/#website","url":"https:\/\/inti.hr\/bs\/","name":"Inti","description":"trgovina","potentialAction":[{"@type":"SearchAction","target":{"@type":"EntryPoint","urlTemplate":"https:\/\/inti.hr\/bs\/?s={search_term_string}"},"query-input":{"@type":"PropertyValueSpecification","valueRequired":true,"valueName":"search_term_string"}}],"inLanguage":"bs-BA"}]}},"jetpack_sharing_enabled":true,"jetpack-related-posts":[],"_links":{"self":[{"href":"https:\/\/inti.hr\/bs\/wp-json\/wp\/v2\/product\/30447"}],"collection":[{"href":"https:\/\/inti.hr\/bs\/wp-json\/wp\/v2\/product"}],"about":[{"href":"https:\/\/inti.hr\/bs\/wp-json\/wp\/v2\/types\/product"}],"wp:featuredmedia":[{"embeddable":true,"href":"https:\/\/inti.hr\/bs\/wp-json\/wp\/v2\/media\/30449"}],"wp:attachment":[{"href":"https:\/\/inti.hr\/bs\/wp-json\/wp\/v2\/media?parent=30447"}],"wp:term":[{"taxonomy":"product_cat","embeddable":true,"href":"https:\/\/inti.hr\/bs\/wp-json\/wp\/v2\/product_cat?post=30447"},{"taxonomy":"product_tag","embeddable":true,"href":"https:\/\/inti.hr\/bs\/wp-json\/wp\/v2\/product_tag?post=30447"}],"curies":[{"name":"wp","href":"https:\/\/api.w.org\/{rel}","templated":true}]}}