{"id":30477,"date":"2026-03-17T15:32:52","date_gmt":"2026-03-17T14:32:52","guid":{"rendered":"https:\/\/inti.hr\/product\/sklopiva-kamperska-stolica-s-podesivim-naslonom\/"},"modified":"2026-03-17T15:32:52","modified_gmt":"2026-03-17T14:32:52","slug":"sklopiva-kamperska-stolica-s-podesivim-naslonom","status":"publish","type":"product","link":"https:\/\/inti.hr\/bs\/proizvod\/sklopiva-kamperska-stolica-s-podesivim-naslonom\/","title":{"rendered":"Sklopiva kamperska stolica s podesivim naslonom"},"content":{"rendered":"<ul>\n<li><b><span dir=\"auto\">Detalji o proizvodu:<\/span><\/b><\/li>\n<li><span dir=\"auto\">Boja: Crna<\/span><\/li>\n<li><span dir=\"auto\">Materijal: Pjena, PP plastika (polipropilen), \u010delik, Oxford tkanina<\/span><\/li>\n<li><span dir=\"auto\">Veli\u010dina: 70 x 60 x 110 cm (D x \u0160 x V)<\/span><\/li>\n<li><span dir=\"auto\">Te\u017eina: 7,1 kg<\/span><\/li>\n<li><span dir=\"auto\">Maksimalna stati\u010dka nosivost: 150 kg<\/span><\/li>\n<\/ul>\n","protected":false},"excerpt":{"rendered":"<ul class=\"left\">\n<li><span dir=\"auto\">Visoki naslon, potpuno podstavljen: Kamperska stolica ima naslon &#8230;<br \/>\n","protected":false},"featured_media":30478,"template":"","meta":[],"product_cat":[2482],"product_tag":[2496,2497],"yoast_head":"<!-- This site is optimized with the Yoast SEO plugin v23.7 - https:\/\/yoast.com\/wordpress\/plugins\/seo\/ -->\n<title>Sklopiva kamperska stolica s podesivim naslonom - Inti<\/title>\n<meta name=\"description\" content=\"Visoki naslon, potpuno podstavljen: Kamperska stolica ima naslon visok 70 cm, podstavu debljine 1 cm sa svih strana, podstavljeni naslon za glavu debljine 2 cm i \u0161iroke naslone za ruke \u2013 idealno za dulje sjedenje uz potporu i udobnost.Optimizirani okvir, ekstra \u0161iroko sjedalo: Dobro osmi\u0161ljena konstrukcija sprje\u010dava priklje\u0161tenje nogu. \u0160irina sjedala od 50 cm nudi znatno vi\u0161e prostora od uobi\u010dajenih 42 cm za sklopive stolice, osiguravaju\u0107i opu\u0161tenije i nesmetano sjedenje.Podesivo od 95\u00b0 do 150\u00b0: Ova kamperska stolica nudi \u0161est polo\u017eaja naginjanja od 95\u00b0 do 150\u00b0 \u2013 od uspravnog sjedenja do opu\u0161tenog polo\u017eaja. To pru\u017ea znatno ve\u0107u udobnost od mnogih modela, \u010diji je raspon naginjanja obi\u010dno ograni\u010den na oko 120\u00b0.Rotiraju\u0107i dr\u017ea\u010d za pi\u0107e: Ribarska stolica opremljena je dr\u017ea\u010dem za pi\u0107e izra\u0111enim od izdr\u017eljive Oxford tkanine koji se mo\u017ee lako zakrenuti kada se ne koristi. To stolici daje uredan izgled, a ujedno pru\u017ea i prakti\u010dan prostor za pohranu.Prijenosna i svestrana: Remen s kop\u010dom dr\u017ei stolicu za pla\u017eu kompaktnom, a remen za rame omogu\u0107uje no\u0161enje bez upotrebe ruku. Bilo da ste u vrtu, na kampiranju ili u ribolovu - stolica je uvijek spremna za upotrebu. Uklju\u010dena je torba za pohranu.\" \/>\n<meta name=\"robots\" content=\"index, follow, max-snippet:-1, max-image-preview:large, max-video-preview:-1\" \/>\n<link rel=\"canonical\" href=\"https:\/\/inti.hr\/bs\/proizvod\/sklopiva-kamperska-stolica-s-podesivim-naslonom\/\" \/>\n<meta property=\"og:locale\" content=\"bs_BA\" \/>\n<meta property=\"og:type\" content=\"article\" \/>\n<meta property=\"og:title\" content=\"Sklopiva kamperska stolica s podesivim naslonom - Inti\" \/>\n<meta property=\"og:description\" content=\"Visoki naslon, potpuno podstavljen: Kamperska stolica ima naslon visok 70 cm, podstavu debljine 1 cm sa svih strana, podstavljeni naslon za glavu debljine 2 cm i \u0161iroke naslone za ruke \u2013 idealno za dulje sjedenje uz potporu i udobnost.Optimizirani okvir, ekstra \u0161iroko sjedalo: Dobro osmi\u0161ljena konstrukcija sprje\u010dava priklje\u0161tenje nogu. \u0160irina sjedala od 50 cm nudi znatno vi\u0161e prostora od uobi\u010dajenih 42 cm za sklopive stolice, osiguravaju\u0107i opu\u0161tenije i nesmetano sjedenje.Podesivo od 95\u00b0 do 150\u00b0: Ova kamperska stolica nudi \u0161est polo\u017eaja naginjanja od 95\u00b0 do 150\u00b0 \u2013 od uspravnog sjedenja do opu\u0161tenog polo\u017eaja. To pru\u017ea znatno ve\u0107u udobnost od mnogih modela, \u010diji je raspon naginjanja obi\u010dno ograni\u010den na oko 120\u00b0.Rotiraju\u0107i dr\u017ea\u010d za pi\u0107e: Ribarska stolica opremljena je dr\u017ea\u010dem za pi\u0107e izra\u0111enim od izdr\u017eljive Oxford tkanine koji se mo\u017ee lako zakrenuti kada se ne koristi. To stolici daje uredan izgled, a ujedno pru\u017ea i prakti\u010dan prostor za pohranu.Prijenosna i svestrana: Remen s kop\u010dom dr\u017ei stolicu za pla\u017eu kompaktnom, a remen za rame omogu\u0107uje no\u0161enje bez upotrebe ruku. Bilo da ste u vrtu, na kampiranju ili u ribolovu - stolica je uvijek spremna za upotrebu. Uklju\u010dena je torba za pohranu.\" \/>\n<meta property=\"og:url\" content=\"https:\/\/inti.hr\/bs\/proizvod\/sklopiva-kamperska-stolica-s-podesivim-naslonom\/\" \/>\n<meta property=\"og:site_name\" content=\"Inti\" \/>\n<meta property=\"og:image\" content=\"https:\/\/i0.wp.com\/inti.hr\/wp-content\/uploads\/2026\/03\/GCB015GZ01-1-1.jpg?fit=1000%2C1000&ssl=1\" \/>\n\t<meta property=\"og:image:width\" content=\"1000\" \/>\n\t<meta property=\"og:image:height\" content=\"1000\" \/>\n\t<meta property=\"og:image:type\" content=\"image\/jpeg\" \/>\n<meta name=\"twitter:card\" content=\"summary_large_image\" \/>\n<script type=\"application\/ld+json\" class=\"yoast-schema-graph\">{\"@context\":\"https:\/\/schema.org\",\"@graph\":[{\"@type\":\"WebPage\",\"@id\":\"https:\/\/inti.hr\/bs\/proizvod\/sklopiva-kamperska-stolica-s-podesivim-naslonom\/\",\"url\":\"https:\/\/inti.hr\/bs\/proizvod\/sklopiva-kamperska-stolica-s-podesivim-naslonom\/\",\"name\":\"Sklopiva kamperska stolica s podesivim naslonom - Inti\",\"isPartOf\":{\"@id\":\"https:\/\/inti.hr\/bs\/#website\"},\"primaryImageOfPage\":{\"@id\":\"https:\/\/inti.hr\/bs\/proizvod\/sklopiva-kamperska-stolica-s-podesivim-naslonom\/#primaryimage\"},\"image\":{\"@id\":\"https:\/\/inti.hr\/bs\/proizvod\/sklopiva-kamperska-stolica-s-podesivim-naslonom\/#primaryimage\"},\"thumbnailUrl\":\"https:\/\/i0.wp.com\/inti.hr\/wp-content\/uploads\/2026\/03\/GCB015GZ01-1-1.jpg?fit=1000%2C1000&ssl=1\",\"datePublished\":\"2026-03-17T14:32:52+00:00\",\"dateModified\":\"2026-03-17T14:32:52+00:00\",\"description\":\"Visoki naslon, potpuno podstavljen: Kamperska stolica ima naslon visok 70 cm, podstavu debljine 1 cm sa svih strana, podstavljeni naslon za glavu debljine 2 cm i \u0161iroke naslone za ruke \u2013 idealno za dulje sjedenje uz potporu i udobnost.Optimizirani okvir, ekstra \u0161iroko sjedalo: Dobro osmi\u0161ljena konstrukcija sprje\u010dava priklje\u0161tenje nogu. \u0160irina sjedala od 50 cm nudi znatno vi\u0161e prostora od uobi\u010dajenih 42 cm za sklopive stolice, osiguravaju\u0107i opu\u0161tenije i nesmetano sjedenje.Podesivo od 95\u00b0 do 150\u00b0: Ova kamperska stolica nudi \u0161est polo\u017eaja naginjanja od 95\u00b0 do 150\u00b0 \u2013 od uspravnog sjedenja do opu\u0161tenog polo\u017eaja. To pru\u017ea znatno ve\u0107u udobnost od mnogih modela, \u010diji je raspon naginjanja obi\u010dno ograni\u010den na oko 120\u00b0.Rotiraju\u0107i dr\u017ea\u010d za pi\u0107e: Ribarska stolica opremljena je dr\u017ea\u010dem za pi\u0107e izra\u0111enim od izdr\u017eljive Oxford tkanine koji se mo\u017ee lako zakrenuti kada se ne koristi. To stolici daje uredan izgled, a ujedno pru\u017ea i prakti\u010dan prostor za pohranu.Prijenosna i svestrana: Remen s kop\u010dom dr\u017ei stolicu za pla\u017eu kompaktnom, a remen za rame omogu\u0107uje no\u0161enje bez upotrebe ruku. Bilo da ste u vrtu, na kampiranju ili u ribolovu - stolica je uvijek spremna za upotrebu. Uklju\u010dena je torba za pohranu.\",\"breadcrumb\":{\"@id\":\"https:\/\/inti.hr\/bs\/proizvod\/sklopiva-kamperska-stolica-s-podesivim-naslonom\/#breadcrumb\"},\"inLanguage\":\"bs-BA\",\"potentialAction\":[{\"@type\":\"ReadAction\",\"target\":[\"https:\/\/inti.hr\/bs\/proizvod\/sklopiva-kamperska-stolica-s-podesivim-naslonom\/\"]}]},{\"@type\":\"ImageObject\",\"inLanguage\":\"bs-BA\",\"@id\":\"https:\/\/inti.hr\/bs\/proizvod\/sklopiva-kamperska-stolica-s-podesivim-naslonom\/#primaryimage\",\"url\":\"https:\/\/i0.wp.com\/inti.hr\/wp-content\/uploads\/2026\/03\/GCB015GZ01-1-1.jpg?fit=1000%2C1000&ssl=1\",\"contentUrl\":\"https:\/\/i0.wp.com\/inti.hr\/wp-content\/uploads\/2026\/03\/GCB015GZ01-1-1.jpg?fit=1000%2C1000&ssl=1\",\"width\":1000,\"height\":1000,\"caption\":\"Sklopiva kamperska stolica s podesivim naslonom\"},{\"@type\":\"BreadcrumbList\",\"@id\":\"https:\/\/inti.hr\/bs\/proizvod\/sklopiva-kamperska-stolica-s-podesivim-naslonom\/#breadcrumb\",\"itemListElement\":[{\"@type\":\"ListItem\",\"position\":1,\"name\":\"Po\u010detna stranica\",\"item\":\"https:\/\/inti.hr\/bs\/\"},{\"@type\":\"ListItem\",\"position\":2,\"name\":\"Trgovina\",\"item\":\"https:\/\/inti.hr\/bs\/trgovina\/\"},{\"@type\":\"ListItem\",\"position\":3,\"name\":\"Sklopiva kamperska stolica s podesivim naslonom\"}]},{\"@type\":\"WebSite\",\"@id\":\"https:\/\/inti.hr\/bs\/#website\",\"url\":\"https:\/\/inti.hr\/bs\/\",\"name\":\"Inti\",\"description\":\"trgovina\",\"potentialAction\":[{\"@type\":\"SearchAction\",\"target\":{\"@type\":\"EntryPoint\",\"urlTemplate\":\"https:\/\/inti.hr\/bs\/?s={search_term_string}\"},\"query-input\":{\"@type\":\"PropertyValueSpecification\",\"valueRequired\":true,\"valueName\":\"search_term_string\"}}],\"inLanguage\":\"bs-BA\"}]}<\/script>\n<!-- \/ Yoast SEO plugin. -->","yoast_head_json":{"title":"Sklopiva kamperska stolica s podesivim naslonom - Inti","description":"Visoki naslon, potpuno podstavljen: Kamperska stolica ima naslon visok 70 cm, podstavu debljine 1 cm sa svih strana, podstavljeni naslon za glavu debljine 2 cm i \u0161iroke naslone za ruke \u2013 idealno za dulje sjedenje uz potporu i udobnost.Optimizirani okvir, ekstra \u0161iroko sjedalo: Dobro osmi\u0161ljena konstrukcija sprje\u010dava priklje\u0161tenje nogu. \u0160irina sjedala od 50 cm nudi znatno vi\u0161e prostora od uobi\u010dajenih 42 cm za sklopive stolice, osiguravaju\u0107i opu\u0161tenije i nesmetano sjedenje.Podesivo od 95\u00b0 do 150\u00b0: Ova kamperska stolica nudi \u0161est polo\u017eaja naginjanja od 95\u00b0 do 150\u00b0 \u2013 od uspravnog sjedenja do opu\u0161tenog polo\u017eaja. To pru\u017ea znatno ve\u0107u udobnost od mnogih modela, \u010diji je raspon naginjanja obi\u010dno ograni\u010den na oko 120\u00b0.Rotiraju\u0107i dr\u017ea\u010d za pi\u0107e: Ribarska stolica opremljena je dr\u017ea\u010dem za pi\u0107e izra\u0111enim od izdr\u017eljive Oxford tkanine koji se mo\u017ee lako zakrenuti kada se ne koristi. To stolici daje uredan izgled, a ujedno pru\u017ea i prakti\u010dan prostor za pohranu.Prijenosna i svestrana: Remen s kop\u010dom dr\u017ei stolicu za pla\u017eu kompaktnom, a remen za rame omogu\u0107uje no\u0161enje bez upotrebe ruku. Bilo da ste u vrtu, na kampiranju ili u ribolovu - stolica je uvijek spremna za upotrebu. Uklju\u010dena je torba za pohranu.","robots":{"index":"index","follow":"follow","max-snippet":"max-snippet:-1","max-image-preview":"max-image-preview:large","max-video-preview":"max-video-preview:-1"},"canonical":"https:\/\/inti.hr\/bs\/proizvod\/sklopiva-kamperska-stolica-s-podesivim-naslonom\/","og_locale":"bs_BA","og_type":"article","og_title":"Sklopiva kamperska stolica s podesivim naslonom - Inti","og_description":"Visoki naslon, potpuno podstavljen: Kamperska stolica ima naslon visok 70 cm, podstavu debljine 1 cm sa svih strana, podstavljeni naslon za glavu debljine 2 cm i \u0161iroke naslone za ruke \u2013 idealno za dulje sjedenje uz potporu i udobnost.Optimizirani okvir, ekstra \u0161iroko sjedalo: Dobro osmi\u0161ljena konstrukcija sprje\u010dava priklje\u0161tenje nogu. \u0160irina sjedala od 50 cm nudi znatno vi\u0161e prostora od uobi\u010dajenih 42 cm za sklopive stolice, osiguravaju\u0107i opu\u0161tenije i nesmetano sjedenje.Podesivo od 95\u00b0 do 150\u00b0: Ova kamperska stolica nudi \u0161est polo\u017eaja naginjanja od 95\u00b0 do 150\u00b0 \u2013 od uspravnog sjedenja do opu\u0161tenog polo\u017eaja. To pru\u017ea znatno ve\u0107u udobnost od mnogih modela, \u010diji je raspon naginjanja obi\u010dno ograni\u010den na oko 120\u00b0.Rotiraju\u0107i dr\u017ea\u010d za pi\u0107e: Ribarska stolica opremljena je dr\u017ea\u010dem za pi\u0107e izra\u0111enim od izdr\u017eljive Oxford tkanine koji se mo\u017ee lako zakrenuti kada se ne koristi. To stolici daje uredan izgled, a ujedno pru\u017ea i prakti\u010dan prostor za pohranu.Prijenosna i svestrana: Remen s kop\u010dom dr\u017ei stolicu za pla\u017eu kompaktnom, a remen za rame omogu\u0107uje no\u0161enje bez upotrebe ruku. Bilo da ste u vrtu, na kampiranju ili u ribolovu - stolica je uvijek spremna za upotrebu. Uklju\u010dena je torba za pohranu.","og_url":"https:\/\/inti.hr\/bs\/proizvod\/sklopiva-kamperska-stolica-s-podesivim-naslonom\/","og_site_name":"Inti","og_image":[{"width":1000,"height":1000,"url":"https:\/\/i0.wp.com\/inti.hr\/wp-content\/uploads\/2026\/03\/GCB015GZ01-1-1.jpg?fit=1000%2C1000&ssl=1","type":"image\/jpeg"}],"twitter_card":"summary_large_image","schema":{"@context":"https:\/\/schema.org","@graph":[{"@type":"WebPage","@id":"https:\/\/inti.hr\/bs\/proizvod\/sklopiva-kamperska-stolica-s-podesivim-naslonom\/","url":"https:\/\/inti.hr\/bs\/proizvod\/sklopiva-kamperska-stolica-s-podesivim-naslonom\/","name":"Sklopiva kamperska stolica s podesivim naslonom - Inti","isPartOf":{"@id":"https:\/\/inti.hr\/bs\/#website"},"primaryImageOfPage":{"@id":"https:\/\/inti.hr\/bs\/proizvod\/sklopiva-kamperska-stolica-s-podesivim-naslonom\/#primaryimage"},"image":{"@id":"https:\/\/inti.hr\/bs\/proizvod\/sklopiva-kamperska-stolica-s-podesivim-naslonom\/#primaryimage"},"thumbnailUrl":"https:\/\/i0.wp.com\/inti.hr\/wp-content\/uploads\/2026\/03\/GCB015GZ01-1-1.jpg?fit=1000%2C1000&ssl=1","datePublished":"2026-03-17T14:32:52+00:00","dateModified":"2026-03-17T14:32:52+00:00","description":"Visoki naslon, potpuno podstavljen: Kamperska stolica ima naslon visok 70 cm, podstavu debljine 1 cm sa svih strana, podstavljeni naslon za glavu debljine 2 cm i \u0161iroke naslone za ruke \u2013 idealno za dulje sjedenje uz potporu i udobnost.Optimizirani okvir, ekstra \u0161iroko sjedalo: Dobro osmi\u0161ljena konstrukcija sprje\u010dava priklje\u0161tenje nogu. \u0160irina sjedala od 50 cm nudi znatno vi\u0161e prostora od uobi\u010dajenih 42 cm za sklopive stolice, osiguravaju\u0107i opu\u0161tenije i nesmetano sjedenje.Podesivo od 95\u00b0 do 150\u00b0: Ova kamperska stolica nudi \u0161est polo\u017eaja naginjanja od 95\u00b0 do 150\u00b0 \u2013 od uspravnog sjedenja do opu\u0161tenog polo\u017eaja. To pru\u017ea znatno ve\u0107u udobnost od mnogih modela, \u010diji je raspon naginjanja obi\u010dno ograni\u010den na oko 120\u00b0.Rotiraju\u0107i dr\u017ea\u010d za pi\u0107e: Ribarska stolica opremljena je dr\u017ea\u010dem za pi\u0107e izra\u0111enim od izdr\u017eljive Oxford tkanine koji se mo\u017ee lako zakrenuti kada se ne koristi. To stolici daje uredan izgled, a ujedno pru\u017ea i prakti\u010dan prostor za pohranu.Prijenosna i svestrana: Remen s kop\u010dom dr\u017ei stolicu za pla\u017eu kompaktnom, a remen za rame omogu\u0107uje no\u0161enje bez upotrebe ruku. Bilo da ste u vrtu, na kampiranju ili u ribolovu - stolica je uvijek spremna za upotrebu. Uklju\u010dena je torba za pohranu.","breadcrumb":{"@id":"https:\/\/inti.hr\/bs\/proizvod\/sklopiva-kamperska-stolica-s-podesivim-naslonom\/#breadcrumb"},"inLanguage":"bs-BA","potentialAction":[{"@type":"ReadAction","target":["https:\/\/inti.hr\/bs\/proizvod\/sklopiva-kamperska-stolica-s-podesivim-naslonom\/"]}]},{"@type":"ImageObject","inLanguage":"bs-BA","@id":"https:\/\/inti.hr\/bs\/proizvod\/sklopiva-kamperska-stolica-s-podesivim-naslonom\/#primaryimage","url":"https:\/\/i0.wp.com\/inti.hr\/wp-content\/uploads\/2026\/03\/GCB015GZ01-1-1.jpg?fit=1000%2C1000&ssl=1","contentUrl":"https:\/\/i0.wp.com\/inti.hr\/wp-content\/uploads\/2026\/03\/GCB015GZ01-1-1.jpg?fit=1000%2C1000&ssl=1","width":1000,"height":1000,"caption":"Sklopiva kamperska stolica s podesivim naslonom"},{"@type":"BreadcrumbList","@id":"https:\/\/inti.hr\/bs\/proizvod\/sklopiva-kamperska-stolica-s-podesivim-naslonom\/#breadcrumb","itemListElement":[{"@type":"ListItem","position":1,"name":"Po\u010detna stranica","item":"https:\/\/inti.hr\/bs\/"},{"@type":"ListItem","position":2,"name":"Trgovina","item":"https:\/\/inti.hr\/bs\/trgovina\/"},{"@type":"ListItem","position":3,"name":"Sklopiva kamperska stolica s podesivim naslonom"}]},{"@type":"WebSite","@id":"https:\/\/inti.hr\/bs\/#website","url":"https:\/\/inti.hr\/bs\/","name":"Inti","description":"trgovina","potentialAction":[{"@type":"SearchAction","target":{"@type":"EntryPoint","urlTemplate":"https:\/\/inti.hr\/bs\/?s={search_term_string}"},"query-input":{"@type":"PropertyValueSpecification","valueRequired":true,"valueName":"search_term_string"}}],"inLanguage":"bs-BA"}]}},"jetpack_sharing_enabled":true,"jetpack-related-posts":[],"_links":{"self":[{"href":"https:\/\/inti.hr\/bs\/wp-json\/wp\/v2\/product\/30477"}],"collection":[{"href":"https:\/\/inti.hr\/bs\/wp-json\/wp\/v2\/product"}],"about":[{"href":"https:\/\/inti.hr\/bs\/wp-json\/wp\/v2\/types\/product"}],"wp:featuredmedia":[{"embeddable":true,"href":"https:\/\/inti.hr\/bs\/wp-json\/wp\/v2\/media\/30478"}],"wp:attachment":[{"href":"https:\/\/inti.hr\/bs\/wp-json\/wp\/v2\/media?parent=30477"}],"wp:term":[{"taxonomy":"product_cat","embeddable":true,"href":"https:\/\/inti.hr\/bs\/wp-json\/wp\/v2\/product_cat?post=30477"},{"taxonomy":"product_tag","embeddable":true,"href":"https:\/\/inti.hr\/bs\/wp-json\/wp\/v2\/product_tag?post=30477"}],"curies":[{"name":"wp","href":"https:\/\/api.w.org\/{rel}","templated":true}]}}