{"id":30487,"date":"2026-03-17T15:21:30","date_gmt":"2026-03-17T14:21:30","guid":{"rendered":"https:\/\/inti.hr\/product\/kamperska-stolica-s-visokim-naslonom-i-sirokim-sjedalom\/"},"modified":"2026-03-17T15:21:30","modified_gmt":"2026-03-17T14:21:30","slug":"kamperska-stolica-s-visokim-naslonom-i-sirokim-sjedalom","status":"publish","type":"product","link":"https:\/\/inti.hr\/bs\/proizvod\/kamperska-stolica-s-visokim-naslonom-i-sirokim-sjedalom\/","title":{"rendered":"Kamperska stolica s visokim naslonom i \u0161irokim sjedalom"},"content":{"rendered":"<ul>\n<li><b><span dir=\"auto\">Detalji o proizvodu:<\/span><\/b><\/li>\n<li><span dir=\"auto\">Boja: Crno-siva<\/span><\/li>\n<li><span dir=\"auto\">Materijal: \u010celik, Oxford tkanina, PE plastika<\/span><\/li>\n<li><span dir=\"auto\">Veli\u010dina: 61 x 93 x 108 cm (D x \u0160 x V)<\/span><\/li>\n<li><span dir=\"auto\">Te\u017eina: 3,7 kg<\/span><\/li>\n<li><span dir=\"auto\">Maksimalna stati\u010dka nosivost: 150 kg<\/span><\/li>\n<\/ul>\n","protected":false},"excerpt":{"rendered":"<ul class=\"left\">\n<li><span dir=\"auto\">\u0160iroko i visoko sjedalo: Sklopiva stolica sa sjedalom &#8230;<br \/>\n","protected":false},"featured_media":30489,"template":"","meta":[],"product_cat":[2452],"product_tag":[2500,2501],"yoast_head":"<!-- This site is optimized with the Yoast SEO plugin v23.7 - https:\/\/yoast.com\/wordpress\/plugins\/seo\/ -->\n<title>Kamperska stolica s visokim naslonom i \u0161irokim sjedalom - Inti<\/title>\n<meta name=\"description\" content=\"\u0160iroko i visoko sjedalo: Sklopiva stolica sa sjedalom \u0161irine 62 cm nudi puno prostora za opu\u0161tanje \u2013 \u010dak i udobno sjedenje prekri\u017eenih nogu; sjedalo visine 48 cm pru\u017ea vi\u0161e prostora za noge i olak\u0161ava ustajanje.Visoki naslon za dodatnu udobnost: Ova vanjska stolica ima naslon visok 68 cm s pjenastim punjenjem debljine 1 cm, pru\u017eaju\u0107i optimalnu potporu za va\u0161a le\u0111a kako se ne biste brzo umarali \u010dak ni nakon dugotrajnog sjedenja.Robusna i izdr\u017eljiva: Zahvaljuju\u0107i oja\u010danim \u010deli\u010dnim cijevima i sjedalu oja\u010danom \u0161avovima, ova stolica za pla\u017eu je robusna, izdr\u017eljiva i mo\u017ee podnijeti te\u017einu do 150 kg \u2013 idealna za vanjsku upotrebu.Lagana i prenosiva: Te\u0161ka samo 3,7 kg, ova kamperska stolica je lagana i kompaktna. Mo\u017eete je sklopiti i staviti u prilo\u017eenu torbu za no\u0161enje; jednostavno je prebacite preko ramena i spremna ste za polazak!Promi\u0161ljeni detalji: Dr\u017ea\u010d za telefon pru\u017ea va\u0161em telefonu sigurno mjesto, dr\u017ee\u0107i vam ruke slobodnima. Va\u0161e pi\u0107e je uvijek nadohvat ruke zahvaljuju\u0107i dr\u017ea\u010du za \u010da\u0161e. Organizator od tkanine nudi dodatni prostor za pohranu va\u0161ih sitnica \u2013 tako prakti\u010dno!\" \/>\n<meta name=\"robots\" content=\"index, follow, max-snippet:-1, max-image-preview:large, max-video-preview:-1\" \/>\n<link rel=\"canonical\" href=\"https:\/\/inti.hr\/bs\/proizvod\/kamperska-stolica-s-visokim-naslonom-i-sirokim-sjedalom\/\" \/>\n<meta property=\"og:locale\" content=\"bs_BA\" \/>\n<meta property=\"og:type\" content=\"article\" \/>\n<meta property=\"og:title\" content=\"Kamperska stolica s visokim naslonom i \u0161irokim sjedalom - Inti\" \/>\n<meta property=\"og:description\" content=\"\u0160iroko i visoko sjedalo: Sklopiva stolica sa sjedalom \u0161irine 62 cm nudi puno prostora za opu\u0161tanje \u2013 \u010dak i udobno sjedenje prekri\u017eenih nogu; sjedalo visine 48 cm pru\u017ea vi\u0161e prostora za noge i olak\u0161ava ustajanje.Visoki naslon za dodatnu udobnost: Ova vanjska stolica ima naslon visok 68 cm s pjenastim punjenjem debljine 1 cm, pru\u017eaju\u0107i optimalnu potporu za va\u0161a le\u0111a kako se ne biste brzo umarali \u010dak ni nakon dugotrajnog sjedenja.Robusna i izdr\u017eljiva: Zahvaljuju\u0107i oja\u010danim \u010deli\u010dnim cijevima i sjedalu oja\u010danom \u0161avovima, ova stolica za pla\u017eu je robusna, izdr\u017eljiva i mo\u017ee podnijeti te\u017einu do 150 kg \u2013 idealna za vanjsku upotrebu.Lagana i prenosiva: Te\u0161ka samo 3,7 kg, ova kamperska stolica je lagana i kompaktna. Mo\u017eete je sklopiti i staviti u prilo\u017eenu torbu za no\u0161enje; jednostavno je prebacite preko ramena i spremna ste za polazak!Promi\u0161ljeni detalji: Dr\u017ea\u010d za telefon pru\u017ea va\u0161em telefonu sigurno mjesto, dr\u017ee\u0107i vam ruke slobodnima. Va\u0161e pi\u0107e je uvijek nadohvat ruke zahvaljuju\u0107i dr\u017ea\u010du za \u010da\u0161e. Organizator od tkanine nudi dodatni prostor za pohranu va\u0161ih sitnica \u2013 tako prakti\u010dno!\" \/>\n<meta property=\"og:url\" content=\"https:\/\/inti.hr\/bs\/proizvod\/kamperska-stolica-s-visokim-naslonom-i-sirokim-sjedalom\/\" \/>\n<meta property=\"og:site_name\" content=\"Inti\" \/>\n<meta property=\"og:image\" content=\"https:\/\/i0.wp.com\/inti.hr\/wp-content\/uploads\/2026\/03\/GCB005CD01-1-1.jpg?fit=1000%2C1000&ssl=1\" \/>\n\t<meta property=\"og:image:width\" content=\"1000\" \/>\n\t<meta property=\"og:image:height\" content=\"1000\" \/>\n\t<meta property=\"og:image:type\" content=\"image\/jpeg\" \/>\n<meta name=\"twitter:card\" content=\"summary_large_image\" \/>\n<script type=\"application\/ld+json\" class=\"yoast-schema-graph\">{\"@context\":\"https:\/\/schema.org\",\"@graph\":[{\"@type\":\"WebPage\",\"@id\":\"https:\/\/inti.hr\/bs\/proizvod\/kamperska-stolica-s-visokim-naslonom-i-sirokim-sjedalom\/\",\"url\":\"https:\/\/inti.hr\/bs\/proizvod\/kamperska-stolica-s-visokim-naslonom-i-sirokim-sjedalom\/\",\"name\":\"Kamperska stolica s visokim naslonom i \u0161irokim sjedalom - Inti\",\"isPartOf\":{\"@id\":\"https:\/\/inti.hr\/bs\/#website\"},\"primaryImageOfPage\":{\"@id\":\"https:\/\/inti.hr\/bs\/proizvod\/kamperska-stolica-s-visokim-naslonom-i-sirokim-sjedalom\/#primaryimage\"},\"image\":{\"@id\":\"https:\/\/inti.hr\/bs\/proizvod\/kamperska-stolica-s-visokim-naslonom-i-sirokim-sjedalom\/#primaryimage\"},\"thumbnailUrl\":\"https:\/\/i0.wp.com\/inti.hr\/wp-content\/uploads\/2026\/03\/GCB005CD01-1-1.jpg?fit=1000%2C1000&ssl=1\",\"datePublished\":\"2026-03-17T14:21:30+00:00\",\"dateModified\":\"2026-03-17T14:21:30+00:00\",\"description\":\"\u0160iroko i visoko sjedalo: Sklopiva stolica sa sjedalom \u0161irine 62 cm nudi puno prostora za opu\u0161tanje \u2013 \u010dak i udobno sjedenje prekri\u017eenih nogu; sjedalo visine 48 cm pru\u017ea vi\u0161e prostora za noge i olak\u0161ava ustajanje.Visoki naslon za dodatnu udobnost: Ova vanjska stolica ima naslon visok 68 cm s pjenastim punjenjem debljine 1 cm, pru\u017eaju\u0107i optimalnu potporu za va\u0161a le\u0111a kako se ne biste brzo umarali \u010dak ni nakon dugotrajnog sjedenja.Robusna i izdr\u017eljiva: Zahvaljuju\u0107i oja\u010danim \u010deli\u010dnim cijevima i sjedalu oja\u010danom \u0161avovima, ova stolica za pla\u017eu je robusna, izdr\u017eljiva i mo\u017ee podnijeti te\u017einu do 150 kg \u2013 idealna za vanjsku upotrebu.Lagana i prenosiva: Te\u0161ka samo 3,7 kg, ova kamperska stolica je lagana i kompaktna. Mo\u017eete je sklopiti i staviti u prilo\u017eenu torbu za no\u0161enje; jednostavno je prebacite preko ramena i spremna ste za polazak!Promi\u0161ljeni detalji: Dr\u017ea\u010d za telefon pru\u017ea va\u0161em telefonu sigurno mjesto, dr\u017ee\u0107i vam ruke slobodnima. Va\u0161e pi\u0107e je uvijek nadohvat ruke zahvaljuju\u0107i dr\u017ea\u010du za \u010da\u0161e. Organizator od tkanine nudi dodatni prostor za pohranu va\u0161ih sitnica \u2013 tako prakti\u010dno!\",\"breadcrumb\":{\"@id\":\"https:\/\/inti.hr\/bs\/proizvod\/kamperska-stolica-s-visokim-naslonom-i-sirokim-sjedalom\/#breadcrumb\"},\"inLanguage\":\"bs-BA\",\"potentialAction\":[{\"@type\":\"ReadAction\",\"target\":[\"https:\/\/inti.hr\/bs\/proizvod\/kamperska-stolica-s-visokim-naslonom-i-sirokim-sjedalom\/\"]}]},{\"@type\":\"ImageObject\",\"inLanguage\":\"bs-BA\",\"@id\":\"https:\/\/inti.hr\/bs\/proizvod\/kamperska-stolica-s-visokim-naslonom-i-sirokim-sjedalom\/#primaryimage\",\"url\":\"https:\/\/i0.wp.com\/inti.hr\/wp-content\/uploads\/2026\/03\/GCB005CD01-1-1.jpg?fit=1000%2C1000&ssl=1\",\"contentUrl\":\"https:\/\/i0.wp.com\/inti.hr\/wp-content\/uploads\/2026\/03\/GCB005CD01-1-1.jpg?fit=1000%2C1000&ssl=1\",\"width\":1000,\"height\":1000,\"caption\":\"SONGMICS Kamperska stolica s visokim naslonom i \u0161irokim sjedalom, crno-siva\"},{\"@type\":\"BreadcrumbList\",\"@id\":\"https:\/\/inti.hr\/bs\/proizvod\/kamperska-stolica-s-visokim-naslonom-i-sirokim-sjedalom\/#breadcrumb\",\"itemListElement\":[{\"@type\":\"ListItem\",\"position\":1,\"name\":\"Po\u010detna stranica\",\"item\":\"https:\/\/inti.hr\/bs\/\"},{\"@type\":\"ListItem\",\"position\":2,\"name\":\"Trgovina\",\"item\":\"https:\/\/inti.hr\/bs\/trgovina\/\"},{\"@type\":\"ListItem\",\"position\":3,\"name\":\"Kamperska stolica s visokim naslonom i \u0161irokim sjedalom\"}]},{\"@type\":\"WebSite\",\"@id\":\"https:\/\/inti.hr\/bs\/#website\",\"url\":\"https:\/\/inti.hr\/bs\/\",\"name\":\"Inti\",\"description\":\"trgovina\",\"potentialAction\":[{\"@type\":\"SearchAction\",\"target\":{\"@type\":\"EntryPoint\",\"urlTemplate\":\"https:\/\/inti.hr\/bs\/?s={search_term_string}\"},\"query-input\":{\"@type\":\"PropertyValueSpecification\",\"valueRequired\":true,\"valueName\":\"search_term_string\"}}],\"inLanguage\":\"bs-BA\"}]}<\/script>\n<!-- \/ Yoast SEO plugin. -->","yoast_head_json":{"title":"Kamperska stolica s visokim naslonom i \u0161irokim sjedalom - Inti","description":"\u0160iroko i visoko sjedalo: Sklopiva stolica sa sjedalom \u0161irine 62 cm nudi puno prostora za opu\u0161tanje \u2013 \u010dak i udobno sjedenje prekri\u017eenih nogu; sjedalo visine 48 cm pru\u017ea vi\u0161e prostora za noge i olak\u0161ava ustajanje.Visoki naslon za dodatnu udobnost: Ova vanjska stolica ima naslon visok 68 cm s pjenastim punjenjem debljine 1 cm, pru\u017eaju\u0107i optimalnu potporu za va\u0161a le\u0111a kako se ne biste brzo umarali \u010dak ni nakon dugotrajnog sjedenja.Robusna i izdr\u017eljiva: Zahvaljuju\u0107i oja\u010danim \u010deli\u010dnim cijevima i sjedalu oja\u010danom \u0161avovima, ova stolica za pla\u017eu je robusna, izdr\u017eljiva i mo\u017ee podnijeti te\u017einu do 150 kg \u2013 idealna za vanjsku upotrebu.Lagana i prenosiva: Te\u0161ka samo 3,7 kg, ova kamperska stolica je lagana i kompaktna. Mo\u017eete je sklopiti i staviti u prilo\u017eenu torbu za no\u0161enje; jednostavno je prebacite preko ramena i spremna ste za polazak!Promi\u0161ljeni detalji: Dr\u017ea\u010d za telefon pru\u017ea va\u0161em telefonu sigurno mjesto, dr\u017ee\u0107i vam ruke slobodnima. Va\u0161e pi\u0107e je uvijek nadohvat ruke zahvaljuju\u0107i dr\u017ea\u010du za \u010da\u0161e. Organizator od tkanine nudi dodatni prostor za pohranu va\u0161ih sitnica \u2013 tako prakti\u010dno!","robots":{"index":"index","follow":"follow","max-snippet":"max-snippet:-1","max-image-preview":"max-image-preview:large","max-video-preview":"max-video-preview:-1"},"canonical":"https:\/\/inti.hr\/bs\/proizvod\/kamperska-stolica-s-visokim-naslonom-i-sirokim-sjedalom\/","og_locale":"bs_BA","og_type":"article","og_title":"Kamperska stolica s visokim naslonom i \u0161irokim sjedalom - Inti","og_description":"\u0160iroko i visoko sjedalo: Sklopiva stolica sa sjedalom \u0161irine 62 cm nudi puno prostora za opu\u0161tanje \u2013 \u010dak i udobno sjedenje prekri\u017eenih nogu; sjedalo visine 48 cm pru\u017ea vi\u0161e prostora za noge i olak\u0161ava ustajanje.Visoki naslon za dodatnu udobnost: Ova vanjska stolica ima naslon visok 68 cm s pjenastim punjenjem debljine 1 cm, pru\u017eaju\u0107i optimalnu potporu za va\u0161a le\u0111a kako se ne biste brzo umarali \u010dak ni nakon dugotrajnog sjedenja.Robusna i izdr\u017eljiva: Zahvaljuju\u0107i oja\u010danim \u010deli\u010dnim cijevima i sjedalu oja\u010danom \u0161avovima, ova stolica za pla\u017eu je robusna, izdr\u017eljiva i mo\u017ee podnijeti te\u017einu do 150 kg \u2013 idealna za vanjsku upotrebu.Lagana i prenosiva: Te\u0161ka samo 3,7 kg, ova kamperska stolica je lagana i kompaktna. Mo\u017eete je sklopiti i staviti u prilo\u017eenu torbu za no\u0161enje; jednostavno je prebacite preko ramena i spremna ste za polazak!Promi\u0161ljeni detalji: Dr\u017ea\u010d za telefon pru\u017ea va\u0161em telefonu sigurno mjesto, dr\u017ee\u0107i vam ruke slobodnima. Va\u0161e pi\u0107e je uvijek nadohvat ruke zahvaljuju\u0107i dr\u017ea\u010du za \u010da\u0161e. Organizator od tkanine nudi dodatni prostor za pohranu va\u0161ih sitnica \u2013 tako prakti\u010dno!","og_url":"https:\/\/inti.hr\/bs\/proizvod\/kamperska-stolica-s-visokim-naslonom-i-sirokim-sjedalom\/","og_site_name":"Inti","og_image":[{"width":1000,"height":1000,"url":"https:\/\/i0.wp.com\/inti.hr\/wp-content\/uploads\/2026\/03\/GCB005CD01-1-1.jpg?fit=1000%2C1000&ssl=1","type":"image\/jpeg"}],"twitter_card":"summary_large_image","schema":{"@context":"https:\/\/schema.org","@graph":[{"@type":"WebPage","@id":"https:\/\/inti.hr\/bs\/proizvod\/kamperska-stolica-s-visokim-naslonom-i-sirokim-sjedalom\/","url":"https:\/\/inti.hr\/bs\/proizvod\/kamperska-stolica-s-visokim-naslonom-i-sirokim-sjedalom\/","name":"Kamperska stolica s visokim naslonom i \u0161irokim sjedalom - Inti","isPartOf":{"@id":"https:\/\/inti.hr\/bs\/#website"},"primaryImageOfPage":{"@id":"https:\/\/inti.hr\/bs\/proizvod\/kamperska-stolica-s-visokim-naslonom-i-sirokim-sjedalom\/#primaryimage"},"image":{"@id":"https:\/\/inti.hr\/bs\/proizvod\/kamperska-stolica-s-visokim-naslonom-i-sirokim-sjedalom\/#primaryimage"},"thumbnailUrl":"https:\/\/i0.wp.com\/inti.hr\/wp-content\/uploads\/2026\/03\/GCB005CD01-1-1.jpg?fit=1000%2C1000&ssl=1","datePublished":"2026-03-17T14:21:30+00:00","dateModified":"2026-03-17T14:21:30+00:00","description":"\u0160iroko i visoko sjedalo: Sklopiva stolica sa sjedalom \u0161irine 62 cm nudi puno prostora za opu\u0161tanje \u2013 \u010dak i udobno sjedenje prekri\u017eenih nogu; sjedalo visine 48 cm pru\u017ea vi\u0161e prostora za noge i olak\u0161ava ustajanje.Visoki naslon za dodatnu udobnost: Ova vanjska stolica ima naslon visok 68 cm s pjenastim punjenjem debljine 1 cm, pru\u017eaju\u0107i optimalnu potporu za va\u0161a le\u0111a kako se ne biste brzo umarali \u010dak ni nakon dugotrajnog sjedenja.Robusna i izdr\u017eljiva: Zahvaljuju\u0107i oja\u010danim \u010deli\u010dnim cijevima i sjedalu oja\u010danom \u0161avovima, ova stolica za pla\u017eu je robusna, izdr\u017eljiva i mo\u017ee podnijeti te\u017einu do 150 kg \u2013 idealna za vanjsku upotrebu.Lagana i prenosiva: Te\u0161ka samo 3,7 kg, ova kamperska stolica je lagana i kompaktna. Mo\u017eete je sklopiti i staviti u prilo\u017eenu torbu za no\u0161enje; jednostavno je prebacite preko ramena i spremna ste za polazak!Promi\u0161ljeni detalji: Dr\u017ea\u010d za telefon pru\u017ea va\u0161em telefonu sigurno mjesto, dr\u017ee\u0107i vam ruke slobodnima. Va\u0161e pi\u0107e je uvijek nadohvat ruke zahvaljuju\u0107i dr\u017ea\u010du za \u010da\u0161e. Organizator od tkanine nudi dodatni prostor za pohranu va\u0161ih sitnica \u2013 tako prakti\u010dno!","breadcrumb":{"@id":"https:\/\/inti.hr\/bs\/proizvod\/kamperska-stolica-s-visokim-naslonom-i-sirokim-sjedalom\/#breadcrumb"},"inLanguage":"bs-BA","potentialAction":[{"@type":"ReadAction","target":["https:\/\/inti.hr\/bs\/proizvod\/kamperska-stolica-s-visokim-naslonom-i-sirokim-sjedalom\/"]}]},{"@type":"ImageObject","inLanguage":"bs-BA","@id":"https:\/\/inti.hr\/bs\/proizvod\/kamperska-stolica-s-visokim-naslonom-i-sirokim-sjedalom\/#primaryimage","url":"https:\/\/i0.wp.com\/inti.hr\/wp-content\/uploads\/2026\/03\/GCB005CD01-1-1.jpg?fit=1000%2C1000&ssl=1","contentUrl":"https:\/\/i0.wp.com\/inti.hr\/wp-content\/uploads\/2026\/03\/GCB005CD01-1-1.jpg?fit=1000%2C1000&ssl=1","width":1000,"height":1000,"caption":"SONGMICS Kamperska stolica s visokim naslonom i \u0161irokim sjedalom, crno-siva"},{"@type":"BreadcrumbList","@id":"https:\/\/inti.hr\/bs\/proizvod\/kamperska-stolica-s-visokim-naslonom-i-sirokim-sjedalom\/#breadcrumb","itemListElement":[{"@type":"ListItem","position":1,"name":"Po\u010detna stranica","item":"https:\/\/inti.hr\/bs\/"},{"@type":"ListItem","position":2,"name":"Trgovina","item":"https:\/\/inti.hr\/bs\/trgovina\/"},{"@type":"ListItem","position":3,"name":"Kamperska stolica s visokim naslonom i \u0161irokim sjedalom"}]},{"@type":"WebSite","@id":"https:\/\/inti.hr\/bs\/#website","url":"https:\/\/inti.hr\/bs\/","name":"Inti","description":"trgovina","potentialAction":[{"@type":"SearchAction","target":{"@type":"EntryPoint","urlTemplate":"https:\/\/inti.hr\/bs\/?s={search_term_string}"},"query-input":{"@type":"PropertyValueSpecification","valueRequired":true,"valueName":"search_term_string"}}],"inLanguage":"bs-BA"}]}},"jetpack_sharing_enabled":true,"jetpack-related-posts":[],"_links":{"self":[{"href":"https:\/\/inti.hr\/bs\/wp-json\/wp\/v2\/product\/30487"}],"collection":[{"href":"https:\/\/inti.hr\/bs\/wp-json\/wp\/v2\/product"}],"about":[{"href":"https:\/\/inti.hr\/bs\/wp-json\/wp\/v2\/types\/product"}],"wp:featuredmedia":[{"embeddable":true,"href":"https:\/\/inti.hr\/bs\/wp-json\/wp\/v2\/media\/30489"}],"wp:attachment":[{"href":"https:\/\/inti.hr\/bs\/wp-json\/wp\/v2\/media?parent=30487"}],"wp:term":[{"taxonomy":"product_cat","embeddable":true,"href":"https:\/\/inti.hr\/bs\/wp-json\/wp\/v2\/product_cat?post=30487"},{"taxonomy":"product_tag","embeddable":true,"href":"https:\/\/inti.hr\/bs\/wp-json\/wp\/v2\/product_tag?post=30487"}],"curies":[{"name":"wp","href":"https:\/\/api.w.org\/{rel}","templated":true}]}}