{"id":30521,"date":"2026-03-13T18:29:14","date_gmt":"2026-03-13T17:29:14","guid":{"rendered":"https:\/\/inti.hr\/product\/balkonski-namjestaj-od-3-dijela-sa-stolom-i-2-stolice\/"},"modified":"2026-03-13T18:29:14","modified_gmt":"2026-03-13T17:29:14","slug":"balkonski-namjestaj-od-3-dijela-sa-stolom-i-2-stolice","status":"publish","type":"product","link":"https:\/\/inti.hr\/bs\/proizvod\/balkonski-namjestaj-od-3-dijela-sa-stolom-i-2-stolice\/","title":{"rendered":"Balkonski namje\u0161taj od 3 dijela sa stolom i 2 stolice"},"content":{"rendered":"<p>Detalji o proizvodu:<br \/>\nMaterijal: PE (polietilen), \u010delik s pra\u0161kastim premazom<br \/>\nVeli\u010dina stola: 50 x 45 cm (promjer x visina)<br \/>\nDimenzije po stolici: 68 x 74 x 78 cm (D x \u0160 x V)<br \/>\nUkupna te\u017eina: 10,3 kg<br \/>\nMaksimalna stati\u010dka nosivost po stolici: 130 kg<\/p>\n","protected":false},"excerpt":{"rendered":"<p>[Utonite u udobnost] Ovaj set vanjskih stolica s ergonomskim kutom naslona &#8230; <\/p>\n","protected":false},"featured_media":30522,"template":"","meta":[],"product_cat":[2452],"product_tag":[2524,2525],"yoast_head":"<!-- This site is optimized with the Yoast SEO plugin v23.7 - https:\/\/yoast.com\/wordpress\/plugins\/seo\/ -->\n<title>Balkonski namje\u0161taj od 3 dijela sa stolom i 2 stolice - Inti<\/title>\n<meta name=\"description\" content=\"[Utonite u udobnost] Ovaj set vanjskih stolica s ergonomskim kutom naslona od 118\u00b0 i sjedalom \u0161irine 74 cm va\u0161a je osobna oaza udobnosti. Naslonite se, prekri\u017eite noge i zaboravite na stres![Jednostavna monta\u017ea] Uz na\u0161e jasne upute i prilo\u017eeni alat, monta\u017ea ovog vrtnog namje\u0161taja je jednostavna. Samo nekoliko koraka i va\u0161 udoban prostor za sjedenje na otvorenom spreman je za u\u017eivanje![Elegantna elegancija] Prigrlite modernu eleganciju s jedinstvenom \u0161koljkastom strukturom i profinjenim ukusom. Prozra\u010dan dizajn i \u010diste geometrijske linije ovog vrtnog namje\u0161taja nadopunjuju razne stilove.[Robustna i stabilna] Zahvaljuju\u0107i naslonu koji podupire trokutasta struktura i dvostrukim gredama na nogama, svaka stolica mo\u017ee podnijeti do 130 kg. Protuklizne podloge i podesive no\u017eice osiguravaju stabilnost \u010dak i na blago neravnim podovima.[Za unutarnju i vanjsku upotrebu] S ovim setom vrtnog namje\u0161taja mo\u017eete gledati zalazak sunca na balkonu, sklup\u010dati se u kutu dnevnog boravka, stvoriti sanjivu spava\u0107u sobu ili se jednostavno opustiti i u\u017eivati \u200b\u200bu koktelu.\" \/>\n<meta name=\"robots\" content=\"index, follow, max-snippet:-1, max-image-preview:large, max-video-preview:-1\" \/>\n<link rel=\"canonical\" href=\"https:\/\/inti.hr\/bs\/proizvod\/balkonski-namjestaj-od-3-dijela-sa-stolom-i-2-stolice\/\" \/>\n<meta property=\"og:locale\" content=\"bs_BA\" \/>\n<meta property=\"og:type\" content=\"article\" \/>\n<meta property=\"og:title\" content=\"Balkonski namje\u0161taj od 3 dijela sa stolom i 2 stolice - Inti\" \/>\n<meta property=\"og:description\" content=\"[Utonite u udobnost] Ovaj set vanjskih stolica s ergonomskim kutom naslona od 118\u00b0 i sjedalom \u0161irine 74 cm va\u0161a je osobna oaza udobnosti. Naslonite se, prekri\u017eite noge i zaboravite na stres![Jednostavna monta\u017ea] Uz na\u0161e jasne upute i prilo\u017eeni alat, monta\u017ea ovog vrtnog namje\u0161taja je jednostavna. Samo nekoliko koraka i va\u0161 udoban prostor za sjedenje na otvorenom spreman je za u\u017eivanje![Elegantna elegancija] Prigrlite modernu eleganciju s jedinstvenom \u0161koljkastom strukturom i profinjenim ukusom. Prozra\u010dan dizajn i \u010diste geometrijske linije ovog vrtnog namje\u0161taja nadopunjuju razne stilove.[Robustna i stabilna] Zahvaljuju\u0107i naslonu koji podupire trokutasta struktura i dvostrukim gredama na nogama, svaka stolica mo\u017ee podnijeti do 130 kg. Protuklizne podloge i podesive no\u017eice osiguravaju stabilnost \u010dak i na blago neravnim podovima.[Za unutarnju i vanjsku upotrebu] S ovim setom vrtnog namje\u0161taja mo\u017eete gledati zalazak sunca na balkonu, sklup\u010dati se u kutu dnevnog boravka, stvoriti sanjivu spava\u0107u sobu ili se jednostavno opustiti i u\u017eivati \u200b\u200bu koktelu.\" \/>\n<meta property=\"og:url\" content=\"https:\/\/inti.hr\/bs\/proizvod\/balkonski-namjestaj-od-3-dijela-sa-stolom-i-2-stolice\/\" \/>\n<meta property=\"og:site_name\" content=\"Inti\" \/>\n<meta property=\"og:image\" content=\"https:\/\/i0.wp.com\/inti.hr\/wp-content\/uploads\/2026\/03\/GGF021K01-1-1.jpg?fit=1000%2C1000&ssl=1\" \/>\n\t<meta property=\"og:image:width\" content=\"1000\" \/>\n\t<meta property=\"og:image:height\" content=\"1000\" \/>\n\t<meta property=\"og:image:type\" content=\"image\/jpeg\" \/>\n<meta name=\"twitter:card\" content=\"summary_large_image\" \/>\n<script type=\"application\/ld+json\" class=\"yoast-schema-graph\">{\"@context\":\"https:\/\/schema.org\",\"@graph\":[{\"@type\":\"WebPage\",\"@id\":\"https:\/\/inti.hr\/bs\/proizvod\/balkonski-namjestaj-od-3-dijela-sa-stolom-i-2-stolice\/\",\"url\":\"https:\/\/inti.hr\/bs\/proizvod\/balkonski-namjestaj-od-3-dijela-sa-stolom-i-2-stolice\/\",\"name\":\"Balkonski namje\u0161taj od 3 dijela sa stolom i 2 stolice - Inti\",\"isPartOf\":{\"@id\":\"https:\/\/inti.hr\/bs\/#website\"},\"primaryImageOfPage\":{\"@id\":\"https:\/\/inti.hr\/bs\/proizvod\/balkonski-namjestaj-od-3-dijela-sa-stolom-i-2-stolice\/#primaryimage\"},\"image\":{\"@id\":\"https:\/\/inti.hr\/bs\/proizvod\/balkonski-namjestaj-od-3-dijela-sa-stolom-i-2-stolice\/#primaryimage\"},\"thumbnailUrl\":\"https:\/\/i0.wp.com\/inti.hr\/wp-content\/uploads\/2026\/03\/GGF021K01-1-1.jpg?fit=1000%2C1000&ssl=1\",\"datePublished\":\"2026-03-13T17:29:14+00:00\",\"dateModified\":\"2026-03-13T17:29:14+00:00\",\"description\":\"[Utonite u udobnost] Ovaj set vanjskih stolica s ergonomskim kutom naslona od 118\u00b0 i sjedalom \u0161irine 74 cm va\u0161a je osobna oaza udobnosti. Naslonite se, prekri\u017eite noge i zaboravite na stres![Jednostavna monta\u017ea] Uz na\u0161e jasne upute i prilo\u017eeni alat, monta\u017ea ovog vrtnog namje\u0161taja je jednostavna. Samo nekoliko koraka i va\u0161 udoban prostor za sjedenje na otvorenom spreman je za u\u017eivanje![Elegantna elegancija] Prigrlite modernu eleganciju s jedinstvenom \u0161koljkastom strukturom i profinjenim ukusom. Prozra\u010dan dizajn i \u010diste geometrijske linije ovog vrtnog namje\u0161taja nadopunjuju razne stilove.[Robustna i stabilna] Zahvaljuju\u0107i naslonu koji podupire trokutasta struktura i dvostrukim gredama na nogama, svaka stolica mo\u017ee podnijeti do 130 kg. Protuklizne podloge i podesive no\u017eice osiguravaju stabilnost \u010dak i na blago neravnim podovima.[Za unutarnju i vanjsku upotrebu] S ovim setom vrtnog namje\u0161taja mo\u017eete gledati zalazak sunca na balkonu, sklup\u010dati se u kutu dnevnog boravka, stvoriti sanjivu spava\u0107u sobu ili se jednostavno opustiti i u\u017eivati \u200b\u200bu koktelu.\",\"breadcrumb\":{\"@id\":\"https:\/\/inti.hr\/bs\/proizvod\/balkonski-namjestaj-od-3-dijela-sa-stolom-i-2-stolice\/#breadcrumb\"},\"inLanguage\":\"bs-BA\",\"potentialAction\":[{\"@type\":\"ReadAction\",\"target\":[\"https:\/\/inti.hr\/bs\/proizvod\/balkonski-namjestaj-od-3-dijela-sa-stolom-i-2-stolice\/\"]}]},{\"@type\":\"ImageObject\",\"inLanguage\":\"bs-BA\",\"@id\":\"https:\/\/inti.hr\/bs\/proizvod\/balkonski-namjestaj-od-3-dijela-sa-stolom-i-2-stolice\/#primaryimage\",\"url\":\"https:\/\/i0.wp.com\/inti.hr\/wp-content\/uploads\/2026\/03\/GGF021K01-1-1.jpg?fit=1000%2C1000&ssl=1\",\"contentUrl\":\"https:\/\/i0.wp.com\/inti.hr\/wp-content\/uploads\/2026\/03\/GGF021K01-1-1.jpg?fit=1000%2C1000&ssl=1\",\"width\":1000,\"height\":1000,\"caption\":\"Set balkonskog namje\u0161taja sa stolom i 2 stolice, boje devil sme\u0111e\"},{\"@type\":\"BreadcrumbList\",\"@id\":\"https:\/\/inti.hr\/bs\/proizvod\/balkonski-namjestaj-od-3-dijela-sa-stolom-i-2-stolice\/#breadcrumb\",\"itemListElement\":[{\"@type\":\"ListItem\",\"position\":1,\"name\":\"Po\u010detna stranica\",\"item\":\"https:\/\/inti.hr\/bs\/\"},{\"@type\":\"ListItem\",\"position\":2,\"name\":\"Trgovina\",\"item\":\"https:\/\/inti.hr\/bs\/trgovina\/\"},{\"@type\":\"ListItem\",\"position\":3,\"name\":\"Balkonski namje\u0161taj od 3 dijela sa stolom i 2 stolice\"}]},{\"@type\":\"WebSite\",\"@id\":\"https:\/\/inti.hr\/bs\/#website\",\"url\":\"https:\/\/inti.hr\/bs\/\",\"name\":\"Inti\",\"description\":\"trgovina\",\"potentialAction\":[{\"@type\":\"SearchAction\",\"target\":{\"@type\":\"EntryPoint\",\"urlTemplate\":\"https:\/\/inti.hr\/bs\/?s={search_term_string}\"},\"query-input\":{\"@type\":\"PropertyValueSpecification\",\"valueRequired\":true,\"valueName\":\"search_term_string\"}}],\"inLanguage\":\"bs-BA\"}]}<\/script>\n<!-- \/ Yoast SEO plugin. -->","yoast_head_json":{"title":"Balkonski namje\u0161taj od 3 dijela sa stolom i 2 stolice - Inti","description":"[Utonite u udobnost] Ovaj set vanjskih stolica s ergonomskim kutom naslona od 118\u00b0 i sjedalom \u0161irine 74 cm va\u0161a je osobna oaza udobnosti. Naslonite se, prekri\u017eite noge i zaboravite na stres![Jednostavna monta\u017ea] Uz na\u0161e jasne upute i prilo\u017eeni alat, monta\u017ea ovog vrtnog namje\u0161taja je jednostavna. Samo nekoliko koraka i va\u0161 udoban prostor za sjedenje na otvorenom spreman je za u\u017eivanje![Elegantna elegancija] Prigrlite modernu eleganciju s jedinstvenom \u0161koljkastom strukturom i profinjenim ukusom. Prozra\u010dan dizajn i \u010diste geometrijske linije ovog vrtnog namje\u0161taja nadopunjuju razne stilove.[Robustna i stabilna] Zahvaljuju\u0107i naslonu koji podupire trokutasta struktura i dvostrukim gredama na nogama, svaka stolica mo\u017ee podnijeti do 130 kg. Protuklizne podloge i podesive no\u017eice osiguravaju stabilnost \u010dak i na blago neravnim podovima.[Za unutarnju i vanjsku upotrebu] S ovim setom vrtnog namje\u0161taja mo\u017eete gledati zalazak sunca na balkonu, sklup\u010dati se u kutu dnevnog boravka, stvoriti sanjivu spava\u0107u sobu ili se jednostavno opustiti i u\u017eivati \u200b\u200bu koktelu.","robots":{"index":"index","follow":"follow","max-snippet":"max-snippet:-1","max-image-preview":"max-image-preview:large","max-video-preview":"max-video-preview:-1"},"canonical":"https:\/\/inti.hr\/bs\/proizvod\/balkonski-namjestaj-od-3-dijela-sa-stolom-i-2-stolice\/","og_locale":"bs_BA","og_type":"article","og_title":"Balkonski namje\u0161taj od 3 dijela sa stolom i 2 stolice - Inti","og_description":"[Utonite u udobnost] Ovaj set vanjskih stolica s ergonomskim kutom naslona od 118\u00b0 i sjedalom \u0161irine 74 cm va\u0161a je osobna oaza udobnosti. Naslonite se, prekri\u017eite noge i zaboravite na stres![Jednostavna monta\u017ea] Uz na\u0161e jasne upute i prilo\u017eeni alat, monta\u017ea ovog vrtnog namje\u0161taja je jednostavna. Samo nekoliko koraka i va\u0161 udoban prostor za sjedenje na otvorenom spreman je za u\u017eivanje![Elegantna elegancija] Prigrlite modernu eleganciju s jedinstvenom \u0161koljkastom strukturom i profinjenim ukusom. Prozra\u010dan dizajn i \u010diste geometrijske linije ovog vrtnog namje\u0161taja nadopunjuju razne stilove.[Robustna i stabilna] Zahvaljuju\u0107i naslonu koji podupire trokutasta struktura i dvostrukim gredama na nogama, svaka stolica mo\u017ee podnijeti do 130 kg. Protuklizne podloge i podesive no\u017eice osiguravaju stabilnost \u010dak i na blago neravnim podovima.[Za unutarnju i vanjsku upotrebu] S ovim setom vrtnog namje\u0161taja mo\u017eete gledati zalazak sunca na balkonu, sklup\u010dati se u kutu dnevnog boravka, stvoriti sanjivu spava\u0107u sobu ili se jednostavno opustiti i u\u017eivati \u200b\u200bu koktelu.","og_url":"https:\/\/inti.hr\/bs\/proizvod\/balkonski-namjestaj-od-3-dijela-sa-stolom-i-2-stolice\/","og_site_name":"Inti","og_image":[{"width":1000,"height":1000,"url":"https:\/\/i0.wp.com\/inti.hr\/wp-content\/uploads\/2026\/03\/GGF021K01-1-1.jpg?fit=1000%2C1000&ssl=1","type":"image\/jpeg"}],"twitter_card":"summary_large_image","schema":{"@context":"https:\/\/schema.org","@graph":[{"@type":"WebPage","@id":"https:\/\/inti.hr\/bs\/proizvod\/balkonski-namjestaj-od-3-dijela-sa-stolom-i-2-stolice\/","url":"https:\/\/inti.hr\/bs\/proizvod\/balkonski-namjestaj-od-3-dijela-sa-stolom-i-2-stolice\/","name":"Balkonski namje\u0161taj od 3 dijela sa stolom i 2 stolice - Inti","isPartOf":{"@id":"https:\/\/inti.hr\/bs\/#website"},"primaryImageOfPage":{"@id":"https:\/\/inti.hr\/bs\/proizvod\/balkonski-namjestaj-od-3-dijela-sa-stolom-i-2-stolice\/#primaryimage"},"image":{"@id":"https:\/\/inti.hr\/bs\/proizvod\/balkonski-namjestaj-od-3-dijela-sa-stolom-i-2-stolice\/#primaryimage"},"thumbnailUrl":"https:\/\/i0.wp.com\/inti.hr\/wp-content\/uploads\/2026\/03\/GGF021K01-1-1.jpg?fit=1000%2C1000&ssl=1","datePublished":"2026-03-13T17:29:14+00:00","dateModified":"2026-03-13T17:29:14+00:00","description":"[Utonite u udobnost] Ovaj set vanjskih stolica s ergonomskim kutom naslona od 118\u00b0 i sjedalom \u0161irine 74 cm va\u0161a je osobna oaza udobnosti. Naslonite se, prekri\u017eite noge i zaboravite na stres![Jednostavna monta\u017ea] Uz na\u0161e jasne upute i prilo\u017eeni alat, monta\u017ea ovog vrtnog namje\u0161taja je jednostavna. Samo nekoliko koraka i va\u0161 udoban prostor za sjedenje na otvorenom spreman je za u\u017eivanje![Elegantna elegancija] Prigrlite modernu eleganciju s jedinstvenom \u0161koljkastom strukturom i profinjenim ukusom. Prozra\u010dan dizajn i \u010diste geometrijske linije ovog vrtnog namje\u0161taja nadopunjuju razne stilove.[Robustna i stabilna] Zahvaljuju\u0107i naslonu koji podupire trokutasta struktura i dvostrukim gredama na nogama, svaka stolica mo\u017ee podnijeti do 130 kg. Protuklizne podloge i podesive no\u017eice osiguravaju stabilnost \u010dak i na blago neravnim podovima.[Za unutarnju i vanjsku upotrebu] S ovim setom vrtnog namje\u0161taja mo\u017eete gledati zalazak sunca na balkonu, sklup\u010dati se u kutu dnevnog boravka, stvoriti sanjivu spava\u0107u sobu ili se jednostavno opustiti i u\u017eivati \u200b\u200bu koktelu.","breadcrumb":{"@id":"https:\/\/inti.hr\/bs\/proizvod\/balkonski-namjestaj-od-3-dijela-sa-stolom-i-2-stolice\/#breadcrumb"},"inLanguage":"bs-BA","potentialAction":[{"@type":"ReadAction","target":["https:\/\/inti.hr\/bs\/proizvod\/balkonski-namjestaj-od-3-dijela-sa-stolom-i-2-stolice\/"]}]},{"@type":"ImageObject","inLanguage":"bs-BA","@id":"https:\/\/inti.hr\/bs\/proizvod\/balkonski-namjestaj-od-3-dijela-sa-stolom-i-2-stolice\/#primaryimage","url":"https:\/\/i0.wp.com\/inti.hr\/wp-content\/uploads\/2026\/03\/GGF021K01-1-1.jpg?fit=1000%2C1000&ssl=1","contentUrl":"https:\/\/i0.wp.com\/inti.hr\/wp-content\/uploads\/2026\/03\/GGF021K01-1-1.jpg?fit=1000%2C1000&ssl=1","width":1000,"height":1000,"caption":"Set balkonskog namje\u0161taja sa stolom i 2 stolice, boje devil sme\u0111e"},{"@type":"BreadcrumbList","@id":"https:\/\/inti.hr\/bs\/proizvod\/balkonski-namjestaj-od-3-dijela-sa-stolom-i-2-stolice\/#breadcrumb","itemListElement":[{"@type":"ListItem","position":1,"name":"Po\u010detna stranica","item":"https:\/\/inti.hr\/bs\/"},{"@type":"ListItem","position":2,"name":"Trgovina","item":"https:\/\/inti.hr\/bs\/trgovina\/"},{"@type":"ListItem","position":3,"name":"Balkonski namje\u0161taj od 3 dijela sa stolom i 2 stolice"}]},{"@type":"WebSite","@id":"https:\/\/inti.hr\/bs\/#website","url":"https:\/\/inti.hr\/bs\/","name":"Inti","description":"trgovina","potentialAction":[{"@type":"SearchAction","target":{"@type":"EntryPoint","urlTemplate":"https:\/\/inti.hr\/bs\/?s={search_term_string}"},"query-input":{"@type":"PropertyValueSpecification","valueRequired":true,"valueName":"search_term_string"}}],"inLanguage":"bs-BA"}]}},"jetpack_sharing_enabled":true,"jetpack-related-posts":[],"_links":{"self":[{"href":"https:\/\/inti.hr\/bs\/wp-json\/wp\/v2\/product\/30521"}],"collection":[{"href":"https:\/\/inti.hr\/bs\/wp-json\/wp\/v2\/product"}],"about":[{"href":"https:\/\/inti.hr\/bs\/wp-json\/wp\/v2\/types\/product"}],"wp:featuredmedia":[{"embeddable":true,"href":"https:\/\/inti.hr\/bs\/wp-json\/wp\/v2\/media\/30522"}],"wp:attachment":[{"href":"https:\/\/inti.hr\/bs\/wp-json\/wp\/v2\/media?parent=30521"}],"wp:term":[{"taxonomy":"product_cat","embeddable":true,"href":"https:\/\/inti.hr\/bs\/wp-json\/wp\/v2\/product_cat?post=30521"},{"taxonomy":"product_tag","embeddable":true,"href":"https:\/\/inti.hr\/bs\/wp-json\/wp\/v2\/product_tag?post=30521"}],"curies":[{"name":"wp","href":"https:\/\/api.w.org\/{rel}","templated":true}]}}