{"id":30543,"date":"2026-03-10T13:27:41","date_gmt":"2026-03-10T12:27:41","guid":{"rendered":"https:\/\/inti.hr\/product\/kolica-za-posluzivanje-kolica-na-kotacima-s-3-razine\/"},"modified":"2026-03-10T13:27:41","modified_gmt":"2026-03-10T12:27:41","slug":"kolica-za-posluzivanje-kolica-na-kotacima-s-3-razine","status":"publish","type":"product","link":"https:\/\/inti.hr\/bs\/proizvod\/kolica-za-posluzivanje-kolica-na-kotacima-s-3-razine\/","title":{"rendered":"Kolica za poslu\u017eivanje, kolica na kota\u010dima s 3 razine"},"content":{"rendered":"<ul>\n<li><b><span dir=\"auto\">Detalji o proizvodu:<\/span><\/b><\/li>\n<li><span dir=\"auto\">Tehni\u010dki podaci:<\/span><\/li>\n<li><span dir=\"auto\">&#8211; Dimenzije: 30 x 46,8 x 92 cm (D x \u0160 x V)<\/span><\/li>\n<li><span dir=\"auto\">&#8211; Te\u017eina: 7,7 kg<\/span><\/li>\n<li><span dir=\"auto\">&#8211; Maks. stati\u010dka nosivost po razini: 30 kg<\/span><\/li>\n<li><span dir=\"auto\">&#8211; Materijal: \u010celik, zrcalno staklo<\/span><\/li>\n<li><span dir=\"auto\">&#8211; Boja: Zlatna<\/span><\/li>\n<\/ul>\n","protected":false},"excerpt":{"rendered":"<p>Zavodljive zrcalne police: Ova kolica za poslu\u017eivanje impresioniraju svojim zrcalnim staklenim &#8230; <\/p>\n","protected":false},"featured_media":30544,"template":"","meta":[],"product_cat":[2536],"product_tag":[2537,2538],"yoast_head":"<!-- This site is optimized with the Yoast SEO plugin v23.7 - https:\/\/yoast.com\/wordpress\/plugins\/seo\/ -->\n<title>Kolica za poslu\u017eivanje, kolica na kota\u010dima s 3 razine - Inti<\/title>\n<meta name=\"description\" content=\"Zavodljive zrcalne police: Ova kolica za poslu\u017eivanje impresioniraju svojim zrcalnim staklenim policama, koje im daju prepoznatljiv izgled.Prilago\u0111eno malim prostorima: Ova uska kolica savr\u0161ena su za uske prostore u kuhinjama, kupaonicama, uredima i spava\u0107im sobama. Omogu\u0107uju vam da maksimalno iskoristite svaki centimetar svog prostora.3 dr\u017ea\u010da za \u010da\u0161e: Ova kolica dolaze s 3 uklonjiva dr\u017ea\u010da za \u010da\u0161e koji vam \u010da\u0161e dr\u017ee nadohvat ruke.Fleksibilno: Sa svoja 4 kota\u010da i ru\u010dkama, ova kolica za bar mogu se lako manevrirati na bilo koju \u017eeljenu lokaciju.Izdr\u017eljiva i robusna: Izra\u0111ena od \u010dvrstog \u010deli\u010dnog okvira i otpornog stakla koje se lako \u010disti, ova kolica su sinonim za dugotrajnost i stabilnost.\" \/>\n<meta name=\"robots\" content=\"index, follow, max-snippet:-1, max-image-preview:large, max-video-preview:-1\" \/>\n<link rel=\"canonical\" href=\"https:\/\/inti.hr\/bs\/proizvod\/kolica-za-posluzivanje-kolica-na-kotacima-s-3-razine\/\" \/>\n<meta property=\"og:locale\" content=\"bs_BA\" \/>\n<meta property=\"og:type\" content=\"article\" \/>\n<meta property=\"og:title\" content=\"Kolica za poslu\u017eivanje, kolica na kota\u010dima s 3 razine - Inti\" \/>\n<meta property=\"og:description\" content=\"Zavodljive zrcalne police: Ova kolica za poslu\u017eivanje impresioniraju svojim zrcalnim staklenim policama, koje im daju prepoznatljiv izgled.Prilago\u0111eno malim prostorima: Ova uska kolica savr\u0161ena su za uske prostore u kuhinjama, kupaonicama, uredima i spava\u0107im sobama. Omogu\u0107uju vam da maksimalno iskoristite svaki centimetar svog prostora.3 dr\u017ea\u010da za \u010da\u0161e: Ova kolica dolaze s 3 uklonjiva dr\u017ea\u010da za \u010da\u0161e koji vam \u010da\u0161e dr\u017ee nadohvat ruke.Fleksibilno: Sa svoja 4 kota\u010da i ru\u010dkama, ova kolica za bar mogu se lako manevrirati na bilo koju \u017eeljenu lokaciju.Izdr\u017eljiva i robusna: Izra\u0111ena od \u010dvrstog \u010deli\u010dnog okvira i otpornog stakla koje se lako \u010disti, ova kolica su sinonim za dugotrajnost i stabilnost.\" \/>\n<meta property=\"og:url\" content=\"https:\/\/inti.hr\/bs\/proizvod\/kolica-za-posluzivanje-kolica-na-kotacima-s-3-razine\/\" \/>\n<meta property=\"og:site_name\" content=\"Inti\" \/>\n<meta property=\"og:image\" content=\"https:\/\/i0.wp.com\/inti.hr\/wp-content\/uploads\/2026\/03\/LRCB35091A62-1.jpg?fit=1000%2C1000&ssl=1\" \/>\n\t<meta property=\"og:image:width\" content=\"1000\" \/>\n\t<meta property=\"og:image:height\" content=\"1000\" \/>\n\t<meta property=\"og:image:type\" content=\"image\/jpeg\" \/>\n<meta name=\"twitter:card\" content=\"summary_large_image\" \/>\n<meta name=\"twitter:label1\" content=\"Est. reading time\" \/>\n\t<meta name=\"twitter:data1\" content=\"1 minuta\" \/>\n<script type=\"application\/ld+json\" class=\"yoast-schema-graph\">{\"@context\":\"https:\/\/schema.org\",\"@graph\":[{\"@type\":\"WebPage\",\"@id\":\"https:\/\/inti.hr\/bs\/proizvod\/kolica-za-posluzivanje-kolica-na-kotacima-s-3-razine\/\",\"url\":\"https:\/\/inti.hr\/bs\/proizvod\/kolica-za-posluzivanje-kolica-na-kotacima-s-3-razine\/\",\"name\":\"Kolica za poslu\u017eivanje, kolica na kota\u010dima s 3 razine - Inti\",\"isPartOf\":{\"@id\":\"https:\/\/inti.hr\/bs\/#website\"},\"primaryImageOfPage\":{\"@id\":\"https:\/\/inti.hr\/bs\/proizvod\/kolica-za-posluzivanje-kolica-na-kotacima-s-3-razine\/#primaryimage\"},\"image\":{\"@id\":\"https:\/\/inti.hr\/bs\/proizvod\/kolica-za-posluzivanje-kolica-na-kotacima-s-3-razine\/#primaryimage\"},\"thumbnailUrl\":\"https:\/\/i0.wp.com\/inti.hr\/wp-content\/uploads\/2026\/03\/LRCB35091A62-1.jpg?fit=1000%2C1000&ssl=1\",\"datePublished\":\"2026-03-10T12:27:41+00:00\",\"dateModified\":\"2026-03-10T12:27:41+00:00\",\"description\":\"Zavodljive zrcalne police: Ova kolica za poslu\u017eivanje impresioniraju svojim zrcalnim staklenim policama, koje im daju prepoznatljiv izgled.Prilago\u0111eno malim prostorima: Ova uska kolica savr\u0161ena su za uske prostore u kuhinjama, kupaonicama, uredima i spava\u0107im sobama. Omogu\u0107uju vam da maksimalno iskoristite svaki centimetar svog prostora.3 dr\u017ea\u010da za \u010da\u0161e: Ova kolica dolaze s 3 uklonjiva dr\u017ea\u010da za \u010da\u0161e koji vam \u010da\u0161e dr\u017ee nadohvat ruke.Fleksibilno: Sa svoja 4 kota\u010da i ru\u010dkama, ova kolica za bar mogu se lako manevrirati na bilo koju \u017eeljenu lokaciju.Izdr\u017eljiva i robusna: Izra\u0111ena od \u010dvrstog \u010deli\u010dnog okvira i otpornog stakla koje se lako \u010disti, ova kolica su sinonim za dugotrajnost i stabilnost.\",\"breadcrumb\":{\"@id\":\"https:\/\/inti.hr\/bs\/proizvod\/kolica-za-posluzivanje-kolica-na-kotacima-s-3-razine\/#breadcrumb\"},\"inLanguage\":\"bs-BA\",\"potentialAction\":[{\"@type\":\"ReadAction\",\"target\":[\"https:\/\/inti.hr\/bs\/proizvod\/kolica-za-posluzivanje-kolica-na-kotacima-s-3-razine\/\"]}]},{\"@type\":\"ImageObject\",\"inLanguage\":\"bs-BA\",\"@id\":\"https:\/\/inti.hr\/bs\/proizvod\/kolica-za-posluzivanje-kolica-na-kotacima-s-3-razine\/#primaryimage\",\"url\":\"https:\/\/i0.wp.com\/inti.hr\/wp-content\/uploads\/2026\/03\/LRCB35091A62-1.jpg?fit=1000%2C1000&ssl=1\",\"contentUrl\":\"https:\/\/i0.wp.com\/inti.hr\/wp-content\/uploads\/2026\/03\/LRCB35091A62-1.jpg?fit=1000%2C1000&ssl=1\",\"width\":1000,\"height\":1000},{\"@type\":\"BreadcrumbList\",\"@id\":\"https:\/\/inti.hr\/bs\/proizvod\/kolica-za-posluzivanje-kolica-na-kotacima-s-3-razine\/#breadcrumb\",\"itemListElement\":[{\"@type\":\"ListItem\",\"position\":1,\"name\":\"Po\u010detna stranica\",\"item\":\"https:\/\/inti.hr\/bs\/\"},{\"@type\":\"ListItem\",\"position\":2,\"name\":\"Trgovina\",\"item\":\"https:\/\/inti.hr\/bs\/trgovina\/\"},{\"@type\":\"ListItem\",\"position\":3,\"name\":\"Kolica za poslu\u017eivanje, kolica na kota\u010dima s 3 razine\"}]},{\"@type\":\"WebSite\",\"@id\":\"https:\/\/inti.hr\/bs\/#website\",\"url\":\"https:\/\/inti.hr\/bs\/\",\"name\":\"Inti\",\"description\":\"trgovina\",\"potentialAction\":[{\"@type\":\"SearchAction\",\"target\":{\"@type\":\"EntryPoint\",\"urlTemplate\":\"https:\/\/inti.hr\/bs\/?s={search_term_string}\"},\"query-input\":{\"@type\":\"PropertyValueSpecification\",\"valueRequired\":true,\"valueName\":\"search_term_string\"}}],\"inLanguage\":\"bs-BA\"}]}<\/script>\n<!-- \/ Yoast SEO plugin. -->","yoast_head_json":{"title":"Kolica za poslu\u017eivanje, kolica na kota\u010dima s 3 razine - Inti","description":"Zavodljive zrcalne police: Ova kolica za poslu\u017eivanje impresioniraju svojim zrcalnim staklenim policama, koje im daju prepoznatljiv izgled.Prilago\u0111eno malim prostorima: Ova uska kolica savr\u0161ena su za uske prostore u kuhinjama, kupaonicama, uredima i spava\u0107im sobama. Omogu\u0107uju vam da maksimalno iskoristite svaki centimetar svog prostora.3 dr\u017ea\u010da za \u010da\u0161e: Ova kolica dolaze s 3 uklonjiva dr\u017ea\u010da za \u010da\u0161e koji vam \u010da\u0161e dr\u017ee nadohvat ruke.Fleksibilno: Sa svoja 4 kota\u010da i ru\u010dkama, ova kolica za bar mogu se lako manevrirati na bilo koju \u017eeljenu lokaciju.Izdr\u017eljiva i robusna: Izra\u0111ena od \u010dvrstog \u010deli\u010dnog okvira i otpornog stakla koje se lako \u010disti, ova kolica su sinonim za dugotrajnost i stabilnost.","robots":{"index":"index","follow":"follow","max-snippet":"max-snippet:-1","max-image-preview":"max-image-preview:large","max-video-preview":"max-video-preview:-1"},"canonical":"https:\/\/inti.hr\/bs\/proizvod\/kolica-za-posluzivanje-kolica-na-kotacima-s-3-razine\/","og_locale":"bs_BA","og_type":"article","og_title":"Kolica za poslu\u017eivanje, kolica na kota\u010dima s 3 razine - Inti","og_description":"Zavodljive zrcalne police: Ova kolica za poslu\u017eivanje impresioniraju svojim zrcalnim staklenim policama, koje im daju prepoznatljiv izgled.Prilago\u0111eno malim prostorima: Ova uska kolica savr\u0161ena su za uske prostore u kuhinjama, kupaonicama, uredima i spava\u0107im sobama. Omogu\u0107uju vam da maksimalno iskoristite svaki centimetar svog prostora.3 dr\u017ea\u010da za \u010da\u0161e: Ova kolica dolaze s 3 uklonjiva dr\u017ea\u010da za \u010da\u0161e koji vam \u010da\u0161e dr\u017ee nadohvat ruke.Fleksibilno: Sa svoja 4 kota\u010da i ru\u010dkama, ova kolica za bar mogu se lako manevrirati na bilo koju \u017eeljenu lokaciju.Izdr\u017eljiva i robusna: Izra\u0111ena od \u010dvrstog \u010deli\u010dnog okvira i otpornog stakla koje se lako \u010disti, ova kolica su sinonim za dugotrajnost i stabilnost.","og_url":"https:\/\/inti.hr\/bs\/proizvod\/kolica-za-posluzivanje-kolica-na-kotacima-s-3-razine\/","og_site_name":"Inti","og_image":[{"width":1000,"height":1000,"url":"https:\/\/i0.wp.com\/inti.hr\/wp-content\/uploads\/2026\/03\/LRCB35091A62-1.jpg?fit=1000%2C1000&ssl=1","type":"image\/jpeg"}],"twitter_card":"summary_large_image","twitter_misc":{"Est. reading time":"1 minuta"},"schema":{"@context":"https:\/\/schema.org","@graph":[{"@type":"WebPage","@id":"https:\/\/inti.hr\/bs\/proizvod\/kolica-za-posluzivanje-kolica-na-kotacima-s-3-razine\/","url":"https:\/\/inti.hr\/bs\/proizvod\/kolica-za-posluzivanje-kolica-na-kotacima-s-3-razine\/","name":"Kolica za poslu\u017eivanje, kolica na kota\u010dima s 3 razine - Inti","isPartOf":{"@id":"https:\/\/inti.hr\/bs\/#website"},"primaryImageOfPage":{"@id":"https:\/\/inti.hr\/bs\/proizvod\/kolica-za-posluzivanje-kolica-na-kotacima-s-3-razine\/#primaryimage"},"image":{"@id":"https:\/\/inti.hr\/bs\/proizvod\/kolica-za-posluzivanje-kolica-na-kotacima-s-3-razine\/#primaryimage"},"thumbnailUrl":"https:\/\/i0.wp.com\/inti.hr\/wp-content\/uploads\/2026\/03\/LRCB35091A62-1.jpg?fit=1000%2C1000&ssl=1","datePublished":"2026-03-10T12:27:41+00:00","dateModified":"2026-03-10T12:27:41+00:00","description":"Zavodljive zrcalne police: Ova kolica za poslu\u017eivanje impresioniraju svojim zrcalnim staklenim policama, koje im daju prepoznatljiv izgled.Prilago\u0111eno malim prostorima: Ova uska kolica savr\u0161ena su za uske prostore u kuhinjama, kupaonicama, uredima i spava\u0107im sobama. Omogu\u0107uju vam da maksimalno iskoristite svaki centimetar svog prostora.3 dr\u017ea\u010da za \u010da\u0161e: Ova kolica dolaze s 3 uklonjiva dr\u017ea\u010da za \u010da\u0161e koji vam \u010da\u0161e dr\u017ee nadohvat ruke.Fleksibilno: Sa svoja 4 kota\u010da i ru\u010dkama, ova kolica za bar mogu se lako manevrirati na bilo koju \u017eeljenu lokaciju.Izdr\u017eljiva i robusna: Izra\u0111ena od \u010dvrstog \u010deli\u010dnog okvira i otpornog stakla koje se lako \u010disti, ova kolica su sinonim za dugotrajnost i stabilnost.","breadcrumb":{"@id":"https:\/\/inti.hr\/bs\/proizvod\/kolica-za-posluzivanje-kolica-na-kotacima-s-3-razine\/#breadcrumb"},"inLanguage":"bs-BA","potentialAction":[{"@type":"ReadAction","target":["https:\/\/inti.hr\/bs\/proizvod\/kolica-za-posluzivanje-kolica-na-kotacima-s-3-razine\/"]}]},{"@type":"ImageObject","inLanguage":"bs-BA","@id":"https:\/\/inti.hr\/bs\/proizvod\/kolica-za-posluzivanje-kolica-na-kotacima-s-3-razine\/#primaryimage","url":"https:\/\/i0.wp.com\/inti.hr\/wp-content\/uploads\/2026\/03\/LRCB35091A62-1.jpg?fit=1000%2C1000&ssl=1","contentUrl":"https:\/\/i0.wp.com\/inti.hr\/wp-content\/uploads\/2026\/03\/LRCB35091A62-1.jpg?fit=1000%2C1000&ssl=1","width":1000,"height":1000},{"@type":"BreadcrumbList","@id":"https:\/\/inti.hr\/bs\/proizvod\/kolica-za-posluzivanje-kolica-na-kotacima-s-3-razine\/#breadcrumb","itemListElement":[{"@type":"ListItem","position":1,"name":"Po\u010detna stranica","item":"https:\/\/inti.hr\/bs\/"},{"@type":"ListItem","position":2,"name":"Trgovina","item":"https:\/\/inti.hr\/bs\/trgovina\/"},{"@type":"ListItem","position":3,"name":"Kolica za poslu\u017eivanje, kolica na kota\u010dima s 3 razine"}]},{"@type":"WebSite","@id":"https:\/\/inti.hr\/bs\/#website","url":"https:\/\/inti.hr\/bs\/","name":"Inti","description":"trgovina","potentialAction":[{"@type":"SearchAction","target":{"@type":"EntryPoint","urlTemplate":"https:\/\/inti.hr\/bs\/?s={search_term_string}"},"query-input":{"@type":"PropertyValueSpecification","valueRequired":true,"valueName":"search_term_string"}}],"inLanguage":"bs-BA"}]}},"jetpack_sharing_enabled":true,"jetpack-related-posts":[],"_links":{"self":[{"href":"https:\/\/inti.hr\/bs\/wp-json\/wp\/v2\/product\/30543"}],"collection":[{"href":"https:\/\/inti.hr\/bs\/wp-json\/wp\/v2\/product"}],"about":[{"href":"https:\/\/inti.hr\/bs\/wp-json\/wp\/v2\/types\/product"}],"wp:featuredmedia":[{"embeddable":true,"href":"https:\/\/inti.hr\/bs\/wp-json\/wp\/v2\/media\/30544"}],"wp:attachment":[{"href":"https:\/\/inti.hr\/bs\/wp-json\/wp\/v2\/media?parent=30543"}],"wp:term":[{"taxonomy":"product_cat","embeddable":true,"href":"https:\/\/inti.hr\/bs\/wp-json\/wp\/v2\/product_cat?post=30543"},{"taxonomy":"product_tag","embeddable":true,"href":"https:\/\/inti.hr\/bs\/wp-json\/wp\/v2\/product_tag?post=30543"}],"curies":[{"name":"wp","href":"https:\/\/api.w.org\/{rel}","templated":true}]}}