{"id":30559,"date":"2026-03-10T09:41:10","date_gmt":"2026-03-10T08:41:10","guid":{"rendered":"https:\/\/inti.hr\/product\/modularna-kutna-sofa-244-cm\/"},"modified":"2026-03-10T09:41:10","modified_gmt":"2026-03-10T08:41:10","slug":"modularna-kutna-sofa-244-cm","status":"publish","type":"product","link":"https:\/\/inti.hr\/bs\/proizvod\/modularna-kutna-sofa-244-cm\/","title":{"rendered":"Modularna kutna sofa 244 cm"},"content":{"rendered":"<p>Detalji o proizvodu:<br \/>\n&#8211; Boja: \u0160kriljevac siva<br \/>\n&#8211; Materijal: Pjena visoke gusto\u0107e, korduro tkanina, netkana tkanina, perje<br \/>\n&#8211; Veli\u010dina: 150 x 244 x 73 cm (D x \u0160 x V)<br \/>\n&#8211; Te\u017eina: 51,9 kg<br \/>\n&#8211; Maks. stati\u010dka nosivost: 520 kg<\/p>\n<p>&nbsp;<\/p>\n<p><span dir=\"auto\">Opseg isporuke:<\/span><\/p>\n<div>\n<ul>\n<li><span dir=\"auto\">Paket 1:<\/span><\/li>\n<li><span dir=\"auto\">&#8211; 1 x le\u017ealjka<\/span><\/li>\n<li><span dir=\"auto\">&#8211; 1 x jastuk za naslon<\/span><\/li>\n<li><span dir=\"auto\">&#8211; 1 x ukrasni jastuk<\/span><\/li>\n<li><span dir=\"auto\">&#8211; 1 x paket dodatne opreme<\/span><\/li>\n<li><span dir=\"auto\">&#8211; 1 x upute za uporabu<\/span><\/li>\n<li><\/li>\n<li><span dir=\"auto\">Paket 2:<\/span><\/li>\n<li><span dir=\"auto\">&#8211; 1 x kau\u010d na razvla\u010denje za 2 osobe<\/span><\/li>\n<li><span dir=\"auto\">&#8211; 2 x jastuka za naslon<\/span><\/li>\n<li><span dir=\"auto\">&#8211; 1 x ukrasni jastuk<\/span><\/li>\n<\/ul>\n<\/div>\n","protected":false},"excerpt":{"rendered":"<p>Nije potrebna monta\u017ea: Ova kutna sofa isporu\u010duje se u dva paketa &#8230; <\/p>\n","protected":false},"featured_media":30561,"template":"","meta":[],"product_cat":[2418],"product_tag":[2542,2543],"yoast_head":"<!-- This site is optimized with the Yoast SEO plugin v23.7 - https:\/\/yoast.com\/wordpress\/plugins\/seo\/ -->\n<title>Modularna kutna sofa 244 cm - Inti<\/title>\n<meta name=\"description\" content=\"Nije potrebna monta\u017ea: Ova kutna sofa isporu\u010duje se u dva paketa \u2013 jednostavno je raspakirajte i prozra\u010dite. U roku od 72 sata, sofa \u0107e ponovno zauzeti svoj puni volumen i biti spremna pru\u017eiti vam opu\u0161taju\u0107u udobnost kod ku\u0107e.Vrhunska udobnost sjedenja: Ova sofa ima duboku i \u0161iroku le\u017ealjku u usporedbi s konvencionalnim sofama. Zakrivljeni nasloni za ruke slu\u017ee i kao nasloni za glavu, omogu\u0107uju\u0107i vam da se udobno istegnete, opustite i ostavite stres svakodnevnog \u017eivota iza sebe.Modularna sloboda: Ova modularna sofa prilago\u0111ava se va\u0161im potrebama - bilo da je rije\u010d o ravnoj sofi, kutnoj sofi ili udobnoj sofi na razvla\u010denje. Savr\u0161ena za filmske ve\u010deri, opu\u0161taju\u0107i odmor, igranje igrica ili kvalitetno provo\u0111enje vremena s obitelji.Mekana, a opet potporna: Mekana navlaka od korduroja poziva vas da je dodirnete i osjetite udobnost. Visokokvalitetna pjena i opruge pru\u017eaju dugotrajnu potporu \u2013 gotovo kao da utonete u topli zagrljaj.Svestran: Ovaj kau\u010d na razvla\u010denje prilago\u0111ava se svakoj prostoriji - bilo da se radi o dnevnom boravku, stanu, spava\u0107oj sobi ili gostinjskoj sobi. To je vi\u0161e od obi\u010dnog komada namje\u0161taja: mjesto za smijeh, opu\u0161tanje i u\u017eivanje u zajedni\u010dkom \u017eivotu.\" \/>\n<meta name=\"robots\" content=\"index, follow, max-snippet:-1, max-image-preview:large, max-video-preview:-1\" \/>\n<link rel=\"canonical\" href=\"https:\/\/inti.hr\/bs\/proizvod\/modularna-kutna-sofa-244-cm\/\" \/>\n<meta property=\"og:locale\" content=\"bs_BA\" \/>\n<meta property=\"og:type\" content=\"article\" \/>\n<meta property=\"og:title\" content=\"Modularna kutna sofa 244 cm - Inti\" \/>\n<meta property=\"og:description\" content=\"Nije potrebna monta\u017ea: Ova kutna sofa isporu\u010duje se u dva paketa \u2013 jednostavno je raspakirajte i prozra\u010dite. U roku od 72 sata, sofa \u0107e ponovno zauzeti svoj puni volumen i biti spremna pru\u017eiti vam opu\u0161taju\u0107u udobnost kod ku\u0107e.Vrhunska udobnost sjedenja: Ova sofa ima duboku i \u0161iroku le\u017ealjku u usporedbi s konvencionalnim sofama. Zakrivljeni nasloni za ruke slu\u017ee i kao nasloni za glavu, omogu\u0107uju\u0107i vam da se udobno istegnete, opustite i ostavite stres svakodnevnog \u017eivota iza sebe.Modularna sloboda: Ova modularna sofa prilago\u0111ava se va\u0161im potrebama - bilo da je rije\u010d o ravnoj sofi, kutnoj sofi ili udobnoj sofi na razvla\u010denje. Savr\u0161ena za filmske ve\u010deri, opu\u0161taju\u0107i odmor, igranje igrica ili kvalitetno provo\u0111enje vremena s obitelji.Mekana, a opet potporna: Mekana navlaka od korduroja poziva vas da je dodirnete i osjetite udobnost. Visokokvalitetna pjena i opruge pru\u017eaju dugotrajnu potporu \u2013 gotovo kao da utonete u topli zagrljaj.Svestran: Ovaj kau\u010d na razvla\u010denje prilago\u0111ava se svakoj prostoriji - bilo da se radi o dnevnom boravku, stanu, spava\u0107oj sobi ili gostinjskoj sobi. To je vi\u0161e od obi\u010dnog komada namje\u0161taja: mjesto za smijeh, opu\u0161tanje i u\u017eivanje u zajedni\u010dkom \u017eivotu.\" \/>\n<meta property=\"og:url\" content=\"https:\/\/inti.hr\/bs\/proizvod\/modularna-kutna-sofa-244-cm\/\" \/>\n<meta property=\"og:site_name\" content=\"Inti\" \/>\n<meta property=\"og:image\" content=\"https:\/\/i0.wp.com\/inti.hr\/wp-content\/uploads\/2026\/03\/LCS183WD01-1.jpg?fit=1000%2C1000&ssl=1\" \/>\n\t<meta property=\"og:image:width\" content=\"1000\" \/>\n\t<meta property=\"og:image:height\" content=\"1000\" \/>\n\t<meta property=\"og:image:type\" content=\"image\/jpeg\" \/>\n<meta name=\"twitter:card\" content=\"summary_large_image\" \/>\n<script type=\"application\/ld+json\" class=\"yoast-schema-graph\">{\"@context\":\"https:\/\/schema.org\",\"@graph\":[{\"@type\":\"WebPage\",\"@id\":\"https:\/\/inti.hr\/bs\/proizvod\/modularna-kutna-sofa-244-cm\/\",\"url\":\"https:\/\/inti.hr\/bs\/proizvod\/modularna-kutna-sofa-244-cm\/\",\"name\":\"Modularna kutna sofa 244 cm - Inti\",\"isPartOf\":{\"@id\":\"https:\/\/inti.hr\/bs\/#website\"},\"primaryImageOfPage\":{\"@id\":\"https:\/\/inti.hr\/bs\/proizvod\/modularna-kutna-sofa-244-cm\/#primaryimage\"},\"image\":{\"@id\":\"https:\/\/inti.hr\/bs\/proizvod\/modularna-kutna-sofa-244-cm\/#primaryimage\"},\"thumbnailUrl\":\"https:\/\/i0.wp.com\/inti.hr\/wp-content\/uploads\/2026\/03\/LCS183WD01-1.jpg?fit=1000%2C1000&ssl=1\",\"datePublished\":\"2026-03-10T08:41:10+00:00\",\"dateModified\":\"2026-03-10T08:41:10+00:00\",\"description\":\"Nije potrebna monta\u017ea: Ova kutna sofa isporu\u010duje se u dva paketa \u2013 jednostavno je raspakirajte i prozra\u010dite. U roku od 72 sata, sofa \u0107e ponovno zauzeti svoj puni volumen i biti spremna pru\u017eiti vam opu\u0161taju\u0107u udobnost kod ku\u0107e.Vrhunska udobnost sjedenja: Ova sofa ima duboku i \u0161iroku le\u017ealjku u usporedbi s konvencionalnim sofama. Zakrivljeni nasloni za ruke slu\u017ee i kao nasloni za glavu, omogu\u0107uju\u0107i vam da se udobno istegnete, opustite i ostavite stres svakodnevnog \u017eivota iza sebe.Modularna sloboda: Ova modularna sofa prilago\u0111ava se va\u0161im potrebama - bilo da je rije\u010d o ravnoj sofi, kutnoj sofi ili udobnoj sofi na razvla\u010denje. Savr\u0161ena za filmske ve\u010deri, opu\u0161taju\u0107i odmor, igranje igrica ili kvalitetno provo\u0111enje vremena s obitelji.Mekana, a opet potporna: Mekana navlaka od korduroja poziva vas da je dodirnete i osjetite udobnost. Visokokvalitetna pjena i opruge pru\u017eaju dugotrajnu potporu \u2013 gotovo kao da utonete u topli zagrljaj.Svestran: Ovaj kau\u010d na razvla\u010denje prilago\u0111ava se svakoj prostoriji - bilo da se radi o dnevnom boravku, stanu, spava\u0107oj sobi ili gostinjskoj sobi. To je vi\u0161e od obi\u010dnog komada namje\u0161taja: mjesto za smijeh, opu\u0161tanje i u\u017eivanje u zajedni\u010dkom \u017eivotu.\",\"breadcrumb\":{\"@id\":\"https:\/\/inti.hr\/bs\/proizvod\/modularna-kutna-sofa-244-cm\/#breadcrumb\"},\"inLanguage\":\"bs-BA\",\"potentialAction\":[{\"@type\":\"ReadAction\",\"target\":[\"https:\/\/inti.hr\/bs\/proizvod\/modularna-kutna-sofa-244-cm\/\"]}]},{\"@type\":\"ImageObject\",\"inLanguage\":\"bs-BA\",\"@id\":\"https:\/\/inti.hr\/bs\/proizvod\/modularna-kutna-sofa-244-cm\/#primaryimage\",\"url\":\"https:\/\/i0.wp.com\/inti.hr\/wp-content\/uploads\/2026\/03\/LCS183WD01-1.jpg?fit=1000%2C1000&ssl=1\",\"contentUrl\":\"https:\/\/i0.wp.com\/inti.hr\/wp-content\/uploads\/2026\/03\/LCS183WD01-1.jpg?fit=1000%2C1000&ssl=1\",\"width\":1000,\"height\":1000,\"caption\":\"Modularna kutna sofa 244 cm s le\u017ealjkom krem \u200b\u200bbijela\"},{\"@type\":\"BreadcrumbList\",\"@id\":\"https:\/\/inti.hr\/bs\/proizvod\/modularna-kutna-sofa-244-cm\/#breadcrumb\",\"itemListElement\":[{\"@type\":\"ListItem\",\"position\":1,\"name\":\"Po\u010detna stranica\",\"item\":\"https:\/\/inti.hr\/bs\/\"},{\"@type\":\"ListItem\",\"position\":2,\"name\":\"Trgovina\",\"item\":\"https:\/\/inti.hr\/bs\/trgovina\/\"},{\"@type\":\"ListItem\",\"position\":3,\"name\":\"Modularna kutna sofa 244 cm\"}]},{\"@type\":\"WebSite\",\"@id\":\"https:\/\/inti.hr\/bs\/#website\",\"url\":\"https:\/\/inti.hr\/bs\/\",\"name\":\"Inti\",\"description\":\"trgovina\",\"potentialAction\":[{\"@type\":\"SearchAction\",\"target\":{\"@type\":\"EntryPoint\",\"urlTemplate\":\"https:\/\/inti.hr\/bs\/?s={search_term_string}\"},\"query-input\":{\"@type\":\"PropertyValueSpecification\",\"valueRequired\":true,\"valueName\":\"search_term_string\"}}],\"inLanguage\":\"bs-BA\"}]}<\/script>\n<!-- \/ Yoast SEO plugin. -->","yoast_head_json":{"title":"Modularna kutna sofa 244 cm - Inti","description":"Nije potrebna monta\u017ea: Ova kutna sofa isporu\u010duje se u dva paketa \u2013 jednostavno je raspakirajte i prozra\u010dite. U roku od 72 sata, sofa \u0107e ponovno zauzeti svoj puni volumen i biti spremna pru\u017eiti vam opu\u0161taju\u0107u udobnost kod ku\u0107e.Vrhunska udobnost sjedenja: Ova sofa ima duboku i \u0161iroku le\u017ealjku u usporedbi s konvencionalnim sofama. Zakrivljeni nasloni za ruke slu\u017ee i kao nasloni za glavu, omogu\u0107uju\u0107i vam da se udobno istegnete, opustite i ostavite stres svakodnevnog \u017eivota iza sebe.Modularna sloboda: Ova modularna sofa prilago\u0111ava se va\u0161im potrebama - bilo da je rije\u010d o ravnoj sofi, kutnoj sofi ili udobnoj sofi na razvla\u010denje. Savr\u0161ena za filmske ve\u010deri, opu\u0161taju\u0107i odmor, igranje igrica ili kvalitetno provo\u0111enje vremena s obitelji.Mekana, a opet potporna: Mekana navlaka od korduroja poziva vas da je dodirnete i osjetite udobnost. Visokokvalitetna pjena i opruge pru\u017eaju dugotrajnu potporu \u2013 gotovo kao da utonete u topli zagrljaj.Svestran: Ovaj kau\u010d na razvla\u010denje prilago\u0111ava se svakoj prostoriji - bilo da se radi o dnevnom boravku, stanu, spava\u0107oj sobi ili gostinjskoj sobi. To je vi\u0161e od obi\u010dnog komada namje\u0161taja: mjesto za smijeh, opu\u0161tanje i u\u017eivanje u zajedni\u010dkom \u017eivotu.","robots":{"index":"index","follow":"follow","max-snippet":"max-snippet:-1","max-image-preview":"max-image-preview:large","max-video-preview":"max-video-preview:-1"},"canonical":"https:\/\/inti.hr\/bs\/proizvod\/modularna-kutna-sofa-244-cm\/","og_locale":"bs_BA","og_type":"article","og_title":"Modularna kutna sofa 244 cm - Inti","og_description":"Nije potrebna monta\u017ea: Ova kutna sofa isporu\u010duje se u dva paketa \u2013 jednostavno je raspakirajte i prozra\u010dite. U roku od 72 sata, sofa \u0107e ponovno zauzeti svoj puni volumen i biti spremna pru\u017eiti vam opu\u0161taju\u0107u udobnost kod ku\u0107e.Vrhunska udobnost sjedenja: Ova sofa ima duboku i \u0161iroku le\u017ealjku u usporedbi s konvencionalnim sofama. Zakrivljeni nasloni za ruke slu\u017ee i kao nasloni za glavu, omogu\u0107uju\u0107i vam da se udobno istegnete, opustite i ostavite stres svakodnevnog \u017eivota iza sebe.Modularna sloboda: Ova modularna sofa prilago\u0111ava se va\u0161im potrebama - bilo da je rije\u010d o ravnoj sofi, kutnoj sofi ili udobnoj sofi na razvla\u010denje. Savr\u0161ena za filmske ve\u010deri, opu\u0161taju\u0107i odmor, igranje igrica ili kvalitetno provo\u0111enje vremena s obitelji.Mekana, a opet potporna: Mekana navlaka od korduroja poziva vas da je dodirnete i osjetite udobnost. Visokokvalitetna pjena i opruge pru\u017eaju dugotrajnu potporu \u2013 gotovo kao da utonete u topli zagrljaj.Svestran: Ovaj kau\u010d na razvla\u010denje prilago\u0111ava se svakoj prostoriji - bilo da se radi o dnevnom boravku, stanu, spava\u0107oj sobi ili gostinjskoj sobi. To je vi\u0161e od obi\u010dnog komada namje\u0161taja: mjesto za smijeh, opu\u0161tanje i u\u017eivanje u zajedni\u010dkom \u017eivotu.","og_url":"https:\/\/inti.hr\/bs\/proizvod\/modularna-kutna-sofa-244-cm\/","og_site_name":"Inti","og_image":[{"width":1000,"height":1000,"url":"https:\/\/i0.wp.com\/inti.hr\/wp-content\/uploads\/2026\/03\/LCS183WD01-1.jpg?fit=1000%2C1000&ssl=1","type":"image\/jpeg"}],"twitter_card":"summary_large_image","schema":{"@context":"https:\/\/schema.org","@graph":[{"@type":"WebPage","@id":"https:\/\/inti.hr\/bs\/proizvod\/modularna-kutna-sofa-244-cm\/","url":"https:\/\/inti.hr\/bs\/proizvod\/modularna-kutna-sofa-244-cm\/","name":"Modularna kutna sofa 244 cm - Inti","isPartOf":{"@id":"https:\/\/inti.hr\/bs\/#website"},"primaryImageOfPage":{"@id":"https:\/\/inti.hr\/bs\/proizvod\/modularna-kutna-sofa-244-cm\/#primaryimage"},"image":{"@id":"https:\/\/inti.hr\/bs\/proizvod\/modularna-kutna-sofa-244-cm\/#primaryimage"},"thumbnailUrl":"https:\/\/i0.wp.com\/inti.hr\/wp-content\/uploads\/2026\/03\/LCS183WD01-1.jpg?fit=1000%2C1000&ssl=1","datePublished":"2026-03-10T08:41:10+00:00","dateModified":"2026-03-10T08:41:10+00:00","description":"Nije potrebna monta\u017ea: Ova kutna sofa isporu\u010duje se u dva paketa \u2013 jednostavno je raspakirajte i prozra\u010dite. U roku od 72 sata, sofa \u0107e ponovno zauzeti svoj puni volumen i biti spremna pru\u017eiti vam opu\u0161taju\u0107u udobnost kod ku\u0107e.Vrhunska udobnost sjedenja: Ova sofa ima duboku i \u0161iroku le\u017ealjku u usporedbi s konvencionalnim sofama. Zakrivljeni nasloni za ruke slu\u017ee i kao nasloni za glavu, omogu\u0107uju\u0107i vam da se udobno istegnete, opustite i ostavite stres svakodnevnog \u017eivota iza sebe.Modularna sloboda: Ova modularna sofa prilago\u0111ava se va\u0161im potrebama - bilo da je rije\u010d o ravnoj sofi, kutnoj sofi ili udobnoj sofi na razvla\u010denje. Savr\u0161ena za filmske ve\u010deri, opu\u0161taju\u0107i odmor, igranje igrica ili kvalitetno provo\u0111enje vremena s obitelji.Mekana, a opet potporna: Mekana navlaka od korduroja poziva vas da je dodirnete i osjetite udobnost. Visokokvalitetna pjena i opruge pru\u017eaju dugotrajnu potporu \u2013 gotovo kao da utonete u topli zagrljaj.Svestran: Ovaj kau\u010d na razvla\u010denje prilago\u0111ava se svakoj prostoriji - bilo da se radi o dnevnom boravku, stanu, spava\u0107oj sobi ili gostinjskoj sobi. To je vi\u0161e od obi\u010dnog komada namje\u0161taja: mjesto za smijeh, opu\u0161tanje i u\u017eivanje u zajedni\u010dkom \u017eivotu.","breadcrumb":{"@id":"https:\/\/inti.hr\/bs\/proizvod\/modularna-kutna-sofa-244-cm\/#breadcrumb"},"inLanguage":"bs-BA","potentialAction":[{"@type":"ReadAction","target":["https:\/\/inti.hr\/bs\/proizvod\/modularna-kutna-sofa-244-cm\/"]}]},{"@type":"ImageObject","inLanguage":"bs-BA","@id":"https:\/\/inti.hr\/bs\/proizvod\/modularna-kutna-sofa-244-cm\/#primaryimage","url":"https:\/\/i0.wp.com\/inti.hr\/wp-content\/uploads\/2026\/03\/LCS183WD01-1.jpg?fit=1000%2C1000&ssl=1","contentUrl":"https:\/\/i0.wp.com\/inti.hr\/wp-content\/uploads\/2026\/03\/LCS183WD01-1.jpg?fit=1000%2C1000&ssl=1","width":1000,"height":1000,"caption":"Modularna kutna sofa 244 cm s le\u017ealjkom krem \u200b\u200bbijela"},{"@type":"BreadcrumbList","@id":"https:\/\/inti.hr\/bs\/proizvod\/modularna-kutna-sofa-244-cm\/#breadcrumb","itemListElement":[{"@type":"ListItem","position":1,"name":"Po\u010detna stranica","item":"https:\/\/inti.hr\/bs\/"},{"@type":"ListItem","position":2,"name":"Trgovina","item":"https:\/\/inti.hr\/bs\/trgovina\/"},{"@type":"ListItem","position":3,"name":"Modularna kutna sofa 244 cm"}]},{"@type":"WebSite","@id":"https:\/\/inti.hr\/bs\/#website","url":"https:\/\/inti.hr\/bs\/","name":"Inti","description":"trgovina","potentialAction":[{"@type":"SearchAction","target":{"@type":"EntryPoint","urlTemplate":"https:\/\/inti.hr\/bs\/?s={search_term_string}"},"query-input":{"@type":"PropertyValueSpecification","valueRequired":true,"valueName":"search_term_string"}}],"inLanguage":"bs-BA"}]}},"jetpack_sharing_enabled":true,"jetpack-related-posts":[],"_links":{"self":[{"href":"https:\/\/inti.hr\/bs\/wp-json\/wp\/v2\/product\/30559"}],"collection":[{"href":"https:\/\/inti.hr\/bs\/wp-json\/wp\/v2\/product"}],"about":[{"href":"https:\/\/inti.hr\/bs\/wp-json\/wp\/v2\/types\/product"}],"wp:featuredmedia":[{"embeddable":true,"href":"https:\/\/inti.hr\/bs\/wp-json\/wp\/v2\/media\/30561"}],"wp:attachment":[{"href":"https:\/\/inti.hr\/bs\/wp-json\/wp\/v2\/media?parent=30559"}],"wp:term":[{"taxonomy":"product_cat","embeddable":true,"href":"https:\/\/inti.hr\/bs\/wp-json\/wp\/v2\/product_cat?post=30559"},{"taxonomy":"product_tag","embeddable":true,"href":"https:\/\/inti.hr\/bs\/wp-json\/wp\/v2\/product_tag?post=30559"}],"curies":[{"name":"wp","href":"https:\/\/api.w.org\/{rel}","templated":true}]}}