{"id":30583,"date":"2026-03-10T08:53:05","date_gmt":"2026-03-10T07:53:05","guid":{"rendered":"https:\/\/inti.hr\/product\/kupaonska-polica-iznad-wc-a-stedi-prostor\/"},"modified":"2026-03-10T08:53:05","modified_gmt":"2026-03-10T07:53:05","slug":"kupaonska-polica-iznad-wc-a-stedi-prostor","status":"publish","type":"product","link":"https:\/\/inti.hr\/bs\/proizvod\/kupaonska-polica-iznad-wc-a-stedi-prostor\/","title":{"rendered":"Kupaonska polica iznad WC-a \u0161tedi prostor"},"content":{"rendered":"<ul>\n<li><b><span dir=\"auto\">Detalji o proizvodu:<\/span><\/b><\/li>\n<li><span dir=\"auto\">Boja: Vintage sme\u0111a<\/span><\/li>\n<li><span dir=\"auto\">Materijal: \u010celik, iverica<\/span><\/li>\n<li><span dir=\"auto\">Veli\u010dina: 24 x 60 x 173 cm (D x \u0160 x V)<\/span><\/li>\n<li><span dir=\"auto\">Te\u017eina: 7,9 kg<\/span><\/li>\n<li><span dir=\"auto\">Maksimalna stati\u010dka nosivost po razini: 15 kg<\/span><\/li>\n<\/ul>\n","protected":false},"excerpt":{"rendered":"<ul class=\"left\">\n<li><span dir=\"auto\">Svestrana atrakcija: S rustikalnim drvenim izgledom i crnim &#8230;<br \/>\n","protected":false},"featured_media":30584,"template":"","meta":[],"product_cat":[2392],"product_tag":[2520,2556],"yoast_head":"<!-- This site is optimized with the Yoast SEO plugin v23.7 - https:\/\/yoast.com\/wordpress\/plugins\/seo\/ -->\n<title>Kupaonska polica iznad WC-a \u0161tedi prostor - Inti<\/title>\n<meta name=\"description\" content=\"Svestrana atrakcija: S rustikalnim drvenim izgledom i crnim metalnim okvirom, ova polica za WC \u0161koljku mo\u017ee poslu\u017eiti i kao polica za knjige u dnevnoj sobi, kuhinjska polica ili polica za biljke na balkonu, dodaju\u0107i industrijski \u0161arm va\u0161em domu.Prostrana: 3 otvorene police, 1 ko\u0161ara za pohranu, 3 uklonjive kuke i 1 dr\u017ea\u010d za su\u0161ilo za kosu \u2013 ova kupaonska polica optimalno koristi prostor iznad WC-a kako bi va\u0161e kupaonske potrep\u0161tine bile uredno organizirane i lako dostupne.Fleksibilno i podesivo: Srednje police mogu se podesiti na tri razli\u010dite visine kako bi se smjestili predmeti razli\u010ditih veli\u010dina. Ko\u0161ara se mo\u017ee montirati na \u017eeljenu visinu, a podesiva pre\u010dka na dnu prilago\u0111ava se razli\u010ditim priklju\u010dcima vode.Stabilno i sigurno: Visokokvalitetne MDF plo\u010de i robusni \u010deli\u010dni okvir osiguravaju da svaka polica mo\u017ee podnijeti do 15 kg. X-u\u010dvr\u0161\u0107iva\u010d na stra\u017enjoj strani pove\u0107ava stabilnost, a prilo\u017eeni komplet protiv prevrtanja sprje\u010dava prevrtanje.Brza monta\u017ea: Zahvaljuju\u0107i jednostavnoj konstrukciji, lako razumljivim uputama i ozna\u010denim dijelovima, ova kupaonska polica mo\u017ee se sastaviti u tren oka.\" \/>\n<meta name=\"robots\" content=\"index, follow, max-snippet:-1, max-image-preview:large, max-video-preview:-1\" \/>\n<link rel=\"canonical\" href=\"https:\/\/inti.hr\/bs\/proizvod\/kupaonska-polica-iznad-wc-a-stedi-prostor\/\" \/>\n<meta property=\"og:locale\" content=\"bs_BA\" \/>\n<meta property=\"og:type\" content=\"article\" \/>\n<meta property=\"og:title\" content=\"Kupaonska polica iznad WC-a \u0161tedi prostor - Inti\" \/>\n<meta property=\"og:description\" content=\"Svestrana atrakcija: S rustikalnim drvenim izgledom i crnim metalnim okvirom, ova polica za WC \u0161koljku mo\u017ee poslu\u017eiti i kao polica za knjige u dnevnoj sobi, kuhinjska polica ili polica za biljke na balkonu, dodaju\u0107i industrijski \u0161arm va\u0161em domu.Prostrana: 3 otvorene police, 1 ko\u0161ara za pohranu, 3 uklonjive kuke i 1 dr\u017ea\u010d za su\u0161ilo za kosu \u2013 ova kupaonska polica optimalno koristi prostor iznad WC-a kako bi va\u0161e kupaonske potrep\u0161tine bile uredno organizirane i lako dostupne.Fleksibilno i podesivo: Srednje police mogu se podesiti na tri razli\u010dite visine kako bi se smjestili predmeti razli\u010ditih veli\u010dina. Ko\u0161ara se mo\u017ee montirati na \u017eeljenu visinu, a podesiva pre\u010dka na dnu prilago\u0111ava se razli\u010ditim priklju\u010dcima vode.Stabilno i sigurno: Visokokvalitetne MDF plo\u010de i robusni \u010deli\u010dni okvir osiguravaju da svaka polica mo\u017ee podnijeti do 15 kg. X-u\u010dvr\u0161\u0107iva\u010d na stra\u017enjoj strani pove\u0107ava stabilnost, a prilo\u017eeni komplet protiv prevrtanja sprje\u010dava prevrtanje.Brza monta\u017ea: Zahvaljuju\u0107i jednostavnoj konstrukciji, lako razumljivim uputama i ozna\u010denim dijelovima, ova kupaonska polica mo\u017ee se sastaviti u tren oka.\" \/>\n<meta property=\"og:url\" content=\"https:\/\/inti.hr\/bs\/proizvod\/kupaonska-polica-iznad-wc-a-stedi-prostor\/\" \/>\n<meta property=\"og:site_name\" content=\"Inti\" \/>\n<meta property=\"og:image\" content=\"https:\/\/i0.wp.com\/inti.hr\/wp-content\/uploads\/2026\/03\/BTS114KD01-1-1.jpg?fit=1000%2C1000&ssl=1\" \/>\n\t<meta property=\"og:image:width\" content=\"1000\" \/>\n\t<meta property=\"og:image:height\" content=\"1000\" \/>\n\t<meta property=\"og:image:type\" content=\"image\/jpeg\" \/>\n<meta name=\"twitter:card\" content=\"summary_large_image\" \/>\n<script type=\"application\/ld+json\" class=\"yoast-schema-graph\">{\"@context\":\"https:\/\/schema.org\",\"@graph\":[{\"@type\":\"WebPage\",\"@id\":\"https:\/\/inti.hr\/bs\/proizvod\/kupaonska-polica-iznad-wc-a-stedi-prostor\/\",\"url\":\"https:\/\/inti.hr\/bs\/proizvod\/kupaonska-polica-iznad-wc-a-stedi-prostor\/\",\"name\":\"Kupaonska polica iznad WC-a \u0161tedi prostor - Inti\",\"isPartOf\":{\"@id\":\"https:\/\/inti.hr\/bs\/#website\"},\"primaryImageOfPage\":{\"@id\":\"https:\/\/inti.hr\/bs\/proizvod\/kupaonska-polica-iznad-wc-a-stedi-prostor\/#primaryimage\"},\"image\":{\"@id\":\"https:\/\/inti.hr\/bs\/proizvod\/kupaonska-polica-iznad-wc-a-stedi-prostor\/#primaryimage\"},\"thumbnailUrl\":\"https:\/\/i0.wp.com\/inti.hr\/wp-content\/uploads\/2026\/03\/BTS114KD01-1-1.jpg?fit=1000%2C1000&ssl=1\",\"datePublished\":\"2026-03-10T07:53:05+00:00\",\"dateModified\":\"2026-03-10T07:53:05+00:00\",\"description\":\"Svestrana atrakcija: S rustikalnim drvenim izgledom i crnim metalnim okvirom, ova polica za WC \u0161koljku mo\u017ee poslu\u017eiti i kao polica za knjige u dnevnoj sobi, kuhinjska polica ili polica za biljke na balkonu, dodaju\u0107i industrijski \u0161arm va\u0161em domu.Prostrana: 3 otvorene police, 1 ko\u0161ara za pohranu, 3 uklonjive kuke i 1 dr\u017ea\u010d za su\u0161ilo za kosu \u2013 ova kupaonska polica optimalno koristi prostor iznad WC-a kako bi va\u0161e kupaonske potrep\u0161tine bile uredno organizirane i lako dostupne.Fleksibilno i podesivo: Srednje police mogu se podesiti na tri razli\u010dite visine kako bi se smjestili predmeti razli\u010ditih veli\u010dina. Ko\u0161ara se mo\u017ee montirati na \u017eeljenu visinu, a podesiva pre\u010dka na dnu prilago\u0111ava se razli\u010ditim priklju\u010dcima vode.Stabilno i sigurno: Visokokvalitetne MDF plo\u010de i robusni \u010deli\u010dni okvir osiguravaju da svaka polica mo\u017ee podnijeti do 15 kg. X-u\u010dvr\u0161\u0107iva\u010d na stra\u017enjoj strani pove\u0107ava stabilnost, a prilo\u017eeni komplet protiv prevrtanja sprje\u010dava prevrtanje.Brza monta\u017ea: Zahvaljuju\u0107i jednostavnoj konstrukciji, lako razumljivim uputama i ozna\u010denim dijelovima, ova kupaonska polica mo\u017ee se sastaviti u tren oka.\",\"breadcrumb\":{\"@id\":\"https:\/\/inti.hr\/bs\/proizvod\/kupaonska-polica-iznad-wc-a-stedi-prostor\/#breadcrumb\"},\"inLanguage\":\"bs-BA\",\"potentialAction\":[{\"@type\":\"ReadAction\",\"target\":[\"https:\/\/inti.hr\/bs\/proizvod\/kupaonska-polica-iznad-wc-a-stedi-prostor\/\"]}]},{\"@type\":\"ImageObject\",\"inLanguage\":\"bs-BA\",\"@id\":\"https:\/\/inti.hr\/bs\/proizvod\/kupaonska-polica-iznad-wc-a-stedi-prostor\/#primaryimage\",\"url\":\"https:\/\/i0.wp.com\/inti.hr\/wp-content\/uploads\/2026\/03\/BTS114KD01-1-1.jpg?fit=1000%2C1000&ssl=1\",\"contentUrl\":\"https:\/\/i0.wp.com\/inti.hr\/wp-content\/uploads\/2026\/03\/BTS114KD01-1-1.jpg?fit=1000%2C1000&ssl=1\",\"width\":1000,\"height\":1000,\"caption\":\"VASAGLE kupaonska polica iznad WC-a \u0161tedi prostor i organizira pribor za jelo\"},{\"@type\":\"BreadcrumbList\",\"@id\":\"https:\/\/inti.hr\/bs\/proizvod\/kupaonska-polica-iznad-wc-a-stedi-prostor\/#breadcrumb\",\"itemListElement\":[{\"@type\":\"ListItem\",\"position\":1,\"name\":\"Po\u010detna stranica\",\"item\":\"https:\/\/inti.hr\/bs\/\"},{\"@type\":\"ListItem\",\"position\":2,\"name\":\"Trgovina\",\"item\":\"https:\/\/inti.hr\/bs\/trgovina\/\"},{\"@type\":\"ListItem\",\"position\":3,\"name\":\"Kupaonska polica iznad WC-a \u0161tedi prostor\"}]},{\"@type\":\"WebSite\",\"@id\":\"https:\/\/inti.hr\/bs\/#website\",\"url\":\"https:\/\/inti.hr\/bs\/\",\"name\":\"Inti\",\"description\":\"trgovina\",\"potentialAction\":[{\"@type\":\"SearchAction\",\"target\":{\"@type\":\"EntryPoint\",\"urlTemplate\":\"https:\/\/inti.hr\/bs\/?s={search_term_string}\"},\"query-input\":{\"@type\":\"PropertyValueSpecification\",\"valueRequired\":true,\"valueName\":\"search_term_string\"}}],\"inLanguage\":\"bs-BA\"}]}<\/script>\n<!-- \/ Yoast SEO plugin. -->","yoast_head_json":{"title":"Kupaonska polica iznad WC-a \u0161tedi prostor - Inti","description":"Svestrana atrakcija: S rustikalnim drvenim izgledom i crnim metalnim okvirom, ova polica za WC \u0161koljku mo\u017ee poslu\u017eiti i kao polica za knjige u dnevnoj sobi, kuhinjska polica ili polica za biljke na balkonu, dodaju\u0107i industrijski \u0161arm va\u0161em domu.Prostrana: 3 otvorene police, 1 ko\u0161ara za pohranu, 3 uklonjive kuke i 1 dr\u017ea\u010d za su\u0161ilo za kosu \u2013 ova kupaonska polica optimalno koristi prostor iznad WC-a kako bi va\u0161e kupaonske potrep\u0161tine bile uredno organizirane i lako dostupne.Fleksibilno i podesivo: Srednje police mogu se podesiti na tri razli\u010dite visine kako bi se smjestili predmeti razli\u010ditih veli\u010dina. Ko\u0161ara se mo\u017ee montirati na \u017eeljenu visinu, a podesiva pre\u010dka na dnu prilago\u0111ava se razli\u010ditim priklju\u010dcima vode.Stabilno i sigurno: Visokokvalitetne MDF plo\u010de i robusni \u010deli\u010dni okvir osiguravaju da svaka polica mo\u017ee podnijeti do 15 kg. X-u\u010dvr\u0161\u0107iva\u010d na stra\u017enjoj strani pove\u0107ava stabilnost, a prilo\u017eeni komplet protiv prevrtanja sprje\u010dava prevrtanje.Brza monta\u017ea: Zahvaljuju\u0107i jednostavnoj konstrukciji, lako razumljivim uputama i ozna\u010denim dijelovima, ova kupaonska polica mo\u017ee se sastaviti u tren oka.","robots":{"index":"index","follow":"follow","max-snippet":"max-snippet:-1","max-image-preview":"max-image-preview:large","max-video-preview":"max-video-preview:-1"},"canonical":"https:\/\/inti.hr\/bs\/proizvod\/kupaonska-polica-iznad-wc-a-stedi-prostor\/","og_locale":"bs_BA","og_type":"article","og_title":"Kupaonska polica iznad WC-a \u0161tedi prostor - Inti","og_description":"Svestrana atrakcija: S rustikalnim drvenim izgledom i crnim metalnim okvirom, ova polica za WC \u0161koljku mo\u017ee poslu\u017eiti i kao polica za knjige u dnevnoj sobi, kuhinjska polica ili polica za biljke na balkonu, dodaju\u0107i industrijski \u0161arm va\u0161em domu.Prostrana: 3 otvorene police, 1 ko\u0161ara za pohranu, 3 uklonjive kuke i 1 dr\u017ea\u010d za su\u0161ilo za kosu \u2013 ova kupaonska polica optimalno koristi prostor iznad WC-a kako bi va\u0161e kupaonske potrep\u0161tine bile uredno organizirane i lako dostupne.Fleksibilno i podesivo: Srednje police mogu se podesiti na tri razli\u010dite visine kako bi se smjestili predmeti razli\u010ditih veli\u010dina. Ko\u0161ara se mo\u017ee montirati na \u017eeljenu visinu, a podesiva pre\u010dka na dnu prilago\u0111ava se razli\u010ditim priklju\u010dcima vode.Stabilno i sigurno: Visokokvalitetne MDF plo\u010de i robusni \u010deli\u010dni okvir osiguravaju da svaka polica mo\u017ee podnijeti do 15 kg. X-u\u010dvr\u0161\u0107iva\u010d na stra\u017enjoj strani pove\u0107ava stabilnost, a prilo\u017eeni komplet protiv prevrtanja sprje\u010dava prevrtanje.Brza monta\u017ea: Zahvaljuju\u0107i jednostavnoj konstrukciji, lako razumljivim uputama i ozna\u010denim dijelovima, ova kupaonska polica mo\u017ee se sastaviti u tren oka.","og_url":"https:\/\/inti.hr\/bs\/proizvod\/kupaonska-polica-iznad-wc-a-stedi-prostor\/","og_site_name":"Inti","og_image":[{"width":1000,"height":1000,"url":"https:\/\/i0.wp.com\/inti.hr\/wp-content\/uploads\/2026\/03\/BTS114KD01-1-1.jpg?fit=1000%2C1000&ssl=1","type":"image\/jpeg"}],"twitter_card":"summary_large_image","schema":{"@context":"https:\/\/schema.org","@graph":[{"@type":"WebPage","@id":"https:\/\/inti.hr\/bs\/proizvod\/kupaonska-polica-iznad-wc-a-stedi-prostor\/","url":"https:\/\/inti.hr\/bs\/proizvod\/kupaonska-polica-iznad-wc-a-stedi-prostor\/","name":"Kupaonska polica iznad WC-a \u0161tedi prostor - Inti","isPartOf":{"@id":"https:\/\/inti.hr\/bs\/#website"},"primaryImageOfPage":{"@id":"https:\/\/inti.hr\/bs\/proizvod\/kupaonska-polica-iznad-wc-a-stedi-prostor\/#primaryimage"},"image":{"@id":"https:\/\/inti.hr\/bs\/proizvod\/kupaonska-polica-iznad-wc-a-stedi-prostor\/#primaryimage"},"thumbnailUrl":"https:\/\/i0.wp.com\/inti.hr\/wp-content\/uploads\/2026\/03\/BTS114KD01-1-1.jpg?fit=1000%2C1000&ssl=1","datePublished":"2026-03-10T07:53:05+00:00","dateModified":"2026-03-10T07:53:05+00:00","description":"Svestrana atrakcija: S rustikalnim drvenim izgledom i crnim metalnim okvirom, ova polica za WC \u0161koljku mo\u017ee poslu\u017eiti i kao polica za knjige u dnevnoj sobi, kuhinjska polica ili polica za biljke na balkonu, dodaju\u0107i industrijski \u0161arm va\u0161em domu.Prostrana: 3 otvorene police, 1 ko\u0161ara za pohranu, 3 uklonjive kuke i 1 dr\u017ea\u010d za su\u0161ilo za kosu \u2013 ova kupaonska polica optimalno koristi prostor iznad WC-a kako bi va\u0161e kupaonske potrep\u0161tine bile uredno organizirane i lako dostupne.Fleksibilno i podesivo: Srednje police mogu se podesiti na tri razli\u010dite visine kako bi se smjestili predmeti razli\u010ditih veli\u010dina. Ko\u0161ara se mo\u017ee montirati na \u017eeljenu visinu, a podesiva pre\u010dka na dnu prilago\u0111ava se razli\u010ditim priklju\u010dcima vode.Stabilno i sigurno: Visokokvalitetne MDF plo\u010de i robusni \u010deli\u010dni okvir osiguravaju da svaka polica mo\u017ee podnijeti do 15 kg. X-u\u010dvr\u0161\u0107iva\u010d na stra\u017enjoj strani pove\u0107ava stabilnost, a prilo\u017eeni komplet protiv prevrtanja sprje\u010dava prevrtanje.Brza monta\u017ea: Zahvaljuju\u0107i jednostavnoj konstrukciji, lako razumljivim uputama i ozna\u010denim dijelovima, ova kupaonska polica mo\u017ee se sastaviti u tren oka.","breadcrumb":{"@id":"https:\/\/inti.hr\/bs\/proizvod\/kupaonska-polica-iznad-wc-a-stedi-prostor\/#breadcrumb"},"inLanguage":"bs-BA","potentialAction":[{"@type":"ReadAction","target":["https:\/\/inti.hr\/bs\/proizvod\/kupaonska-polica-iznad-wc-a-stedi-prostor\/"]}]},{"@type":"ImageObject","inLanguage":"bs-BA","@id":"https:\/\/inti.hr\/bs\/proizvod\/kupaonska-polica-iznad-wc-a-stedi-prostor\/#primaryimage","url":"https:\/\/i0.wp.com\/inti.hr\/wp-content\/uploads\/2026\/03\/BTS114KD01-1-1.jpg?fit=1000%2C1000&ssl=1","contentUrl":"https:\/\/i0.wp.com\/inti.hr\/wp-content\/uploads\/2026\/03\/BTS114KD01-1-1.jpg?fit=1000%2C1000&ssl=1","width":1000,"height":1000,"caption":"VASAGLE kupaonska polica iznad WC-a \u0161tedi prostor i organizira pribor za jelo"},{"@type":"BreadcrumbList","@id":"https:\/\/inti.hr\/bs\/proizvod\/kupaonska-polica-iznad-wc-a-stedi-prostor\/#breadcrumb","itemListElement":[{"@type":"ListItem","position":1,"name":"Po\u010detna stranica","item":"https:\/\/inti.hr\/bs\/"},{"@type":"ListItem","position":2,"name":"Trgovina","item":"https:\/\/inti.hr\/bs\/trgovina\/"},{"@type":"ListItem","position":3,"name":"Kupaonska polica iznad WC-a \u0161tedi prostor"}]},{"@type":"WebSite","@id":"https:\/\/inti.hr\/bs\/#website","url":"https:\/\/inti.hr\/bs\/","name":"Inti","description":"trgovina","potentialAction":[{"@type":"SearchAction","target":{"@type":"EntryPoint","urlTemplate":"https:\/\/inti.hr\/bs\/?s={search_term_string}"},"query-input":{"@type":"PropertyValueSpecification","valueRequired":true,"valueName":"search_term_string"}}],"inLanguage":"bs-BA"}]}},"jetpack_sharing_enabled":true,"jetpack-related-posts":[],"_links":{"self":[{"href":"https:\/\/inti.hr\/bs\/wp-json\/wp\/v2\/product\/30583"}],"collection":[{"href":"https:\/\/inti.hr\/bs\/wp-json\/wp\/v2\/product"}],"about":[{"href":"https:\/\/inti.hr\/bs\/wp-json\/wp\/v2\/types\/product"}],"wp:featuredmedia":[{"embeddable":true,"href":"https:\/\/inti.hr\/bs\/wp-json\/wp\/v2\/media\/30584"}],"wp:attachment":[{"href":"https:\/\/inti.hr\/bs\/wp-json\/wp\/v2\/media?parent=30583"}],"wp:term":[{"taxonomy":"product_cat","embeddable":true,"href":"https:\/\/inti.hr\/bs\/wp-json\/wp\/v2\/product_cat?post=30583"},{"taxonomy":"product_tag","embeddable":true,"href":"https:\/\/inti.hr\/bs\/wp-json\/wp\/v2\/product_tag?post=30583"}],"curies":[{"name":"wp","href":"https:\/\/api.w.org\/{rel}","templated":true}]}}