{"id":30587,"date":"2026-03-09T17:56:13","date_gmt":"2026-03-09T16:56:13","guid":{"rendered":"https:\/\/inti.hr\/product\/podignuta-vrtna-gredica-drvo-80x75x40-cm\/"},"modified":"2026-03-09T17:56:13","modified_gmt":"2026-03-09T16:56:13","slug":"podignuta-vrtna-gredica-drvo-80x75x40-cm","status":"publish","type":"product","link":"https:\/\/inti.hr\/bs\/proizvod\/podignuta-vrtna-gredica-drvo-80x75x40-cm\/","title":{"rendered":"Podignuta vrtna gredica, drvo, 80x75x40 cm"},"content":{"rendered":"<p>Tehni\u010dki podaci<br \/>\nMaterijal: Jela<br \/>\nBoja: Sme\u0111a\/Boja drveta<br \/>\nDimenzije: 80 x 75 x 40 cm (\u0160 x V x D)<br \/>\nTe\u017eina: cca. 5,9 kg<br \/>\nMaksimalna nosivost odjeljka: 80 kg<br \/>\nNosivost police: 30 kg<\/p>\n","protected":false},"excerpt":{"rendered":"<ul>\n<li><span dir=\"auto\">OTPORNA NA VREMENSKE UVJETE I VLAGU: Ova povi\u0161ena vrtna &#8230;<br \/>\n","protected":false},"featured_media":30589,"template":"","meta":[],"product_cat":[2452],"product_tag":[2558,2559],"yoast_head":"<!-- This site is optimized with the Yoast SEO plugin v23.7 - https:\/\/yoast.com\/wordpress\/plugins\/seo\/ -->\n<title>Podignuta vrtna gredica, drvo, 80x75x40 cm - Inti<\/title>\n<meta name=\"description\" content=\"OTPORNA NA VREMENSKE UVJETE I VLAGU: Ova povi\u0161ena vrtna gredica izra\u0111ena je od punog drva i tretirana lakom na bazi vode, \u0161to joj daje ne samo elegantnu teksturu drva, ve\u0107 je \u010dini i robusnom, vodootpornom, dimenzijski stabilnom, otpornom na vremenske uvjete, lakom za \u010di\u0161\u0107enje i pogodnom za dugotrajnu vanjsku upotrebu. Tako\u0111er dolazi s oblogom koja u\u010dinkovito \u0161titi drvo od zemlje i vlage.SVESTRANA UPOTREBA: S dimenzijama 80x40x17 cm, ova \u017eardinjera je dovoljno \u0161iroka i duboka za uzgoj mnogih biljaka, vo\u0107a, povr\u0107a, za\u010dinskog bilja, cvije\u0107a itd. Letvi\u010dasta baza osigurava dobru cirkulaciju zraka i poti\u010de rast biljaka - idealna cvjetna \u017eardinjera, povrtnjak, vrt s biljem itd.ERGONOMSKA RADNA VISINA: S prakti\u010dnom visinom od 75 cm, ova cvjetna gredica je ergonomski dizajnirana tako da se mo\u017eete brinuti o svojim biljkama ili cvije\u0107u bez potrebe za saginjanjem ili \u010du\u010danjem. Bilo da ste profesionalni vrtlar ili hobist, lako mo\u017eete obaviti svoje vrtlarenje.S PROSTOROM ZA POHRANU: Ova gredica za sadnju opremljena je letvi\u010dastom policom na dnu koja ne skuplja vodu tako lako i ventilirana je, \u0161to vam omogu\u0107uje da biljke, sjeme, vrtni alat itd. dr\u017eite organiziranima i uvijek pri ruci, \u0161to olak\u0161ava vrtlarenje.JEDNOSTAVNO SASTAVLJANJE: Ilustrirane upute za sastavljanje i prilo\u017eeni alati omogu\u0107uju brzo i jednostavno sastavljanje ove povi\u0161ene vrtne gredice s prostorom za pohranu. Mo\u017eete je postaviti na balkon, terasu ili u vrt.\" \/>\n<meta name=\"robots\" content=\"index, follow, max-snippet:-1, max-image-preview:large, max-video-preview:-1\" \/>\n<link rel=\"canonical\" href=\"https:\/\/inti.hr\/bs\/proizvod\/podignuta-vrtna-gredica-drvo-80x75x40-cm\/\" \/>\n<meta property=\"og:locale\" content=\"bs_BA\" \/>\n<meta property=\"og:type\" content=\"article\" \/>\n<meta property=\"og:title\" content=\"Podignuta vrtna gredica, drvo, 80x75x40 cm - Inti\" \/>\n<meta property=\"og:description\" content=\"OTPORNA NA VREMENSKE UVJETE I VLAGU: Ova povi\u0161ena vrtna gredica izra\u0111ena je od punog drva i tretirana lakom na bazi vode, \u0161to joj daje ne samo elegantnu teksturu drva, ve\u0107 je \u010dini i robusnom, vodootpornom, dimenzijski stabilnom, otpornom na vremenske uvjete, lakom za \u010di\u0161\u0107enje i pogodnom za dugotrajnu vanjsku upotrebu. Tako\u0111er dolazi s oblogom koja u\u010dinkovito \u0161titi drvo od zemlje i vlage.SVESTRANA UPOTREBA: S dimenzijama 80x40x17 cm, ova \u017eardinjera je dovoljno \u0161iroka i duboka za uzgoj mnogih biljaka, vo\u0107a, povr\u0107a, za\u010dinskog bilja, cvije\u0107a itd. Letvi\u010dasta baza osigurava dobru cirkulaciju zraka i poti\u010de rast biljaka - idealna cvjetna \u017eardinjera, povrtnjak, vrt s biljem itd.ERGONOMSKA RADNA VISINA: S prakti\u010dnom visinom od 75 cm, ova cvjetna gredica je ergonomski dizajnirana tako da se mo\u017eete brinuti o svojim biljkama ili cvije\u0107u bez potrebe za saginjanjem ili \u010du\u010danjem. Bilo da ste profesionalni vrtlar ili hobist, lako mo\u017eete obaviti svoje vrtlarenje.S PROSTOROM ZA POHRANU: Ova gredica za sadnju opremljena je letvi\u010dastom policom na dnu koja ne skuplja vodu tako lako i ventilirana je, \u0161to vam omogu\u0107uje da biljke, sjeme, vrtni alat itd. dr\u017eite organiziranima i uvijek pri ruci, \u0161to olak\u0161ava vrtlarenje.JEDNOSTAVNO SASTAVLJANJE: Ilustrirane upute za sastavljanje i prilo\u017eeni alati omogu\u0107uju brzo i jednostavno sastavljanje ove povi\u0161ene vrtne gredice s prostorom za pohranu. Mo\u017eete je postaviti na balkon, terasu ili u vrt.\" \/>\n<meta property=\"og:url\" content=\"https:\/\/inti.hr\/bs\/proizvod\/podignuta-vrtna-gredica-drvo-80x75x40-cm\/\" \/>\n<meta property=\"og:site_name\" content=\"Inti\" \/>\n<meta property=\"og:image\" content=\"https:\/\/i0.wp.com\/inti.hr\/wp-content\/uploads\/2026\/03\/Hochbeet-Holz-Gemuesebeet-mit-Blumenkasten-Ablageboden-Folie-W0UETT0880-Holzfarbe1_600x600.jpg?fit=498%2C600&ssl=1\" \/>\n\t<meta property=\"og:image:width\" content=\"498\" \/>\n\t<meta property=\"og:image:height\" content=\"600\" \/>\n\t<meta property=\"og:image:type\" content=\"image\/jpeg\" \/>\n<meta name=\"twitter:card\" content=\"summary_large_image\" \/>\n<script type=\"application\/ld+json\" class=\"yoast-schema-graph\">{\"@context\":\"https:\/\/schema.org\",\"@graph\":[{\"@type\":\"WebPage\",\"@id\":\"https:\/\/inti.hr\/bs\/proizvod\/podignuta-vrtna-gredica-drvo-80x75x40-cm\/\",\"url\":\"https:\/\/inti.hr\/bs\/proizvod\/podignuta-vrtna-gredica-drvo-80x75x40-cm\/\",\"name\":\"Podignuta vrtna gredica, drvo, 80x75x40 cm - Inti\",\"isPartOf\":{\"@id\":\"https:\/\/inti.hr\/bs\/#website\"},\"primaryImageOfPage\":{\"@id\":\"https:\/\/inti.hr\/bs\/proizvod\/podignuta-vrtna-gredica-drvo-80x75x40-cm\/#primaryimage\"},\"image\":{\"@id\":\"https:\/\/inti.hr\/bs\/proizvod\/podignuta-vrtna-gredica-drvo-80x75x40-cm\/#primaryimage\"},\"thumbnailUrl\":\"https:\/\/i0.wp.com\/inti.hr\/wp-content\/uploads\/2026\/03\/Hochbeet-Holz-Gemuesebeet-mit-Blumenkasten-Ablageboden-Folie-W0UETT0880-Holzfarbe1_600x600.jpg?fit=498%2C600&ssl=1\",\"datePublished\":\"2026-03-09T16:56:13+00:00\",\"dateModified\":\"2026-03-09T16:56:13+00:00\",\"description\":\"OTPORNA NA VREMENSKE UVJETE I VLAGU: Ova povi\u0161ena vrtna gredica izra\u0111ena je od punog drva i tretirana lakom na bazi vode, \u0161to joj daje ne samo elegantnu teksturu drva, ve\u0107 je \u010dini i robusnom, vodootpornom, dimenzijski stabilnom, otpornom na vremenske uvjete, lakom za \u010di\u0161\u0107enje i pogodnom za dugotrajnu vanjsku upotrebu. Tako\u0111er dolazi s oblogom koja u\u010dinkovito \u0161titi drvo od zemlje i vlage.SVESTRANA UPOTREBA: S dimenzijama 80x40x17 cm, ova \u017eardinjera je dovoljno \u0161iroka i duboka za uzgoj mnogih biljaka, vo\u0107a, povr\u0107a, za\u010dinskog bilja, cvije\u0107a itd. Letvi\u010dasta baza osigurava dobru cirkulaciju zraka i poti\u010de rast biljaka - idealna cvjetna \u017eardinjera, povrtnjak, vrt s biljem itd.ERGONOMSKA RADNA VISINA: S prakti\u010dnom visinom od 75 cm, ova cvjetna gredica je ergonomski dizajnirana tako da se mo\u017eete brinuti o svojim biljkama ili cvije\u0107u bez potrebe za saginjanjem ili \u010du\u010danjem. Bilo da ste profesionalni vrtlar ili hobist, lako mo\u017eete obaviti svoje vrtlarenje.S PROSTOROM ZA POHRANU: Ova gredica za sadnju opremljena je letvi\u010dastom policom na dnu koja ne skuplja vodu tako lako i ventilirana je, \u0161to vam omogu\u0107uje da biljke, sjeme, vrtni alat itd. dr\u017eite organiziranima i uvijek pri ruci, \u0161to olak\u0161ava vrtlarenje.JEDNOSTAVNO SASTAVLJANJE: Ilustrirane upute za sastavljanje i prilo\u017eeni alati omogu\u0107uju brzo i jednostavno sastavljanje ove povi\u0161ene vrtne gredice s prostorom za pohranu. Mo\u017eete je postaviti na balkon, terasu ili u vrt.\",\"breadcrumb\":{\"@id\":\"https:\/\/inti.hr\/bs\/proizvod\/podignuta-vrtna-gredica-drvo-80x75x40-cm\/#breadcrumb\"},\"inLanguage\":\"bs-BA\",\"potentialAction\":[{\"@type\":\"ReadAction\",\"target\":[\"https:\/\/inti.hr\/bs\/proizvod\/podignuta-vrtna-gredica-drvo-80x75x40-cm\/\"]}]},{\"@type\":\"ImageObject\",\"inLanguage\":\"bs-BA\",\"@id\":\"https:\/\/inti.hr\/bs\/proizvod\/podignuta-vrtna-gredica-drvo-80x75x40-cm\/#primaryimage\",\"url\":\"https:\/\/i0.wp.com\/inti.hr\/wp-content\/uploads\/2026\/03\/Hochbeet-Holz-Gemuesebeet-mit-Blumenkasten-Ablageboden-Folie-W0UETT0880-Holzfarbe1_600x600.jpg?fit=498%2C600&ssl=1\",\"contentUrl\":\"https:\/\/i0.wp.com\/inti.hr\/wp-content\/uploads\/2026\/03\/Hochbeet-Holz-Gemuesebeet-mit-Blumenkasten-Ablageboden-Folie-W0UETT0880-Holzfarbe1_600x600.jpg?fit=498%2C600&ssl=1\",\"width\":498,\"height\":600,\"caption\":\"WOLTU podignuta vrtna gredica, drvo, 80x75x40 cm, gredica za povr\u0107e s cvjetnom kutijom, polica, sme\u0111a folija\"},{\"@type\":\"BreadcrumbList\",\"@id\":\"https:\/\/inti.hr\/bs\/proizvod\/podignuta-vrtna-gredica-drvo-80x75x40-cm\/#breadcrumb\",\"itemListElement\":[{\"@type\":\"ListItem\",\"position\":1,\"name\":\"Po\u010detna stranica\",\"item\":\"https:\/\/inti.hr\/bs\/\"},{\"@type\":\"ListItem\",\"position\":2,\"name\":\"Trgovina\",\"item\":\"https:\/\/inti.hr\/bs\/trgovina\/\"},{\"@type\":\"ListItem\",\"position\":3,\"name\":\"Podignuta vrtna gredica, drvo, 80x75x40 cm\"}]},{\"@type\":\"WebSite\",\"@id\":\"https:\/\/inti.hr\/bs\/#website\",\"url\":\"https:\/\/inti.hr\/bs\/\",\"name\":\"Inti\",\"description\":\"trgovina\",\"potentialAction\":[{\"@type\":\"SearchAction\",\"target\":{\"@type\":\"EntryPoint\",\"urlTemplate\":\"https:\/\/inti.hr\/bs\/?s={search_term_string}\"},\"query-input\":{\"@type\":\"PropertyValueSpecification\",\"valueRequired\":true,\"valueName\":\"search_term_string\"}}],\"inLanguage\":\"bs-BA\"}]}<\/script>\n<!-- \/ Yoast SEO plugin. -->","yoast_head_json":{"title":"Podignuta vrtna gredica, drvo, 80x75x40 cm - Inti","description":"OTPORNA NA VREMENSKE UVJETE I VLAGU: Ova povi\u0161ena vrtna gredica izra\u0111ena je od punog drva i tretirana lakom na bazi vode, \u0161to joj daje ne samo elegantnu teksturu drva, ve\u0107 je \u010dini i robusnom, vodootpornom, dimenzijski stabilnom, otpornom na vremenske uvjete, lakom za \u010di\u0161\u0107enje i pogodnom za dugotrajnu vanjsku upotrebu. Tako\u0111er dolazi s oblogom koja u\u010dinkovito \u0161titi drvo od zemlje i vlage.SVESTRANA UPOTREBA: S dimenzijama 80x40x17 cm, ova \u017eardinjera je dovoljno \u0161iroka i duboka za uzgoj mnogih biljaka, vo\u0107a, povr\u0107a, za\u010dinskog bilja, cvije\u0107a itd. Letvi\u010dasta baza osigurava dobru cirkulaciju zraka i poti\u010de rast biljaka - idealna cvjetna \u017eardinjera, povrtnjak, vrt s biljem itd.ERGONOMSKA RADNA VISINA: S prakti\u010dnom visinom od 75 cm, ova cvjetna gredica je ergonomski dizajnirana tako da se mo\u017eete brinuti o svojim biljkama ili cvije\u0107u bez potrebe za saginjanjem ili \u010du\u010danjem. Bilo da ste profesionalni vrtlar ili hobist, lako mo\u017eete obaviti svoje vrtlarenje.S PROSTOROM ZA POHRANU: Ova gredica za sadnju opremljena je letvi\u010dastom policom na dnu koja ne skuplja vodu tako lako i ventilirana je, \u0161to vam omogu\u0107uje da biljke, sjeme, vrtni alat itd. dr\u017eite organiziranima i uvijek pri ruci, \u0161to olak\u0161ava vrtlarenje.JEDNOSTAVNO SASTAVLJANJE: Ilustrirane upute za sastavljanje i prilo\u017eeni alati omogu\u0107uju brzo i jednostavno sastavljanje ove povi\u0161ene vrtne gredice s prostorom za pohranu. Mo\u017eete je postaviti na balkon, terasu ili u vrt.","robots":{"index":"index","follow":"follow","max-snippet":"max-snippet:-1","max-image-preview":"max-image-preview:large","max-video-preview":"max-video-preview:-1"},"canonical":"https:\/\/inti.hr\/bs\/proizvod\/podignuta-vrtna-gredica-drvo-80x75x40-cm\/","og_locale":"bs_BA","og_type":"article","og_title":"Podignuta vrtna gredica, drvo, 80x75x40 cm - Inti","og_description":"OTPORNA NA VREMENSKE UVJETE I VLAGU: Ova povi\u0161ena vrtna gredica izra\u0111ena je od punog drva i tretirana lakom na bazi vode, \u0161to joj daje ne samo elegantnu teksturu drva, ve\u0107 je \u010dini i robusnom, vodootpornom, dimenzijski stabilnom, otpornom na vremenske uvjete, lakom za \u010di\u0161\u0107enje i pogodnom za dugotrajnu vanjsku upotrebu. Tako\u0111er dolazi s oblogom koja u\u010dinkovito \u0161titi drvo od zemlje i vlage.SVESTRANA UPOTREBA: S dimenzijama 80x40x17 cm, ova \u017eardinjera je dovoljno \u0161iroka i duboka za uzgoj mnogih biljaka, vo\u0107a, povr\u0107a, za\u010dinskog bilja, cvije\u0107a itd. Letvi\u010dasta baza osigurava dobru cirkulaciju zraka i poti\u010de rast biljaka - idealna cvjetna \u017eardinjera, povrtnjak, vrt s biljem itd.ERGONOMSKA RADNA VISINA: S prakti\u010dnom visinom od 75 cm, ova cvjetna gredica je ergonomski dizajnirana tako da se mo\u017eete brinuti o svojim biljkama ili cvije\u0107u bez potrebe za saginjanjem ili \u010du\u010danjem. Bilo da ste profesionalni vrtlar ili hobist, lako mo\u017eete obaviti svoje vrtlarenje.S PROSTOROM ZA POHRANU: Ova gredica za sadnju opremljena je letvi\u010dastom policom na dnu koja ne skuplja vodu tako lako i ventilirana je, \u0161to vam omogu\u0107uje da biljke, sjeme, vrtni alat itd. dr\u017eite organiziranima i uvijek pri ruci, \u0161to olak\u0161ava vrtlarenje.JEDNOSTAVNO SASTAVLJANJE: Ilustrirane upute za sastavljanje i prilo\u017eeni alati omogu\u0107uju brzo i jednostavno sastavljanje ove povi\u0161ene vrtne gredice s prostorom za pohranu. Mo\u017eete je postaviti na balkon, terasu ili u vrt.","og_url":"https:\/\/inti.hr\/bs\/proizvod\/podignuta-vrtna-gredica-drvo-80x75x40-cm\/","og_site_name":"Inti","og_image":[{"width":498,"height":600,"url":"https:\/\/i0.wp.com\/inti.hr\/wp-content\/uploads\/2026\/03\/Hochbeet-Holz-Gemuesebeet-mit-Blumenkasten-Ablageboden-Folie-W0UETT0880-Holzfarbe1_600x600.jpg?fit=498%2C600&ssl=1","type":"image\/jpeg"}],"twitter_card":"summary_large_image","schema":{"@context":"https:\/\/schema.org","@graph":[{"@type":"WebPage","@id":"https:\/\/inti.hr\/bs\/proizvod\/podignuta-vrtna-gredica-drvo-80x75x40-cm\/","url":"https:\/\/inti.hr\/bs\/proizvod\/podignuta-vrtna-gredica-drvo-80x75x40-cm\/","name":"Podignuta vrtna gredica, drvo, 80x75x40 cm - Inti","isPartOf":{"@id":"https:\/\/inti.hr\/bs\/#website"},"primaryImageOfPage":{"@id":"https:\/\/inti.hr\/bs\/proizvod\/podignuta-vrtna-gredica-drvo-80x75x40-cm\/#primaryimage"},"image":{"@id":"https:\/\/inti.hr\/bs\/proizvod\/podignuta-vrtna-gredica-drvo-80x75x40-cm\/#primaryimage"},"thumbnailUrl":"https:\/\/i0.wp.com\/inti.hr\/wp-content\/uploads\/2026\/03\/Hochbeet-Holz-Gemuesebeet-mit-Blumenkasten-Ablageboden-Folie-W0UETT0880-Holzfarbe1_600x600.jpg?fit=498%2C600&ssl=1","datePublished":"2026-03-09T16:56:13+00:00","dateModified":"2026-03-09T16:56:13+00:00","description":"OTPORNA NA VREMENSKE UVJETE I VLAGU: Ova povi\u0161ena vrtna gredica izra\u0111ena je od punog drva i tretirana lakom na bazi vode, \u0161to joj daje ne samo elegantnu teksturu drva, ve\u0107 je \u010dini i robusnom, vodootpornom, dimenzijski stabilnom, otpornom na vremenske uvjete, lakom za \u010di\u0161\u0107enje i pogodnom za dugotrajnu vanjsku upotrebu. Tako\u0111er dolazi s oblogom koja u\u010dinkovito \u0161titi drvo od zemlje i vlage.SVESTRANA UPOTREBA: S dimenzijama 80x40x17 cm, ova \u017eardinjera je dovoljno \u0161iroka i duboka za uzgoj mnogih biljaka, vo\u0107a, povr\u0107a, za\u010dinskog bilja, cvije\u0107a itd. Letvi\u010dasta baza osigurava dobru cirkulaciju zraka i poti\u010de rast biljaka - idealna cvjetna \u017eardinjera, povrtnjak, vrt s biljem itd.ERGONOMSKA RADNA VISINA: S prakti\u010dnom visinom od 75 cm, ova cvjetna gredica je ergonomski dizajnirana tako da se mo\u017eete brinuti o svojim biljkama ili cvije\u0107u bez potrebe za saginjanjem ili \u010du\u010danjem. Bilo da ste profesionalni vrtlar ili hobist, lako mo\u017eete obaviti svoje vrtlarenje.S PROSTOROM ZA POHRANU: Ova gredica za sadnju opremljena je letvi\u010dastom policom na dnu koja ne skuplja vodu tako lako i ventilirana je, \u0161to vam omogu\u0107uje da biljke, sjeme, vrtni alat itd. dr\u017eite organiziranima i uvijek pri ruci, \u0161to olak\u0161ava vrtlarenje.JEDNOSTAVNO SASTAVLJANJE: Ilustrirane upute za sastavljanje i prilo\u017eeni alati omogu\u0107uju brzo i jednostavno sastavljanje ove povi\u0161ene vrtne gredice s prostorom za pohranu. Mo\u017eete je postaviti na balkon, terasu ili u vrt.","breadcrumb":{"@id":"https:\/\/inti.hr\/bs\/proizvod\/podignuta-vrtna-gredica-drvo-80x75x40-cm\/#breadcrumb"},"inLanguage":"bs-BA","potentialAction":[{"@type":"ReadAction","target":["https:\/\/inti.hr\/bs\/proizvod\/podignuta-vrtna-gredica-drvo-80x75x40-cm\/"]}]},{"@type":"ImageObject","inLanguage":"bs-BA","@id":"https:\/\/inti.hr\/bs\/proizvod\/podignuta-vrtna-gredica-drvo-80x75x40-cm\/#primaryimage","url":"https:\/\/i0.wp.com\/inti.hr\/wp-content\/uploads\/2026\/03\/Hochbeet-Holz-Gemuesebeet-mit-Blumenkasten-Ablageboden-Folie-W0UETT0880-Holzfarbe1_600x600.jpg?fit=498%2C600&ssl=1","contentUrl":"https:\/\/i0.wp.com\/inti.hr\/wp-content\/uploads\/2026\/03\/Hochbeet-Holz-Gemuesebeet-mit-Blumenkasten-Ablageboden-Folie-W0UETT0880-Holzfarbe1_600x600.jpg?fit=498%2C600&ssl=1","width":498,"height":600,"caption":"WOLTU podignuta vrtna gredica, drvo, 80x75x40 cm, gredica za povr\u0107e s cvjetnom kutijom, polica, sme\u0111a folija"},{"@type":"BreadcrumbList","@id":"https:\/\/inti.hr\/bs\/proizvod\/podignuta-vrtna-gredica-drvo-80x75x40-cm\/#breadcrumb","itemListElement":[{"@type":"ListItem","position":1,"name":"Po\u010detna stranica","item":"https:\/\/inti.hr\/bs\/"},{"@type":"ListItem","position":2,"name":"Trgovina","item":"https:\/\/inti.hr\/bs\/trgovina\/"},{"@type":"ListItem","position":3,"name":"Podignuta vrtna gredica, drvo, 80x75x40 cm"}]},{"@type":"WebSite","@id":"https:\/\/inti.hr\/bs\/#website","url":"https:\/\/inti.hr\/bs\/","name":"Inti","description":"trgovina","potentialAction":[{"@type":"SearchAction","target":{"@type":"EntryPoint","urlTemplate":"https:\/\/inti.hr\/bs\/?s={search_term_string}"},"query-input":{"@type":"PropertyValueSpecification","valueRequired":true,"valueName":"search_term_string"}}],"inLanguage":"bs-BA"}]}},"jetpack_sharing_enabled":true,"jetpack-related-posts":[],"_links":{"self":[{"href":"https:\/\/inti.hr\/bs\/wp-json\/wp\/v2\/product\/30587"}],"collection":[{"href":"https:\/\/inti.hr\/bs\/wp-json\/wp\/v2\/product"}],"about":[{"href":"https:\/\/inti.hr\/bs\/wp-json\/wp\/v2\/types\/product"}],"wp:featuredmedia":[{"embeddable":true,"href":"https:\/\/inti.hr\/bs\/wp-json\/wp\/v2\/media\/30589"}],"wp:attachment":[{"href":"https:\/\/inti.hr\/bs\/wp-json\/wp\/v2\/media?parent=30587"}],"wp:term":[{"taxonomy":"product_cat","embeddable":true,"href":"https:\/\/inti.hr\/bs\/wp-json\/wp\/v2\/product_cat?post=30587"},{"taxonomy":"product_tag","embeddable":true,"href":"https:\/\/inti.hr\/bs\/wp-json\/wp\/v2\/product_tag?post=30587"}],"curies":[{"name":"wp","href":"https:\/\/api.w.org\/{rel}","templated":true}]}}