{"id":30597,"date":"2026-03-09T17:41:18","date_gmt":"2026-03-09T16:41:18","guid":{"rendered":"https:\/\/inti.hr\/product\/sklopivi-vrtni-stol-podesiv-po-visini\/"},"modified":"2026-03-09T17:41:18","modified_gmt":"2026-03-09T16:41:18","slug":"sklopivi-vrtni-stol-podesiv-po-visini","status":"publish","type":"product","link":"https:\/\/inti.hr\/bs\/proizvod\/sklopivi-vrtni-stol-podesiv-po-visini\/","title":{"rendered":"Sklopivi vrtni stol, podesiv po visini"},"content":{"rendered":"<p>Tehni\u010dki podaci<br \/>\nMaterijal: aluminijska legura, \u017eeljezo, MDF<br \/>\nUkupne dimenzije: 60 x 73\/80\/86,5\/94 x 100 cm (\u0160 x V x D)<br \/>\nDimenzije sklopljenog: 60 x 3 x 100 cm (\u0160 x V x D)<br \/>\nMaksimalno optere\u0107enje: 30 kg<br \/>\nNeto te\u017eina \/ Bruto te\u017eina: 3,8 kg \/ 4,7 kg<\/p>\n","protected":false},"excerpt":{"rendered":"<p>STOL S PODESIVOM VISINOM: Sklopivi kamperski stol mo\u017ee se podesiti na &#8230; <\/p>\n","protected":false},"featured_media":30598,"template":"","meta":[],"product_cat":[2452],"product_tag":[2564,2565,2558],"yoast_head":"<!-- This site is optimized with the Yoast SEO plugin v23.7 - https:\/\/yoast.com\/wordpress\/plugins\/seo\/ -->\n<title>Sklopivi vrtni stol, podesiv po visini - Inti<\/title>\n<meta name=\"description\" content=\"STOL S PODESIVOM VISINOM: Sklopivi kamperski stol mo\u017ee se podesiti na 4 razine visine (73, 80, 86,5, 94 cm). Ovaj dizajn osmi\u0161ljen je kako bi zadovoljio sve va\u0161e potrebe. Na primjer, stol mo\u017eete postaviti na 73 cm i koristiti ga kao dje\u010dji stol ili bo\u010dni stoli\u0107 ili ga podesiti na 94 cm za uredsku upotrebu. Tako\u0111er je va\u017eno podesiti stol na odgovaraju\u0107u visinu kako bi se na njega mogle smjestiti stolice razli\u010ditih visina.SKLOPIVI STOL S RU\u010cKOM ZA KAMPIRANJE: Noge stola za tapetiranje mogu se sklopiti za jednostavan transport i u\u0161tedu prostora pri skladi\u0161tenju (sklopljena veli\u010dina: 60 x 3 x 100 cm). Ru\u010dka i mala te\u017eina od 3,8 kg tako\u0111er pove\u0107avaju udobnost no\u0161enja.\u010cVRST SKLOPNI STOL: Okvir je izra\u0111en od aluminijske legure i oja\u010dan metalnim pre\u010dkama i podupira\u010dima. Zahvaljuju\u0107i jakim i izdr\u017eljivim materijalima, ovaj stabilni, vi\u0161enamjenski stol mo\u017ee podnijeti do 30 kg. Plo\u010da stola, izra\u0111ena od jednog komada drva, ravna je i glatka. To eliminira rizik od priklje\u0161tenja prstiju u bilo kakvim prazninama ili ispu\u0161tanja predmeta.NIJE POTREBNA SASTAVLJANJE: Za kori\u0161tenje jednostavno otvorite kamperski stol i podesite ga na \u017eeljenu visinu. MDF plo\u010da se lako \u010disti; jednostavno je obri\u0161ite vla\u017enom krpom.Aluminijski vi\u0161enamjenski stol: Ovaj univerzalni stol prikladan je za unutarnje i vanjske aktivnosti. Osim \u0161to je stol za kampiranje, mo\u017ee se koristiti i kao dodatni stol za obroke, radni stol za djecu, vrtni stol, stol za balkon itd.\" \/>\n<meta name=\"robots\" content=\"index, follow, max-snippet:-1, max-image-preview:large, max-video-preview:-1\" \/>\n<link rel=\"canonical\" href=\"https:\/\/inti.hr\/bs\/proizvod\/sklopivi-vrtni-stol-podesiv-po-visini\/\" \/>\n<meta property=\"og:locale\" content=\"bs_BA\" \/>\n<meta property=\"og:type\" content=\"article\" \/>\n<meta property=\"og:title\" content=\"Sklopivi vrtni stol, podesiv po visini - Inti\" \/>\n<meta property=\"og:description\" content=\"STOL S PODESIVOM VISINOM: Sklopivi kamperski stol mo\u017ee se podesiti na 4 razine visine (73, 80, 86,5, 94 cm). Ovaj dizajn osmi\u0161ljen je kako bi zadovoljio sve va\u0161e potrebe. Na primjer, stol mo\u017eete postaviti na 73 cm i koristiti ga kao dje\u010dji stol ili bo\u010dni stoli\u0107 ili ga podesiti na 94 cm za uredsku upotrebu. Tako\u0111er je va\u017eno podesiti stol na odgovaraju\u0107u visinu kako bi se na njega mogle smjestiti stolice razli\u010ditih visina.SKLOPIVI STOL S RU\u010cKOM ZA KAMPIRANJE: Noge stola za tapetiranje mogu se sklopiti za jednostavan transport i u\u0161tedu prostora pri skladi\u0161tenju (sklopljena veli\u010dina: 60 x 3 x 100 cm). Ru\u010dka i mala te\u017eina od 3,8 kg tako\u0111er pove\u0107avaju udobnost no\u0161enja.\u010cVRST SKLOPNI STOL: Okvir je izra\u0111en od aluminijske legure i oja\u010dan metalnim pre\u010dkama i podupira\u010dima. Zahvaljuju\u0107i jakim i izdr\u017eljivim materijalima, ovaj stabilni, vi\u0161enamjenski stol mo\u017ee podnijeti do 30 kg. Plo\u010da stola, izra\u0111ena od jednog komada drva, ravna je i glatka. To eliminira rizik od priklje\u0161tenja prstiju u bilo kakvim prazninama ili ispu\u0161tanja predmeta.NIJE POTREBNA SASTAVLJANJE: Za kori\u0161tenje jednostavno otvorite kamperski stol i podesite ga na \u017eeljenu visinu. MDF plo\u010da se lako \u010disti; jednostavno je obri\u0161ite vla\u017enom krpom.Aluminijski vi\u0161enamjenski stol: Ovaj univerzalni stol prikladan je za unutarnje i vanjske aktivnosti. Osim \u0161to je stol za kampiranje, mo\u017ee se koristiti i kao dodatni stol za obroke, radni stol za djecu, vrtni stol, stol za balkon itd.\" \/>\n<meta property=\"og:url\" content=\"https:\/\/inti.hr\/bs\/proizvod\/sklopivi-vrtni-stol-podesiv-po-visini\/\" \/>\n<meta property=\"og:site_name\" content=\"Inti\" \/>\n<meta property=\"og:image\" content=\"https:\/\/i0.wp.com\/inti.hr\/wp-content\/uploads\/2026\/03\/Campingtisch-Aluminium-MDF-hoehenverstellbar-CPT8121sz-Schwarz3_600x600.jpg?fit=600%2C600&ssl=1\" \/>\n\t<meta property=\"og:image:width\" content=\"600\" \/>\n\t<meta property=\"og:image:height\" content=\"600\" \/>\n\t<meta property=\"og:image:type\" content=\"image\/jpeg\" \/>\n<meta name=\"twitter:card\" content=\"summary_large_image\" \/>\n<script type=\"application\/ld+json\" class=\"yoast-schema-graph\">{\"@context\":\"https:\/\/schema.org\",\"@graph\":[{\"@type\":\"WebPage\",\"@id\":\"https:\/\/inti.hr\/bs\/proizvod\/sklopivi-vrtni-stol-podesiv-po-visini\/\",\"url\":\"https:\/\/inti.hr\/bs\/proizvod\/sklopivi-vrtni-stol-podesiv-po-visini\/\",\"name\":\"Sklopivi vrtni stol, podesiv po visini - Inti\",\"isPartOf\":{\"@id\":\"https:\/\/inti.hr\/bs\/#website\"},\"primaryImageOfPage\":{\"@id\":\"https:\/\/inti.hr\/bs\/proizvod\/sklopivi-vrtni-stol-podesiv-po-visini\/#primaryimage\"},\"image\":{\"@id\":\"https:\/\/inti.hr\/bs\/proizvod\/sklopivi-vrtni-stol-podesiv-po-visini\/#primaryimage\"},\"thumbnailUrl\":\"https:\/\/i0.wp.com\/inti.hr\/wp-content\/uploads\/2026\/03\/Campingtisch-Aluminium-MDF-hoehenverstellbar-CPT8121sz-Schwarz3_600x600.jpg?fit=600%2C600&ssl=1\",\"datePublished\":\"2026-03-09T16:41:18+00:00\",\"dateModified\":\"2026-03-09T16:41:18+00:00\",\"description\":\"STOL S PODESIVOM VISINOM: Sklopivi kamperski stol mo\u017ee se podesiti na 4 razine visine (73, 80, 86,5, 94 cm). Ovaj dizajn osmi\u0161ljen je kako bi zadovoljio sve va\u0161e potrebe. Na primjer, stol mo\u017eete postaviti na 73 cm i koristiti ga kao dje\u010dji stol ili bo\u010dni stoli\u0107 ili ga podesiti na 94 cm za uredsku upotrebu. Tako\u0111er je va\u017eno podesiti stol na odgovaraju\u0107u visinu kako bi se na njega mogle smjestiti stolice razli\u010ditih visina.SKLOPIVI STOL S RU\u010cKOM ZA KAMPIRANJE: Noge stola za tapetiranje mogu se sklopiti za jednostavan transport i u\u0161tedu prostora pri skladi\u0161tenju (sklopljena veli\u010dina: 60 x 3 x 100 cm). Ru\u010dka i mala te\u017eina od 3,8 kg tako\u0111er pove\u0107avaju udobnost no\u0161enja.\u010cVRST SKLOPNI STOL: Okvir je izra\u0111en od aluminijske legure i oja\u010dan metalnim pre\u010dkama i podupira\u010dima. Zahvaljuju\u0107i jakim i izdr\u017eljivim materijalima, ovaj stabilni, vi\u0161enamjenski stol mo\u017ee podnijeti do 30 kg. Plo\u010da stola, izra\u0111ena od jednog komada drva, ravna je i glatka. To eliminira rizik od priklje\u0161tenja prstiju u bilo kakvim prazninama ili ispu\u0161tanja predmeta.NIJE POTREBNA SASTAVLJANJE: Za kori\u0161tenje jednostavno otvorite kamperski stol i podesite ga na \u017eeljenu visinu. MDF plo\u010da se lako \u010disti; jednostavno je obri\u0161ite vla\u017enom krpom.Aluminijski vi\u0161enamjenski stol: Ovaj univerzalni stol prikladan je za unutarnje i vanjske aktivnosti. Osim \u0161to je stol za kampiranje, mo\u017ee se koristiti i kao dodatni stol za obroke, radni stol za djecu, vrtni stol, stol za balkon itd.\",\"breadcrumb\":{\"@id\":\"https:\/\/inti.hr\/bs\/proizvod\/sklopivi-vrtni-stol-podesiv-po-visini\/#breadcrumb\"},\"inLanguage\":\"bs-BA\",\"potentialAction\":[{\"@type\":\"ReadAction\",\"target\":[\"https:\/\/inti.hr\/bs\/proizvod\/sklopivi-vrtni-stol-podesiv-po-visini\/\"]}]},{\"@type\":\"ImageObject\",\"inLanguage\":\"bs-BA\",\"@id\":\"https:\/\/inti.hr\/bs\/proizvod\/sklopivi-vrtni-stol-podesiv-po-visini\/#primaryimage\",\"url\":\"https:\/\/i0.wp.com\/inti.hr\/wp-content\/uploads\/2026\/03\/Campingtisch-Aluminium-MDF-hoehenverstellbar-CPT8121sz-Schwarz3_600x600.jpg?fit=600%2C600&ssl=1\",\"contentUrl\":\"https:\/\/i0.wp.com\/inti.hr\/wp-content\/uploads\/2026\/03\/Campingtisch-Aluminium-MDF-hoehenverstellbar-CPT8121sz-Schwarz3_600x600.jpg?fit=600%2C600&ssl=1\",\"width\":600,\"height\":600,\"caption\":\"WOLTU Sklopivi vrtni stol, podesiv po visini, svijetli hrast\"},{\"@type\":\"BreadcrumbList\",\"@id\":\"https:\/\/inti.hr\/bs\/proizvod\/sklopivi-vrtni-stol-podesiv-po-visini\/#breadcrumb\",\"itemListElement\":[{\"@type\":\"ListItem\",\"position\":1,\"name\":\"Po\u010detna stranica\",\"item\":\"https:\/\/inti.hr\/bs\/\"},{\"@type\":\"ListItem\",\"position\":2,\"name\":\"Trgovina\",\"item\":\"https:\/\/inti.hr\/bs\/trgovina\/\"},{\"@type\":\"ListItem\",\"position\":3,\"name\":\"Sklopivi vrtni stol, podesiv po visini\"}]},{\"@type\":\"WebSite\",\"@id\":\"https:\/\/inti.hr\/bs\/#website\",\"url\":\"https:\/\/inti.hr\/bs\/\",\"name\":\"Inti\",\"description\":\"trgovina\",\"potentialAction\":[{\"@type\":\"SearchAction\",\"target\":{\"@type\":\"EntryPoint\",\"urlTemplate\":\"https:\/\/inti.hr\/bs\/?s={search_term_string}\"},\"query-input\":{\"@type\":\"PropertyValueSpecification\",\"valueRequired\":true,\"valueName\":\"search_term_string\"}}],\"inLanguage\":\"bs-BA\"}]}<\/script>\n<!-- \/ Yoast SEO plugin. -->","yoast_head_json":{"title":"Sklopivi vrtni stol, podesiv po visini - Inti","description":"STOL S PODESIVOM VISINOM: Sklopivi kamperski stol mo\u017ee se podesiti na 4 razine visine (73, 80, 86,5, 94 cm). Ovaj dizajn osmi\u0161ljen je kako bi zadovoljio sve va\u0161e potrebe. Na primjer, stol mo\u017eete postaviti na 73 cm i koristiti ga kao dje\u010dji stol ili bo\u010dni stoli\u0107 ili ga podesiti na 94 cm za uredsku upotrebu. Tako\u0111er je va\u017eno podesiti stol na odgovaraju\u0107u visinu kako bi se na njega mogle smjestiti stolice razli\u010ditih visina.SKLOPIVI STOL S RU\u010cKOM ZA KAMPIRANJE: Noge stola za tapetiranje mogu se sklopiti za jednostavan transport i u\u0161tedu prostora pri skladi\u0161tenju (sklopljena veli\u010dina: 60 x 3 x 100 cm). Ru\u010dka i mala te\u017eina od 3,8 kg tako\u0111er pove\u0107avaju udobnost no\u0161enja.\u010cVRST SKLOPNI STOL: Okvir je izra\u0111en od aluminijske legure i oja\u010dan metalnim pre\u010dkama i podupira\u010dima. Zahvaljuju\u0107i jakim i izdr\u017eljivim materijalima, ovaj stabilni, vi\u0161enamjenski stol mo\u017ee podnijeti do 30 kg. Plo\u010da stola, izra\u0111ena od jednog komada drva, ravna je i glatka. To eliminira rizik od priklje\u0161tenja prstiju u bilo kakvim prazninama ili ispu\u0161tanja predmeta.NIJE POTREBNA SASTAVLJANJE: Za kori\u0161tenje jednostavno otvorite kamperski stol i podesite ga na \u017eeljenu visinu. MDF plo\u010da se lako \u010disti; jednostavno je obri\u0161ite vla\u017enom krpom.Aluminijski vi\u0161enamjenski stol: Ovaj univerzalni stol prikladan je za unutarnje i vanjske aktivnosti. Osim \u0161to je stol za kampiranje, mo\u017ee se koristiti i kao dodatni stol za obroke, radni stol za djecu, vrtni stol, stol za balkon itd.","robots":{"index":"index","follow":"follow","max-snippet":"max-snippet:-1","max-image-preview":"max-image-preview:large","max-video-preview":"max-video-preview:-1"},"canonical":"https:\/\/inti.hr\/bs\/proizvod\/sklopivi-vrtni-stol-podesiv-po-visini\/","og_locale":"bs_BA","og_type":"article","og_title":"Sklopivi vrtni stol, podesiv po visini - Inti","og_description":"STOL S PODESIVOM VISINOM: Sklopivi kamperski stol mo\u017ee se podesiti na 4 razine visine (73, 80, 86,5, 94 cm). Ovaj dizajn osmi\u0161ljen je kako bi zadovoljio sve va\u0161e potrebe. Na primjer, stol mo\u017eete postaviti na 73 cm i koristiti ga kao dje\u010dji stol ili bo\u010dni stoli\u0107 ili ga podesiti na 94 cm za uredsku upotrebu. Tako\u0111er je va\u017eno podesiti stol na odgovaraju\u0107u visinu kako bi se na njega mogle smjestiti stolice razli\u010ditih visina.SKLOPIVI STOL S RU\u010cKOM ZA KAMPIRANJE: Noge stola za tapetiranje mogu se sklopiti za jednostavan transport i u\u0161tedu prostora pri skladi\u0161tenju (sklopljena veli\u010dina: 60 x 3 x 100 cm). Ru\u010dka i mala te\u017eina od 3,8 kg tako\u0111er pove\u0107avaju udobnost no\u0161enja.\u010cVRST SKLOPNI STOL: Okvir je izra\u0111en od aluminijske legure i oja\u010dan metalnim pre\u010dkama i podupira\u010dima. Zahvaljuju\u0107i jakim i izdr\u017eljivim materijalima, ovaj stabilni, vi\u0161enamjenski stol mo\u017ee podnijeti do 30 kg. Plo\u010da stola, izra\u0111ena od jednog komada drva, ravna je i glatka. To eliminira rizik od priklje\u0161tenja prstiju u bilo kakvim prazninama ili ispu\u0161tanja predmeta.NIJE POTREBNA SASTAVLJANJE: Za kori\u0161tenje jednostavno otvorite kamperski stol i podesite ga na \u017eeljenu visinu. MDF plo\u010da se lako \u010disti; jednostavno je obri\u0161ite vla\u017enom krpom.Aluminijski vi\u0161enamjenski stol: Ovaj univerzalni stol prikladan je za unutarnje i vanjske aktivnosti. Osim \u0161to je stol za kampiranje, mo\u017ee se koristiti i kao dodatni stol za obroke, radni stol za djecu, vrtni stol, stol za balkon itd.","og_url":"https:\/\/inti.hr\/bs\/proizvod\/sklopivi-vrtni-stol-podesiv-po-visini\/","og_site_name":"Inti","og_image":[{"width":600,"height":600,"url":"https:\/\/i0.wp.com\/inti.hr\/wp-content\/uploads\/2026\/03\/Campingtisch-Aluminium-MDF-hoehenverstellbar-CPT8121sz-Schwarz3_600x600.jpg?fit=600%2C600&ssl=1","type":"image\/jpeg"}],"twitter_card":"summary_large_image","schema":{"@context":"https:\/\/schema.org","@graph":[{"@type":"WebPage","@id":"https:\/\/inti.hr\/bs\/proizvod\/sklopivi-vrtni-stol-podesiv-po-visini\/","url":"https:\/\/inti.hr\/bs\/proizvod\/sklopivi-vrtni-stol-podesiv-po-visini\/","name":"Sklopivi vrtni stol, podesiv po visini - Inti","isPartOf":{"@id":"https:\/\/inti.hr\/bs\/#website"},"primaryImageOfPage":{"@id":"https:\/\/inti.hr\/bs\/proizvod\/sklopivi-vrtni-stol-podesiv-po-visini\/#primaryimage"},"image":{"@id":"https:\/\/inti.hr\/bs\/proizvod\/sklopivi-vrtni-stol-podesiv-po-visini\/#primaryimage"},"thumbnailUrl":"https:\/\/i0.wp.com\/inti.hr\/wp-content\/uploads\/2026\/03\/Campingtisch-Aluminium-MDF-hoehenverstellbar-CPT8121sz-Schwarz3_600x600.jpg?fit=600%2C600&ssl=1","datePublished":"2026-03-09T16:41:18+00:00","dateModified":"2026-03-09T16:41:18+00:00","description":"STOL S PODESIVOM VISINOM: Sklopivi kamperski stol mo\u017ee se podesiti na 4 razine visine (73, 80, 86,5, 94 cm). Ovaj dizajn osmi\u0161ljen je kako bi zadovoljio sve va\u0161e potrebe. Na primjer, stol mo\u017eete postaviti na 73 cm i koristiti ga kao dje\u010dji stol ili bo\u010dni stoli\u0107 ili ga podesiti na 94 cm za uredsku upotrebu. Tako\u0111er je va\u017eno podesiti stol na odgovaraju\u0107u visinu kako bi se na njega mogle smjestiti stolice razli\u010ditih visina.SKLOPIVI STOL S RU\u010cKOM ZA KAMPIRANJE: Noge stola za tapetiranje mogu se sklopiti za jednostavan transport i u\u0161tedu prostora pri skladi\u0161tenju (sklopljena veli\u010dina: 60 x 3 x 100 cm). Ru\u010dka i mala te\u017eina od 3,8 kg tako\u0111er pove\u0107avaju udobnost no\u0161enja.\u010cVRST SKLOPNI STOL: Okvir je izra\u0111en od aluminijske legure i oja\u010dan metalnim pre\u010dkama i podupira\u010dima. Zahvaljuju\u0107i jakim i izdr\u017eljivim materijalima, ovaj stabilni, vi\u0161enamjenski stol mo\u017ee podnijeti do 30 kg. Plo\u010da stola, izra\u0111ena od jednog komada drva, ravna je i glatka. To eliminira rizik od priklje\u0161tenja prstiju u bilo kakvim prazninama ili ispu\u0161tanja predmeta.NIJE POTREBNA SASTAVLJANJE: Za kori\u0161tenje jednostavno otvorite kamperski stol i podesite ga na \u017eeljenu visinu. MDF plo\u010da se lako \u010disti; jednostavno je obri\u0161ite vla\u017enom krpom.Aluminijski vi\u0161enamjenski stol: Ovaj univerzalni stol prikladan je za unutarnje i vanjske aktivnosti. Osim \u0161to je stol za kampiranje, mo\u017ee se koristiti i kao dodatni stol za obroke, radni stol za djecu, vrtni stol, stol za balkon itd.","breadcrumb":{"@id":"https:\/\/inti.hr\/bs\/proizvod\/sklopivi-vrtni-stol-podesiv-po-visini\/#breadcrumb"},"inLanguage":"bs-BA","potentialAction":[{"@type":"ReadAction","target":["https:\/\/inti.hr\/bs\/proizvod\/sklopivi-vrtni-stol-podesiv-po-visini\/"]}]},{"@type":"ImageObject","inLanguage":"bs-BA","@id":"https:\/\/inti.hr\/bs\/proizvod\/sklopivi-vrtni-stol-podesiv-po-visini\/#primaryimage","url":"https:\/\/i0.wp.com\/inti.hr\/wp-content\/uploads\/2026\/03\/Campingtisch-Aluminium-MDF-hoehenverstellbar-CPT8121sz-Schwarz3_600x600.jpg?fit=600%2C600&ssl=1","contentUrl":"https:\/\/i0.wp.com\/inti.hr\/wp-content\/uploads\/2026\/03\/Campingtisch-Aluminium-MDF-hoehenverstellbar-CPT8121sz-Schwarz3_600x600.jpg?fit=600%2C600&ssl=1","width":600,"height":600,"caption":"WOLTU Sklopivi vrtni stol, podesiv po visini, svijetli hrast"},{"@type":"BreadcrumbList","@id":"https:\/\/inti.hr\/bs\/proizvod\/sklopivi-vrtni-stol-podesiv-po-visini\/#breadcrumb","itemListElement":[{"@type":"ListItem","position":1,"name":"Po\u010detna stranica","item":"https:\/\/inti.hr\/bs\/"},{"@type":"ListItem","position":2,"name":"Trgovina","item":"https:\/\/inti.hr\/bs\/trgovina\/"},{"@type":"ListItem","position":3,"name":"Sklopivi vrtni stol, podesiv po visini"}]},{"@type":"WebSite","@id":"https:\/\/inti.hr\/bs\/#website","url":"https:\/\/inti.hr\/bs\/","name":"Inti","description":"trgovina","potentialAction":[{"@type":"SearchAction","target":{"@type":"EntryPoint","urlTemplate":"https:\/\/inti.hr\/bs\/?s={search_term_string}"},"query-input":{"@type":"PropertyValueSpecification","valueRequired":true,"valueName":"search_term_string"}}],"inLanguage":"bs-BA"}]}},"jetpack_sharing_enabled":true,"jetpack-related-posts":[],"_links":{"self":[{"href":"https:\/\/inti.hr\/bs\/wp-json\/wp\/v2\/product\/30597"}],"collection":[{"href":"https:\/\/inti.hr\/bs\/wp-json\/wp\/v2\/product"}],"about":[{"href":"https:\/\/inti.hr\/bs\/wp-json\/wp\/v2\/types\/product"}],"wp:featuredmedia":[{"embeddable":true,"href":"https:\/\/inti.hr\/bs\/wp-json\/wp\/v2\/media\/30598"}],"wp:attachment":[{"href":"https:\/\/inti.hr\/bs\/wp-json\/wp\/v2\/media?parent=30597"}],"wp:term":[{"taxonomy":"product_cat","embeddable":true,"href":"https:\/\/inti.hr\/bs\/wp-json\/wp\/v2\/product_cat?post=30597"},{"taxonomy":"product_tag","embeddable":true,"href":"https:\/\/inti.hr\/bs\/wp-json\/wp\/v2\/product_tag?post=30597"}],"curies":[{"name":"wp","href":"https:\/\/api.w.org\/{rel}","templated":true}]}}