{"id":30619,"date":"2026-03-09T17:07:22","date_gmt":"2026-03-09T16:07:22","guid":{"rendered":"https:\/\/inti.hr\/product\/vrtni-stol-aluminijski-wpc-za-4-6-osoba-70x74x70-cm\/"},"modified":"2026-03-09T17:07:22","modified_gmt":"2026-03-09T16:07:22","slug":"vrtni-stol-aluminijski-wpc-za-4-6-osoba-70x74x70-cm","status":"publish","type":"product","link":"https:\/\/inti.hr\/bs\/proizvod\/vrtni-stol-aluminijski-wpc-za-4-6-osoba-70x74x70-cm\/","title":{"rendered":"Vrtni stol, aluminijski WPC, za 4-6 osoba, 70x74x70 cm"},"content":{"rendered":"<h4 class=\"a-box-inner\"><strong><span dir=\"auto\">Tehni\u010dki podaci<\/span><\/strong><\/h4>\n<ul>\n<li><span dir=\"auto\">Ukupne dimenzije: 70&#215;74,5&#215;70 cm (\u0160 x V x D)<\/span><\/li>\n<li><span dir=\"auto\">Materijali: Aluminijska legura + WPC plo\u010da<\/span><\/li>\n<li><span dir=\"auto\">Zavr\u0161na obrada: Poprskana povr\u0161ina<\/span><\/li>\n<li><span dir=\"auto\">Boja: Crna<\/span><\/li>\n<li><span dir=\"auto\">Neto te\u017eina: cca. 6,6 kg<\/span><\/li>\n<li><span dir=\"auto\">Nosivost: 60 kg<\/span><\/li>\n<\/ul>\n<h4><\/h4>\n","protected":false},"excerpt":{"rendered":"<p>STILSKI I SVESTRANI: Svojim minimalisti\u010dkim dizajnom i klasi\u010dnom bojom, ovaj vrtni &#8230; <\/p>\n","protected":false},"featured_media":30620,"template":"","meta":[],"product_cat":[2452],"product_tag":[2455,2558,2578],"yoast_head":"<!-- This site is optimized with the Yoast SEO plugin v23.7 - https:\/\/yoast.com\/wordpress\/plugins\/seo\/ -->\n<title>Vrtni stol, aluminijski WPC, za 4-6 osoba, 70x74x70 cm - Inti<\/title>\n<meta name=\"description\" content=\"STILSKI I SVESTRANI: Svojim minimalisti\u010dkim dizajnom i klasi\u010dnom bojom, ovaj vrtni stol u \u010distom, prirodnom drvenom izgledu daje elegantan estetski izgled va\u0161oj unutarnjoj i vanjskoj blagovaonici. Mo\u017ee se lako kombinirati sa stolicama razli\u010ditih stilova kako bi se stvorila skladna cjelina.VODOOTPORNA PLO\u010cA STOLA: Plo\u010da ovog balkonskog stola izra\u0111ena je od WPC-a, koji je otporan na vodu, vlagu, koroziju, vremenske uvjete i deformacije. Vodootporna i izdr\u017eljiva povr\u0161ina \u010dini ovaj blagovaonski stol idealnim za unutarnju i vanjsku upotrebu.STABILAN I IZDR\u017dLJIV: Zahvaljuju\u0107i okviru i nogama od aluminijske legure, ovaj vanjski stol je robustan, stabilan i mo\u017ee podnijeti do 60 kg. Kvadratni stol ima dimenzije 70x74x70 cm i prikladan je za 4-6 osoba.VI\u0160ENAMJENSKI STOL: Ovaj vanjski stol nije samo prakti\u010dan ve\u0107 i dekorativan. Mo\u017ee se koristiti kao vanjski blagovaonski stol, balkonski stol, vrtni stol, itd. Njegov jednostavan i elegantan dizajn \u010dini ga savr\u0161enim za vanjske prostore poput kafi\u0107a, slasti\u010darnica, restorana itd.JEDNOSTAVNO SASTAVLJANJE I ODR\u017dAVANJE: Ilustrirane upute poma\u017eu vam da lako sastavite ovaj mali stol, daju\u0107i vam vi\u0161e vremena za u\u017eivanje u slobodi. Plasti\u010dni poklopci na nogama stola \u0161tite va\u0161 pod od ogrebotina. Za svakodnevno \u010di\u0161\u0107enje jednostavno obri\u0161ite stol vla\u017enom krpom i ponovno \u0107e izgledati kao nov.\" \/>\n<meta name=\"robots\" content=\"index, follow, max-snippet:-1, max-image-preview:large, max-video-preview:-1\" \/>\n<link rel=\"canonical\" href=\"https:\/\/inti.hr\/bs\/proizvod\/vrtni-stol-aluminijski-wpc-za-4-6-osoba-70x74x70-cm\/\" \/>\n<meta property=\"og:locale\" content=\"bs_BA\" \/>\n<meta property=\"og:type\" content=\"article\" \/>\n<meta property=\"og:title\" content=\"Vrtni stol, aluminijski WPC, za 4-6 osoba, 70x74x70 cm - Inti\" \/>\n<meta property=\"og:description\" content=\"STILSKI I SVESTRANI: Svojim minimalisti\u010dkim dizajnom i klasi\u010dnom bojom, ovaj vrtni stol u \u010distom, prirodnom drvenom izgledu daje elegantan estetski izgled va\u0161oj unutarnjoj i vanjskoj blagovaonici. Mo\u017ee se lako kombinirati sa stolicama razli\u010ditih stilova kako bi se stvorila skladna cjelina.VODOOTPORNA PLO\u010cA STOLA: Plo\u010da ovog balkonskog stola izra\u0111ena je od WPC-a, koji je otporan na vodu, vlagu, koroziju, vremenske uvjete i deformacije. Vodootporna i izdr\u017eljiva povr\u0161ina \u010dini ovaj blagovaonski stol idealnim za unutarnju i vanjsku upotrebu.STABILAN I IZDR\u017dLJIV: Zahvaljuju\u0107i okviru i nogama od aluminijske legure, ovaj vanjski stol je robustan, stabilan i mo\u017ee podnijeti do 60 kg. Kvadratni stol ima dimenzije 70x74x70 cm i prikladan je za 4-6 osoba.VI\u0160ENAMJENSKI STOL: Ovaj vanjski stol nije samo prakti\u010dan ve\u0107 i dekorativan. Mo\u017ee se koristiti kao vanjski blagovaonski stol, balkonski stol, vrtni stol, itd. Njegov jednostavan i elegantan dizajn \u010dini ga savr\u0161enim za vanjske prostore poput kafi\u0107a, slasti\u010darnica, restorana itd.JEDNOSTAVNO SASTAVLJANJE I ODR\u017dAVANJE: Ilustrirane upute poma\u017eu vam da lako sastavite ovaj mali stol, daju\u0107i vam vi\u0161e vremena za u\u017eivanje u slobodi. Plasti\u010dni poklopci na nogama stola \u0161tite va\u0161 pod od ogrebotina. Za svakodnevno \u010di\u0161\u0107enje jednostavno obri\u0161ite stol vla\u017enom krpom i ponovno \u0107e izgledati kao nov.\" \/>\n<meta property=\"og:url\" content=\"https:\/\/inti.hr\/bs\/proizvod\/vrtni-stol-aluminijski-wpc-za-4-6-osoba-70x74x70-cm\/\" \/>\n<meta property=\"og:site_name\" content=\"Inti\" \/>\n<meta property=\"og:image\" content=\"https:\/\/i0.wp.com\/inti.hr\/wp-content\/uploads\/2026\/03\/Gartentisch-Aluminium-WPC-4-6-Personen-70x74x70-cm-W0ETT0316-Schwarz5_600x600.jpg?fit=600%2C600&ssl=1\" \/>\n\t<meta property=\"og:image:width\" content=\"600\" \/>\n\t<meta property=\"og:image:height\" content=\"600\" \/>\n\t<meta property=\"og:image:type\" content=\"image\/jpeg\" \/>\n<meta name=\"twitter:card\" content=\"summary_large_image\" \/>\n<script type=\"application\/ld+json\" class=\"yoast-schema-graph\">{\"@context\":\"https:\/\/schema.org\",\"@graph\":[{\"@type\":\"WebPage\",\"@id\":\"https:\/\/inti.hr\/bs\/proizvod\/vrtni-stol-aluminijski-wpc-za-4-6-osoba-70x74x70-cm\/\",\"url\":\"https:\/\/inti.hr\/bs\/proizvod\/vrtni-stol-aluminijski-wpc-za-4-6-osoba-70x74x70-cm\/\",\"name\":\"Vrtni stol, aluminijski WPC, za 4-6 osoba, 70x74x70 cm - Inti\",\"isPartOf\":{\"@id\":\"https:\/\/inti.hr\/bs\/#website\"},\"primaryImageOfPage\":{\"@id\":\"https:\/\/inti.hr\/bs\/proizvod\/vrtni-stol-aluminijski-wpc-za-4-6-osoba-70x74x70-cm\/#primaryimage\"},\"image\":{\"@id\":\"https:\/\/inti.hr\/bs\/proizvod\/vrtni-stol-aluminijski-wpc-za-4-6-osoba-70x74x70-cm\/#primaryimage\"},\"thumbnailUrl\":\"https:\/\/i0.wp.com\/inti.hr\/wp-content\/uploads\/2026\/03\/Gartentisch-Aluminium-WPC-4-6-Personen-70x74x70-cm-W0ETT0316-Schwarz5_600x600.jpg?fit=600%2C600&ssl=1\",\"datePublished\":\"2026-03-09T16:07:22+00:00\",\"dateModified\":\"2026-03-09T16:07:22+00:00\",\"description\":\"STILSKI I SVESTRANI: Svojim minimalisti\u010dkim dizajnom i klasi\u010dnom bojom, ovaj vrtni stol u \u010distom, prirodnom drvenom izgledu daje elegantan estetski izgled va\u0161oj unutarnjoj i vanjskoj blagovaonici. Mo\u017ee se lako kombinirati sa stolicama razli\u010ditih stilova kako bi se stvorila skladna cjelina.VODOOTPORNA PLO\u010cA STOLA: Plo\u010da ovog balkonskog stola izra\u0111ena je od WPC-a, koji je otporan na vodu, vlagu, koroziju, vremenske uvjete i deformacije. Vodootporna i izdr\u017eljiva povr\u0161ina \u010dini ovaj blagovaonski stol idealnim za unutarnju i vanjsku upotrebu.STABILAN I IZDR\u017dLJIV: Zahvaljuju\u0107i okviru i nogama od aluminijske legure, ovaj vanjski stol je robustan, stabilan i mo\u017ee podnijeti do 60 kg. Kvadratni stol ima dimenzije 70x74x70 cm i prikladan je za 4-6 osoba.VI\u0160ENAMJENSKI STOL: Ovaj vanjski stol nije samo prakti\u010dan ve\u0107 i dekorativan. Mo\u017ee se koristiti kao vanjski blagovaonski stol, balkonski stol, vrtni stol, itd. Njegov jednostavan i elegantan dizajn \u010dini ga savr\u0161enim za vanjske prostore poput kafi\u0107a, slasti\u010darnica, restorana itd.JEDNOSTAVNO SASTAVLJANJE I ODR\u017dAVANJE: Ilustrirane upute poma\u017eu vam da lako sastavite ovaj mali stol, daju\u0107i vam vi\u0161e vremena za u\u017eivanje u slobodi. Plasti\u010dni poklopci na nogama stola \u0161tite va\u0161 pod od ogrebotina. Za svakodnevno \u010di\u0161\u0107enje jednostavno obri\u0161ite stol vla\u017enom krpom i ponovno \u0107e izgledati kao nov.\",\"breadcrumb\":{\"@id\":\"https:\/\/inti.hr\/bs\/proizvod\/vrtni-stol-aluminijski-wpc-za-4-6-osoba-70x74x70-cm\/#breadcrumb\"},\"inLanguage\":\"bs-BA\",\"potentialAction\":[{\"@type\":\"ReadAction\",\"target\":[\"https:\/\/inti.hr\/bs\/proizvod\/vrtni-stol-aluminijski-wpc-za-4-6-osoba-70x74x70-cm\/\"]}]},{\"@type\":\"ImageObject\",\"inLanguage\":\"bs-BA\",\"@id\":\"https:\/\/inti.hr\/bs\/proizvod\/vrtni-stol-aluminijski-wpc-za-4-6-osoba-70x74x70-cm\/#primaryimage\",\"url\":\"https:\/\/i0.wp.com\/inti.hr\/wp-content\/uploads\/2026\/03\/Gartentisch-Aluminium-WPC-4-6-Personen-70x74x70-cm-W0ETT0316-Schwarz5_600x600.jpg?fit=600%2C600&ssl=1\",\"contentUrl\":\"https:\/\/i0.wp.com\/inti.hr\/wp-content\/uploads\/2026\/03\/Gartentisch-Aluminium-WPC-4-6-Personen-70x74x70-cm-W0ETT0316-Schwarz5_600x600.jpg?fit=600%2C600&ssl=1\",\"width\":600,\"height\":600,\"caption\":\"WOLTU vrtni stol, aluminijski WPC, za 4-6 osoba, 70x74x70 cm, crni\"},{\"@type\":\"BreadcrumbList\",\"@id\":\"https:\/\/inti.hr\/bs\/proizvod\/vrtni-stol-aluminijski-wpc-za-4-6-osoba-70x74x70-cm\/#breadcrumb\",\"itemListElement\":[{\"@type\":\"ListItem\",\"position\":1,\"name\":\"Po\u010detna stranica\",\"item\":\"https:\/\/inti.hr\/bs\/\"},{\"@type\":\"ListItem\",\"position\":2,\"name\":\"Trgovina\",\"item\":\"https:\/\/inti.hr\/bs\/trgovina\/\"},{\"@type\":\"ListItem\",\"position\":3,\"name\":\"Vrtni stol, aluminijski WPC, za 4-6 osoba, 70x74x70 cm\"}]},{\"@type\":\"WebSite\",\"@id\":\"https:\/\/inti.hr\/bs\/#website\",\"url\":\"https:\/\/inti.hr\/bs\/\",\"name\":\"Inti\",\"description\":\"trgovina\",\"potentialAction\":[{\"@type\":\"SearchAction\",\"target\":{\"@type\":\"EntryPoint\",\"urlTemplate\":\"https:\/\/inti.hr\/bs\/?s={search_term_string}\"},\"query-input\":{\"@type\":\"PropertyValueSpecification\",\"valueRequired\":true,\"valueName\":\"search_term_string\"}}],\"inLanguage\":\"bs-BA\"}]}<\/script>\n<!-- \/ Yoast SEO plugin. -->","yoast_head_json":{"title":"Vrtni stol, aluminijski WPC, za 4-6 osoba, 70x74x70 cm - Inti","description":"STILSKI I SVESTRANI: Svojim minimalisti\u010dkim dizajnom i klasi\u010dnom bojom, ovaj vrtni stol u \u010distom, prirodnom drvenom izgledu daje elegantan estetski izgled va\u0161oj unutarnjoj i vanjskoj blagovaonici. Mo\u017ee se lako kombinirati sa stolicama razli\u010ditih stilova kako bi se stvorila skladna cjelina.VODOOTPORNA PLO\u010cA STOLA: Plo\u010da ovog balkonskog stola izra\u0111ena je od WPC-a, koji je otporan na vodu, vlagu, koroziju, vremenske uvjete i deformacije. Vodootporna i izdr\u017eljiva povr\u0161ina \u010dini ovaj blagovaonski stol idealnim za unutarnju i vanjsku upotrebu.STABILAN I IZDR\u017dLJIV: Zahvaljuju\u0107i okviru i nogama od aluminijske legure, ovaj vanjski stol je robustan, stabilan i mo\u017ee podnijeti do 60 kg. Kvadratni stol ima dimenzije 70x74x70 cm i prikladan je za 4-6 osoba.VI\u0160ENAMJENSKI STOL: Ovaj vanjski stol nije samo prakti\u010dan ve\u0107 i dekorativan. Mo\u017ee se koristiti kao vanjski blagovaonski stol, balkonski stol, vrtni stol, itd. Njegov jednostavan i elegantan dizajn \u010dini ga savr\u0161enim za vanjske prostore poput kafi\u0107a, slasti\u010darnica, restorana itd.JEDNOSTAVNO SASTAVLJANJE I ODR\u017dAVANJE: Ilustrirane upute poma\u017eu vam da lako sastavite ovaj mali stol, daju\u0107i vam vi\u0161e vremena za u\u017eivanje u slobodi. Plasti\u010dni poklopci na nogama stola \u0161tite va\u0161 pod od ogrebotina. Za svakodnevno \u010di\u0161\u0107enje jednostavno obri\u0161ite stol vla\u017enom krpom i ponovno \u0107e izgledati kao nov.","robots":{"index":"index","follow":"follow","max-snippet":"max-snippet:-1","max-image-preview":"max-image-preview:large","max-video-preview":"max-video-preview:-1"},"canonical":"https:\/\/inti.hr\/bs\/proizvod\/vrtni-stol-aluminijski-wpc-za-4-6-osoba-70x74x70-cm\/","og_locale":"bs_BA","og_type":"article","og_title":"Vrtni stol, aluminijski WPC, za 4-6 osoba, 70x74x70 cm - Inti","og_description":"STILSKI I SVESTRANI: Svojim minimalisti\u010dkim dizajnom i klasi\u010dnom bojom, ovaj vrtni stol u \u010distom, prirodnom drvenom izgledu daje elegantan estetski izgled va\u0161oj unutarnjoj i vanjskoj blagovaonici. Mo\u017ee se lako kombinirati sa stolicama razli\u010ditih stilova kako bi se stvorila skladna cjelina.VODOOTPORNA PLO\u010cA STOLA: Plo\u010da ovog balkonskog stola izra\u0111ena je od WPC-a, koji je otporan na vodu, vlagu, koroziju, vremenske uvjete i deformacije. Vodootporna i izdr\u017eljiva povr\u0161ina \u010dini ovaj blagovaonski stol idealnim za unutarnju i vanjsku upotrebu.STABILAN I IZDR\u017dLJIV: Zahvaljuju\u0107i okviru i nogama od aluminijske legure, ovaj vanjski stol je robustan, stabilan i mo\u017ee podnijeti do 60 kg. Kvadratni stol ima dimenzije 70x74x70 cm i prikladan je za 4-6 osoba.VI\u0160ENAMJENSKI STOL: Ovaj vanjski stol nije samo prakti\u010dan ve\u0107 i dekorativan. Mo\u017ee se koristiti kao vanjski blagovaonski stol, balkonski stol, vrtni stol, itd. Njegov jednostavan i elegantan dizajn \u010dini ga savr\u0161enim za vanjske prostore poput kafi\u0107a, slasti\u010darnica, restorana itd.JEDNOSTAVNO SASTAVLJANJE I ODR\u017dAVANJE: Ilustrirane upute poma\u017eu vam da lako sastavite ovaj mali stol, daju\u0107i vam vi\u0161e vremena za u\u017eivanje u slobodi. Plasti\u010dni poklopci na nogama stola \u0161tite va\u0161 pod od ogrebotina. Za svakodnevno \u010di\u0161\u0107enje jednostavno obri\u0161ite stol vla\u017enom krpom i ponovno \u0107e izgledati kao nov.","og_url":"https:\/\/inti.hr\/bs\/proizvod\/vrtni-stol-aluminijski-wpc-za-4-6-osoba-70x74x70-cm\/","og_site_name":"Inti","og_image":[{"width":600,"height":600,"url":"https:\/\/i0.wp.com\/inti.hr\/wp-content\/uploads\/2026\/03\/Gartentisch-Aluminium-WPC-4-6-Personen-70x74x70-cm-W0ETT0316-Schwarz5_600x600.jpg?fit=600%2C600&ssl=1","type":"image\/jpeg"}],"twitter_card":"summary_large_image","schema":{"@context":"https:\/\/schema.org","@graph":[{"@type":"WebPage","@id":"https:\/\/inti.hr\/bs\/proizvod\/vrtni-stol-aluminijski-wpc-za-4-6-osoba-70x74x70-cm\/","url":"https:\/\/inti.hr\/bs\/proizvod\/vrtni-stol-aluminijski-wpc-za-4-6-osoba-70x74x70-cm\/","name":"Vrtni stol, aluminijski WPC, za 4-6 osoba, 70x74x70 cm - Inti","isPartOf":{"@id":"https:\/\/inti.hr\/bs\/#website"},"primaryImageOfPage":{"@id":"https:\/\/inti.hr\/bs\/proizvod\/vrtni-stol-aluminijski-wpc-za-4-6-osoba-70x74x70-cm\/#primaryimage"},"image":{"@id":"https:\/\/inti.hr\/bs\/proizvod\/vrtni-stol-aluminijski-wpc-za-4-6-osoba-70x74x70-cm\/#primaryimage"},"thumbnailUrl":"https:\/\/i0.wp.com\/inti.hr\/wp-content\/uploads\/2026\/03\/Gartentisch-Aluminium-WPC-4-6-Personen-70x74x70-cm-W0ETT0316-Schwarz5_600x600.jpg?fit=600%2C600&ssl=1","datePublished":"2026-03-09T16:07:22+00:00","dateModified":"2026-03-09T16:07:22+00:00","description":"STILSKI I SVESTRANI: Svojim minimalisti\u010dkim dizajnom i klasi\u010dnom bojom, ovaj vrtni stol u \u010distom, prirodnom drvenom izgledu daje elegantan estetski izgled va\u0161oj unutarnjoj i vanjskoj blagovaonici. Mo\u017ee se lako kombinirati sa stolicama razli\u010ditih stilova kako bi se stvorila skladna cjelina.VODOOTPORNA PLO\u010cA STOLA: Plo\u010da ovog balkonskog stola izra\u0111ena je od WPC-a, koji je otporan na vodu, vlagu, koroziju, vremenske uvjete i deformacije. Vodootporna i izdr\u017eljiva povr\u0161ina \u010dini ovaj blagovaonski stol idealnim za unutarnju i vanjsku upotrebu.STABILAN I IZDR\u017dLJIV: Zahvaljuju\u0107i okviru i nogama od aluminijske legure, ovaj vanjski stol je robustan, stabilan i mo\u017ee podnijeti do 60 kg. Kvadratni stol ima dimenzije 70x74x70 cm i prikladan je za 4-6 osoba.VI\u0160ENAMJENSKI STOL: Ovaj vanjski stol nije samo prakti\u010dan ve\u0107 i dekorativan. Mo\u017ee se koristiti kao vanjski blagovaonski stol, balkonski stol, vrtni stol, itd. Njegov jednostavan i elegantan dizajn \u010dini ga savr\u0161enim za vanjske prostore poput kafi\u0107a, slasti\u010darnica, restorana itd.JEDNOSTAVNO SASTAVLJANJE I ODR\u017dAVANJE: Ilustrirane upute poma\u017eu vam da lako sastavite ovaj mali stol, daju\u0107i vam vi\u0161e vremena za u\u017eivanje u slobodi. Plasti\u010dni poklopci na nogama stola \u0161tite va\u0161 pod od ogrebotina. Za svakodnevno \u010di\u0161\u0107enje jednostavno obri\u0161ite stol vla\u017enom krpom i ponovno \u0107e izgledati kao nov.","breadcrumb":{"@id":"https:\/\/inti.hr\/bs\/proizvod\/vrtni-stol-aluminijski-wpc-za-4-6-osoba-70x74x70-cm\/#breadcrumb"},"inLanguage":"bs-BA","potentialAction":[{"@type":"ReadAction","target":["https:\/\/inti.hr\/bs\/proizvod\/vrtni-stol-aluminijski-wpc-za-4-6-osoba-70x74x70-cm\/"]}]},{"@type":"ImageObject","inLanguage":"bs-BA","@id":"https:\/\/inti.hr\/bs\/proizvod\/vrtni-stol-aluminijski-wpc-za-4-6-osoba-70x74x70-cm\/#primaryimage","url":"https:\/\/i0.wp.com\/inti.hr\/wp-content\/uploads\/2026\/03\/Gartentisch-Aluminium-WPC-4-6-Personen-70x74x70-cm-W0ETT0316-Schwarz5_600x600.jpg?fit=600%2C600&ssl=1","contentUrl":"https:\/\/i0.wp.com\/inti.hr\/wp-content\/uploads\/2026\/03\/Gartentisch-Aluminium-WPC-4-6-Personen-70x74x70-cm-W0ETT0316-Schwarz5_600x600.jpg?fit=600%2C600&ssl=1","width":600,"height":600,"caption":"WOLTU vrtni stol, aluminijski WPC, za 4-6 osoba, 70x74x70 cm, crni"},{"@type":"BreadcrumbList","@id":"https:\/\/inti.hr\/bs\/proizvod\/vrtni-stol-aluminijski-wpc-za-4-6-osoba-70x74x70-cm\/#breadcrumb","itemListElement":[{"@type":"ListItem","position":1,"name":"Po\u010detna stranica","item":"https:\/\/inti.hr\/bs\/"},{"@type":"ListItem","position":2,"name":"Trgovina","item":"https:\/\/inti.hr\/bs\/trgovina\/"},{"@type":"ListItem","position":3,"name":"Vrtni stol, aluminijski WPC, za 4-6 osoba, 70x74x70 cm"}]},{"@type":"WebSite","@id":"https:\/\/inti.hr\/bs\/#website","url":"https:\/\/inti.hr\/bs\/","name":"Inti","description":"trgovina","potentialAction":[{"@type":"SearchAction","target":{"@type":"EntryPoint","urlTemplate":"https:\/\/inti.hr\/bs\/?s={search_term_string}"},"query-input":{"@type":"PropertyValueSpecification","valueRequired":true,"valueName":"search_term_string"}}],"inLanguage":"bs-BA"}]}},"jetpack_sharing_enabled":true,"jetpack-related-posts":[],"_links":{"self":[{"href":"https:\/\/inti.hr\/bs\/wp-json\/wp\/v2\/product\/30619"}],"collection":[{"href":"https:\/\/inti.hr\/bs\/wp-json\/wp\/v2\/product"}],"about":[{"href":"https:\/\/inti.hr\/bs\/wp-json\/wp\/v2\/types\/product"}],"wp:featuredmedia":[{"embeddable":true,"href":"https:\/\/inti.hr\/bs\/wp-json\/wp\/v2\/media\/30620"}],"wp:attachment":[{"href":"https:\/\/inti.hr\/bs\/wp-json\/wp\/v2\/media?parent=30619"}],"wp:term":[{"taxonomy":"product_cat","embeddable":true,"href":"https:\/\/inti.hr\/bs\/wp-json\/wp\/v2\/product_cat?post=30619"},{"taxonomy":"product_tag","embeddable":true,"href":"https:\/\/inti.hr\/bs\/wp-json\/wp\/v2\/product_tag?post=30619"}],"curies":[{"name":"wp","href":"https:\/\/api.w.org\/{rel}","templated":true}]}}