{"id":30675,"date":"2026-03-09T08:41:42","date_gmt":"2026-03-09T07:41:42","guid":{"rendered":"https:\/\/inti.hr\/product\/polica-sa-6-pretinaca\/"},"modified":"2026-03-09T08:41:42","modified_gmt":"2026-03-09T07:41:42","slug":"polica-sa-6-pretinaca","status":"publish","type":"product","link":"https:\/\/inti.hr\/bs\/proizvod\/polica-sa-6-pretinaca\/","title":{"rendered":"Polica sa 6 pretinaca"},"content":{"rendered":"<p>Detalji o proizvodu:<br \/>\nBoja: Vintage sme\u0111a<br \/>\nMaterijal: Iverica<br \/>\nVeli\u010dina: 24 x 60 x 178,5 cm (D x \u0160 x V)<br \/>\nTe\u017eina: 21 kg<br \/>\nMaksimalna stati\u010dka nosivost po razini: 10 kg<\/p>\n<p>Detalji o proizvodu:<br \/>\nBoja: Bijela<br \/>\nMaterijal: Iverica<br \/>\nVeli\u010dina: 24 x 60 x 178,5 cm (D x \u0160 x V)<br \/>\nTe\u017eina: 21 kg<br \/>\nMaksimalna stati\u010dka nosivost po razini: 10 kg<\/p>\n","protected":false},"excerpt":{"rendered":"<p>[Za ljubitelje jednostavnog namje\u0161taja] Svojom rustikalno sme\u0111om bojom i \u010distim linijama, &#8230; <\/p>\n","protected":false},"featured_media":30676,"template":"","meta":[],"product_cat":[2418,2436],"product_tag":[2598,2599],"yoast_head":"<!-- This site is optimized with the Yoast SEO plugin v23.7 - https:\/\/yoast.com\/wordpress\/plugins\/seo\/ -->\n<title>Polica sa 6 pretinaca - Inti<\/title>\n<meta name=\"description\" content=\"[Za ljubitelje jednostavnog namje\u0161taja] Svojom rustikalno sme\u0111om bojom i \u010distim linijama, ova polica za knjige u industrijskom stilu unosi svje\u017e i privla\u010dan dodir u va\u0161 dom.[\u010cvrsta i \u0161tedi prostor] Ova polica za knjige dimenzija 24 x 60 x 178,5 cm upravo je ono \u0161to vam treba! Optimalno koristi vertikalni prostor i ne zauzima puno prostora na podu. Zahvaljuju\u0107i vrhunskoj iverici, svaka polica mo\u017ee podnijeti do 10 kg.[Podesive police] Ova polica za knjige ima 4 police podesive po visini, prikladne za predmete razli\u010ditih veli\u010dina. Veliki ukrasni predmeti ili mali sukulenti, sve stane![Puno prostora] Ova polica za pohranu sa 6 pretinaca prava je pomo\u0107 svima koji \u017eele u\u0161tedjeti prostor. Ure\u0111enje nikad nije bilo zabavnije![Jednostavna monta\u017ea] Zahvaljuju\u0107i ozna\u010denim dijelovima i jasnim, lako razumljivim uputama, monta\u017ea je jednostavna.\" \/>\n<meta name=\"robots\" content=\"index, follow, max-snippet:-1, max-image-preview:large, max-video-preview:-1\" \/>\n<link rel=\"canonical\" href=\"https:\/\/inti.hr\/bs\/proizvod\/polica-sa-6-pretinaca\/\" \/>\n<meta property=\"og:locale\" content=\"bs_BA\" \/>\n<meta property=\"og:type\" content=\"article\" \/>\n<meta property=\"og:title\" content=\"Polica sa 6 pretinaca - Inti\" \/>\n<meta property=\"og:description\" content=\"[Za ljubitelje jednostavnog namje\u0161taja] Svojom rustikalno sme\u0111om bojom i \u010distim linijama, ova polica za knjige u industrijskom stilu unosi svje\u017e i privla\u010dan dodir u va\u0161 dom.[\u010cvrsta i \u0161tedi prostor] Ova polica za knjige dimenzija 24 x 60 x 178,5 cm upravo je ono \u0161to vam treba! Optimalno koristi vertikalni prostor i ne zauzima puno prostora na podu. Zahvaljuju\u0107i vrhunskoj iverici, svaka polica mo\u017ee podnijeti do 10 kg.[Podesive police] Ova polica za knjige ima 4 police podesive po visini, prikladne za predmete razli\u010ditih veli\u010dina. Veliki ukrasni predmeti ili mali sukulenti, sve stane![Puno prostora] Ova polica za pohranu sa 6 pretinaca prava je pomo\u0107 svima koji \u017eele u\u0161tedjeti prostor. Ure\u0111enje nikad nije bilo zabavnije![Jednostavna monta\u017ea] Zahvaljuju\u0107i ozna\u010denim dijelovima i jasnim, lako razumljivim uputama, monta\u017ea je jednostavna.\" \/>\n<meta property=\"og:url\" content=\"https:\/\/inti.hr\/bs\/proizvod\/polica-sa-6-pretinaca\/\" \/>\n<meta property=\"og:site_name\" content=\"Inti\" \/>\n<meta property=\"og:image\" content=\"https:\/\/i0.wp.com\/inti.hr\/wp-content\/uploads\/2026\/03\/LBC169T14-2.jpg?fit=800%2C1000&ssl=1\" \/>\n\t<meta property=\"og:image:width\" content=\"800\" \/>\n\t<meta property=\"og:image:height\" content=\"1000\" \/>\n\t<meta property=\"og:image:type\" content=\"image\/jpeg\" \/>\n<meta name=\"twitter:card\" content=\"summary_large_image\" \/>\n<script type=\"application\/ld+json\" class=\"yoast-schema-graph\">{\"@context\":\"https:\/\/schema.org\",\"@graph\":[{\"@type\":\"WebPage\",\"@id\":\"https:\/\/inti.hr\/bs\/proizvod\/polica-sa-6-pretinaca\/\",\"url\":\"https:\/\/inti.hr\/bs\/proizvod\/polica-sa-6-pretinaca\/\",\"name\":\"Polica sa 6 pretinaca - Inti\",\"isPartOf\":{\"@id\":\"https:\/\/inti.hr\/bs\/#website\"},\"primaryImageOfPage\":{\"@id\":\"https:\/\/inti.hr\/bs\/proizvod\/polica-sa-6-pretinaca\/#primaryimage\"},\"image\":{\"@id\":\"https:\/\/inti.hr\/bs\/proizvod\/polica-sa-6-pretinaca\/#primaryimage\"},\"thumbnailUrl\":\"https:\/\/i0.wp.com\/inti.hr\/wp-content\/uploads\/2026\/03\/LBC169T14-2.jpg?fit=800%2C1000&ssl=1\",\"datePublished\":\"2026-03-09T07:41:42+00:00\",\"dateModified\":\"2026-03-09T07:41:42+00:00\",\"description\":\"[Za ljubitelje jednostavnog namje\u0161taja] Svojom rustikalno sme\u0111om bojom i \u010distim linijama, ova polica za knjige u industrijskom stilu unosi svje\u017e i privla\u010dan dodir u va\u0161 dom.[\u010cvrsta i \u0161tedi prostor] Ova polica za knjige dimenzija 24 x 60 x 178,5 cm upravo je ono \u0161to vam treba! Optimalno koristi vertikalni prostor i ne zauzima puno prostora na podu. Zahvaljuju\u0107i vrhunskoj iverici, svaka polica mo\u017ee podnijeti do 10 kg.[Podesive police] Ova polica za knjige ima 4 police podesive po visini, prikladne za predmete razli\u010ditih veli\u010dina. Veliki ukrasni predmeti ili mali sukulenti, sve stane![Puno prostora] Ova polica za pohranu sa 6 pretinaca prava je pomo\u0107 svima koji \u017eele u\u0161tedjeti prostor. Ure\u0111enje nikad nije bilo zabavnije![Jednostavna monta\u017ea] Zahvaljuju\u0107i ozna\u010denim dijelovima i jasnim, lako razumljivim uputama, monta\u017ea je jednostavna.\",\"breadcrumb\":{\"@id\":\"https:\/\/inti.hr\/bs\/proizvod\/polica-sa-6-pretinaca\/#breadcrumb\"},\"inLanguage\":\"bs-BA\",\"potentialAction\":[{\"@type\":\"ReadAction\",\"target\":[\"https:\/\/inti.hr\/bs\/proizvod\/polica-sa-6-pretinaca\/\"]}]},{\"@type\":\"ImageObject\",\"inLanguage\":\"bs-BA\",\"@id\":\"https:\/\/inti.hr\/bs\/proizvod\/polica-sa-6-pretinaca\/#primaryimage\",\"url\":\"https:\/\/i0.wp.com\/inti.hr\/wp-content\/uploads\/2026\/03\/LBC169T14-2.jpg?fit=800%2C1000&ssl=1\",\"contentUrl\":\"https:\/\/i0.wp.com\/inti.hr\/wp-content\/uploads\/2026\/03\/LBC169T14-2.jpg?fit=800%2C1000&ssl=1\",\"width\":800,\"height\":1000,\"caption\":\"VASAGLE polica sa 6 pretinaca, bijela\"},{\"@type\":\"BreadcrumbList\",\"@id\":\"https:\/\/inti.hr\/bs\/proizvod\/polica-sa-6-pretinaca\/#breadcrumb\",\"itemListElement\":[{\"@type\":\"ListItem\",\"position\":1,\"name\":\"Po\u010detna stranica\",\"item\":\"https:\/\/inti.hr\/bs\/\"},{\"@type\":\"ListItem\",\"position\":2,\"name\":\"Trgovina\",\"item\":\"https:\/\/inti.hr\/bs\/trgovina\/\"},{\"@type\":\"ListItem\",\"position\":3,\"name\":\"Polica sa 6 pretinaca\"}]},{\"@type\":\"WebSite\",\"@id\":\"https:\/\/inti.hr\/bs\/#website\",\"url\":\"https:\/\/inti.hr\/bs\/\",\"name\":\"Inti\",\"description\":\"trgovina\",\"potentialAction\":[{\"@type\":\"SearchAction\",\"target\":{\"@type\":\"EntryPoint\",\"urlTemplate\":\"https:\/\/inti.hr\/bs\/?s={search_term_string}\"},\"query-input\":{\"@type\":\"PropertyValueSpecification\",\"valueRequired\":true,\"valueName\":\"search_term_string\"}}],\"inLanguage\":\"bs-BA\"}]}<\/script>\n<!-- \/ Yoast SEO plugin. -->","yoast_head_json":{"title":"Polica sa 6 pretinaca - Inti","description":"[Za ljubitelje jednostavnog namje\u0161taja] Svojom rustikalno sme\u0111om bojom i \u010distim linijama, ova polica za knjige u industrijskom stilu unosi svje\u017e i privla\u010dan dodir u va\u0161 dom.[\u010cvrsta i \u0161tedi prostor] Ova polica za knjige dimenzija 24 x 60 x 178,5 cm upravo je ono \u0161to vam treba! Optimalno koristi vertikalni prostor i ne zauzima puno prostora na podu. Zahvaljuju\u0107i vrhunskoj iverici, svaka polica mo\u017ee podnijeti do 10 kg.[Podesive police] Ova polica za knjige ima 4 police podesive po visini, prikladne za predmete razli\u010ditih veli\u010dina. Veliki ukrasni predmeti ili mali sukulenti, sve stane![Puno prostora] Ova polica za pohranu sa 6 pretinaca prava je pomo\u0107 svima koji \u017eele u\u0161tedjeti prostor. Ure\u0111enje nikad nije bilo zabavnije![Jednostavna monta\u017ea] Zahvaljuju\u0107i ozna\u010denim dijelovima i jasnim, lako razumljivim uputama, monta\u017ea je jednostavna.","robots":{"index":"index","follow":"follow","max-snippet":"max-snippet:-1","max-image-preview":"max-image-preview:large","max-video-preview":"max-video-preview:-1"},"canonical":"https:\/\/inti.hr\/bs\/proizvod\/polica-sa-6-pretinaca\/","og_locale":"bs_BA","og_type":"article","og_title":"Polica sa 6 pretinaca - Inti","og_description":"[Za ljubitelje jednostavnog namje\u0161taja] Svojom rustikalno sme\u0111om bojom i \u010distim linijama, ova polica za knjige u industrijskom stilu unosi svje\u017e i privla\u010dan dodir u va\u0161 dom.[\u010cvrsta i \u0161tedi prostor] Ova polica za knjige dimenzija 24 x 60 x 178,5 cm upravo je ono \u0161to vam treba! Optimalno koristi vertikalni prostor i ne zauzima puno prostora na podu. Zahvaljuju\u0107i vrhunskoj iverici, svaka polica mo\u017ee podnijeti do 10 kg.[Podesive police] Ova polica za knjige ima 4 police podesive po visini, prikladne za predmete razli\u010ditih veli\u010dina. Veliki ukrasni predmeti ili mali sukulenti, sve stane![Puno prostora] Ova polica za pohranu sa 6 pretinaca prava je pomo\u0107 svima koji \u017eele u\u0161tedjeti prostor. Ure\u0111enje nikad nije bilo zabavnije![Jednostavna monta\u017ea] Zahvaljuju\u0107i ozna\u010denim dijelovima i jasnim, lako razumljivim uputama, monta\u017ea je jednostavna.","og_url":"https:\/\/inti.hr\/bs\/proizvod\/polica-sa-6-pretinaca\/","og_site_name":"Inti","og_image":[{"width":800,"height":1000,"url":"https:\/\/i0.wp.com\/inti.hr\/wp-content\/uploads\/2026\/03\/LBC169T14-2.jpg?fit=800%2C1000&ssl=1","type":"image\/jpeg"}],"twitter_card":"summary_large_image","schema":{"@context":"https:\/\/schema.org","@graph":[{"@type":"WebPage","@id":"https:\/\/inti.hr\/bs\/proizvod\/polica-sa-6-pretinaca\/","url":"https:\/\/inti.hr\/bs\/proizvod\/polica-sa-6-pretinaca\/","name":"Polica sa 6 pretinaca - Inti","isPartOf":{"@id":"https:\/\/inti.hr\/bs\/#website"},"primaryImageOfPage":{"@id":"https:\/\/inti.hr\/bs\/proizvod\/polica-sa-6-pretinaca\/#primaryimage"},"image":{"@id":"https:\/\/inti.hr\/bs\/proizvod\/polica-sa-6-pretinaca\/#primaryimage"},"thumbnailUrl":"https:\/\/i0.wp.com\/inti.hr\/wp-content\/uploads\/2026\/03\/LBC169T14-2.jpg?fit=800%2C1000&ssl=1","datePublished":"2026-03-09T07:41:42+00:00","dateModified":"2026-03-09T07:41:42+00:00","description":"[Za ljubitelje jednostavnog namje\u0161taja] Svojom rustikalno sme\u0111om bojom i \u010distim linijama, ova polica za knjige u industrijskom stilu unosi svje\u017e i privla\u010dan dodir u va\u0161 dom.[\u010cvrsta i \u0161tedi prostor] Ova polica za knjige dimenzija 24 x 60 x 178,5 cm upravo je ono \u0161to vam treba! Optimalno koristi vertikalni prostor i ne zauzima puno prostora na podu. Zahvaljuju\u0107i vrhunskoj iverici, svaka polica mo\u017ee podnijeti do 10 kg.[Podesive police] Ova polica za knjige ima 4 police podesive po visini, prikladne za predmete razli\u010ditih veli\u010dina. Veliki ukrasni predmeti ili mali sukulenti, sve stane![Puno prostora] Ova polica za pohranu sa 6 pretinaca prava je pomo\u0107 svima koji \u017eele u\u0161tedjeti prostor. Ure\u0111enje nikad nije bilo zabavnije![Jednostavna monta\u017ea] Zahvaljuju\u0107i ozna\u010denim dijelovima i jasnim, lako razumljivim uputama, monta\u017ea je jednostavna.","breadcrumb":{"@id":"https:\/\/inti.hr\/bs\/proizvod\/polica-sa-6-pretinaca\/#breadcrumb"},"inLanguage":"bs-BA","potentialAction":[{"@type":"ReadAction","target":["https:\/\/inti.hr\/bs\/proizvod\/polica-sa-6-pretinaca\/"]}]},{"@type":"ImageObject","inLanguage":"bs-BA","@id":"https:\/\/inti.hr\/bs\/proizvod\/polica-sa-6-pretinaca\/#primaryimage","url":"https:\/\/i0.wp.com\/inti.hr\/wp-content\/uploads\/2026\/03\/LBC169T14-2.jpg?fit=800%2C1000&ssl=1","contentUrl":"https:\/\/i0.wp.com\/inti.hr\/wp-content\/uploads\/2026\/03\/LBC169T14-2.jpg?fit=800%2C1000&ssl=1","width":800,"height":1000,"caption":"VASAGLE polica sa 6 pretinaca, bijela"},{"@type":"BreadcrumbList","@id":"https:\/\/inti.hr\/bs\/proizvod\/polica-sa-6-pretinaca\/#breadcrumb","itemListElement":[{"@type":"ListItem","position":1,"name":"Po\u010detna stranica","item":"https:\/\/inti.hr\/bs\/"},{"@type":"ListItem","position":2,"name":"Trgovina","item":"https:\/\/inti.hr\/bs\/trgovina\/"},{"@type":"ListItem","position":3,"name":"Polica sa 6 pretinaca"}]},{"@type":"WebSite","@id":"https:\/\/inti.hr\/bs\/#website","url":"https:\/\/inti.hr\/bs\/","name":"Inti","description":"trgovina","potentialAction":[{"@type":"SearchAction","target":{"@type":"EntryPoint","urlTemplate":"https:\/\/inti.hr\/bs\/?s={search_term_string}"},"query-input":{"@type":"PropertyValueSpecification","valueRequired":true,"valueName":"search_term_string"}}],"inLanguage":"bs-BA"}]}},"jetpack_sharing_enabled":true,"jetpack-related-posts":[],"_links":{"self":[{"href":"https:\/\/inti.hr\/bs\/wp-json\/wp\/v2\/product\/30675"}],"collection":[{"href":"https:\/\/inti.hr\/bs\/wp-json\/wp\/v2\/product"}],"about":[{"href":"https:\/\/inti.hr\/bs\/wp-json\/wp\/v2\/types\/product"}],"wp:featuredmedia":[{"embeddable":true,"href":"https:\/\/inti.hr\/bs\/wp-json\/wp\/v2\/media\/30676"}],"wp:attachment":[{"href":"https:\/\/inti.hr\/bs\/wp-json\/wp\/v2\/media?parent=30675"}],"wp:term":[{"taxonomy":"product_cat","embeddable":true,"href":"https:\/\/inti.hr\/bs\/wp-json\/wp\/v2\/product_cat?post=30675"},{"taxonomy":"product_tag","embeddable":true,"href":"https:\/\/inti.hr\/bs\/wp-json\/wp\/v2\/product_tag?post=30675"}],"curies":[{"name":"wp","href":"https:\/\/api.w.org\/{rel}","templated":true}]}}