{"id":30683,"date":"2026-03-07T14:02:13","date_gmt":"2026-03-07T13:02:13","guid":{"rendered":"https:\/\/inti.hr\/product\/nogometni-golovi-za-djecu\/"},"modified":"2026-03-07T14:02:13","modified_gmt":"2026-03-07T13:02:13","slug":"nogometni-golovi-za-djecu","status":"publish","type":"product","link":"https:\/\/inti.hr\/bs\/proizvod\/nogometni-golovi-za-djecu\/","title":{"rendered":"Nogometni golovi za djecu"},"content":{"rendered":"<div class=\"left\">\n<ul>\n<li><b><span dir=\"auto\">Detalji o proizvodu:<\/span><\/b><span dir=\"auto\">Boja: Crvena, crna i plava<\/span><span dir=\"auto\">Materijal: \u010celik, \u0161ipke od fiberglasa, poliesterska mre\u017ea, oxfordska tkanina<\/span>\n<p><span dir=\"auto\">Veli\u010dina: 120 x 80 x 80 cm (D x \u0160 x V)<\/span><\/p>\n<p><span dir=\"auto\">Te\u017eina: 2,2 kg<\/span><\/p>\n<p><b><span dir=\"auto\">Opseg isporuke:<\/span><\/b><\/p>\n<p><span dir=\"auto\">2 x nogometni golovi<\/span><\/p>\n<p><span dir=\"auto\">4 x potporna \u0161ipka<\/span><\/p>\n<p><span dir=\"auto\">4 x metalna kuta (2 po vratima)<\/span><\/p>\n<p><span dir=\"auto\">8 x geotehni\u010dkih sidara<\/span><\/p>\n<p><span dir=\"auto\">1 x transportna torba (95 x 95 x 110 cm)<\/span><\/p>\n<p><span dir=\"auto\">1 x priru\u010dnik s uputama (DE, EN, FR, ES, IT)<\/span><\/li>\n<\/ul>\n<\/div>\n","protected":false},"excerpt":{"rendered":"<ul class=\"left\">\n<li><span dir=\"auto\">U\u0161tedite vrijeme i gnjava\u017eu: Nije potreban alat! S &#8230;<br \/>\n","protected":false},"featured_media":30685,"template":"","meta":[],"product_cat":[2602],"product_tag":[2603,2604],"yoast_head":"<!-- This site is optimized with the Yoast SEO plugin v23.7 - https:\/\/yoast.com\/wordpress\/plugins\/seo\/ -->\n<title>Nogometni golovi za djecu - Inti<\/title>\n<meta name=\"description\" content=\"U\u0161tedite vrijeme i gnjava\u017eu: Nije potreban alat! S okvirom od stakloplastike i \u010delika, ova dva nogometna gola se brzo i jednostavno sastavljaju. Prijatelji va\u0161e djece ne moraju \u010dekati \u2013 akcija mo\u017ee odmah po\u010deti!Lagan i prenosiv: Svaki nogometni gol lagan je poput knjige. \u017delite li ga ponijeti na pla\u017eu ili piknik u park? Nema problema. Jednostavno preklopite gol i spremite ga u prilo\u017eenu torbu za no\u0161enje. Na taj na\u010din va\u0161a djeca mogu igrati nogomet bilo gdje.Stabilan i otporan na udarce: Kolci za tlo pri\u010dvr\u0161\u0107uju donje \u0161ipke nogometnih golova za tlo. Va\u0161e dijete mo\u017ee s pouzdanjem ulo\u017eiti svu svoju snagu u \u0161ut; \u0161ator se ne\u0107e prevrnuti.Mali detalji \u010dine veliku razliku: Visokokvalitetne elasti\u010dne \u0161ipke od stakloplastike, izdr\u017eljiva Oxford tkanina, poliesterska mre\u017ea otporna na habanje, uredno obra\u0111eni \u0161avovi - ovi vrhunski materijali osiguravaju da ovaj nogometni gol mo\u017ee lako izdr\u017eati \u010dak i najbu\u010dnije male igra\u010de.\u0160to dobivate: 2 nogometna gola za vrt, park i pla\u017eu s torbom za no\u0161enje i 8 sidri\u0161ta za tlo za stabilnost. \u017dele li va\u0161a djeca odmah igrati nogometnu utakmicu s prijateljima? Vrijeme je za zabavu na nogometnom terenu!\" \/>\n<meta name=\"robots\" content=\"index, follow, max-snippet:-1, max-image-preview:large, max-video-preview:-1\" \/>\n<link rel=\"canonical\" href=\"https:\/\/inti.hr\/bs\/proizvod\/nogometni-golovi-za-djecu\/\" \/>\n<meta property=\"og:locale\" content=\"bs_BA\" \/>\n<meta property=\"og:type\" content=\"article\" \/>\n<meta property=\"og:title\" content=\"Nogometni golovi za djecu - Inti\" \/>\n<meta property=\"og:description\" content=\"U\u0161tedite vrijeme i gnjava\u017eu: Nije potreban alat! S okvirom od stakloplastike i \u010delika, ova dva nogometna gola se brzo i jednostavno sastavljaju. Prijatelji va\u0161e djece ne moraju \u010dekati \u2013 akcija mo\u017ee odmah po\u010deti!Lagan i prenosiv: Svaki nogometni gol lagan je poput knjige. \u017delite li ga ponijeti na pla\u017eu ili piknik u park? Nema problema. Jednostavno preklopite gol i spremite ga u prilo\u017eenu torbu za no\u0161enje. Na taj na\u010din va\u0161a djeca mogu igrati nogomet bilo gdje.Stabilan i otporan na udarce: Kolci za tlo pri\u010dvr\u0161\u0107uju donje \u0161ipke nogometnih golova za tlo. Va\u0161e dijete mo\u017ee s pouzdanjem ulo\u017eiti svu svoju snagu u \u0161ut; \u0161ator se ne\u0107e prevrnuti.Mali detalji \u010dine veliku razliku: Visokokvalitetne elasti\u010dne \u0161ipke od stakloplastike, izdr\u017eljiva Oxford tkanina, poliesterska mre\u017ea otporna na habanje, uredno obra\u0111eni \u0161avovi - ovi vrhunski materijali osiguravaju da ovaj nogometni gol mo\u017ee lako izdr\u017eati \u010dak i najbu\u010dnije male igra\u010de.\u0160to dobivate: 2 nogometna gola za vrt, park i pla\u017eu s torbom za no\u0161enje i 8 sidri\u0161ta za tlo za stabilnost. \u017dele li va\u0161a djeca odmah igrati nogometnu utakmicu s prijateljima? Vrijeme je za zabavu na nogometnom terenu!\" \/>\n<meta property=\"og:url\" content=\"https:\/\/inti.hr\/bs\/proizvod\/nogometni-golovi-za-djecu\/\" \/>\n<meta property=\"og:site_name\" content=\"Inti\" \/>\n<meta property=\"og:image\" content=\"https:\/\/i0.wp.com\/inti.hr\/wp-content\/uploads\/2026\/03\/SZQ122Q02-1.jpg?fit=1000%2C1000&ssl=1\" \/>\n\t<meta property=\"og:image:width\" content=\"1000\" \/>\n\t<meta property=\"og:image:height\" content=\"1000\" \/>\n\t<meta property=\"og:image:type\" content=\"image\/jpeg\" \/>\n<meta name=\"twitter:card\" content=\"summary_large_image\" \/>\n<script type=\"application\/ld+json\" class=\"yoast-schema-graph\">{\"@context\":\"https:\/\/schema.org\",\"@graph\":[{\"@type\":\"WebPage\",\"@id\":\"https:\/\/inti.hr\/bs\/proizvod\/nogometni-golovi-za-djecu\/\",\"url\":\"https:\/\/inti.hr\/bs\/proizvod\/nogometni-golovi-za-djecu\/\",\"name\":\"Nogometni golovi za djecu - Inti\",\"isPartOf\":{\"@id\":\"https:\/\/inti.hr\/bs\/#website\"},\"primaryImageOfPage\":{\"@id\":\"https:\/\/inti.hr\/bs\/proizvod\/nogometni-golovi-za-djecu\/#primaryimage\"},\"image\":{\"@id\":\"https:\/\/inti.hr\/bs\/proizvod\/nogometni-golovi-za-djecu\/#primaryimage\"},\"thumbnailUrl\":\"https:\/\/i0.wp.com\/inti.hr\/wp-content\/uploads\/2026\/03\/SZQ122Q02-1.jpg?fit=1000%2C1000&ssl=1\",\"datePublished\":\"2026-03-07T13:02:13+00:00\",\"dateModified\":\"2026-03-07T13:02:13+00:00\",\"description\":\"U\u0161tedite vrijeme i gnjava\u017eu: Nije potreban alat! S okvirom od stakloplastike i \u010delika, ova dva nogometna gola se brzo i jednostavno sastavljaju. Prijatelji va\u0161e djece ne moraju \u010dekati \u2013 akcija mo\u017ee odmah po\u010deti!Lagan i prenosiv: Svaki nogometni gol lagan je poput knjige. \u017delite li ga ponijeti na pla\u017eu ili piknik u park? Nema problema. Jednostavno preklopite gol i spremite ga u prilo\u017eenu torbu za no\u0161enje. Na taj na\u010din va\u0161a djeca mogu igrati nogomet bilo gdje.Stabilan i otporan na udarce: Kolci za tlo pri\u010dvr\u0161\u0107uju donje \u0161ipke nogometnih golova za tlo. Va\u0161e dijete mo\u017ee s pouzdanjem ulo\u017eiti svu svoju snagu u \u0161ut; \u0161ator se ne\u0107e prevrnuti.Mali detalji \u010dine veliku razliku: Visokokvalitetne elasti\u010dne \u0161ipke od stakloplastike, izdr\u017eljiva Oxford tkanina, poliesterska mre\u017ea otporna na habanje, uredno obra\u0111eni \u0161avovi - ovi vrhunski materijali osiguravaju da ovaj nogometni gol mo\u017ee lako izdr\u017eati \u010dak i najbu\u010dnije male igra\u010de.\u0160to dobivate: 2 nogometna gola za vrt, park i pla\u017eu s torbom za no\u0161enje i 8 sidri\u0161ta za tlo za stabilnost. \u017dele li va\u0161a djeca odmah igrati nogometnu utakmicu s prijateljima? Vrijeme je za zabavu na nogometnom terenu!\",\"breadcrumb\":{\"@id\":\"https:\/\/inti.hr\/bs\/proizvod\/nogometni-golovi-za-djecu\/#breadcrumb\"},\"inLanguage\":\"bs-BA\",\"potentialAction\":[{\"@type\":\"ReadAction\",\"target\":[\"https:\/\/inti.hr\/bs\/proizvod\/nogometni-golovi-za-djecu\/\"]}]},{\"@type\":\"ImageObject\",\"inLanguage\":\"bs-BA\",\"@id\":\"https:\/\/inti.hr\/bs\/proizvod\/nogometni-golovi-za-djecu\/#primaryimage\",\"url\":\"https:\/\/i0.wp.com\/inti.hr\/wp-content\/uploads\/2026\/03\/SZQ122Q02-1.jpg?fit=1000%2C1000&ssl=1\",\"contentUrl\":\"https:\/\/i0.wp.com\/inti.hr\/wp-content\/uploads\/2026\/03\/SZQ122Q02-1.jpg?fit=1000%2C1000&ssl=1\",\"width\":1000,\"height\":1000,\"caption\":\"SONGMICS nogometni golovi za djecu, crveni\"},{\"@type\":\"BreadcrumbList\",\"@id\":\"https:\/\/inti.hr\/bs\/proizvod\/nogometni-golovi-za-djecu\/#breadcrumb\",\"itemListElement\":[{\"@type\":\"ListItem\",\"position\":1,\"name\":\"Po\u010detna stranica\",\"item\":\"https:\/\/inti.hr\/bs\/\"},{\"@type\":\"ListItem\",\"position\":2,\"name\":\"Trgovina\",\"item\":\"https:\/\/inti.hr\/bs\/trgovina\/\"},{\"@type\":\"ListItem\",\"position\":3,\"name\":\"Nogometni golovi za djecu\"}]},{\"@type\":\"WebSite\",\"@id\":\"https:\/\/inti.hr\/bs\/#website\",\"url\":\"https:\/\/inti.hr\/bs\/\",\"name\":\"Inti\",\"description\":\"trgovina\",\"potentialAction\":[{\"@type\":\"SearchAction\",\"target\":{\"@type\":\"EntryPoint\",\"urlTemplate\":\"https:\/\/inti.hr\/bs\/?s={search_term_string}\"},\"query-input\":{\"@type\":\"PropertyValueSpecification\",\"valueRequired\":true,\"valueName\":\"search_term_string\"}}],\"inLanguage\":\"bs-BA\"}]}<\/script>\n<!-- \/ Yoast SEO plugin. -->","yoast_head_json":{"title":"Nogometni golovi za djecu - Inti","description":"U\u0161tedite vrijeme i gnjava\u017eu: Nije potreban alat! S okvirom od stakloplastike i \u010delika, ova dva nogometna gola se brzo i jednostavno sastavljaju. Prijatelji va\u0161e djece ne moraju \u010dekati \u2013 akcija mo\u017ee odmah po\u010deti!Lagan i prenosiv: Svaki nogometni gol lagan je poput knjige. \u017delite li ga ponijeti na pla\u017eu ili piknik u park? Nema problema. Jednostavno preklopite gol i spremite ga u prilo\u017eenu torbu za no\u0161enje. Na taj na\u010din va\u0161a djeca mogu igrati nogomet bilo gdje.Stabilan i otporan na udarce: Kolci za tlo pri\u010dvr\u0161\u0107uju donje \u0161ipke nogometnih golova za tlo. Va\u0161e dijete mo\u017ee s pouzdanjem ulo\u017eiti svu svoju snagu u \u0161ut; \u0161ator se ne\u0107e prevrnuti.Mali detalji \u010dine veliku razliku: Visokokvalitetne elasti\u010dne \u0161ipke od stakloplastike, izdr\u017eljiva Oxford tkanina, poliesterska mre\u017ea otporna na habanje, uredno obra\u0111eni \u0161avovi - ovi vrhunski materijali osiguravaju da ovaj nogometni gol mo\u017ee lako izdr\u017eati \u010dak i najbu\u010dnije male igra\u010de.\u0160to dobivate: 2 nogometna gola za vrt, park i pla\u017eu s torbom za no\u0161enje i 8 sidri\u0161ta za tlo za stabilnost. \u017dele li va\u0161a djeca odmah igrati nogometnu utakmicu s prijateljima? Vrijeme je za zabavu na nogometnom terenu!","robots":{"index":"index","follow":"follow","max-snippet":"max-snippet:-1","max-image-preview":"max-image-preview:large","max-video-preview":"max-video-preview:-1"},"canonical":"https:\/\/inti.hr\/bs\/proizvod\/nogometni-golovi-za-djecu\/","og_locale":"bs_BA","og_type":"article","og_title":"Nogometni golovi za djecu - Inti","og_description":"U\u0161tedite vrijeme i gnjava\u017eu: Nije potreban alat! S okvirom od stakloplastike i \u010delika, ova dva nogometna gola se brzo i jednostavno sastavljaju. Prijatelji va\u0161e djece ne moraju \u010dekati \u2013 akcija mo\u017ee odmah po\u010deti!Lagan i prenosiv: Svaki nogometni gol lagan je poput knjige. \u017delite li ga ponijeti na pla\u017eu ili piknik u park? Nema problema. Jednostavno preklopite gol i spremite ga u prilo\u017eenu torbu za no\u0161enje. Na taj na\u010din va\u0161a djeca mogu igrati nogomet bilo gdje.Stabilan i otporan na udarce: Kolci za tlo pri\u010dvr\u0161\u0107uju donje \u0161ipke nogometnih golova za tlo. Va\u0161e dijete mo\u017ee s pouzdanjem ulo\u017eiti svu svoju snagu u \u0161ut; \u0161ator se ne\u0107e prevrnuti.Mali detalji \u010dine veliku razliku: Visokokvalitetne elasti\u010dne \u0161ipke od stakloplastike, izdr\u017eljiva Oxford tkanina, poliesterska mre\u017ea otporna na habanje, uredno obra\u0111eni \u0161avovi - ovi vrhunski materijali osiguravaju da ovaj nogometni gol mo\u017ee lako izdr\u017eati \u010dak i najbu\u010dnije male igra\u010de.\u0160to dobivate: 2 nogometna gola za vrt, park i pla\u017eu s torbom za no\u0161enje i 8 sidri\u0161ta za tlo za stabilnost. \u017dele li va\u0161a djeca odmah igrati nogometnu utakmicu s prijateljima? Vrijeme je za zabavu na nogometnom terenu!","og_url":"https:\/\/inti.hr\/bs\/proizvod\/nogometni-golovi-za-djecu\/","og_site_name":"Inti","og_image":[{"width":1000,"height":1000,"url":"https:\/\/i0.wp.com\/inti.hr\/wp-content\/uploads\/2026\/03\/SZQ122Q02-1.jpg?fit=1000%2C1000&ssl=1","type":"image\/jpeg"}],"twitter_card":"summary_large_image","schema":{"@context":"https:\/\/schema.org","@graph":[{"@type":"WebPage","@id":"https:\/\/inti.hr\/bs\/proizvod\/nogometni-golovi-za-djecu\/","url":"https:\/\/inti.hr\/bs\/proizvod\/nogometni-golovi-za-djecu\/","name":"Nogometni golovi za djecu - Inti","isPartOf":{"@id":"https:\/\/inti.hr\/bs\/#website"},"primaryImageOfPage":{"@id":"https:\/\/inti.hr\/bs\/proizvod\/nogometni-golovi-za-djecu\/#primaryimage"},"image":{"@id":"https:\/\/inti.hr\/bs\/proizvod\/nogometni-golovi-za-djecu\/#primaryimage"},"thumbnailUrl":"https:\/\/i0.wp.com\/inti.hr\/wp-content\/uploads\/2026\/03\/SZQ122Q02-1.jpg?fit=1000%2C1000&ssl=1","datePublished":"2026-03-07T13:02:13+00:00","dateModified":"2026-03-07T13:02:13+00:00","description":"U\u0161tedite vrijeme i gnjava\u017eu: Nije potreban alat! S okvirom od stakloplastike i \u010delika, ova dva nogometna gola se brzo i jednostavno sastavljaju. Prijatelji va\u0161e djece ne moraju \u010dekati \u2013 akcija mo\u017ee odmah po\u010deti!Lagan i prenosiv: Svaki nogometni gol lagan je poput knjige. \u017delite li ga ponijeti na pla\u017eu ili piknik u park? Nema problema. Jednostavno preklopite gol i spremite ga u prilo\u017eenu torbu za no\u0161enje. Na taj na\u010din va\u0161a djeca mogu igrati nogomet bilo gdje.Stabilan i otporan na udarce: Kolci za tlo pri\u010dvr\u0161\u0107uju donje \u0161ipke nogometnih golova za tlo. Va\u0161e dijete mo\u017ee s pouzdanjem ulo\u017eiti svu svoju snagu u \u0161ut; \u0161ator se ne\u0107e prevrnuti.Mali detalji \u010dine veliku razliku: Visokokvalitetne elasti\u010dne \u0161ipke od stakloplastike, izdr\u017eljiva Oxford tkanina, poliesterska mre\u017ea otporna na habanje, uredno obra\u0111eni \u0161avovi - ovi vrhunski materijali osiguravaju da ovaj nogometni gol mo\u017ee lako izdr\u017eati \u010dak i najbu\u010dnije male igra\u010de.\u0160to dobivate: 2 nogometna gola za vrt, park i pla\u017eu s torbom za no\u0161enje i 8 sidri\u0161ta za tlo za stabilnost. \u017dele li va\u0161a djeca odmah igrati nogometnu utakmicu s prijateljima? Vrijeme je za zabavu na nogometnom terenu!","breadcrumb":{"@id":"https:\/\/inti.hr\/bs\/proizvod\/nogometni-golovi-za-djecu\/#breadcrumb"},"inLanguage":"bs-BA","potentialAction":[{"@type":"ReadAction","target":["https:\/\/inti.hr\/bs\/proizvod\/nogometni-golovi-za-djecu\/"]}]},{"@type":"ImageObject","inLanguage":"bs-BA","@id":"https:\/\/inti.hr\/bs\/proizvod\/nogometni-golovi-za-djecu\/#primaryimage","url":"https:\/\/i0.wp.com\/inti.hr\/wp-content\/uploads\/2026\/03\/SZQ122Q02-1.jpg?fit=1000%2C1000&ssl=1","contentUrl":"https:\/\/i0.wp.com\/inti.hr\/wp-content\/uploads\/2026\/03\/SZQ122Q02-1.jpg?fit=1000%2C1000&ssl=1","width":1000,"height":1000,"caption":"SONGMICS nogometni golovi za djecu, crveni"},{"@type":"BreadcrumbList","@id":"https:\/\/inti.hr\/bs\/proizvod\/nogometni-golovi-za-djecu\/#breadcrumb","itemListElement":[{"@type":"ListItem","position":1,"name":"Po\u010detna stranica","item":"https:\/\/inti.hr\/bs\/"},{"@type":"ListItem","position":2,"name":"Trgovina","item":"https:\/\/inti.hr\/bs\/trgovina\/"},{"@type":"ListItem","position":3,"name":"Nogometni golovi za djecu"}]},{"@type":"WebSite","@id":"https:\/\/inti.hr\/bs\/#website","url":"https:\/\/inti.hr\/bs\/","name":"Inti","description":"trgovina","potentialAction":[{"@type":"SearchAction","target":{"@type":"EntryPoint","urlTemplate":"https:\/\/inti.hr\/bs\/?s={search_term_string}"},"query-input":{"@type":"PropertyValueSpecification","valueRequired":true,"valueName":"search_term_string"}}],"inLanguage":"bs-BA"}]}},"jetpack_sharing_enabled":true,"jetpack-related-posts":[],"_links":{"self":[{"href":"https:\/\/inti.hr\/bs\/wp-json\/wp\/v2\/product\/30683"}],"collection":[{"href":"https:\/\/inti.hr\/bs\/wp-json\/wp\/v2\/product"}],"about":[{"href":"https:\/\/inti.hr\/bs\/wp-json\/wp\/v2\/types\/product"}],"wp:featuredmedia":[{"embeddable":true,"href":"https:\/\/inti.hr\/bs\/wp-json\/wp\/v2\/media\/30685"}],"wp:attachment":[{"href":"https:\/\/inti.hr\/bs\/wp-json\/wp\/v2\/media?parent=30683"}],"wp:term":[{"taxonomy":"product_cat","embeddable":true,"href":"https:\/\/inti.hr\/bs\/wp-json\/wp\/v2\/product_cat?post=30683"},{"taxonomy":"product_tag","embeddable":true,"href":"https:\/\/inti.hr\/bs\/wp-json\/wp\/v2\/product_tag?post=30683"}],"curies":[{"name":"wp","href":"https:\/\/api.w.org\/{rel}","templated":true}]}}