{"id":30695,"date":"2026-03-03T10:00:27","date_gmt":"2026-03-03T09:00:27","guid":{"rendered":"https:\/\/inti.hr\/product\/viseca-svjetiljka-2xe27-crna-sipka-s-kuglama\/"},"modified":"2026-03-03T10:00:27","modified_gmt":"2026-03-03T09:00:27","slug":"viseca-svjetiljka-2xe27-crna-sipka-s-kuglama","status":"publish","type":"product","link":"https:\/\/inti.hr\/bs\/proizvod\/viseca-svjetiljka-2xe27-crna-sipka-s-kuglama\/","title":{"rendered":"VISE\u0106A SVJETILJKA 2xE27 CRNA \u0160IPKA S KUGLAMA"},"content":{"rendered":"<p>Tehni\u010dki podaci:<br \/>\nBroj izvora 2<br \/>\nDodatno Materijal: Metal+staklo<br \/>\nGrlo E27<br \/>\nIP stupanj za\u0161tite IP 20<br \/>\n\u0160irina 710mm<br \/>\nVisina 1200mm<\/p>\n","protected":false},"excerpt":{"rendered":"<p>Vise\u0107a svjetiljka koja ima minimalisti\u010dki dizajn. Sastoji se od horizontalne crne &#8230; <\/p>\n","protected":false},"featured_media":30696,"template":"","meta":[],"product_cat":[2389],"product_tag":[],"yoast_head":"<!-- This site is optimized with the Yoast SEO plugin v23.7 - https:\/\/yoast.com\/wordpress\/plugins\/seo\/ -->\n<title>VISE\u0106A SVJETILJKA 2xE27 CRNA \u0160IPKA S KUGLAMA - Inti<\/title>\n<meta name=\"description\" content=\"Vise\u0107a svjetiljka koja ima minimalisti\u010dki dizajn. Sastoji se od horizontalne crne \u0161ipke koja nosi dvije mlije\u010dne bijele staklene kugle. One su obje\u0161ene na crnim kablovima s pravokutnog stropnog nosa\u010da. Simetri\u010dnost i jednostavnost dizajna \u010dine je zanimljivim komadom koji mo\u017ee upotpuniti razli\u010dite unutarnje prostore, pru\u017eaju\u0107i funkcionalno osvjetljenje i dekorativni element iznad blagovaonskog stola.\" \/>\n<meta name=\"robots\" content=\"index, follow, max-snippet:-1, max-image-preview:large, max-video-preview:-1\" \/>\n<link rel=\"canonical\" href=\"https:\/\/inti.hr\/bs\/proizvod\/viseca-svjetiljka-2xe27-crna-sipka-s-kuglama\/\" \/>\n<meta property=\"og:locale\" content=\"bs_BA\" \/>\n<meta property=\"og:type\" content=\"article\" \/>\n<meta property=\"og:title\" content=\"VISE\u0106A SVJETILJKA 2xE27 CRNA \u0160IPKA S KUGLAMA - Inti\" \/>\n<meta property=\"og:description\" content=\"Vise\u0107a svjetiljka koja ima minimalisti\u010dki dizajn. Sastoji se od horizontalne crne \u0161ipke koja nosi dvije mlije\u010dne bijele staklene kugle. One su obje\u0161ene na crnim kablovima s pravokutnog stropnog nosa\u010da. Simetri\u010dnost i jednostavnost dizajna \u010dine je zanimljivim komadom koji mo\u017ee upotpuniti razli\u010dite unutarnje prostore, pru\u017eaju\u0107i funkcionalno osvjetljenje i dekorativni element iznad blagovaonskog stola.\" \/>\n<meta property=\"og:url\" content=\"https:\/\/inti.hr\/bs\/proizvod\/viseca-svjetiljka-2xe27-crna-sipka-s-kuglama\/\" \/>\n<meta property=\"og:site_name\" content=\"Inti\" \/>\n<meta property=\"og:image\" content=\"https:\/\/i0.wp.com\/inti.hr\/wp-content\/uploads\/2026\/03\/22907.webp?fit=1000%2C1000&ssl=1\" \/>\n\t<meta property=\"og:image:width\" content=\"1000\" \/>\n\t<meta property=\"og:image:height\" content=\"1000\" \/>\n\t<meta property=\"og:image:type\" content=\"image\/webp\" \/>\n<meta name=\"twitter:card\" content=\"summary_large_image\" \/>\n<script type=\"application\/ld+json\" class=\"yoast-schema-graph\">{\"@context\":\"https:\/\/schema.org\",\"@graph\":[{\"@type\":\"WebPage\",\"@id\":\"https:\/\/inti.hr\/bs\/proizvod\/viseca-svjetiljka-2xe27-crna-sipka-s-kuglama\/\",\"url\":\"https:\/\/inti.hr\/bs\/proizvod\/viseca-svjetiljka-2xe27-crna-sipka-s-kuglama\/\",\"name\":\"VISE\u0106A SVJETILJKA 2xE27 CRNA \u0160IPKA S KUGLAMA - Inti\",\"isPartOf\":{\"@id\":\"https:\/\/inti.hr\/bs\/#website\"},\"primaryImageOfPage\":{\"@id\":\"https:\/\/inti.hr\/bs\/proizvod\/viseca-svjetiljka-2xe27-crna-sipka-s-kuglama\/#primaryimage\"},\"image\":{\"@id\":\"https:\/\/inti.hr\/bs\/proizvod\/viseca-svjetiljka-2xe27-crna-sipka-s-kuglama\/#primaryimage\"},\"thumbnailUrl\":\"https:\/\/i0.wp.com\/inti.hr\/wp-content\/uploads\/2026\/03\/22907.webp?fit=1000%2C1000&ssl=1\",\"datePublished\":\"2026-03-03T09:00:27+00:00\",\"dateModified\":\"2026-03-03T09:00:27+00:00\",\"description\":\"Vise\u0107a svjetiljka koja ima minimalisti\u010dki dizajn. Sastoji se od horizontalne crne \u0161ipke koja nosi dvije mlije\u010dne bijele staklene kugle. One su obje\u0161ene na crnim kablovima s pravokutnog stropnog nosa\u010da. Simetri\u010dnost i jednostavnost dizajna \u010dine je zanimljivim komadom koji mo\u017ee upotpuniti razli\u010dite unutarnje prostore, pru\u017eaju\u0107i funkcionalno osvjetljenje i dekorativni element iznad blagovaonskog stola.\",\"breadcrumb\":{\"@id\":\"https:\/\/inti.hr\/bs\/proizvod\/viseca-svjetiljka-2xe27-crna-sipka-s-kuglama\/#breadcrumb\"},\"inLanguage\":\"bs-BA\",\"potentialAction\":[{\"@type\":\"ReadAction\",\"target\":[\"https:\/\/inti.hr\/bs\/proizvod\/viseca-svjetiljka-2xe27-crna-sipka-s-kuglama\/\"]}]},{\"@type\":\"ImageObject\",\"inLanguage\":\"bs-BA\",\"@id\":\"https:\/\/inti.hr\/bs\/proizvod\/viseca-svjetiljka-2xe27-crna-sipka-s-kuglama\/#primaryimage\",\"url\":\"https:\/\/i0.wp.com\/inti.hr\/wp-content\/uploads\/2026\/03\/22907.webp?fit=1000%2C1000&ssl=1\",\"contentUrl\":\"https:\/\/i0.wp.com\/inti.hr\/wp-content\/uploads\/2026\/03\/22907.webp?fit=1000%2C1000&ssl=1\",\"width\":1000,\"height\":1000,\"caption\":\"22907 VISE\u0106A SVJETILJKA 2xE27 CRNA \u0160IPKA S KUGLAMA\"},{\"@type\":\"BreadcrumbList\",\"@id\":\"https:\/\/inti.hr\/bs\/proizvod\/viseca-svjetiljka-2xe27-crna-sipka-s-kuglama\/#breadcrumb\",\"itemListElement\":[{\"@type\":\"ListItem\",\"position\":1,\"name\":\"Po\u010detna stranica\",\"item\":\"https:\/\/inti.hr\/bs\/\"},{\"@type\":\"ListItem\",\"position\":2,\"name\":\"Trgovina\",\"item\":\"https:\/\/inti.hr\/bs\/trgovina\/\"},{\"@type\":\"ListItem\",\"position\":3,\"name\":\"VISE\u0106A SVJETILJKA 2xE27 CRNA \u0160IPKA S KUGLAMA\"}]},{\"@type\":\"WebSite\",\"@id\":\"https:\/\/inti.hr\/bs\/#website\",\"url\":\"https:\/\/inti.hr\/bs\/\",\"name\":\"Inti\",\"description\":\"trgovina\",\"potentialAction\":[{\"@type\":\"SearchAction\",\"target\":{\"@type\":\"EntryPoint\",\"urlTemplate\":\"https:\/\/inti.hr\/bs\/?s={search_term_string}\"},\"query-input\":{\"@type\":\"PropertyValueSpecification\",\"valueRequired\":true,\"valueName\":\"search_term_string\"}}],\"inLanguage\":\"bs-BA\"}]}<\/script>\n<!-- \/ Yoast SEO plugin. -->","yoast_head_json":{"title":"VISE\u0106A SVJETILJKA 2xE27 CRNA \u0160IPKA S KUGLAMA - Inti","description":"Vise\u0107a svjetiljka koja ima minimalisti\u010dki dizajn. Sastoji se od horizontalne crne \u0161ipke koja nosi dvije mlije\u010dne bijele staklene kugle. One su obje\u0161ene na crnim kablovima s pravokutnog stropnog nosa\u010da. Simetri\u010dnost i jednostavnost dizajna \u010dine je zanimljivim komadom koji mo\u017ee upotpuniti razli\u010dite unutarnje prostore, pru\u017eaju\u0107i funkcionalno osvjetljenje i dekorativni element iznad blagovaonskog stola.","robots":{"index":"index","follow":"follow","max-snippet":"max-snippet:-1","max-image-preview":"max-image-preview:large","max-video-preview":"max-video-preview:-1"},"canonical":"https:\/\/inti.hr\/bs\/proizvod\/viseca-svjetiljka-2xe27-crna-sipka-s-kuglama\/","og_locale":"bs_BA","og_type":"article","og_title":"VISE\u0106A SVJETILJKA 2xE27 CRNA \u0160IPKA S KUGLAMA - Inti","og_description":"Vise\u0107a svjetiljka koja ima minimalisti\u010dki dizajn. Sastoji se od horizontalne crne \u0161ipke koja nosi dvije mlije\u010dne bijele staklene kugle. One su obje\u0161ene na crnim kablovima s pravokutnog stropnog nosa\u010da. Simetri\u010dnost i jednostavnost dizajna \u010dine je zanimljivim komadom koji mo\u017ee upotpuniti razli\u010dite unutarnje prostore, pru\u017eaju\u0107i funkcionalno osvjetljenje i dekorativni element iznad blagovaonskog stola.","og_url":"https:\/\/inti.hr\/bs\/proizvod\/viseca-svjetiljka-2xe27-crna-sipka-s-kuglama\/","og_site_name":"Inti","og_image":[{"width":1000,"height":1000,"url":"https:\/\/i0.wp.com\/inti.hr\/wp-content\/uploads\/2026\/03\/22907.webp?fit=1000%2C1000&ssl=1","type":"image\/webp"}],"twitter_card":"summary_large_image","schema":{"@context":"https:\/\/schema.org","@graph":[{"@type":"WebPage","@id":"https:\/\/inti.hr\/bs\/proizvod\/viseca-svjetiljka-2xe27-crna-sipka-s-kuglama\/","url":"https:\/\/inti.hr\/bs\/proizvod\/viseca-svjetiljka-2xe27-crna-sipka-s-kuglama\/","name":"VISE\u0106A SVJETILJKA 2xE27 CRNA \u0160IPKA S KUGLAMA - Inti","isPartOf":{"@id":"https:\/\/inti.hr\/bs\/#website"},"primaryImageOfPage":{"@id":"https:\/\/inti.hr\/bs\/proizvod\/viseca-svjetiljka-2xe27-crna-sipka-s-kuglama\/#primaryimage"},"image":{"@id":"https:\/\/inti.hr\/bs\/proizvod\/viseca-svjetiljka-2xe27-crna-sipka-s-kuglama\/#primaryimage"},"thumbnailUrl":"https:\/\/i0.wp.com\/inti.hr\/wp-content\/uploads\/2026\/03\/22907.webp?fit=1000%2C1000&ssl=1","datePublished":"2026-03-03T09:00:27+00:00","dateModified":"2026-03-03T09:00:27+00:00","description":"Vise\u0107a svjetiljka koja ima minimalisti\u010dki dizajn. Sastoji se od horizontalne crne \u0161ipke koja nosi dvije mlije\u010dne bijele staklene kugle. One su obje\u0161ene na crnim kablovima s pravokutnog stropnog nosa\u010da. Simetri\u010dnost i jednostavnost dizajna \u010dine je zanimljivim komadom koji mo\u017ee upotpuniti razli\u010dite unutarnje prostore, pru\u017eaju\u0107i funkcionalno osvjetljenje i dekorativni element iznad blagovaonskog stola.","breadcrumb":{"@id":"https:\/\/inti.hr\/bs\/proizvod\/viseca-svjetiljka-2xe27-crna-sipka-s-kuglama\/#breadcrumb"},"inLanguage":"bs-BA","potentialAction":[{"@type":"ReadAction","target":["https:\/\/inti.hr\/bs\/proizvod\/viseca-svjetiljka-2xe27-crna-sipka-s-kuglama\/"]}]},{"@type":"ImageObject","inLanguage":"bs-BA","@id":"https:\/\/inti.hr\/bs\/proizvod\/viseca-svjetiljka-2xe27-crna-sipka-s-kuglama\/#primaryimage","url":"https:\/\/i0.wp.com\/inti.hr\/wp-content\/uploads\/2026\/03\/22907.webp?fit=1000%2C1000&ssl=1","contentUrl":"https:\/\/i0.wp.com\/inti.hr\/wp-content\/uploads\/2026\/03\/22907.webp?fit=1000%2C1000&ssl=1","width":1000,"height":1000,"caption":"22907 VISE\u0106A SVJETILJKA 2xE27 CRNA \u0160IPKA S KUGLAMA"},{"@type":"BreadcrumbList","@id":"https:\/\/inti.hr\/bs\/proizvod\/viseca-svjetiljka-2xe27-crna-sipka-s-kuglama\/#breadcrumb","itemListElement":[{"@type":"ListItem","position":1,"name":"Po\u010detna stranica","item":"https:\/\/inti.hr\/bs\/"},{"@type":"ListItem","position":2,"name":"Trgovina","item":"https:\/\/inti.hr\/bs\/trgovina\/"},{"@type":"ListItem","position":3,"name":"VISE\u0106A SVJETILJKA 2xE27 CRNA \u0160IPKA S KUGLAMA"}]},{"@type":"WebSite","@id":"https:\/\/inti.hr\/bs\/#website","url":"https:\/\/inti.hr\/bs\/","name":"Inti","description":"trgovina","potentialAction":[{"@type":"SearchAction","target":{"@type":"EntryPoint","urlTemplate":"https:\/\/inti.hr\/bs\/?s={search_term_string}"},"query-input":{"@type":"PropertyValueSpecification","valueRequired":true,"valueName":"search_term_string"}}],"inLanguage":"bs-BA"}]}},"jetpack_sharing_enabled":true,"jetpack-related-posts":[],"_links":{"self":[{"href":"https:\/\/inti.hr\/bs\/wp-json\/wp\/v2\/product\/30695"}],"collection":[{"href":"https:\/\/inti.hr\/bs\/wp-json\/wp\/v2\/product"}],"about":[{"href":"https:\/\/inti.hr\/bs\/wp-json\/wp\/v2\/types\/product"}],"wp:featuredmedia":[{"embeddable":true,"href":"https:\/\/inti.hr\/bs\/wp-json\/wp\/v2\/media\/30696"}],"wp:attachment":[{"href":"https:\/\/inti.hr\/bs\/wp-json\/wp\/v2\/media?parent=30695"}],"wp:term":[{"taxonomy":"product_cat","embeddable":true,"href":"https:\/\/inti.hr\/bs\/wp-json\/wp\/v2\/product_cat?post=30695"},{"taxonomy":"product_tag","embeddable":true,"href":"https:\/\/inti.hr\/bs\/wp-json\/wp\/v2\/product_tag?post=30695"}],"curies":[{"name":"wp","href":"https:\/\/api.w.org\/{rel}","templated":true}]}}