{"id":30699,"date":"2026-03-03T09:58:26","date_gmt":"2026-03-03T08:58:26","guid":{"rendered":"https:\/\/inti.hr\/product\/viseca-svjetiljka-6xe27-bijele-mlijecne-kugle\/"},"modified":"2026-03-03T09:58:26","modified_gmt":"2026-03-03T08:58:26","slug":"viseca-svjetiljka-6xe27-bijele-mlijecne-kugle","status":"publish","type":"product","link":"https:\/\/inti.hr\/bs\/proizvod\/viseca-svjetiljka-6xe27-bijele-mlijecne-kugle\/","title":{"rendered":"VISE\u0106A SVJETILJKA 6xE27 BIJELE MLIJE\u010cNE KUGLE"},"content":{"rendered":"<p>Tehni\u010dki podaci:<br \/>\nBroj izvora 6<br \/>\nDodatno Materijal: Metal+staklo<br \/>\nGrlo E27<br \/>\nIP stupanj za\u0161tite IP 20<br \/>\n\u0160irina 700mm<br \/>\nVisina 1200mm<\/p>\n","protected":false},"excerpt":{"rendered":"<p>Vise\u0107a svjetiljka &#8211; luster ima crni metalni okvir s nekoliko ruku &#8230; <\/p>\n","protected":false},"featured_media":30700,"template":"","meta":[],"product_cat":[2610],"product_tag":[],"yoast_head":"<!-- This site is optimized with the Yoast SEO plugin v23.7 - https:\/\/yoast.com\/wordpress\/plugins\/seo\/ -->\n<title>VISE\u0106A SVJETILJKA 6xE27 BIJELE MLIJE\u010cNE KUGLE - Inti<\/title>\n<meta name=\"robots\" content=\"index, follow, max-snippet:-1, max-image-preview:large, max-video-preview:-1\" \/>\n<link rel=\"canonical\" href=\"https:\/\/inti.hr\/bs\/proizvod\/viseca-svjetiljka-6xe27-bijele-mlijecne-kugle\/\" \/>\n<meta property=\"og:locale\" content=\"bs_BA\" \/>\n<meta property=\"og:type\" content=\"article\" \/>\n<meta property=\"og:title\" content=\"VISE\u0106A SVJETILJKA 6xE27 BIJELE MLIJE\u010cNE KUGLE - Inti\" \/>\n<meta property=\"og:description\" content=\"Vise\u0107a svjetiljka - luster ima crni metalni okvir s nekoliko ruku ...\" \/>\n<meta property=\"og:url\" content=\"https:\/\/inti.hr\/bs\/proizvod\/viseca-svjetiljka-6xe27-bijele-mlijecne-kugle\/\" \/>\n<meta property=\"og:site_name\" content=\"Inti\" \/>\n<meta property=\"og:image\" content=\"https:\/\/i0.wp.com\/inti.hr\/wp-content\/uploads\/2026\/03\/22909.webp?fit=1000%2C1000&ssl=1\" \/>\n\t<meta property=\"og:image:width\" content=\"1000\" \/>\n\t<meta property=\"og:image:height\" content=\"1000\" \/>\n\t<meta property=\"og:image:type\" content=\"image\/webp\" \/>\n<meta name=\"twitter:card\" content=\"summary_large_image\" \/>\n<script type=\"application\/ld+json\" class=\"yoast-schema-graph\">{\"@context\":\"https:\/\/schema.org\",\"@graph\":[{\"@type\":\"WebPage\",\"@id\":\"https:\/\/inti.hr\/bs\/proizvod\/viseca-svjetiljka-6xe27-bijele-mlijecne-kugle\/\",\"url\":\"https:\/\/inti.hr\/bs\/proizvod\/viseca-svjetiljka-6xe27-bijele-mlijecne-kugle\/\",\"name\":\"VISE\u0106A SVJETILJKA 6xE27 BIJELE MLIJE\u010cNE KUGLE - Inti\",\"isPartOf\":{\"@id\":\"https:\/\/inti.hr\/bs\/#website\"},\"primaryImageOfPage\":{\"@id\":\"https:\/\/inti.hr\/bs\/proizvod\/viseca-svjetiljka-6xe27-bijele-mlijecne-kugle\/#primaryimage\"},\"image\":{\"@id\":\"https:\/\/inti.hr\/bs\/proizvod\/viseca-svjetiljka-6xe27-bijele-mlijecne-kugle\/#primaryimage\"},\"thumbnailUrl\":\"https:\/\/i0.wp.com\/inti.hr\/wp-content\/uploads\/2026\/03\/22909.webp?fit=1000%2C1000&ssl=1\",\"datePublished\":\"2026-03-03T08:58:26+00:00\",\"dateModified\":\"2026-03-03T08:58:26+00:00\",\"breadcrumb\":{\"@id\":\"https:\/\/inti.hr\/bs\/proizvod\/viseca-svjetiljka-6xe27-bijele-mlijecne-kugle\/#breadcrumb\"},\"inLanguage\":\"bs-BA\",\"potentialAction\":[{\"@type\":\"ReadAction\",\"target\":[\"https:\/\/inti.hr\/bs\/proizvod\/viseca-svjetiljka-6xe27-bijele-mlijecne-kugle\/\"]}]},{\"@type\":\"ImageObject\",\"inLanguage\":\"bs-BA\",\"@id\":\"https:\/\/inti.hr\/bs\/proizvod\/viseca-svjetiljka-6xe27-bijele-mlijecne-kugle\/#primaryimage\",\"url\":\"https:\/\/i0.wp.com\/inti.hr\/wp-content\/uploads\/2026\/03\/22909.webp?fit=1000%2C1000&ssl=1\",\"contentUrl\":\"https:\/\/i0.wp.com\/inti.hr\/wp-content\/uploads\/2026\/03\/22909.webp?fit=1000%2C1000&ssl=1\",\"width\":1000,\"height\":1000},{\"@type\":\"BreadcrumbList\",\"@id\":\"https:\/\/inti.hr\/bs\/proizvod\/viseca-svjetiljka-6xe27-bijele-mlijecne-kugle\/#breadcrumb\",\"itemListElement\":[{\"@type\":\"ListItem\",\"position\":1,\"name\":\"Po\u010detna stranica\",\"item\":\"https:\/\/inti.hr\/bs\/\"},{\"@type\":\"ListItem\",\"position\":2,\"name\":\"Trgovina\",\"item\":\"https:\/\/inti.hr\/bs\/trgovina\/\"},{\"@type\":\"ListItem\",\"position\":3,\"name\":\"VISE\u0106A SVJETILJKA 6xE27 BIJELE MLIJE\u010cNE KUGLE\"}]},{\"@type\":\"WebSite\",\"@id\":\"https:\/\/inti.hr\/bs\/#website\",\"url\":\"https:\/\/inti.hr\/bs\/\",\"name\":\"Inti\",\"description\":\"trgovina\",\"potentialAction\":[{\"@type\":\"SearchAction\",\"target\":{\"@type\":\"EntryPoint\",\"urlTemplate\":\"https:\/\/inti.hr\/bs\/?s={search_term_string}\"},\"query-input\":{\"@type\":\"PropertyValueSpecification\",\"valueRequired\":true,\"valueName\":\"search_term_string\"}}],\"inLanguage\":\"bs-BA\"}]}<\/script>\n<!-- \/ Yoast SEO plugin. -->","yoast_head_json":{"title":"VISE\u0106A SVJETILJKA 6xE27 BIJELE MLIJE\u010cNE KUGLE - Inti","robots":{"index":"index","follow":"follow","max-snippet":"max-snippet:-1","max-image-preview":"max-image-preview:large","max-video-preview":"max-video-preview:-1"},"canonical":"https:\/\/inti.hr\/bs\/proizvod\/viseca-svjetiljka-6xe27-bijele-mlijecne-kugle\/","og_locale":"bs_BA","og_type":"article","og_title":"VISE\u0106A SVJETILJKA 6xE27 BIJELE MLIJE\u010cNE KUGLE - Inti","og_description":"Vise\u0107a svjetiljka - luster ima crni metalni okvir s nekoliko ruku ...","og_url":"https:\/\/inti.hr\/bs\/proizvod\/viseca-svjetiljka-6xe27-bijele-mlijecne-kugle\/","og_site_name":"Inti","og_image":[{"width":1000,"height":1000,"url":"https:\/\/i0.wp.com\/inti.hr\/wp-content\/uploads\/2026\/03\/22909.webp?fit=1000%2C1000&ssl=1","type":"image\/webp"}],"twitter_card":"summary_large_image","schema":{"@context":"https:\/\/schema.org","@graph":[{"@type":"WebPage","@id":"https:\/\/inti.hr\/bs\/proizvod\/viseca-svjetiljka-6xe27-bijele-mlijecne-kugle\/","url":"https:\/\/inti.hr\/bs\/proizvod\/viseca-svjetiljka-6xe27-bijele-mlijecne-kugle\/","name":"VISE\u0106A SVJETILJKA 6xE27 BIJELE MLIJE\u010cNE KUGLE - Inti","isPartOf":{"@id":"https:\/\/inti.hr\/bs\/#website"},"primaryImageOfPage":{"@id":"https:\/\/inti.hr\/bs\/proizvod\/viseca-svjetiljka-6xe27-bijele-mlijecne-kugle\/#primaryimage"},"image":{"@id":"https:\/\/inti.hr\/bs\/proizvod\/viseca-svjetiljka-6xe27-bijele-mlijecne-kugle\/#primaryimage"},"thumbnailUrl":"https:\/\/i0.wp.com\/inti.hr\/wp-content\/uploads\/2026\/03\/22909.webp?fit=1000%2C1000&ssl=1","datePublished":"2026-03-03T08:58:26+00:00","dateModified":"2026-03-03T08:58:26+00:00","breadcrumb":{"@id":"https:\/\/inti.hr\/bs\/proizvod\/viseca-svjetiljka-6xe27-bijele-mlijecne-kugle\/#breadcrumb"},"inLanguage":"bs-BA","potentialAction":[{"@type":"ReadAction","target":["https:\/\/inti.hr\/bs\/proizvod\/viseca-svjetiljka-6xe27-bijele-mlijecne-kugle\/"]}]},{"@type":"ImageObject","inLanguage":"bs-BA","@id":"https:\/\/inti.hr\/bs\/proizvod\/viseca-svjetiljka-6xe27-bijele-mlijecne-kugle\/#primaryimage","url":"https:\/\/i0.wp.com\/inti.hr\/wp-content\/uploads\/2026\/03\/22909.webp?fit=1000%2C1000&ssl=1","contentUrl":"https:\/\/i0.wp.com\/inti.hr\/wp-content\/uploads\/2026\/03\/22909.webp?fit=1000%2C1000&ssl=1","width":1000,"height":1000},{"@type":"BreadcrumbList","@id":"https:\/\/inti.hr\/bs\/proizvod\/viseca-svjetiljka-6xe27-bijele-mlijecne-kugle\/#breadcrumb","itemListElement":[{"@type":"ListItem","position":1,"name":"Po\u010detna stranica","item":"https:\/\/inti.hr\/bs\/"},{"@type":"ListItem","position":2,"name":"Trgovina","item":"https:\/\/inti.hr\/bs\/trgovina\/"},{"@type":"ListItem","position":3,"name":"VISE\u0106A SVJETILJKA 6xE27 BIJELE MLIJE\u010cNE KUGLE"}]},{"@type":"WebSite","@id":"https:\/\/inti.hr\/bs\/#website","url":"https:\/\/inti.hr\/bs\/","name":"Inti","description":"trgovina","potentialAction":[{"@type":"SearchAction","target":{"@type":"EntryPoint","urlTemplate":"https:\/\/inti.hr\/bs\/?s={search_term_string}"},"query-input":{"@type":"PropertyValueSpecification","valueRequired":true,"valueName":"search_term_string"}}],"inLanguage":"bs-BA"}]}},"jetpack_sharing_enabled":true,"jetpack-related-posts":[],"_links":{"self":[{"href":"https:\/\/inti.hr\/bs\/wp-json\/wp\/v2\/product\/30699"}],"collection":[{"href":"https:\/\/inti.hr\/bs\/wp-json\/wp\/v2\/product"}],"about":[{"href":"https:\/\/inti.hr\/bs\/wp-json\/wp\/v2\/types\/product"}],"wp:featuredmedia":[{"embeddable":true,"href":"https:\/\/inti.hr\/bs\/wp-json\/wp\/v2\/media\/30700"}],"wp:attachment":[{"href":"https:\/\/inti.hr\/bs\/wp-json\/wp\/v2\/media?parent=30699"}],"wp:term":[{"taxonomy":"product_cat","embeddable":true,"href":"https:\/\/inti.hr\/bs\/wp-json\/wp\/v2\/product_cat?post=30699"},{"taxonomy":"product_tag","embeddable":true,"href":"https:\/\/inti.hr\/bs\/wp-json\/wp\/v2\/product_tag?post=30699"}],"curies":[{"name":"wp","href":"https:\/\/api.w.org\/{rel}","templated":true}]}}