{"id":30711,"date":"2026-02-20T08:53:56","date_gmt":"2026-02-20T07:53:56","guid":{"rendered":"https:\/\/inti.hr\/product\/podna-svjetiljka-metal-srebrna-3xe14\/"},"modified":"2026-02-20T08:53:56","modified_gmt":"2026-02-20T07:53:56","slug":"podna-svjetiljka-metal-srebrna-3xe14","status":"publish","type":"product","link":"https:\/\/inti.hr\/bs\/proizvod\/podna-svjetiljka-metal-srebrna-3xe14\/","title":{"rendered":"PODNA SVJETILJKA METAL SREBRNA 3xE14"},"content":{"rendered":"<p>Tehni\u010dki podaci:<br \/>\nBroj izvora 3<br \/>\nDodatno Materijal: Metal<br \/>\nGrlo E14<br \/>\nIP stupanj za\u0161tite IP 20<br \/>\n\u0160irina 300mm<br \/>\nVisina 1530mm<\/p>\n","protected":false},"excerpt":{"rendered":"<p>Moderna staja\u0107a svjetiljka osigurava optimalne uvjete osvjetljenja. Svim trima svjetiljkama mogu\u0107e &#8230; <\/p>\n","protected":false},"featured_media":30712,"template":"","meta":[],"product_cat":[2620],"product_tag":[2621,2622],"yoast_head":"<!-- This site is optimized with the Yoast SEO plugin v23.7 - https:\/\/yoast.com\/wordpress\/plugins\/seo\/ -->\n<title>PODNA SVJETILJKA METAL SREBRNA 3xE14 - Inti<\/title>\n<meta name=\"description\" content=\"Moderna staja\u0107a svjetiljka osigurava optimalne uvjete osvjetljenja. Svim trima svjetiljkama mogu\u0107e je individualno pode\u0161avanje kuta svjetlosti uz pomo\u0107 fleksibilne stjenke,\u010dine\u0107i staja\u0107u svjetiljku idealnu za dnevni ali i spava\u0107i prostor. Ovu podnu svjetiljku mo\u0107i \u0107ete koristiti na jednostavan na\u010din pomo\u0107u prekida\u010da koji je montiran na kabelu. Moderan i elegantan dizajn staja\u0107e svjetiljke.\" \/>\n<meta name=\"robots\" content=\"index, follow, max-snippet:-1, max-image-preview:large, max-video-preview:-1\" \/>\n<link rel=\"canonical\" href=\"https:\/\/inti.hr\/bs\/proizvod\/podna-svjetiljka-metal-srebrna-3xe14\/\" \/>\n<meta property=\"og:locale\" content=\"bs_BA\" \/>\n<meta property=\"og:type\" content=\"article\" \/>\n<meta property=\"og:title\" content=\"PODNA SVJETILJKA METAL SREBRNA 3xE14 - Inti\" \/>\n<meta property=\"og:description\" content=\"Moderna staja\u0107a svjetiljka osigurava optimalne uvjete osvjetljenja. Svim trima svjetiljkama mogu\u0107e je individualno pode\u0161avanje kuta svjetlosti uz pomo\u0107 fleksibilne stjenke,\u010dine\u0107i staja\u0107u svjetiljku idealnu za dnevni ali i spava\u0107i prostor. Ovu podnu svjetiljku mo\u0107i \u0107ete koristiti na jednostavan na\u010din pomo\u0107u prekida\u010da koji je montiran na kabelu. Moderan i elegantan dizajn staja\u0107e svjetiljke.\" \/>\n<meta property=\"og:url\" content=\"https:\/\/inti.hr\/bs\/proizvod\/podna-svjetiljka-metal-srebrna-3xe14\/\" \/>\n<meta property=\"og:site_name\" content=\"Inti\" \/>\n<meta property=\"og:image\" content=\"https:\/\/i0.wp.com\/inti.hr\/wp-content\/uploads\/2026\/02\/17180.jpg?fit=1600%2C1600&ssl=1\" \/>\n\t<meta property=\"og:image:width\" content=\"1600\" \/>\n\t<meta property=\"og:image:height\" content=\"1600\" \/>\n\t<meta property=\"og:image:type\" content=\"image\/jpeg\" \/>\n<meta name=\"twitter:card\" content=\"summary_large_image\" \/>\n<script type=\"application\/ld+json\" class=\"yoast-schema-graph\">{\"@context\":\"https:\/\/schema.org\",\"@graph\":[{\"@type\":\"WebPage\",\"@id\":\"https:\/\/inti.hr\/bs\/proizvod\/podna-svjetiljka-metal-srebrna-3xe14\/\",\"url\":\"https:\/\/inti.hr\/bs\/proizvod\/podna-svjetiljka-metal-srebrna-3xe14\/\",\"name\":\"PODNA SVJETILJKA METAL SREBRNA 3xE14 - Inti\",\"isPartOf\":{\"@id\":\"https:\/\/inti.hr\/bs\/#website\"},\"primaryImageOfPage\":{\"@id\":\"https:\/\/inti.hr\/bs\/proizvod\/podna-svjetiljka-metal-srebrna-3xe14\/#primaryimage\"},\"image\":{\"@id\":\"https:\/\/inti.hr\/bs\/proizvod\/podna-svjetiljka-metal-srebrna-3xe14\/#primaryimage\"},\"thumbnailUrl\":\"https:\/\/i0.wp.com\/inti.hr\/wp-content\/uploads\/2026\/02\/17180.jpg?fit=1600%2C1600&ssl=1\",\"datePublished\":\"2026-02-20T07:53:56+00:00\",\"dateModified\":\"2026-02-20T07:53:56+00:00\",\"description\":\"Moderna staja\u0107a svjetiljka osigurava optimalne uvjete osvjetljenja. Svim trima svjetiljkama mogu\u0107e je individualno pode\u0161avanje kuta svjetlosti uz pomo\u0107 fleksibilne stjenke,\u010dine\u0107i staja\u0107u svjetiljku idealnu za dnevni ali i spava\u0107i prostor. Ovu podnu svjetiljku mo\u0107i \u0107ete koristiti na jednostavan na\u010din pomo\u0107u prekida\u010da koji je montiran na kabelu. Moderan i elegantan dizajn staja\u0107e svjetiljke.\",\"breadcrumb\":{\"@id\":\"https:\/\/inti.hr\/bs\/proizvod\/podna-svjetiljka-metal-srebrna-3xe14\/#breadcrumb\"},\"inLanguage\":\"bs-BA\",\"potentialAction\":[{\"@type\":\"ReadAction\",\"target\":[\"https:\/\/inti.hr\/bs\/proizvod\/podna-svjetiljka-metal-srebrna-3xe14\/\"]}]},{\"@type\":\"ImageObject\",\"inLanguage\":\"bs-BA\",\"@id\":\"https:\/\/inti.hr\/bs\/proizvod\/podna-svjetiljka-metal-srebrna-3xe14\/#primaryimage\",\"url\":\"https:\/\/i0.wp.com\/inti.hr\/wp-content\/uploads\/2026\/02\/17180.jpg?fit=1600%2C1600&ssl=1\",\"contentUrl\":\"https:\/\/i0.wp.com\/inti.hr\/wp-content\/uploads\/2026\/02\/17180.jpg?fit=1600%2C1600&ssl=1\",\"width\":1600,\"height\":1600},{\"@type\":\"BreadcrumbList\",\"@id\":\"https:\/\/inti.hr\/bs\/proizvod\/podna-svjetiljka-metal-srebrna-3xe14\/#breadcrumb\",\"itemListElement\":[{\"@type\":\"ListItem\",\"position\":1,\"name\":\"Po\u010detna stranica\",\"item\":\"https:\/\/inti.hr\/bs\/\"},{\"@type\":\"ListItem\",\"position\":2,\"name\":\"Trgovina\",\"item\":\"https:\/\/inti.hr\/bs\/trgovina\/\"},{\"@type\":\"ListItem\",\"position\":3,\"name\":\"PODNA SVJETILJKA METAL SREBRNA 3xE14\"}]},{\"@type\":\"WebSite\",\"@id\":\"https:\/\/inti.hr\/bs\/#website\",\"url\":\"https:\/\/inti.hr\/bs\/\",\"name\":\"Inti\",\"description\":\"trgovina\",\"potentialAction\":[{\"@type\":\"SearchAction\",\"target\":{\"@type\":\"EntryPoint\",\"urlTemplate\":\"https:\/\/inti.hr\/bs\/?s={search_term_string}\"},\"query-input\":{\"@type\":\"PropertyValueSpecification\",\"valueRequired\":true,\"valueName\":\"search_term_string\"}}],\"inLanguage\":\"bs-BA\"}]}<\/script>\n<!-- \/ Yoast SEO plugin. -->","yoast_head_json":{"title":"PODNA SVJETILJKA METAL SREBRNA 3xE14 - Inti","description":"Moderna staja\u0107a svjetiljka osigurava optimalne uvjete osvjetljenja. Svim trima svjetiljkama mogu\u0107e je individualno pode\u0161avanje kuta svjetlosti uz pomo\u0107 fleksibilne stjenke,\u010dine\u0107i staja\u0107u svjetiljku idealnu za dnevni ali i spava\u0107i prostor. Ovu podnu svjetiljku mo\u0107i \u0107ete koristiti na jednostavan na\u010din pomo\u0107u prekida\u010da koji je montiran na kabelu. Moderan i elegantan dizajn staja\u0107e svjetiljke.","robots":{"index":"index","follow":"follow","max-snippet":"max-snippet:-1","max-image-preview":"max-image-preview:large","max-video-preview":"max-video-preview:-1"},"canonical":"https:\/\/inti.hr\/bs\/proizvod\/podna-svjetiljka-metal-srebrna-3xe14\/","og_locale":"bs_BA","og_type":"article","og_title":"PODNA SVJETILJKA METAL SREBRNA 3xE14 - Inti","og_description":"Moderna staja\u0107a svjetiljka osigurava optimalne uvjete osvjetljenja. Svim trima svjetiljkama mogu\u0107e je individualno pode\u0161avanje kuta svjetlosti uz pomo\u0107 fleksibilne stjenke,\u010dine\u0107i staja\u0107u svjetiljku idealnu za dnevni ali i spava\u0107i prostor. Ovu podnu svjetiljku mo\u0107i \u0107ete koristiti na jednostavan na\u010din pomo\u0107u prekida\u010da koji je montiran na kabelu. Moderan i elegantan dizajn staja\u0107e svjetiljke.","og_url":"https:\/\/inti.hr\/bs\/proizvod\/podna-svjetiljka-metal-srebrna-3xe14\/","og_site_name":"Inti","og_image":[{"width":1600,"height":1600,"url":"https:\/\/i0.wp.com\/inti.hr\/wp-content\/uploads\/2026\/02\/17180.jpg?fit=1600%2C1600&ssl=1","type":"image\/jpeg"}],"twitter_card":"summary_large_image","schema":{"@context":"https:\/\/schema.org","@graph":[{"@type":"WebPage","@id":"https:\/\/inti.hr\/bs\/proizvod\/podna-svjetiljka-metal-srebrna-3xe14\/","url":"https:\/\/inti.hr\/bs\/proizvod\/podna-svjetiljka-metal-srebrna-3xe14\/","name":"PODNA SVJETILJKA METAL SREBRNA 3xE14 - Inti","isPartOf":{"@id":"https:\/\/inti.hr\/bs\/#website"},"primaryImageOfPage":{"@id":"https:\/\/inti.hr\/bs\/proizvod\/podna-svjetiljka-metal-srebrna-3xe14\/#primaryimage"},"image":{"@id":"https:\/\/inti.hr\/bs\/proizvod\/podna-svjetiljka-metal-srebrna-3xe14\/#primaryimage"},"thumbnailUrl":"https:\/\/i0.wp.com\/inti.hr\/wp-content\/uploads\/2026\/02\/17180.jpg?fit=1600%2C1600&ssl=1","datePublished":"2026-02-20T07:53:56+00:00","dateModified":"2026-02-20T07:53:56+00:00","description":"Moderna staja\u0107a svjetiljka osigurava optimalne uvjete osvjetljenja. Svim trima svjetiljkama mogu\u0107e je individualno pode\u0161avanje kuta svjetlosti uz pomo\u0107 fleksibilne stjenke,\u010dine\u0107i staja\u0107u svjetiljku idealnu za dnevni ali i spava\u0107i prostor. Ovu podnu svjetiljku mo\u0107i \u0107ete koristiti na jednostavan na\u010din pomo\u0107u prekida\u010da koji je montiran na kabelu. Moderan i elegantan dizajn staja\u0107e svjetiljke.","breadcrumb":{"@id":"https:\/\/inti.hr\/bs\/proizvod\/podna-svjetiljka-metal-srebrna-3xe14\/#breadcrumb"},"inLanguage":"bs-BA","potentialAction":[{"@type":"ReadAction","target":["https:\/\/inti.hr\/bs\/proizvod\/podna-svjetiljka-metal-srebrna-3xe14\/"]}]},{"@type":"ImageObject","inLanguage":"bs-BA","@id":"https:\/\/inti.hr\/bs\/proizvod\/podna-svjetiljka-metal-srebrna-3xe14\/#primaryimage","url":"https:\/\/i0.wp.com\/inti.hr\/wp-content\/uploads\/2026\/02\/17180.jpg?fit=1600%2C1600&ssl=1","contentUrl":"https:\/\/i0.wp.com\/inti.hr\/wp-content\/uploads\/2026\/02\/17180.jpg?fit=1600%2C1600&ssl=1","width":1600,"height":1600},{"@type":"BreadcrumbList","@id":"https:\/\/inti.hr\/bs\/proizvod\/podna-svjetiljka-metal-srebrna-3xe14\/#breadcrumb","itemListElement":[{"@type":"ListItem","position":1,"name":"Po\u010detna stranica","item":"https:\/\/inti.hr\/bs\/"},{"@type":"ListItem","position":2,"name":"Trgovina","item":"https:\/\/inti.hr\/bs\/trgovina\/"},{"@type":"ListItem","position":3,"name":"PODNA SVJETILJKA METAL SREBRNA 3xE14"}]},{"@type":"WebSite","@id":"https:\/\/inti.hr\/bs\/#website","url":"https:\/\/inti.hr\/bs\/","name":"Inti","description":"trgovina","potentialAction":[{"@type":"SearchAction","target":{"@type":"EntryPoint","urlTemplate":"https:\/\/inti.hr\/bs\/?s={search_term_string}"},"query-input":{"@type":"PropertyValueSpecification","valueRequired":true,"valueName":"search_term_string"}}],"inLanguage":"bs-BA"}]}},"jetpack_sharing_enabled":true,"jetpack-related-posts":[],"_links":{"self":[{"href":"https:\/\/inti.hr\/bs\/wp-json\/wp\/v2\/product\/30711"}],"collection":[{"href":"https:\/\/inti.hr\/bs\/wp-json\/wp\/v2\/product"}],"about":[{"href":"https:\/\/inti.hr\/bs\/wp-json\/wp\/v2\/types\/product"}],"wp:featuredmedia":[{"embeddable":true,"href":"https:\/\/inti.hr\/bs\/wp-json\/wp\/v2\/media\/30712"}],"wp:attachment":[{"href":"https:\/\/inti.hr\/bs\/wp-json\/wp\/v2\/media?parent=30711"}],"wp:term":[{"taxonomy":"product_cat","embeddable":true,"href":"https:\/\/inti.hr\/bs\/wp-json\/wp\/v2\/product_cat?post=30711"},{"taxonomy":"product_tag","embeddable":true,"href":"https:\/\/inti.hr\/bs\/wp-json\/wp\/v2\/product_tag?post=30711"}],"curies":[{"name":"wp","href":"https:\/\/api.w.org\/{rel}","templated":true}]}}