{"id":30715,"date":"2026-02-18T19:06:03","date_gmt":"2026-02-18T18:06:03","guid":{"rendered":"https:\/\/inti.hr\/product\/barske-stolice-set-od-2-63-cm\/"},"modified":"2026-02-18T19:06:03","modified_gmt":"2026-02-18T18:06:03","slug":"barske-stolice-set-od-2-63-cm","status":"publish","type":"product","link":"https:\/\/inti.hr\/bs\/proizvod\/barske-stolice-set-od-2-63-cm\/","title":{"rendered":"Barske stolice, set od 2 63 cm"},"content":{"rendered":"<ul>\n<li><b><span dir=\"auto\">Detalji o proizvodu:<\/span><\/b><\/li>\n<li><span dir=\"auto\">Materijal: \u010celik, visokoelasti\u010dna pjena, PU sinteti\u010dka ko\u017ea (poliuretan), \u0161perplo\u010da<\/span><\/li>\n<li><span dir=\"auto\">Veli\u010dina po stolcu: 49,5 x 49,5 x 63 cm (D x \u0160 x V)<\/span><\/li>\n<li><span dir=\"auto\">Ukupna te\u017eina: 7,3 kg<\/span><\/li>\n<li><span dir=\"auto\">Maksimalna stati\u010dka nosivost po stolici: 120 kg<\/span><\/li>\n<\/ul>\n","protected":false},"excerpt":{"rendered":"<ul class=\"left\">\n<li><span dir=\"auto\">[Uljep\u0161ajte svoj prostor] Na\u0161e barske stolice iz kolekcije &#8230;<br \/>\n","protected":false},"featured_media":30716,"template":"","meta":[],"product_cat":[2570,2536],"product_tag":[2626,2627],"yoast_head":"<!-- This site is optimized with the Yoast SEO plugin v23.7 - https:\/\/yoast.com\/wordpress\/plugins\/seo\/ -->\n<title>Barske stolice, set od 2 63 cm - Inti<\/title>\n<meta name=\"description\" content=\"[Uljep\u0161ajte svoj prostor] Na\u0161e barske stolice iz kolekcije EKHO privla\u010dna su mje\u0161avina umjetne ko\u017ee, finih \u0161avova i elegantnih, su\u017eenih nogu koje slave izradu i podi\u017eu va\u0161 dom na novu razinu sofisticiranosti.[Udobnost svaki put kad sjednete] Pre\u0111ite rukom preko glatke navlake i uronite u 8 cm debelu, visokoelasti\u010dnu pjenu. Ove barske stolice nude udobno sjedenje koje \u0107e izdr\u017eati test vremena.[Prilagodljiva elegancija] Ovaj set od 2 kuhinjske stolice majstorski je izra\u0111en i ima jedinstveni dizajn s osloncima za noge na razli\u010ditim visinama, bez napora se prilago\u0111avaju\u0107i gostima svih veli\u010dina za savr\u0161eno iskustvo sjedenja.[Stabilne i prilago\u0111ene podu] S rotiraju\u0107im, podesivim nogama, ove stolice osiguravaju stabilnost \u010dak i na malo neravnim podovima i \u0161tite va\u0161 pod od ogrebotina, tako da se ne morate brinuti o tihim pi\u0107ima ili \u017eivahnim zabavama.[Jednostavno za odr\u017eavanje, trajno elegantno] Prolili ste ne\u0161to? Nema problema! Na\u0161a vodootporna presvlaka od umjetne ko\u017ee \u010dini \u010di\u0161\u0107enje lakim. U kombinaciji s nogama od mat \u010delika otpornim na ogrebotine, na\u0161i stolci zadr\u017eavaju svoj profignirani \u0161arm godinama koje dolaze.\" \/>\n<meta name=\"robots\" content=\"index, follow, max-snippet:-1, max-image-preview:large, max-video-preview:-1\" \/>\n<link rel=\"canonical\" href=\"https:\/\/inti.hr\/bs\/proizvod\/barske-stolice-set-od-2-63-cm\/\" \/>\n<meta property=\"og:locale\" content=\"bs_BA\" \/>\n<meta property=\"og:type\" content=\"article\" \/>\n<meta property=\"og:title\" content=\"Barske stolice, set od 2 63 cm - Inti\" \/>\n<meta property=\"og:description\" content=\"[Uljep\u0161ajte svoj prostor] Na\u0161e barske stolice iz kolekcije EKHO privla\u010dna su mje\u0161avina umjetne ko\u017ee, finih \u0161avova i elegantnih, su\u017eenih nogu koje slave izradu i podi\u017eu va\u0161 dom na novu razinu sofisticiranosti.[Udobnost svaki put kad sjednete] Pre\u0111ite rukom preko glatke navlake i uronite u 8 cm debelu, visokoelasti\u010dnu pjenu. Ove barske stolice nude udobno sjedenje koje \u0107e izdr\u017eati test vremena.[Prilagodljiva elegancija] Ovaj set od 2 kuhinjske stolice majstorski je izra\u0111en i ima jedinstveni dizajn s osloncima za noge na razli\u010ditim visinama, bez napora se prilago\u0111avaju\u0107i gostima svih veli\u010dina za savr\u0161eno iskustvo sjedenja.[Stabilne i prilago\u0111ene podu] S rotiraju\u0107im, podesivim nogama, ove stolice osiguravaju stabilnost \u010dak i na malo neravnim podovima i \u0161tite va\u0161 pod od ogrebotina, tako da se ne morate brinuti o tihim pi\u0107ima ili \u017eivahnim zabavama.[Jednostavno za odr\u017eavanje, trajno elegantno] Prolili ste ne\u0161to? Nema problema! Na\u0161a vodootporna presvlaka od umjetne ko\u017ee \u010dini \u010di\u0161\u0107enje lakim. U kombinaciji s nogama od mat \u010delika otpornim na ogrebotine, na\u0161i stolci zadr\u017eavaju svoj profignirani \u0161arm godinama koje dolaze.\" \/>\n<meta property=\"og:url\" content=\"https:\/\/inti.hr\/bs\/proizvod\/barske-stolice-set-od-2-63-cm\/\" \/>\n<meta property=\"og:site_name\" content=\"Inti\" \/>\n<meta property=\"og:image\" content=\"https:\/\/i0.wp.com\/inti.hr\/wp-content\/uploads\/2026\/02\/LBC080K01V1-1.jpg?fit=1000%2C1000&ssl=1\" \/>\n\t<meta property=\"og:image:width\" content=\"1000\" \/>\n\t<meta property=\"og:image:height\" content=\"1000\" \/>\n\t<meta property=\"og:image:type\" content=\"image\/jpeg\" \/>\n<meta name=\"twitter:card\" content=\"summary_large_image\" \/>\n<meta name=\"twitter:label1\" content=\"Est. reading time\" \/>\n\t<meta name=\"twitter:data1\" content=\"1 minuta\" \/>\n<script type=\"application\/ld+json\" class=\"yoast-schema-graph\">{\"@context\":\"https:\/\/schema.org\",\"@graph\":[{\"@type\":\"WebPage\",\"@id\":\"https:\/\/inti.hr\/bs\/proizvod\/barske-stolice-set-od-2-63-cm\/\",\"url\":\"https:\/\/inti.hr\/bs\/proizvod\/barske-stolice-set-od-2-63-cm\/\",\"name\":\"Barske stolice, set od 2 63 cm - Inti\",\"isPartOf\":{\"@id\":\"https:\/\/inti.hr\/bs\/#website\"},\"primaryImageOfPage\":{\"@id\":\"https:\/\/inti.hr\/bs\/proizvod\/barske-stolice-set-od-2-63-cm\/#primaryimage\"},\"image\":{\"@id\":\"https:\/\/inti.hr\/bs\/proizvod\/barske-stolice-set-od-2-63-cm\/#primaryimage\"},\"thumbnailUrl\":\"https:\/\/i0.wp.com\/inti.hr\/wp-content\/uploads\/2026\/02\/LBC080K01V1-1.jpg?fit=1000%2C1000&ssl=1\",\"datePublished\":\"2026-02-18T18:06:03+00:00\",\"dateModified\":\"2026-02-18T18:06:03+00:00\",\"description\":\"[Uljep\u0161ajte svoj prostor] Na\u0161e barske stolice iz kolekcije EKHO privla\u010dna su mje\u0161avina umjetne ko\u017ee, finih \u0161avova i elegantnih, su\u017eenih nogu koje slave izradu i podi\u017eu va\u0161 dom na novu razinu sofisticiranosti.[Udobnost svaki put kad sjednete] Pre\u0111ite rukom preko glatke navlake i uronite u 8 cm debelu, visokoelasti\u010dnu pjenu. Ove barske stolice nude udobno sjedenje koje \u0107e izdr\u017eati test vremena.[Prilagodljiva elegancija] Ovaj set od 2 kuhinjske stolice majstorski je izra\u0111en i ima jedinstveni dizajn s osloncima za noge na razli\u010ditim visinama, bez napora se prilago\u0111avaju\u0107i gostima svih veli\u010dina za savr\u0161eno iskustvo sjedenja.[Stabilne i prilago\u0111ene podu] S rotiraju\u0107im, podesivim nogama, ove stolice osiguravaju stabilnost \u010dak i na malo neravnim podovima i \u0161tite va\u0161 pod od ogrebotina, tako da se ne morate brinuti o tihim pi\u0107ima ili \u017eivahnim zabavama.[Jednostavno za odr\u017eavanje, trajno elegantno] Prolili ste ne\u0161to? Nema problema! Na\u0161a vodootporna presvlaka od umjetne ko\u017ee \u010dini \u010di\u0161\u0107enje lakim. U kombinaciji s nogama od mat \u010delika otpornim na ogrebotine, na\u0161i stolci zadr\u017eavaju svoj profignirani \u0161arm godinama koje dolaze.\",\"breadcrumb\":{\"@id\":\"https:\/\/inti.hr\/bs\/proizvod\/barske-stolice-set-od-2-63-cm\/#breadcrumb\"},\"inLanguage\":\"bs-BA\",\"potentialAction\":[{\"@type\":\"ReadAction\",\"target\":[\"https:\/\/inti.hr\/bs\/proizvod\/barske-stolice-set-od-2-63-cm\/\"]}]},{\"@type\":\"ImageObject\",\"inLanguage\":\"bs-BA\",\"@id\":\"https:\/\/inti.hr\/bs\/proizvod\/barske-stolice-set-od-2-63-cm\/#primaryimage\",\"url\":\"https:\/\/i0.wp.com\/inti.hr\/wp-content\/uploads\/2026\/02\/LBC080K01V1-1.jpg?fit=1000%2C1000&ssl=1\",\"contentUrl\":\"https:\/\/i0.wp.com\/inti.hr\/wp-content\/uploads\/2026\/02\/LBC080K01V1-1.jpg?fit=1000%2C1000&ssl=1\",\"width\":1000,\"height\":1000},{\"@type\":\"BreadcrumbList\",\"@id\":\"https:\/\/inti.hr\/bs\/proizvod\/barske-stolice-set-od-2-63-cm\/#breadcrumb\",\"itemListElement\":[{\"@type\":\"ListItem\",\"position\":1,\"name\":\"Po\u010detna stranica\",\"item\":\"https:\/\/inti.hr\/bs\/\"},{\"@type\":\"ListItem\",\"position\":2,\"name\":\"Trgovina\",\"item\":\"https:\/\/inti.hr\/bs\/trgovina\/\"},{\"@type\":\"ListItem\",\"position\":3,\"name\":\"Barske stolice, set od 2 63 cm\"}]},{\"@type\":\"WebSite\",\"@id\":\"https:\/\/inti.hr\/bs\/#website\",\"url\":\"https:\/\/inti.hr\/bs\/\",\"name\":\"Inti\",\"description\":\"trgovina\",\"potentialAction\":[{\"@type\":\"SearchAction\",\"target\":{\"@type\":\"EntryPoint\",\"urlTemplate\":\"https:\/\/inti.hr\/bs\/?s={search_term_string}\"},\"query-input\":{\"@type\":\"PropertyValueSpecification\",\"valueRequired\":true,\"valueName\":\"search_term_string\"}}],\"inLanguage\":\"bs-BA\"}]}<\/script>\n<!-- \/ Yoast SEO plugin. -->","yoast_head_json":{"title":"Barske stolice, set od 2 63 cm - Inti","description":"[Uljep\u0161ajte svoj prostor] Na\u0161e barske stolice iz kolekcije EKHO privla\u010dna su mje\u0161avina umjetne ko\u017ee, finih \u0161avova i elegantnih, su\u017eenih nogu koje slave izradu i podi\u017eu va\u0161 dom na novu razinu sofisticiranosti.[Udobnost svaki put kad sjednete] Pre\u0111ite rukom preko glatke navlake i uronite u 8 cm debelu, visokoelasti\u010dnu pjenu. Ove barske stolice nude udobno sjedenje koje \u0107e izdr\u017eati test vremena.[Prilagodljiva elegancija] Ovaj set od 2 kuhinjske stolice majstorski je izra\u0111en i ima jedinstveni dizajn s osloncima za noge na razli\u010ditim visinama, bez napora se prilago\u0111avaju\u0107i gostima svih veli\u010dina za savr\u0161eno iskustvo sjedenja.[Stabilne i prilago\u0111ene podu] S rotiraju\u0107im, podesivim nogama, ove stolice osiguravaju stabilnost \u010dak i na malo neravnim podovima i \u0161tite va\u0161 pod od ogrebotina, tako da se ne morate brinuti o tihim pi\u0107ima ili \u017eivahnim zabavama.[Jednostavno za odr\u017eavanje, trajno elegantno] Prolili ste ne\u0161to? Nema problema! Na\u0161a vodootporna presvlaka od umjetne ko\u017ee \u010dini \u010di\u0161\u0107enje lakim. U kombinaciji s nogama od mat \u010delika otpornim na ogrebotine, na\u0161i stolci zadr\u017eavaju svoj profignirani \u0161arm godinama koje dolaze.","robots":{"index":"index","follow":"follow","max-snippet":"max-snippet:-1","max-image-preview":"max-image-preview:large","max-video-preview":"max-video-preview:-1"},"canonical":"https:\/\/inti.hr\/bs\/proizvod\/barske-stolice-set-od-2-63-cm\/","og_locale":"bs_BA","og_type":"article","og_title":"Barske stolice, set od 2 63 cm - Inti","og_description":"[Uljep\u0161ajte svoj prostor] Na\u0161e barske stolice iz kolekcije EKHO privla\u010dna su mje\u0161avina umjetne ko\u017ee, finih \u0161avova i elegantnih, su\u017eenih nogu koje slave izradu i podi\u017eu va\u0161 dom na novu razinu sofisticiranosti.[Udobnost svaki put kad sjednete] Pre\u0111ite rukom preko glatke navlake i uronite u 8 cm debelu, visokoelasti\u010dnu pjenu. Ove barske stolice nude udobno sjedenje koje \u0107e izdr\u017eati test vremena.[Prilagodljiva elegancija] Ovaj set od 2 kuhinjske stolice majstorski je izra\u0111en i ima jedinstveni dizajn s osloncima za noge na razli\u010ditim visinama, bez napora se prilago\u0111avaju\u0107i gostima svih veli\u010dina za savr\u0161eno iskustvo sjedenja.[Stabilne i prilago\u0111ene podu] S rotiraju\u0107im, podesivim nogama, ove stolice osiguravaju stabilnost \u010dak i na malo neravnim podovima i \u0161tite va\u0161 pod od ogrebotina, tako da se ne morate brinuti o tihim pi\u0107ima ili \u017eivahnim zabavama.[Jednostavno za odr\u017eavanje, trajno elegantno] Prolili ste ne\u0161to? Nema problema! Na\u0161a vodootporna presvlaka od umjetne ko\u017ee \u010dini \u010di\u0161\u0107enje lakim. U kombinaciji s nogama od mat \u010delika otpornim na ogrebotine, na\u0161i stolci zadr\u017eavaju svoj profignirani \u0161arm godinama koje dolaze.","og_url":"https:\/\/inti.hr\/bs\/proizvod\/barske-stolice-set-od-2-63-cm\/","og_site_name":"Inti","og_image":[{"width":1000,"height":1000,"url":"https:\/\/i0.wp.com\/inti.hr\/wp-content\/uploads\/2026\/02\/LBC080K01V1-1.jpg?fit=1000%2C1000&ssl=1","type":"image\/jpeg"}],"twitter_card":"summary_large_image","twitter_misc":{"Est. reading time":"1 minuta"},"schema":{"@context":"https:\/\/schema.org","@graph":[{"@type":"WebPage","@id":"https:\/\/inti.hr\/bs\/proizvod\/barske-stolice-set-od-2-63-cm\/","url":"https:\/\/inti.hr\/bs\/proizvod\/barske-stolice-set-od-2-63-cm\/","name":"Barske stolice, set od 2 63 cm - Inti","isPartOf":{"@id":"https:\/\/inti.hr\/bs\/#website"},"primaryImageOfPage":{"@id":"https:\/\/inti.hr\/bs\/proizvod\/barske-stolice-set-od-2-63-cm\/#primaryimage"},"image":{"@id":"https:\/\/inti.hr\/bs\/proizvod\/barske-stolice-set-od-2-63-cm\/#primaryimage"},"thumbnailUrl":"https:\/\/i0.wp.com\/inti.hr\/wp-content\/uploads\/2026\/02\/LBC080K01V1-1.jpg?fit=1000%2C1000&ssl=1","datePublished":"2026-02-18T18:06:03+00:00","dateModified":"2026-02-18T18:06:03+00:00","description":"[Uljep\u0161ajte svoj prostor] Na\u0161e barske stolice iz kolekcije EKHO privla\u010dna su mje\u0161avina umjetne ko\u017ee, finih \u0161avova i elegantnih, su\u017eenih nogu koje slave izradu i podi\u017eu va\u0161 dom na novu razinu sofisticiranosti.[Udobnost svaki put kad sjednete] Pre\u0111ite rukom preko glatke navlake i uronite u 8 cm debelu, visokoelasti\u010dnu pjenu. Ove barske stolice nude udobno sjedenje koje \u0107e izdr\u017eati test vremena.[Prilagodljiva elegancija] Ovaj set od 2 kuhinjske stolice majstorski je izra\u0111en i ima jedinstveni dizajn s osloncima za noge na razli\u010ditim visinama, bez napora se prilago\u0111avaju\u0107i gostima svih veli\u010dina za savr\u0161eno iskustvo sjedenja.[Stabilne i prilago\u0111ene podu] S rotiraju\u0107im, podesivim nogama, ove stolice osiguravaju stabilnost \u010dak i na malo neravnim podovima i \u0161tite va\u0161 pod od ogrebotina, tako da se ne morate brinuti o tihim pi\u0107ima ili \u017eivahnim zabavama.[Jednostavno za odr\u017eavanje, trajno elegantno] Prolili ste ne\u0161to? Nema problema! Na\u0161a vodootporna presvlaka od umjetne ko\u017ee \u010dini \u010di\u0161\u0107enje lakim. U kombinaciji s nogama od mat \u010delika otpornim na ogrebotine, na\u0161i stolci zadr\u017eavaju svoj profignirani \u0161arm godinama koje dolaze.","breadcrumb":{"@id":"https:\/\/inti.hr\/bs\/proizvod\/barske-stolice-set-od-2-63-cm\/#breadcrumb"},"inLanguage":"bs-BA","potentialAction":[{"@type":"ReadAction","target":["https:\/\/inti.hr\/bs\/proizvod\/barske-stolice-set-od-2-63-cm\/"]}]},{"@type":"ImageObject","inLanguage":"bs-BA","@id":"https:\/\/inti.hr\/bs\/proizvod\/barske-stolice-set-od-2-63-cm\/#primaryimage","url":"https:\/\/i0.wp.com\/inti.hr\/wp-content\/uploads\/2026\/02\/LBC080K01V1-1.jpg?fit=1000%2C1000&ssl=1","contentUrl":"https:\/\/i0.wp.com\/inti.hr\/wp-content\/uploads\/2026\/02\/LBC080K01V1-1.jpg?fit=1000%2C1000&ssl=1","width":1000,"height":1000},{"@type":"BreadcrumbList","@id":"https:\/\/inti.hr\/bs\/proizvod\/barske-stolice-set-od-2-63-cm\/#breadcrumb","itemListElement":[{"@type":"ListItem","position":1,"name":"Po\u010detna stranica","item":"https:\/\/inti.hr\/bs\/"},{"@type":"ListItem","position":2,"name":"Trgovina","item":"https:\/\/inti.hr\/bs\/trgovina\/"},{"@type":"ListItem","position":3,"name":"Barske stolice, set od 2 63 cm"}]},{"@type":"WebSite","@id":"https:\/\/inti.hr\/bs\/#website","url":"https:\/\/inti.hr\/bs\/","name":"Inti","description":"trgovina","potentialAction":[{"@type":"SearchAction","target":{"@type":"EntryPoint","urlTemplate":"https:\/\/inti.hr\/bs\/?s={search_term_string}"},"query-input":{"@type":"PropertyValueSpecification","valueRequired":true,"valueName":"search_term_string"}}],"inLanguage":"bs-BA"}]}},"jetpack_sharing_enabled":true,"jetpack-related-posts":[],"_links":{"self":[{"href":"https:\/\/inti.hr\/bs\/wp-json\/wp\/v2\/product\/30715"}],"collection":[{"href":"https:\/\/inti.hr\/bs\/wp-json\/wp\/v2\/product"}],"about":[{"href":"https:\/\/inti.hr\/bs\/wp-json\/wp\/v2\/types\/product"}],"wp:featuredmedia":[{"embeddable":true,"href":"https:\/\/inti.hr\/bs\/wp-json\/wp\/v2\/media\/30716"}],"wp:attachment":[{"href":"https:\/\/inti.hr\/bs\/wp-json\/wp\/v2\/media?parent=30715"}],"wp:term":[{"taxonomy":"product_cat","embeddable":true,"href":"https:\/\/inti.hr\/bs\/wp-json\/wp\/v2\/product_cat?post=30715"},{"taxonomy":"product_tag","embeddable":true,"href":"https:\/\/inti.hr\/bs\/wp-json\/wp\/v2\/product_tag?post=30715"}],"curies":[{"name":"wp","href":"https:\/\/api.w.org\/{rel}","templated":true}]}}