{"id":30723,"date":"2026-02-18T10:21:27","date_gmt":"2026-02-18T09:21:27","guid":{"rendered":"https:\/\/inti.hr\/product\/klupa-za-cipele-s-podstavljenim-sjedalom\/"},"modified":"2026-02-18T10:21:27","modified_gmt":"2026-02-18T09:21:27","slug":"klupa-za-cipele-s-podstavljenim-sjedalom","status":"publish","type":"product","link":"https:\/\/inti.hr\/bs\/proizvod\/klupa-za-cipele-s-podstavljenim-sjedalom\/","title":{"rendered":"Klupa za cipele s podstavljenim sjedalom"},"content":{"rendered":"<p><b><span dir=\"auto\">Detalji o proizvodu:<\/span><\/b><\/p>\n<ul>\n<li><span dir=\"auto\">Materijal: MDF, akrilni lak<\/span><\/li>\n<li><span dir=\"auto\">Te\u017eina: 23,8 kg. Nosivost do 150 kg.<\/span><\/li>\n<li><span dir=\"auto\">Veli\u010dina i te\u017eina paketa: 108,00*45,00*20,00 cm, 26 kg.<\/span><\/li>\n<li><span dir=\"auto\">Dimenzije proizvoda: D100*\u016035*V60cm (vidi sliku).<\/span><\/li>\n<li><span dir=\"auto\">S uputama za sastavljanje i vijcima, jednostavna instalacija<\/span><\/li>\n<li><span dir=\"auto\">Sigurnost i uskla\u0111enost: Ovaj je proizvod razvijen i testiran za ku\u0107nu upotrebu.<\/span><\/li>\n<\/ul>\n","protected":false},"excerpt":{"rendered":"<p>Ova kompaktna klupa za cipele dimenzija 100x35x60 cm kombinira funkcionalnost i &#8230; <\/p>\n","protected":false},"featured_media":30724,"template":"","meta":[],"product_cat":[2632],"product_tag":[2633,2634],"yoast_head":"<!-- This site is optimized with the Yoast SEO plugin v23.7 - https:\/\/yoast.com\/wordpress\/plugins\/seo\/ -->\n<title>Klupa za cipele s podstavljenim sjedalom - Inti<\/title>\n<meta name=\"description\" content=\"Ova kompaktna klupa za cipele dimenzija 100x35x60 cm kombinira funkcionalnost i ljepotu sa svojim prirodno bijelim izgledom i re\u0161etkastim vratima. Idealna je kao klupa za pohranu u malim prostorima, odr\u017eava va\u0161 ulaz ili hodnik urednim.Klupa za cipele s podstavljenim sjedalom mo\u017ee podnijeti do 150 kg, nude\u0107i udobno mjesto za obuvanje cipela ili odmor. Savr\u0161ena je za svakodnevnu upotrebu kod ku\u0107e i nadopunjuje svaki moderni namje\u0161taj u predsoblju.S prostranom unutra\u0161njosti i policom podesivom u tri visine, ova jedinica za odlaganje cipela savr\u0161ena je za cipele, knjige ili igra\u010dke. Neophodan je za obitelji s djecom ili ku\u0107nim ljubimcima. Izra\u0111ena od E1 MDF-a i \u010dvrstog bora, ova klupa za pohranu je sigurna, izdr\u017eljiva i jednostavna za odr\u017eavanje. Ventilirani dizajn \u0161titi cipele od plijesni i neugodnih mirisa, \u0161to je \u010dini idealnom kao natkriveni vanjski stalak za cipele. Niski stalak za cipele za ulaz dolazi s jasnim uputama i numeriranim vijcima za brzu i jednostavnu monta\u017eu. Kombinira prakti\u010dnost, eleganciju i funkcionalnost u jednom rje\u0161enju za va\u0161 ormari\u0107 za ulaz.\" \/>\n<meta name=\"robots\" content=\"index, follow, max-snippet:-1, max-image-preview:large, max-video-preview:-1\" \/>\n<link rel=\"canonical\" href=\"https:\/\/inti.hr\/bs\/proizvod\/klupa-za-cipele-s-podstavljenim-sjedalom\/\" \/>\n<meta property=\"og:locale\" content=\"bs_BA\" \/>\n<meta property=\"og:type\" content=\"article\" \/>\n<meta property=\"og:title\" content=\"Klupa za cipele s podstavljenim sjedalom - Inti\" \/>\n<meta property=\"og:description\" content=\"Ova kompaktna klupa za cipele dimenzija 100x35x60 cm kombinira funkcionalnost i ljepotu sa svojim prirodno bijelim izgledom i re\u0161etkastim vratima. Idealna je kao klupa za pohranu u malim prostorima, odr\u017eava va\u0161 ulaz ili hodnik urednim.Klupa za cipele s podstavljenim sjedalom mo\u017ee podnijeti do 150 kg, nude\u0107i udobno mjesto za obuvanje cipela ili odmor. Savr\u0161ena je za svakodnevnu upotrebu kod ku\u0107e i nadopunjuje svaki moderni namje\u0161taj u predsoblju.S prostranom unutra\u0161njosti i policom podesivom u tri visine, ova jedinica za odlaganje cipela savr\u0161ena je za cipele, knjige ili igra\u010dke. Neophodan je za obitelji s djecom ili ku\u0107nim ljubimcima. Izra\u0111ena od E1 MDF-a i \u010dvrstog bora, ova klupa za pohranu je sigurna, izdr\u017eljiva i jednostavna za odr\u017eavanje. Ventilirani dizajn \u0161titi cipele od plijesni i neugodnih mirisa, \u0161to je \u010dini idealnom kao natkriveni vanjski stalak za cipele. Niski stalak za cipele za ulaz dolazi s jasnim uputama i numeriranim vijcima za brzu i jednostavnu monta\u017eu. Kombinira prakti\u010dnost, eleganciju i funkcionalnost u jednom rje\u0161enju za va\u0161 ormari\u0107 za ulaz.\" \/>\n<meta property=\"og:url\" content=\"https:\/\/inti.hr\/bs\/proizvod\/klupa-za-cipele-s-podstavljenim-sjedalom\/\" \/>\n<meta property=\"og:site_name\" content=\"Inti\" \/>\n<meta property=\"og:image\" content=\"https:\/\/i0.wp.com\/inti.hr\/wp-content\/uploads\/2026\/02\/FSR128-W-S002_1800x1800.webp?fit=1600%2C1600&ssl=1\" \/>\n\t<meta property=\"og:image:width\" content=\"1600\" \/>\n\t<meta property=\"og:image:height\" content=\"1600\" \/>\n\t<meta property=\"og:image:type\" content=\"image\/webp\" \/>\n<meta name=\"twitter:card\" content=\"summary_large_image\" \/>\n<script type=\"application\/ld+json\" class=\"yoast-schema-graph\">{\"@context\":\"https:\/\/schema.org\",\"@graph\":[{\"@type\":\"WebPage\",\"@id\":\"https:\/\/inti.hr\/bs\/proizvod\/klupa-za-cipele-s-podstavljenim-sjedalom\/\",\"url\":\"https:\/\/inti.hr\/bs\/proizvod\/klupa-za-cipele-s-podstavljenim-sjedalom\/\",\"name\":\"Klupa za cipele s podstavljenim sjedalom - Inti\",\"isPartOf\":{\"@id\":\"https:\/\/inti.hr\/bs\/#website\"},\"primaryImageOfPage\":{\"@id\":\"https:\/\/inti.hr\/bs\/proizvod\/klupa-za-cipele-s-podstavljenim-sjedalom\/#primaryimage\"},\"image\":{\"@id\":\"https:\/\/inti.hr\/bs\/proizvod\/klupa-za-cipele-s-podstavljenim-sjedalom\/#primaryimage\"},\"thumbnailUrl\":\"https:\/\/i0.wp.com\/inti.hr\/wp-content\/uploads\/2026\/02\/FSR128-W-S002_1800x1800.webp?fit=1600%2C1600&ssl=1\",\"datePublished\":\"2026-02-18T09:21:27+00:00\",\"dateModified\":\"2026-02-18T09:21:27+00:00\",\"description\":\"Ova kompaktna klupa za cipele dimenzija 100x35x60 cm kombinira funkcionalnost i ljepotu sa svojim prirodno bijelim izgledom i re\u0161etkastim vratima. Idealna je kao klupa za pohranu u malim prostorima, odr\u017eava va\u0161 ulaz ili hodnik urednim.Klupa za cipele s podstavljenim sjedalom mo\u017ee podnijeti do 150 kg, nude\u0107i udobno mjesto za obuvanje cipela ili odmor. Savr\u0161ena je za svakodnevnu upotrebu kod ku\u0107e i nadopunjuje svaki moderni namje\u0161taj u predsoblju.S prostranom unutra\u0161njosti i policom podesivom u tri visine, ova jedinica za odlaganje cipela savr\u0161ena je za cipele, knjige ili igra\u010dke. Neophodan je za obitelji s djecom ili ku\u0107nim ljubimcima. Izra\u0111ena od E1 MDF-a i \u010dvrstog bora, ova klupa za pohranu je sigurna, izdr\u017eljiva i jednostavna za odr\u017eavanje. Ventilirani dizajn \u0161titi cipele od plijesni i neugodnih mirisa, \u0161to je \u010dini idealnom kao natkriveni vanjski stalak za cipele. Niski stalak za cipele za ulaz dolazi s jasnim uputama i numeriranim vijcima za brzu i jednostavnu monta\u017eu. Kombinira prakti\u010dnost, eleganciju i funkcionalnost u jednom rje\u0161enju za va\u0161 ormari\u0107 za ulaz.\",\"breadcrumb\":{\"@id\":\"https:\/\/inti.hr\/bs\/proizvod\/klupa-za-cipele-s-podstavljenim-sjedalom\/#breadcrumb\"},\"inLanguage\":\"bs-BA\",\"potentialAction\":[{\"@type\":\"ReadAction\",\"target\":[\"https:\/\/inti.hr\/bs\/proizvod\/klupa-za-cipele-s-podstavljenim-sjedalom\/\"]}]},{\"@type\":\"ImageObject\",\"inLanguage\":\"bs-BA\",\"@id\":\"https:\/\/inti.hr\/bs\/proizvod\/klupa-za-cipele-s-podstavljenim-sjedalom\/#primaryimage\",\"url\":\"https:\/\/i0.wp.com\/inti.hr\/wp-content\/uploads\/2026\/02\/FSR128-W-S002_1800x1800.webp?fit=1600%2C1600&ssl=1\",\"contentUrl\":\"https:\/\/i0.wp.com\/inti.hr\/wp-content\/uploads\/2026\/02\/FSR128-W-S002_1800x1800.webp?fit=1600%2C1600&ssl=1\",\"width\":1600,\"height\":1600,\"caption\":\"SoBuy FSR128-W Klupa za cipele s podstavljenim sjedalom - Klupa za u\u0161tedu prostora s re\u0161etkastim vratima - Spremnik za cipele za spava\u0107u sobu ili hodnik - Bijela 100x35x60cm, 150kg\"},{\"@type\":\"BreadcrumbList\",\"@id\":\"https:\/\/inti.hr\/bs\/proizvod\/klupa-za-cipele-s-podstavljenim-sjedalom\/#breadcrumb\",\"itemListElement\":[{\"@type\":\"ListItem\",\"position\":1,\"name\":\"Po\u010detna stranica\",\"item\":\"https:\/\/inti.hr\/bs\/\"},{\"@type\":\"ListItem\",\"position\":2,\"name\":\"Trgovina\",\"item\":\"https:\/\/inti.hr\/bs\/trgovina\/\"},{\"@type\":\"ListItem\",\"position\":3,\"name\":\"Klupa za cipele s podstavljenim sjedalom\"}]},{\"@type\":\"WebSite\",\"@id\":\"https:\/\/inti.hr\/bs\/#website\",\"url\":\"https:\/\/inti.hr\/bs\/\",\"name\":\"Inti\",\"description\":\"trgovina\",\"potentialAction\":[{\"@type\":\"SearchAction\",\"target\":{\"@type\":\"EntryPoint\",\"urlTemplate\":\"https:\/\/inti.hr\/bs\/?s={search_term_string}\"},\"query-input\":{\"@type\":\"PropertyValueSpecification\",\"valueRequired\":true,\"valueName\":\"search_term_string\"}}],\"inLanguage\":\"bs-BA\"}]}<\/script>\n<!-- \/ Yoast SEO plugin. -->","yoast_head_json":{"title":"Klupa za cipele s podstavljenim sjedalom - Inti","description":"Ova kompaktna klupa za cipele dimenzija 100x35x60 cm kombinira funkcionalnost i ljepotu sa svojim prirodno bijelim izgledom i re\u0161etkastim vratima. Idealna je kao klupa za pohranu u malim prostorima, odr\u017eava va\u0161 ulaz ili hodnik urednim.Klupa za cipele s podstavljenim sjedalom mo\u017ee podnijeti do 150 kg, nude\u0107i udobno mjesto za obuvanje cipela ili odmor. Savr\u0161ena je za svakodnevnu upotrebu kod ku\u0107e i nadopunjuje svaki moderni namje\u0161taj u predsoblju.S prostranom unutra\u0161njosti i policom podesivom u tri visine, ova jedinica za odlaganje cipela savr\u0161ena je za cipele, knjige ili igra\u010dke. Neophodan je za obitelji s djecom ili ku\u0107nim ljubimcima. Izra\u0111ena od E1 MDF-a i \u010dvrstog bora, ova klupa za pohranu je sigurna, izdr\u017eljiva i jednostavna za odr\u017eavanje. Ventilirani dizajn \u0161titi cipele od plijesni i neugodnih mirisa, \u0161to je \u010dini idealnom kao natkriveni vanjski stalak za cipele. Niski stalak za cipele za ulaz dolazi s jasnim uputama i numeriranim vijcima za brzu i jednostavnu monta\u017eu. Kombinira prakti\u010dnost, eleganciju i funkcionalnost u jednom rje\u0161enju za va\u0161 ormari\u0107 za ulaz.","robots":{"index":"index","follow":"follow","max-snippet":"max-snippet:-1","max-image-preview":"max-image-preview:large","max-video-preview":"max-video-preview:-1"},"canonical":"https:\/\/inti.hr\/bs\/proizvod\/klupa-za-cipele-s-podstavljenim-sjedalom\/","og_locale":"bs_BA","og_type":"article","og_title":"Klupa za cipele s podstavljenim sjedalom - Inti","og_description":"Ova kompaktna klupa za cipele dimenzija 100x35x60 cm kombinira funkcionalnost i ljepotu sa svojim prirodno bijelim izgledom i re\u0161etkastim vratima. Idealna je kao klupa za pohranu u malim prostorima, odr\u017eava va\u0161 ulaz ili hodnik urednim.Klupa za cipele s podstavljenim sjedalom mo\u017ee podnijeti do 150 kg, nude\u0107i udobno mjesto za obuvanje cipela ili odmor. Savr\u0161ena je za svakodnevnu upotrebu kod ku\u0107e i nadopunjuje svaki moderni namje\u0161taj u predsoblju.S prostranom unutra\u0161njosti i policom podesivom u tri visine, ova jedinica za odlaganje cipela savr\u0161ena je za cipele, knjige ili igra\u010dke. Neophodan je za obitelji s djecom ili ku\u0107nim ljubimcima. Izra\u0111ena od E1 MDF-a i \u010dvrstog bora, ova klupa za pohranu je sigurna, izdr\u017eljiva i jednostavna za odr\u017eavanje. Ventilirani dizajn \u0161titi cipele od plijesni i neugodnih mirisa, \u0161to je \u010dini idealnom kao natkriveni vanjski stalak za cipele. Niski stalak za cipele za ulaz dolazi s jasnim uputama i numeriranim vijcima za brzu i jednostavnu monta\u017eu. Kombinira prakti\u010dnost, eleganciju i funkcionalnost u jednom rje\u0161enju za va\u0161 ormari\u0107 za ulaz.","og_url":"https:\/\/inti.hr\/bs\/proizvod\/klupa-za-cipele-s-podstavljenim-sjedalom\/","og_site_name":"Inti","og_image":[{"width":1600,"height":1600,"url":"https:\/\/i0.wp.com\/inti.hr\/wp-content\/uploads\/2026\/02\/FSR128-W-S002_1800x1800.webp?fit=1600%2C1600&ssl=1","type":"image\/webp"}],"twitter_card":"summary_large_image","schema":{"@context":"https:\/\/schema.org","@graph":[{"@type":"WebPage","@id":"https:\/\/inti.hr\/bs\/proizvod\/klupa-za-cipele-s-podstavljenim-sjedalom\/","url":"https:\/\/inti.hr\/bs\/proizvod\/klupa-za-cipele-s-podstavljenim-sjedalom\/","name":"Klupa za cipele s podstavljenim sjedalom - Inti","isPartOf":{"@id":"https:\/\/inti.hr\/bs\/#website"},"primaryImageOfPage":{"@id":"https:\/\/inti.hr\/bs\/proizvod\/klupa-za-cipele-s-podstavljenim-sjedalom\/#primaryimage"},"image":{"@id":"https:\/\/inti.hr\/bs\/proizvod\/klupa-za-cipele-s-podstavljenim-sjedalom\/#primaryimage"},"thumbnailUrl":"https:\/\/i0.wp.com\/inti.hr\/wp-content\/uploads\/2026\/02\/FSR128-W-S002_1800x1800.webp?fit=1600%2C1600&ssl=1","datePublished":"2026-02-18T09:21:27+00:00","dateModified":"2026-02-18T09:21:27+00:00","description":"Ova kompaktna klupa za cipele dimenzija 100x35x60 cm kombinira funkcionalnost i ljepotu sa svojim prirodno bijelim izgledom i re\u0161etkastim vratima. Idealna je kao klupa za pohranu u malim prostorima, odr\u017eava va\u0161 ulaz ili hodnik urednim.Klupa za cipele s podstavljenim sjedalom mo\u017ee podnijeti do 150 kg, nude\u0107i udobno mjesto za obuvanje cipela ili odmor. Savr\u0161ena je za svakodnevnu upotrebu kod ku\u0107e i nadopunjuje svaki moderni namje\u0161taj u predsoblju.S prostranom unutra\u0161njosti i policom podesivom u tri visine, ova jedinica za odlaganje cipela savr\u0161ena je za cipele, knjige ili igra\u010dke. Neophodan je za obitelji s djecom ili ku\u0107nim ljubimcima. Izra\u0111ena od E1 MDF-a i \u010dvrstog bora, ova klupa za pohranu je sigurna, izdr\u017eljiva i jednostavna za odr\u017eavanje. Ventilirani dizajn \u0161titi cipele od plijesni i neugodnih mirisa, \u0161to je \u010dini idealnom kao natkriveni vanjski stalak za cipele. Niski stalak za cipele za ulaz dolazi s jasnim uputama i numeriranim vijcima za brzu i jednostavnu monta\u017eu. Kombinira prakti\u010dnost, eleganciju i funkcionalnost u jednom rje\u0161enju za va\u0161 ormari\u0107 za ulaz.","breadcrumb":{"@id":"https:\/\/inti.hr\/bs\/proizvod\/klupa-za-cipele-s-podstavljenim-sjedalom\/#breadcrumb"},"inLanguage":"bs-BA","potentialAction":[{"@type":"ReadAction","target":["https:\/\/inti.hr\/bs\/proizvod\/klupa-za-cipele-s-podstavljenim-sjedalom\/"]}]},{"@type":"ImageObject","inLanguage":"bs-BA","@id":"https:\/\/inti.hr\/bs\/proizvod\/klupa-za-cipele-s-podstavljenim-sjedalom\/#primaryimage","url":"https:\/\/i0.wp.com\/inti.hr\/wp-content\/uploads\/2026\/02\/FSR128-W-S002_1800x1800.webp?fit=1600%2C1600&ssl=1","contentUrl":"https:\/\/i0.wp.com\/inti.hr\/wp-content\/uploads\/2026\/02\/FSR128-W-S002_1800x1800.webp?fit=1600%2C1600&ssl=1","width":1600,"height":1600,"caption":"SoBuy FSR128-W Klupa za cipele s podstavljenim sjedalom - Klupa za u\u0161tedu prostora s re\u0161etkastim vratima - Spremnik za cipele za spava\u0107u sobu ili hodnik - Bijela 100x35x60cm, 150kg"},{"@type":"BreadcrumbList","@id":"https:\/\/inti.hr\/bs\/proizvod\/klupa-za-cipele-s-podstavljenim-sjedalom\/#breadcrumb","itemListElement":[{"@type":"ListItem","position":1,"name":"Po\u010detna stranica","item":"https:\/\/inti.hr\/bs\/"},{"@type":"ListItem","position":2,"name":"Trgovina","item":"https:\/\/inti.hr\/bs\/trgovina\/"},{"@type":"ListItem","position":3,"name":"Klupa za cipele s podstavljenim sjedalom"}]},{"@type":"WebSite","@id":"https:\/\/inti.hr\/bs\/#website","url":"https:\/\/inti.hr\/bs\/","name":"Inti","description":"trgovina","potentialAction":[{"@type":"SearchAction","target":{"@type":"EntryPoint","urlTemplate":"https:\/\/inti.hr\/bs\/?s={search_term_string}"},"query-input":{"@type":"PropertyValueSpecification","valueRequired":true,"valueName":"search_term_string"}}],"inLanguage":"bs-BA"}]}},"jetpack_sharing_enabled":true,"jetpack-related-posts":[],"_links":{"self":[{"href":"https:\/\/inti.hr\/bs\/wp-json\/wp\/v2\/product\/30723"}],"collection":[{"href":"https:\/\/inti.hr\/bs\/wp-json\/wp\/v2\/product"}],"about":[{"href":"https:\/\/inti.hr\/bs\/wp-json\/wp\/v2\/types\/product"}],"wp:featuredmedia":[{"embeddable":true,"href":"https:\/\/inti.hr\/bs\/wp-json\/wp\/v2\/media\/30724"}],"wp:attachment":[{"href":"https:\/\/inti.hr\/bs\/wp-json\/wp\/v2\/media?parent=30723"}],"wp:term":[{"taxonomy":"product_cat","embeddable":true,"href":"https:\/\/inti.hr\/bs\/wp-json\/wp\/v2\/product_cat?post=30723"},{"taxonomy":"product_tag","embeddable":true,"href":"https:\/\/inti.hr\/bs\/wp-json\/wp\/v2\/product_tag?post=30723"}],"curies":[{"name":"wp","href":"https:\/\/api.w.org\/{rel}","templated":true}]}}