{"id":30735,"date":"2026-02-11T16:59:54","date_gmt":"2026-02-11T15:59:54","guid":{"rendered":"https:\/\/inti.hr\/product\/stepenice-za-pse-s-protukliznom-oblogom-i-2-stepenice\/"},"modified":"2026-02-11T16:59:54","modified_gmt":"2026-02-11T15:59:54","slug":"stepenice-za-pse-s-protukliznom-oblogom-i-2-stepenice","status":"publish","type":"product","link":"https:\/\/inti.hr\/bs\/proizvod\/stepenice-za-pse-s-protukliznom-oblogom-i-2-stepenice\/","title":{"rendered":"Stepenice za pse s protukliznom oblogom i 2 stepenice"},"content":{"rendered":"<p>Detalji o proizvodu:<br \/>\nBoja: Golublje siva<br \/>\nMaterijal: Imitacija bru\u0161ene ko\u017ee, korduroj, pjena<br \/>\nVeli\u010dina: 40 x 40 x 30 cm (D x \u0160 x V), 57 x 40 x 40 cm (D x \u0160 x V) ,<br \/>\nTe\u017eina: 1,2 kg<\/p>\n","protected":false},"excerpt":{"rendered":"<p>Promi\u0161ljen dizajn: Za razliku od konvencionalnih stepenica za ku\u0107ne ljubimce pod &#8230; <\/p>\n","protected":false},"featured_media":30737,"template":"","meta":[],"product_cat":[2400],"product_tag":[2644,2645],"yoast_head":"<!-- This site is optimized with the Yoast SEO plugin v23.7 - https:\/\/yoast.com\/wordpress\/plugins\/seo\/ -->\n<title>Stepenice za pse s protukliznom oblogom i 2 stepenice - Inti<\/title>\n<meta name=\"description\" content=\"Promi\u0161ljen dizajn: Za razliku od konvencionalnih stepenica za ku\u0107ne ljubimce pod pravim kutom, blagi nagib je nje\u017ean za male, starije, ozlije\u0111ene ili ku\u0107ne ljubimce kratkih nogu, omogu\u0107uju\u0107i lako penjanje i ne optere\u0107uju\u0107i zglobove.Robusno i potporno: Izra\u0111eno od pjene visoke gusto\u0107e, ma\u010dje stepenice nude sigurno dr\u017eanje i zadr\u017eavaju svoj oblik \u010dak i uz ponovljenu upotrebu, osiguravaju\u0107i dug vijek trajanja.Dvostruko neklizaju\u0107e: Zahvaljuju\u0107i prianjaju\u0107oj vafl vrpci, \u0161ape va\u0161eg ljubimca ne\u0107e kliziti, dok neklizaju\u0107a donja strana s gumenim izbo\u010dinama osigurava \u010dvrsto dr\u017eanje na podu. Va\u0161 ljubimac se mo\u017ee penjati s povjerenjem!Nepropusno i jednostavno za \u010di\u0161\u0107enje: Navlaka s vodootpornim TPU slojem sprje\u010dava prodiranje teku\u0107ina, \u010dime se \u0161titi od manjih nezgoda. Navlaka se mo\u017ee skinuti i prati u perilici rublja radi lak\u0161eg uklanjanja mrlja.Idealno za namje\u0161taj visine do 33 cm: Ove dvostepene stepenice za male pse savr\u0161ene su za stolice i sofe. Njihov jednostavan dizajn i neutralna boja nadopunjuju razli\u010dite stilove interijera.Upute za njegu: Stepenice za pse dolaze s navlakom \u2013 sastavljanje nije potrebno! Nakon raspakiranja, ostavite ih da odstoje 48 sati kako bi vratile svoj prvobitni oblik. Pjena se NE mo\u017ee prati.\" \/>\n<meta name=\"robots\" content=\"index, follow, max-snippet:-1, max-image-preview:large, max-video-preview:-1\" \/>\n<link rel=\"canonical\" href=\"https:\/\/inti.hr\/bs\/proizvod\/stepenice-za-pse-s-protukliznom-oblogom-i-2-stepenice\/\" \/>\n<meta property=\"og:locale\" content=\"bs_BA\" \/>\n<meta property=\"og:type\" content=\"article\" \/>\n<meta property=\"og:title\" content=\"Stepenice za pse s protukliznom oblogom i 2 stepenice - Inti\" \/>\n<meta property=\"og:description\" content=\"Promi\u0161ljen dizajn: Za razliku od konvencionalnih stepenica za ku\u0107ne ljubimce pod pravim kutom, blagi nagib je nje\u017ean za male, starije, ozlije\u0111ene ili ku\u0107ne ljubimce kratkih nogu, omogu\u0107uju\u0107i lako penjanje i ne optere\u0107uju\u0107i zglobove.Robusno i potporno: Izra\u0111eno od pjene visoke gusto\u0107e, ma\u010dje stepenice nude sigurno dr\u017eanje i zadr\u017eavaju svoj oblik \u010dak i uz ponovljenu upotrebu, osiguravaju\u0107i dug vijek trajanja.Dvostruko neklizaju\u0107e: Zahvaljuju\u0107i prianjaju\u0107oj vafl vrpci, \u0161ape va\u0161eg ljubimca ne\u0107e kliziti, dok neklizaju\u0107a donja strana s gumenim izbo\u010dinama osigurava \u010dvrsto dr\u017eanje na podu. Va\u0161 ljubimac se mo\u017ee penjati s povjerenjem!Nepropusno i jednostavno za \u010di\u0161\u0107enje: Navlaka s vodootpornim TPU slojem sprje\u010dava prodiranje teku\u0107ina, \u010dime se \u0161titi od manjih nezgoda. Navlaka se mo\u017ee skinuti i prati u perilici rublja radi lak\u0161eg uklanjanja mrlja.Idealno za namje\u0161taj visine do 33 cm: Ove dvostepene stepenice za male pse savr\u0161ene su za stolice i sofe. Njihov jednostavan dizajn i neutralna boja nadopunjuju razli\u010dite stilove interijera.Upute za njegu: Stepenice za pse dolaze s navlakom \u2013 sastavljanje nije potrebno! Nakon raspakiranja, ostavite ih da odstoje 48 sati kako bi vratile svoj prvobitni oblik. Pjena se NE mo\u017ee prati.\" \/>\n<meta property=\"og:url\" content=\"https:\/\/inti.hr\/bs\/proizvod\/stepenice-za-pse-s-protukliznom-oblogom-i-2-stepenice\/\" \/>\n<meta property=\"og:site_name\" content=\"Inti\" \/>\n<meta property=\"og:image\" content=\"https:\/\/i0.wp.com\/inti.hr\/wp-content\/uploads\/2026\/02\/PPS012GD01-1.jpg?fit=1000%2C1000&ssl=1\" \/>\n\t<meta property=\"og:image:width\" content=\"1000\" \/>\n\t<meta property=\"og:image:height\" content=\"1000\" \/>\n\t<meta property=\"og:image:type\" content=\"image\/jpeg\" \/>\n<meta name=\"twitter:card\" content=\"summary_large_image\" \/>\n<script type=\"application\/ld+json\" class=\"yoast-schema-graph\">{\"@context\":\"https:\/\/schema.org\",\"@graph\":[{\"@type\":\"WebPage\",\"@id\":\"https:\/\/inti.hr\/bs\/proizvod\/stepenice-za-pse-s-protukliznom-oblogom-i-2-stepenice\/\",\"url\":\"https:\/\/inti.hr\/bs\/proizvod\/stepenice-za-pse-s-protukliznom-oblogom-i-2-stepenice\/\",\"name\":\"Stepenice za pse s protukliznom oblogom i 2 stepenice - Inti\",\"isPartOf\":{\"@id\":\"https:\/\/inti.hr\/bs\/#website\"},\"primaryImageOfPage\":{\"@id\":\"https:\/\/inti.hr\/bs\/proizvod\/stepenice-za-pse-s-protukliznom-oblogom-i-2-stepenice\/#primaryimage\"},\"image\":{\"@id\":\"https:\/\/inti.hr\/bs\/proizvod\/stepenice-za-pse-s-protukliznom-oblogom-i-2-stepenice\/#primaryimage\"},\"thumbnailUrl\":\"https:\/\/i0.wp.com\/inti.hr\/wp-content\/uploads\/2026\/02\/PPS012GD01-1.jpg?fit=1000%2C1000&ssl=1\",\"datePublished\":\"2026-02-11T15:59:54+00:00\",\"dateModified\":\"2026-02-11T15:59:54+00:00\",\"description\":\"Promi\u0161ljen dizajn: Za razliku od konvencionalnih stepenica za ku\u0107ne ljubimce pod pravim kutom, blagi nagib je nje\u017ean za male, starije, ozlije\u0111ene ili ku\u0107ne ljubimce kratkih nogu, omogu\u0107uju\u0107i lako penjanje i ne optere\u0107uju\u0107i zglobove.Robusno i potporno: Izra\u0111eno od pjene visoke gusto\u0107e, ma\u010dje stepenice nude sigurno dr\u017eanje i zadr\u017eavaju svoj oblik \u010dak i uz ponovljenu upotrebu, osiguravaju\u0107i dug vijek trajanja.Dvostruko neklizaju\u0107e: Zahvaljuju\u0107i prianjaju\u0107oj vafl vrpci, \u0161ape va\u0161eg ljubimca ne\u0107e kliziti, dok neklizaju\u0107a donja strana s gumenim izbo\u010dinama osigurava \u010dvrsto dr\u017eanje na podu. Va\u0161 ljubimac se mo\u017ee penjati s povjerenjem!Nepropusno i jednostavno za \u010di\u0161\u0107enje: Navlaka s vodootpornim TPU slojem sprje\u010dava prodiranje teku\u0107ina, \u010dime se \u0161titi od manjih nezgoda. Navlaka se mo\u017ee skinuti i prati u perilici rublja radi lak\u0161eg uklanjanja mrlja.Idealno za namje\u0161taj visine do 33 cm: Ove dvostepene stepenice za male pse savr\u0161ene su za stolice i sofe. Njihov jednostavan dizajn i neutralna boja nadopunjuju razli\u010dite stilove interijera.Upute za njegu: Stepenice za pse dolaze s navlakom \u2013 sastavljanje nije potrebno! Nakon raspakiranja, ostavite ih da odstoje 48 sati kako bi vratile svoj prvobitni oblik. Pjena se NE mo\u017ee prati.\",\"breadcrumb\":{\"@id\":\"https:\/\/inti.hr\/bs\/proizvod\/stepenice-za-pse-s-protukliznom-oblogom-i-2-stepenice\/#breadcrumb\"},\"inLanguage\":\"bs-BA\",\"potentialAction\":[{\"@type\":\"ReadAction\",\"target\":[\"https:\/\/inti.hr\/bs\/proizvod\/stepenice-za-pse-s-protukliznom-oblogom-i-2-stepenice\/\"]}]},{\"@type\":\"ImageObject\",\"inLanguage\":\"bs-BA\",\"@id\":\"https:\/\/inti.hr\/bs\/proizvod\/stepenice-za-pse-s-protukliznom-oblogom-i-2-stepenice\/#primaryimage\",\"url\":\"https:\/\/i0.wp.com\/inti.hr\/wp-content\/uploads\/2026\/02\/PPS012GD01-1.jpg?fit=1000%2C1000&ssl=1\",\"contentUrl\":\"https:\/\/i0.wp.com\/inti.hr\/wp-content\/uploads\/2026\/02\/PPS012GD01-1.jpg?fit=1000%2C1000&ssl=1\",\"width\":1000,\"height\":1000},{\"@type\":\"BreadcrumbList\",\"@id\":\"https:\/\/inti.hr\/bs\/proizvod\/stepenice-za-pse-s-protukliznom-oblogom-i-2-stepenice\/#breadcrumb\",\"itemListElement\":[{\"@type\":\"ListItem\",\"position\":1,\"name\":\"Po\u010detna stranica\",\"item\":\"https:\/\/inti.hr\/bs\/\"},{\"@type\":\"ListItem\",\"position\":2,\"name\":\"Trgovina\",\"item\":\"https:\/\/inti.hr\/bs\/trgovina\/\"},{\"@type\":\"ListItem\",\"position\":3,\"name\":\"Stepenice za pse s protukliznom oblogom i 2 stepenice\"}]},{\"@type\":\"WebSite\",\"@id\":\"https:\/\/inti.hr\/bs\/#website\",\"url\":\"https:\/\/inti.hr\/bs\/\",\"name\":\"Inti\",\"description\":\"trgovina\",\"potentialAction\":[{\"@type\":\"SearchAction\",\"target\":{\"@type\":\"EntryPoint\",\"urlTemplate\":\"https:\/\/inti.hr\/bs\/?s={search_term_string}\"},\"query-input\":{\"@type\":\"PropertyValueSpecification\",\"valueRequired\":true,\"valueName\":\"search_term_string\"}}],\"inLanguage\":\"bs-BA\"}]}<\/script>\n<!-- \/ Yoast SEO plugin. -->","yoast_head_json":{"title":"Stepenice za pse s protukliznom oblogom i 2 stepenice - Inti","description":"Promi\u0161ljen dizajn: Za razliku od konvencionalnih stepenica za ku\u0107ne ljubimce pod pravim kutom, blagi nagib je nje\u017ean za male, starije, ozlije\u0111ene ili ku\u0107ne ljubimce kratkih nogu, omogu\u0107uju\u0107i lako penjanje i ne optere\u0107uju\u0107i zglobove.Robusno i potporno: Izra\u0111eno od pjene visoke gusto\u0107e, ma\u010dje stepenice nude sigurno dr\u017eanje i zadr\u017eavaju svoj oblik \u010dak i uz ponovljenu upotrebu, osiguravaju\u0107i dug vijek trajanja.Dvostruko neklizaju\u0107e: Zahvaljuju\u0107i prianjaju\u0107oj vafl vrpci, \u0161ape va\u0161eg ljubimca ne\u0107e kliziti, dok neklizaju\u0107a donja strana s gumenim izbo\u010dinama osigurava \u010dvrsto dr\u017eanje na podu. Va\u0161 ljubimac se mo\u017ee penjati s povjerenjem!Nepropusno i jednostavno za \u010di\u0161\u0107enje: Navlaka s vodootpornim TPU slojem sprje\u010dava prodiranje teku\u0107ina, \u010dime se \u0161titi od manjih nezgoda. Navlaka se mo\u017ee skinuti i prati u perilici rublja radi lak\u0161eg uklanjanja mrlja.Idealno za namje\u0161taj visine do 33 cm: Ove dvostepene stepenice za male pse savr\u0161ene su za stolice i sofe. Njihov jednostavan dizajn i neutralna boja nadopunjuju razli\u010dite stilove interijera.Upute za njegu: Stepenice za pse dolaze s navlakom \u2013 sastavljanje nije potrebno! Nakon raspakiranja, ostavite ih da odstoje 48 sati kako bi vratile svoj prvobitni oblik. Pjena se NE mo\u017ee prati.","robots":{"index":"index","follow":"follow","max-snippet":"max-snippet:-1","max-image-preview":"max-image-preview:large","max-video-preview":"max-video-preview:-1"},"canonical":"https:\/\/inti.hr\/bs\/proizvod\/stepenice-za-pse-s-protukliznom-oblogom-i-2-stepenice\/","og_locale":"bs_BA","og_type":"article","og_title":"Stepenice za pse s protukliznom oblogom i 2 stepenice - Inti","og_description":"Promi\u0161ljen dizajn: Za razliku od konvencionalnih stepenica za ku\u0107ne ljubimce pod pravim kutom, blagi nagib je nje\u017ean za male, starije, ozlije\u0111ene ili ku\u0107ne ljubimce kratkih nogu, omogu\u0107uju\u0107i lako penjanje i ne optere\u0107uju\u0107i zglobove.Robusno i potporno: Izra\u0111eno od pjene visoke gusto\u0107e, ma\u010dje stepenice nude sigurno dr\u017eanje i zadr\u017eavaju svoj oblik \u010dak i uz ponovljenu upotrebu, osiguravaju\u0107i dug vijek trajanja.Dvostruko neklizaju\u0107e: Zahvaljuju\u0107i prianjaju\u0107oj vafl vrpci, \u0161ape va\u0161eg ljubimca ne\u0107e kliziti, dok neklizaju\u0107a donja strana s gumenim izbo\u010dinama osigurava \u010dvrsto dr\u017eanje na podu. Va\u0161 ljubimac se mo\u017ee penjati s povjerenjem!Nepropusno i jednostavno za \u010di\u0161\u0107enje: Navlaka s vodootpornim TPU slojem sprje\u010dava prodiranje teku\u0107ina, \u010dime se \u0161titi od manjih nezgoda. Navlaka se mo\u017ee skinuti i prati u perilici rublja radi lak\u0161eg uklanjanja mrlja.Idealno za namje\u0161taj visine do 33 cm: Ove dvostepene stepenice za male pse savr\u0161ene su za stolice i sofe. Njihov jednostavan dizajn i neutralna boja nadopunjuju razli\u010dite stilove interijera.Upute za njegu: Stepenice za pse dolaze s navlakom \u2013 sastavljanje nije potrebno! Nakon raspakiranja, ostavite ih da odstoje 48 sati kako bi vratile svoj prvobitni oblik. Pjena se NE mo\u017ee prati.","og_url":"https:\/\/inti.hr\/bs\/proizvod\/stepenice-za-pse-s-protukliznom-oblogom-i-2-stepenice\/","og_site_name":"Inti","og_image":[{"width":1000,"height":1000,"url":"https:\/\/i0.wp.com\/inti.hr\/wp-content\/uploads\/2026\/02\/PPS012GD01-1.jpg?fit=1000%2C1000&ssl=1","type":"image\/jpeg"}],"twitter_card":"summary_large_image","schema":{"@context":"https:\/\/schema.org","@graph":[{"@type":"WebPage","@id":"https:\/\/inti.hr\/bs\/proizvod\/stepenice-za-pse-s-protukliznom-oblogom-i-2-stepenice\/","url":"https:\/\/inti.hr\/bs\/proizvod\/stepenice-za-pse-s-protukliznom-oblogom-i-2-stepenice\/","name":"Stepenice za pse s protukliznom oblogom i 2 stepenice - Inti","isPartOf":{"@id":"https:\/\/inti.hr\/bs\/#website"},"primaryImageOfPage":{"@id":"https:\/\/inti.hr\/bs\/proizvod\/stepenice-za-pse-s-protukliznom-oblogom-i-2-stepenice\/#primaryimage"},"image":{"@id":"https:\/\/inti.hr\/bs\/proizvod\/stepenice-za-pse-s-protukliznom-oblogom-i-2-stepenice\/#primaryimage"},"thumbnailUrl":"https:\/\/i0.wp.com\/inti.hr\/wp-content\/uploads\/2026\/02\/PPS012GD01-1.jpg?fit=1000%2C1000&ssl=1","datePublished":"2026-02-11T15:59:54+00:00","dateModified":"2026-02-11T15:59:54+00:00","description":"Promi\u0161ljen dizajn: Za razliku od konvencionalnih stepenica za ku\u0107ne ljubimce pod pravim kutom, blagi nagib je nje\u017ean za male, starije, ozlije\u0111ene ili ku\u0107ne ljubimce kratkih nogu, omogu\u0107uju\u0107i lako penjanje i ne optere\u0107uju\u0107i zglobove.Robusno i potporno: Izra\u0111eno od pjene visoke gusto\u0107e, ma\u010dje stepenice nude sigurno dr\u017eanje i zadr\u017eavaju svoj oblik \u010dak i uz ponovljenu upotrebu, osiguravaju\u0107i dug vijek trajanja.Dvostruko neklizaju\u0107e: Zahvaljuju\u0107i prianjaju\u0107oj vafl vrpci, \u0161ape va\u0161eg ljubimca ne\u0107e kliziti, dok neklizaju\u0107a donja strana s gumenim izbo\u010dinama osigurava \u010dvrsto dr\u017eanje na podu. Va\u0161 ljubimac se mo\u017ee penjati s povjerenjem!Nepropusno i jednostavno za \u010di\u0161\u0107enje: Navlaka s vodootpornim TPU slojem sprje\u010dava prodiranje teku\u0107ina, \u010dime se \u0161titi od manjih nezgoda. Navlaka se mo\u017ee skinuti i prati u perilici rublja radi lak\u0161eg uklanjanja mrlja.Idealno za namje\u0161taj visine do 33 cm: Ove dvostepene stepenice za male pse savr\u0161ene su za stolice i sofe. Njihov jednostavan dizajn i neutralna boja nadopunjuju razli\u010dite stilove interijera.Upute za njegu: Stepenice za pse dolaze s navlakom \u2013 sastavljanje nije potrebno! Nakon raspakiranja, ostavite ih da odstoje 48 sati kako bi vratile svoj prvobitni oblik. Pjena se NE mo\u017ee prati.","breadcrumb":{"@id":"https:\/\/inti.hr\/bs\/proizvod\/stepenice-za-pse-s-protukliznom-oblogom-i-2-stepenice\/#breadcrumb"},"inLanguage":"bs-BA","potentialAction":[{"@type":"ReadAction","target":["https:\/\/inti.hr\/bs\/proizvod\/stepenice-za-pse-s-protukliznom-oblogom-i-2-stepenice\/"]}]},{"@type":"ImageObject","inLanguage":"bs-BA","@id":"https:\/\/inti.hr\/bs\/proizvod\/stepenice-za-pse-s-protukliznom-oblogom-i-2-stepenice\/#primaryimage","url":"https:\/\/i0.wp.com\/inti.hr\/wp-content\/uploads\/2026\/02\/PPS012GD01-1.jpg?fit=1000%2C1000&ssl=1","contentUrl":"https:\/\/i0.wp.com\/inti.hr\/wp-content\/uploads\/2026\/02\/PPS012GD01-1.jpg?fit=1000%2C1000&ssl=1","width":1000,"height":1000},{"@type":"BreadcrumbList","@id":"https:\/\/inti.hr\/bs\/proizvod\/stepenice-za-pse-s-protukliznom-oblogom-i-2-stepenice\/#breadcrumb","itemListElement":[{"@type":"ListItem","position":1,"name":"Po\u010detna stranica","item":"https:\/\/inti.hr\/bs\/"},{"@type":"ListItem","position":2,"name":"Trgovina","item":"https:\/\/inti.hr\/bs\/trgovina\/"},{"@type":"ListItem","position":3,"name":"Stepenice za pse s protukliznom oblogom i 2 stepenice"}]},{"@type":"WebSite","@id":"https:\/\/inti.hr\/bs\/#website","url":"https:\/\/inti.hr\/bs\/","name":"Inti","description":"trgovina","potentialAction":[{"@type":"SearchAction","target":{"@type":"EntryPoint","urlTemplate":"https:\/\/inti.hr\/bs\/?s={search_term_string}"},"query-input":{"@type":"PropertyValueSpecification","valueRequired":true,"valueName":"search_term_string"}}],"inLanguage":"bs-BA"}]}},"jetpack_sharing_enabled":true,"jetpack-related-posts":[],"_links":{"self":[{"href":"https:\/\/inti.hr\/bs\/wp-json\/wp\/v2\/product\/30735"}],"collection":[{"href":"https:\/\/inti.hr\/bs\/wp-json\/wp\/v2\/product"}],"about":[{"href":"https:\/\/inti.hr\/bs\/wp-json\/wp\/v2\/types\/product"}],"wp:featuredmedia":[{"embeddable":true,"href":"https:\/\/inti.hr\/bs\/wp-json\/wp\/v2\/media\/30737"}],"wp:attachment":[{"href":"https:\/\/inti.hr\/bs\/wp-json\/wp\/v2\/media?parent=30735"}],"wp:term":[{"taxonomy":"product_cat","embeddable":true,"href":"https:\/\/inti.hr\/bs\/wp-json\/wp\/v2\/product_cat?post=30735"},{"taxonomy":"product_tag","embeddable":true,"href":"https:\/\/inti.hr\/bs\/wp-json\/wp\/v2\/product_tag?post=30735"}],"curies":[{"name":"wp","href":"https:\/\/api.w.org\/{rel}","templated":true}]}}