{"id":30759,"date":"2026-02-11T08:56:27","date_gmt":"2026-02-11T07:56:27","guid":{"rendered":"https:\/\/inti.hr\/product\/klupa-s-prostorom-za-pohranu-i-poklopcem-na-sarke\/"},"modified":"2026-02-11T08:56:27","modified_gmt":"2026-02-11T07:56:27","slug":"klupa-s-prostorom-za-pohranu-i-poklopcem-na-sarke","status":"publish","type":"product","link":"https:\/\/inti.hr\/bs\/proizvod\/klupa-s-prostorom-za-pohranu-i-poklopcem-na-sarke\/","title":{"rendered":"Klupa s prostorom za pohranu i poklopcem na \u0161arke"},"content":{"rendered":"<p>Detalji o proizvodu:<br \/>\nMaterijal: MDF (vlaknasta plo\u010da srednje gusto\u0107e), bar\u0161un, pjenasta podloga<br \/>\nVeli\u010dina: 38 x 76 x 38 cm (D x \u0160 x V)<br \/>\nTe\u017eina: 5,1 kg<br \/>\nMaksimalna stati\u010dka nosivost: 300 kg<br \/>\nKapacitet: 89 litara<\/p>\n","protected":false},"excerpt":{"rendered":"<p>[Elegantna i stabilna] Ova klupa izra\u0111ena je od elegantnog bar\u0161una i &#8230; <\/p>\n","protected":false},"featured_media":30761,"template":"","meta":[],"product_cat":[2418,2414],"product_tag":[2660,2419],"yoast_head":"<!-- This site is optimized with the Yoast SEO plugin v23.7 - https:\/\/yoast.com\/wordpress\/plugins\/seo\/ -->\n<title>Klupa s prostorom za pohranu i poklopcem na \u0161arke - Inti<\/title>\n<meta name=\"description\" content=\"[Elegantna i stabilna] Ova klupa izra\u0111ena je od elegantnog bar\u0161una i fino je pro\u0161ivena; oja\u010dane MDF plo\u010de i kutovi s metalnim premazom stvaraju stabilnu ukupnu strukturu, daju\u0107i klupi visoku nosivost od 300 kg.[Udobno sjedalo] Ova kutija za pohranu je podstavljena pjenom visoke gusto\u0107e i prekrivena bar\u0161unom kako bi pru\u017eila mekano, potporno i prozra\u010dno sjedalo za vrhunsku udobnost.[Prostran prostor za pohranu] S dimenzijama 38 x 76 x 38 cm, klupa za pohranu nudi kapacitet od 89 l, \u0161to pru\u017ea puno mjesta za knjige, deke itd. Poklopac na \u0161arkama omogu\u0107uje jednostavan pristup predmetima unutra.[Jednostavno sastavljanje i sklapanje] Jedinstveni dizajn sklopivosti ove kutije za pohranu omogu\u0107uje jednostavno i brzo sastavljanje. Za pohranu je mo\u017eete jednostavno sklopiti, \u0161to \u0107e vam u\u0161tedjeti puno prostora u domu.[Vi\u0161enamjenski] Ovaj otoman za pohranu ne slu\u017ei samo kao kutija za pohranu i tabure, ve\u0107 i kao stoli\u0107 za kavu! Mo\u017ee se lako postaviti u bilo koji kut, bilo u dnevnoj sobi, u podno\u017eju kreveta, u hodniku ili ispod prozora.\" \/>\n<meta name=\"robots\" content=\"index, follow, max-snippet:-1, max-image-preview:large, max-video-preview:-1\" \/>\n<link rel=\"canonical\" href=\"https:\/\/inti.hr\/bs\/proizvod\/klupa-s-prostorom-za-pohranu-i-poklopcem-na-sarke\/\" \/>\n<meta property=\"og:locale\" content=\"bs_BA\" \/>\n<meta property=\"og:type\" content=\"article\" \/>\n<meta property=\"og:title\" content=\"Klupa s prostorom za pohranu i poklopcem na \u0161arke - Inti\" \/>\n<meta property=\"og:description\" content=\"[Elegantna i stabilna] Ova klupa izra\u0111ena je od elegantnog bar\u0161una i fino je pro\u0161ivena; oja\u010dane MDF plo\u010de i kutovi s metalnim premazom stvaraju stabilnu ukupnu strukturu, daju\u0107i klupi visoku nosivost od 300 kg.[Udobno sjedalo] Ova kutija za pohranu je podstavljena pjenom visoke gusto\u0107e i prekrivena bar\u0161unom kako bi pru\u017eila mekano, potporno i prozra\u010dno sjedalo za vrhunsku udobnost.[Prostran prostor za pohranu] S dimenzijama 38 x 76 x 38 cm, klupa za pohranu nudi kapacitet od 89 l, \u0161to pru\u017ea puno mjesta za knjige, deke itd. Poklopac na \u0161arkama omogu\u0107uje jednostavan pristup predmetima unutra.[Jednostavno sastavljanje i sklapanje] Jedinstveni dizajn sklopivosti ove kutije za pohranu omogu\u0107uje jednostavno i brzo sastavljanje. Za pohranu je mo\u017eete jednostavno sklopiti, \u0161to \u0107e vam u\u0161tedjeti puno prostora u domu.[Vi\u0161enamjenski] Ovaj otoman za pohranu ne slu\u017ei samo kao kutija za pohranu i tabure, ve\u0107 i kao stoli\u0107 za kavu! Mo\u017ee se lako postaviti u bilo koji kut, bilo u dnevnoj sobi, u podno\u017eju kreveta, u hodniku ili ispod prozora.\" \/>\n<meta property=\"og:url\" content=\"https:\/\/inti.hr\/bs\/proizvod\/klupa-s-prostorom-za-pohranu-i-poklopcem-na-sarke\/\" \/>\n<meta property=\"og:site_name\" content=\"Inti\" \/>\n<meta property=\"og:image\" content=\"https:\/\/i0.wp.com\/inti.hr\/wp-content\/uploads\/2026\/02\/LSF078GN01-1.jpg?fit=1000%2C1000&ssl=1\" \/>\n\t<meta property=\"og:image:width\" content=\"1000\" \/>\n\t<meta property=\"og:image:height\" content=\"1000\" \/>\n\t<meta property=\"og:image:type\" content=\"image\/jpeg\" \/>\n<meta name=\"twitter:card\" content=\"summary_large_image\" \/>\n<script type=\"application\/ld+json\" class=\"yoast-schema-graph\">{\"@context\":\"https:\/\/schema.org\",\"@graph\":[{\"@type\":\"WebPage\",\"@id\":\"https:\/\/inti.hr\/bs\/proizvod\/klupa-s-prostorom-za-pohranu-i-poklopcem-na-sarke\/\",\"url\":\"https:\/\/inti.hr\/bs\/proizvod\/klupa-s-prostorom-za-pohranu-i-poklopcem-na-sarke\/\",\"name\":\"Klupa s prostorom za pohranu i poklopcem na \u0161arke - Inti\",\"isPartOf\":{\"@id\":\"https:\/\/inti.hr\/bs\/#website\"},\"primaryImageOfPage\":{\"@id\":\"https:\/\/inti.hr\/bs\/proizvod\/klupa-s-prostorom-za-pohranu-i-poklopcem-na-sarke\/#primaryimage\"},\"image\":{\"@id\":\"https:\/\/inti.hr\/bs\/proizvod\/klupa-s-prostorom-za-pohranu-i-poklopcem-na-sarke\/#primaryimage\"},\"thumbnailUrl\":\"https:\/\/i0.wp.com\/inti.hr\/wp-content\/uploads\/2026\/02\/LSF078GN01-1.jpg?fit=1000%2C1000&ssl=1\",\"datePublished\":\"2026-02-11T07:56:27+00:00\",\"dateModified\":\"2026-02-11T07:56:27+00:00\",\"description\":\"[Elegantna i stabilna] Ova klupa izra\u0111ena je od elegantnog bar\u0161una i fino je pro\u0161ivena; oja\u010dane MDF plo\u010de i kutovi s metalnim premazom stvaraju stabilnu ukupnu strukturu, daju\u0107i klupi visoku nosivost od 300 kg.[Udobno sjedalo] Ova kutija za pohranu je podstavljena pjenom visoke gusto\u0107e i prekrivena bar\u0161unom kako bi pru\u017eila mekano, potporno i prozra\u010dno sjedalo za vrhunsku udobnost.[Prostran prostor za pohranu] S dimenzijama 38 x 76 x 38 cm, klupa za pohranu nudi kapacitet od 89 l, \u0161to pru\u017ea puno mjesta za knjige, deke itd. Poklopac na \u0161arkama omogu\u0107uje jednostavan pristup predmetima unutra.[Jednostavno sastavljanje i sklapanje] Jedinstveni dizajn sklopivosti ove kutije za pohranu omogu\u0107uje jednostavno i brzo sastavljanje. Za pohranu je mo\u017eete jednostavno sklopiti, \u0161to \u0107e vam u\u0161tedjeti puno prostora u domu.[Vi\u0161enamjenski] Ovaj otoman za pohranu ne slu\u017ei samo kao kutija za pohranu i tabure, ve\u0107 i kao stoli\u0107 za kavu! Mo\u017ee se lako postaviti u bilo koji kut, bilo u dnevnoj sobi, u podno\u017eju kreveta, u hodniku ili ispod prozora.\",\"breadcrumb\":{\"@id\":\"https:\/\/inti.hr\/bs\/proizvod\/klupa-s-prostorom-za-pohranu-i-poklopcem-na-sarke\/#breadcrumb\"},\"inLanguage\":\"bs-BA\",\"potentialAction\":[{\"@type\":\"ReadAction\",\"target\":[\"https:\/\/inti.hr\/bs\/proizvod\/klupa-s-prostorom-za-pohranu-i-poklopcem-na-sarke\/\"]}]},{\"@type\":\"ImageObject\",\"inLanguage\":\"bs-BA\",\"@id\":\"https:\/\/inti.hr\/bs\/proizvod\/klupa-s-prostorom-za-pohranu-i-poklopcem-na-sarke\/#primaryimage\",\"url\":\"https:\/\/i0.wp.com\/inti.hr\/wp-content\/uploads\/2026\/02\/LSF078GN01-1.jpg?fit=1000%2C1000&ssl=1\",\"contentUrl\":\"https:\/\/i0.wp.com\/inti.hr\/wp-content\/uploads\/2026\/02\/LSF078GN01-1.jpg?fit=1000%2C1000&ssl=1\",\"width\":1000,\"height\":1000,\"caption\":\"SONGMICS klupa s prostorom za pohranu i poklopcem na \u0161arke, \u0161kriljevo siva\"},{\"@type\":\"BreadcrumbList\",\"@id\":\"https:\/\/inti.hr\/bs\/proizvod\/klupa-s-prostorom-za-pohranu-i-poklopcem-na-sarke\/#breadcrumb\",\"itemListElement\":[{\"@type\":\"ListItem\",\"position\":1,\"name\":\"Po\u010detna stranica\",\"item\":\"https:\/\/inti.hr\/bs\/\"},{\"@type\":\"ListItem\",\"position\":2,\"name\":\"Trgovina\",\"item\":\"https:\/\/inti.hr\/bs\/trgovina\/\"},{\"@type\":\"ListItem\",\"position\":3,\"name\":\"Klupa s prostorom za pohranu i poklopcem na \u0161arke\"}]},{\"@type\":\"WebSite\",\"@id\":\"https:\/\/inti.hr\/bs\/#website\",\"url\":\"https:\/\/inti.hr\/bs\/\",\"name\":\"Inti\",\"description\":\"trgovina\",\"potentialAction\":[{\"@type\":\"SearchAction\",\"target\":{\"@type\":\"EntryPoint\",\"urlTemplate\":\"https:\/\/inti.hr\/bs\/?s={search_term_string}\"},\"query-input\":{\"@type\":\"PropertyValueSpecification\",\"valueRequired\":true,\"valueName\":\"search_term_string\"}}],\"inLanguage\":\"bs-BA\"}]}<\/script>\n<!-- \/ Yoast SEO plugin. -->","yoast_head_json":{"title":"Klupa s prostorom za pohranu i poklopcem na \u0161arke - Inti","description":"[Elegantna i stabilna] Ova klupa izra\u0111ena je od elegantnog bar\u0161una i fino je pro\u0161ivena; oja\u010dane MDF plo\u010de i kutovi s metalnim premazom stvaraju stabilnu ukupnu strukturu, daju\u0107i klupi visoku nosivost od 300 kg.[Udobno sjedalo] Ova kutija za pohranu je podstavljena pjenom visoke gusto\u0107e i prekrivena bar\u0161unom kako bi pru\u017eila mekano, potporno i prozra\u010dno sjedalo za vrhunsku udobnost.[Prostran prostor za pohranu] S dimenzijama 38 x 76 x 38 cm, klupa za pohranu nudi kapacitet od 89 l, \u0161to pru\u017ea puno mjesta za knjige, deke itd. Poklopac na \u0161arkama omogu\u0107uje jednostavan pristup predmetima unutra.[Jednostavno sastavljanje i sklapanje] Jedinstveni dizajn sklopivosti ove kutije za pohranu omogu\u0107uje jednostavno i brzo sastavljanje. Za pohranu je mo\u017eete jednostavno sklopiti, \u0161to \u0107e vam u\u0161tedjeti puno prostora u domu.[Vi\u0161enamjenski] Ovaj otoman za pohranu ne slu\u017ei samo kao kutija za pohranu i tabure, ve\u0107 i kao stoli\u0107 za kavu! Mo\u017ee se lako postaviti u bilo koji kut, bilo u dnevnoj sobi, u podno\u017eju kreveta, u hodniku ili ispod prozora.","robots":{"index":"index","follow":"follow","max-snippet":"max-snippet:-1","max-image-preview":"max-image-preview:large","max-video-preview":"max-video-preview:-1"},"canonical":"https:\/\/inti.hr\/bs\/proizvod\/klupa-s-prostorom-za-pohranu-i-poklopcem-na-sarke\/","og_locale":"bs_BA","og_type":"article","og_title":"Klupa s prostorom za pohranu i poklopcem na \u0161arke - Inti","og_description":"[Elegantna i stabilna] Ova klupa izra\u0111ena je od elegantnog bar\u0161una i fino je pro\u0161ivena; oja\u010dane MDF plo\u010de i kutovi s metalnim premazom stvaraju stabilnu ukupnu strukturu, daju\u0107i klupi visoku nosivost od 300 kg.[Udobno sjedalo] Ova kutija za pohranu je podstavljena pjenom visoke gusto\u0107e i prekrivena bar\u0161unom kako bi pru\u017eila mekano, potporno i prozra\u010dno sjedalo za vrhunsku udobnost.[Prostran prostor za pohranu] S dimenzijama 38 x 76 x 38 cm, klupa za pohranu nudi kapacitet od 89 l, \u0161to pru\u017ea puno mjesta za knjige, deke itd. Poklopac na \u0161arkama omogu\u0107uje jednostavan pristup predmetima unutra.[Jednostavno sastavljanje i sklapanje] Jedinstveni dizajn sklopivosti ove kutije za pohranu omogu\u0107uje jednostavno i brzo sastavljanje. Za pohranu je mo\u017eete jednostavno sklopiti, \u0161to \u0107e vam u\u0161tedjeti puno prostora u domu.[Vi\u0161enamjenski] Ovaj otoman za pohranu ne slu\u017ei samo kao kutija za pohranu i tabure, ve\u0107 i kao stoli\u0107 za kavu! Mo\u017ee se lako postaviti u bilo koji kut, bilo u dnevnoj sobi, u podno\u017eju kreveta, u hodniku ili ispod prozora.","og_url":"https:\/\/inti.hr\/bs\/proizvod\/klupa-s-prostorom-za-pohranu-i-poklopcem-na-sarke\/","og_site_name":"Inti","og_image":[{"width":1000,"height":1000,"url":"https:\/\/i0.wp.com\/inti.hr\/wp-content\/uploads\/2026\/02\/LSF078GN01-1.jpg?fit=1000%2C1000&ssl=1","type":"image\/jpeg"}],"twitter_card":"summary_large_image","schema":{"@context":"https:\/\/schema.org","@graph":[{"@type":"WebPage","@id":"https:\/\/inti.hr\/bs\/proizvod\/klupa-s-prostorom-za-pohranu-i-poklopcem-na-sarke\/","url":"https:\/\/inti.hr\/bs\/proizvod\/klupa-s-prostorom-za-pohranu-i-poklopcem-na-sarke\/","name":"Klupa s prostorom za pohranu i poklopcem na \u0161arke - Inti","isPartOf":{"@id":"https:\/\/inti.hr\/bs\/#website"},"primaryImageOfPage":{"@id":"https:\/\/inti.hr\/bs\/proizvod\/klupa-s-prostorom-za-pohranu-i-poklopcem-na-sarke\/#primaryimage"},"image":{"@id":"https:\/\/inti.hr\/bs\/proizvod\/klupa-s-prostorom-za-pohranu-i-poklopcem-na-sarke\/#primaryimage"},"thumbnailUrl":"https:\/\/i0.wp.com\/inti.hr\/wp-content\/uploads\/2026\/02\/LSF078GN01-1.jpg?fit=1000%2C1000&ssl=1","datePublished":"2026-02-11T07:56:27+00:00","dateModified":"2026-02-11T07:56:27+00:00","description":"[Elegantna i stabilna] Ova klupa izra\u0111ena je od elegantnog bar\u0161una i fino je pro\u0161ivena; oja\u010dane MDF plo\u010de i kutovi s metalnim premazom stvaraju stabilnu ukupnu strukturu, daju\u0107i klupi visoku nosivost od 300 kg.[Udobno sjedalo] Ova kutija za pohranu je podstavljena pjenom visoke gusto\u0107e i prekrivena bar\u0161unom kako bi pru\u017eila mekano, potporno i prozra\u010dno sjedalo za vrhunsku udobnost.[Prostran prostor za pohranu] S dimenzijama 38 x 76 x 38 cm, klupa za pohranu nudi kapacitet od 89 l, \u0161to pru\u017ea puno mjesta za knjige, deke itd. Poklopac na \u0161arkama omogu\u0107uje jednostavan pristup predmetima unutra.[Jednostavno sastavljanje i sklapanje] Jedinstveni dizajn sklopivosti ove kutije za pohranu omogu\u0107uje jednostavno i brzo sastavljanje. Za pohranu je mo\u017eete jednostavno sklopiti, \u0161to \u0107e vam u\u0161tedjeti puno prostora u domu.[Vi\u0161enamjenski] Ovaj otoman za pohranu ne slu\u017ei samo kao kutija za pohranu i tabure, ve\u0107 i kao stoli\u0107 za kavu! Mo\u017ee se lako postaviti u bilo koji kut, bilo u dnevnoj sobi, u podno\u017eju kreveta, u hodniku ili ispod prozora.","breadcrumb":{"@id":"https:\/\/inti.hr\/bs\/proizvod\/klupa-s-prostorom-za-pohranu-i-poklopcem-na-sarke\/#breadcrumb"},"inLanguage":"bs-BA","potentialAction":[{"@type":"ReadAction","target":["https:\/\/inti.hr\/bs\/proizvod\/klupa-s-prostorom-za-pohranu-i-poklopcem-na-sarke\/"]}]},{"@type":"ImageObject","inLanguage":"bs-BA","@id":"https:\/\/inti.hr\/bs\/proizvod\/klupa-s-prostorom-za-pohranu-i-poklopcem-na-sarke\/#primaryimage","url":"https:\/\/i0.wp.com\/inti.hr\/wp-content\/uploads\/2026\/02\/LSF078GN01-1.jpg?fit=1000%2C1000&ssl=1","contentUrl":"https:\/\/i0.wp.com\/inti.hr\/wp-content\/uploads\/2026\/02\/LSF078GN01-1.jpg?fit=1000%2C1000&ssl=1","width":1000,"height":1000,"caption":"SONGMICS klupa s prostorom za pohranu i poklopcem na \u0161arke, \u0161kriljevo siva"},{"@type":"BreadcrumbList","@id":"https:\/\/inti.hr\/bs\/proizvod\/klupa-s-prostorom-za-pohranu-i-poklopcem-na-sarke\/#breadcrumb","itemListElement":[{"@type":"ListItem","position":1,"name":"Po\u010detna stranica","item":"https:\/\/inti.hr\/bs\/"},{"@type":"ListItem","position":2,"name":"Trgovina","item":"https:\/\/inti.hr\/bs\/trgovina\/"},{"@type":"ListItem","position":3,"name":"Klupa s prostorom za pohranu i poklopcem na \u0161arke"}]},{"@type":"WebSite","@id":"https:\/\/inti.hr\/bs\/#website","url":"https:\/\/inti.hr\/bs\/","name":"Inti","description":"trgovina","potentialAction":[{"@type":"SearchAction","target":{"@type":"EntryPoint","urlTemplate":"https:\/\/inti.hr\/bs\/?s={search_term_string}"},"query-input":{"@type":"PropertyValueSpecification","valueRequired":true,"valueName":"search_term_string"}}],"inLanguage":"bs-BA"}]}},"jetpack_sharing_enabled":true,"jetpack-related-posts":[],"_links":{"self":[{"href":"https:\/\/inti.hr\/bs\/wp-json\/wp\/v2\/product\/30759"}],"collection":[{"href":"https:\/\/inti.hr\/bs\/wp-json\/wp\/v2\/product"}],"about":[{"href":"https:\/\/inti.hr\/bs\/wp-json\/wp\/v2\/types\/product"}],"wp:featuredmedia":[{"embeddable":true,"href":"https:\/\/inti.hr\/bs\/wp-json\/wp\/v2\/media\/30761"}],"wp:attachment":[{"href":"https:\/\/inti.hr\/bs\/wp-json\/wp\/v2\/media?parent=30759"}],"wp:term":[{"taxonomy":"product_cat","embeddable":true,"href":"https:\/\/inti.hr\/bs\/wp-json\/wp\/v2\/product_cat?post=30759"},{"taxonomy":"product_tag","embeddable":true,"href":"https:\/\/inti.hr\/bs\/wp-json\/wp\/v2\/product_tag?post=30759"}],"curies":[{"name":"wp","href":"https:\/\/api.w.org\/{rel}","templated":true}]}}