{"id":30773,"date":"2026-02-11T08:46:22","date_gmt":"2026-02-11T07:46:22","guid":{"rendered":"https:\/\/inti.hr\/product\/kuhinjski-ormaric-s-radnom-plocom-i-svestranim-prostorom-za-odlaganje\/"},"modified":"2026-02-11T08:46:22","modified_gmt":"2026-02-11T07:46:22","slug":"kuhinjski-ormaric-s-radnom-plocom-i-svestranim-prostorom-za-odlaganje","status":"publish","type":"product","link":"https:\/\/inti.hr\/bs\/proizvod\/kuhinjski-ormaric-s-radnom-plocom-i-svestranim-prostorom-za-odlaganje\/","title":{"rendered":"Kuhinjski ormari\u0107 s radnom plo\u010dom i svestranim prostorom za odlaganje"},"content":{"rendered":"<p>Detalji o proizvodu:<br \/>\nBoja: Obla\u010dno bijela<br \/>\nMaterijal: Iverica<br \/>\nVeli\u010dina: 40 x 90 x 90 cm (D x \u0160 x V)<br \/>\nTe\u017eina: 26,6 kg<br \/>\nMaksimalna stati\u010dka nosivost gornje plo\u010de: 75 kg<br \/>\nMaksimalna stati\u010dka ukupna nosivost: 325 kg<\/p>\n","protected":false},"excerpt":{"rendered":"<ul class=\"left\">\n<li><span dir=\"auto\">Moderna elegancija: Ovaj kuhinjski ormari\u0107 iz kolekcije CUSTOS &#8230;<br \/>\n","protected":false},"featured_media":30774,"template":"","meta":[],"product_cat":[2536],"product_tag":[2537,2670],"yoast_head":"<!-- This site is optimized with the Yoast SEO plugin v23.7 - https:\/\/yoast.com\/wordpress\/plugins\/seo\/ -->\n<title>Kuhinjski ormari\u0107 s radnom plo\u010dom i svestranim prostorom za odlaganje - Inti<\/title>\n<meta name=\"description\" content=\"Moderna elegancija: Ovaj kuhinjski ormari\u0107 iz kolekcije CUSTOS impresionira svojim \u010distim linijama i otvorenim odjeljcima za elegantan izgled. U kombinaciji s policama, klupama i drugim namje\u0161tajem iz iste kolekcije stvara posebno skladan osje\u0107aj u va\u0161em domu.Jednostavno sortiranje: Otvoreni pretinac za mikrovalnu pe\u0107nicu dimenzija 53 x 35 x 40 cm, 3 police na desnim vratima i 2 police s podesivom visinom unutra, kao i zatvoreni donji ormari\u0107 za rje\u0111e kori\u0161tene predmete.Integrirani produ\u017eni kabel: Produ\u017eni kabel sa za\u0161titom od preoptere\u0107enja istovremeno napaja vi\u0161e ure\u0111aja; sustav za upravljanje kabelima na stra\u017enjoj strani bo\u010dne plo\u010de osigurava uredno i sigurno upravljanje kabelima.Stabilan i robustan: Ovaj ormari\u0107 za pohranu izra\u0111en je od visokokvalitetne, \u010dvrste i jednostavne iverice te ima za\u0161titu od prevrtanja, \u0161to osigurava pouzdanu upotrebu.Jednostavno sastavljanje: Zahvaljuju\u0107i detaljnim uputama i jasno ozna\u010denim dijelovima, policu za mikrovalnu pe\u0107nicu mo\u017eete jednostavno sastaviti bez potrebe za prethodnim iskustvom u &quot;uradi sam&quot; projektima.\" \/>\n<meta name=\"robots\" content=\"index, follow, max-snippet:-1, max-image-preview:large, max-video-preview:-1\" \/>\n<link rel=\"canonical\" href=\"https:\/\/inti.hr\/bs\/proizvod\/kuhinjski-ormaric-s-radnom-plocom-i-svestranim-prostorom-za-odlaganje\/\" \/>\n<meta property=\"og:locale\" content=\"bs_BA\" \/>\n<meta property=\"og:type\" content=\"article\" \/>\n<meta property=\"og:title\" content=\"Kuhinjski ormari\u0107 s radnom plo\u010dom i svestranim prostorom za odlaganje - Inti\" \/>\n<meta property=\"og:description\" content=\"Moderna elegancija: Ovaj kuhinjski ormari\u0107 iz kolekcije CUSTOS impresionira svojim \u010distim linijama i otvorenim odjeljcima za elegantan izgled. U kombinaciji s policama, klupama i drugim namje\u0161tajem iz iste kolekcije stvara posebno skladan osje\u0107aj u va\u0161em domu.Jednostavno sortiranje: Otvoreni pretinac za mikrovalnu pe\u0107nicu dimenzija 53 x 35 x 40 cm, 3 police na desnim vratima i 2 police s podesivom visinom unutra, kao i zatvoreni donji ormari\u0107 za rje\u0111e kori\u0161tene predmete.Integrirani produ\u017eni kabel: Produ\u017eni kabel sa za\u0161titom od preoptere\u0107enja istovremeno napaja vi\u0161e ure\u0111aja; sustav za upravljanje kabelima na stra\u017enjoj strani bo\u010dne plo\u010de osigurava uredno i sigurno upravljanje kabelima.Stabilan i robustan: Ovaj ormari\u0107 za pohranu izra\u0111en je od visokokvalitetne, \u010dvrste i jednostavne iverice te ima za\u0161titu od prevrtanja, \u0161to osigurava pouzdanu upotrebu.Jednostavno sastavljanje: Zahvaljuju\u0107i detaljnim uputama i jasno ozna\u010denim dijelovima, policu za mikrovalnu pe\u0107nicu mo\u017eete jednostavno sastaviti bez potrebe za prethodnim iskustvom u &quot;uradi sam&quot; projektima.\" \/>\n<meta property=\"og:url\" content=\"https:\/\/inti.hr\/bs\/proizvod\/kuhinjski-ormaric-s-radnom-plocom-i-svestranim-prostorom-za-odlaganje\/\" \/>\n<meta property=\"og:site_name\" content=\"Inti\" \/>\n<meta property=\"og:image\" content=\"https:\/\/i0.wp.com\/inti.hr\/wp-content\/uploads\/2026\/02\/BBK373WB01-1.jpg?fit=1000%2C1000&ssl=1\" \/>\n\t<meta property=\"og:image:width\" content=\"1000\" \/>\n\t<meta property=\"og:image:height\" content=\"1000\" \/>\n\t<meta property=\"og:image:type\" content=\"image\/jpeg\" \/>\n<meta name=\"twitter:card\" content=\"summary_large_image\" \/>\n<script type=\"application\/ld+json\" class=\"yoast-schema-graph\">{\"@context\":\"https:\/\/schema.org\",\"@graph\":[{\"@type\":\"WebPage\",\"@id\":\"https:\/\/inti.hr\/bs\/proizvod\/kuhinjski-ormaric-s-radnom-plocom-i-svestranim-prostorom-za-odlaganje\/\",\"url\":\"https:\/\/inti.hr\/bs\/proizvod\/kuhinjski-ormaric-s-radnom-plocom-i-svestranim-prostorom-za-odlaganje\/\",\"name\":\"Kuhinjski ormari\u0107 s radnom plo\u010dom i svestranim prostorom za odlaganje - Inti\",\"isPartOf\":{\"@id\":\"https:\/\/inti.hr\/bs\/#website\"},\"primaryImageOfPage\":{\"@id\":\"https:\/\/inti.hr\/bs\/proizvod\/kuhinjski-ormaric-s-radnom-plocom-i-svestranim-prostorom-za-odlaganje\/#primaryimage\"},\"image\":{\"@id\":\"https:\/\/inti.hr\/bs\/proizvod\/kuhinjski-ormaric-s-radnom-plocom-i-svestranim-prostorom-za-odlaganje\/#primaryimage\"},\"thumbnailUrl\":\"https:\/\/i0.wp.com\/inti.hr\/wp-content\/uploads\/2026\/02\/BBK373WB01-1.jpg?fit=1000%2C1000&ssl=1\",\"datePublished\":\"2026-02-11T07:46:22+00:00\",\"dateModified\":\"2026-02-11T07:46:22+00:00\",\"description\":\"Moderna elegancija: Ovaj kuhinjski ormari\u0107 iz kolekcije CUSTOS impresionira svojim \u010distim linijama i otvorenim odjeljcima za elegantan izgled. U kombinaciji s policama, klupama i drugim namje\u0161tajem iz iste kolekcije stvara posebno skladan osje\u0107aj u va\u0161em domu.Jednostavno sortiranje: Otvoreni pretinac za mikrovalnu pe\u0107nicu dimenzija 53 x 35 x 40 cm, 3 police na desnim vratima i 2 police s podesivom visinom unutra, kao i zatvoreni donji ormari\u0107 za rje\u0111e kori\u0161tene predmete.Integrirani produ\u017eni kabel: Produ\u017eni kabel sa za\u0161titom od preoptere\u0107enja istovremeno napaja vi\u0161e ure\u0111aja; sustav za upravljanje kabelima na stra\u017enjoj strani bo\u010dne plo\u010de osigurava uredno i sigurno upravljanje kabelima.Stabilan i robustan: Ovaj ormari\u0107 za pohranu izra\u0111en je od visokokvalitetne, \u010dvrste i jednostavne iverice te ima za\u0161titu od prevrtanja, \u0161to osigurava pouzdanu upotrebu.Jednostavno sastavljanje: Zahvaljuju\u0107i detaljnim uputama i jasno ozna\u010denim dijelovima, policu za mikrovalnu pe\u0107nicu mo\u017eete jednostavno sastaviti bez potrebe za prethodnim iskustvom u \\\"uradi sam\\\" projektima.\",\"breadcrumb\":{\"@id\":\"https:\/\/inti.hr\/bs\/proizvod\/kuhinjski-ormaric-s-radnom-plocom-i-svestranim-prostorom-za-odlaganje\/#breadcrumb\"},\"inLanguage\":\"bs-BA\",\"potentialAction\":[{\"@type\":\"ReadAction\",\"target\":[\"https:\/\/inti.hr\/bs\/proizvod\/kuhinjski-ormaric-s-radnom-plocom-i-svestranim-prostorom-za-odlaganje\/\"]}]},{\"@type\":\"ImageObject\",\"inLanguage\":\"bs-BA\",\"@id\":\"https:\/\/inti.hr\/bs\/proizvod\/kuhinjski-ormaric-s-radnom-plocom-i-svestranim-prostorom-za-odlaganje\/#primaryimage\",\"url\":\"https:\/\/i0.wp.com\/inti.hr\/wp-content\/uploads\/2026\/02\/BBK373WB01-1.jpg?fit=1000%2C1000&ssl=1\",\"contentUrl\":\"https:\/\/i0.wp.com\/inti.hr\/wp-content\/uploads\/2026\/02\/BBK373WB01-1.jpg?fit=1000%2C1000&ssl=1\",\"width\":1000,\"height\":1000,\"caption\":\"VASAGLE kuhinjski ormari\u0107 s radnom plo\u010dom i svestranim prostorom za odlaganje\"},{\"@type\":\"BreadcrumbList\",\"@id\":\"https:\/\/inti.hr\/bs\/proizvod\/kuhinjski-ormaric-s-radnom-plocom-i-svestranim-prostorom-za-odlaganje\/#breadcrumb\",\"itemListElement\":[{\"@type\":\"ListItem\",\"position\":1,\"name\":\"Po\u010detna stranica\",\"item\":\"https:\/\/inti.hr\/bs\/\"},{\"@type\":\"ListItem\",\"position\":2,\"name\":\"Trgovina\",\"item\":\"https:\/\/inti.hr\/bs\/trgovina\/\"},{\"@type\":\"ListItem\",\"position\":3,\"name\":\"Kuhinjski ormari\u0107 s radnom plo\u010dom i svestranim prostorom za odlaganje\"}]},{\"@type\":\"WebSite\",\"@id\":\"https:\/\/inti.hr\/bs\/#website\",\"url\":\"https:\/\/inti.hr\/bs\/\",\"name\":\"Inti\",\"description\":\"trgovina\",\"potentialAction\":[{\"@type\":\"SearchAction\",\"target\":{\"@type\":\"EntryPoint\",\"urlTemplate\":\"https:\/\/inti.hr\/bs\/?s={search_term_string}\"},\"query-input\":{\"@type\":\"PropertyValueSpecification\",\"valueRequired\":true,\"valueName\":\"search_term_string\"}}],\"inLanguage\":\"bs-BA\"}]}<\/script>\n<!-- \/ Yoast SEO plugin. -->","yoast_head_json":{"title":"Kuhinjski ormari\u0107 s radnom plo\u010dom i svestranim prostorom za odlaganje - Inti","description":"Moderna elegancija: Ovaj kuhinjski ormari\u0107 iz kolekcije CUSTOS impresionira svojim \u010distim linijama i otvorenim odjeljcima za elegantan izgled. U kombinaciji s policama, klupama i drugim namje\u0161tajem iz iste kolekcije stvara posebno skladan osje\u0107aj u va\u0161em domu.Jednostavno sortiranje: Otvoreni pretinac za mikrovalnu pe\u0107nicu dimenzija 53 x 35 x 40 cm, 3 police na desnim vratima i 2 police s podesivom visinom unutra, kao i zatvoreni donji ormari\u0107 za rje\u0111e kori\u0161tene predmete.Integrirani produ\u017eni kabel: Produ\u017eni kabel sa za\u0161titom od preoptere\u0107enja istovremeno napaja vi\u0161e ure\u0111aja; sustav za upravljanje kabelima na stra\u017enjoj strani bo\u010dne plo\u010de osigurava uredno i sigurno upravljanje kabelima.Stabilan i robustan: Ovaj ormari\u0107 za pohranu izra\u0111en je od visokokvalitetne, \u010dvrste i jednostavne iverice te ima za\u0161titu od prevrtanja, \u0161to osigurava pouzdanu upotrebu.Jednostavno sastavljanje: Zahvaljuju\u0107i detaljnim uputama i jasno ozna\u010denim dijelovima, policu za mikrovalnu pe\u0107nicu mo\u017eete jednostavno sastaviti bez potrebe za prethodnim iskustvom u \"uradi sam\" projektima.","robots":{"index":"index","follow":"follow","max-snippet":"max-snippet:-1","max-image-preview":"max-image-preview:large","max-video-preview":"max-video-preview:-1"},"canonical":"https:\/\/inti.hr\/bs\/proizvod\/kuhinjski-ormaric-s-radnom-plocom-i-svestranim-prostorom-za-odlaganje\/","og_locale":"bs_BA","og_type":"article","og_title":"Kuhinjski ormari\u0107 s radnom plo\u010dom i svestranim prostorom za odlaganje - Inti","og_description":"Moderna elegancija: Ovaj kuhinjski ormari\u0107 iz kolekcije CUSTOS impresionira svojim \u010distim linijama i otvorenim odjeljcima za elegantan izgled. U kombinaciji s policama, klupama i drugim namje\u0161tajem iz iste kolekcije stvara posebno skladan osje\u0107aj u va\u0161em domu.Jednostavno sortiranje: Otvoreni pretinac za mikrovalnu pe\u0107nicu dimenzija 53 x 35 x 40 cm, 3 police na desnim vratima i 2 police s podesivom visinom unutra, kao i zatvoreni donji ormari\u0107 za rje\u0111e kori\u0161tene predmete.Integrirani produ\u017eni kabel: Produ\u017eni kabel sa za\u0161titom od preoptere\u0107enja istovremeno napaja vi\u0161e ure\u0111aja; sustav za upravljanje kabelima na stra\u017enjoj strani bo\u010dne plo\u010de osigurava uredno i sigurno upravljanje kabelima.Stabilan i robustan: Ovaj ormari\u0107 za pohranu izra\u0111en je od visokokvalitetne, \u010dvrste i jednostavne iverice te ima za\u0161titu od prevrtanja, \u0161to osigurava pouzdanu upotrebu.Jednostavno sastavljanje: Zahvaljuju\u0107i detaljnim uputama i jasno ozna\u010denim dijelovima, policu za mikrovalnu pe\u0107nicu mo\u017eete jednostavno sastaviti bez potrebe za prethodnim iskustvom u \"uradi sam\" projektima.","og_url":"https:\/\/inti.hr\/bs\/proizvod\/kuhinjski-ormaric-s-radnom-plocom-i-svestranim-prostorom-za-odlaganje\/","og_site_name":"Inti","og_image":[{"width":1000,"height":1000,"url":"https:\/\/i0.wp.com\/inti.hr\/wp-content\/uploads\/2026\/02\/BBK373WB01-1.jpg?fit=1000%2C1000&ssl=1","type":"image\/jpeg"}],"twitter_card":"summary_large_image","schema":{"@context":"https:\/\/schema.org","@graph":[{"@type":"WebPage","@id":"https:\/\/inti.hr\/bs\/proizvod\/kuhinjski-ormaric-s-radnom-plocom-i-svestranim-prostorom-za-odlaganje\/","url":"https:\/\/inti.hr\/bs\/proizvod\/kuhinjski-ormaric-s-radnom-plocom-i-svestranim-prostorom-za-odlaganje\/","name":"Kuhinjski ormari\u0107 s radnom plo\u010dom i svestranim prostorom za odlaganje - Inti","isPartOf":{"@id":"https:\/\/inti.hr\/bs\/#website"},"primaryImageOfPage":{"@id":"https:\/\/inti.hr\/bs\/proizvod\/kuhinjski-ormaric-s-radnom-plocom-i-svestranim-prostorom-za-odlaganje\/#primaryimage"},"image":{"@id":"https:\/\/inti.hr\/bs\/proizvod\/kuhinjski-ormaric-s-radnom-plocom-i-svestranim-prostorom-za-odlaganje\/#primaryimage"},"thumbnailUrl":"https:\/\/i0.wp.com\/inti.hr\/wp-content\/uploads\/2026\/02\/BBK373WB01-1.jpg?fit=1000%2C1000&ssl=1","datePublished":"2026-02-11T07:46:22+00:00","dateModified":"2026-02-11T07:46:22+00:00","description":"Moderna elegancija: Ovaj kuhinjski ormari\u0107 iz kolekcije CUSTOS impresionira svojim \u010distim linijama i otvorenim odjeljcima za elegantan izgled. U kombinaciji s policama, klupama i drugim namje\u0161tajem iz iste kolekcije stvara posebno skladan osje\u0107aj u va\u0161em domu.Jednostavno sortiranje: Otvoreni pretinac za mikrovalnu pe\u0107nicu dimenzija 53 x 35 x 40 cm, 3 police na desnim vratima i 2 police s podesivom visinom unutra, kao i zatvoreni donji ormari\u0107 za rje\u0111e kori\u0161tene predmete.Integrirani produ\u017eni kabel: Produ\u017eni kabel sa za\u0161titom od preoptere\u0107enja istovremeno napaja vi\u0161e ure\u0111aja; sustav za upravljanje kabelima na stra\u017enjoj strani bo\u010dne plo\u010de osigurava uredno i sigurno upravljanje kabelima.Stabilan i robustan: Ovaj ormari\u0107 za pohranu izra\u0111en je od visokokvalitetne, \u010dvrste i jednostavne iverice te ima za\u0161titu od prevrtanja, \u0161to osigurava pouzdanu upotrebu.Jednostavno sastavljanje: Zahvaljuju\u0107i detaljnim uputama i jasno ozna\u010denim dijelovima, policu za mikrovalnu pe\u0107nicu mo\u017eete jednostavno sastaviti bez potrebe za prethodnim iskustvom u \"uradi sam\" projektima.","breadcrumb":{"@id":"https:\/\/inti.hr\/bs\/proizvod\/kuhinjski-ormaric-s-radnom-plocom-i-svestranim-prostorom-za-odlaganje\/#breadcrumb"},"inLanguage":"bs-BA","potentialAction":[{"@type":"ReadAction","target":["https:\/\/inti.hr\/bs\/proizvod\/kuhinjski-ormaric-s-radnom-plocom-i-svestranim-prostorom-za-odlaganje\/"]}]},{"@type":"ImageObject","inLanguage":"bs-BA","@id":"https:\/\/inti.hr\/bs\/proizvod\/kuhinjski-ormaric-s-radnom-plocom-i-svestranim-prostorom-za-odlaganje\/#primaryimage","url":"https:\/\/i0.wp.com\/inti.hr\/wp-content\/uploads\/2026\/02\/BBK373WB01-1.jpg?fit=1000%2C1000&ssl=1","contentUrl":"https:\/\/i0.wp.com\/inti.hr\/wp-content\/uploads\/2026\/02\/BBK373WB01-1.jpg?fit=1000%2C1000&ssl=1","width":1000,"height":1000,"caption":"VASAGLE kuhinjski ormari\u0107 s radnom plo\u010dom i svestranim prostorom za odlaganje"},{"@type":"BreadcrumbList","@id":"https:\/\/inti.hr\/bs\/proizvod\/kuhinjski-ormaric-s-radnom-plocom-i-svestranim-prostorom-za-odlaganje\/#breadcrumb","itemListElement":[{"@type":"ListItem","position":1,"name":"Po\u010detna stranica","item":"https:\/\/inti.hr\/bs\/"},{"@type":"ListItem","position":2,"name":"Trgovina","item":"https:\/\/inti.hr\/bs\/trgovina\/"},{"@type":"ListItem","position":3,"name":"Kuhinjski ormari\u0107 s radnom plo\u010dom i svestranim prostorom za odlaganje"}]},{"@type":"WebSite","@id":"https:\/\/inti.hr\/bs\/#website","url":"https:\/\/inti.hr\/bs\/","name":"Inti","description":"trgovina","potentialAction":[{"@type":"SearchAction","target":{"@type":"EntryPoint","urlTemplate":"https:\/\/inti.hr\/bs\/?s={search_term_string}"},"query-input":{"@type":"PropertyValueSpecification","valueRequired":true,"valueName":"search_term_string"}}],"inLanguage":"bs-BA"}]}},"jetpack_sharing_enabled":true,"jetpack-related-posts":[],"_links":{"self":[{"href":"https:\/\/inti.hr\/bs\/wp-json\/wp\/v2\/product\/30773"}],"collection":[{"href":"https:\/\/inti.hr\/bs\/wp-json\/wp\/v2\/product"}],"about":[{"href":"https:\/\/inti.hr\/bs\/wp-json\/wp\/v2\/types\/product"}],"wp:featuredmedia":[{"embeddable":true,"href":"https:\/\/inti.hr\/bs\/wp-json\/wp\/v2\/media\/30774"}],"wp:attachment":[{"href":"https:\/\/inti.hr\/bs\/wp-json\/wp\/v2\/media?parent=30773"}],"wp:term":[{"taxonomy":"product_cat","embeddable":true,"href":"https:\/\/inti.hr\/bs\/wp-json\/wp\/v2\/product_cat?post=30773"},{"taxonomy":"product_tag","embeddable":true,"href":"https:\/\/inti.hr\/bs\/wp-json\/wp\/v2\/product_tag?post=30773"}],"curies":[{"name":"wp","href":"https:\/\/api.w.org\/{rel}","templated":true}]}}