{"id":30879,"date":"2026-01-30T08:55:19","date_gmt":"2026-01-30T07:55:19","guid":{"rendered":"https:\/\/inti.hr\/product\/otvoreni-ormar-sa-7-polica-i-2-vjesalice-za-odjecu\/"},"modified":"2026-01-30T08:55:19","modified_gmt":"2026-01-30T07:55:19","slug":"otvoreni-ormar-sa-7-polica-i-2-vjesalice-za-odjecu","status":"publish","type":"product","link":"https:\/\/inti.hr\/bs\/proizvod\/otvoreni-ormar-sa-7-polica-i-2-vjesalice-za-odjecu\/","title":{"rendered":"Otvoreni ormar sa 7 polica i 2 vje\u0161alice za odje\u0107u"},"content":{"rendered":"<p>Detalji o proizvodu:<br \/>\nBoja: Crna<br \/>\nMaterijal: \u010celik<br \/>\nVeli\u010dina: 30 x 124,8 x 157,1 cm (D x \u0160 x V)<br \/>\nTe\u017eina: 6,3 kg<br \/>\nMaksimalna stati\u010dka nosivost duge vje\u0161alice za odje\u0107u: 25 kg<br \/>\nMaksimalna stati\u010dka nosivost kratke vje\u0161alice za odje\u0107u: 10 kg<br \/>\nMaksimalna stati\u010dka nosivost po velikoj polici: 15 kg<br \/>\nMaksimalna stati\u010dka nosivost po maloj polici: 5 kg<br \/>\nMaksimalna stati\u010dka ukupna nosivost: 108 kg<\/p>\n","protected":false},"excerpt":{"rendered":"<p>Veliki kapacitet: 2 visoke vje\u0161alice za dugu odje\u0107u; 7 polica prikladnih &#8230; <\/p>\n","protected":false},"featured_media":30880,"template":"","meta":[],"product_cat":[2414],"product_tag":[2734,2735],"yoast_head":"<!-- This site is optimized with the Yoast SEO plugin v23.7 - https:\/\/yoast.com\/wordpress\/plugins\/seo\/ -->\n<title>Otvoreni ormar sa 7 polica i 2 vje\u0161alice za odje\u0107u - Inti<\/title>\n<meta name=\"description\" content=\"Veliki kapacitet: 2 visoke vje\u0161alice za dugu odje\u0107u; 7 polica prikladnih za slo\u017eenu odje\u0107u, kutije itd.; 4 S-kuke za vje\u0161anje \u0161e\u0161ira ili torbi; velika udaljenost od poda omogu\u0107uje pohranu cipela.Visoka nosivost: Stalak za odje\u0107u, izra\u0111en od robusnih \u010deli\u010dnih cijevi i visokokvalitetnih vijaka, nudi pouzdanu potporu; duga \u0161ipka mo\u017ee podnijeti do 25 kg, kratka do 10 kg, svaka velika polica do 15 kg, a svaka mala do 5 kg.Otvoreni prostor za pohranu: Svojim otvorenim dizajnom, ovaj ormar omogu\u0107uje brz i jednostavan pristup va\u0161im svakodnevnim predmetima. Odmah \u0107ete prona\u0107i ono \u0161to tra\u017eite.Izdr\u017eljiv i elegantan: Ormar ima pra\u0161kasti premaz otporan na hr\u0111u, \u0161to osigurava dug vijek trajanja. Crna boja skladno se uklapa u razne stilove ure\u0111enja interijera.Jednostavno sastavljanje: Zahvaljuju\u0107i jasnim uputama, ozna\u010denim dijelovima i prilo\u017eenom imbus klju\u010du, ovaj stalak za kapute mo\u017ee se sastaviti u tren oka, \u0161tede\u0107i vam vrijeme i trud.\" \/>\n<meta name=\"robots\" content=\"index, follow, max-snippet:-1, max-image-preview:large, max-video-preview:-1\" \/>\n<link rel=\"canonical\" href=\"https:\/\/inti.hr\/bs\/proizvod\/otvoreni-ormar-sa-7-polica-i-2-vjesalice-za-odjecu\/\" \/>\n<meta property=\"og:locale\" content=\"bs_BA\" \/>\n<meta property=\"og:type\" content=\"article\" \/>\n<meta property=\"og:title\" content=\"Otvoreni ormar sa 7 polica i 2 vje\u0161alice za odje\u0107u - Inti\" \/>\n<meta property=\"og:description\" content=\"Veliki kapacitet: 2 visoke vje\u0161alice za dugu odje\u0107u; 7 polica prikladnih za slo\u017eenu odje\u0107u, kutije itd.; 4 S-kuke za vje\u0161anje \u0161e\u0161ira ili torbi; velika udaljenost od poda omogu\u0107uje pohranu cipela.Visoka nosivost: Stalak za odje\u0107u, izra\u0111en od robusnih \u010deli\u010dnih cijevi i visokokvalitetnih vijaka, nudi pouzdanu potporu; duga \u0161ipka mo\u017ee podnijeti do 25 kg, kratka do 10 kg, svaka velika polica do 15 kg, a svaka mala do 5 kg.Otvoreni prostor za pohranu: Svojim otvorenim dizajnom, ovaj ormar omogu\u0107uje brz i jednostavan pristup va\u0161im svakodnevnim predmetima. Odmah \u0107ete prona\u0107i ono \u0161to tra\u017eite.Izdr\u017eljiv i elegantan: Ormar ima pra\u0161kasti premaz otporan na hr\u0111u, \u0161to osigurava dug vijek trajanja. Crna boja skladno se uklapa u razne stilove ure\u0111enja interijera.Jednostavno sastavljanje: Zahvaljuju\u0107i jasnim uputama, ozna\u010denim dijelovima i prilo\u017eenom imbus klju\u010du, ovaj stalak za kapute mo\u017ee se sastaviti u tren oka, \u0161tede\u0107i vam vrijeme i trud.\" \/>\n<meta property=\"og:url\" content=\"https:\/\/inti.hr\/bs\/proizvod\/otvoreni-ormar-sa-7-polica-i-2-vjesalice-za-odjecu\/\" \/>\n<meta property=\"og:site_name\" content=\"Inti\" \/>\n<meta property=\"og:image\" content=\"https:\/\/i0.wp.com\/inti.hr\/wp-content\/uploads\/2026\/01\/LGR010BZ01-1.jpg?fit=1000%2C1000&ssl=1\" \/>\n\t<meta property=\"og:image:width\" content=\"1000\" \/>\n\t<meta property=\"og:image:height\" content=\"1000\" \/>\n\t<meta property=\"og:image:type\" content=\"image\/jpeg\" \/>\n<meta name=\"twitter:card\" content=\"summary_large_image\" \/>\n<script type=\"application\/ld+json\" class=\"yoast-schema-graph\">{\"@context\":\"https:\/\/schema.org\",\"@graph\":[{\"@type\":\"WebPage\",\"@id\":\"https:\/\/inti.hr\/bs\/proizvod\/otvoreni-ormar-sa-7-polica-i-2-vjesalice-za-odjecu\/\",\"url\":\"https:\/\/inti.hr\/bs\/proizvod\/otvoreni-ormar-sa-7-polica-i-2-vjesalice-za-odjecu\/\",\"name\":\"Otvoreni ormar sa 7 polica i 2 vje\u0161alice za odje\u0107u - Inti\",\"isPartOf\":{\"@id\":\"https:\/\/inti.hr\/bs\/#website\"},\"primaryImageOfPage\":{\"@id\":\"https:\/\/inti.hr\/bs\/proizvod\/otvoreni-ormar-sa-7-polica-i-2-vjesalice-za-odjecu\/#primaryimage\"},\"image\":{\"@id\":\"https:\/\/inti.hr\/bs\/proizvod\/otvoreni-ormar-sa-7-polica-i-2-vjesalice-za-odjecu\/#primaryimage\"},\"thumbnailUrl\":\"https:\/\/i0.wp.com\/inti.hr\/wp-content\/uploads\/2026\/01\/LGR010BZ01-1.jpg?fit=1000%2C1000&ssl=1\",\"datePublished\":\"2026-01-30T07:55:19+00:00\",\"dateModified\":\"2026-01-30T07:55:19+00:00\",\"description\":\"Veliki kapacitet: 2 visoke vje\u0161alice za dugu odje\u0107u; 7 polica prikladnih za slo\u017eenu odje\u0107u, kutije itd.; 4 S-kuke za vje\u0161anje \u0161e\u0161ira ili torbi; velika udaljenost od poda omogu\u0107uje pohranu cipela.Visoka nosivost: Stalak za odje\u0107u, izra\u0111en od robusnih \u010deli\u010dnih cijevi i visokokvalitetnih vijaka, nudi pouzdanu potporu; duga \u0161ipka mo\u017ee podnijeti do 25 kg, kratka do 10 kg, svaka velika polica do 15 kg, a svaka mala do 5 kg.Otvoreni prostor za pohranu: Svojim otvorenim dizajnom, ovaj ormar omogu\u0107uje brz i jednostavan pristup va\u0161im svakodnevnim predmetima. Odmah \u0107ete prona\u0107i ono \u0161to tra\u017eite.Izdr\u017eljiv i elegantan: Ormar ima pra\u0161kasti premaz otporan na hr\u0111u, \u0161to osigurava dug vijek trajanja. Crna boja skladno se uklapa u razne stilove ure\u0111enja interijera.Jednostavno sastavljanje: Zahvaljuju\u0107i jasnim uputama, ozna\u010denim dijelovima i prilo\u017eenom imbus klju\u010du, ovaj stalak za kapute mo\u017ee se sastaviti u tren oka, \u0161tede\u0107i vam vrijeme i trud.\",\"breadcrumb\":{\"@id\":\"https:\/\/inti.hr\/bs\/proizvod\/otvoreni-ormar-sa-7-polica-i-2-vjesalice-za-odjecu\/#breadcrumb\"},\"inLanguage\":\"bs-BA\",\"potentialAction\":[{\"@type\":\"ReadAction\",\"target\":[\"https:\/\/inti.hr\/bs\/proizvod\/otvoreni-ormar-sa-7-polica-i-2-vjesalice-za-odjecu\/\"]}]},{\"@type\":\"ImageObject\",\"inLanguage\":\"bs-BA\",\"@id\":\"https:\/\/inti.hr\/bs\/proizvod\/otvoreni-ormar-sa-7-polica-i-2-vjesalice-za-odjecu\/#primaryimage\",\"url\":\"https:\/\/i0.wp.com\/inti.hr\/wp-content\/uploads\/2026\/01\/LGR010BZ01-1.jpg?fit=1000%2C1000&ssl=1\",\"contentUrl\":\"https:\/\/i0.wp.com\/inti.hr\/wp-content\/uploads\/2026\/01\/LGR010BZ01-1.jpg?fit=1000%2C1000&ssl=1\",\"width\":1000,\"height\":1000,\"caption\":\"SONGMICS Otvoreni ormar sa 7 polica i 2 vje\u0161alice za odje\u0107u\"},{\"@type\":\"BreadcrumbList\",\"@id\":\"https:\/\/inti.hr\/bs\/proizvod\/otvoreni-ormar-sa-7-polica-i-2-vjesalice-za-odjecu\/#breadcrumb\",\"itemListElement\":[{\"@type\":\"ListItem\",\"position\":1,\"name\":\"Po\u010detna stranica\",\"item\":\"https:\/\/inti.hr\/bs\/\"},{\"@type\":\"ListItem\",\"position\":2,\"name\":\"Trgovina\",\"item\":\"https:\/\/inti.hr\/bs\/trgovina\/\"},{\"@type\":\"ListItem\",\"position\":3,\"name\":\"Otvoreni ormar sa 7 polica i 2 vje\u0161alice za odje\u0107u\"}]},{\"@type\":\"WebSite\",\"@id\":\"https:\/\/inti.hr\/bs\/#website\",\"url\":\"https:\/\/inti.hr\/bs\/\",\"name\":\"Inti\",\"description\":\"trgovina\",\"potentialAction\":[{\"@type\":\"SearchAction\",\"target\":{\"@type\":\"EntryPoint\",\"urlTemplate\":\"https:\/\/inti.hr\/bs\/?s={search_term_string}\"},\"query-input\":{\"@type\":\"PropertyValueSpecification\",\"valueRequired\":true,\"valueName\":\"search_term_string\"}}],\"inLanguage\":\"bs-BA\"}]}<\/script>\n<!-- \/ Yoast SEO plugin. -->","yoast_head_json":{"title":"Otvoreni ormar sa 7 polica i 2 vje\u0161alice za odje\u0107u - Inti","description":"Veliki kapacitet: 2 visoke vje\u0161alice za dugu odje\u0107u; 7 polica prikladnih za slo\u017eenu odje\u0107u, kutije itd.; 4 S-kuke za vje\u0161anje \u0161e\u0161ira ili torbi; velika udaljenost od poda omogu\u0107uje pohranu cipela.Visoka nosivost: Stalak za odje\u0107u, izra\u0111en od robusnih \u010deli\u010dnih cijevi i visokokvalitetnih vijaka, nudi pouzdanu potporu; duga \u0161ipka mo\u017ee podnijeti do 25 kg, kratka do 10 kg, svaka velika polica do 15 kg, a svaka mala do 5 kg.Otvoreni prostor za pohranu: Svojim otvorenim dizajnom, ovaj ormar omogu\u0107uje brz i jednostavan pristup va\u0161im svakodnevnim predmetima. Odmah \u0107ete prona\u0107i ono \u0161to tra\u017eite.Izdr\u017eljiv i elegantan: Ormar ima pra\u0161kasti premaz otporan na hr\u0111u, \u0161to osigurava dug vijek trajanja. Crna boja skladno se uklapa u razne stilove ure\u0111enja interijera.Jednostavno sastavljanje: Zahvaljuju\u0107i jasnim uputama, ozna\u010denim dijelovima i prilo\u017eenom imbus klju\u010du, ovaj stalak za kapute mo\u017ee se sastaviti u tren oka, \u0161tede\u0107i vam vrijeme i trud.","robots":{"index":"index","follow":"follow","max-snippet":"max-snippet:-1","max-image-preview":"max-image-preview:large","max-video-preview":"max-video-preview:-1"},"canonical":"https:\/\/inti.hr\/bs\/proizvod\/otvoreni-ormar-sa-7-polica-i-2-vjesalice-za-odjecu\/","og_locale":"bs_BA","og_type":"article","og_title":"Otvoreni ormar sa 7 polica i 2 vje\u0161alice za odje\u0107u - Inti","og_description":"Veliki kapacitet: 2 visoke vje\u0161alice za dugu odje\u0107u; 7 polica prikladnih za slo\u017eenu odje\u0107u, kutije itd.; 4 S-kuke za vje\u0161anje \u0161e\u0161ira ili torbi; velika udaljenost od poda omogu\u0107uje pohranu cipela.Visoka nosivost: Stalak za odje\u0107u, izra\u0111en od robusnih \u010deli\u010dnih cijevi i visokokvalitetnih vijaka, nudi pouzdanu potporu; duga \u0161ipka mo\u017ee podnijeti do 25 kg, kratka do 10 kg, svaka velika polica do 15 kg, a svaka mala do 5 kg.Otvoreni prostor za pohranu: Svojim otvorenim dizajnom, ovaj ormar omogu\u0107uje brz i jednostavan pristup va\u0161im svakodnevnim predmetima. Odmah \u0107ete prona\u0107i ono \u0161to tra\u017eite.Izdr\u017eljiv i elegantan: Ormar ima pra\u0161kasti premaz otporan na hr\u0111u, \u0161to osigurava dug vijek trajanja. Crna boja skladno se uklapa u razne stilove ure\u0111enja interijera.Jednostavno sastavljanje: Zahvaljuju\u0107i jasnim uputama, ozna\u010denim dijelovima i prilo\u017eenom imbus klju\u010du, ovaj stalak za kapute mo\u017ee se sastaviti u tren oka, \u0161tede\u0107i vam vrijeme i trud.","og_url":"https:\/\/inti.hr\/bs\/proizvod\/otvoreni-ormar-sa-7-polica-i-2-vjesalice-za-odjecu\/","og_site_name":"Inti","og_image":[{"width":1000,"height":1000,"url":"https:\/\/i0.wp.com\/inti.hr\/wp-content\/uploads\/2026\/01\/LGR010BZ01-1.jpg?fit=1000%2C1000&ssl=1","type":"image\/jpeg"}],"twitter_card":"summary_large_image","schema":{"@context":"https:\/\/schema.org","@graph":[{"@type":"WebPage","@id":"https:\/\/inti.hr\/bs\/proizvod\/otvoreni-ormar-sa-7-polica-i-2-vjesalice-za-odjecu\/","url":"https:\/\/inti.hr\/bs\/proizvod\/otvoreni-ormar-sa-7-polica-i-2-vjesalice-za-odjecu\/","name":"Otvoreni ormar sa 7 polica i 2 vje\u0161alice za odje\u0107u - Inti","isPartOf":{"@id":"https:\/\/inti.hr\/bs\/#website"},"primaryImageOfPage":{"@id":"https:\/\/inti.hr\/bs\/proizvod\/otvoreni-ormar-sa-7-polica-i-2-vjesalice-za-odjecu\/#primaryimage"},"image":{"@id":"https:\/\/inti.hr\/bs\/proizvod\/otvoreni-ormar-sa-7-polica-i-2-vjesalice-za-odjecu\/#primaryimage"},"thumbnailUrl":"https:\/\/i0.wp.com\/inti.hr\/wp-content\/uploads\/2026\/01\/LGR010BZ01-1.jpg?fit=1000%2C1000&ssl=1","datePublished":"2026-01-30T07:55:19+00:00","dateModified":"2026-01-30T07:55:19+00:00","description":"Veliki kapacitet: 2 visoke vje\u0161alice za dugu odje\u0107u; 7 polica prikladnih za slo\u017eenu odje\u0107u, kutije itd.; 4 S-kuke za vje\u0161anje \u0161e\u0161ira ili torbi; velika udaljenost od poda omogu\u0107uje pohranu cipela.Visoka nosivost: Stalak za odje\u0107u, izra\u0111en od robusnih \u010deli\u010dnih cijevi i visokokvalitetnih vijaka, nudi pouzdanu potporu; duga \u0161ipka mo\u017ee podnijeti do 25 kg, kratka do 10 kg, svaka velika polica do 15 kg, a svaka mala do 5 kg.Otvoreni prostor za pohranu: Svojim otvorenim dizajnom, ovaj ormar omogu\u0107uje brz i jednostavan pristup va\u0161im svakodnevnim predmetima. Odmah \u0107ete prona\u0107i ono \u0161to tra\u017eite.Izdr\u017eljiv i elegantan: Ormar ima pra\u0161kasti premaz otporan na hr\u0111u, \u0161to osigurava dug vijek trajanja. Crna boja skladno se uklapa u razne stilove ure\u0111enja interijera.Jednostavno sastavljanje: Zahvaljuju\u0107i jasnim uputama, ozna\u010denim dijelovima i prilo\u017eenom imbus klju\u010du, ovaj stalak za kapute mo\u017ee se sastaviti u tren oka, \u0161tede\u0107i vam vrijeme i trud.","breadcrumb":{"@id":"https:\/\/inti.hr\/bs\/proizvod\/otvoreni-ormar-sa-7-polica-i-2-vjesalice-za-odjecu\/#breadcrumb"},"inLanguage":"bs-BA","potentialAction":[{"@type":"ReadAction","target":["https:\/\/inti.hr\/bs\/proizvod\/otvoreni-ormar-sa-7-polica-i-2-vjesalice-za-odjecu\/"]}]},{"@type":"ImageObject","inLanguage":"bs-BA","@id":"https:\/\/inti.hr\/bs\/proizvod\/otvoreni-ormar-sa-7-polica-i-2-vjesalice-za-odjecu\/#primaryimage","url":"https:\/\/i0.wp.com\/inti.hr\/wp-content\/uploads\/2026\/01\/LGR010BZ01-1.jpg?fit=1000%2C1000&ssl=1","contentUrl":"https:\/\/i0.wp.com\/inti.hr\/wp-content\/uploads\/2026\/01\/LGR010BZ01-1.jpg?fit=1000%2C1000&ssl=1","width":1000,"height":1000,"caption":"SONGMICS Otvoreni ormar sa 7 polica i 2 vje\u0161alice za odje\u0107u"},{"@type":"BreadcrumbList","@id":"https:\/\/inti.hr\/bs\/proizvod\/otvoreni-ormar-sa-7-polica-i-2-vjesalice-za-odjecu\/#breadcrumb","itemListElement":[{"@type":"ListItem","position":1,"name":"Po\u010detna stranica","item":"https:\/\/inti.hr\/bs\/"},{"@type":"ListItem","position":2,"name":"Trgovina","item":"https:\/\/inti.hr\/bs\/trgovina\/"},{"@type":"ListItem","position":3,"name":"Otvoreni ormar sa 7 polica i 2 vje\u0161alice za odje\u0107u"}]},{"@type":"WebSite","@id":"https:\/\/inti.hr\/bs\/#website","url":"https:\/\/inti.hr\/bs\/","name":"Inti","description":"trgovina","potentialAction":[{"@type":"SearchAction","target":{"@type":"EntryPoint","urlTemplate":"https:\/\/inti.hr\/bs\/?s={search_term_string}"},"query-input":{"@type":"PropertyValueSpecification","valueRequired":true,"valueName":"search_term_string"}}],"inLanguage":"bs-BA"}]}},"jetpack_sharing_enabled":true,"jetpack-related-posts":[],"_links":{"self":[{"href":"https:\/\/inti.hr\/bs\/wp-json\/wp\/v2\/product\/30879"}],"collection":[{"href":"https:\/\/inti.hr\/bs\/wp-json\/wp\/v2\/product"}],"about":[{"href":"https:\/\/inti.hr\/bs\/wp-json\/wp\/v2\/types\/product"}],"wp:featuredmedia":[{"embeddable":true,"href":"https:\/\/inti.hr\/bs\/wp-json\/wp\/v2\/media\/30880"}],"wp:attachment":[{"href":"https:\/\/inti.hr\/bs\/wp-json\/wp\/v2\/media?parent=30879"}],"wp:term":[{"taxonomy":"product_cat","embeddable":true,"href":"https:\/\/inti.hr\/bs\/wp-json\/wp\/v2\/product_cat?post=30879"},{"taxonomy":"product_tag","embeddable":true,"href":"https:\/\/inti.hr\/bs\/wp-json\/wp\/v2\/product_tag?post=30879"}],"curies":[{"name":"wp","href":"https:\/\/api.w.org\/{rel}","templated":true}]}}