{"id":30907,"date":"2026-01-28T15:09:25","date_gmt":"2026-01-28T14:09:25","guid":{"rendered":"https:\/\/inti.hr\/product\/uski-stalak-za-cipele-koji-stedi-prostor\/"},"modified":"2026-01-28T15:09:25","modified_gmt":"2026-01-28T14:09:25","slug":"uski-stalak-za-cipele-koji-stedi-prostor","status":"publish","type":"product","link":"https:\/\/inti.hr\/bs\/proizvod\/uski-stalak-za-cipele-koji-stedi-prostor\/","title":{"rendered":"Uski stalak za cipele koji \u0161tedi prostor"},"content":{"rendered":"<p>Detalji proizvoda:<\/p>\n<p><main id=\"PageContainer\" class=\"main-content product\" role=\"main\"><\/p>\n<div id=\"shopify-section-template--23585319780618__tabs\" class=\"shopify-section\">\n<div class=\"content-indent none\">\n<div id=\"ProductSection-template--23585319780618__tabs\" class=\"page-width\" data-section-id=\"template--23585319780618__tabs\" data-section-type=\"productTabs\">\n<div id=\"productTabs\">\n<div class=\"tab-container mb30 noTabs\">\n<div id=\"ptabDesc\" class=\"tab-content\">\n<div class=\"tb_pr_desc rte\">\n<p><span class=\"a-list-item\"><span dir=\"auto\">\u00a0Izra\u0111en od ekolo\u0161ki prihvatljivog MDF-a E1 klase i karboniziranog bambusa, \u010dvrst je i zdrav. Podignuta baza olak\u0161ava \u010di\u0161\u0107enje i smanjuje nakupljanje pra\u0161ine. Mehanizam protiv prevrtanja omogu\u0107uje sigurnu monta\u017eu na zid, osiguravaju\u0107i stabilnost ovog stalka za cipele i sigurnost njegovih korisnika.<\/span><\/span><\/p>\n<\/div>\n<\/div>\n<\/div>\n<\/div>\n<\/div>\n<\/div>\n<\/div>\n<p><\/main><\/p>\n","protected":false},"excerpt":{"rendered":"<p><span class=\"a-list-item\"><span dir=\"auto\">Dubok samo 19 cm, savr\u0161eno se uklapa u male &#8230; <\/p>\n","protected":false},"featured_media":30908,"template":"","meta":[],"product_cat":[2632],"product_tag":[2633,2638],"yoast_head":"<!-- This site is optimized with the Yoast SEO plugin v23.7 - https:\/\/yoast.com\/wordpress\/plugins\/seo\/ -->\n<title>Uski stalak za cipele koji \u0161tedi prostor - Inti<\/title>\n<meta name=\"description\" content=\"Dubok samo 19 cm, savr\u0161eno se uklapa u male prostore poput ulaza i hodnika. Lako organizirajte visoke pete, tenisice, torbice i druge svakodnevne predmete, maksimalno iskori\u0161tavaju\u0107i svaki centimetar prostora kako biste odr\u017eali organizaciju svog doma. Ovaj tanki stalak za cipele koji \u0161tedi prostor idealno je rje\u0161enje.[Vi\u0161estruka organizacijska funkcionalnost]: Dio s vratima koji se spu\u0161taju \u0161titi svakodnevne cipele od pra\u0161ine, dok otvorene police fleksibilno smje\u0161taju visoke pete, \u010dizme, kao i torbice, kape i \u0161alove. Ovaj stalak za cipele za ulaz dizajniran je kako bi se prilagodio \u017eenskim organizacijskim navikama, a slu\u017ei i kao prakti\u010dan stalak za cipele za modne dodatke.[Zonski dizajn]: Desna vrata \u0161tite va\u0161e omiljene cipele, dok otvoreni prostor s lijeve strane omogu\u0107uje prakti\u010dan pristup \u010desto kori\u0161tenim cipelama i dodacima. Ovaj stalak za cipele za ulaz uravnote\u017euje za\u0161titu i prakti\u010dnost, zadovoljavaju\u0107i potrebe \u017eena koje se svakodnevno trebaju brzo odjenuti.[Nje\u017ena i \u017eenstvena kombinacija boja]: Svje\u017ea bijela boja uparena s prirodnom nijansom bambusa stvara svijetlu i ugodnu atmosferu. Ovaj bijeli stalak za cipele opu\u0161tenog stila dodaje da\u0161ak prirodne gracioznosti, postaju\u0107i prakti\u010dan i elegantan dodatak va\u0161em domu.\" \/>\n<meta name=\"robots\" content=\"index, follow, max-snippet:-1, max-image-preview:large, max-video-preview:-1\" \/>\n<link rel=\"canonical\" href=\"https:\/\/inti.hr\/bs\/proizvod\/uski-stalak-za-cipele-koji-stedi-prostor\/\" \/>\n<meta property=\"og:locale\" content=\"bs_BA\" \/>\n<meta property=\"og:type\" content=\"article\" \/>\n<meta property=\"og:title\" content=\"Uski stalak za cipele koji \u0161tedi prostor - Inti\" \/>\n<meta property=\"og:description\" content=\"Dubok samo 19 cm, savr\u0161eno se uklapa u male prostore poput ulaza i hodnika. Lako organizirajte visoke pete, tenisice, torbice i druge svakodnevne predmete, maksimalno iskori\u0161tavaju\u0107i svaki centimetar prostora kako biste odr\u017eali organizaciju svog doma. Ovaj tanki stalak za cipele koji \u0161tedi prostor idealno je rje\u0161enje.[Vi\u0161estruka organizacijska funkcionalnost]: Dio s vratima koji se spu\u0161taju \u0161titi svakodnevne cipele od pra\u0161ine, dok otvorene police fleksibilno smje\u0161taju visoke pete, \u010dizme, kao i torbice, kape i \u0161alove. Ovaj stalak za cipele za ulaz dizajniran je kako bi se prilagodio \u017eenskim organizacijskim navikama, a slu\u017ei i kao prakti\u010dan stalak za cipele za modne dodatke.[Zonski dizajn]: Desna vrata \u0161tite va\u0161e omiljene cipele, dok otvoreni prostor s lijeve strane omogu\u0107uje prakti\u010dan pristup \u010desto kori\u0161tenim cipelama i dodacima. Ovaj stalak za cipele za ulaz uravnote\u017euje za\u0161titu i prakti\u010dnost, zadovoljavaju\u0107i potrebe \u017eena koje se svakodnevno trebaju brzo odjenuti.[Nje\u017ena i \u017eenstvena kombinacija boja]: Svje\u017ea bijela boja uparena s prirodnom nijansom bambusa stvara svijetlu i ugodnu atmosferu. Ovaj bijeli stalak za cipele opu\u0161tenog stila dodaje da\u0161ak prirodne gracioznosti, postaju\u0107i prakti\u010dan i elegantan dodatak va\u0161em domu.\" \/>\n<meta property=\"og:url\" content=\"https:\/\/inti.hr\/bs\/proizvod\/uski-stalak-za-cipele-koji-stedi-prostor\/\" \/>\n<meta property=\"og:site_name\" content=\"Inti\" \/>\n<meta property=\"og:image\" content=\"https:\/\/i0.wp.com\/inti.hr\/wp-content\/uploads\/2026\/01\/FSR209-W-S002_1800x1800.webp?fit=1600%2C1600&ssl=1\" \/>\n\t<meta property=\"og:image:width\" content=\"1600\" \/>\n\t<meta property=\"og:image:height\" content=\"1600\" \/>\n\t<meta property=\"og:image:type\" content=\"image\/webp\" \/>\n<meta name=\"twitter:card\" content=\"summary_large_image\" \/>\n<script type=\"application\/ld+json\" class=\"yoast-schema-graph\">{\"@context\":\"https:\/\/schema.org\",\"@graph\":[{\"@type\":\"WebPage\",\"@id\":\"https:\/\/inti.hr\/bs\/proizvod\/uski-stalak-za-cipele-koji-stedi-prostor\/\",\"url\":\"https:\/\/inti.hr\/bs\/proizvod\/uski-stalak-za-cipele-koji-stedi-prostor\/\",\"name\":\"Uski stalak za cipele koji \u0161tedi prostor - Inti\",\"isPartOf\":{\"@id\":\"https:\/\/inti.hr\/bs\/#website\"},\"primaryImageOfPage\":{\"@id\":\"https:\/\/inti.hr\/bs\/proizvod\/uski-stalak-za-cipele-koji-stedi-prostor\/#primaryimage\"},\"image\":{\"@id\":\"https:\/\/inti.hr\/bs\/proizvod\/uski-stalak-za-cipele-koji-stedi-prostor\/#primaryimage\"},\"thumbnailUrl\":\"https:\/\/i0.wp.com\/inti.hr\/wp-content\/uploads\/2026\/01\/FSR209-W-S002_1800x1800.webp?fit=1600%2C1600&ssl=1\",\"datePublished\":\"2026-01-28T14:09:25+00:00\",\"dateModified\":\"2026-01-28T14:09:25+00:00\",\"description\":\"Dubok samo 19 cm, savr\u0161eno se uklapa u male prostore poput ulaza i hodnika. Lako organizirajte visoke pete, tenisice, torbice i druge svakodnevne predmete, maksimalno iskori\u0161tavaju\u0107i svaki centimetar prostora kako biste odr\u017eali organizaciju svog doma. Ovaj tanki stalak za cipele koji \u0161tedi prostor idealno je rje\u0161enje.[Vi\u0161estruka organizacijska funkcionalnost]: Dio s vratima koji se spu\u0161taju \u0161titi svakodnevne cipele od pra\u0161ine, dok otvorene police fleksibilno smje\u0161taju visoke pete, \u010dizme, kao i torbice, kape i \u0161alove. Ovaj stalak za cipele za ulaz dizajniran je kako bi se prilagodio \u017eenskim organizacijskim navikama, a slu\u017ei i kao prakti\u010dan stalak za cipele za modne dodatke.[Zonski dizajn]: Desna vrata \u0161tite va\u0161e omiljene cipele, dok otvoreni prostor s lijeve strane omogu\u0107uje prakti\u010dan pristup \u010desto kori\u0161tenim cipelama i dodacima. Ovaj stalak za cipele za ulaz uravnote\u017euje za\u0161titu i prakti\u010dnost, zadovoljavaju\u0107i potrebe \u017eena koje se svakodnevno trebaju brzo odjenuti.[Nje\u017ena i \u017eenstvena kombinacija boja]: Svje\u017ea bijela boja uparena s prirodnom nijansom bambusa stvara svijetlu i ugodnu atmosferu. Ovaj bijeli stalak za cipele opu\u0161tenog stila dodaje da\u0161ak prirodne gracioznosti, postaju\u0107i prakti\u010dan i elegantan dodatak va\u0161em domu.\",\"breadcrumb\":{\"@id\":\"https:\/\/inti.hr\/bs\/proizvod\/uski-stalak-za-cipele-koji-stedi-prostor\/#breadcrumb\"},\"inLanguage\":\"bs-BA\",\"potentialAction\":[{\"@type\":\"ReadAction\",\"target\":[\"https:\/\/inti.hr\/bs\/proizvod\/uski-stalak-za-cipele-koji-stedi-prostor\/\"]}]},{\"@type\":\"ImageObject\",\"inLanguage\":\"bs-BA\",\"@id\":\"https:\/\/inti.hr\/bs\/proizvod\/uski-stalak-za-cipele-koji-stedi-prostor\/#primaryimage\",\"url\":\"https:\/\/i0.wp.com\/inti.hr\/wp-content\/uploads\/2026\/01\/FSR209-W-S002_1800x1800.webp?fit=1600%2C1600&ssl=1\",\"contentUrl\":\"https:\/\/i0.wp.com\/inti.hr\/wp-content\/uploads\/2026\/01\/FSR209-W-S002_1800x1800.webp?fit=1600%2C1600&ssl=1\",\"width\":1600,\"height\":1600,\"caption\":\"SoBuy FSR209-WN, Uski stalak za cipele koji \u0161tedi prostor, Namje\u0161taj za ulaz, ljulja\u010dka s 3 vrata, bijela i bambus, za \u017eene, U\u0161teda prostora za ulaze i hodnike, 90x19x129,5 cm\"},{\"@type\":\"BreadcrumbList\",\"@id\":\"https:\/\/inti.hr\/bs\/proizvod\/uski-stalak-za-cipele-koji-stedi-prostor\/#breadcrumb\",\"itemListElement\":[{\"@type\":\"ListItem\",\"position\":1,\"name\":\"Po\u010detna stranica\",\"item\":\"https:\/\/inti.hr\/bs\/\"},{\"@type\":\"ListItem\",\"position\":2,\"name\":\"Trgovina\",\"item\":\"https:\/\/inti.hr\/bs\/trgovina\/\"},{\"@type\":\"ListItem\",\"position\":3,\"name\":\"Uski stalak za cipele koji \u0161tedi prostor\"}]},{\"@type\":\"WebSite\",\"@id\":\"https:\/\/inti.hr\/bs\/#website\",\"url\":\"https:\/\/inti.hr\/bs\/\",\"name\":\"Inti\",\"description\":\"trgovina\",\"potentialAction\":[{\"@type\":\"SearchAction\",\"target\":{\"@type\":\"EntryPoint\",\"urlTemplate\":\"https:\/\/inti.hr\/bs\/?s={search_term_string}\"},\"query-input\":{\"@type\":\"PropertyValueSpecification\",\"valueRequired\":true,\"valueName\":\"search_term_string\"}}],\"inLanguage\":\"bs-BA\"}]}<\/script>\n<!-- \/ Yoast SEO plugin. -->","yoast_head_json":{"title":"Uski stalak za cipele koji \u0161tedi prostor - Inti","description":"Dubok samo 19 cm, savr\u0161eno se uklapa u male prostore poput ulaza i hodnika. Lako organizirajte visoke pete, tenisice, torbice i druge svakodnevne predmete, maksimalno iskori\u0161tavaju\u0107i svaki centimetar prostora kako biste odr\u017eali organizaciju svog doma. Ovaj tanki stalak za cipele koji \u0161tedi prostor idealno je rje\u0161enje.[Vi\u0161estruka organizacijska funkcionalnost]: Dio s vratima koji se spu\u0161taju \u0161titi svakodnevne cipele od pra\u0161ine, dok otvorene police fleksibilno smje\u0161taju visoke pete, \u010dizme, kao i torbice, kape i \u0161alove. Ovaj stalak za cipele za ulaz dizajniran je kako bi se prilagodio \u017eenskim organizacijskim navikama, a slu\u017ei i kao prakti\u010dan stalak za cipele za modne dodatke.[Zonski dizajn]: Desna vrata \u0161tite va\u0161e omiljene cipele, dok otvoreni prostor s lijeve strane omogu\u0107uje prakti\u010dan pristup \u010desto kori\u0161tenim cipelama i dodacima. Ovaj stalak za cipele za ulaz uravnote\u017euje za\u0161titu i prakti\u010dnost, zadovoljavaju\u0107i potrebe \u017eena koje se svakodnevno trebaju brzo odjenuti.[Nje\u017ena i \u017eenstvena kombinacija boja]: Svje\u017ea bijela boja uparena s prirodnom nijansom bambusa stvara svijetlu i ugodnu atmosferu. Ovaj bijeli stalak za cipele opu\u0161tenog stila dodaje da\u0161ak prirodne gracioznosti, postaju\u0107i prakti\u010dan i elegantan dodatak va\u0161em domu.","robots":{"index":"index","follow":"follow","max-snippet":"max-snippet:-1","max-image-preview":"max-image-preview:large","max-video-preview":"max-video-preview:-1"},"canonical":"https:\/\/inti.hr\/bs\/proizvod\/uski-stalak-za-cipele-koji-stedi-prostor\/","og_locale":"bs_BA","og_type":"article","og_title":"Uski stalak za cipele koji \u0161tedi prostor - Inti","og_description":"Dubok samo 19 cm, savr\u0161eno se uklapa u male prostore poput ulaza i hodnika. Lako organizirajte visoke pete, tenisice, torbice i druge svakodnevne predmete, maksimalno iskori\u0161tavaju\u0107i svaki centimetar prostora kako biste odr\u017eali organizaciju svog doma. Ovaj tanki stalak za cipele koji \u0161tedi prostor idealno je rje\u0161enje.[Vi\u0161estruka organizacijska funkcionalnost]: Dio s vratima koji se spu\u0161taju \u0161titi svakodnevne cipele od pra\u0161ine, dok otvorene police fleksibilno smje\u0161taju visoke pete, \u010dizme, kao i torbice, kape i \u0161alove. Ovaj stalak za cipele za ulaz dizajniran je kako bi se prilagodio \u017eenskim organizacijskim navikama, a slu\u017ei i kao prakti\u010dan stalak za cipele za modne dodatke.[Zonski dizajn]: Desna vrata \u0161tite va\u0161e omiljene cipele, dok otvoreni prostor s lijeve strane omogu\u0107uje prakti\u010dan pristup \u010desto kori\u0161tenim cipelama i dodacima. Ovaj stalak za cipele za ulaz uravnote\u017euje za\u0161titu i prakti\u010dnost, zadovoljavaju\u0107i potrebe \u017eena koje se svakodnevno trebaju brzo odjenuti.[Nje\u017ena i \u017eenstvena kombinacija boja]: Svje\u017ea bijela boja uparena s prirodnom nijansom bambusa stvara svijetlu i ugodnu atmosferu. Ovaj bijeli stalak za cipele opu\u0161tenog stila dodaje da\u0161ak prirodne gracioznosti, postaju\u0107i prakti\u010dan i elegantan dodatak va\u0161em domu.","og_url":"https:\/\/inti.hr\/bs\/proizvod\/uski-stalak-za-cipele-koji-stedi-prostor\/","og_site_name":"Inti","og_image":[{"width":1600,"height":1600,"url":"https:\/\/i0.wp.com\/inti.hr\/wp-content\/uploads\/2026\/01\/FSR209-W-S002_1800x1800.webp?fit=1600%2C1600&ssl=1","type":"image\/webp"}],"twitter_card":"summary_large_image","schema":{"@context":"https:\/\/schema.org","@graph":[{"@type":"WebPage","@id":"https:\/\/inti.hr\/bs\/proizvod\/uski-stalak-za-cipele-koji-stedi-prostor\/","url":"https:\/\/inti.hr\/bs\/proizvod\/uski-stalak-za-cipele-koji-stedi-prostor\/","name":"Uski stalak za cipele koji \u0161tedi prostor - Inti","isPartOf":{"@id":"https:\/\/inti.hr\/bs\/#website"},"primaryImageOfPage":{"@id":"https:\/\/inti.hr\/bs\/proizvod\/uski-stalak-za-cipele-koji-stedi-prostor\/#primaryimage"},"image":{"@id":"https:\/\/inti.hr\/bs\/proizvod\/uski-stalak-za-cipele-koji-stedi-prostor\/#primaryimage"},"thumbnailUrl":"https:\/\/i0.wp.com\/inti.hr\/wp-content\/uploads\/2026\/01\/FSR209-W-S002_1800x1800.webp?fit=1600%2C1600&ssl=1","datePublished":"2026-01-28T14:09:25+00:00","dateModified":"2026-01-28T14:09:25+00:00","description":"Dubok samo 19 cm, savr\u0161eno se uklapa u male prostore poput ulaza i hodnika. Lako organizirajte visoke pete, tenisice, torbice i druge svakodnevne predmete, maksimalno iskori\u0161tavaju\u0107i svaki centimetar prostora kako biste odr\u017eali organizaciju svog doma. Ovaj tanki stalak za cipele koji \u0161tedi prostor idealno je rje\u0161enje.[Vi\u0161estruka organizacijska funkcionalnost]: Dio s vratima koji se spu\u0161taju \u0161titi svakodnevne cipele od pra\u0161ine, dok otvorene police fleksibilno smje\u0161taju visoke pete, \u010dizme, kao i torbice, kape i \u0161alove. Ovaj stalak za cipele za ulaz dizajniran je kako bi se prilagodio \u017eenskim organizacijskim navikama, a slu\u017ei i kao prakti\u010dan stalak za cipele za modne dodatke.[Zonski dizajn]: Desna vrata \u0161tite va\u0161e omiljene cipele, dok otvoreni prostor s lijeve strane omogu\u0107uje prakti\u010dan pristup \u010desto kori\u0161tenim cipelama i dodacima. Ovaj stalak za cipele za ulaz uravnote\u017euje za\u0161titu i prakti\u010dnost, zadovoljavaju\u0107i potrebe \u017eena koje se svakodnevno trebaju brzo odjenuti.[Nje\u017ena i \u017eenstvena kombinacija boja]: Svje\u017ea bijela boja uparena s prirodnom nijansom bambusa stvara svijetlu i ugodnu atmosferu. Ovaj bijeli stalak za cipele opu\u0161tenog stila dodaje da\u0161ak prirodne gracioznosti, postaju\u0107i prakti\u010dan i elegantan dodatak va\u0161em domu.","breadcrumb":{"@id":"https:\/\/inti.hr\/bs\/proizvod\/uski-stalak-za-cipele-koji-stedi-prostor\/#breadcrumb"},"inLanguage":"bs-BA","potentialAction":[{"@type":"ReadAction","target":["https:\/\/inti.hr\/bs\/proizvod\/uski-stalak-za-cipele-koji-stedi-prostor\/"]}]},{"@type":"ImageObject","inLanguage":"bs-BA","@id":"https:\/\/inti.hr\/bs\/proizvod\/uski-stalak-za-cipele-koji-stedi-prostor\/#primaryimage","url":"https:\/\/i0.wp.com\/inti.hr\/wp-content\/uploads\/2026\/01\/FSR209-W-S002_1800x1800.webp?fit=1600%2C1600&ssl=1","contentUrl":"https:\/\/i0.wp.com\/inti.hr\/wp-content\/uploads\/2026\/01\/FSR209-W-S002_1800x1800.webp?fit=1600%2C1600&ssl=1","width":1600,"height":1600,"caption":"SoBuy FSR209-WN, Uski stalak za cipele koji \u0161tedi prostor, Namje\u0161taj za ulaz, ljulja\u010dka s 3 vrata, bijela i bambus, za \u017eene, U\u0161teda prostora za ulaze i hodnike, 90x19x129,5 cm"},{"@type":"BreadcrumbList","@id":"https:\/\/inti.hr\/bs\/proizvod\/uski-stalak-za-cipele-koji-stedi-prostor\/#breadcrumb","itemListElement":[{"@type":"ListItem","position":1,"name":"Po\u010detna stranica","item":"https:\/\/inti.hr\/bs\/"},{"@type":"ListItem","position":2,"name":"Trgovina","item":"https:\/\/inti.hr\/bs\/trgovina\/"},{"@type":"ListItem","position":3,"name":"Uski stalak za cipele koji \u0161tedi prostor"}]},{"@type":"WebSite","@id":"https:\/\/inti.hr\/bs\/#website","url":"https:\/\/inti.hr\/bs\/","name":"Inti","description":"trgovina","potentialAction":[{"@type":"SearchAction","target":{"@type":"EntryPoint","urlTemplate":"https:\/\/inti.hr\/bs\/?s={search_term_string}"},"query-input":{"@type":"PropertyValueSpecification","valueRequired":true,"valueName":"search_term_string"}}],"inLanguage":"bs-BA"}]}},"jetpack_sharing_enabled":true,"jetpack-related-posts":[],"_links":{"self":[{"href":"https:\/\/inti.hr\/bs\/wp-json\/wp\/v2\/product\/30907"}],"collection":[{"href":"https:\/\/inti.hr\/bs\/wp-json\/wp\/v2\/product"}],"about":[{"href":"https:\/\/inti.hr\/bs\/wp-json\/wp\/v2\/types\/product"}],"wp:featuredmedia":[{"embeddable":true,"href":"https:\/\/inti.hr\/bs\/wp-json\/wp\/v2\/media\/30908"}],"wp:attachment":[{"href":"https:\/\/inti.hr\/bs\/wp-json\/wp\/v2\/media?parent=30907"}],"wp:term":[{"taxonomy":"product_cat","embeddable":true,"href":"https:\/\/inti.hr\/bs\/wp-json\/wp\/v2\/product_cat?post=30907"},{"taxonomy":"product_tag","embeddable":true,"href":"https:\/\/inti.hr\/bs\/wp-json\/wp\/v2\/product_tag?post=30907"}],"curies":[{"name":"wp","href":"https:\/\/api.w.org\/{rel}","templated":true}]}}