{"id":30915,"date":"2026-01-16T15:37:12","date_gmt":"2026-01-16T14:37:12","guid":{"rendered":"https:\/\/inti.hr\/product\/kupaonski-ormaric-s-ogledalom-u-punoj-velicini-30-x-40-x-160-cm\/"},"modified":"2026-01-16T15:37:12","modified_gmt":"2026-01-16T14:37:12","slug":"kupaonski-ormaric-s-ogledalom-u-punoj-velicini-30-x-40-x-160-cm","status":"publish","type":"product","link":"https:\/\/inti.hr\/bs\/proizvod\/kupaonski-ormaric-s-ogledalom-u-punoj-velicini-30-x-40-x-160-cm\/","title":{"rendered":"Kupaonski ormari\u0107 s ogledalom u punoj veli\u010dini 30 x 40 x 160 cm"},"content":{"rendered":"<ul>\n<li><b><span dir=\"auto\">Detalji o proizvodu:<\/span><\/b><\/li>\n<li><span dir=\"auto\">Boja: Obla\u010dno bijela<\/span><\/li>\n<li><span dir=\"auto\">Materijal: MDF (vlaknasta plo\u010da srednje gusto\u0107e)<\/span><\/li>\n<li><span dir=\"auto\">Veli\u010dina: 30 x 40 x 160 cm (D x \u0160 x V)<\/span><\/li>\n<li><span dir=\"auto\">Te\u017eina: 18,1 kg<\/span><\/li>\n<li><span dir=\"auto\">Maksimalna stati\u010dka nosivost po razini: 17 kg<\/span><\/li>\n<\/ul>\n","protected":false},"excerpt":{"rendered":"<p>Ogledalo u punoj veli\u010dini: Ogledalo u punoj veli\u010dini omogu\u0107uje vam da &#8230; <\/p>\n","protected":false},"featured_media":30916,"template":"","meta":[],"product_cat":[2392],"product_tag":[2520,2521],"yoast_head":"<!-- This site is optimized with the Yoast SEO plugin v23.7 - https:\/\/yoast.com\/wordpress\/plugins\/seo\/ -->\n<title>Kupaonski ormari\u0107 s ogledalom u punoj veli\u010dini 30 x 40 x 160 cm - Inti<\/title>\n<meta name=\"description\" content=\"Ogledalo u punoj veli\u010dini: Ogledalo u punoj veli\u010dini omogu\u0107uje vam da vidite cijelu svoju odjevnu kombinaciju. To vam osigurava da uvijek odr\u017eavate besprijekoran izgled i bez napora poka\u017eete svoj elegantni stil.Podesive police: Ovaj visoki ormari\u0107 ima 4 police koje se mogu podesiti na 3 visine, \u0161to omogu\u0107uje pohranu predmeta razli\u010ditih veli\u010dina.Svestrana upotreba: Zahvaljuju\u0107i jednostavnom dizajnu i \u010distim linijama, ovaj ormari\u0107 za pohranu dodaje stil i savr\u0161eno se uklapa u kupaonice, dnevne sobe ili hodnike.Stabilan, izdr\u017eljiv i siguran: Visokokvalitetne MDF plo\u010de i tri \u0161arke za podupiranje svakih vrata ormari\u0107a osiguravaju dugotrajnost ormari\u0107a. Prilo\u017eeni komplet protiv prevrtanja omogu\u0107uje vam sigurno pri\u010dvr\u0161\u0107ivanje ormari\u0107a na zid.Jednostavno sastavljanje i \u010di\u0161\u0107enje: Zahvaljuju\u0107i jasnim uputama i ozna\u010denim dijelovima, ovaj kupaonski ormari\u0107 lako se sastavlja. Glatka povr\u0161ina olak\u0161ava svakodnevno \u010di\u0161\u0107enje.\" \/>\n<meta name=\"robots\" content=\"index, follow, max-snippet:-1, max-image-preview:large, max-video-preview:-1\" \/>\n<link rel=\"canonical\" href=\"https:\/\/inti.hr\/bs\/proizvod\/kupaonski-ormaric-s-ogledalom-u-punoj-velicini-30-x-40-x-160-cm\/\" \/>\n<meta property=\"og:locale\" content=\"bs_BA\" \/>\n<meta property=\"og:type\" content=\"article\" \/>\n<meta property=\"og:title\" content=\"Kupaonski ormari\u0107 s ogledalom u punoj veli\u010dini 30 x 40 x 160 cm - Inti\" \/>\n<meta property=\"og:description\" content=\"Ogledalo u punoj veli\u010dini: Ogledalo u punoj veli\u010dini omogu\u0107uje vam da vidite cijelu svoju odjevnu kombinaciju. To vam osigurava da uvijek odr\u017eavate besprijekoran izgled i bez napora poka\u017eete svoj elegantni stil.Podesive police: Ovaj visoki ormari\u0107 ima 4 police koje se mogu podesiti na 3 visine, \u0161to omogu\u0107uje pohranu predmeta razli\u010ditih veli\u010dina.Svestrana upotreba: Zahvaljuju\u0107i jednostavnom dizajnu i \u010distim linijama, ovaj ormari\u0107 za pohranu dodaje stil i savr\u0161eno se uklapa u kupaonice, dnevne sobe ili hodnike.Stabilan, izdr\u017eljiv i siguran: Visokokvalitetne MDF plo\u010de i tri \u0161arke za podupiranje svakih vrata ormari\u0107a osiguravaju dugotrajnost ormari\u0107a. Prilo\u017eeni komplet protiv prevrtanja omogu\u0107uje vam sigurno pri\u010dvr\u0161\u0107ivanje ormari\u0107a na zid.Jednostavno sastavljanje i \u010di\u0161\u0107enje: Zahvaljuju\u0107i jasnim uputama i ozna\u010denim dijelovima, ovaj kupaonski ormari\u0107 lako se sastavlja. Glatka povr\u0161ina olak\u0161ava svakodnevno \u010di\u0161\u0107enje.\" \/>\n<meta property=\"og:url\" content=\"https:\/\/inti.hr\/bs\/proizvod\/kupaonski-ormaric-s-ogledalom-u-punoj-velicini-30-x-40-x-160-cm\/\" \/>\n<meta property=\"og:site_name\" content=\"Inti\" \/>\n<meta property=\"og:image\" content=\"https:\/\/i0.wp.com\/inti.hr\/wp-content\/uploads\/2026\/01\/BBC764WH01-1.jpg?fit=1000%2C1000&ssl=1\" \/>\n\t<meta property=\"og:image:width\" content=\"1000\" \/>\n\t<meta property=\"og:image:height\" content=\"1000\" \/>\n\t<meta property=\"og:image:type\" content=\"image\/jpeg\" \/>\n<meta name=\"twitter:card\" content=\"summary_large_image\" \/>\n<script type=\"application\/ld+json\" class=\"yoast-schema-graph\">{\"@context\":\"https:\/\/schema.org\",\"@graph\":[{\"@type\":\"WebPage\",\"@id\":\"https:\/\/inti.hr\/bs\/proizvod\/kupaonski-ormaric-s-ogledalom-u-punoj-velicini-30-x-40-x-160-cm\/\",\"url\":\"https:\/\/inti.hr\/bs\/proizvod\/kupaonski-ormaric-s-ogledalom-u-punoj-velicini-30-x-40-x-160-cm\/\",\"name\":\"Kupaonski ormari\u0107 s ogledalom u punoj veli\u010dini 30 x 40 x 160 cm - Inti\",\"isPartOf\":{\"@id\":\"https:\/\/inti.hr\/bs\/#website\"},\"primaryImageOfPage\":{\"@id\":\"https:\/\/inti.hr\/bs\/proizvod\/kupaonski-ormaric-s-ogledalom-u-punoj-velicini-30-x-40-x-160-cm\/#primaryimage\"},\"image\":{\"@id\":\"https:\/\/inti.hr\/bs\/proizvod\/kupaonski-ormaric-s-ogledalom-u-punoj-velicini-30-x-40-x-160-cm\/#primaryimage\"},\"thumbnailUrl\":\"https:\/\/i0.wp.com\/inti.hr\/wp-content\/uploads\/2026\/01\/BBC764WH01-1.jpg?fit=1000%2C1000&ssl=1\",\"datePublished\":\"2026-01-16T14:37:12+00:00\",\"dateModified\":\"2026-01-16T14:37:12+00:00\",\"description\":\"Ogledalo u punoj veli\u010dini: Ogledalo u punoj veli\u010dini omogu\u0107uje vam da vidite cijelu svoju odjevnu kombinaciju. To vam osigurava da uvijek odr\u017eavate besprijekoran izgled i bez napora poka\u017eete svoj elegantni stil.Podesive police: Ovaj visoki ormari\u0107 ima 4 police koje se mogu podesiti na 3 visine, \u0161to omogu\u0107uje pohranu predmeta razli\u010ditih veli\u010dina.Svestrana upotreba: Zahvaljuju\u0107i jednostavnom dizajnu i \u010distim linijama, ovaj ormari\u0107 za pohranu dodaje stil i savr\u0161eno se uklapa u kupaonice, dnevne sobe ili hodnike.Stabilan, izdr\u017eljiv i siguran: Visokokvalitetne MDF plo\u010de i tri \u0161arke za podupiranje svakih vrata ormari\u0107a osiguravaju dugotrajnost ormari\u0107a. Prilo\u017eeni komplet protiv prevrtanja omogu\u0107uje vam sigurno pri\u010dvr\u0161\u0107ivanje ormari\u0107a na zid.Jednostavno sastavljanje i \u010di\u0161\u0107enje: Zahvaljuju\u0107i jasnim uputama i ozna\u010denim dijelovima, ovaj kupaonski ormari\u0107 lako se sastavlja. Glatka povr\u0161ina olak\u0161ava svakodnevno \u010di\u0161\u0107enje.\",\"breadcrumb\":{\"@id\":\"https:\/\/inti.hr\/bs\/proizvod\/kupaonski-ormaric-s-ogledalom-u-punoj-velicini-30-x-40-x-160-cm\/#breadcrumb\"},\"inLanguage\":\"bs-BA\",\"potentialAction\":[{\"@type\":\"ReadAction\",\"target\":[\"https:\/\/inti.hr\/bs\/proizvod\/kupaonski-ormaric-s-ogledalom-u-punoj-velicini-30-x-40-x-160-cm\/\"]}]},{\"@type\":\"ImageObject\",\"inLanguage\":\"bs-BA\",\"@id\":\"https:\/\/inti.hr\/bs\/proizvod\/kupaonski-ormaric-s-ogledalom-u-punoj-velicini-30-x-40-x-160-cm\/#primaryimage\",\"url\":\"https:\/\/i0.wp.com\/inti.hr\/wp-content\/uploads\/2026\/01\/BBC764WH01-1.jpg?fit=1000%2C1000&ssl=1\",\"contentUrl\":\"https:\/\/i0.wp.com\/inti.hr\/wp-content\/uploads\/2026\/01\/BBC764WH01-1.jpg?fit=1000%2C1000&ssl=1\",\"width\":1000,\"height\":1000},{\"@type\":\"BreadcrumbList\",\"@id\":\"https:\/\/inti.hr\/bs\/proizvod\/kupaonski-ormaric-s-ogledalom-u-punoj-velicini-30-x-40-x-160-cm\/#breadcrumb\",\"itemListElement\":[{\"@type\":\"ListItem\",\"position\":1,\"name\":\"Po\u010detna stranica\",\"item\":\"https:\/\/inti.hr\/bs\/\"},{\"@type\":\"ListItem\",\"position\":2,\"name\":\"Trgovina\",\"item\":\"https:\/\/inti.hr\/bs\/trgovina\/\"},{\"@type\":\"ListItem\",\"position\":3,\"name\":\"Kupaonski ormari\u0107 s ogledalom u punoj veli\u010dini 30 x 40 x 160 cm\"}]},{\"@type\":\"WebSite\",\"@id\":\"https:\/\/inti.hr\/bs\/#website\",\"url\":\"https:\/\/inti.hr\/bs\/\",\"name\":\"Inti\",\"description\":\"trgovina\",\"potentialAction\":[{\"@type\":\"SearchAction\",\"target\":{\"@type\":\"EntryPoint\",\"urlTemplate\":\"https:\/\/inti.hr\/bs\/?s={search_term_string}\"},\"query-input\":{\"@type\":\"PropertyValueSpecification\",\"valueRequired\":true,\"valueName\":\"search_term_string\"}}],\"inLanguage\":\"bs-BA\"}]}<\/script>\n<!-- \/ Yoast SEO plugin. -->","yoast_head_json":{"title":"Kupaonski ormari\u0107 s ogledalom u punoj veli\u010dini 30 x 40 x 160 cm - Inti","description":"Ogledalo u punoj veli\u010dini: Ogledalo u punoj veli\u010dini omogu\u0107uje vam da vidite cijelu svoju odjevnu kombinaciju. To vam osigurava da uvijek odr\u017eavate besprijekoran izgled i bez napora poka\u017eete svoj elegantni stil.Podesive police: Ovaj visoki ormari\u0107 ima 4 police koje se mogu podesiti na 3 visine, \u0161to omogu\u0107uje pohranu predmeta razli\u010ditih veli\u010dina.Svestrana upotreba: Zahvaljuju\u0107i jednostavnom dizajnu i \u010distim linijama, ovaj ormari\u0107 za pohranu dodaje stil i savr\u0161eno se uklapa u kupaonice, dnevne sobe ili hodnike.Stabilan, izdr\u017eljiv i siguran: Visokokvalitetne MDF plo\u010de i tri \u0161arke za podupiranje svakih vrata ormari\u0107a osiguravaju dugotrajnost ormari\u0107a. Prilo\u017eeni komplet protiv prevrtanja omogu\u0107uje vam sigurno pri\u010dvr\u0161\u0107ivanje ormari\u0107a na zid.Jednostavno sastavljanje i \u010di\u0161\u0107enje: Zahvaljuju\u0107i jasnim uputama i ozna\u010denim dijelovima, ovaj kupaonski ormari\u0107 lako se sastavlja. Glatka povr\u0161ina olak\u0161ava svakodnevno \u010di\u0161\u0107enje.","robots":{"index":"index","follow":"follow","max-snippet":"max-snippet:-1","max-image-preview":"max-image-preview:large","max-video-preview":"max-video-preview:-1"},"canonical":"https:\/\/inti.hr\/bs\/proizvod\/kupaonski-ormaric-s-ogledalom-u-punoj-velicini-30-x-40-x-160-cm\/","og_locale":"bs_BA","og_type":"article","og_title":"Kupaonski ormari\u0107 s ogledalom u punoj veli\u010dini 30 x 40 x 160 cm - Inti","og_description":"Ogledalo u punoj veli\u010dini: Ogledalo u punoj veli\u010dini omogu\u0107uje vam da vidite cijelu svoju odjevnu kombinaciju. To vam osigurava da uvijek odr\u017eavate besprijekoran izgled i bez napora poka\u017eete svoj elegantni stil.Podesive police: Ovaj visoki ormari\u0107 ima 4 police koje se mogu podesiti na 3 visine, \u0161to omogu\u0107uje pohranu predmeta razli\u010ditih veli\u010dina.Svestrana upotreba: Zahvaljuju\u0107i jednostavnom dizajnu i \u010distim linijama, ovaj ormari\u0107 za pohranu dodaje stil i savr\u0161eno se uklapa u kupaonice, dnevne sobe ili hodnike.Stabilan, izdr\u017eljiv i siguran: Visokokvalitetne MDF plo\u010de i tri \u0161arke za podupiranje svakih vrata ormari\u0107a osiguravaju dugotrajnost ormari\u0107a. Prilo\u017eeni komplet protiv prevrtanja omogu\u0107uje vam sigurno pri\u010dvr\u0161\u0107ivanje ormari\u0107a na zid.Jednostavno sastavljanje i \u010di\u0161\u0107enje: Zahvaljuju\u0107i jasnim uputama i ozna\u010denim dijelovima, ovaj kupaonski ormari\u0107 lako se sastavlja. Glatka povr\u0161ina olak\u0161ava svakodnevno \u010di\u0161\u0107enje.","og_url":"https:\/\/inti.hr\/bs\/proizvod\/kupaonski-ormaric-s-ogledalom-u-punoj-velicini-30-x-40-x-160-cm\/","og_site_name":"Inti","og_image":[{"width":1000,"height":1000,"url":"https:\/\/i0.wp.com\/inti.hr\/wp-content\/uploads\/2026\/01\/BBC764WH01-1.jpg?fit=1000%2C1000&ssl=1","type":"image\/jpeg"}],"twitter_card":"summary_large_image","schema":{"@context":"https:\/\/schema.org","@graph":[{"@type":"WebPage","@id":"https:\/\/inti.hr\/bs\/proizvod\/kupaonski-ormaric-s-ogledalom-u-punoj-velicini-30-x-40-x-160-cm\/","url":"https:\/\/inti.hr\/bs\/proizvod\/kupaonski-ormaric-s-ogledalom-u-punoj-velicini-30-x-40-x-160-cm\/","name":"Kupaonski ormari\u0107 s ogledalom u punoj veli\u010dini 30 x 40 x 160 cm - Inti","isPartOf":{"@id":"https:\/\/inti.hr\/bs\/#website"},"primaryImageOfPage":{"@id":"https:\/\/inti.hr\/bs\/proizvod\/kupaonski-ormaric-s-ogledalom-u-punoj-velicini-30-x-40-x-160-cm\/#primaryimage"},"image":{"@id":"https:\/\/inti.hr\/bs\/proizvod\/kupaonski-ormaric-s-ogledalom-u-punoj-velicini-30-x-40-x-160-cm\/#primaryimage"},"thumbnailUrl":"https:\/\/i0.wp.com\/inti.hr\/wp-content\/uploads\/2026\/01\/BBC764WH01-1.jpg?fit=1000%2C1000&ssl=1","datePublished":"2026-01-16T14:37:12+00:00","dateModified":"2026-01-16T14:37:12+00:00","description":"Ogledalo u punoj veli\u010dini: Ogledalo u punoj veli\u010dini omogu\u0107uje vam da vidite cijelu svoju odjevnu kombinaciju. To vam osigurava da uvijek odr\u017eavate besprijekoran izgled i bez napora poka\u017eete svoj elegantni stil.Podesive police: Ovaj visoki ormari\u0107 ima 4 police koje se mogu podesiti na 3 visine, \u0161to omogu\u0107uje pohranu predmeta razli\u010ditih veli\u010dina.Svestrana upotreba: Zahvaljuju\u0107i jednostavnom dizajnu i \u010distim linijama, ovaj ormari\u0107 za pohranu dodaje stil i savr\u0161eno se uklapa u kupaonice, dnevne sobe ili hodnike.Stabilan, izdr\u017eljiv i siguran: Visokokvalitetne MDF plo\u010de i tri \u0161arke za podupiranje svakih vrata ormari\u0107a osiguravaju dugotrajnost ormari\u0107a. Prilo\u017eeni komplet protiv prevrtanja omogu\u0107uje vam sigurno pri\u010dvr\u0161\u0107ivanje ormari\u0107a na zid.Jednostavno sastavljanje i \u010di\u0161\u0107enje: Zahvaljuju\u0107i jasnim uputama i ozna\u010denim dijelovima, ovaj kupaonski ormari\u0107 lako se sastavlja. Glatka povr\u0161ina olak\u0161ava svakodnevno \u010di\u0161\u0107enje.","breadcrumb":{"@id":"https:\/\/inti.hr\/bs\/proizvod\/kupaonski-ormaric-s-ogledalom-u-punoj-velicini-30-x-40-x-160-cm\/#breadcrumb"},"inLanguage":"bs-BA","potentialAction":[{"@type":"ReadAction","target":["https:\/\/inti.hr\/bs\/proizvod\/kupaonski-ormaric-s-ogledalom-u-punoj-velicini-30-x-40-x-160-cm\/"]}]},{"@type":"ImageObject","inLanguage":"bs-BA","@id":"https:\/\/inti.hr\/bs\/proizvod\/kupaonski-ormaric-s-ogledalom-u-punoj-velicini-30-x-40-x-160-cm\/#primaryimage","url":"https:\/\/i0.wp.com\/inti.hr\/wp-content\/uploads\/2026\/01\/BBC764WH01-1.jpg?fit=1000%2C1000&ssl=1","contentUrl":"https:\/\/i0.wp.com\/inti.hr\/wp-content\/uploads\/2026\/01\/BBC764WH01-1.jpg?fit=1000%2C1000&ssl=1","width":1000,"height":1000},{"@type":"BreadcrumbList","@id":"https:\/\/inti.hr\/bs\/proizvod\/kupaonski-ormaric-s-ogledalom-u-punoj-velicini-30-x-40-x-160-cm\/#breadcrumb","itemListElement":[{"@type":"ListItem","position":1,"name":"Po\u010detna stranica","item":"https:\/\/inti.hr\/bs\/"},{"@type":"ListItem","position":2,"name":"Trgovina","item":"https:\/\/inti.hr\/bs\/trgovina\/"},{"@type":"ListItem","position":3,"name":"Kupaonski ormari\u0107 s ogledalom u punoj veli\u010dini 30 x 40 x 160 cm"}]},{"@type":"WebSite","@id":"https:\/\/inti.hr\/bs\/#website","url":"https:\/\/inti.hr\/bs\/","name":"Inti","description":"trgovina","potentialAction":[{"@type":"SearchAction","target":{"@type":"EntryPoint","urlTemplate":"https:\/\/inti.hr\/bs\/?s={search_term_string}"},"query-input":{"@type":"PropertyValueSpecification","valueRequired":true,"valueName":"search_term_string"}}],"inLanguage":"bs-BA"}]}},"jetpack_sharing_enabled":true,"jetpack-related-posts":[],"_links":{"self":[{"href":"https:\/\/inti.hr\/bs\/wp-json\/wp\/v2\/product\/30915"}],"collection":[{"href":"https:\/\/inti.hr\/bs\/wp-json\/wp\/v2\/product"}],"about":[{"href":"https:\/\/inti.hr\/bs\/wp-json\/wp\/v2\/types\/product"}],"wp:featuredmedia":[{"embeddable":true,"href":"https:\/\/inti.hr\/bs\/wp-json\/wp\/v2\/media\/30916"}],"wp:attachment":[{"href":"https:\/\/inti.hr\/bs\/wp-json\/wp\/v2\/media?parent=30915"}],"wp:term":[{"taxonomy":"product_cat","embeddable":true,"href":"https:\/\/inti.hr\/bs\/wp-json\/wp\/v2\/product_cat?post=30915"},{"taxonomy":"product_tag","embeddable":true,"href":"https:\/\/inti.hr\/bs\/wp-json\/wp\/v2\/product_tag?post=30915"}],"curies":[{"name":"wp","href":"https:\/\/api.w.org\/{rel}","templated":true}]}}