{"id":30927,"date":"2025-10-17T09:37:17","date_gmt":"2025-10-17T08:37:17","guid":{"rendered":"https:\/\/inti.hr\/product\/kupaonski-ormaric-30-x-30-x-170-cm-s-podesivim-policama\/"},"modified":"2025-10-17T09:37:17","modified_gmt":"2025-10-17T08:37:17","slug":"kupaonski-ormaric-30-x-30-x-170-cm-s-podesivim-policama","status":"publish","type":"product","link":"https:\/\/inti.hr\/bs\/proizvod\/kupaonski-ormaric-30-x-30-x-170-cm-s-podesivim-policama\/","title":{"rendered":"Kupaonski ormari\u0107 30 x 30 x 170 cm s podesivim policama"},"content":{"rendered":"<p>Detalji o proizvodu:<br \/>\nMaterijal: MDF (vlaknasta plo\u010da srednje gusto\u0107e)<br \/>\nVeli\u010dina: 30 x 60 x 170 cm (D x \u0160 x V)<br \/>\nTe\u017eina: 34 kg<br \/>\nMaks. stati\u010dka nosivost ladice: 10 kg<br \/>\nMaks. stati\u010dka nosivost po polici: 10 kg<\/p>\n","protected":false},"excerpt":{"rendered":"<p>[Svestrane mogu\u0107nosti pohrane] Gornji i donji ormari\u0107, otvoreni pretinac i ladica &#8230; <\/p>\n","protected":false},"featured_media":30929,"template":"","meta":[],"product_cat":[2392],"product_tag":[2521,2758],"yoast_head":"<!-- This site is optimized with the Yoast SEO plugin v23.7 - https:\/\/yoast.com\/wordpress\/plugins\/seo\/ -->\n<title>Kupaonski ormari\u0107 30 x 30 x 170 cm s podesivim policama - Inti<\/title>\n<meta name=\"description\" content=\"[Svestrane mogu\u0107nosti pohrane] Gornji i donji ormari\u0107, otvoreni pretinac i ladica u sredini - ovaj kupaonski ormari\u0107 nudi razne mogu\u0107nosti pohrane kako biste svoje stvari dr\u017eali organiziranima.[Fleksibilno montirana vrata ormari\u0107a i podesive police] Vrata svakog ormari\u0107a mogu se montirati lijevo ili desno; police iza vrata podesive su po visini za pribor razli\u010ditih veli\u010dina.[Jednostavno sastavljanje i \u010di\u0161\u0107enje] Zahvaljuju\u0107i ozna\u010denim dijelovima i jednostavnim uputama, sastavljanje ovog samostoje\u0107eg kupaonskog ormari\u0107a je izuzetno jednostavno. Glatka povr\u0161ina se lako \u010disti.[Elegantno i svestrano] Elegantna boja u kombinaciji s \u010distim linijama lako se integrira u va\u0161 dom. Koristite kupaonsku policu u kupaonici, dnevnom boravku ili hodniku - vi odlu\u010dujete.[Robustan, stabilan i siguran] Izra\u0111en od visokokvalitetnih MDF plo\u010da, ovaj kupaonski ormari\u0107 je robustan i stabilan; uklju\u010dena za\u0161tita od prevrtanja pru\u017ea dodatnu stabilnost i sigurnost.\" \/>\n<meta name=\"robots\" content=\"index, follow, max-snippet:-1, max-image-preview:large, max-video-preview:-1\" \/>\n<link rel=\"canonical\" href=\"https:\/\/inti.hr\/bs\/proizvod\/kupaonski-ormaric-30-x-30-x-170-cm-s-podesivim-policama\/\" \/>\n<meta property=\"og:locale\" content=\"bs_BA\" \/>\n<meta property=\"og:type\" content=\"article\" \/>\n<meta property=\"og:title\" content=\"Kupaonski ormari\u0107 30 x 30 x 170 cm s podesivim policama - Inti\" \/>\n<meta property=\"og:description\" content=\"[Svestrane mogu\u0107nosti pohrane] Gornji i donji ormari\u0107, otvoreni pretinac i ladica u sredini - ovaj kupaonski ormari\u0107 nudi razne mogu\u0107nosti pohrane kako biste svoje stvari dr\u017eali organiziranima.[Fleksibilno montirana vrata ormari\u0107a i podesive police] Vrata svakog ormari\u0107a mogu se montirati lijevo ili desno; police iza vrata podesive su po visini za pribor razli\u010ditih veli\u010dina.[Jednostavno sastavljanje i \u010di\u0161\u0107enje] Zahvaljuju\u0107i ozna\u010denim dijelovima i jednostavnim uputama, sastavljanje ovog samostoje\u0107eg kupaonskog ormari\u0107a je izuzetno jednostavno. Glatka povr\u0161ina se lako \u010disti.[Elegantno i svestrano] Elegantna boja u kombinaciji s \u010distim linijama lako se integrira u va\u0161 dom. Koristite kupaonsku policu u kupaonici, dnevnom boravku ili hodniku - vi odlu\u010dujete.[Robustan, stabilan i siguran] Izra\u0111en od visokokvalitetnih MDF plo\u010da, ovaj kupaonski ormari\u0107 je robustan i stabilan; uklju\u010dena za\u0161tita od prevrtanja pru\u017ea dodatnu stabilnost i sigurnost.\" \/>\n<meta property=\"og:url\" content=\"https:\/\/inti.hr\/bs\/proizvod\/kupaonski-ormaric-30-x-30-x-170-cm-s-podesivim-policama\/\" \/>\n<meta property=\"og:site_name\" content=\"Inti\" \/>\n<meta property=\"og:image\" content=\"https:\/\/i0.wp.com\/inti.hr\/wp-content\/uploads\/2025\/10\/BBC560P31-1.jpg?fit=1000%2C1000&ssl=1\" \/>\n\t<meta property=\"og:image:width\" content=\"1000\" \/>\n\t<meta property=\"og:image:height\" content=\"1000\" \/>\n\t<meta property=\"og:image:type\" content=\"image\/jpeg\" \/>\n<meta name=\"twitter:card\" content=\"summary_large_image\" \/>\n<script type=\"application\/ld+json\" class=\"yoast-schema-graph\">{\"@context\":\"https:\/\/schema.org\",\"@graph\":[{\"@type\":\"WebPage\",\"@id\":\"https:\/\/inti.hr\/bs\/proizvod\/kupaonski-ormaric-30-x-30-x-170-cm-s-podesivim-policama\/\",\"url\":\"https:\/\/inti.hr\/bs\/proizvod\/kupaonski-ormaric-30-x-30-x-170-cm-s-podesivim-policama\/\",\"name\":\"Kupaonski ormari\u0107 30 x 30 x 170 cm s podesivim policama - Inti\",\"isPartOf\":{\"@id\":\"https:\/\/inti.hr\/bs\/#website\"},\"primaryImageOfPage\":{\"@id\":\"https:\/\/inti.hr\/bs\/proizvod\/kupaonski-ormaric-30-x-30-x-170-cm-s-podesivim-policama\/#primaryimage\"},\"image\":{\"@id\":\"https:\/\/inti.hr\/bs\/proizvod\/kupaonski-ormaric-30-x-30-x-170-cm-s-podesivim-policama\/#primaryimage\"},\"thumbnailUrl\":\"https:\/\/i0.wp.com\/inti.hr\/wp-content\/uploads\/2025\/10\/BBC560P31-1.jpg?fit=1000%2C1000&ssl=1\",\"datePublished\":\"2025-10-17T08:37:17+00:00\",\"dateModified\":\"2025-10-17T08:37:17+00:00\",\"description\":\"[Svestrane mogu\u0107nosti pohrane] Gornji i donji ormari\u0107, otvoreni pretinac i ladica u sredini - ovaj kupaonski ormari\u0107 nudi razne mogu\u0107nosti pohrane kako biste svoje stvari dr\u017eali organiziranima.[Fleksibilno montirana vrata ormari\u0107a i podesive police] Vrata svakog ormari\u0107a mogu se montirati lijevo ili desno; police iza vrata podesive su po visini za pribor razli\u010ditih veli\u010dina.[Jednostavno sastavljanje i \u010di\u0161\u0107enje] Zahvaljuju\u0107i ozna\u010denim dijelovima i jednostavnim uputama, sastavljanje ovog samostoje\u0107eg kupaonskog ormari\u0107a je izuzetno jednostavno. Glatka povr\u0161ina se lako \u010disti.[Elegantno i svestrano] Elegantna boja u kombinaciji s \u010distim linijama lako se integrira u va\u0161 dom. Koristite kupaonsku policu u kupaonici, dnevnom boravku ili hodniku - vi odlu\u010dujete.[Robustan, stabilan i siguran] Izra\u0111en od visokokvalitetnih MDF plo\u010da, ovaj kupaonski ormari\u0107 je robustan i stabilan; uklju\u010dena za\u0161tita od prevrtanja pru\u017ea dodatnu stabilnost i sigurnost.\",\"breadcrumb\":{\"@id\":\"https:\/\/inti.hr\/bs\/proizvod\/kupaonski-ormaric-30-x-30-x-170-cm-s-podesivim-policama\/#breadcrumb\"},\"inLanguage\":\"bs-BA\",\"potentialAction\":[{\"@type\":\"ReadAction\",\"target\":[\"https:\/\/inti.hr\/bs\/proizvod\/kupaonski-ormaric-30-x-30-x-170-cm-s-podesivim-policama\/\"]}]},{\"@type\":\"ImageObject\",\"inLanguage\":\"bs-BA\",\"@id\":\"https:\/\/inti.hr\/bs\/proizvod\/kupaonski-ormaric-30-x-30-x-170-cm-s-podesivim-policama\/#primaryimage\",\"url\":\"https:\/\/i0.wp.com\/inti.hr\/wp-content\/uploads\/2025\/10\/BBC560P31-1.jpg?fit=1000%2C1000&ssl=1\",\"contentUrl\":\"https:\/\/i0.wp.com\/inti.hr\/wp-content\/uploads\/2025\/10\/BBC560P31-1.jpg?fit=1000%2C1000&ssl=1\",\"width\":1000,\"height\":1000,\"caption\":\"VASAGLE Uski visoki ormari\u0107 sa staklenim vratima i nogama, tinta crna boja\"},{\"@type\":\"BreadcrumbList\",\"@id\":\"https:\/\/inti.hr\/bs\/proizvod\/kupaonski-ormaric-30-x-30-x-170-cm-s-podesivim-policama\/#breadcrumb\",\"itemListElement\":[{\"@type\":\"ListItem\",\"position\":1,\"name\":\"Po\u010detna stranica\",\"item\":\"https:\/\/inti.hr\/bs\/\"},{\"@type\":\"ListItem\",\"position\":2,\"name\":\"Trgovina\",\"item\":\"https:\/\/inti.hr\/bs\/trgovina\/\"},{\"@type\":\"ListItem\",\"position\":3,\"name\":\"Kupaonski ormari\u0107 30 x 30 x 170 cm s podesivim policama\"}]},{\"@type\":\"WebSite\",\"@id\":\"https:\/\/inti.hr\/bs\/#website\",\"url\":\"https:\/\/inti.hr\/bs\/\",\"name\":\"Inti\",\"description\":\"trgovina\",\"potentialAction\":[{\"@type\":\"SearchAction\",\"target\":{\"@type\":\"EntryPoint\",\"urlTemplate\":\"https:\/\/inti.hr\/bs\/?s={search_term_string}\"},\"query-input\":{\"@type\":\"PropertyValueSpecification\",\"valueRequired\":true,\"valueName\":\"search_term_string\"}}],\"inLanguage\":\"bs-BA\"}]}<\/script>\n<!-- \/ Yoast SEO plugin. -->","yoast_head_json":{"title":"Kupaonski ormari\u0107 30 x 30 x 170 cm s podesivim policama - Inti","description":"[Svestrane mogu\u0107nosti pohrane] Gornji i donji ormari\u0107, otvoreni pretinac i ladica u sredini - ovaj kupaonski ormari\u0107 nudi razne mogu\u0107nosti pohrane kako biste svoje stvari dr\u017eali organiziranima.[Fleksibilno montirana vrata ormari\u0107a i podesive police] Vrata svakog ormari\u0107a mogu se montirati lijevo ili desno; police iza vrata podesive su po visini za pribor razli\u010ditih veli\u010dina.[Jednostavno sastavljanje i \u010di\u0161\u0107enje] Zahvaljuju\u0107i ozna\u010denim dijelovima i jednostavnim uputama, sastavljanje ovog samostoje\u0107eg kupaonskog ormari\u0107a je izuzetno jednostavno. Glatka povr\u0161ina se lako \u010disti.[Elegantno i svestrano] Elegantna boja u kombinaciji s \u010distim linijama lako se integrira u va\u0161 dom. Koristite kupaonsku policu u kupaonici, dnevnom boravku ili hodniku - vi odlu\u010dujete.[Robustan, stabilan i siguran] Izra\u0111en od visokokvalitetnih MDF plo\u010da, ovaj kupaonski ormari\u0107 je robustan i stabilan; uklju\u010dena za\u0161tita od prevrtanja pru\u017ea dodatnu stabilnost i sigurnost.","robots":{"index":"index","follow":"follow","max-snippet":"max-snippet:-1","max-image-preview":"max-image-preview:large","max-video-preview":"max-video-preview:-1"},"canonical":"https:\/\/inti.hr\/bs\/proizvod\/kupaonski-ormaric-30-x-30-x-170-cm-s-podesivim-policama\/","og_locale":"bs_BA","og_type":"article","og_title":"Kupaonski ormari\u0107 30 x 30 x 170 cm s podesivim policama - Inti","og_description":"[Svestrane mogu\u0107nosti pohrane] Gornji i donji ormari\u0107, otvoreni pretinac i ladica u sredini - ovaj kupaonski ormari\u0107 nudi razne mogu\u0107nosti pohrane kako biste svoje stvari dr\u017eali organiziranima.[Fleksibilno montirana vrata ormari\u0107a i podesive police] Vrata svakog ormari\u0107a mogu se montirati lijevo ili desno; police iza vrata podesive su po visini za pribor razli\u010ditih veli\u010dina.[Jednostavno sastavljanje i \u010di\u0161\u0107enje] Zahvaljuju\u0107i ozna\u010denim dijelovima i jednostavnim uputama, sastavljanje ovog samostoje\u0107eg kupaonskog ormari\u0107a je izuzetno jednostavno. Glatka povr\u0161ina se lako \u010disti.[Elegantno i svestrano] Elegantna boja u kombinaciji s \u010distim linijama lako se integrira u va\u0161 dom. Koristite kupaonsku policu u kupaonici, dnevnom boravku ili hodniku - vi odlu\u010dujete.[Robustan, stabilan i siguran] Izra\u0111en od visokokvalitetnih MDF plo\u010da, ovaj kupaonski ormari\u0107 je robustan i stabilan; uklju\u010dena za\u0161tita od prevrtanja pru\u017ea dodatnu stabilnost i sigurnost.","og_url":"https:\/\/inti.hr\/bs\/proizvod\/kupaonski-ormaric-30-x-30-x-170-cm-s-podesivim-policama\/","og_site_name":"Inti","og_image":[{"width":1000,"height":1000,"url":"https:\/\/i0.wp.com\/inti.hr\/wp-content\/uploads\/2025\/10\/BBC560P31-1.jpg?fit=1000%2C1000&ssl=1","type":"image\/jpeg"}],"twitter_card":"summary_large_image","schema":{"@context":"https:\/\/schema.org","@graph":[{"@type":"WebPage","@id":"https:\/\/inti.hr\/bs\/proizvod\/kupaonski-ormaric-30-x-30-x-170-cm-s-podesivim-policama\/","url":"https:\/\/inti.hr\/bs\/proizvod\/kupaonski-ormaric-30-x-30-x-170-cm-s-podesivim-policama\/","name":"Kupaonski ormari\u0107 30 x 30 x 170 cm s podesivim policama - Inti","isPartOf":{"@id":"https:\/\/inti.hr\/bs\/#website"},"primaryImageOfPage":{"@id":"https:\/\/inti.hr\/bs\/proizvod\/kupaonski-ormaric-30-x-30-x-170-cm-s-podesivim-policama\/#primaryimage"},"image":{"@id":"https:\/\/inti.hr\/bs\/proizvod\/kupaonski-ormaric-30-x-30-x-170-cm-s-podesivim-policama\/#primaryimage"},"thumbnailUrl":"https:\/\/i0.wp.com\/inti.hr\/wp-content\/uploads\/2025\/10\/BBC560P31-1.jpg?fit=1000%2C1000&ssl=1","datePublished":"2025-10-17T08:37:17+00:00","dateModified":"2025-10-17T08:37:17+00:00","description":"[Svestrane mogu\u0107nosti pohrane] Gornji i donji ormari\u0107, otvoreni pretinac i ladica u sredini - ovaj kupaonski ormari\u0107 nudi razne mogu\u0107nosti pohrane kako biste svoje stvari dr\u017eali organiziranima.[Fleksibilno montirana vrata ormari\u0107a i podesive police] Vrata svakog ormari\u0107a mogu se montirati lijevo ili desno; police iza vrata podesive su po visini za pribor razli\u010ditih veli\u010dina.[Jednostavno sastavljanje i \u010di\u0161\u0107enje] Zahvaljuju\u0107i ozna\u010denim dijelovima i jednostavnim uputama, sastavljanje ovog samostoje\u0107eg kupaonskog ormari\u0107a je izuzetno jednostavno. Glatka povr\u0161ina se lako \u010disti.[Elegantno i svestrano] Elegantna boja u kombinaciji s \u010distim linijama lako se integrira u va\u0161 dom. Koristite kupaonsku policu u kupaonici, dnevnom boravku ili hodniku - vi odlu\u010dujete.[Robustan, stabilan i siguran] Izra\u0111en od visokokvalitetnih MDF plo\u010da, ovaj kupaonski ormari\u0107 je robustan i stabilan; uklju\u010dena za\u0161tita od prevrtanja pru\u017ea dodatnu stabilnost i sigurnost.","breadcrumb":{"@id":"https:\/\/inti.hr\/bs\/proizvod\/kupaonski-ormaric-30-x-30-x-170-cm-s-podesivim-policama\/#breadcrumb"},"inLanguage":"bs-BA","potentialAction":[{"@type":"ReadAction","target":["https:\/\/inti.hr\/bs\/proizvod\/kupaonski-ormaric-30-x-30-x-170-cm-s-podesivim-policama\/"]}]},{"@type":"ImageObject","inLanguage":"bs-BA","@id":"https:\/\/inti.hr\/bs\/proizvod\/kupaonski-ormaric-30-x-30-x-170-cm-s-podesivim-policama\/#primaryimage","url":"https:\/\/i0.wp.com\/inti.hr\/wp-content\/uploads\/2025\/10\/BBC560P31-1.jpg?fit=1000%2C1000&ssl=1","contentUrl":"https:\/\/i0.wp.com\/inti.hr\/wp-content\/uploads\/2025\/10\/BBC560P31-1.jpg?fit=1000%2C1000&ssl=1","width":1000,"height":1000,"caption":"VASAGLE Uski visoki ormari\u0107 sa staklenim vratima i nogama, tinta crna boja"},{"@type":"BreadcrumbList","@id":"https:\/\/inti.hr\/bs\/proizvod\/kupaonski-ormaric-30-x-30-x-170-cm-s-podesivim-policama\/#breadcrumb","itemListElement":[{"@type":"ListItem","position":1,"name":"Po\u010detna stranica","item":"https:\/\/inti.hr\/bs\/"},{"@type":"ListItem","position":2,"name":"Trgovina","item":"https:\/\/inti.hr\/bs\/trgovina\/"},{"@type":"ListItem","position":3,"name":"Kupaonski ormari\u0107 30 x 30 x 170 cm s podesivim policama"}]},{"@type":"WebSite","@id":"https:\/\/inti.hr\/bs\/#website","url":"https:\/\/inti.hr\/bs\/","name":"Inti","description":"trgovina","potentialAction":[{"@type":"SearchAction","target":{"@type":"EntryPoint","urlTemplate":"https:\/\/inti.hr\/bs\/?s={search_term_string}"},"query-input":{"@type":"PropertyValueSpecification","valueRequired":true,"valueName":"search_term_string"}}],"inLanguage":"bs-BA"}]}},"jetpack_sharing_enabled":true,"jetpack-related-posts":[],"_links":{"self":[{"href":"https:\/\/inti.hr\/bs\/wp-json\/wp\/v2\/product\/30927"}],"collection":[{"href":"https:\/\/inti.hr\/bs\/wp-json\/wp\/v2\/product"}],"about":[{"href":"https:\/\/inti.hr\/bs\/wp-json\/wp\/v2\/types\/product"}],"wp:featuredmedia":[{"embeddable":true,"href":"https:\/\/inti.hr\/bs\/wp-json\/wp\/v2\/media\/30929"}],"wp:attachment":[{"href":"https:\/\/inti.hr\/bs\/wp-json\/wp\/v2\/media?parent=30927"}],"wp:term":[{"taxonomy":"product_cat","embeddable":true,"href":"https:\/\/inti.hr\/bs\/wp-json\/wp\/v2\/product_cat?post=30927"},{"taxonomy":"product_tag","embeddable":true,"href":"https:\/\/inti.hr\/bs\/wp-json\/wp\/v2\/product_tag?post=30927"}],"curies":[{"name":"wp","href":"https:\/\/api.w.org\/{rel}","templated":true}]}}