{"id":30943,"date":"2025-10-14T09:05:04","date_gmt":"2025-10-14T08:05:04","guid":{"rendered":"https:\/\/inti.hr\/product\/toaletni-stolic-s-led-ogledalom-uticnicom-i-devet-ladica\/"},"modified":"2025-10-14T09:05:04","modified_gmt":"2025-10-14T08:05:04","slug":"toaletni-stolic-s-led-ogledalom-uticnicom-i-devet-ladica","status":"publish","type":"product","link":"https:\/\/inti.hr\/bs\/proizvod\/toaletni-stolic-s-led-ogledalom-uticnicom-i-devet-ladica\/","title":{"rendered":"Toaletni stoli\u0107 s LED ogledalom, uti\u010dnicom i devet ladica"},"content":{"rendered":"<ul>\n<li><b><span dir=\"auto\">Detalji o proizvodu:<\/span><\/b><\/li>\n<li><span dir=\"auto\">Boja: Obla\u010dno bijela<\/span><\/li>\n<li><span dir=\"auto\">Materijal: iverica, MDF (vlaknasta plo\u010da srednje gusto\u0107e), staklo<\/span><\/li>\n<li><span dir=\"auto\">Veli\u010dina: 40 x 110 x 141,5 cm (D x \u0160 x V)<\/span><\/li>\n<li><span dir=\"auto\">Te\u017eina: 44,4 kg<\/span><\/li>\n<\/ul>\n","protected":false},"excerpt":{"rendered":"<p>Moderno i minimalisti\u010dko: Otkrijte kolekciju KAILYN! Savr\u0161ena kombinacija jarko bijele boje, &#8230; <\/p>\n","protected":false},"featured_media":30944,"template":"","meta":[],"product_cat":[2414],"product_tag":[2768,2769,2770],"yoast_head":"<!-- This site is optimized with the Yoast SEO plugin v23.7 - https:\/\/yoast.com\/wordpress\/plugins\/seo\/ -->\n<title>Toaletni stoli\u0107 s LED ogledalom, uti\u010dnicom i devet ladica - Inti<\/title>\n<meta name=\"description\" content=\"Moderno i minimalisti\u010dko: Otkrijte kolekciju KAILYN! Savr\u0161ena kombinacija jarko bijele boje, glatkih povr\u0161ina i ladica bez ru\u010dki. Uz \u0161irok izbor modela, mo\u017eete stvoriti idealan dizajn interijera koji odgovara va\u0161em ukusu.Pojednostavljena monta\u017ea: Klizne \u0161ine bez alata mogu se jednostavno pri\u010dvrstiti na tijelo toaletnog stoli\u0107a \u2013 bez vijaka!Puno prostora za pohranu: S plo\u010dom \u0161irine 110 cm, 9 ladica, 1 organizatorom za nakit i 7 otvorenih pretinaca (s 3 podesive police), ovaj toaletni stoli\u0107 nudi dovoljno prostora za va\u0161e kozmeti\u010dke proizvode.Ogledalo s LED rasvjetom: Tri boje svjetla (hladno, prirodno i toplo svjetlo) i svjetlina mogu se podesiti pomo\u0107u dodirnog upravljanja; prozirno ogledalo toaletnog stoli\u0107a mo\u017ee se fleksibilno pomicati bo\u010dno.Uklonjivo ogledalo s 10x pove\u0107alom: S ovim prakti\u010dnim, uklonjivim ogledalom s pove\u0107alom mo\u017eete precizno nanijeti maskaru, tu\u0161 za o\u010di ili njegu lica.\" \/>\n<meta name=\"robots\" content=\"index, follow, max-snippet:-1, max-image-preview:large, max-video-preview:-1\" \/>\n<link rel=\"canonical\" href=\"https:\/\/inti.hr\/bs\/proizvod\/toaletni-stolic-s-led-ogledalom-uticnicom-i-devet-ladica\/\" \/>\n<meta property=\"og:locale\" content=\"bs_BA\" \/>\n<meta property=\"og:type\" content=\"article\" \/>\n<meta property=\"og:title\" content=\"Toaletni stoli\u0107 s LED ogledalom, uti\u010dnicom i devet ladica - Inti\" \/>\n<meta property=\"og:description\" content=\"Moderno i minimalisti\u010dko: Otkrijte kolekciju KAILYN! Savr\u0161ena kombinacija jarko bijele boje, glatkih povr\u0161ina i ladica bez ru\u010dki. Uz \u0161irok izbor modela, mo\u017eete stvoriti idealan dizajn interijera koji odgovara va\u0161em ukusu.Pojednostavljena monta\u017ea: Klizne \u0161ine bez alata mogu se jednostavno pri\u010dvrstiti na tijelo toaletnog stoli\u0107a \u2013 bez vijaka!Puno prostora za pohranu: S plo\u010dom \u0161irine 110 cm, 9 ladica, 1 organizatorom za nakit i 7 otvorenih pretinaca (s 3 podesive police), ovaj toaletni stoli\u0107 nudi dovoljno prostora za va\u0161e kozmeti\u010dke proizvode.Ogledalo s LED rasvjetom: Tri boje svjetla (hladno, prirodno i toplo svjetlo) i svjetlina mogu se podesiti pomo\u0107u dodirnog upravljanja; prozirno ogledalo toaletnog stoli\u0107a mo\u017ee se fleksibilno pomicati bo\u010dno.Uklonjivo ogledalo s 10x pove\u0107alom: S ovim prakti\u010dnim, uklonjivim ogledalom s pove\u0107alom mo\u017eete precizno nanijeti maskaru, tu\u0161 za o\u010di ili njegu lica.\" \/>\n<meta property=\"og:url\" content=\"https:\/\/inti.hr\/bs\/proizvod\/toaletni-stolic-s-led-ogledalom-uticnicom-i-devet-ladica\/\" \/>\n<meta property=\"og:site_name\" content=\"Inti\" \/>\n<meta property=\"og:image\" content=\"https:\/\/i0.wp.com\/inti.hr\/wp-content\/uploads\/2025\/10\/RDT137W01-1.jpg?fit=1000%2C1000&ssl=1\" \/>\n\t<meta property=\"og:image:width\" content=\"1000\" \/>\n\t<meta property=\"og:image:height\" content=\"1000\" \/>\n\t<meta property=\"og:image:type\" content=\"image\/jpeg\" \/>\n<meta name=\"twitter:card\" content=\"summary_large_image\" \/>\n<script type=\"application\/ld+json\" class=\"yoast-schema-graph\">{\"@context\":\"https:\/\/schema.org\",\"@graph\":[{\"@type\":\"WebPage\",\"@id\":\"https:\/\/inti.hr\/bs\/proizvod\/toaletni-stolic-s-led-ogledalom-uticnicom-i-devet-ladica\/\",\"url\":\"https:\/\/inti.hr\/bs\/proizvod\/toaletni-stolic-s-led-ogledalom-uticnicom-i-devet-ladica\/\",\"name\":\"Toaletni stoli\u0107 s LED ogledalom, uti\u010dnicom i devet ladica - Inti\",\"isPartOf\":{\"@id\":\"https:\/\/inti.hr\/bs\/#website\"},\"primaryImageOfPage\":{\"@id\":\"https:\/\/inti.hr\/bs\/proizvod\/toaletni-stolic-s-led-ogledalom-uticnicom-i-devet-ladica\/#primaryimage\"},\"image\":{\"@id\":\"https:\/\/inti.hr\/bs\/proizvod\/toaletni-stolic-s-led-ogledalom-uticnicom-i-devet-ladica\/#primaryimage\"},\"thumbnailUrl\":\"https:\/\/i0.wp.com\/inti.hr\/wp-content\/uploads\/2025\/10\/RDT137W01-1.jpg?fit=1000%2C1000&ssl=1\",\"datePublished\":\"2025-10-14T08:05:04+00:00\",\"dateModified\":\"2025-10-14T08:05:04+00:00\",\"description\":\"Moderno i minimalisti\u010dko: Otkrijte kolekciju KAILYN! Savr\u0161ena kombinacija jarko bijele boje, glatkih povr\u0161ina i ladica bez ru\u010dki. Uz \u0161irok izbor modela, mo\u017eete stvoriti idealan dizajn interijera koji odgovara va\u0161em ukusu.Pojednostavljena monta\u017ea: Klizne \u0161ine bez alata mogu se jednostavno pri\u010dvrstiti na tijelo toaletnog stoli\u0107a \u2013 bez vijaka!Puno prostora za pohranu: S plo\u010dom \u0161irine 110 cm, 9 ladica, 1 organizatorom za nakit i 7 otvorenih pretinaca (s 3 podesive police), ovaj toaletni stoli\u0107 nudi dovoljno prostora za va\u0161e kozmeti\u010dke proizvode.Ogledalo s LED rasvjetom: Tri boje svjetla (hladno, prirodno i toplo svjetlo) i svjetlina mogu se podesiti pomo\u0107u dodirnog upravljanja; prozirno ogledalo toaletnog stoli\u0107a mo\u017ee se fleksibilno pomicati bo\u010dno.Uklonjivo ogledalo s 10x pove\u0107alom: S ovim prakti\u010dnim, uklonjivim ogledalom s pove\u0107alom mo\u017eete precizno nanijeti maskaru, tu\u0161 za o\u010di ili njegu lica.\",\"breadcrumb\":{\"@id\":\"https:\/\/inti.hr\/bs\/proizvod\/toaletni-stolic-s-led-ogledalom-uticnicom-i-devet-ladica\/#breadcrumb\"},\"inLanguage\":\"bs-BA\",\"potentialAction\":[{\"@type\":\"ReadAction\",\"target\":[\"https:\/\/inti.hr\/bs\/proizvod\/toaletni-stolic-s-led-ogledalom-uticnicom-i-devet-ladica\/\"]}]},{\"@type\":\"ImageObject\",\"inLanguage\":\"bs-BA\",\"@id\":\"https:\/\/inti.hr\/bs\/proizvod\/toaletni-stolic-s-led-ogledalom-uticnicom-i-devet-ladica\/#primaryimage\",\"url\":\"https:\/\/i0.wp.com\/inti.hr\/wp-content\/uploads\/2025\/10\/RDT137W01-1.jpg?fit=1000%2C1000&ssl=1\",\"contentUrl\":\"https:\/\/i0.wp.com\/inti.hr\/wp-content\/uploads\/2025\/10\/RDT137W01-1.jpg?fit=1000%2C1000&ssl=1\",\"width\":1000,\"height\":1000,\"caption\":\"VASAGLE toaletni stoli\u0107 s LED ogledalom, uti\u010dnicom i devet ladica\"},{\"@type\":\"BreadcrumbList\",\"@id\":\"https:\/\/inti.hr\/bs\/proizvod\/toaletni-stolic-s-led-ogledalom-uticnicom-i-devet-ladica\/#breadcrumb\",\"itemListElement\":[{\"@type\":\"ListItem\",\"position\":1,\"name\":\"Po\u010detna stranica\",\"item\":\"https:\/\/inti.hr\/bs\/\"},{\"@type\":\"ListItem\",\"position\":2,\"name\":\"Trgovina\",\"item\":\"https:\/\/inti.hr\/bs\/trgovina\/\"},{\"@type\":\"ListItem\",\"position\":3,\"name\":\"Toaletni stoli\u0107 s LED ogledalom, uti\u010dnicom i devet ladica\"}]},{\"@type\":\"WebSite\",\"@id\":\"https:\/\/inti.hr\/bs\/#website\",\"url\":\"https:\/\/inti.hr\/bs\/\",\"name\":\"Inti\",\"description\":\"trgovina\",\"potentialAction\":[{\"@type\":\"SearchAction\",\"target\":{\"@type\":\"EntryPoint\",\"urlTemplate\":\"https:\/\/inti.hr\/bs\/?s={search_term_string}\"},\"query-input\":{\"@type\":\"PropertyValueSpecification\",\"valueRequired\":true,\"valueName\":\"search_term_string\"}}],\"inLanguage\":\"bs-BA\"}]}<\/script>\n<!-- \/ Yoast SEO plugin. -->","yoast_head_json":{"title":"Toaletni stoli\u0107 s LED ogledalom, uti\u010dnicom i devet ladica - Inti","description":"Moderno i minimalisti\u010dko: Otkrijte kolekciju KAILYN! Savr\u0161ena kombinacija jarko bijele boje, glatkih povr\u0161ina i ladica bez ru\u010dki. Uz \u0161irok izbor modela, mo\u017eete stvoriti idealan dizajn interijera koji odgovara va\u0161em ukusu.Pojednostavljena monta\u017ea: Klizne \u0161ine bez alata mogu se jednostavno pri\u010dvrstiti na tijelo toaletnog stoli\u0107a \u2013 bez vijaka!Puno prostora za pohranu: S plo\u010dom \u0161irine 110 cm, 9 ladica, 1 organizatorom za nakit i 7 otvorenih pretinaca (s 3 podesive police), ovaj toaletni stoli\u0107 nudi dovoljno prostora za va\u0161e kozmeti\u010dke proizvode.Ogledalo s LED rasvjetom: Tri boje svjetla (hladno, prirodno i toplo svjetlo) i svjetlina mogu se podesiti pomo\u0107u dodirnog upravljanja; prozirno ogledalo toaletnog stoli\u0107a mo\u017ee se fleksibilno pomicati bo\u010dno.Uklonjivo ogledalo s 10x pove\u0107alom: S ovim prakti\u010dnim, uklonjivim ogledalom s pove\u0107alom mo\u017eete precizno nanijeti maskaru, tu\u0161 za o\u010di ili njegu lica.","robots":{"index":"index","follow":"follow","max-snippet":"max-snippet:-1","max-image-preview":"max-image-preview:large","max-video-preview":"max-video-preview:-1"},"canonical":"https:\/\/inti.hr\/bs\/proizvod\/toaletni-stolic-s-led-ogledalom-uticnicom-i-devet-ladica\/","og_locale":"bs_BA","og_type":"article","og_title":"Toaletni stoli\u0107 s LED ogledalom, uti\u010dnicom i devet ladica - Inti","og_description":"Moderno i minimalisti\u010dko: Otkrijte kolekciju KAILYN! Savr\u0161ena kombinacija jarko bijele boje, glatkih povr\u0161ina i ladica bez ru\u010dki. Uz \u0161irok izbor modela, mo\u017eete stvoriti idealan dizajn interijera koji odgovara va\u0161em ukusu.Pojednostavljena monta\u017ea: Klizne \u0161ine bez alata mogu se jednostavno pri\u010dvrstiti na tijelo toaletnog stoli\u0107a \u2013 bez vijaka!Puno prostora za pohranu: S plo\u010dom \u0161irine 110 cm, 9 ladica, 1 organizatorom za nakit i 7 otvorenih pretinaca (s 3 podesive police), ovaj toaletni stoli\u0107 nudi dovoljno prostora za va\u0161e kozmeti\u010dke proizvode.Ogledalo s LED rasvjetom: Tri boje svjetla (hladno, prirodno i toplo svjetlo) i svjetlina mogu se podesiti pomo\u0107u dodirnog upravljanja; prozirno ogledalo toaletnog stoli\u0107a mo\u017ee se fleksibilno pomicati bo\u010dno.Uklonjivo ogledalo s 10x pove\u0107alom: S ovim prakti\u010dnim, uklonjivim ogledalom s pove\u0107alom mo\u017eete precizno nanijeti maskaru, tu\u0161 za o\u010di ili njegu lica.","og_url":"https:\/\/inti.hr\/bs\/proizvod\/toaletni-stolic-s-led-ogledalom-uticnicom-i-devet-ladica\/","og_site_name":"Inti","og_image":[{"width":1000,"height":1000,"url":"https:\/\/i0.wp.com\/inti.hr\/wp-content\/uploads\/2025\/10\/RDT137W01-1.jpg?fit=1000%2C1000&ssl=1","type":"image\/jpeg"}],"twitter_card":"summary_large_image","schema":{"@context":"https:\/\/schema.org","@graph":[{"@type":"WebPage","@id":"https:\/\/inti.hr\/bs\/proizvod\/toaletni-stolic-s-led-ogledalom-uticnicom-i-devet-ladica\/","url":"https:\/\/inti.hr\/bs\/proizvod\/toaletni-stolic-s-led-ogledalom-uticnicom-i-devet-ladica\/","name":"Toaletni stoli\u0107 s LED ogledalom, uti\u010dnicom i devet ladica - Inti","isPartOf":{"@id":"https:\/\/inti.hr\/bs\/#website"},"primaryImageOfPage":{"@id":"https:\/\/inti.hr\/bs\/proizvod\/toaletni-stolic-s-led-ogledalom-uticnicom-i-devet-ladica\/#primaryimage"},"image":{"@id":"https:\/\/inti.hr\/bs\/proizvod\/toaletni-stolic-s-led-ogledalom-uticnicom-i-devet-ladica\/#primaryimage"},"thumbnailUrl":"https:\/\/i0.wp.com\/inti.hr\/wp-content\/uploads\/2025\/10\/RDT137W01-1.jpg?fit=1000%2C1000&ssl=1","datePublished":"2025-10-14T08:05:04+00:00","dateModified":"2025-10-14T08:05:04+00:00","description":"Moderno i minimalisti\u010dko: Otkrijte kolekciju KAILYN! Savr\u0161ena kombinacija jarko bijele boje, glatkih povr\u0161ina i ladica bez ru\u010dki. Uz \u0161irok izbor modela, mo\u017eete stvoriti idealan dizajn interijera koji odgovara va\u0161em ukusu.Pojednostavljena monta\u017ea: Klizne \u0161ine bez alata mogu se jednostavno pri\u010dvrstiti na tijelo toaletnog stoli\u0107a \u2013 bez vijaka!Puno prostora za pohranu: S plo\u010dom \u0161irine 110 cm, 9 ladica, 1 organizatorom za nakit i 7 otvorenih pretinaca (s 3 podesive police), ovaj toaletni stoli\u0107 nudi dovoljno prostora za va\u0161e kozmeti\u010dke proizvode.Ogledalo s LED rasvjetom: Tri boje svjetla (hladno, prirodno i toplo svjetlo) i svjetlina mogu se podesiti pomo\u0107u dodirnog upravljanja; prozirno ogledalo toaletnog stoli\u0107a mo\u017ee se fleksibilno pomicati bo\u010dno.Uklonjivo ogledalo s 10x pove\u0107alom: S ovim prakti\u010dnim, uklonjivim ogledalom s pove\u0107alom mo\u017eete precizno nanijeti maskaru, tu\u0161 za o\u010di ili njegu lica.","breadcrumb":{"@id":"https:\/\/inti.hr\/bs\/proizvod\/toaletni-stolic-s-led-ogledalom-uticnicom-i-devet-ladica\/#breadcrumb"},"inLanguage":"bs-BA","potentialAction":[{"@type":"ReadAction","target":["https:\/\/inti.hr\/bs\/proizvod\/toaletni-stolic-s-led-ogledalom-uticnicom-i-devet-ladica\/"]}]},{"@type":"ImageObject","inLanguage":"bs-BA","@id":"https:\/\/inti.hr\/bs\/proizvod\/toaletni-stolic-s-led-ogledalom-uticnicom-i-devet-ladica\/#primaryimage","url":"https:\/\/i0.wp.com\/inti.hr\/wp-content\/uploads\/2025\/10\/RDT137W01-1.jpg?fit=1000%2C1000&ssl=1","contentUrl":"https:\/\/i0.wp.com\/inti.hr\/wp-content\/uploads\/2025\/10\/RDT137W01-1.jpg?fit=1000%2C1000&ssl=1","width":1000,"height":1000,"caption":"VASAGLE toaletni stoli\u0107 s LED ogledalom, uti\u010dnicom i devet ladica"},{"@type":"BreadcrumbList","@id":"https:\/\/inti.hr\/bs\/proizvod\/toaletni-stolic-s-led-ogledalom-uticnicom-i-devet-ladica\/#breadcrumb","itemListElement":[{"@type":"ListItem","position":1,"name":"Po\u010detna stranica","item":"https:\/\/inti.hr\/bs\/"},{"@type":"ListItem","position":2,"name":"Trgovina","item":"https:\/\/inti.hr\/bs\/trgovina\/"},{"@type":"ListItem","position":3,"name":"Toaletni stoli\u0107 s LED ogledalom, uti\u010dnicom i devet ladica"}]},{"@type":"WebSite","@id":"https:\/\/inti.hr\/bs\/#website","url":"https:\/\/inti.hr\/bs\/","name":"Inti","description":"trgovina","potentialAction":[{"@type":"SearchAction","target":{"@type":"EntryPoint","urlTemplate":"https:\/\/inti.hr\/bs\/?s={search_term_string}"},"query-input":{"@type":"PropertyValueSpecification","valueRequired":true,"valueName":"search_term_string"}}],"inLanguage":"bs-BA"}]}},"jetpack_sharing_enabled":true,"jetpack-related-posts":[],"_links":{"self":[{"href":"https:\/\/inti.hr\/bs\/wp-json\/wp\/v2\/product\/30943"}],"collection":[{"href":"https:\/\/inti.hr\/bs\/wp-json\/wp\/v2\/product"}],"about":[{"href":"https:\/\/inti.hr\/bs\/wp-json\/wp\/v2\/types\/product"}],"wp:featuredmedia":[{"embeddable":true,"href":"https:\/\/inti.hr\/bs\/wp-json\/wp\/v2\/media\/30944"}],"wp:attachment":[{"href":"https:\/\/inti.hr\/bs\/wp-json\/wp\/v2\/media?parent=30943"}],"wp:term":[{"taxonomy":"product_cat","embeddable":true,"href":"https:\/\/inti.hr\/bs\/wp-json\/wp\/v2\/product_cat?post=30943"},{"taxonomy":"product_tag","embeddable":true,"href":"https:\/\/inti.hr\/bs\/wp-json\/wp\/v2\/product_tag?post=30943"}],"curies":[{"name":"wp","href":"https:\/\/api.w.org\/{rel}","templated":true}]}}