{"id":30965,"date":"2025-10-14T08:42:18","date_gmt":"2025-10-14T07:42:18","guid":{"rendered":"https:\/\/inti.hr\/product\/ergonomska-igraca-stolica-s-osloncem-za-noge-i-jastukom-od-perja\/"},"modified":"2025-10-14T08:42:18","modified_gmt":"2025-10-14T07:42:18","slug":"ergonomska-igraca-stolica-s-osloncem-za-noge-i-jastukom-od-perja","status":"publish","type":"product","link":"https:\/\/inti.hr\/bs\/proizvod\/ergonomska-igraca-stolica-s-osloncem-za-noge-i-jastukom-od-perja\/","title":{"rendered":"Ergonomska igra\u0107a stolica s osloncem za noge i jastukom od perja"},"content":{"rendered":"<p>Detalji o proizvodu:<br \/>\nBoja: Crna tinta, siva<br \/>\nMaterijal: \u0161perplo\u010da, \u010delik, najlon, pjena, poliesterska tkanina<br \/>\nVeli\u010dina: 70 x 70 x (123,5-133) cm (D x \u0160 x V)<br \/>\nTe\u017eina: 18,5 kg<br \/>\nMaks. stati\u010dka nosivost: 150 kg<\/p>\n","protected":false},"excerpt":{"rendered":"<ul class=\"left\">\n<li><span dir=\"auto\">Jastuk za sjedenje s perjem: Ravnomjerno raspore\u0111ene opruge &#8230;<br \/>\n","protected":false},"featured_media":30967,"template":"","meta":[],"product_cat":[2436],"product_tag":[2784,2785],"yoast_head":"<!-- This site is optimized with the Yoast SEO plugin v23.7 - https:\/\/yoast.com\/wordpress\/plugins\/seo\/ -->\n<title>Ergonomska igra\u0107a stolica s osloncem za noge i jastukom od perja - Inti<\/title>\n<meta name=\"description\" content=\"Jastuk za sjedenje s perjem: Ravnomjerno raspore\u0111ene opruge u kombinaciji s mekom, visoko elasti\u010dnom pjenom visoke gusto\u0107e nude izvrsnu udobnost sjedenja i ubla\u017eavaju umor tijekom dugotrajnog sjedenja.Odabrani materijali: Luksuzna povr\u0161ina od sinteti\u010dke ko\u017ee impresionira svojim jednostavnim \u010di\u0161\u0107enjem i tihom bukom; perforirana PU gamerska stolica je prozra\u010dna i omogu\u0107uje hladno iskustvo sjedenja tijekom igranjaErgonomski dizajn: Naslon podesiv izme\u0111u 90\u00b0-135\u00b0, nasloni za ruke sa sinkronim mehanizmom, mekani pjenasti jastuci za glavu i lumbalni dio, produ\u017eivi oslonac za noge \u2013 sve to osigurava optimalnu potporuRobusno i stabilno: testirana baza je robusna i ne lomi se lako, \u0161to osigurava sigurnu upotrebu; vrhunski plinski tla\u010dni cilindar daje uredskoj stolici visoku stabilnost i dug vijek trajanjaJednostavno sastavljanje: Zahvaljuju\u0107i jasnim uputama i ozna\u010denim dijelovima, ovu gamersku stolicu mo\u017eete sastaviti za 15-30 minuta\" \/>\n<meta name=\"robots\" content=\"index, follow, max-snippet:-1, max-image-preview:large, max-video-preview:-1\" \/>\n<link rel=\"canonical\" href=\"https:\/\/inti.hr\/bs\/proizvod\/ergonomska-igraca-stolica-s-osloncem-za-noge-i-jastukom-od-perja\/\" \/>\n<meta property=\"og:locale\" content=\"bs_BA\" \/>\n<meta property=\"og:type\" content=\"article\" \/>\n<meta property=\"og:title\" content=\"Ergonomska igra\u0107a stolica s osloncem za noge i jastukom od perja - Inti\" \/>\n<meta property=\"og:description\" content=\"Jastuk za sjedenje s perjem: Ravnomjerno raspore\u0111ene opruge u kombinaciji s mekom, visoko elasti\u010dnom pjenom visoke gusto\u0107e nude izvrsnu udobnost sjedenja i ubla\u017eavaju umor tijekom dugotrajnog sjedenja.Odabrani materijali: Luksuzna povr\u0161ina od sinteti\u010dke ko\u017ee impresionira svojim jednostavnim \u010di\u0161\u0107enjem i tihom bukom; perforirana PU gamerska stolica je prozra\u010dna i omogu\u0107uje hladno iskustvo sjedenja tijekom igranjaErgonomski dizajn: Naslon podesiv izme\u0111u 90\u00b0-135\u00b0, nasloni za ruke sa sinkronim mehanizmom, mekani pjenasti jastuci za glavu i lumbalni dio, produ\u017eivi oslonac za noge \u2013 sve to osigurava optimalnu potporuRobusno i stabilno: testirana baza je robusna i ne lomi se lako, \u0161to osigurava sigurnu upotrebu; vrhunski plinski tla\u010dni cilindar daje uredskoj stolici visoku stabilnost i dug vijek trajanjaJednostavno sastavljanje: Zahvaljuju\u0107i jasnim uputama i ozna\u010denim dijelovima, ovu gamersku stolicu mo\u017eete sastaviti za 15-30 minuta\" \/>\n<meta property=\"og:url\" content=\"https:\/\/inti.hr\/bs\/proizvod\/ergonomska-igraca-stolica-s-osloncem-za-noge-i-jastukom-od-perja\/\" \/>\n<meta property=\"og:site_name\" content=\"Inti\" \/>\n<meta property=\"og:image\" content=\"https:\/\/i0.wp.com\/inti.hr\/wp-content\/uploads\/2025\/10\/OBG079G01-1-1.jpg?fit=1000%2C1000&ssl=1\" \/>\n\t<meta property=\"og:image:width\" content=\"1000\" \/>\n\t<meta property=\"og:image:height\" content=\"1000\" \/>\n\t<meta property=\"og:image:type\" content=\"image\/jpeg\" \/>\n<meta name=\"twitter:card\" content=\"summary_large_image\" \/>\n<script type=\"application\/ld+json\" class=\"yoast-schema-graph\">{\"@context\":\"https:\/\/schema.org\",\"@graph\":[{\"@type\":\"WebPage\",\"@id\":\"https:\/\/inti.hr\/bs\/proizvod\/ergonomska-igraca-stolica-s-osloncem-za-noge-i-jastukom-od-perja\/\",\"url\":\"https:\/\/inti.hr\/bs\/proizvod\/ergonomska-igraca-stolica-s-osloncem-za-noge-i-jastukom-od-perja\/\",\"name\":\"Ergonomska igra\u0107a stolica s osloncem za noge i jastukom od perja - Inti\",\"isPartOf\":{\"@id\":\"https:\/\/inti.hr\/bs\/#website\"},\"primaryImageOfPage\":{\"@id\":\"https:\/\/inti.hr\/bs\/proizvod\/ergonomska-igraca-stolica-s-osloncem-za-noge-i-jastukom-od-perja\/#primaryimage\"},\"image\":{\"@id\":\"https:\/\/inti.hr\/bs\/proizvod\/ergonomska-igraca-stolica-s-osloncem-za-noge-i-jastukom-od-perja\/#primaryimage\"},\"thumbnailUrl\":\"https:\/\/i0.wp.com\/inti.hr\/wp-content\/uploads\/2025\/10\/OBG079G01-1-1.jpg?fit=1000%2C1000&ssl=1\",\"datePublished\":\"2025-10-14T07:42:18+00:00\",\"dateModified\":\"2025-10-14T07:42:18+00:00\",\"description\":\"Jastuk za sjedenje s perjem: Ravnomjerno raspore\u0111ene opruge u kombinaciji s mekom, visoko elasti\u010dnom pjenom visoke gusto\u0107e nude izvrsnu udobnost sjedenja i ubla\u017eavaju umor tijekom dugotrajnog sjedenja.Odabrani materijali: Luksuzna povr\u0161ina od sinteti\u010dke ko\u017ee impresionira svojim jednostavnim \u010di\u0161\u0107enjem i tihom bukom; perforirana PU gamerska stolica je prozra\u010dna i omogu\u0107uje hladno iskustvo sjedenja tijekom igranjaErgonomski dizajn: Naslon podesiv izme\u0111u 90\u00b0-135\u00b0, nasloni za ruke sa sinkronim mehanizmom, mekani pjenasti jastuci za glavu i lumbalni dio, produ\u017eivi oslonac za noge \u2013 sve to osigurava optimalnu potporuRobusno i stabilno: testirana baza je robusna i ne lomi se lako, \u0161to osigurava sigurnu upotrebu; vrhunski plinski tla\u010dni cilindar daje uredskoj stolici visoku stabilnost i dug vijek trajanjaJednostavno sastavljanje: Zahvaljuju\u0107i jasnim uputama i ozna\u010denim dijelovima, ovu gamersku stolicu mo\u017eete sastaviti za 15-30 minuta\",\"breadcrumb\":{\"@id\":\"https:\/\/inti.hr\/bs\/proizvod\/ergonomska-igraca-stolica-s-osloncem-za-noge-i-jastukom-od-perja\/#breadcrumb\"},\"inLanguage\":\"bs-BA\",\"potentialAction\":[{\"@type\":\"ReadAction\",\"target\":[\"https:\/\/inti.hr\/bs\/proizvod\/ergonomska-igraca-stolica-s-osloncem-za-noge-i-jastukom-od-perja\/\"]}]},{\"@type\":\"ImageObject\",\"inLanguage\":\"bs-BA\",\"@id\":\"https:\/\/inti.hr\/bs\/proizvod\/ergonomska-igraca-stolica-s-osloncem-za-noge-i-jastukom-od-perja\/#primaryimage\",\"url\":\"https:\/\/i0.wp.com\/inti.hr\/wp-content\/uploads\/2025\/10\/OBG079G01-1-1.jpg?fit=1000%2C1000&ssl=1\",\"contentUrl\":\"https:\/\/i0.wp.com\/inti.hr\/wp-content\/uploads\/2025\/10\/OBG079G01-1-1.jpg?fit=1000%2C1000&ssl=1\",\"width\":1000,\"height\":1000},{\"@type\":\"BreadcrumbList\",\"@id\":\"https:\/\/inti.hr\/bs\/proizvod\/ergonomska-igraca-stolica-s-osloncem-za-noge-i-jastukom-od-perja\/#breadcrumb\",\"itemListElement\":[{\"@type\":\"ListItem\",\"position\":1,\"name\":\"Po\u010detna stranica\",\"item\":\"https:\/\/inti.hr\/bs\/\"},{\"@type\":\"ListItem\",\"position\":2,\"name\":\"Trgovina\",\"item\":\"https:\/\/inti.hr\/bs\/trgovina\/\"},{\"@type\":\"ListItem\",\"position\":3,\"name\":\"Ergonomska igra\u0107a stolica s osloncem za noge i jastukom od perja\"}]},{\"@type\":\"WebSite\",\"@id\":\"https:\/\/inti.hr\/bs\/#website\",\"url\":\"https:\/\/inti.hr\/bs\/\",\"name\":\"Inti\",\"description\":\"trgovina\",\"potentialAction\":[{\"@type\":\"SearchAction\",\"target\":{\"@type\":\"EntryPoint\",\"urlTemplate\":\"https:\/\/inti.hr\/bs\/?s={search_term_string}\"},\"query-input\":{\"@type\":\"PropertyValueSpecification\",\"valueRequired\":true,\"valueName\":\"search_term_string\"}}],\"inLanguage\":\"bs-BA\"}]}<\/script>\n<!-- \/ Yoast SEO plugin. -->","yoast_head_json":{"title":"Ergonomska igra\u0107a stolica s osloncem za noge i jastukom od perja - Inti","description":"Jastuk za sjedenje s perjem: Ravnomjerno raspore\u0111ene opruge u kombinaciji s mekom, visoko elasti\u010dnom pjenom visoke gusto\u0107e nude izvrsnu udobnost sjedenja i ubla\u017eavaju umor tijekom dugotrajnog sjedenja.Odabrani materijali: Luksuzna povr\u0161ina od sinteti\u010dke ko\u017ee impresionira svojim jednostavnim \u010di\u0161\u0107enjem i tihom bukom; perforirana PU gamerska stolica je prozra\u010dna i omogu\u0107uje hladno iskustvo sjedenja tijekom igranjaErgonomski dizajn: Naslon podesiv izme\u0111u 90\u00b0-135\u00b0, nasloni za ruke sa sinkronim mehanizmom, mekani pjenasti jastuci za glavu i lumbalni dio, produ\u017eivi oslonac za noge \u2013 sve to osigurava optimalnu potporuRobusno i stabilno: testirana baza je robusna i ne lomi se lako, \u0161to osigurava sigurnu upotrebu; vrhunski plinski tla\u010dni cilindar daje uredskoj stolici visoku stabilnost i dug vijek trajanjaJednostavno sastavljanje: Zahvaljuju\u0107i jasnim uputama i ozna\u010denim dijelovima, ovu gamersku stolicu mo\u017eete sastaviti za 15-30 minuta","robots":{"index":"index","follow":"follow","max-snippet":"max-snippet:-1","max-image-preview":"max-image-preview:large","max-video-preview":"max-video-preview:-1"},"canonical":"https:\/\/inti.hr\/bs\/proizvod\/ergonomska-igraca-stolica-s-osloncem-za-noge-i-jastukom-od-perja\/","og_locale":"bs_BA","og_type":"article","og_title":"Ergonomska igra\u0107a stolica s osloncem za noge i jastukom od perja - Inti","og_description":"Jastuk za sjedenje s perjem: Ravnomjerno raspore\u0111ene opruge u kombinaciji s mekom, visoko elasti\u010dnom pjenom visoke gusto\u0107e nude izvrsnu udobnost sjedenja i ubla\u017eavaju umor tijekom dugotrajnog sjedenja.Odabrani materijali: Luksuzna povr\u0161ina od sinteti\u010dke ko\u017ee impresionira svojim jednostavnim \u010di\u0161\u0107enjem i tihom bukom; perforirana PU gamerska stolica je prozra\u010dna i omogu\u0107uje hladno iskustvo sjedenja tijekom igranjaErgonomski dizajn: Naslon podesiv izme\u0111u 90\u00b0-135\u00b0, nasloni za ruke sa sinkronim mehanizmom, mekani pjenasti jastuci za glavu i lumbalni dio, produ\u017eivi oslonac za noge \u2013 sve to osigurava optimalnu potporuRobusno i stabilno: testirana baza je robusna i ne lomi se lako, \u0161to osigurava sigurnu upotrebu; vrhunski plinski tla\u010dni cilindar daje uredskoj stolici visoku stabilnost i dug vijek trajanjaJednostavno sastavljanje: Zahvaljuju\u0107i jasnim uputama i ozna\u010denim dijelovima, ovu gamersku stolicu mo\u017eete sastaviti za 15-30 minuta","og_url":"https:\/\/inti.hr\/bs\/proizvod\/ergonomska-igraca-stolica-s-osloncem-za-noge-i-jastukom-od-perja\/","og_site_name":"Inti","og_image":[{"width":1000,"height":1000,"url":"https:\/\/i0.wp.com\/inti.hr\/wp-content\/uploads\/2025\/10\/OBG079G01-1-1.jpg?fit=1000%2C1000&ssl=1","type":"image\/jpeg"}],"twitter_card":"summary_large_image","schema":{"@context":"https:\/\/schema.org","@graph":[{"@type":"WebPage","@id":"https:\/\/inti.hr\/bs\/proizvod\/ergonomska-igraca-stolica-s-osloncem-za-noge-i-jastukom-od-perja\/","url":"https:\/\/inti.hr\/bs\/proizvod\/ergonomska-igraca-stolica-s-osloncem-za-noge-i-jastukom-od-perja\/","name":"Ergonomska igra\u0107a stolica s osloncem za noge i jastukom od perja - Inti","isPartOf":{"@id":"https:\/\/inti.hr\/bs\/#website"},"primaryImageOfPage":{"@id":"https:\/\/inti.hr\/bs\/proizvod\/ergonomska-igraca-stolica-s-osloncem-za-noge-i-jastukom-od-perja\/#primaryimage"},"image":{"@id":"https:\/\/inti.hr\/bs\/proizvod\/ergonomska-igraca-stolica-s-osloncem-za-noge-i-jastukom-od-perja\/#primaryimage"},"thumbnailUrl":"https:\/\/i0.wp.com\/inti.hr\/wp-content\/uploads\/2025\/10\/OBG079G01-1-1.jpg?fit=1000%2C1000&ssl=1","datePublished":"2025-10-14T07:42:18+00:00","dateModified":"2025-10-14T07:42:18+00:00","description":"Jastuk za sjedenje s perjem: Ravnomjerno raspore\u0111ene opruge u kombinaciji s mekom, visoko elasti\u010dnom pjenom visoke gusto\u0107e nude izvrsnu udobnost sjedenja i ubla\u017eavaju umor tijekom dugotrajnog sjedenja.Odabrani materijali: Luksuzna povr\u0161ina od sinteti\u010dke ko\u017ee impresionira svojim jednostavnim \u010di\u0161\u0107enjem i tihom bukom; perforirana PU gamerska stolica je prozra\u010dna i omogu\u0107uje hladno iskustvo sjedenja tijekom igranjaErgonomski dizajn: Naslon podesiv izme\u0111u 90\u00b0-135\u00b0, nasloni za ruke sa sinkronim mehanizmom, mekani pjenasti jastuci za glavu i lumbalni dio, produ\u017eivi oslonac za noge \u2013 sve to osigurava optimalnu potporuRobusno i stabilno: testirana baza je robusna i ne lomi se lako, \u0161to osigurava sigurnu upotrebu; vrhunski plinski tla\u010dni cilindar daje uredskoj stolici visoku stabilnost i dug vijek trajanjaJednostavno sastavljanje: Zahvaljuju\u0107i jasnim uputama i ozna\u010denim dijelovima, ovu gamersku stolicu mo\u017eete sastaviti za 15-30 minuta","breadcrumb":{"@id":"https:\/\/inti.hr\/bs\/proizvod\/ergonomska-igraca-stolica-s-osloncem-za-noge-i-jastukom-od-perja\/#breadcrumb"},"inLanguage":"bs-BA","potentialAction":[{"@type":"ReadAction","target":["https:\/\/inti.hr\/bs\/proizvod\/ergonomska-igraca-stolica-s-osloncem-za-noge-i-jastukom-od-perja\/"]}]},{"@type":"ImageObject","inLanguage":"bs-BA","@id":"https:\/\/inti.hr\/bs\/proizvod\/ergonomska-igraca-stolica-s-osloncem-za-noge-i-jastukom-od-perja\/#primaryimage","url":"https:\/\/i0.wp.com\/inti.hr\/wp-content\/uploads\/2025\/10\/OBG079G01-1-1.jpg?fit=1000%2C1000&ssl=1","contentUrl":"https:\/\/i0.wp.com\/inti.hr\/wp-content\/uploads\/2025\/10\/OBG079G01-1-1.jpg?fit=1000%2C1000&ssl=1","width":1000,"height":1000},{"@type":"BreadcrumbList","@id":"https:\/\/inti.hr\/bs\/proizvod\/ergonomska-igraca-stolica-s-osloncem-za-noge-i-jastukom-od-perja\/#breadcrumb","itemListElement":[{"@type":"ListItem","position":1,"name":"Po\u010detna stranica","item":"https:\/\/inti.hr\/bs\/"},{"@type":"ListItem","position":2,"name":"Trgovina","item":"https:\/\/inti.hr\/bs\/trgovina\/"},{"@type":"ListItem","position":3,"name":"Ergonomska igra\u0107a stolica s osloncem za noge i jastukom od perja"}]},{"@type":"WebSite","@id":"https:\/\/inti.hr\/bs\/#website","url":"https:\/\/inti.hr\/bs\/","name":"Inti","description":"trgovina","potentialAction":[{"@type":"SearchAction","target":{"@type":"EntryPoint","urlTemplate":"https:\/\/inti.hr\/bs\/?s={search_term_string}"},"query-input":{"@type":"PropertyValueSpecification","valueRequired":true,"valueName":"search_term_string"}}],"inLanguage":"bs-BA"}]}},"jetpack_sharing_enabled":true,"jetpack-related-posts":[],"_links":{"self":[{"href":"https:\/\/inti.hr\/bs\/wp-json\/wp\/v2\/product\/30965"}],"collection":[{"href":"https:\/\/inti.hr\/bs\/wp-json\/wp\/v2\/product"}],"about":[{"href":"https:\/\/inti.hr\/bs\/wp-json\/wp\/v2\/types\/product"}],"wp:featuredmedia":[{"embeddable":true,"href":"https:\/\/inti.hr\/bs\/wp-json\/wp\/v2\/media\/30967"}],"wp:attachment":[{"href":"https:\/\/inti.hr\/bs\/wp-json\/wp\/v2\/media?parent=30965"}],"wp:term":[{"taxonomy":"product_cat","embeddable":true,"href":"https:\/\/inti.hr\/bs\/wp-json\/wp\/v2\/product_cat?post=30965"},{"taxonomy":"product_tag","embeddable":true,"href":"https:\/\/inti.hr\/bs\/wp-json\/wp\/v2\/product_tag?post=30965"}],"curies":[{"name":"wp","href":"https:\/\/api.w.org\/{rel}","templated":true}]}}