{"id":30975,"date":"2025-10-13T09:49:39","date_gmt":"2025-10-13T08:49:39","guid":{"rendered":"https:\/\/inti.hr\/product\/kupaonski-ormaric-30-x-60-x-110-cm-s-2-vrata-i-2-ladice\/"},"modified":"2025-10-13T09:49:39","modified_gmt":"2025-10-13T08:49:39","slug":"kupaonski-ormaric-30-x-60-x-110-cm-s-2-vrata-i-2-ladice","status":"publish","type":"product","link":"https:\/\/inti.hr\/bs\/proizvod\/kupaonski-ormaric-30-x-60-x-110-cm-s-2-vrata-i-2-ladice\/","title":{"rendered":"Kupaonski ormari\u0107 30 x 60 x 110 cm s 2 vrata i 2 ladice"},"content":{"rendered":"<ul>\n<li><b><span dir=\"auto\">Detalji o proizvodu:<\/span><\/b><\/li>\n<li><span dir=\"auto\">Boja: Klasi\u010dna bijela, siva i tamno siva<\/span><\/li>\n<li><span dir=\"auto\">Materijal: MDF (vlaknasta plo\u010da srednje gusto\u0107e)<\/span><\/li>\n<li><span dir=\"auto\">Veli\u010dina: 30 x 60 x 110 cm (D x \u0160 x V)<\/span><\/li>\n<li><span dir=\"auto\">Te\u017eina: 18,5 kg<\/span><\/li>\n<li><span dir=\"auto\">Maks. stati\u010dka nosivost povr\u0161ine: 136 kg<\/span><\/li>\n<\/ul>\n","protected":false},"excerpt":{"rendered":"<ul class=\"left\">\n<li><span dir=\"auto\">[Puno prostora za pohranu] S prostranim ormari\u0107em i &#8230;<br \/>\n","protected":false},"featured_media":30976,"template":"","meta":[],"product_cat":[2392],"product_tag":[2520,2788],"yoast_head":"<!-- This site is optimized with the Yoast SEO plugin v23.7 - https:\/\/yoast.com\/wordpress\/plugins\/seo\/ -->\n<title>Kupaonski ormari\u0107 30 x 60 x 110 cm s 2 vrata i 2 ladice - Inti<\/title>\n<meta name=\"description\" content=\"[Puno prostora za pohranu] S prostranim ormari\u0107em i 2 ladice, ovaj ormari\u0107 mo\u017ee se koristiti kao kupaonski ormari\u0107 za \u010desto kori\u0161tene predmete ili kao ormari\u0107 za pohranu rezervnih predmeta koje je potrebno \u010duvati dulje vrijeme.[Podesiva polica] Iza vrata nalazi se polica koja se mo\u017ee podesiti na 5 razli\u010ditih visina kako bi se prilagodila veli\u010dini razli\u010ditih predmeta[Promi\u0161ljeni detalji] Dizajn gornjeg ormari\u0107a i donjih ladica prakti\u010dan je za svakodnevnu upotrebu. Ne morate se saginjati da biste izvadili svoje predmete; vrhunske klizne vodilice omogu\u0107uju glatko izvla\u010denje ladica.[Stabilno i elegantno] Zahvaljuju\u0107i robusnim MDF plo\u010dama i uklju\u010denom ure\u0111aju protiv prevrtanja, ovaj kupaonski ormari\u0107 je vrlo \u010dvrst i stabilan; elegantna boja i jednostavan dizajn lako se uklapaju u stil va\u0161eg doma.[Jednostavno sastavljanje] Jasne i lako razumljive upute i ozna\u010deni dijelovi poma\u017eu vam da lako sastavite ovaj kupaonski ormari\u0107.\" \/>\n<meta name=\"robots\" content=\"index, follow, max-snippet:-1, max-image-preview:large, max-video-preview:-1\" \/>\n<link rel=\"canonical\" href=\"https:\/\/inti.hr\/bs\/proizvod\/kupaonski-ormaric-30-x-60-x-110-cm-s-2-vrata-i-2-ladice\/\" \/>\n<meta property=\"og:locale\" content=\"bs_BA\" \/>\n<meta property=\"og:type\" content=\"article\" \/>\n<meta property=\"og:title\" content=\"Kupaonski ormari\u0107 30 x 60 x 110 cm s 2 vrata i 2 ladice - Inti\" \/>\n<meta property=\"og:description\" content=\"[Puno prostora za pohranu] S prostranim ormari\u0107em i 2 ladice, ovaj ormari\u0107 mo\u017ee se koristiti kao kupaonski ormari\u0107 za \u010desto kori\u0161tene predmete ili kao ormari\u0107 za pohranu rezervnih predmeta koje je potrebno \u010duvati dulje vrijeme.[Podesiva polica] Iza vrata nalazi se polica koja se mo\u017ee podesiti na 5 razli\u010ditih visina kako bi se prilagodila veli\u010dini razli\u010ditih predmeta[Promi\u0161ljeni detalji] Dizajn gornjeg ormari\u0107a i donjih ladica prakti\u010dan je za svakodnevnu upotrebu. Ne morate se saginjati da biste izvadili svoje predmete; vrhunske klizne vodilice omogu\u0107uju glatko izvla\u010denje ladica.[Stabilno i elegantno] Zahvaljuju\u0107i robusnim MDF plo\u010dama i uklju\u010denom ure\u0111aju protiv prevrtanja, ovaj kupaonski ormari\u0107 je vrlo \u010dvrst i stabilan; elegantna boja i jednostavan dizajn lako se uklapaju u stil va\u0161eg doma.[Jednostavno sastavljanje] Jasne i lako razumljive upute i ozna\u010deni dijelovi poma\u017eu vam da lako sastavite ovaj kupaonski ormari\u0107.\" \/>\n<meta property=\"og:url\" content=\"https:\/\/inti.hr\/bs\/proizvod\/kupaonski-ormaric-30-x-60-x-110-cm-s-2-vrata-i-2-ladice\/\" \/>\n<meta property=\"og:site_name\" content=\"Inti\" \/>\n<meta property=\"og:image\" content=\"https:\/\/i0.wp.com\/inti.hr\/wp-content\/uploads\/2025\/10\/BBC551G02-7.jpg?fit=800%2C1000&ssl=1\" \/>\n\t<meta property=\"og:image:width\" content=\"800\" \/>\n\t<meta property=\"og:image:height\" content=\"1000\" \/>\n\t<meta property=\"og:image:type\" content=\"image\/jpeg\" \/>\n<meta name=\"twitter:card\" content=\"summary_large_image\" \/>\n<script type=\"application\/ld+json\" class=\"yoast-schema-graph\">{\"@context\":\"https:\/\/schema.org\",\"@graph\":[{\"@type\":\"WebPage\",\"@id\":\"https:\/\/inti.hr\/bs\/proizvod\/kupaonski-ormaric-30-x-60-x-110-cm-s-2-vrata-i-2-ladice\/\",\"url\":\"https:\/\/inti.hr\/bs\/proizvod\/kupaonski-ormaric-30-x-60-x-110-cm-s-2-vrata-i-2-ladice\/\",\"name\":\"Kupaonski ormari\u0107 30 x 60 x 110 cm s 2 vrata i 2 ladice - Inti\",\"isPartOf\":{\"@id\":\"https:\/\/inti.hr\/bs\/#website\"},\"primaryImageOfPage\":{\"@id\":\"https:\/\/inti.hr\/bs\/proizvod\/kupaonski-ormaric-30-x-60-x-110-cm-s-2-vrata-i-2-ladice\/#primaryimage\"},\"image\":{\"@id\":\"https:\/\/inti.hr\/bs\/proizvod\/kupaonski-ormaric-30-x-60-x-110-cm-s-2-vrata-i-2-ladice\/#primaryimage\"},\"thumbnailUrl\":\"https:\/\/i0.wp.com\/inti.hr\/wp-content\/uploads\/2025\/10\/BBC551G02-7.jpg?fit=800%2C1000&ssl=1\",\"datePublished\":\"2025-10-13T08:49:39+00:00\",\"dateModified\":\"2025-10-13T08:49:39+00:00\",\"description\":\"[Puno prostora za pohranu] S prostranim ormari\u0107em i 2 ladice, ovaj ormari\u0107 mo\u017ee se koristiti kao kupaonski ormari\u0107 za \u010desto kori\u0161tene predmete ili kao ormari\u0107 za pohranu rezervnih predmeta koje je potrebno \u010duvati dulje vrijeme.[Podesiva polica] Iza vrata nalazi se polica koja se mo\u017ee podesiti na 5 razli\u010ditih visina kako bi se prilagodila veli\u010dini razli\u010ditih predmeta[Promi\u0161ljeni detalji] Dizajn gornjeg ormari\u0107a i donjih ladica prakti\u010dan je za svakodnevnu upotrebu. Ne morate se saginjati da biste izvadili svoje predmete; vrhunske klizne vodilice omogu\u0107uju glatko izvla\u010denje ladica.[Stabilno i elegantno] Zahvaljuju\u0107i robusnim MDF plo\u010dama i uklju\u010denom ure\u0111aju protiv prevrtanja, ovaj kupaonski ormari\u0107 je vrlo \u010dvrst i stabilan; elegantna boja i jednostavan dizajn lako se uklapaju u stil va\u0161eg doma.[Jednostavno sastavljanje] Jasne i lako razumljive upute i ozna\u010deni dijelovi poma\u017eu vam da lako sastavite ovaj kupaonski ormari\u0107.\",\"breadcrumb\":{\"@id\":\"https:\/\/inti.hr\/bs\/proizvod\/kupaonski-ormaric-30-x-60-x-110-cm-s-2-vrata-i-2-ladice\/#breadcrumb\"},\"inLanguage\":\"bs-BA\",\"potentialAction\":[{\"@type\":\"ReadAction\",\"target\":[\"https:\/\/inti.hr\/bs\/proizvod\/kupaonski-ormaric-30-x-60-x-110-cm-s-2-vrata-i-2-ladice\/\"]}]},{\"@type\":\"ImageObject\",\"inLanguage\":\"bs-BA\",\"@id\":\"https:\/\/inti.hr\/bs\/proizvod\/kupaonski-ormaric-30-x-60-x-110-cm-s-2-vrata-i-2-ladice\/#primaryimage\",\"url\":\"https:\/\/i0.wp.com\/inti.hr\/wp-content\/uploads\/2025\/10\/BBC551G02-7.jpg?fit=800%2C1000&ssl=1\",\"contentUrl\":\"https:\/\/i0.wp.com\/inti.hr\/wp-content\/uploads\/2025\/10\/BBC551G02-7.jpg?fit=800%2C1000&ssl=1\",\"width\":800,\"height\":1000,\"caption\":\"VASAGLE kupaonski ormari\u0107 30 x 60 x 110 cm s 2 vrata i 2 ladice\"},{\"@type\":\"BreadcrumbList\",\"@id\":\"https:\/\/inti.hr\/bs\/proizvod\/kupaonski-ormaric-30-x-60-x-110-cm-s-2-vrata-i-2-ladice\/#breadcrumb\",\"itemListElement\":[{\"@type\":\"ListItem\",\"position\":1,\"name\":\"Po\u010detna stranica\",\"item\":\"https:\/\/inti.hr\/bs\/\"},{\"@type\":\"ListItem\",\"position\":2,\"name\":\"Trgovina\",\"item\":\"https:\/\/inti.hr\/bs\/trgovina\/\"},{\"@type\":\"ListItem\",\"position\":3,\"name\":\"Kupaonski ormari\u0107 30 x 60 x 110 cm s 2 vrata i 2 ladice\"}]},{\"@type\":\"WebSite\",\"@id\":\"https:\/\/inti.hr\/bs\/#website\",\"url\":\"https:\/\/inti.hr\/bs\/\",\"name\":\"Inti\",\"description\":\"trgovina\",\"potentialAction\":[{\"@type\":\"SearchAction\",\"target\":{\"@type\":\"EntryPoint\",\"urlTemplate\":\"https:\/\/inti.hr\/bs\/?s={search_term_string}\"},\"query-input\":{\"@type\":\"PropertyValueSpecification\",\"valueRequired\":true,\"valueName\":\"search_term_string\"}}],\"inLanguage\":\"bs-BA\"}]}<\/script>\n<!-- \/ Yoast SEO plugin. -->","yoast_head_json":{"title":"Kupaonski ormari\u0107 30 x 60 x 110 cm s 2 vrata i 2 ladice - Inti","description":"[Puno prostora za pohranu] S prostranim ormari\u0107em i 2 ladice, ovaj ormari\u0107 mo\u017ee se koristiti kao kupaonski ormari\u0107 za \u010desto kori\u0161tene predmete ili kao ormari\u0107 za pohranu rezervnih predmeta koje je potrebno \u010duvati dulje vrijeme.[Podesiva polica] Iza vrata nalazi se polica koja se mo\u017ee podesiti na 5 razli\u010ditih visina kako bi se prilagodila veli\u010dini razli\u010ditih predmeta[Promi\u0161ljeni detalji] Dizajn gornjeg ormari\u0107a i donjih ladica prakti\u010dan je za svakodnevnu upotrebu. Ne morate se saginjati da biste izvadili svoje predmete; vrhunske klizne vodilice omogu\u0107uju glatko izvla\u010denje ladica.[Stabilno i elegantno] Zahvaljuju\u0107i robusnim MDF plo\u010dama i uklju\u010denom ure\u0111aju protiv prevrtanja, ovaj kupaonski ormari\u0107 je vrlo \u010dvrst i stabilan; elegantna boja i jednostavan dizajn lako se uklapaju u stil va\u0161eg doma.[Jednostavno sastavljanje] Jasne i lako razumljive upute i ozna\u010deni dijelovi poma\u017eu vam da lako sastavite ovaj kupaonski ormari\u0107.","robots":{"index":"index","follow":"follow","max-snippet":"max-snippet:-1","max-image-preview":"max-image-preview:large","max-video-preview":"max-video-preview:-1"},"canonical":"https:\/\/inti.hr\/bs\/proizvod\/kupaonski-ormaric-30-x-60-x-110-cm-s-2-vrata-i-2-ladice\/","og_locale":"bs_BA","og_type":"article","og_title":"Kupaonski ormari\u0107 30 x 60 x 110 cm s 2 vrata i 2 ladice - Inti","og_description":"[Puno prostora za pohranu] S prostranim ormari\u0107em i 2 ladice, ovaj ormari\u0107 mo\u017ee se koristiti kao kupaonski ormari\u0107 za \u010desto kori\u0161tene predmete ili kao ormari\u0107 za pohranu rezervnih predmeta koje je potrebno \u010duvati dulje vrijeme.[Podesiva polica] Iza vrata nalazi se polica koja se mo\u017ee podesiti na 5 razli\u010ditih visina kako bi se prilagodila veli\u010dini razli\u010ditih predmeta[Promi\u0161ljeni detalji] Dizajn gornjeg ormari\u0107a i donjih ladica prakti\u010dan je za svakodnevnu upotrebu. Ne morate se saginjati da biste izvadili svoje predmete; vrhunske klizne vodilice omogu\u0107uju glatko izvla\u010denje ladica.[Stabilno i elegantno] Zahvaljuju\u0107i robusnim MDF plo\u010dama i uklju\u010denom ure\u0111aju protiv prevrtanja, ovaj kupaonski ormari\u0107 je vrlo \u010dvrst i stabilan; elegantna boja i jednostavan dizajn lako se uklapaju u stil va\u0161eg doma.[Jednostavno sastavljanje] Jasne i lako razumljive upute i ozna\u010deni dijelovi poma\u017eu vam da lako sastavite ovaj kupaonski ormari\u0107.","og_url":"https:\/\/inti.hr\/bs\/proizvod\/kupaonski-ormaric-30-x-60-x-110-cm-s-2-vrata-i-2-ladice\/","og_site_name":"Inti","og_image":[{"width":800,"height":1000,"url":"https:\/\/i0.wp.com\/inti.hr\/wp-content\/uploads\/2025\/10\/BBC551G02-7.jpg?fit=800%2C1000&ssl=1","type":"image\/jpeg"}],"twitter_card":"summary_large_image","schema":{"@context":"https:\/\/schema.org","@graph":[{"@type":"WebPage","@id":"https:\/\/inti.hr\/bs\/proizvod\/kupaonski-ormaric-30-x-60-x-110-cm-s-2-vrata-i-2-ladice\/","url":"https:\/\/inti.hr\/bs\/proizvod\/kupaonski-ormaric-30-x-60-x-110-cm-s-2-vrata-i-2-ladice\/","name":"Kupaonski ormari\u0107 30 x 60 x 110 cm s 2 vrata i 2 ladice - Inti","isPartOf":{"@id":"https:\/\/inti.hr\/bs\/#website"},"primaryImageOfPage":{"@id":"https:\/\/inti.hr\/bs\/proizvod\/kupaonski-ormaric-30-x-60-x-110-cm-s-2-vrata-i-2-ladice\/#primaryimage"},"image":{"@id":"https:\/\/inti.hr\/bs\/proizvod\/kupaonski-ormaric-30-x-60-x-110-cm-s-2-vrata-i-2-ladice\/#primaryimage"},"thumbnailUrl":"https:\/\/i0.wp.com\/inti.hr\/wp-content\/uploads\/2025\/10\/BBC551G02-7.jpg?fit=800%2C1000&ssl=1","datePublished":"2025-10-13T08:49:39+00:00","dateModified":"2025-10-13T08:49:39+00:00","description":"[Puno prostora za pohranu] S prostranim ormari\u0107em i 2 ladice, ovaj ormari\u0107 mo\u017ee se koristiti kao kupaonski ormari\u0107 za \u010desto kori\u0161tene predmete ili kao ormari\u0107 za pohranu rezervnih predmeta koje je potrebno \u010duvati dulje vrijeme.[Podesiva polica] Iza vrata nalazi se polica koja se mo\u017ee podesiti na 5 razli\u010ditih visina kako bi se prilagodila veli\u010dini razli\u010ditih predmeta[Promi\u0161ljeni detalji] Dizajn gornjeg ormari\u0107a i donjih ladica prakti\u010dan je za svakodnevnu upotrebu. Ne morate se saginjati da biste izvadili svoje predmete; vrhunske klizne vodilice omogu\u0107uju glatko izvla\u010denje ladica.[Stabilno i elegantno] Zahvaljuju\u0107i robusnim MDF plo\u010dama i uklju\u010denom ure\u0111aju protiv prevrtanja, ovaj kupaonski ormari\u0107 je vrlo \u010dvrst i stabilan; elegantna boja i jednostavan dizajn lako se uklapaju u stil va\u0161eg doma.[Jednostavno sastavljanje] Jasne i lako razumljive upute i ozna\u010deni dijelovi poma\u017eu vam da lako sastavite ovaj kupaonski ormari\u0107.","breadcrumb":{"@id":"https:\/\/inti.hr\/bs\/proizvod\/kupaonski-ormaric-30-x-60-x-110-cm-s-2-vrata-i-2-ladice\/#breadcrumb"},"inLanguage":"bs-BA","potentialAction":[{"@type":"ReadAction","target":["https:\/\/inti.hr\/bs\/proizvod\/kupaonski-ormaric-30-x-60-x-110-cm-s-2-vrata-i-2-ladice\/"]}]},{"@type":"ImageObject","inLanguage":"bs-BA","@id":"https:\/\/inti.hr\/bs\/proizvod\/kupaonski-ormaric-30-x-60-x-110-cm-s-2-vrata-i-2-ladice\/#primaryimage","url":"https:\/\/i0.wp.com\/inti.hr\/wp-content\/uploads\/2025\/10\/BBC551G02-7.jpg?fit=800%2C1000&ssl=1","contentUrl":"https:\/\/i0.wp.com\/inti.hr\/wp-content\/uploads\/2025\/10\/BBC551G02-7.jpg?fit=800%2C1000&ssl=1","width":800,"height":1000,"caption":"VASAGLE kupaonski ormari\u0107 30 x 60 x 110 cm s 2 vrata i 2 ladice"},{"@type":"BreadcrumbList","@id":"https:\/\/inti.hr\/bs\/proizvod\/kupaonski-ormaric-30-x-60-x-110-cm-s-2-vrata-i-2-ladice\/#breadcrumb","itemListElement":[{"@type":"ListItem","position":1,"name":"Po\u010detna stranica","item":"https:\/\/inti.hr\/bs\/"},{"@type":"ListItem","position":2,"name":"Trgovina","item":"https:\/\/inti.hr\/bs\/trgovina\/"},{"@type":"ListItem","position":3,"name":"Kupaonski ormari\u0107 30 x 60 x 110 cm s 2 vrata i 2 ladice"}]},{"@type":"WebSite","@id":"https:\/\/inti.hr\/bs\/#website","url":"https:\/\/inti.hr\/bs\/","name":"Inti","description":"trgovina","potentialAction":[{"@type":"SearchAction","target":{"@type":"EntryPoint","urlTemplate":"https:\/\/inti.hr\/bs\/?s={search_term_string}"},"query-input":{"@type":"PropertyValueSpecification","valueRequired":true,"valueName":"search_term_string"}}],"inLanguage":"bs-BA"}]}},"jetpack_sharing_enabled":true,"jetpack-related-posts":[],"_links":{"self":[{"href":"https:\/\/inti.hr\/bs\/wp-json\/wp\/v2\/product\/30975"}],"collection":[{"href":"https:\/\/inti.hr\/bs\/wp-json\/wp\/v2\/product"}],"about":[{"href":"https:\/\/inti.hr\/bs\/wp-json\/wp\/v2\/types\/product"}],"wp:featuredmedia":[{"embeddable":true,"href":"https:\/\/inti.hr\/bs\/wp-json\/wp\/v2\/media\/30976"}],"wp:attachment":[{"href":"https:\/\/inti.hr\/bs\/wp-json\/wp\/v2\/media?parent=30975"}],"wp:term":[{"taxonomy":"product_cat","embeddable":true,"href":"https:\/\/inti.hr\/bs\/wp-json\/wp\/v2\/product_cat?post=30975"},{"taxonomy":"product_tag","embeddable":true,"href":"https:\/\/inti.hr\/bs\/wp-json\/wp\/v2\/product_tag?post=30975"}],"curies":[{"name":"wp","href":"https:\/\/api.w.org\/{rel}","templated":true}]}}