{"id":31037,"date":"2025-10-11T20:18:36","date_gmt":"2025-10-11T19:18:36","guid":{"rendered":"https:\/\/inti.hr\/product\/set-blagovaonskih-stolica-od-2-udobni-jastuk-za-sjedenje\/"},"modified":"2025-10-11T20:18:36","modified_gmt":"2025-10-11T19:18:36","slug":"set-blagovaonskih-stolica-od-2-udobni-jastuk-za-sjedenje","status":"publish","type":"product","link":"https:\/\/inti.hr\/bs\/proizvod\/set-blagovaonskih-stolica-od-2-udobni-jastuk-za-sjedenje\/","title":{"rendered":"Set blagovaonskih stolica od 2, udobni jastuk za sjedenje"},"content":{"rendered":"<p>Detalji o proizvodu:<br \/>\nBoja: Golublje siva, be\u017e<br \/>\nMaterijal: kau\u010dukovo drvo, \u0161perplo\u010da, imitacija lana<br \/>\nDimenzije po stolici: (58 x 48 x 100 cm (D x \u0160 x V)<br \/>\nTe\u017eina po stolici: 6,8 kg<br \/>\nMaks. stati\u010dka nosivost po stolici: 120 kg<\/p>\n","protected":false},"excerpt":{"rendered":"<p>Neusporediva udobnost: Svaka blagovaonska stolica ima 12 cm debelo podstavljeno sjedalo &#8230; <\/p>\n","protected":false},"featured_media":31038,"template":"","meta":[],"product_cat":[2570,2536],"product_tag":[2806,2807],"yoast_head":"<!-- This site is optimized with the Yoast SEO plugin v23.7 - https:\/\/yoast.com\/wordpress\/plugins\/seo\/ -->\n<title>Set blagovaonskih stolica od 2, udobni jastuk za sjedenje - Inti<\/title>\n<meta name=\"description\" content=\"Neusporediva udobnost: Svaka blagovaonska stolica ima 12 cm debelo podstavljeno sjedalo i prozra\u010dnu tkaninu od umjetnog lana za ugodno i privla\u010dno iskustvo objedovanja.Robusna i izdr\u017eljiva: Stolica s visokokvalitetnim nogama od kau\u010dukovog drveta nudi dugotrajnu potporu tijekom upotrebe i stoga \u0107e vas pratiti dugi niz godinaErgonomski naslon: S visokim, zakrivljenim naslonom od 52,5 cm, ova tapecirana stolica nudi izvrsnu potporu \u010dak i tijekom dugih obroka.Klasi\u010dni Parsons stil: \u010ciste linije i jednostavan izgled daju ovoj kuhinjskoj stolici bezvremensku eleganciju i \u010dine je prikladnom za svaki interijer - od modernog do tradicionalnog i seoskog stila.Brza monta\u017ea: Zahvaljuju\u0107i jednostavnoj strukturi, ovu stolicu mo\u017eete sastaviti u samo 5 koraka \u2013 bez ikakvog napora\" \/>\n<meta name=\"robots\" content=\"index, follow, max-snippet:-1, max-image-preview:large, max-video-preview:-1\" \/>\n<link rel=\"canonical\" href=\"https:\/\/inti.hr\/bs\/proizvod\/set-blagovaonskih-stolica-od-2-udobni-jastuk-za-sjedenje\/\" \/>\n<meta property=\"og:locale\" content=\"bs_BA\" \/>\n<meta property=\"og:type\" content=\"article\" \/>\n<meta property=\"og:title\" content=\"Set blagovaonskih stolica od 2, udobni jastuk za sjedenje - Inti\" \/>\n<meta property=\"og:description\" content=\"Neusporediva udobnost: Svaka blagovaonska stolica ima 12 cm debelo podstavljeno sjedalo i prozra\u010dnu tkaninu od umjetnog lana za ugodno i privla\u010dno iskustvo objedovanja.Robusna i izdr\u017eljiva: Stolica s visokokvalitetnim nogama od kau\u010dukovog drveta nudi dugotrajnu potporu tijekom upotrebe i stoga \u0107e vas pratiti dugi niz godinaErgonomski naslon: S visokim, zakrivljenim naslonom od 52,5 cm, ova tapecirana stolica nudi izvrsnu potporu \u010dak i tijekom dugih obroka.Klasi\u010dni Parsons stil: \u010ciste linije i jednostavan izgled daju ovoj kuhinjskoj stolici bezvremensku eleganciju i \u010dine je prikladnom za svaki interijer - od modernog do tradicionalnog i seoskog stila.Brza monta\u017ea: Zahvaljuju\u0107i jednostavnoj strukturi, ovu stolicu mo\u017eete sastaviti u samo 5 koraka \u2013 bez ikakvog napora\" \/>\n<meta property=\"og:url\" content=\"https:\/\/inti.hr\/bs\/proizvod\/set-blagovaonskih-stolica-od-2-udobni-jastuk-za-sjedenje\/\" \/>\n<meta property=\"og:site_name\" content=\"Inti\" \/>\n<meta property=\"og:image\" content=\"https:\/\/i0.wp.com\/inti.hr\/wp-content\/uploads\/2025\/10\/KDC158W01-7.jpg?fit=800%2C1000&ssl=1\" \/>\n\t<meta property=\"og:image:width\" content=\"800\" \/>\n\t<meta property=\"og:image:height\" content=\"1000\" \/>\n\t<meta property=\"og:image:type\" content=\"image\/jpeg\" \/>\n<meta name=\"twitter:card\" content=\"summary_large_image\" \/>\n<script type=\"application\/ld+json\" class=\"yoast-schema-graph\">{\"@context\":\"https:\/\/schema.org\",\"@graph\":[{\"@type\":\"WebPage\",\"@id\":\"https:\/\/inti.hr\/bs\/proizvod\/set-blagovaonskih-stolica-od-2-udobni-jastuk-za-sjedenje\/\",\"url\":\"https:\/\/inti.hr\/bs\/proizvod\/set-blagovaonskih-stolica-od-2-udobni-jastuk-za-sjedenje\/\",\"name\":\"Set blagovaonskih stolica od 2, udobni jastuk za sjedenje - Inti\",\"isPartOf\":{\"@id\":\"https:\/\/inti.hr\/bs\/#website\"},\"primaryImageOfPage\":{\"@id\":\"https:\/\/inti.hr\/bs\/proizvod\/set-blagovaonskih-stolica-od-2-udobni-jastuk-za-sjedenje\/#primaryimage\"},\"image\":{\"@id\":\"https:\/\/inti.hr\/bs\/proizvod\/set-blagovaonskih-stolica-od-2-udobni-jastuk-za-sjedenje\/#primaryimage\"},\"thumbnailUrl\":\"https:\/\/i0.wp.com\/inti.hr\/wp-content\/uploads\/2025\/10\/KDC158W01-7.jpg?fit=800%2C1000&ssl=1\",\"datePublished\":\"2025-10-11T19:18:36+00:00\",\"dateModified\":\"2025-10-11T19:18:36+00:00\",\"description\":\"Neusporediva udobnost: Svaka blagovaonska stolica ima 12 cm debelo podstavljeno sjedalo i prozra\u010dnu tkaninu od umjetnog lana za ugodno i privla\u010dno iskustvo objedovanja.Robusna i izdr\u017eljiva: Stolica s visokokvalitetnim nogama od kau\u010dukovog drveta nudi dugotrajnu potporu tijekom upotrebe i stoga \u0107e vas pratiti dugi niz godinaErgonomski naslon: S visokim, zakrivljenim naslonom od 52,5 cm, ova tapecirana stolica nudi izvrsnu potporu \u010dak i tijekom dugih obroka.Klasi\u010dni Parsons stil: \u010ciste linije i jednostavan izgled daju ovoj kuhinjskoj stolici bezvremensku eleganciju i \u010dine je prikladnom za svaki interijer - od modernog do tradicionalnog i seoskog stila.Brza monta\u017ea: Zahvaljuju\u0107i jednostavnoj strukturi, ovu stolicu mo\u017eete sastaviti u samo 5 koraka \u2013 bez ikakvog napora\",\"breadcrumb\":{\"@id\":\"https:\/\/inti.hr\/bs\/proizvod\/set-blagovaonskih-stolica-od-2-udobni-jastuk-za-sjedenje\/#breadcrumb\"},\"inLanguage\":\"bs-BA\",\"potentialAction\":[{\"@type\":\"ReadAction\",\"target\":[\"https:\/\/inti.hr\/bs\/proizvod\/set-blagovaonskih-stolica-od-2-udobni-jastuk-za-sjedenje\/\"]}]},{\"@type\":\"ImageObject\",\"inLanguage\":\"bs-BA\",\"@id\":\"https:\/\/inti.hr\/bs\/proizvod\/set-blagovaonskih-stolica-od-2-udobni-jastuk-za-sjedenje\/#primaryimage\",\"url\":\"https:\/\/i0.wp.com\/inti.hr\/wp-content\/uploads\/2025\/10\/KDC158W01-7.jpg?fit=800%2C1000&ssl=1\",\"contentUrl\":\"https:\/\/i0.wp.com\/inti.hr\/wp-content\/uploads\/2025\/10\/KDC158W01-7.jpg?fit=800%2C1000&ssl=1\",\"width\":800,\"height\":1000,\"caption\":\"VASAGLE set blagovaonskih stolica od 2, visoki, udobni jastuk za sjedenje\"},{\"@type\":\"BreadcrumbList\",\"@id\":\"https:\/\/inti.hr\/bs\/proizvod\/set-blagovaonskih-stolica-od-2-udobni-jastuk-za-sjedenje\/#breadcrumb\",\"itemListElement\":[{\"@type\":\"ListItem\",\"position\":1,\"name\":\"Po\u010detna stranica\",\"item\":\"https:\/\/inti.hr\/bs\/\"},{\"@type\":\"ListItem\",\"position\":2,\"name\":\"Trgovina\",\"item\":\"https:\/\/inti.hr\/bs\/trgovina\/\"},{\"@type\":\"ListItem\",\"position\":3,\"name\":\"Set blagovaonskih stolica od 2, udobni jastuk za sjedenje\"}]},{\"@type\":\"WebSite\",\"@id\":\"https:\/\/inti.hr\/bs\/#website\",\"url\":\"https:\/\/inti.hr\/bs\/\",\"name\":\"Inti\",\"description\":\"trgovina\",\"potentialAction\":[{\"@type\":\"SearchAction\",\"target\":{\"@type\":\"EntryPoint\",\"urlTemplate\":\"https:\/\/inti.hr\/bs\/?s={search_term_string}\"},\"query-input\":{\"@type\":\"PropertyValueSpecification\",\"valueRequired\":true,\"valueName\":\"search_term_string\"}}],\"inLanguage\":\"bs-BA\"}]}<\/script>\n<!-- \/ Yoast SEO plugin. -->","yoast_head_json":{"title":"Set blagovaonskih stolica od 2, udobni jastuk za sjedenje - Inti","description":"Neusporediva udobnost: Svaka blagovaonska stolica ima 12 cm debelo podstavljeno sjedalo i prozra\u010dnu tkaninu od umjetnog lana za ugodno i privla\u010dno iskustvo objedovanja.Robusna i izdr\u017eljiva: Stolica s visokokvalitetnim nogama od kau\u010dukovog drveta nudi dugotrajnu potporu tijekom upotrebe i stoga \u0107e vas pratiti dugi niz godinaErgonomski naslon: S visokim, zakrivljenim naslonom od 52,5 cm, ova tapecirana stolica nudi izvrsnu potporu \u010dak i tijekom dugih obroka.Klasi\u010dni Parsons stil: \u010ciste linije i jednostavan izgled daju ovoj kuhinjskoj stolici bezvremensku eleganciju i \u010dine je prikladnom za svaki interijer - od modernog do tradicionalnog i seoskog stila.Brza monta\u017ea: Zahvaljuju\u0107i jednostavnoj strukturi, ovu stolicu mo\u017eete sastaviti u samo 5 koraka \u2013 bez ikakvog napora","robots":{"index":"index","follow":"follow","max-snippet":"max-snippet:-1","max-image-preview":"max-image-preview:large","max-video-preview":"max-video-preview:-1"},"canonical":"https:\/\/inti.hr\/bs\/proizvod\/set-blagovaonskih-stolica-od-2-udobni-jastuk-za-sjedenje\/","og_locale":"bs_BA","og_type":"article","og_title":"Set blagovaonskih stolica od 2, udobni jastuk za sjedenje - Inti","og_description":"Neusporediva udobnost: Svaka blagovaonska stolica ima 12 cm debelo podstavljeno sjedalo i prozra\u010dnu tkaninu od umjetnog lana za ugodno i privla\u010dno iskustvo objedovanja.Robusna i izdr\u017eljiva: Stolica s visokokvalitetnim nogama od kau\u010dukovog drveta nudi dugotrajnu potporu tijekom upotrebe i stoga \u0107e vas pratiti dugi niz godinaErgonomski naslon: S visokim, zakrivljenim naslonom od 52,5 cm, ova tapecirana stolica nudi izvrsnu potporu \u010dak i tijekom dugih obroka.Klasi\u010dni Parsons stil: \u010ciste linije i jednostavan izgled daju ovoj kuhinjskoj stolici bezvremensku eleganciju i \u010dine je prikladnom za svaki interijer - od modernog do tradicionalnog i seoskog stila.Brza monta\u017ea: Zahvaljuju\u0107i jednostavnoj strukturi, ovu stolicu mo\u017eete sastaviti u samo 5 koraka \u2013 bez ikakvog napora","og_url":"https:\/\/inti.hr\/bs\/proizvod\/set-blagovaonskih-stolica-od-2-udobni-jastuk-za-sjedenje\/","og_site_name":"Inti","og_image":[{"width":800,"height":1000,"url":"https:\/\/i0.wp.com\/inti.hr\/wp-content\/uploads\/2025\/10\/KDC158W01-7.jpg?fit=800%2C1000&ssl=1","type":"image\/jpeg"}],"twitter_card":"summary_large_image","schema":{"@context":"https:\/\/schema.org","@graph":[{"@type":"WebPage","@id":"https:\/\/inti.hr\/bs\/proizvod\/set-blagovaonskih-stolica-od-2-udobni-jastuk-za-sjedenje\/","url":"https:\/\/inti.hr\/bs\/proizvod\/set-blagovaonskih-stolica-od-2-udobni-jastuk-za-sjedenje\/","name":"Set blagovaonskih stolica od 2, udobni jastuk za sjedenje - Inti","isPartOf":{"@id":"https:\/\/inti.hr\/bs\/#website"},"primaryImageOfPage":{"@id":"https:\/\/inti.hr\/bs\/proizvod\/set-blagovaonskih-stolica-od-2-udobni-jastuk-za-sjedenje\/#primaryimage"},"image":{"@id":"https:\/\/inti.hr\/bs\/proizvod\/set-blagovaonskih-stolica-od-2-udobni-jastuk-za-sjedenje\/#primaryimage"},"thumbnailUrl":"https:\/\/i0.wp.com\/inti.hr\/wp-content\/uploads\/2025\/10\/KDC158W01-7.jpg?fit=800%2C1000&ssl=1","datePublished":"2025-10-11T19:18:36+00:00","dateModified":"2025-10-11T19:18:36+00:00","description":"Neusporediva udobnost: Svaka blagovaonska stolica ima 12 cm debelo podstavljeno sjedalo i prozra\u010dnu tkaninu od umjetnog lana za ugodno i privla\u010dno iskustvo objedovanja.Robusna i izdr\u017eljiva: Stolica s visokokvalitetnim nogama od kau\u010dukovog drveta nudi dugotrajnu potporu tijekom upotrebe i stoga \u0107e vas pratiti dugi niz godinaErgonomski naslon: S visokim, zakrivljenim naslonom od 52,5 cm, ova tapecirana stolica nudi izvrsnu potporu \u010dak i tijekom dugih obroka.Klasi\u010dni Parsons stil: \u010ciste linije i jednostavan izgled daju ovoj kuhinjskoj stolici bezvremensku eleganciju i \u010dine je prikladnom za svaki interijer - od modernog do tradicionalnog i seoskog stila.Brza monta\u017ea: Zahvaljuju\u0107i jednostavnoj strukturi, ovu stolicu mo\u017eete sastaviti u samo 5 koraka \u2013 bez ikakvog napora","breadcrumb":{"@id":"https:\/\/inti.hr\/bs\/proizvod\/set-blagovaonskih-stolica-od-2-udobni-jastuk-za-sjedenje\/#breadcrumb"},"inLanguage":"bs-BA","potentialAction":[{"@type":"ReadAction","target":["https:\/\/inti.hr\/bs\/proizvod\/set-blagovaonskih-stolica-od-2-udobni-jastuk-za-sjedenje\/"]}]},{"@type":"ImageObject","inLanguage":"bs-BA","@id":"https:\/\/inti.hr\/bs\/proizvod\/set-blagovaonskih-stolica-od-2-udobni-jastuk-za-sjedenje\/#primaryimage","url":"https:\/\/i0.wp.com\/inti.hr\/wp-content\/uploads\/2025\/10\/KDC158W01-7.jpg?fit=800%2C1000&ssl=1","contentUrl":"https:\/\/i0.wp.com\/inti.hr\/wp-content\/uploads\/2025\/10\/KDC158W01-7.jpg?fit=800%2C1000&ssl=1","width":800,"height":1000,"caption":"VASAGLE set blagovaonskih stolica od 2, visoki, udobni jastuk za sjedenje"},{"@type":"BreadcrumbList","@id":"https:\/\/inti.hr\/bs\/proizvod\/set-blagovaonskih-stolica-od-2-udobni-jastuk-za-sjedenje\/#breadcrumb","itemListElement":[{"@type":"ListItem","position":1,"name":"Po\u010detna stranica","item":"https:\/\/inti.hr\/bs\/"},{"@type":"ListItem","position":2,"name":"Trgovina","item":"https:\/\/inti.hr\/bs\/trgovina\/"},{"@type":"ListItem","position":3,"name":"Set blagovaonskih stolica od 2, udobni jastuk za sjedenje"}]},{"@type":"WebSite","@id":"https:\/\/inti.hr\/bs\/#website","url":"https:\/\/inti.hr\/bs\/","name":"Inti","description":"trgovina","potentialAction":[{"@type":"SearchAction","target":{"@type":"EntryPoint","urlTemplate":"https:\/\/inti.hr\/bs\/?s={search_term_string}"},"query-input":{"@type":"PropertyValueSpecification","valueRequired":true,"valueName":"search_term_string"}}],"inLanguage":"bs-BA"}]}},"jetpack_sharing_enabled":true,"jetpack-related-posts":[],"_links":{"self":[{"href":"https:\/\/inti.hr\/bs\/wp-json\/wp\/v2\/product\/31037"}],"collection":[{"href":"https:\/\/inti.hr\/bs\/wp-json\/wp\/v2\/product"}],"about":[{"href":"https:\/\/inti.hr\/bs\/wp-json\/wp\/v2\/types\/product"}],"wp:featuredmedia":[{"embeddable":true,"href":"https:\/\/inti.hr\/bs\/wp-json\/wp\/v2\/media\/31038"}],"wp:attachment":[{"href":"https:\/\/inti.hr\/bs\/wp-json\/wp\/v2\/media?parent=31037"}],"wp:term":[{"taxonomy":"product_cat","embeddable":true,"href":"https:\/\/inti.hr\/bs\/wp-json\/wp\/v2\/product_cat?post=31037"},{"taxonomy":"product_tag","embeddable":true,"href":"https:\/\/inti.hr\/bs\/wp-json\/wp\/v2\/product_tag?post=31037"}],"curies":[{"name":"wp","href":"https:\/\/api.w.org\/{rel}","templated":true}]}}