{"id":31055,"date":"2025-10-11T20:01:32","date_gmt":"2025-10-11T19:01:32","guid":{"rendered":"https:\/\/inti.hr\/product\/toaletni-stolic-s-ogledalom-i-vise-ladica\/"},"modified":"2025-10-11T20:01:32","modified_gmt":"2025-10-11T19:01:32","slug":"toaletni-stolic-s-ogledalom-i-vise-ladica","status":"publish","type":"product","link":"https:\/\/inti.hr\/bs\/proizvod\/toaletni-stolic-s-ogledalom-i-vise-ladica\/","title":{"rendered":"Toaletni stoli\u0107 s ogledalom i vi\u0161e ladica"},"content":{"rendered":"<p>Detalji o proizvodu:<br \/>\nBoja: Vintage bijelo-medeno sme\u0111a<br \/>\nMaterijal: MDF (vlaknasta plo\u010da srednje gusto\u0107e), iverica, pjena, ogledalo, bar\u0161un, \u010delik<br \/>\nDimenzije toaletnog stoli\u0107a: 40 x 125 x 147 cm (D x \u0160 x V)<br \/>\nVeli\u010dina stolca: 28 x 40 x 43 cm (D x \u0160 x V)<br \/>\nTe\u017eina: 42,7 kg<br \/>\nMaks. stati\u010dka nosivost plo\u010de stola: 75 kg<br \/>\nMaks. stati\u010dka nosivost po ladici: 5 kg<br \/>\nMaks. stati\u010dka nosivost stolca: 120 kg<\/p>\n","protected":false},"excerpt":{"rendered":"<p>Unesite seoski \u0161arm u svoj dom: Toaletni stoli\u0107 iz kolekcije LIRY &#8230; <\/p>\n","protected":false},"featured_media":31056,"template":"","meta":[],"product_cat":[2414],"product_tag":[2673,2818],"yoast_head":"<!-- This site is optimized with the Yoast SEO plugin v23.7 - https:\/\/yoast.com\/wordpress\/plugins\/seo\/ -->\n<title>Toaletni stoli\u0107 s ogledalom i vi\u0161e ladica - Inti<\/title>\n<meta name=\"description\" content=\"Unesite seoski \u0161arm u svoj dom: Toaletni stoli\u0107 iz kolekcije LIRY nudi svestran prostor za pohranu i rustikalni \u0161arm, pretvaraju\u0107i svaku sobu u privla\u010dno i uredno uto\u010di\u0161te.Puno prostora za pohranu: Toaletni stoli\u0107 \u010duva sve va\u0161e kozmeti\u010dke potrep\u0161tine urednima i nadohvat ruke \u2013 s plo\u010dom \u0161irine 100 cm, 2 ladicama, bo\u010dnim ormari\u0107em, 7 otvorenih pretinaca i policama iznad i ispod.Integrirana stanica za punjenje: S integriranom stanicom za punjenje mo\u017eete prakti\u010dno puniti telefon ili ure\u0111aje za oblikovanje kose dok nanosite \u0161minku. Stanica za punjenje ima dvije AC uti\u010dnice, jedan USB-A priklju\u010dak i jedan USB-C priklju\u010dak.Klizno ogledalo s osvjetljenjem: Pomaknite ogledalo bez napora za savr\u0161en pogled i odaberite izme\u0111u 3 temperature boja i podesive svjetline pomo\u0107u dodirnog gumba \u2013 za optimalno osvjetljenjeNamjenski prostor za pohranu nakita: Utori za prstenje stavljaju kraj jutarnjoj potrazi, 6 kukica sprje\u010dava zapetljavanje ogrlica, a rupice za nau\u0161nice dr\u017ee parove zajedno. Unesite red u svoju svakodnevicu.\" \/>\n<meta name=\"robots\" content=\"index, follow, max-snippet:-1, max-image-preview:large, max-video-preview:-1\" \/>\n<link rel=\"canonical\" href=\"https:\/\/inti.hr\/bs\/proizvod\/toaletni-stolic-s-ogledalom-i-vise-ladica\/\" \/>\n<meta property=\"og:locale\" content=\"bs_BA\" \/>\n<meta property=\"og:type\" content=\"article\" \/>\n<meta property=\"og:title\" content=\"Toaletni stoli\u0107 s ogledalom i vi\u0161e ladica - Inti\" \/>\n<meta property=\"og:description\" content=\"Unesite seoski \u0161arm u svoj dom: Toaletni stoli\u0107 iz kolekcije LIRY nudi svestran prostor za pohranu i rustikalni \u0161arm, pretvaraju\u0107i svaku sobu u privla\u010dno i uredno uto\u010di\u0161te.Puno prostora za pohranu: Toaletni stoli\u0107 \u010duva sve va\u0161e kozmeti\u010dke potrep\u0161tine urednima i nadohvat ruke \u2013 s plo\u010dom \u0161irine 100 cm, 2 ladicama, bo\u010dnim ormari\u0107em, 7 otvorenih pretinaca i policama iznad i ispod.Integrirana stanica za punjenje: S integriranom stanicom za punjenje mo\u017eete prakti\u010dno puniti telefon ili ure\u0111aje za oblikovanje kose dok nanosite \u0161minku. Stanica za punjenje ima dvije AC uti\u010dnice, jedan USB-A priklju\u010dak i jedan USB-C priklju\u010dak.Klizno ogledalo s osvjetljenjem: Pomaknite ogledalo bez napora za savr\u0161en pogled i odaberite izme\u0111u 3 temperature boja i podesive svjetline pomo\u0107u dodirnog gumba \u2013 za optimalno osvjetljenjeNamjenski prostor za pohranu nakita: Utori za prstenje stavljaju kraj jutarnjoj potrazi, 6 kukica sprje\u010dava zapetljavanje ogrlica, a rupice za nau\u0161nice dr\u017ee parove zajedno. Unesite red u svoju svakodnevicu.\" \/>\n<meta property=\"og:url\" content=\"https:\/\/inti.hr\/bs\/proizvod\/toaletni-stolic-s-ogledalom-i-vise-ladica\/\" \/>\n<meta property=\"og:site_name\" content=\"Inti\" \/>\n<meta property=\"og:image\" content=\"https:\/\/i0.wp.com\/inti.hr\/wp-content\/uploads\/2025\/10\/RDT136W01-1.jpg?fit=1000%2C1000&ssl=1\" \/>\n\t<meta property=\"og:image:width\" content=\"1000\" \/>\n\t<meta property=\"og:image:height\" content=\"1000\" \/>\n\t<meta property=\"og:image:type\" content=\"image\/jpeg\" \/>\n<meta name=\"twitter:card\" content=\"summary_large_image\" \/>\n<script type=\"application\/ld+json\" class=\"yoast-schema-graph\">{\"@context\":\"https:\/\/schema.org\",\"@graph\":[{\"@type\":\"WebPage\",\"@id\":\"https:\/\/inti.hr\/bs\/proizvod\/toaletni-stolic-s-ogledalom-i-vise-ladica\/\",\"url\":\"https:\/\/inti.hr\/bs\/proizvod\/toaletni-stolic-s-ogledalom-i-vise-ladica\/\",\"name\":\"Toaletni stoli\u0107 s ogledalom i vi\u0161e ladica - Inti\",\"isPartOf\":{\"@id\":\"https:\/\/inti.hr\/bs\/#website\"},\"primaryImageOfPage\":{\"@id\":\"https:\/\/inti.hr\/bs\/proizvod\/toaletni-stolic-s-ogledalom-i-vise-ladica\/#primaryimage\"},\"image\":{\"@id\":\"https:\/\/inti.hr\/bs\/proizvod\/toaletni-stolic-s-ogledalom-i-vise-ladica\/#primaryimage\"},\"thumbnailUrl\":\"https:\/\/i0.wp.com\/inti.hr\/wp-content\/uploads\/2025\/10\/RDT136W01-1.jpg?fit=1000%2C1000&ssl=1\",\"datePublished\":\"2025-10-11T19:01:32+00:00\",\"dateModified\":\"2025-10-11T19:01:32+00:00\",\"description\":\"Unesite seoski \u0161arm u svoj dom: Toaletni stoli\u0107 iz kolekcije LIRY nudi svestran prostor za pohranu i rustikalni \u0161arm, pretvaraju\u0107i svaku sobu u privla\u010dno i uredno uto\u010di\u0161te.Puno prostora za pohranu: Toaletni stoli\u0107 \u010duva sve va\u0161e kozmeti\u010dke potrep\u0161tine urednima i nadohvat ruke \u2013 s plo\u010dom \u0161irine 100 cm, 2 ladicama, bo\u010dnim ormari\u0107em, 7 otvorenih pretinaca i policama iznad i ispod.Integrirana stanica za punjenje: S integriranom stanicom za punjenje mo\u017eete prakti\u010dno puniti telefon ili ure\u0111aje za oblikovanje kose dok nanosite \u0161minku. Stanica za punjenje ima dvije AC uti\u010dnice, jedan USB-A priklju\u010dak i jedan USB-C priklju\u010dak.Klizno ogledalo s osvjetljenjem: Pomaknite ogledalo bez napora za savr\u0161en pogled i odaberite izme\u0111u 3 temperature boja i podesive svjetline pomo\u0107u dodirnog gumba \u2013 za optimalno osvjetljenjeNamjenski prostor za pohranu nakita: Utori za prstenje stavljaju kraj jutarnjoj potrazi, 6 kukica sprje\u010dava zapetljavanje ogrlica, a rupice za nau\u0161nice dr\u017ee parove zajedno. Unesite red u svoju svakodnevicu.\",\"breadcrumb\":{\"@id\":\"https:\/\/inti.hr\/bs\/proizvod\/toaletni-stolic-s-ogledalom-i-vise-ladica\/#breadcrumb\"},\"inLanguage\":\"bs-BA\",\"potentialAction\":[{\"@type\":\"ReadAction\",\"target\":[\"https:\/\/inti.hr\/bs\/proizvod\/toaletni-stolic-s-ogledalom-i-vise-ladica\/\"]}]},{\"@type\":\"ImageObject\",\"inLanguage\":\"bs-BA\",\"@id\":\"https:\/\/inti.hr\/bs\/proizvod\/toaletni-stolic-s-ogledalom-i-vise-ladica\/#primaryimage\",\"url\":\"https:\/\/i0.wp.com\/inti.hr\/wp-content\/uploads\/2025\/10\/RDT136W01-1.jpg?fit=1000%2C1000&ssl=1\",\"contentUrl\":\"https:\/\/i0.wp.com\/inti.hr\/wp-content\/uploads\/2025\/10\/RDT136W01-1.jpg?fit=1000%2C1000&ssl=1\",\"width\":1000,\"height\":1000,\"caption\":\"VASAGLE toaletni stoli\u0107 s ogledalom i vi\u0161e ladica\"},{\"@type\":\"BreadcrumbList\",\"@id\":\"https:\/\/inti.hr\/bs\/proizvod\/toaletni-stolic-s-ogledalom-i-vise-ladica\/#breadcrumb\",\"itemListElement\":[{\"@type\":\"ListItem\",\"position\":1,\"name\":\"Po\u010detna stranica\",\"item\":\"https:\/\/inti.hr\/bs\/\"},{\"@type\":\"ListItem\",\"position\":2,\"name\":\"Trgovina\",\"item\":\"https:\/\/inti.hr\/bs\/trgovina\/\"},{\"@type\":\"ListItem\",\"position\":3,\"name\":\"Toaletni stoli\u0107 s ogledalom i vi\u0161e ladica\"}]},{\"@type\":\"WebSite\",\"@id\":\"https:\/\/inti.hr\/bs\/#website\",\"url\":\"https:\/\/inti.hr\/bs\/\",\"name\":\"Inti\",\"description\":\"trgovina\",\"potentialAction\":[{\"@type\":\"SearchAction\",\"target\":{\"@type\":\"EntryPoint\",\"urlTemplate\":\"https:\/\/inti.hr\/bs\/?s={search_term_string}\"},\"query-input\":{\"@type\":\"PropertyValueSpecification\",\"valueRequired\":true,\"valueName\":\"search_term_string\"}}],\"inLanguage\":\"bs-BA\"}]}<\/script>\n<!-- \/ Yoast SEO plugin. -->","yoast_head_json":{"title":"Toaletni stoli\u0107 s ogledalom i vi\u0161e ladica - Inti","description":"Unesite seoski \u0161arm u svoj dom: Toaletni stoli\u0107 iz kolekcije LIRY nudi svestran prostor za pohranu i rustikalni \u0161arm, pretvaraju\u0107i svaku sobu u privla\u010dno i uredno uto\u010di\u0161te.Puno prostora za pohranu: Toaletni stoli\u0107 \u010duva sve va\u0161e kozmeti\u010dke potrep\u0161tine urednima i nadohvat ruke \u2013 s plo\u010dom \u0161irine 100 cm, 2 ladicama, bo\u010dnim ormari\u0107em, 7 otvorenih pretinaca i policama iznad i ispod.Integrirana stanica za punjenje: S integriranom stanicom za punjenje mo\u017eete prakti\u010dno puniti telefon ili ure\u0111aje za oblikovanje kose dok nanosite \u0161minku. Stanica za punjenje ima dvije AC uti\u010dnice, jedan USB-A priklju\u010dak i jedan USB-C priklju\u010dak.Klizno ogledalo s osvjetljenjem: Pomaknite ogledalo bez napora za savr\u0161en pogled i odaberite izme\u0111u 3 temperature boja i podesive svjetline pomo\u0107u dodirnog gumba \u2013 za optimalno osvjetljenjeNamjenski prostor za pohranu nakita: Utori za prstenje stavljaju kraj jutarnjoj potrazi, 6 kukica sprje\u010dava zapetljavanje ogrlica, a rupice za nau\u0161nice dr\u017ee parove zajedno. Unesite red u svoju svakodnevicu.","robots":{"index":"index","follow":"follow","max-snippet":"max-snippet:-1","max-image-preview":"max-image-preview:large","max-video-preview":"max-video-preview:-1"},"canonical":"https:\/\/inti.hr\/bs\/proizvod\/toaletni-stolic-s-ogledalom-i-vise-ladica\/","og_locale":"bs_BA","og_type":"article","og_title":"Toaletni stoli\u0107 s ogledalom i vi\u0161e ladica - Inti","og_description":"Unesite seoski \u0161arm u svoj dom: Toaletni stoli\u0107 iz kolekcije LIRY nudi svestran prostor za pohranu i rustikalni \u0161arm, pretvaraju\u0107i svaku sobu u privla\u010dno i uredno uto\u010di\u0161te.Puno prostora za pohranu: Toaletni stoli\u0107 \u010duva sve va\u0161e kozmeti\u010dke potrep\u0161tine urednima i nadohvat ruke \u2013 s plo\u010dom \u0161irine 100 cm, 2 ladicama, bo\u010dnim ormari\u0107em, 7 otvorenih pretinaca i policama iznad i ispod.Integrirana stanica za punjenje: S integriranom stanicom za punjenje mo\u017eete prakti\u010dno puniti telefon ili ure\u0111aje za oblikovanje kose dok nanosite \u0161minku. Stanica za punjenje ima dvije AC uti\u010dnice, jedan USB-A priklju\u010dak i jedan USB-C priklju\u010dak.Klizno ogledalo s osvjetljenjem: Pomaknite ogledalo bez napora za savr\u0161en pogled i odaberite izme\u0111u 3 temperature boja i podesive svjetline pomo\u0107u dodirnog gumba \u2013 za optimalno osvjetljenjeNamjenski prostor za pohranu nakita: Utori za prstenje stavljaju kraj jutarnjoj potrazi, 6 kukica sprje\u010dava zapetljavanje ogrlica, a rupice za nau\u0161nice dr\u017ee parove zajedno. Unesite red u svoju svakodnevicu.","og_url":"https:\/\/inti.hr\/bs\/proizvod\/toaletni-stolic-s-ogledalom-i-vise-ladica\/","og_site_name":"Inti","og_image":[{"width":1000,"height":1000,"url":"https:\/\/i0.wp.com\/inti.hr\/wp-content\/uploads\/2025\/10\/RDT136W01-1.jpg?fit=1000%2C1000&ssl=1","type":"image\/jpeg"}],"twitter_card":"summary_large_image","schema":{"@context":"https:\/\/schema.org","@graph":[{"@type":"WebPage","@id":"https:\/\/inti.hr\/bs\/proizvod\/toaletni-stolic-s-ogledalom-i-vise-ladica\/","url":"https:\/\/inti.hr\/bs\/proizvod\/toaletni-stolic-s-ogledalom-i-vise-ladica\/","name":"Toaletni stoli\u0107 s ogledalom i vi\u0161e ladica - Inti","isPartOf":{"@id":"https:\/\/inti.hr\/bs\/#website"},"primaryImageOfPage":{"@id":"https:\/\/inti.hr\/bs\/proizvod\/toaletni-stolic-s-ogledalom-i-vise-ladica\/#primaryimage"},"image":{"@id":"https:\/\/inti.hr\/bs\/proizvod\/toaletni-stolic-s-ogledalom-i-vise-ladica\/#primaryimage"},"thumbnailUrl":"https:\/\/i0.wp.com\/inti.hr\/wp-content\/uploads\/2025\/10\/RDT136W01-1.jpg?fit=1000%2C1000&ssl=1","datePublished":"2025-10-11T19:01:32+00:00","dateModified":"2025-10-11T19:01:32+00:00","description":"Unesite seoski \u0161arm u svoj dom: Toaletni stoli\u0107 iz kolekcije LIRY nudi svestran prostor za pohranu i rustikalni \u0161arm, pretvaraju\u0107i svaku sobu u privla\u010dno i uredno uto\u010di\u0161te.Puno prostora za pohranu: Toaletni stoli\u0107 \u010duva sve va\u0161e kozmeti\u010dke potrep\u0161tine urednima i nadohvat ruke \u2013 s plo\u010dom \u0161irine 100 cm, 2 ladicama, bo\u010dnim ormari\u0107em, 7 otvorenih pretinaca i policama iznad i ispod.Integrirana stanica za punjenje: S integriranom stanicom za punjenje mo\u017eete prakti\u010dno puniti telefon ili ure\u0111aje za oblikovanje kose dok nanosite \u0161minku. Stanica za punjenje ima dvije AC uti\u010dnice, jedan USB-A priklju\u010dak i jedan USB-C priklju\u010dak.Klizno ogledalo s osvjetljenjem: Pomaknite ogledalo bez napora za savr\u0161en pogled i odaberite izme\u0111u 3 temperature boja i podesive svjetline pomo\u0107u dodirnog gumba \u2013 za optimalno osvjetljenjeNamjenski prostor za pohranu nakita: Utori za prstenje stavljaju kraj jutarnjoj potrazi, 6 kukica sprje\u010dava zapetljavanje ogrlica, a rupice za nau\u0161nice dr\u017ee parove zajedno. Unesite red u svoju svakodnevicu.","breadcrumb":{"@id":"https:\/\/inti.hr\/bs\/proizvod\/toaletni-stolic-s-ogledalom-i-vise-ladica\/#breadcrumb"},"inLanguage":"bs-BA","potentialAction":[{"@type":"ReadAction","target":["https:\/\/inti.hr\/bs\/proizvod\/toaletni-stolic-s-ogledalom-i-vise-ladica\/"]}]},{"@type":"ImageObject","inLanguage":"bs-BA","@id":"https:\/\/inti.hr\/bs\/proizvod\/toaletni-stolic-s-ogledalom-i-vise-ladica\/#primaryimage","url":"https:\/\/i0.wp.com\/inti.hr\/wp-content\/uploads\/2025\/10\/RDT136W01-1.jpg?fit=1000%2C1000&ssl=1","contentUrl":"https:\/\/i0.wp.com\/inti.hr\/wp-content\/uploads\/2025\/10\/RDT136W01-1.jpg?fit=1000%2C1000&ssl=1","width":1000,"height":1000,"caption":"VASAGLE toaletni stoli\u0107 s ogledalom i vi\u0161e ladica"},{"@type":"BreadcrumbList","@id":"https:\/\/inti.hr\/bs\/proizvod\/toaletni-stolic-s-ogledalom-i-vise-ladica\/#breadcrumb","itemListElement":[{"@type":"ListItem","position":1,"name":"Po\u010detna stranica","item":"https:\/\/inti.hr\/bs\/"},{"@type":"ListItem","position":2,"name":"Trgovina","item":"https:\/\/inti.hr\/bs\/trgovina\/"},{"@type":"ListItem","position":3,"name":"Toaletni stoli\u0107 s ogledalom i vi\u0161e ladica"}]},{"@type":"WebSite","@id":"https:\/\/inti.hr\/bs\/#website","url":"https:\/\/inti.hr\/bs\/","name":"Inti","description":"trgovina","potentialAction":[{"@type":"SearchAction","target":{"@type":"EntryPoint","urlTemplate":"https:\/\/inti.hr\/bs\/?s={search_term_string}"},"query-input":{"@type":"PropertyValueSpecification","valueRequired":true,"valueName":"search_term_string"}}],"inLanguage":"bs-BA"}]}},"jetpack_sharing_enabled":true,"jetpack-related-posts":[],"_links":{"self":[{"href":"https:\/\/inti.hr\/bs\/wp-json\/wp\/v2\/product\/31055"}],"collection":[{"href":"https:\/\/inti.hr\/bs\/wp-json\/wp\/v2\/product"}],"about":[{"href":"https:\/\/inti.hr\/bs\/wp-json\/wp\/v2\/types\/product"}],"wp:featuredmedia":[{"embeddable":true,"href":"https:\/\/inti.hr\/bs\/wp-json\/wp\/v2\/media\/31056"}],"wp:attachment":[{"href":"https:\/\/inti.hr\/bs\/wp-json\/wp\/v2\/media?parent=31055"}],"wp:term":[{"taxonomy":"product_cat","embeddable":true,"href":"https:\/\/inti.hr\/bs\/wp-json\/wp\/v2\/product_cat?post=31055"},{"taxonomy":"product_tag","embeddable":true,"href":"https:\/\/inti.hr\/bs\/wp-json\/wp\/v2\/product_tag?post=31055"}],"curies":[{"name":"wp","href":"https:\/\/api.w.org\/{rel}","templated":true}]}}