{"id":31067,"date":"2025-10-05T10:18:37","date_gmt":"2025-10-05T09:18:37","guid":{"rendered":"https:\/\/inti.hr\/product\/celicni-ormar-za-pohranu-2\/"},"modified":"2025-10-05T10:18:37","modified_gmt":"2025-10-05T09:18:37","slug":"celicni-ormar-za-pohranu-2","status":"publish","type":"product","link":"https:\/\/inti.hr\/bs\/proizvod\/celicni-ormar-za-pohranu-2\/","title":{"rendered":"\u010celi\u010dni ormar za pohranu"},"content":{"rendered":"<p>Detalji o proizvodu:<br \/>\nBoja: Crna, svijetlosiva , bijela<br \/>\nMaterijal: \u010delik<br \/>\nVeli\u010dina (bez nogu): 40 x 80 x 90 cm (D x \u0160 x V)<br \/>\nTe\u017eina: 22,3 kg<br \/>\nMaks. stati\u010dka nosivost povr\u0161ine: 30 kg<br \/>\nMaks. stati\u010dka nosivost svake podesive police: 25 kg<\/p>\n","protected":false},"excerpt":{"rendered":"<p>[Svestran] Ovaj ormari\u0107 s klasi\u010dnom bojom i jednostavnim dizajnom lako se &#8230; <\/p>\n","protected":false},"featured_media":31068,"template":"","meta":[],"product_cat":[2436],"product_tag":[2826,2824],"yoast_head":"<!-- This site is optimized with the Yoast SEO plugin v23.7 - https:\/\/yoast.com\/wordpress\/plugins\/seo\/ -->\n<title>\u010celi\u010dni ormar za pohranu - Inti<\/title>\n<meta name=\"description\" content=\"[Svestran] Ovaj ormari\u0107 s klasi\u010dnom bojom i jednostavnim dizajnom lako se uklapa u va\u0161 dom - u radnu sobu za spise i dokumente, u kuhinju za boce i \u010da\u0161e, u gara\u017eu za vrtnu i sportsku opremu ili...[Prostrane i podesive police] Ovaj ormar za spise dimenzija 40 x 80 x 90 cm nudi dovoljno prostora za pohranu va\u0161ih dokumenata, datoteka i jo\u0161 mnogo toga. Dvije police iza vrata su podesive po visini, savr\u0161ene za predmete razli\u010ditih veli\u010dina.[Robustan i izdr\u017eljiv] Ovaj vi\u0161enamjenski ormari\u0107 izra\u0111en je od \u010delika s pra\u0161kastim premazom i otpornog na hr\u0111u \u2013 \u010dvrst je i izdr\u017eljiv. Povr\u0161ina je tako\u0111er vodootporna i jednostavna za \u010di\u0161\u0107enje, zbog \u010dega svaki dan izgleda kao nov.[Vrhunska metalna brava] \u010celi\u010dna brava s 2 klju\u010da otporna je na hr\u0111u i habanje te nudi visoku sigurnost za za\u0161titu va\u0161ih osobnih stvari.[Jednostavna monta\u017ea] Pru\u017eamo jasne upute i ozna\u010dene dijelove kako biste ovaj metalni ormari\u0107 mogli sastaviti brzo i bez napora.\" \/>\n<meta name=\"robots\" content=\"index, follow, max-snippet:-1, max-image-preview:large, max-video-preview:-1\" \/>\n<link rel=\"canonical\" href=\"https:\/\/inti.hr\/bs\/proizvod\/celicni-ormar-za-pohranu-2\/\" \/>\n<meta property=\"og:locale\" content=\"bs_BA\" \/>\n<meta property=\"og:type\" content=\"article\" \/>\n<meta property=\"og:title\" content=\"\u010celi\u010dni ormar za pohranu - Inti\" \/>\n<meta property=\"og:description\" content=\"[Svestran] Ovaj ormari\u0107 s klasi\u010dnom bojom i jednostavnim dizajnom lako se uklapa u va\u0161 dom - u radnu sobu za spise i dokumente, u kuhinju za boce i \u010da\u0161e, u gara\u017eu za vrtnu i sportsku opremu ili...[Prostrane i podesive police] Ovaj ormar za spise dimenzija 40 x 80 x 90 cm nudi dovoljno prostora za pohranu va\u0161ih dokumenata, datoteka i jo\u0161 mnogo toga. Dvije police iza vrata su podesive po visini, savr\u0161ene za predmete razli\u010ditih veli\u010dina.[Robustan i izdr\u017eljiv] Ovaj vi\u0161enamjenski ormari\u0107 izra\u0111en je od \u010delika s pra\u0161kastim premazom i otpornog na hr\u0111u \u2013 \u010dvrst je i izdr\u017eljiv. Povr\u0161ina je tako\u0111er vodootporna i jednostavna za \u010di\u0161\u0107enje, zbog \u010dega svaki dan izgleda kao nov.[Vrhunska metalna brava] \u010celi\u010dna brava s 2 klju\u010da otporna je na hr\u0111u i habanje te nudi visoku sigurnost za za\u0161titu va\u0161ih osobnih stvari.[Jednostavna monta\u017ea] Pru\u017eamo jasne upute i ozna\u010dene dijelove kako biste ovaj metalni ormari\u0107 mogli sastaviti brzo i bez napora.\" \/>\n<meta property=\"og:url\" content=\"https:\/\/inti.hr\/bs\/proizvod\/celicni-ormar-za-pohranu-2\/\" \/>\n<meta property=\"og:site_name\" content=\"Inti\" \/>\n<meta property=\"og:image\" content=\"https:\/\/i0.wp.com\/inti.hr\/wp-content\/uploads\/2025\/10\/OMC0013W01-2.jpg?fit=800%2C1000&ssl=1\" \/>\n\t<meta property=\"og:image:width\" content=\"800\" \/>\n\t<meta property=\"og:image:height\" content=\"1000\" \/>\n\t<meta property=\"og:image:type\" content=\"image\/jpeg\" \/>\n<meta name=\"twitter:card\" content=\"summary_large_image\" \/>\n<meta name=\"twitter:label1\" content=\"Est. reading time\" \/>\n\t<meta name=\"twitter:data1\" content=\"1 minuta\" \/>\n<script type=\"application\/ld+json\" class=\"yoast-schema-graph\">{\"@context\":\"https:\/\/schema.org\",\"@graph\":[{\"@type\":\"WebPage\",\"@id\":\"https:\/\/inti.hr\/bs\/proizvod\/celicni-ormar-za-pohranu-2\/\",\"url\":\"https:\/\/inti.hr\/bs\/proizvod\/celicni-ormar-za-pohranu-2\/\",\"name\":\"\u010celi\u010dni ormar za pohranu - Inti\",\"isPartOf\":{\"@id\":\"https:\/\/inti.hr\/bs\/#website\"},\"primaryImageOfPage\":{\"@id\":\"https:\/\/inti.hr\/bs\/proizvod\/celicni-ormar-za-pohranu-2\/#primaryimage\"},\"image\":{\"@id\":\"https:\/\/inti.hr\/bs\/proizvod\/celicni-ormar-za-pohranu-2\/#primaryimage\"},\"thumbnailUrl\":\"https:\/\/i0.wp.com\/inti.hr\/wp-content\/uploads\/2025\/10\/OMC0013W01-2.jpg?fit=800%2C1000&ssl=1\",\"datePublished\":\"2025-10-05T09:18:37+00:00\",\"dateModified\":\"2025-10-05T09:18:37+00:00\",\"description\":\"[Svestran] Ovaj ormari\u0107 s klasi\u010dnom bojom i jednostavnim dizajnom lako se uklapa u va\u0161 dom - u radnu sobu za spise i dokumente, u kuhinju za boce i \u010da\u0161e, u gara\u017eu za vrtnu i sportsku opremu ili...[Prostrane i podesive police] Ovaj ormar za spise dimenzija 40 x 80 x 90 cm nudi dovoljno prostora za pohranu va\u0161ih dokumenata, datoteka i jo\u0161 mnogo toga. Dvije police iza vrata su podesive po visini, savr\u0161ene za predmete razli\u010ditih veli\u010dina.[Robustan i izdr\u017eljiv] Ovaj vi\u0161enamjenski ormari\u0107 izra\u0111en je od \u010delika s pra\u0161kastim premazom i otpornog na hr\u0111u \u2013 \u010dvrst je i izdr\u017eljiv. Povr\u0161ina je tako\u0111er vodootporna i jednostavna za \u010di\u0161\u0107enje, zbog \u010dega svaki dan izgleda kao nov.[Vrhunska metalna brava] \u010celi\u010dna brava s 2 klju\u010da otporna je na hr\u0111u i habanje te nudi visoku sigurnost za za\u0161titu va\u0161ih osobnih stvari.[Jednostavna monta\u017ea] Pru\u017eamo jasne upute i ozna\u010dene dijelove kako biste ovaj metalni ormari\u0107 mogli sastaviti brzo i bez napora.\",\"breadcrumb\":{\"@id\":\"https:\/\/inti.hr\/bs\/proizvod\/celicni-ormar-za-pohranu-2\/#breadcrumb\"},\"inLanguage\":\"bs-BA\",\"potentialAction\":[{\"@type\":\"ReadAction\",\"target\":[\"https:\/\/inti.hr\/bs\/proizvod\/celicni-ormar-za-pohranu-2\/\"]}]},{\"@type\":\"ImageObject\",\"inLanguage\":\"bs-BA\",\"@id\":\"https:\/\/inti.hr\/bs\/proizvod\/celicni-ormar-za-pohranu-2\/#primaryimage\",\"url\":\"https:\/\/i0.wp.com\/inti.hr\/wp-content\/uploads\/2025\/10\/OMC0013W01-2.jpg?fit=800%2C1000&ssl=1\",\"contentUrl\":\"https:\/\/i0.wp.com\/inti.hr\/wp-content\/uploads\/2025\/10\/OMC0013W01-2.jpg?fit=800%2C1000&ssl=1\",\"width\":800,\"height\":1000,\"caption\":\"SONGMICS \u010deli\u010dni ormar za pohranu\"},{\"@type\":\"BreadcrumbList\",\"@id\":\"https:\/\/inti.hr\/bs\/proizvod\/celicni-ormar-za-pohranu-2\/#breadcrumb\",\"itemListElement\":[{\"@type\":\"ListItem\",\"position\":1,\"name\":\"Po\u010detna stranica\",\"item\":\"https:\/\/inti.hr\/bs\/\"},{\"@type\":\"ListItem\",\"position\":2,\"name\":\"Trgovina\",\"item\":\"https:\/\/inti.hr\/bs\/trgovina\/\"},{\"@type\":\"ListItem\",\"position\":3,\"name\":\"\u010celi\u010dni ormar za pohranu\"}]},{\"@type\":\"WebSite\",\"@id\":\"https:\/\/inti.hr\/bs\/#website\",\"url\":\"https:\/\/inti.hr\/bs\/\",\"name\":\"Inti\",\"description\":\"trgovina\",\"potentialAction\":[{\"@type\":\"SearchAction\",\"target\":{\"@type\":\"EntryPoint\",\"urlTemplate\":\"https:\/\/inti.hr\/bs\/?s={search_term_string}\"},\"query-input\":{\"@type\":\"PropertyValueSpecification\",\"valueRequired\":true,\"valueName\":\"search_term_string\"}}],\"inLanguage\":\"bs-BA\"}]}<\/script>\n<!-- \/ Yoast SEO plugin. -->","yoast_head_json":{"title":"\u010celi\u010dni ormar za pohranu - Inti","description":"[Svestran] Ovaj ormari\u0107 s klasi\u010dnom bojom i jednostavnim dizajnom lako se uklapa u va\u0161 dom - u radnu sobu za spise i dokumente, u kuhinju za boce i \u010da\u0161e, u gara\u017eu za vrtnu i sportsku opremu ili...[Prostrane i podesive police] Ovaj ormar za spise dimenzija 40 x 80 x 90 cm nudi dovoljno prostora za pohranu va\u0161ih dokumenata, datoteka i jo\u0161 mnogo toga. Dvije police iza vrata su podesive po visini, savr\u0161ene za predmete razli\u010ditih veli\u010dina.[Robustan i izdr\u017eljiv] Ovaj vi\u0161enamjenski ormari\u0107 izra\u0111en je od \u010delika s pra\u0161kastim premazom i otpornog na hr\u0111u \u2013 \u010dvrst je i izdr\u017eljiv. Povr\u0161ina je tako\u0111er vodootporna i jednostavna za \u010di\u0161\u0107enje, zbog \u010dega svaki dan izgleda kao nov.[Vrhunska metalna brava] \u010celi\u010dna brava s 2 klju\u010da otporna je na hr\u0111u i habanje te nudi visoku sigurnost za za\u0161titu va\u0161ih osobnih stvari.[Jednostavna monta\u017ea] Pru\u017eamo jasne upute i ozna\u010dene dijelove kako biste ovaj metalni ormari\u0107 mogli sastaviti brzo i bez napora.","robots":{"index":"index","follow":"follow","max-snippet":"max-snippet:-1","max-image-preview":"max-image-preview:large","max-video-preview":"max-video-preview:-1"},"canonical":"https:\/\/inti.hr\/bs\/proizvod\/celicni-ormar-za-pohranu-2\/","og_locale":"bs_BA","og_type":"article","og_title":"\u010celi\u010dni ormar za pohranu - Inti","og_description":"[Svestran] Ovaj ormari\u0107 s klasi\u010dnom bojom i jednostavnim dizajnom lako se uklapa u va\u0161 dom - u radnu sobu za spise i dokumente, u kuhinju za boce i \u010da\u0161e, u gara\u017eu za vrtnu i sportsku opremu ili...[Prostrane i podesive police] Ovaj ormar za spise dimenzija 40 x 80 x 90 cm nudi dovoljno prostora za pohranu va\u0161ih dokumenata, datoteka i jo\u0161 mnogo toga. Dvije police iza vrata su podesive po visini, savr\u0161ene za predmete razli\u010ditih veli\u010dina.[Robustan i izdr\u017eljiv] Ovaj vi\u0161enamjenski ormari\u0107 izra\u0111en je od \u010delika s pra\u0161kastim premazom i otpornog na hr\u0111u \u2013 \u010dvrst je i izdr\u017eljiv. Povr\u0161ina je tako\u0111er vodootporna i jednostavna za \u010di\u0161\u0107enje, zbog \u010dega svaki dan izgleda kao nov.[Vrhunska metalna brava] \u010celi\u010dna brava s 2 klju\u010da otporna je na hr\u0111u i habanje te nudi visoku sigurnost za za\u0161titu va\u0161ih osobnih stvari.[Jednostavna monta\u017ea] Pru\u017eamo jasne upute i ozna\u010dene dijelove kako biste ovaj metalni ormari\u0107 mogli sastaviti brzo i bez napora.","og_url":"https:\/\/inti.hr\/bs\/proizvod\/celicni-ormar-za-pohranu-2\/","og_site_name":"Inti","og_image":[{"width":800,"height":1000,"url":"https:\/\/i0.wp.com\/inti.hr\/wp-content\/uploads\/2025\/10\/OMC0013W01-2.jpg?fit=800%2C1000&ssl=1","type":"image\/jpeg"}],"twitter_card":"summary_large_image","twitter_misc":{"Est. reading time":"1 minuta"},"schema":{"@context":"https:\/\/schema.org","@graph":[{"@type":"WebPage","@id":"https:\/\/inti.hr\/bs\/proizvod\/celicni-ormar-za-pohranu-2\/","url":"https:\/\/inti.hr\/bs\/proizvod\/celicni-ormar-za-pohranu-2\/","name":"\u010celi\u010dni ormar za pohranu - Inti","isPartOf":{"@id":"https:\/\/inti.hr\/bs\/#website"},"primaryImageOfPage":{"@id":"https:\/\/inti.hr\/bs\/proizvod\/celicni-ormar-za-pohranu-2\/#primaryimage"},"image":{"@id":"https:\/\/inti.hr\/bs\/proizvod\/celicni-ormar-za-pohranu-2\/#primaryimage"},"thumbnailUrl":"https:\/\/i0.wp.com\/inti.hr\/wp-content\/uploads\/2025\/10\/OMC0013W01-2.jpg?fit=800%2C1000&ssl=1","datePublished":"2025-10-05T09:18:37+00:00","dateModified":"2025-10-05T09:18:37+00:00","description":"[Svestran] Ovaj ormari\u0107 s klasi\u010dnom bojom i jednostavnim dizajnom lako se uklapa u va\u0161 dom - u radnu sobu za spise i dokumente, u kuhinju za boce i \u010da\u0161e, u gara\u017eu za vrtnu i sportsku opremu ili...[Prostrane i podesive police] Ovaj ormar za spise dimenzija 40 x 80 x 90 cm nudi dovoljno prostora za pohranu va\u0161ih dokumenata, datoteka i jo\u0161 mnogo toga. Dvije police iza vrata su podesive po visini, savr\u0161ene za predmete razli\u010ditih veli\u010dina.[Robustan i izdr\u017eljiv] Ovaj vi\u0161enamjenski ormari\u0107 izra\u0111en je od \u010delika s pra\u0161kastim premazom i otpornog na hr\u0111u \u2013 \u010dvrst je i izdr\u017eljiv. Povr\u0161ina je tako\u0111er vodootporna i jednostavna za \u010di\u0161\u0107enje, zbog \u010dega svaki dan izgleda kao nov.[Vrhunska metalna brava] \u010celi\u010dna brava s 2 klju\u010da otporna je na hr\u0111u i habanje te nudi visoku sigurnost za za\u0161titu va\u0161ih osobnih stvari.[Jednostavna monta\u017ea] Pru\u017eamo jasne upute i ozna\u010dene dijelove kako biste ovaj metalni ormari\u0107 mogli sastaviti brzo i bez napora.","breadcrumb":{"@id":"https:\/\/inti.hr\/bs\/proizvod\/celicni-ormar-za-pohranu-2\/#breadcrumb"},"inLanguage":"bs-BA","potentialAction":[{"@type":"ReadAction","target":["https:\/\/inti.hr\/bs\/proizvod\/celicni-ormar-za-pohranu-2\/"]}]},{"@type":"ImageObject","inLanguage":"bs-BA","@id":"https:\/\/inti.hr\/bs\/proizvod\/celicni-ormar-za-pohranu-2\/#primaryimage","url":"https:\/\/i0.wp.com\/inti.hr\/wp-content\/uploads\/2025\/10\/OMC0013W01-2.jpg?fit=800%2C1000&ssl=1","contentUrl":"https:\/\/i0.wp.com\/inti.hr\/wp-content\/uploads\/2025\/10\/OMC0013W01-2.jpg?fit=800%2C1000&ssl=1","width":800,"height":1000,"caption":"SONGMICS \u010deli\u010dni ormar za pohranu"},{"@type":"BreadcrumbList","@id":"https:\/\/inti.hr\/bs\/proizvod\/celicni-ormar-za-pohranu-2\/#breadcrumb","itemListElement":[{"@type":"ListItem","position":1,"name":"Po\u010detna stranica","item":"https:\/\/inti.hr\/bs\/"},{"@type":"ListItem","position":2,"name":"Trgovina","item":"https:\/\/inti.hr\/bs\/trgovina\/"},{"@type":"ListItem","position":3,"name":"\u010celi\u010dni ormar za pohranu"}]},{"@type":"WebSite","@id":"https:\/\/inti.hr\/bs\/#website","url":"https:\/\/inti.hr\/bs\/","name":"Inti","description":"trgovina","potentialAction":[{"@type":"SearchAction","target":{"@type":"EntryPoint","urlTemplate":"https:\/\/inti.hr\/bs\/?s={search_term_string}"},"query-input":{"@type":"PropertyValueSpecification","valueRequired":true,"valueName":"search_term_string"}}],"inLanguage":"bs-BA"}]}},"jetpack_sharing_enabled":true,"jetpack-related-posts":[],"_links":{"self":[{"href":"https:\/\/inti.hr\/bs\/wp-json\/wp\/v2\/product\/31067"}],"collection":[{"href":"https:\/\/inti.hr\/bs\/wp-json\/wp\/v2\/product"}],"about":[{"href":"https:\/\/inti.hr\/bs\/wp-json\/wp\/v2\/types\/product"}],"wp:featuredmedia":[{"embeddable":true,"href":"https:\/\/inti.hr\/bs\/wp-json\/wp\/v2\/media\/31068"}],"wp:attachment":[{"href":"https:\/\/inti.hr\/bs\/wp-json\/wp\/v2\/media?parent=31067"}],"wp:term":[{"taxonomy":"product_cat","embeddable":true,"href":"https:\/\/inti.hr\/bs\/wp-json\/wp\/v2\/product_cat?post=31067"},{"taxonomy":"product_tag","embeddable":true,"href":"https:\/\/inti.hr\/bs\/wp-json\/wp\/v2\/product_tag?post=31067"}],"curies":[{"name":"wp","href":"https:\/\/api.w.org\/{rel}","templated":true}]}}