{"id":31113,"date":"2025-08-01T13:12:58","date_gmt":"2025-08-01T12:12:58","guid":{"rendered":"https:\/\/inti.hr\/product\/kosara-za-rublje-s-poklopcem-i-vrecicom-za-odvajanje\/"},"modified":"2025-08-01T13:12:58","modified_gmt":"2025-08-01T12:12:58","slug":"kosara-za-rublje-s-poklopcem-i-vrecicom-za-odvajanje","status":"publish","type":"product","link":"https:\/\/inti.hr\/bs\/proizvod\/kosara-za-rublje-s-poklopcem-i-vrecicom-za-odvajanje\/","title":{"rendered":"Ko\u0161ara za rublje s poklopcem i vre\u0107icom za odvajanje"},"content":{"rendered":"<p>Detalji o proizvodu:<br \/>\nBoja: Crno-prirodno be\u017e<br \/>\nMaterijal: Oxfordska tkanina, bambus, poliester, metalni \u017ei\u010dani okvir, poliamid (najlon), PU umjetna ko\u017ea, karton, \u0161ipke od stakloplastike<br \/>\nVeli\u010dina: 42,5 x 32,5 x 75 cm (D x \u0160 x V)<br \/>\nTe\u017eina: 1,2 kg<br \/>\nMaks. stati\u010dka nosivost: 10 kg<\/p>\n","protected":false},"excerpt":{"rendered":"<p>Ova ko\u0161ara za rublje (42,5 x 32,5 x 75 cm) nudi &#8230; <\/p>\n","protected":false},"featured_media":31115,"template":"","meta":[],"product_cat":[2392],"product_tag":[2424],"yoast_head":"<!-- This site is optimized with the Yoast SEO plugin v23.7 - https:\/\/yoast.com\/wordpress\/plugins\/seo\/ -->\n<title>Ko\u0161ara za rublje s poklopcem i vre\u0107icom za odvajanje - Inti<\/title>\n<meta name=\"description\" content=\"Ova ko\u0161ara za rublje (42,5 x 32,5 x 75 cm) nudi velikodu\u0161nih 90 litara prostora za pohranu. Puno mjesta za prikupljanje tjedne koli\u010dine prljavog rublja za jednu osobu. Vanjski spremnik se lako postavlja bez alata. Zatim samo trebate objesiti vre\u0107icu na vanjski spremnik. Gotovo! Nema dosadnog vezanja \u010dvorova. Zakrivljeni oblik dodaje jedinstven dodir va\u0161em domu. Poklopac pru\u017ea privatnost, skriva nered i sprje\u010dava neugodne mirise rublja. Unutarnja torba koja se mo\u017ee ukloniti, jednostavan transport: Stanite na om\u010du na dnu kako biste lak\u0161e izvadili torbu. Zatim je mo\u017eete lako prenijeti u praonicu rublja pomo\u0107u bo\u010dnih ru\u010dki. \u00a0Izra\u0111ena od vodootporne, izdr\u017eljive 600D Oxford tkanine, ko\u0161ara za rublje jednostavna je za odr\u017eavanje i izdr\u017eljiva je. S pet \u0161ipki od stakloplastike, ko\u0161ara je \u010dvr\u0161\u0107a od konvencionalnih modela s \u010detiri \u0161ipke.\" \/>\n<meta name=\"robots\" content=\"index, follow, max-snippet:-1, max-image-preview:large, max-video-preview:-1\" \/>\n<link rel=\"canonical\" href=\"https:\/\/inti.hr\/bs\/proizvod\/kosara-za-rublje-s-poklopcem-i-vrecicom-za-odvajanje\/\" \/>\n<meta property=\"og:locale\" content=\"bs_BA\" \/>\n<meta property=\"og:type\" content=\"article\" \/>\n<meta property=\"og:title\" content=\"Ko\u0161ara za rublje s poklopcem i vre\u0107icom za odvajanje - Inti\" \/>\n<meta property=\"og:description\" content=\"Ova ko\u0161ara za rublje (42,5 x 32,5 x 75 cm) nudi velikodu\u0161nih 90 litara prostora za pohranu. Puno mjesta za prikupljanje tjedne koli\u010dine prljavog rublja za jednu osobu. Vanjski spremnik se lako postavlja bez alata. Zatim samo trebate objesiti vre\u0107icu na vanjski spremnik. Gotovo! Nema dosadnog vezanja \u010dvorova. Zakrivljeni oblik dodaje jedinstven dodir va\u0161em domu. Poklopac pru\u017ea privatnost, skriva nered i sprje\u010dava neugodne mirise rublja. Unutarnja torba koja se mo\u017ee ukloniti, jednostavan transport: Stanite na om\u010du na dnu kako biste lak\u0161e izvadili torbu. Zatim je mo\u017eete lako prenijeti u praonicu rublja pomo\u0107u bo\u010dnih ru\u010dki. \u00a0Izra\u0111ena od vodootporne, izdr\u017eljive 600D Oxford tkanine, ko\u0161ara za rublje jednostavna je za odr\u017eavanje i izdr\u017eljiva je. S pet \u0161ipki od stakloplastike, ko\u0161ara je \u010dvr\u0161\u0107a od konvencionalnih modela s \u010detiri \u0161ipke.\" \/>\n<meta property=\"og:url\" content=\"https:\/\/inti.hr\/bs\/proizvod\/kosara-za-rublje-s-poklopcem-i-vrecicom-za-odvajanje\/\" \/>\n<meta property=\"og:site_name\" content=\"Inti\" \/>\n<meta property=\"og:image\" content=\"https:\/\/i0.wp.com\/inti.hr\/wp-content\/uploads\/2025\/08\/LCB547G01-1.jpg?fit=1000%2C1000&ssl=1\" \/>\n\t<meta property=\"og:image:width\" content=\"1000\" \/>\n\t<meta property=\"og:image:height\" content=\"1000\" \/>\n\t<meta property=\"og:image:type\" content=\"image\/jpeg\" \/>\n<meta name=\"twitter:card\" content=\"summary_large_image\" \/>\n<script type=\"application\/ld+json\" class=\"yoast-schema-graph\">{\"@context\":\"https:\/\/schema.org\",\"@graph\":[{\"@type\":\"WebPage\",\"@id\":\"https:\/\/inti.hr\/bs\/proizvod\/kosara-za-rublje-s-poklopcem-i-vrecicom-za-odvajanje\/\",\"url\":\"https:\/\/inti.hr\/bs\/proizvod\/kosara-za-rublje-s-poklopcem-i-vrecicom-za-odvajanje\/\",\"name\":\"Ko\u0161ara za rublje s poklopcem i vre\u0107icom za odvajanje - Inti\",\"isPartOf\":{\"@id\":\"https:\/\/inti.hr\/bs\/#website\"},\"primaryImageOfPage\":{\"@id\":\"https:\/\/inti.hr\/bs\/proizvod\/kosara-za-rublje-s-poklopcem-i-vrecicom-za-odvajanje\/#primaryimage\"},\"image\":{\"@id\":\"https:\/\/inti.hr\/bs\/proizvod\/kosara-za-rublje-s-poklopcem-i-vrecicom-za-odvajanje\/#primaryimage\"},\"thumbnailUrl\":\"https:\/\/i0.wp.com\/inti.hr\/wp-content\/uploads\/2025\/08\/LCB547G01-1.jpg?fit=1000%2C1000&ssl=1\",\"datePublished\":\"2025-08-01T12:12:58+00:00\",\"dateModified\":\"2025-08-01T12:12:58+00:00\",\"description\":\"Ova ko\u0161ara za rublje (42,5 x 32,5 x 75 cm) nudi velikodu\u0161nih 90 litara prostora za pohranu. Puno mjesta za prikupljanje tjedne koli\u010dine prljavog rublja za jednu osobu. Vanjski spremnik se lako postavlja bez alata. Zatim samo trebate objesiti vre\u0107icu na vanjski spremnik. Gotovo! Nema dosadnog vezanja \u010dvorova. Zakrivljeni oblik dodaje jedinstven dodir va\u0161em domu. Poklopac pru\u017ea privatnost, skriva nered i sprje\u010dava neugodne mirise rublja. Unutarnja torba koja se mo\u017ee ukloniti, jednostavan transport: Stanite na om\u010du na dnu kako biste lak\u0161e izvadili torbu. Zatim je mo\u017eete lako prenijeti u praonicu rublja pomo\u0107u bo\u010dnih ru\u010dki. \u00a0Izra\u0111ena od vodootporne, izdr\u017eljive 600D Oxford tkanine, ko\u0161ara za rublje jednostavna je za odr\u017eavanje i izdr\u017eljiva je. S pet \u0161ipki od stakloplastike, ko\u0161ara je \u010dvr\u0161\u0107a od konvencionalnih modela s \u010detiri \u0161ipke.\",\"breadcrumb\":{\"@id\":\"https:\/\/inti.hr\/bs\/proizvod\/kosara-za-rublje-s-poklopcem-i-vrecicom-za-odvajanje\/#breadcrumb\"},\"inLanguage\":\"bs-BA\",\"potentialAction\":[{\"@type\":\"ReadAction\",\"target\":[\"https:\/\/inti.hr\/bs\/proizvod\/kosara-za-rublje-s-poklopcem-i-vrecicom-za-odvajanje\/\"]}]},{\"@type\":\"ImageObject\",\"inLanguage\":\"bs-BA\",\"@id\":\"https:\/\/inti.hr\/bs\/proizvod\/kosara-za-rublje-s-poklopcem-i-vrecicom-za-odvajanje\/#primaryimage\",\"url\":\"https:\/\/i0.wp.com\/inti.hr\/wp-content\/uploads\/2025\/08\/LCB547G01-1.jpg?fit=1000%2C1000&ssl=1\",\"contentUrl\":\"https:\/\/i0.wp.com\/inti.hr\/wp-content\/uploads\/2025\/08\/LCB547G01-1.jpg?fit=1000%2C1000&ssl=1\",\"width\":1000,\"height\":1000,\"caption\":\"SONGMICS Ko\u0161ara za rublje s poklopcem i odvojivom vre\u0107icom, \u0161kriljevo siva i prirodno be\u017e\"},{\"@type\":\"BreadcrumbList\",\"@id\":\"https:\/\/inti.hr\/bs\/proizvod\/kosara-za-rublje-s-poklopcem-i-vrecicom-za-odvajanje\/#breadcrumb\",\"itemListElement\":[{\"@type\":\"ListItem\",\"position\":1,\"name\":\"Po\u010detna stranica\",\"item\":\"https:\/\/inti.hr\/bs\/\"},{\"@type\":\"ListItem\",\"position\":2,\"name\":\"Trgovina\",\"item\":\"https:\/\/inti.hr\/bs\/trgovina\/\"},{\"@type\":\"ListItem\",\"position\":3,\"name\":\"Ko\u0161ara za rublje s poklopcem i vre\u0107icom za odvajanje\"}]},{\"@type\":\"WebSite\",\"@id\":\"https:\/\/inti.hr\/bs\/#website\",\"url\":\"https:\/\/inti.hr\/bs\/\",\"name\":\"Inti\",\"description\":\"trgovina\",\"potentialAction\":[{\"@type\":\"SearchAction\",\"target\":{\"@type\":\"EntryPoint\",\"urlTemplate\":\"https:\/\/inti.hr\/bs\/?s={search_term_string}\"},\"query-input\":{\"@type\":\"PropertyValueSpecification\",\"valueRequired\":true,\"valueName\":\"search_term_string\"}}],\"inLanguage\":\"bs-BA\"}]}<\/script>\n<!-- \/ Yoast SEO plugin. -->","yoast_head_json":{"title":"Ko\u0161ara za rublje s poklopcem i vre\u0107icom za odvajanje - Inti","description":"Ova ko\u0161ara za rublje (42,5 x 32,5 x 75 cm) nudi velikodu\u0161nih 90 litara prostora za pohranu. Puno mjesta za prikupljanje tjedne koli\u010dine prljavog rublja za jednu osobu. Vanjski spremnik se lako postavlja bez alata. Zatim samo trebate objesiti vre\u0107icu na vanjski spremnik. Gotovo! Nema dosadnog vezanja \u010dvorova. Zakrivljeni oblik dodaje jedinstven dodir va\u0161em domu. Poklopac pru\u017ea privatnost, skriva nered i sprje\u010dava neugodne mirise rublja. Unutarnja torba koja se mo\u017ee ukloniti, jednostavan transport: Stanite na om\u010du na dnu kako biste lak\u0161e izvadili torbu. Zatim je mo\u017eete lako prenijeti u praonicu rublja pomo\u0107u bo\u010dnih ru\u010dki. \u00a0Izra\u0111ena od vodootporne, izdr\u017eljive 600D Oxford tkanine, ko\u0161ara za rublje jednostavna je za odr\u017eavanje i izdr\u017eljiva je. S pet \u0161ipki od stakloplastike, ko\u0161ara je \u010dvr\u0161\u0107a od konvencionalnih modela s \u010detiri \u0161ipke.","robots":{"index":"index","follow":"follow","max-snippet":"max-snippet:-1","max-image-preview":"max-image-preview:large","max-video-preview":"max-video-preview:-1"},"canonical":"https:\/\/inti.hr\/bs\/proizvod\/kosara-za-rublje-s-poklopcem-i-vrecicom-za-odvajanje\/","og_locale":"bs_BA","og_type":"article","og_title":"Ko\u0161ara za rublje s poklopcem i vre\u0107icom za odvajanje - Inti","og_description":"Ova ko\u0161ara za rublje (42,5 x 32,5 x 75 cm) nudi velikodu\u0161nih 90 litara prostora za pohranu. Puno mjesta za prikupljanje tjedne koli\u010dine prljavog rublja za jednu osobu. Vanjski spremnik se lako postavlja bez alata. Zatim samo trebate objesiti vre\u0107icu na vanjski spremnik. Gotovo! Nema dosadnog vezanja \u010dvorova. Zakrivljeni oblik dodaje jedinstven dodir va\u0161em domu. Poklopac pru\u017ea privatnost, skriva nered i sprje\u010dava neugodne mirise rublja. Unutarnja torba koja se mo\u017ee ukloniti, jednostavan transport: Stanite na om\u010du na dnu kako biste lak\u0161e izvadili torbu. Zatim je mo\u017eete lako prenijeti u praonicu rublja pomo\u0107u bo\u010dnih ru\u010dki. \u00a0Izra\u0111ena od vodootporne, izdr\u017eljive 600D Oxford tkanine, ko\u0161ara za rublje jednostavna je za odr\u017eavanje i izdr\u017eljiva je. S pet \u0161ipki od stakloplastike, ko\u0161ara je \u010dvr\u0161\u0107a od konvencionalnih modela s \u010detiri \u0161ipke.","og_url":"https:\/\/inti.hr\/bs\/proizvod\/kosara-za-rublje-s-poklopcem-i-vrecicom-za-odvajanje\/","og_site_name":"Inti","og_image":[{"width":1000,"height":1000,"url":"https:\/\/i0.wp.com\/inti.hr\/wp-content\/uploads\/2025\/08\/LCB547G01-1.jpg?fit=1000%2C1000&ssl=1","type":"image\/jpeg"}],"twitter_card":"summary_large_image","schema":{"@context":"https:\/\/schema.org","@graph":[{"@type":"WebPage","@id":"https:\/\/inti.hr\/bs\/proizvod\/kosara-za-rublje-s-poklopcem-i-vrecicom-za-odvajanje\/","url":"https:\/\/inti.hr\/bs\/proizvod\/kosara-za-rublje-s-poklopcem-i-vrecicom-za-odvajanje\/","name":"Ko\u0161ara za rublje s poklopcem i vre\u0107icom za odvajanje - Inti","isPartOf":{"@id":"https:\/\/inti.hr\/bs\/#website"},"primaryImageOfPage":{"@id":"https:\/\/inti.hr\/bs\/proizvod\/kosara-za-rublje-s-poklopcem-i-vrecicom-za-odvajanje\/#primaryimage"},"image":{"@id":"https:\/\/inti.hr\/bs\/proizvod\/kosara-za-rublje-s-poklopcem-i-vrecicom-za-odvajanje\/#primaryimage"},"thumbnailUrl":"https:\/\/i0.wp.com\/inti.hr\/wp-content\/uploads\/2025\/08\/LCB547G01-1.jpg?fit=1000%2C1000&ssl=1","datePublished":"2025-08-01T12:12:58+00:00","dateModified":"2025-08-01T12:12:58+00:00","description":"Ova ko\u0161ara za rublje (42,5 x 32,5 x 75 cm) nudi velikodu\u0161nih 90 litara prostora za pohranu. Puno mjesta za prikupljanje tjedne koli\u010dine prljavog rublja za jednu osobu. Vanjski spremnik se lako postavlja bez alata. Zatim samo trebate objesiti vre\u0107icu na vanjski spremnik. Gotovo! Nema dosadnog vezanja \u010dvorova. Zakrivljeni oblik dodaje jedinstven dodir va\u0161em domu. Poklopac pru\u017ea privatnost, skriva nered i sprje\u010dava neugodne mirise rublja. Unutarnja torba koja se mo\u017ee ukloniti, jednostavan transport: Stanite na om\u010du na dnu kako biste lak\u0161e izvadili torbu. Zatim je mo\u017eete lako prenijeti u praonicu rublja pomo\u0107u bo\u010dnih ru\u010dki. \u00a0Izra\u0111ena od vodootporne, izdr\u017eljive 600D Oxford tkanine, ko\u0161ara za rublje jednostavna je za odr\u017eavanje i izdr\u017eljiva je. S pet \u0161ipki od stakloplastike, ko\u0161ara je \u010dvr\u0161\u0107a od konvencionalnih modela s \u010detiri \u0161ipke.","breadcrumb":{"@id":"https:\/\/inti.hr\/bs\/proizvod\/kosara-za-rublje-s-poklopcem-i-vrecicom-za-odvajanje\/#breadcrumb"},"inLanguage":"bs-BA","potentialAction":[{"@type":"ReadAction","target":["https:\/\/inti.hr\/bs\/proizvod\/kosara-za-rublje-s-poklopcem-i-vrecicom-za-odvajanje\/"]}]},{"@type":"ImageObject","inLanguage":"bs-BA","@id":"https:\/\/inti.hr\/bs\/proizvod\/kosara-za-rublje-s-poklopcem-i-vrecicom-za-odvajanje\/#primaryimage","url":"https:\/\/i0.wp.com\/inti.hr\/wp-content\/uploads\/2025\/08\/LCB547G01-1.jpg?fit=1000%2C1000&ssl=1","contentUrl":"https:\/\/i0.wp.com\/inti.hr\/wp-content\/uploads\/2025\/08\/LCB547G01-1.jpg?fit=1000%2C1000&ssl=1","width":1000,"height":1000,"caption":"SONGMICS Ko\u0161ara za rublje s poklopcem i odvojivom vre\u0107icom, \u0161kriljevo siva i prirodno be\u017e"},{"@type":"BreadcrumbList","@id":"https:\/\/inti.hr\/bs\/proizvod\/kosara-za-rublje-s-poklopcem-i-vrecicom-za-odvajanje\/#breadcrumb","itemListElement":[{"@type":"ListItem","position":1,"name":"Po\u010detna stranica","item":"https:\/\/inti.hr\/bs\/"},{"@type":"ListItem","position":2,"name":"Trgovina","item":"https:\/\/inti.hr\/bs\/trgovina\/"},{"@type":"ListItem","position":3,"name":"Ko\u0161ara za rublje s poklopcem i vre\u0107icom za odvajanje"}]},{"@type":"WebSite","@id":"https:\/\/inti.hr\/bs\/#website","url":"https:\/\/inti.hr\/bs\/","name":"Inti","description":"trgovina","potentialAction":[{"@type":"SearchAction","target":{"@type":"EntryPoint","urlTemplate":"https:\/\/inti.hr\/bs\/?s={search_term_string}"},"query-input":{"@type":"PropertyValueSpecification","valueRequired":true,"valueName":"search_term_string"}}],"inLanguage":"bs-BA"}]}},"jetpack_sharing_enabled":true,"jetpack-related-posts":[],"_links":{"self":[{"href":"https:\/\/inti.hr\/bs\/wp-json\/wp\/v2\/product\/31113"}],"collection":[{"href":"https:\/\/inti.hr\/bs\/wp-json\/wp\/v2\/product"}],"about":[{"href":"https:\/\/inti.hr\/bs\/wp-json\/wp\/v2\/types\/product"}],"wp:featuredmedia":[{"embeddable":true,"href":"https:\/\/inti.hr\/bs\/wp-json\/wp\/v2\/media\/31115"}],"wp:attachment":[{"href":"https:\/\/inti.hr\/bs\/wp-json\/wp\/v2\/media?parent=31113"}],"wp:term":[{"taxonomy":"product_cat","embeddable":true,"href":"https:\/\/inti.hr\/bs\/wp-json\/wp\/v2\/product_cat?post=31113"},{"taxonomy":"product_tag","embeddable":true,"href":"https:\/\/inti.hr\/bs\/wp-json\/wp\/v2\/product_tag?post=31113"}],"curies":[{"name":"wp","href":"https:\/\/api.w.org\/{rel}","templated":true}]}}