{"id":31123,"date":"2025-07-29T07:49:38","date_gmt":"2025-07-29T06:49:38","guid":{"rendered":"https:\/\/inti.hr\/product\/set-blagovaonskih-stolova-i-4-stolice\/"},"modified":"2025-07-29T07:49:38","modified_gmt":"2025-07-29T06:49:38","slug":"set-blagovaonskih-stolova-i-4-stolice","status":"publish","type":"product","link":"https:\/\/inti.hr\/bs\/proizvod\/set-blagovaonskih-stolova-i-4-stolice\/","title":{"rendered":"Set blagovaonskih stolova i 4 stolice"},"content":{"rendered":"<p>Detalji proizvoda:<\/p>\n<p>Ovaj set blagovaonskog stola i stolica uklju\u010duje 1 blagovaonski stol (110 x 70 x 76 cm) i 4 blagovaonske stolice (35 x 37 x 76 cm), dizajnirane za nosivost do 50 kg na stolu i 150 kg na stolicama. Izra\u0111en od visokokvalitetnog MDF-a s crnim okvirom od \u010delika s pra\u0161kastim premazom, ovaj blagovaonski set nudi optimalnu stabilnost za sve korisnike. Set dolazi spakiran ravno i zahtijeva jednostavnu monta\u017eu. Prilo\u017eene su jasne upute kako bi se osigurala brza i bezbri\u017ena monta\u017ea, tako da su va\u0161 blagovaonski stol i stolice odmah spremni za upotrebu.<\/p>\n","protected":false},"excerpt":{"rendered":"<p>Kuhinjske stolice presvu\u010dene su mekom pjenom i tkaninom kako bi se &#8230; <\/p>\n","protected":false},"featured_media":31124,"template":"","meta":[],"product_cat":[2726,2570],"product_tag":[2846,2847],"yoast_head":"<!-- This site is optimized with the Yoast SEO plugin v23.7 - https:\/\/yoast.com\/wordpress\/plugins\/seo\/ -->\n<title>Set blagovaonskih stolova i 4 stolice - Inti<\/title>\n<meta name=\"description\" content=\"Kuhinjske stolice presvu\u010dene su mekom pjenom i tkaninom kako bi se osigurala maksimalna udobnost tijekom dugih obroka ili sastanaka. Naslon od MDF-a pru\u017ea dodatnu potporu kralje\u017enici, \u0161to ovaj set blagovaonskog stola i stolica \u010dini idealnim izborom za duge ru\u010dkove. Savr\u0161en za male prostore, ovaj kuhinjski stol s 4 blagovaonske stolice koji \u0161tedi prostor omogu\u0107uje vam jednostavno spremanje stolica ispod stola, optimiziraju\u0107i prostor u malim kuhinjama i otvorenim dnevnim boravcima. Idealan za moderne domove gdje kuhinjski ormari\u0107i i blagovaonski setovi moraju biti funkcionalni i \u0161tedeti prostor. Glatka povr\u0161ina blagovaonskog stola i kuhinjskih stolica omogu\u0107uje brzo \u010di\u0161\u0107enje, \u0161to ovaj set stola i stolica \u010dini idealnim izborom za svakodnevni \u017eivot. Njegov dizajn jednostavan za odr\u017eavanje savr\u0161eno se uklapa u blagovaonice, kuhinje i bilo koji drugi prostor gdje namje\u0161taj za blagovaonicu treba biti prakti\u010dan i funkcionalan.\" \/>\n<meta name=\"robots\" content=\"index, follow, max-snippet:-1, max-image-preview:large, max-video-preview:-1\" \/>\n<link rel=\"canonical\" href=\"https:\/\/inti.hr\/bs\/proizvod\/set-blagovaonskih-stolova-i-4-stolice\/\" \/>\n<meta property=\"og:locale\" content=\"bs_BA\" \/>\n<meta property=\"og:type\" content=\"article\" \/>\n<meta property=\"og:title\" content=\"Set blagovaonskih stolova i 4 stolice - Inti\" \/>\n<meta property=\"og:description\" content=\"Kuhinjske stolice presvu\u010dene su mekom pjenom i tkaninom kako bi se osigurala maksimalna udobnost tijekom dugih obroka ili sastanaka. Naslon od MDF-a pru\u017ea dodatnu potporu kralje\u017enici, \u0161to ovaj set blagovaonskog stola i stolica \u010dini idealnim izborom za duge ru\u010dkove. Savr\u0161en za male prostore, ovaj kuhinjski stol s 4 blagovaonske stolice koji \u0161tedi prostor omogu\u0107uje vam jednostavno spremanje stolica ispod stola, optimiziraju\u0107i prostor u malim kuhinjama i otvorenim dnevnim boravcima. Idealan za moderne domove gdje kuhinjski ormari\u0107i i blagovaonski setovi moraju biti funkcionalni i \u0161tedeti prostor. Glatka povr\u0161ina blagovaonskog stola i kuhinjskih stolica omogu\u0107uje brzo \u010di\u0161\u0107enje, \u0161to ovaj set stola i stolica \u010dini idealnim izborom za svakodnevni \u017eivot. Njegov dizajn jednostavan za odr\u017eavanje savr\u0161eno se uklapa u blagovaonice, kuhinje i bilo koji drugi prostor gdje namje\u0161taj za blagovaonicu treba biti prakti\u010dan i funkcionalan.\" \/>\n<meta property=\"og:url\" content=\"https:\/\/inti.hr\/bs\/proizvod\/set-blagovaonskih-stolova-i-4-stolice\/\" \/>\n<meta property=\"og:site_name\" content=\"Inti\" \/>\n<meta property=\"og:image\" content=\"https:\/\/i0.wp.com\/inti.hr\/wp-content\/uploads\/2025\/07\/OGT52-N-S006_1800x1800.webp?fit=1600%2C1600&ssl=1\" \/>\n\t<meta property=\"og:image:width\" content=\"1600\" \/>\n\t<meta property=\"og:image:height\" content=\"1600\" \/>\n\t<meta property=\"og:image:type\" content=\"image\/webp\" \/>\n<meta name=\"twitter:card\" content=\"summary_large_image\" \/>\n<script type=\"application\/ld+json\" class=\"yoast-schema-graph\">{\"@context\":\"https:\/\/schema.org\",\"@graph\":[{\"@type\":\"WebPage\",\"@id\":\"https:\/\/inti.hr\/bs\/proizvod\/set-blagovaonskih-stolova-i-4-stolice\/\",\"url\":\"https:\/\/inti.hr\/bs\/proizvod\/set-blagovaonskih-stolova-i-4-stolice\/\",\"name\":\"Set blagovaonskih stolova i 4 stolice - Inti\",\"isPartOf\":{\"@id\":\"https:\/\/inti.hr\/bs\/#website\"},\"primaryImageOfPage\":{\"@id\":\"https:\/\/inti.hr\/bs\/proizvod\/set-blagovaonskih-stolova-i-4-stolice\/#primaryimage\"},\"image\":{\"@id\":\"https:\/\/inti.hr\/bs\/proizvod\/set-blagovaonskih-stolova-i-4-stolice\/#primaryimage\"},\"thumbnailUrl\":\"https:\/\/i0.wp.com\/inti.hr\/wp-content\/uploads\/2025\/07\/OGT52-N-S006_1800x1800.webp?fit=1600%2C1600&ssl=1\",\"datePublished\":\"2025-07-29T06:49:38+00:00\",\"dateModified\":\"2025-07-29T06:49:38+00:00\",\"description\":\"Kuhinjske stolice presvu\u010dene su mekom pjenom i tkaninom kako bi se osigurala maksimalna udobnost tijekom dugih obroka ili sastanaka. Naslon od MDF-a pru\u017ea dodatnu potporu kralje\u017enici, \u0161to ovaj set blagovaonskog stola i stolica \u010dini idealnim izborom za duge ru\u010dkove. Savr\u0161en za male prostore, ovaj kuhinjski stol s 4 blagovaonske stolice koji \u0161tedi prostor omogu\u0107uje vam jednostavno spremanje stolica ispod stola, optimiziraju\u0107i prostor u malim kuhinjama i otvorenim dnevnim boravcima. Idealan za moderne domove gdje kuhinjski ormari\u0107i i blagovaonski setovi moraju biti funkcionalni i \u0161tedeti prostor. Glatka povr\u0161ina blagovaonskog stola i kuhinjskih stolica omogu\u0107uje brzo \u010di\u0161\u0107enje, \u0161to ovaj set stola i stolica \u010dini idealnim izborom za svakodnevni \u017eivot. Njegov dizajn jednostavan za odr\u017eavanje savr\u0161eno se uklapa u blagovaonice, kuhinje i bilo koji drugi prostor gdje namje\u0161taj za blagovaonicu treba biti prakti\u010dan i funkcionalan.\",\"breadcrumb\":{\"@id\":\"https:\/\/inti.hr\/bs\/proizvod\/set-blagovaonskih-stolova-i-4-stolice\/#breadcrumb\"},\"inLanguage\":\"bs-BA\",\"potentialAction\":[{\"@type\":\"ReadAction\",\"target\":[\"https:\/\/inti.hr\/bs\/proizvod\/set-blagovaonskih-stolova-i-4-stolice\/\"]}]},{\"@type\":\"ImageObject\",\"inLanguage\":\"bs-BA\",\"@id\":\"https:\/\/inti.hr\/bs\/proizvod\/set-blagovaonskih-stolova-i-4-stolice\/#primaryimage\",\"url\":\"https:\/\/i0.wp.com\/inti.hr\/wp-content\/uploads\/2025\/07\/OGT52-N-S006_1800x1800.webp?fit=1600%2C1600&ssl=1\",\"contentUrl\":\"https:\/\/i0.wp.com\/inti.hr\/wp-content\/uploads\/2025\/07\/OGT52-N-S006_1800x1800.webp?fit=1600%2C1600&ssl=1\",\"width\":1600,\"height\":1600,\"caption\":\"SoBuy OGT52-N Set od 5 blagovaonskih\"},{\"@type\":\"BreadcrumbList\",\"@id\":\"https:\/\/inti.hr\/bs\/proizvod\/set-blagovaonskih-stolova-i-4-stolice\/#breadcrumb\",\"itemListElement\":[{\"@type\":\"ListItem\",\"position\":1,\"name\":\"Po\u010detna stranica\",\"item\":\"https:\/\/inti.hr\/bs\/\"},{\"@type\":\"ListItem\",\"position\":2,\"name\":\"Trgovina\",\"item\":\"https:\/\/inti.hr\/bs\/trgovina\/\"},{\"@type\":\"ListItem\",\"position\":3,\"name\":\"Set blagovaonskih stolova i 4 stolice\"}]},{\"@type\":\"WebSite\",\"@id\":\"https:\/\/inti.hr\/bs\/#website\",\"url\":\"https:\/\/inti.hr\/bs\/\",\"name\":\"Inti\",\"description\":\"trgovina\",\"potentialAction\":[{\"@type\":\"SearchAction\",\"target\":{\"@type\":\"EntryPoint\",\"urlTemplate\":\"https:\/\/inti.hr\/bs\/?s={search_term_string}\"},\"query-input\":{\"@type\":\"PropertyValueSpecification\",\"valueRequired\":true,\"valueName\":\"search_term_string\"}}],\"inLanguage\":\"bs-BA\"}]}<\/script>\n<!-- \/ Yoast SEO plugin. -->","yoast_head_json":{"title":"Set blagovaonskih stolova i 4 stolice - Inti","description":"Kuhinjske stolice presvu\u010dene su mekom pjenom i tkaninom kako bi se osigurala maksimalna udobnost tijekom dugih obroka ili sastanaka. Naslon od MDF-a pru\u017ea dodatnu potporu kralje\u017enici, \u0161to ovaj set blagovaonskog stola i stolica \u010dini idealnim izborom za duge ru\u010dkove. Savr\u0161en za male prostore, ovaj kuhinjski stol s 4 blagovaonske stolice koji \u0161tedi prostor omogu\u0107uje vam jednostavno spremanje stolica ispod stola, optimiziraju\u0107i prostor u malim kuhinjama i otvorenim dnevnim boravcima. Idealan za moderne domove gdje kuhinjski ormari\u0107i i blagovaonski setovi moraju biti funkcionalni i \u0161tedeti prostor. Glatka povr\u0161ina blagovaonskog stola i kuhinjskih stolica omogu\u0107uje brzo \u010di\u0161\u0107enje, \u0161to ovaj set stola i stolica \u010dini idealnim izborom za svakodnevni \u017eivot. Njegov dizajn jednostavan za odr\u017eavanje savr\u0161eno se uklapa u blagovaonice, kuhinje i bilo koji drugi prostor gdje namje\u0161taj za blagovaonicu treba biti prakti\u010dan i funkcionalan.","robots":{"index":"index","follow":"follow","max-snippet":"max-snippet:-1","max-image-preview":"max-image-preview:large","max-video-preview":"max-video-preview:-1"},"canonical":"https:\/\/inti.hr\/bs\/proizvod\/set-blagovaonskih-stolova-i-4-stolice\/","og_locale":"bs_BA","og_type":"article","og_title":"Set blagovaonskih stolova i 4 stolice - Inti","og_description":"Kuhinjske stolice presvu\u010dene su mekom pjenom i tkaninom kako bi se osigurala maksimalna udobnost tijekom dugih obroka ili sastanaka. Naslon od MDF-a pru\u017ea dodatnu potporu kralje\u017enici, \u0161to ovaj set blagovaonskog stola i stolica \u010dini idealnim izborom za duge ru\u010dkove. Savr\u0161en za male prostore, ovaj kuhinjski stol s 4 blagovaonske stolice koji \u0161tedi prostor omogu\u0107uje vam jednostavno spremanje stolica ispod stola, optimiziraju\u0107i prostor u malim kuhinjama i otvorenim dnevnim boravcima. Idealan za moderne domove gdje kuhinjski ormari\u0107i i blagovaonski setovi moraju biti funkcionalni i \u0161tedeti prostor. Glatka povr\u0161ina blagovaonskog stola i kuhinjskih stolica omogu\u0107uje brzo \u010di\u0161\u0107enje, \u0161to ovaj set stola i stolica \u010dini idealnim izborom za svakodnevni \u017eivot. Njegov dizajn jednostavan za odr\u017eavanje savr\u0161eno se uklapa u blagovaonice, kuhinje i bilo koji drugi prostor gdje namje\u0161taj za blagovaonicu treba biti prakti\u010dan i funkcionalan.","og_url":"https:\/\/inti.hr\/bs\/proizvod\/set-blagovaonskih-stolova-i-4-stolice\/","og_site_name":"Inti","og_image":[{"width":1600,"height":1600,"url":"https:\/\/i0.wp.com\/inti.hr\/wp-content\/uploads\/2025\/07\/OGT52-N-S006_1800x1800.webp?fit=1600%2C1600&ssl=1","type":"image\/webp"}],"twitter_card":"summary_large_image","schema":{"@context":"https:\/\/schema.org","@graph":[{"@type":"WebPage","@id":"https:\/\/inti.hr\/bs\/proizvod\/set-blagovaonskih-stolova-i-4-stolice\/","url":"https:\/\/inti.hr\/bs\/proizvod\/set-blagovaonskih-stolova-i-4-stolice\/","name":"Set blagovaonskih stolova i 4 stolice - Inti","isPartOf":{"@id":"https:\/\/inti.hr\/bs\/#website"},"primaryImageOfPage":{"@id":"https:\/\/inti.hr\/bs\/proizvod\/set-blagovaonskih-stolova-i-4-stolice\/#primaryimage"},"image":{"@id":"https:\/\/inti.hr\/bs\/proizvod\/set-blagovaonskih-stolova-i-4-stolice\/#primaryimage"},"thumbnailUrl":"https:\/\/i0.wp.com\/inti.hr\/wp-content\/uploads\/2025\/07\/OGT52-N-S006_1800x1800.webp?fit=1600%2C1600&ssl=1","datePublished":"2025-07-29T06:49:38+00:00","dateModified":"2025-07-29T06:49:38+00:00","description":"Kuhinjske stolice presvu\u010dene su mekom pjenom i tkaninom kako bi se osigurala maksimalna udobnost tijekom dugih obroka ili sastanaka. Naslon od MDF-a pru\u017ea dodatnu potporu kralje\u017enici, \u0161to ovaj set blagovaonskog stola i stolica \u010dini idealnim izborom za duge ru\u010dkove. Savr\u0161en za male prostore, ovaj kuhinjski stol s 4 blagovaonske stolice koji \u0161tedi prostor omogu\u0107uje vam jednostavno spremanje stolica ispod stola, optimiziraju\u0107i prostor u malim kuhinjama i otvorenim dnevnim boravcima. Idealan za moderne domove gdje kuhinjski ormari\u0107i i blagovaonski setovi moraju biti funkcionalni i \u0161tedeti prostor. Glatka povr\u0161ina blagovaonskog stola i kuhinjskih stolica omogu\u0107uje brzo \u010di\u0161\u0107enje, \u0161to ovaj set stola i stolica \u010dini idealnim izborom za svakodnevni \u017eivot. Njegov dizajn jednostavan za odr\u017eavanje savr\u0161eno se uklapa u blagovaonice, kuhinje i bilo koji drugi prostor gdje namje\u0161taj za blagovaonicu treba biti prakti\u010dan i funkcionalan.","breadcrumb":{"@id":"https:\/\/inti.hr\/bs\/proizvod\/set-blagovaonskih-stolova-i-4-stolice\/#breadcrumb"},"inLanguage":"bs-BA","potentialAction":[{"@type":"ReadAction","target":["https:\/\/inti.hr\/bs\/proizvod\/set-blagovaonskih-stolova-i-4-stolice\/"]}]},{"@type":"ImageObject","inLanguage":"bs-BA","@id":"https:\/\/inti.hr\/bs\/proizvod\/set-blagovaonskih-stolova-i-4-stolice\/#primaryimage","url":"https:\/\/i0.wp.com\/inti.hr\/wp-content\/uploads\/2025\/07\/OGT52-N-S006_1800x1800.webp?fit=1600%2C1600&ssl=1","contentUrl":"https:\/\/i0.wp.com\/inti.hr\/wp-content\/uploads\/2025\/07\/OGT52-N-S006_1800x1800.webp?fit=1600%2C1600&ssl=1","width":1600,"height":1600,"caption":"SoBuy OGT52-N Set od 5 blagovaonskih"},{"@type":"BreadcrumbList","@id":"https:\/\/inti.hr\/bs\/proizvod\/set-blagovaonskih-stolova-i-4-stolice\/#breadcrumb","itemListElement":[{"@type":"ListItem","position":1,"name":"Po\u010detna stranica","item":"https:\/\/inti.hr\/bs\/"},{"@type":"ListItem","position":2,"name":"Trgovina","item":"https:\/\/inti.hr\/bs\/trgovina\/"},{"@type":"ListItem","position":3,"name":"Set blagovaonskih stolova i 4 stolice"}]},{"@type":"WebSite","@id":"https:\/\/inti.hr\/bs\/#website","url":"https:\/\/inti.hr\/bs\/","name":"Inti","description":"trgovina","potentialAction":[{"@type":"SearchAction","target":{"@type":"EntryPoint","urlTemplate":"https:\/\/inti.hr\/bs\/?s={search_term_string}"},"query-input":{"@type":"PropertyValueSpecification","valueRequired":true,"valueName":"search_term_string"}}],"inLanguage":"bs-BA"}]}},"jetpack_sharing_enabled":true,"jetpack-related-posts":[],"_links":{"self":[{"href":"https:\/\/inti.hr\/bs\/wp-json\/wp\/v2\/product\/31123"}],"collection":[{"href":"https:\/\/inti.hr\/bs\/wp-json\/wp\/v2\/product"}],"about":[{"href":"https:\/\/inti.hr\/bs\/wp-json\/wp\/v2\/types\/product"}],"wp:featuredmedia":[{"embeddable":true,"href":"https:\/\/inti.hr\/bs\/wp-json\/wp\/v2\/media\/31124"}],"wp:attachment":[{"href":"https:\/\/inti.hr\/bs\/wp-json\/wp\/v2\/media?parent=31123"}],"wp:term":[{"taxonomy":"product_cat","embeddable":true,"href":"https:\/\/inti.hr\/bs\/wp-json\/wp\/v2\/product_cat?post=31123"},{"taxonomy":"product_tag","embeddable":true,"href":"https:\/\/inti.hr\/bs\/wp-json\/wp\/v2\/product_tag?post=31123"}],"curies":[{"name":"wp","href":"https:\/\/api.w.org\/{rel}","templated":true}]}}