{"id":31169,"date":"2025-06-28T13:40:59","date_gmt":"2025-06-28T12:40:59","guid":{"rendered":"https:\/\/inti.hr\/product\/kupaonski-ormaric-30x30x90cm\/"},"modified":"2025-06-28T13:40:59","modified_gmt":"2025-06-28T12:40:59","slug":"kupaonski-ormaric-30x30x90cm","status":"publish","type":"product","link":"https:\/\/inti.hr\/bs\/proizvod\/kupaonski-ormaric-30x30x90cm\/","title":{"rendered":"Kupaonski ormari\u0107 30x30x90cm"},"content":{"rendered":"<p>Izra\u0111eno od E1 MDF-a i opremljeno bambusovim vratima, s metalnim nogama kako bi se izbjegao izravan kontakt s podom. Idealno za kupaonicu, kuhinju ili praonicu rublja. Zatvoreni dizajn sprje\u010dava pra\u0161inu i nered, dok bijeli i bambusov izgled pristaje svakoj vrsti ure\u0111enja kupaonice, modernoj kuhinji, ormari\u0107u za ulaz ili komodi koja \u0161tedi prostor.<\/p>\n","protected":false},"excerpt":{"rendered":"<p>Dizajn koji \u0161tedi prostor za uske prostore] Ovaj kupaonski ormari\u0107 koji &#8230; <\/p>\n","protected":false},"featured_media":31170,"template":"","meta":[],"product_cat":[2392],"product_tag":[2520,2521],"yoast_head":"<!-- This site is optimized with the Yoast SEO plugin v23.7 - https:\/\/yoast.com\/wordpress\/plugins\/seo\/ -->\n<title>Kupaonski ormari\u0107 30x30x90cm - Inti<\/title>\n<meta name=\"description\" content=\"Dizajn koji \u0161tedi prostor za uske prostore] Ovaj kupaonski ormari\u0107 koji \u0161tedi prostor dimenzija je 30x30x90 cm i savr\u0161en je za male kupaonice, WC-e, ulaze ili pored kade. Tako\u0111er se lako uklapa u uske kutove ili neiskori\u0161tene prostore.\u00a0 Ormari\u0107 ima 3 police, od kojih su 2 podesive, ukupne nosivosti 24 kg. Izvrstan za pohranu ru\u010dnika, toaletnog papira, deterd\u017eenata ili drugih kupaonskih proizvoda.\" \/>\n<meta name=\"robots\" content=\"index, follow, max-snippet:-1, max-image-preview:large, max-video-preview:-1\" \/>\n<link rel=\"canonical\" href=\"https:\/\/inti.hr\/bs\/proizvod\/kupaonski-ormaric-30x30x90cm\/\" \/>\n<meta property=\"og:locale\" content=\"bs_BA\" \/>\n<meta property=\"og:type\" content=\"article\" \/>\n<meta property=\"og:title\" content=\"Kupaonski ormari\u0107 30x30x90cm - Inti\" \/>\n<meta property=\"og:description\" content=\"Dizajn koji \u0161tedi prostor za uske prostore] Ovaj kupaonski ormari\u0107 koji \u0161tedi prostor dimenzija je 30x30x90 cm i savr\u0161en je za male kupaonice, WC-e, ulaze ili pored kade. Tako\u0111er se lako uklapa u uske kutove ili neiskori\u0161tene prostore.\u00a0 Ormari\u0107 ima 3 police, od kojih su 2 podesive, ukupne nosivosti 24 kg. Izvrstan za pohranu ru\u010dnika, toaletnog papira, deterd\u017eenata ili drugih kupaonskih proizvoda.\" \/>\n<meta property=\"og:url\" content=\"https:\/\/inti.hr\/bs\/proizvod\/kupaonski-ormaric-30x30x90cm\/\" \/>\n<meta property=\"og:site_name\" content=\"Inti\" \/>\n<meta property=\"og:image\" content=\"https:\/\/i0.wp.com\/inti.hr\/wp-content\/uploads\/2025\/06\/BZR203-SCH-S001_1800x1800.webp?fit=1600%2C1600&ssl=1\" \/>\n\t<meta property=\"og:image:width\" content=\"1600\" \/>\n\t<meta property=\"og:image:height\" content=\"1600\" \/>\n\t<meta property=\"og:image:type\" content=\"image\/webp\" \/>\n<meta name=\"twitter:card\" content=\"summary_large_image\" \/>\n<script type=\"application\/ld+json\" class=\"yoast-schema-graph\">{\"@context\":\"https:\/\/schema.org\",\"@graph\":[{\"@type\":\"WebPage\",\"@id\":\"https:\/\/inti.hr\/bs\/proizvod\/kupaonski-ormaric-30x30x90cm\/\",\"url\":\"https:\/\/inti.hr\/bs\/proizvod\/kupaonski-ormaric-30x30x90cm\/\",\"name\":\"Kupaonski ormari\u0107 30x30x90cm - Inti\",\"isPartOf\":{\"@id\":\"https:\/\/inti.hr\/bs\/#website\"},\"primaryImageOfPage\":{\"@id\":\"https:\/\/inti.hr\/bs\/proizvod\/kupaonski-ormaric-30x30x90cm\/#primaryimage\"},\"image\":{\"@id\":\"https:\/\/inti.hr\/bs\/proizvod\/kupaonski-ormaric-30x30x90cm\/#primaryimage\"},\"thumbnailUrl\":\"https:\/\/i0.wp.com\/inti.hr\/wp-content\/uploads\/2025\/06\/BZR203-SCH-S001_1800x1800.webp?fit=1600%2C1600&ssl=1\",\"datePublished\":\"2025-06-28T12:40:59+00:00\",\"dateModified\":\"2025-06-28T12:40:59+00:00\",\"description\":\"Dizajn koji \u0161tedi prostor za uske prostore] Ovaj kupaonski ormari\u0107 koji \u0161tedi prostor dimenzija je 30x30x90 cm i savr\u0161en je za male kupaonice, WC-e, ulaze ili pored kade. Tako\u0111er se lako uklapa u uske kutove ili neiskori\u0161tene prostore.\u00a0 Ormari\u0107 ima 3 police, od kojih su 2 podesive, ukupne nosivosti 24 kg. Izvrstan za pohranu ru\u010dnika, toaletnog papira, deterd\u017eenata ili drugih kupaonskih proizvoda.\",\"breadcrumb\":{\"@id\":\"https:\/\/inti.hr\/bs\/proizvod\/kupaonski-ormaric-30x30x90cm\/#breadcrumb\"},\"inLanguage\":\"bs-BA\",\"potentialAction\":[{\"@type\":\"ReadAction\",\"target\":[\"https:\/\/inti.hr\/bs\/proizvod\/kupaonski-ormaric-30x30x90cm\/\"]}]},{\"@type\":\"ImageObject\",\"inLanguage\":\"bs-BA\",\"@id\":\"https:\/\/inti.hr\/bs\/proizvod\/kupaonski-ormaric-30x30x90cm\/#primaryimage\",\"url\":\"https:\/\/i0.wp.com\/inti.hr\/wp-content\/uploads\/2025\/06\/BZR203-SCH-S001_1800x1800.webp?fit=1600%2C1600&ssl=1\",\"contentUrl\":\"https:\/\/i0.wp.com\/inti.hr\/wp-content\/uploads\/2025\/06\/BZR203-SCH-S001_1800x1800.webp?fit=1600%2C1600&ssl=1\",\"width\":1600,\"height\":1600,\"caption\":\"SoBuy Kupaonski ormari\u0107\"},{\"@type\":\"BreadcrumbList\",\"@id\":\"https:\/\/inti.hr\/bs\/proizvod\/kupaonski-ormaric-30x30x90cm\/#breadcrumb\",\"itemListElement\":[{\"@type\":\"ListItem\",\"position\":1,\"name\":\"Po\u010detna stranica\",\"item\":\"https:\/\/inti.hr\/bs\/\"},{\"@type\":\"ListItem\",\"position\":2,\"name\":\"Trgovina\",\"item\":\"https:\/\/inti.hr\/bs\/trgovina\/\"},{\"@type\":\"ListItem\",\"position\":3,\"name\":\"Kupaonski ormari\u0107 30x30x90cm\"}]},{\"@type\":\"WebSite\",\"@id\":\"https:\/\/inti.hr\/bs\/#website\",\"url\":\"https:\/\/inti.hr\/bs\/\",\"name\":\"Inti\",\"description\":\"trgovina\",\"potentialAction\":[{\"@type\":\"SearchAction\",\"target\":{\"@type\":\"EntryPoint\",\"urlTemplate\":\"https:\/\/inti.hr\/bs\/?s={search_term_string}\"},\"query-input\":{\"@type\":\"PropertyValueSpecification\",\"valueRequired\":true,\"valueName\":\"search_term_string\"}}],\"inLanguage\":\"bs-BA\"}]}<\/script>\n<!-- \/ Yoast SEO plugin. -->","yoast_head_json":{"title":"Kupaonski ormari\u0107 30x30x90cm - Inti","description":"Dizajn koji \u0161tedi prostor za uske prostore] Ovaj kupaonski ormari\u0107 koji \u0161tedi prostor dimenzija je 30x30x90 cm i savr\u0161en je za male kupaonice, WC-e, ulaze ili pored kade. Tako\u0111er se lako uklapa u uske kutove ili neiskori\u0161tene prostore.\u00a0 Ormari\u0107 ima 3 police, od kojih su 2 podesive, ukupne nosivosti 24 kg. Izvrstan za pohranu ru\u010dnika, toaletnog papira, deterd\u017eenata ili drugih kupaonskih proizvoda.","robots":{"index":"index","follow":"follow","max-snippet":"max-snippet:-1","max-image-preview":"max-image-preview:large","max-video-preview":"max-video-preview:-1"},"canonical":"https:\/\/inti.hr\/bs\/proizvod\/kupaonski-ormaric-30x30x90cm\/","og_locale":"bs_BA","og_type":"article","og_title":"Kupaonski ormari\u0107 30x30x90cm - Inti","og_description":"Dizajn koji \u0161tedi prostor za uske prostore] Ovaj kupaonski ormari\u0107 koji \u0161tedi prostor dimenzija je 30x30x90 cm i savr\u0161en je za male kupaonice, WC-e, ulaze ili pored kade. Tako\u0111er se lako uklapa u uske kutove ili neiskori\u0161tene prostore.\u00a0 Ormari\u0107 ima 3 police, od kojih su 2 podesive, ukupne nosivosti 24 kg. Izvrstan za pohranu ru\u010dnika, toaletnog papira, deterd\u017eenata ili drugih kupaonskih proizvoda.","og_url":"https:\/\/inti.hr\/bs\/proizvod\/kupaonski-ormaric-30x30x90cm\/","og_site_name":"Inti","og_image":[{"width":1600,"height":1600,"url":"https:\/\/i0.wp.com\/inti.hr\/wp-content\/uploads\/2025\/06\/BZR203-SCH-S001_1800x1800.webp?fit=1600%2C1600&ssl=1","type":"image\/webp"}],"twitter_card":"summary_large_image","schema":{"@context":"https:\/\/schema.org","@graph":[{"@type":"WebPage","@id":"https:\/\/inti.hr\/bs\/proizvod\/kupaonski-ormaric-30x30x90cm\/","url":"https:\/\/inti.hr\/bs\/proizvod\/kupaonski-ormaric-30x30x90cm\/","name":"Kupaonski ormari\u0107 30x30x90cm - Inti","isPartOf":{"@id":"https:\/\/inti.hr\/bs\/#website"},"primaryImageOfPage":{"@id":"https:\/\/inti.hr\/bs\/proizvod\/kupaonski-ormaric-30x30x90cm\/#primaryimage"},"image":{"@id":"https:\/\/inti.hr\/bs\/proizvod\/kupaonski-ormaric-30x30x90cm\/#primaryimage"},"thumbnailUrl":"https:\/\/i0.wp.com\/inti.hr\/wp-content\/uploads\/2025\/06\/BZR203-SCH-S001_1800x1800.webp?fit=1600%2C1600&ssl=1","datePublished":"2025-06-28T12:40:59+00:00","dateModified":"2025-06-28T12:40:59+00:00","description":"Dizajn koji \u0161tedi prostor za uske prostore] Ovaj kupaonski ormari\u0107 koji \u0161tedi prostor dimenzija je 30x30x90 cm i savr\u0161en je za male kupaonice, WC-e, ulaze ili pored kade. Tako\u0111er se lako uklapa u uske kutove ili neiskori\u0161tene prostore.\u00a0 Ormari\u0107 ima 3 police, od kojih su 2 podesive, ukupne nosivosti 24 kg. Izvrstan za pohranu ru\u010dnika, toaletnog papira, deterd\u017eenata ili drugih kupaonskih proizvoda.","breadcrumb":{"@id":"https:\/\/inti.hr\/bs\/proizvod\/kupaonski-ormaric-30x30x90cm\/#breadcrumb"},"inLanguage":"bs-BA","potentialAction":[{"@type":"ReadAction","target":["https:\/\/inti.hr\/bs\/proizvod\/kupaonski-ormaric-30x30x90cm\/"]}]},{"@type":"ImageObject","inLanguage":"bs-BA","@id":"https:\/\/inti.hr\/bs\/proizvod\/kupaonski-ormaric-30x30x90cm\/#primaryimage","url":"https:\/\/i0.wp.com\/inti.hr\/wp-content\/uploads\/2025\/06\/BZR203-SCH-S001_1800x1800.webp?fit=1600%2C1600&ssl=1","contentUrl":"https:\/\/i0.wp.com\/inti.hr\/wp-content\/uploads\/2025\/06\/BZR203-SCH-S001_1800x1800.webp?fit=1600%2C1600&ssl=1","width":1600,"height":1600,"caption":"SoBuy Kupaonski ormari\u0107"},{"@type":"BreadcrumbList","@id":"https:\/\/inti.hr\/bs\/proizvod\/kupaonski-ormaric-30x30x90cm\/#breadcrumb","itemListElement":[{"@type":"ListItem","position":1,"name":"Po\u010detna stranica","item":"https:\/\/inti.hr\/bs\/"},{"@type":"ListItem","position":2,"name":"Trgovina","item":"https:\/\/inti.hr\/bs\/trgovina\/"},{"@type":"ListItem","position":3,"name":"Kupaonski ormari\u0107 30x30x90cm"}]},{"@type":"WebSite","@id":"https:\/\/inti.hr\/bs\/#website","url":"https:\/\/inti.hr\/bs\/","name":"Inti","description":"trgovina","potentialAction":[{"@type":"SearchAction","target":{"@type":"EntryPoint","urlTemplate":"https:\/\/inti.hr\/bs\/?s={search_term_string}"},"query-input":{"@type":"PropertyValueSpecification","valueRequired":true,"valueName":"search_term_string"}}],"inLanguage":"bs-BA"}]}},"jetpack_sharing_enabled":true,"jetpack-related-posts":[],"_links":{"self":[{"href":"https:\/\/inti.hr\/bs\/wp-json\/wp\/v2\/product\/31169"}],"collection":[{"href":"https:\/\/inti.hr\/bs\/wp-json\/wp\/v2\/product"}],"about":[{"href":"https:\/\/inti.hr\/bs\/wp-json\/wp\/v2\/types\/product"}],"wp:featuredmedia":[{"embeddable":true,"href":"https:\/\/inti.hr\/bs\/wp-json\/wp\/v2\/media\/31170"}],"wp:attachment":[{"href":"https:\/\/inti.hr\/bs\/wp-json\/wp\/v2\/media?parent=31169"}],"wp:term":[{"taxonomy":"product_cat","embeddable":true,"href":"https:\/\/inti.hr\/bs\/wp-json\/wp\/v2\/product_cat?post=31169"},{"taxonomy":"product_tag","embeddable":true,"href":"https:\/\/inti.hr\/bs\/wp-json\/wp\/v2\/product_tag?post=31169"}],"curies":[{"name":"wp","href":"https:\/\/api.w.org\/{rel}","templated":true}]}}