{"id":31319,"date":"2025-04-02T14:16:19","date_gmt":"2025-04-02T13:16:19","guid":{"rendered":"https:\/\/inti.hr\/product\/suncobran-upf-50-s-ruckom-i-kriznom-bazom\/"},"modified":"2025-04-02T14:16:19","modified_gmt":"2025-04-02T13:16:19","slug":"suncobran-upf-50-s-ruckom-i-kriznom-bazom","status":"publish","type":"product","link":"https:\/\/inti.hr\/bs\/proizvod\/suncobran-upf-50-s-ruckom-i-kriznom-bazom\/","title":{"rendered":"Suncobran UPF 50+ s ru\u010dkom i kri\u017enom bazom"},"content":{"rendered":"<ul>\n<li><b><span>Detalji proizvoda:<\/span><\/b><\/li>\n<li><span>Materijal: \u010delik, 180 g\/m\u00b2 poliester<\/span><\/li>\n<li><span>Veli\u010dina platna za ki\u0161obrane: \u00d8 300 cm<\/span><\/li>\n<li><span>Visina: 240 cm<\/span><\/li>\n<li><span>Te\u017eina: 14,8 kg<\/span><\/li>\n<\/ul>\n","protected":false},"excerpt":{"rendered":"<p>Konzolni ki\u0161obran s baldahinom od 180 g\/m\u00b2 poliestera nudi za\u0161titu od &#8230; <\/p>\n","protected":false},"featured_media":31321,"template":"","meta":[],"product_cat":[2452],"product_tag":[],"yoast_head":"<!-- This site is optimized with the Yoast SEO plugin v23.7 - https:\/\/yoast.com\/wordpress\/plugins\/seo\/ -->\n<title>Suncobran UPF 50+ s ru\u010dkom i kri\u017enom bazom - Inti<\/title>\n<meta name=\"description\" content=\"Konzolni ki\u0161obran s baldahinom od 180 g\/m\u00b2 poliestera nudi za\u0161titu od sunca UPF 50+ i lako blokira vi\u0161e od 98% UV zraka. Obavezno je za\u0161tititi svoje najmilije od sunca u vru\u0107im ljetnim danima. Jednostavno okre\u0107ite ru\u010dicu za prakti\u010dno otvaranje i zatvaranje suncobrana. U\u017eivajte u vremenu vani uz minimalan napor i maksimalnu lako\u0107u! Poduprt robusnim \u010deli\u010dnim rebrima i pri\u010dvr\u0161\u0107en velikom kri\u017enom bazom, ovaj suncobran stoji izuzetno \u010dvrsto. \u010cvrsti vijak dr\u017ei ki\u0161obran na mjestu i sprje\u010dava ne\u017eeljeno okretanje. Terasni ki\u0161obran mo\u017eete rotirati pomo\u0107u okretnog gumba. Jednostavno nagnite tkaninu ki\u0161obrana izme\u0111u 0 i 60\u00b0 kako biste postigli maksimalnu hladovinu u bilo koje doba dana. Ki\u0161obran od 300 cm pru\u017ea dovoljno hlada za 6-8 osoba, stvaraju\u0107i privatno, hladno podru\u010dje za okupljanja na otvorenom. Za zabavu bez sunca!\" \/>\n<meta name=\"robots\" content=\"index, follow, max-snippet:-1, max-image-preview:large, max-video-preview:-1\" \/>\n<link rel=\"canonical\" href=\"https:\/\/inti.hr\/bs\/proizvod\/suncobran-upf-50-s-ruckom-i-kriznom-bazom\/\" \/>\n<meta property=\"og:locale\" content=\"bs_BA\" \/>\n<meta property=\"og:type\" content=\"article\" \/>\n<meta property=\"og:title\" content=\"Suncobran UPF 50+ s ru\u010dkom i kri\u017enom bazom - Inti\" \/>\n<meta property=\"og:description\" content=\"Konzolni ki\u0161obran s baldahinom od 180 g\/m\u00b2 poliestera nudi za\u0161titu od sunca UPF 50+ i lako blokira vi\u0161e od 98% UV zraka. Obavezno je za\u0161tititi svoje najmilije od sunca u vru\u0107im ljetnim danima. Jednostavno okre\u0107ite ru\u010dicu za prakti\u010dno otvaranje i zatvaranje suncobrana. U\u017eivajte u vremenu vani uz minimalan napor i maksimalnu lako\u0107u! Poduprt robusnim \u010deli\u010dnim rebrima i pri\u010dvr\u0161\u0107en velikom kri\u017enom bazom, ovaj suncobran stoji izuzetno \u010dvrsto. \u010cvrsti vijak dr\u017ei ki\u0161obran na mjestu i sprje\u010dava ne\u017eeljeno okretanje. Terasni ki\u0161obran mo\u017eete rotirati pomo\u0107u okretnog gumba. Jednostavno nagnite tkaninu ki\u0161obrana izme\u0111u 0 i 60\u00b0 kako biste postigli maksimalnu hladovinu u bilo koje doba dana. Ki\u0161obran od 300 cm pru\u017ea dovoljno hlada za 6-8 osoba, stvaraju\u0107i privatno, hladno podru\u010dje za okupljanja na otvorenom. Za zabavu bez sunca!\" \/>\n<meta property=\"og:url\" content=\"https:\/\/inti.hr\/bs\/proizvod\/suncobran-upf-50-s-ruckom-i-kriznom-bazom\/\" \/>\n<meta property=\"og:site_name\" content=\"Inti\" \/>\n<meta property=\"og:image\" content=\"https:\/\/i0.wp.com\/inti.hr\/wp-content\/uploads\/2025\/04\/GPU074Y10-1.jpg?fit=1000%2C1000&ssl=1\" \/>\n\t<meta property=\"og:image:width\" content=\"1000\" \/>\n\t<meta property=\"og:image:height\" content=\"1000\" \/>\n\t<meta property=\"og:image:type\" content=\"image\/jpeg\" \/>\n<meta name=\"twitter:card\" content=\"summary_large_image\" \/>\n<script type=\"application\/ld+json\" class=\"yoast-schema-graph\">{\"@context\":\"https:\/\/schema.org\",\"@graph\":[{\"@type\":\"WebPage\",\"@id\":\"https:\/\/inti.hr\/bs\/proizvod\/suncobran-upf-50-s-ruckom-i-kriznom-bazom\/\",\"url\":\"https:\/\/inti.hr\/bs\/proizvod\/suncobran-upf-50-s-ruckom-i-kriznom-bazom\/\",\"name\":\"Suncobran UPF 50+ s ru\u010dkom i kri\u017enom bazom - Inti\",\"isPartOf\":{\"@id\":\"https:\/\/inti.hr\/bs\/#website\"},\"primaryImageOfPage\":{\"@id\":\"https:\/\/inti.hr\/bs\/proizvod\/suncobran-upf-50-s-ruckom-i-kriznom-bazom\/#primaryimage\"},\"image\":{\"@id\":\"https:\/\/inti.hr\/bs\/proizvod\/suncobran-upf-50-s-ruckom-i-kriznom-bazom\/#primaryimage\"},\"thumbnailUrl\":\"https:\/\/i0.wp.com\/inti.hr\/wp-content\/uploads\/2025\/04\/GPU074Y10-1.jpg?fit=1000%2C1000&ssl=1\",\"datePublished\":\"2025-04-02T13:16:19+00:00\",\"dateModified\":\"2025-04-02T13:16:19+00:00\",\"description\":\"Konzolni ki\u0161obran s baldahinom od 180 g\/m\u00b2 poliestera nudi za\u0161titu od sunca UPF 50+ i lako blokira vi\u0161e od 98% UV zraka. Obavezno je za\u0161tititi svoje najmilije od sunca u vru\u0107im ljetnim danima. Jednostavno okre\u0107ite ru\u010dicu za prakti\u010dno otvaranje i zatvaranje suncobrana. U\u017eivajte u vremenu vani uz minimalan napor i maksimalnu lako\u0107u! Poduprt robusnim \u010deli\u010dnim rebrima i pri\u010dvr\u0161\u0107en velikom kri\u017enom bazom, ovaj suncobran stoji izuzetno \u010dvrsto. \u010cvrsti vijak dr\u017ei ki\u0161obran na mjestu i sprje\u010dava ne\u017eeljeno okretanje. Terasni ki\u0161obran mo\u017eete rotirati pomo\u0107u okretnog gumba. Jednostavno nagnite tkaninu ki\u0161obrana izme\u0111u 0 i 60\u00b0 kako biste postigli maksimalnu hladovinu u bilo koje doba dana. Ki\u0161obran od 300 cm pru\u017ea dovoljno hlada za 6-8 osoba, stvaraju\u0107i privatno, hladno podru\u010dje za okupljanja na otvorenom. Za zabavu bez sunca!\",\"breadcrumb\":{\"@id\":\"https:\/\/inti.hr\/bs\/proizvod\/suncobran-upf-50-s-ruckom-i-kriznom-bazom\/#breadcrumb\"},\"inLanguage\":\"bs-BA\",\"potentialAction\":[{\"@type\":\"ReadAction\",\"target\":[\"https:\/\/inti.hr\/bs\/proizvod\/suncobran-upf-50-s-ruckom-i-kriznom-bazom\/\"]}]},{\"@type\":\"ImageObject\",\"inLanguage\":\"bs-BA\",\"@id\":\"https:\/\/inti.hr\/bs\/proizvod\/suncobran-upf-50-s-ruckom-i-kriznom-bazom\/#primaryimage\",\"url\":\"https:\/\/i0.wp.com\/inti.hr\/wp-content\/uploads\/2025\/04\/GPU074Y10-1.jpg?fit=1000%2C1000&ssl=1\",\"contentUrl\":\"https:\/\/i0.wp.com\/inti.hr\/wp-content\/uploads\/2025\/04\/GPU074Y10-1.jpg?fit=1000%2C1000&ssl=1\",\"width\":1000,\"height\":1000,\"caption\":\"SONGMICS konzolni suncobran UPF 50+ s polugom i kri\u017enom bazom, golubije siva\"},{\"@type\":\"BreadcrumbList\",\"@id\":\"https:\/\/inti.hr\/bs\/proizvod\/suncobran-upf-50-s-ruckom-i-kriznom-bazom\/#breadcrumb\",\"itemListElement\":[{\"@type\":\"ListItem\",\"position\":1,\"name\":\"Po\u010detna stranica\",\"item\":\"https:\/\/inti.hr\/bs\/\"},{\"@type\":\"ListItem\",\"position\":2,\"name\":\"Trgovina\",\"item\":\"https:\/\/inti.hr\/bs\/trgovina\/\"},{\"@type\":\"ListItem\",\"position\":3,\"name\":\"Suncobran UPF 50+ s ru\u010dkom i kri\u017enom bazom\"}]},{\"@type\":\"WebSite\",\"@id\":\"https:\/\/inti.hr\/bs\/#website\",\"url\":\"https:\/\/inti.hr\/bs\/\",\"name\":\"Inti\",\"description\":\"trgovina\",\"potentialAction\":[{\"@type\":\"SearchAction\",\"target\":{\"@type\":\"EntryPoint\",\"urlTemplate\":\"https:\/\/inti.hr\/bs\/?s={search_term_string}\"},\"query-input\":{\"@type\":\"PropertyValueSpecification\",\"valueRequired\":true,\"valueName\":\"search_term_string\"}}],\"inLanguage\":\"bs-BA\"}]}<\/script>\n<!-- \/ Yoast SEO plugin. -->","yoast_head_json":{"title":"Suncobran UPF 50+ s ru\u010dkom i kri\u017enom bazom - Inti","description":"Konzolni ki\u0161obran s baldahinom od 180 g\/m\u00b2 poliestera nudi za\u0161titu od sunca UPF 50+ i lako blokira vi\u0161e od 98% UV zraka. Obavezno je za\u0161tititi svoje najmilije od sunca u vru\u0107im ljetnim danima. Jednostavno okre\u0107ite ru\u010dicu za prakti\u010dno otvaranje i zatvaranje suncobrana. U\u017eivajte u vremenu vani uz minimalan napor i maksimalnu lako\u0107u! Poduprt robusnim \u010deli\u010dnim rebrima i pri\u010dvr\u0161\u0107en velikom kri\u017enom bazom, ovaj suncobran stoji izuzetno \u010dvrsto. \u010cvrsti vijak dr\u017ei ki\u0161obran na mjestu i sprje\u010dava ne\u017eeljeno okretanje. Terasni ki\u0161obran mo\u017eete rotirati pomo\u0107u okretnog gumba. Jednostavno nagnite tkaninu ki\u0161obrana izme\u0111u 0 i 60\u00b0 kako biste postigli maksimalnu hladovinu u bilo koje doba dana. Ki\u0161obran od 300 cm pru\u017ea dovoljno hlada za 6-8 osoba, stvaraju\u0107i privatno, hladno podru\u010dje za okupljanja na otvorenom. Za zabavu bez sunca!","robots":{"index":"index","follow":"follow","max-snippet":"max-snippet:-1","max-image-preview":"max-image-preview:large","max-video-preview":"max-video-preview:-1"},"canonical":"https:\/\/inti.hr\/bs\/proizvod\/suncobran-upf-50-s-ruckom-i-kriznom-bazom\/","og_locale":"bs_BA","og_type":"article","og_title":"Suncobran UPF 50+ s ru\u010dkom i kri\u017enom bazom - Inti","og_description":"Konzolni ki\u0161obran s baldahinom od 180 g\/m\u00b2 poliestera nudi za\u0161titu od sunca UPF 50+ i lako blokira vi\u0161e od 98% UV zraka. Obavezno je za\u0161tititi svoje najmilije od sunca u vru\u0107im ljetnim danima. Jednostavno okre\u0107ite ru\u010dicu za prakti\u010dno otvaranje i zatvaranje suncobrana. U\u017eivajte u vremenu vani uz minimalan napor i maksimalnu lako\u0107u! Poduprt robusnim \u010deli\u010dnim rebrima i pri\u010dvr\u0161\u0107en velikom kri\u017enom bazom, ovaj suncobran stoji izuzetno \u010dvrsto. \u010cvrsti vijak dr\u017ei ki\u0161obran na mjestu i sprje\u010dava ne\u017eeljeno okretanje. Terasni ki\u0161obran mo\u017eete rotirati pomo\u0107u okretnog gumba. Jednostavno nagnite tkaninu ki\u0161obrana izme\u0111u 0 i 60\u00b0 kako biste postigli maksimalnu hladovinu u bilo koje doba dana. Ki\u0161obran od 300 cm pru\u017ea dovoljno hlada za 6-8 osoba, stvaraju\u0107i privatno, hladno podru\u010dje za okupljanja na otvorenom. Za zabavu bez sunca!","og_url":"https:\/\/inti.hr\/bs\/proizvod\/suncobran-upf-50-s-ruckom-i-kriznom-bazom\/","og_site_name":"Inti","og_image":[{"width":1000,"height":1000,"url":"https:\/\/i0.wp.com\/inti.hr\/wp-content\/uploads\/2025\/04\/GPU074Y10-1.jpg?fit=1000%2C1000&ssl=1","type":"image\/jpeg"}],"twitter_card":"summary_large_image","schema":{"@context":"https:\/\/schema.org","@graph":[{"@type":"WebPage","@id":"https:\/\/inti.hr\/bs\/proizvod\/suncobran-upf-50-s-ruckom-i-kriznom-bazom\/","url":"https:\/\/inti.hr\/bs\/proizvod\/suncobran-upf-50-s-ruckom-i-kriznom-bazom\/","name":"Suncobran UPF 50+ s ru\u010dkom i kri\u017enom bazom - Inti","isPartOf":{"@id":"https:\/\/inti.hr\/bs\/#website"},"primaryImageOfPage":{"@id":"https:\/\/inti.hr\/bs\/proizvod\/suncobran-upf-50-s-ruckom-i-kriznom-bazom\/#primaryimage"},"image":{"@id":"https:\/\/inti.hr\/bs\/proizvod\/suncobran-upf-50-s-ruckom-i-kriznom-bazom\/#primaryimage"},"thumbnailUrl":"https:\/\/i0.wp.com\/inti.hr\/wp-content\/uploads\/2025\/04\/GPU074Y10-1.jpg?fit=1000%2C1000&ssl=1","datePublished":"2025-04-02T13:16:19+00:00","dateModified":"2025-04-02T13:16:19+00:00","description":"Konzolni ki\u0161obran s baldahinom od 180 g\/m\u00b2 poliestera nudi za\u0161titu od sunca UPF 50+ i lako blokira vi\u0161e od 98% UV zraka. Obavezno je za\u0161tititi svoje najmilije od sunca u vru\u0107im ljetnim danima. Jednostavno okre\u0107ite ru\u010dicu za prakti\u010dno otvaranje i zatvaranje suncobrana. U\u017eivajte u vremenu vani uz minimalan napor i maksimalnu lako\u0107u! Poduprt robusnim \u010deli\u010dnim rebrima i pri\u010dvr\u0161\u0107en velikom kri\u017enom bazom, ovaj suncobran stoji izuzetno \u010dvrsto. \u010cvrsti vijak dr\u017ei ki\u0161obran na mjestu i sprje\u010dava ne\u017eeljeno okretanje. Terasni ki\u0161obran mo\u017eete rotirati pomo\u0107u okretnog gumba. Jednostavno nagnite tkaninu ki\u0161obrana izme\u0111u 0 i 60\u00b0 kako biste postigli maksimalnu hladovinu u bilo koje doba dana. Ki\u0161obran od 300 cm pru\u017ea dovoljno hlada za 6-8 osoba, stvaraju\u0107i privatno, hladno podru\u010dje za okupljanja na otvorenom. Za zabavu bez sunca!","breadcrumb":{"@id":"https:\/\/inti.hr\/bs\/proizvod\/suncobran-upf-50-s-ruckom-i-kriznom-bazom\/#breadcrumb"},"inLanguage":"bs-BA","potentialAction":[{"@type":"ReadAction","target":["https:\/\/inti.hr\/bs\/proizvod\/suncobran-upf-50-s-ruckom-i-kriznom-bazom\/"]}]},{"@type":"ImageObject","inLanguage":"bs-BA","@id":"https:\/\/inti.hr\/bs\/proizvod\/suncobran-upf-50-s-ruckom-i-kriznom-bazom\/#primaryimage","url":"https:\/\/i0.wp.com\/inti.hr\/wp-content\/uploads\/2025\/04\/GPU074Y10-1.jpg?fit=1000%2C1000&ssl=1","contentUrl":"https:\/\/i0.wp.com\/inti.hr\/wp-content\/uploads\/2025\/04\/GPU074Y10-1.jpg?fit=1000%2C1000&ssl=1","width":1000,"height":1000,"caption":"SONGMICS konzolni suncobran UPF 50+ s polugom i kri\u017enom bazom, golubije siva"},{"@type":"BreadcrumbList","@id":"https:\/\/inti.hr\/bs\/proizvod\/suncobran-upf-50-s-ruckom-i-kriznom-bazom\/#breadcrumb","itemListElement":[{"@type":"ListItem","position":1,"name":"Po\u010detna stranica","item":"https:\/\/inti.hr\/bs\/"},{"@type":"ListItem","position":2,"name":"Trgovina","item":"https:\/\/inti.hr\/bs\/trgovina\/"},{"@type":"ListItem","position":3,"name":"Suncobran UPF 50+ s ru\u010dkom i kri\u017enom bazom"}]},{"@type":"WebSite","@id":"https:\/\/inti.hr\/bs\/#website","url":"https:\/\/inti.hr\/bs\/","name":"Inti","description":"trgovina","potentialAction":[{"@type":"SearchAction","target":{"@type":"EntryPoint","urlTemplate":"https:\/\/inti.hr\/bs\/?s={search_term_string}"},"query-input":{"@type":"PropertyValueSpecification","valueRequired":true,"valueName":"search_term_string"}}],"inLanguage":"bs-BA"}]}},"jetpack_sharing_enabled":true,"jetpack-related-posts":[],"_links":{"self":[{"href":"https:\/\/inti.hr\/bs\/wp-json\/wp\/v2\/product\/31319"}],"collection":[{"href":"https:\/\/inti.hr\/bs\/wp-json\/wp\/v2\/product"}],"about":[{"href":"https:\/\/inti.hr\/bs\/wp-json\/wp\/v2\/types\/product"}],"wp:featuredmedia":[{"embeddable":true,"href":"https:\/\/inti.hr\/bs\/wp-json\/wp\/v2\/media\/31321"}],"wp:attachment":[{"href":"https:\/\/inti.hr\/bs\/wp-json\/wp\/v2\/media?parent=31319"}],"wp:term":[{"taxonomy":"product_cat","embeddable":true,"href":"https:\/\/inti.hr\/bs\/wp-json\/wp\/v2\/product_cat?post=31319"},{"taxonomy":"product_tag","embeddable":true,"href":"https:\/\/inti.hr\/bs\/wp-json\/wp\/v2\/product_tag?post=31319"}],"curies":[{"name":"wp","href":"https:\/\/api.w.org\/{rel}","templated":true}]}}