{"id":31339,"date":"2025-03-26T09:51:20","date_gmt":"2025-03-26T08:51:20","guid":{"rendered":"https:\/\/inti.hr\/product\/blagovaonska-stolica-s-naslonima-za-ruke\/"},"modified":"2025-03-26T09:51:20","modified_gmt":"2025-03-26T08:51:20","slug":"blagovaonska-stolica-s-naslonima-za-ruke","status":"publish","type":"product","link":"https:\/\/inti.hr\/bs\/proizvod\/blagovaonska-stolica-s-naslonima-za-ruke\/","title":{"rendered":"Blagovaonska stolica s naslonima za ruke"},"content":{"rendered":"<p>Detalji proizvoda:<br \/>\nMaterijal: \u010delik, bar\u0161un, pjena, \u0161perplo\u010da<br \/>\nVeli\u010dina: 60 x 60 x 81,5 cm (D x \u0160 x V)<br \/>\n\u0160irina sjedala: 46,1 cm<br \/>\nDubina sjedala: 43 cm<br \/>\nVisina naslona: 36,5 cm<br \/>\nDebljina jastuka za sjedenje: 8 cm<br \/>\nTe\u017eina: 7,6 kg<br \/>\nMaks. stati\u010dka nosivost: 120 kg<\/p>\n","protected":false},"excerpt":{"rendered":"<p>Zahvaljuju\u0107i mekanoj, udobnoj bar\u0161unastoj presvlaci, ova blagovaonska stolica nudi isto toliko &#8230; <\/p>\n","protected":false},"featured_media":31340,"template":"","meta":[],"product_cat":[2570],"product_tag":[2571,2932],"yoast_head":"<!-- This site is optimized with the Yoast SEO plugin v23.7 - https:\/\/yoast.com\/wordpress\/plugins\/seo\/ -->\n<title>Blagovaonska stolica s naslonima za ruke - Inti<\/title>\n<meta name=\"description\" content=\"Zahvaljuju\u0107i mekanoj, udobnoj bar\u0161unastoj presvlaci, ova blagovaonska stolica nudi isto toliko udobnosti kao i kau\u010d. Jastuk za sjedenje podstavljen je pjenom debljine 8 cm i osigurava optimalno iskustvo sjedenja. Opustite se u miru na ovoj kuhinjskoj stolici! 4 \u010deli\u010dne noge okrenute prema van pru\u017eaju visoku stabilnost. A podesive no\u017eice osiguravaju dobru stabilnost \u010dak i na blago neravnim podovima! Zahvaljuju\u0107i jasnim uputama, ozna\u010denim dijelovima i uklju\u010denom paketu dodataka, ovaj tapecirani stolac mo\u017ee se sastaviti u tren oka kako bi vam u\u0161tedio vrijeme i trud. S ovom fleksibilnom stolicom mo\u017eete se bez napora okretati kako biste dosegli ili poslu\u017eili hranu i pi\u0107e te razgovarali s drugima bez pomicanja stolice. Ergonomski oblikovani naslon za le\u0111a ove stolice dobro prianja uz va\u0161e tijelo i smanjuje pritisak na va\u0161a le\u0111a, pove\u0107avaju\u0107i udobnost tijekom du\u017eeg sjedenja.\" \/>\n<meta name=\"robots\" content=\"index, follow, max-snippet:-1, max-image-preview:large, max-video-preview:-1\" \/>\n<link rel=\"canonical\" href=\"https:\/\/inti.hr\/bs\/proizvod\/blagovaonska-stolica-s-naslonima-za-ruke\/\" \/>\n<meta property=\"og:locale\" content=\"bs_BA\" \/>\n<meta property=\"og:type\" content=\"article\" \/>\n<meta property=\"og:title\" content=\"Blagovaonska stolica s naslonima za ruke - Inti\" \/>\n<meta property=\"og:description\" content=\"Zahvaljuju\u0107i mekanoj, udobnoj bar\u0161unastoj presvlaci, ova blagovaonska stolica nudi isto toliko udobnosti kao i kau\u010d. Jastuk za sjedenje podstavljen je pjenom debljine 8 cm i osigurava optimalno iskustvo sjedenja. Opustite se u miru na ovoj kuhinjskoj stolici! 4 \u010deli\u010dne noge okrenute prema van pru\u017eaju visoku stabilnost. A podesive no\u017eice osiguravaju dobru stabilnost \u010dak i na blago neravnim podovima! Zahvaljuju\u0107i jasnim uputama, ozna\u010denim dijelovima i uklju\u010denom paketu dodataka, ovaj tapecirani stolac mo\u017ee se sastaviti u tren oka kako bi vam u\u0161tedio vrijeme i trud. S ovom fleksibilnom stolicom mo\u017eete se bez napora okretati kako biste dosegli ili poslu\u017eili hranu i pi\u0107e te razgovarali s drugima bez pomicanja stolice. Ergonomski oblikovani naslon za le\u0111a ove stolice dobro prianja uz va\u0161e tijelo i smanjuje pritisak na va\u0161a le\u0111a, pove\u0107avaju\u0107i udobnost tijekom du\u017eeg sjedenja.\" \/>\n<meta property=\"og:url\" content=\"https:\/\/inti.hr\/bs\/proizvod\/blagovaonska-stolica-s-naslonima-za-ruke\/\" \/>\n<meta property=\"og:site_name\" content=\"Inti\" \/>\n<meta property=\"og:image\" content=\"https:\/\/i0.wp.com\/inti.hr\/wp-content\/uploads\/2025\/03\/KDC161K01-1-1.jpg?fit=1000%2C1000&ssl=1\" \/>\n\t<meta property=\"og:image:width\" content=\"1000\" \/>\n\t<meta property=\"og:image:height\" content=\"1000\" \/>\n\t<meta property=\"og:image:type\" content=\"image\/jpeg\" \/>\n<meta name=\"twitter:card\" content=\"summary_large_image\" \/>\n<meta name=\"twitter:label1\" content=\"Est. reading time\" \/>\n\t<meta name=\"twitter:data1\" content=\"1 minuta\" \/>\n<script type=\"application\/ld+json\" class=\"yoast-schema-graph\">{\"@context\":\"https:\/\/schema.org\",\"@graph\":[{\"@type\":\"WebPage\",\"@id\":\"https:\/\/inti.hr\/bs\/proizvod\/blagovaonska-stolica-s-naslonima-za-ruke\/\",\"url\":\"https:\/\/inti.hr\/bs\/proizvod\/blagovaonska-stolica-s-naslonima-za-ruke\/\",\"name\":\"Blagovaonska stolica s naslonima za ruke - Inti\",\"isPartOf\":{\"@id\":\"https:\/\/inti.hr\/bs\/#website\"},\"primaryImageOfPage\":{\"@id\":\"https:\/\/inti.hr\/bs\/proizvod\/blagovaonska-stolica-s-naslonima-za-ruke\/#primaryimage\"},\"image\":{\"@id\":\"https:\/\/inti.hr\/bs\/proizvod\/blagovaonska-stolica-s-naslonima-za-ruke\/#primaryimage\"},\"thumbnailUrl\":\"https:\/\/i0.wp.com\/inti.hr\/wp-content\/uploads\/2025\/03\/KDC161K01-1-1.jpg?fit=1000%2C1000&ssl=1\",\"datePublished\":\"2025-03-26T08:51:20+00:00\",\"dateModified\":\"2025-03-26T08:51:20+00:00\",\"description\":\"Zahvaljuju\u0107i mekanoj, udobnoj bar\u0161unastoj presvlaci, ova blagovaonska stolica nudi isto toliko udobnosti kao i kau\u010d. Jastuk za sjedenje podstavljen je pjenom debljine 8 cm i osigurava optimalno iskustvo sjedenja. Opustite se u miru na ovoj kuhinjskoj stolici! 4 \u010deli\u010dne noge okrenute prema van pru\u017eaju visoku stabilnost. A podesive no\u017eice osiguravaju dobru stabilnost \u010dak i na blago neravnim podovima! Zahvaljuju\u0107i jasnim uputama, ozna\u010denim dijelovima i uklju\u010denom paketu dodataka, ovaj tapecirani stolac mo\u017ee se sastaviti u tren oka kako bi vam u\u0161tedio vrijeme i trud. S ovom fleksibilnom stolicom mo\u017eete se bez napora okretati kako biste dosegli ili poslu\u017eili hranu i pi\u0107e te razgovarali s drugima bez pomicanja stolice. Ergonomski oblikovani naslon za le\u0111a ove stolice dobro prianja uz va\u0161e tijelo i smanjuje pritisak na va\u0161a le\u0111a, pove\u0107avaju\u0107i udobnost tijekom du\u017eeg sjedenja.\",\"breadcrumb\":{\"@id\":\"https:\/\/inti.hr\/bs\/proizvod\/blagovaonska-stolica-s-naslonima-za-ruke\/#breadcrumb\"},\"inLanguage\":\"bs-BA\",\"potentialAction\":[{\"@type\":\"ReadAction\",\"target\":[\"https:\/\/inti.hr\/bs\/proizvod\/blagovaonska-stolica-s-naslonima-za-ruke\/\"]}]},{\"@type\":\"ImageObject\",\"inLanguage\":\"bs-BA\",\"@id\":\"https:\/\/inti.hr\/bs\/proizvod\/blagovaonska-stolica-s-naslonima-za-ruke\/#primaryimage\",\"url\":\"https:\/\/i0.wp.com\/inti.hr\/wp-content\/uploads\/2025\/03\/KDC161K01-1-1.jpg?fit=1000%2C1000&ssl=1\",\"contentUrl\":\"https:\/\/i0.wp.com\/inti.hr\/wp-content\/uploads\/2025\/03\/KDC161K01-1-1.jpg?fit=1000%2C1000&ssl=1\",\"width\":1000,\"height\":1000,\"caption\":\"SONGMICS Blagovaonska stolica s naslonima za ruke karamel sme\u0111a i ink crna\"},{\"@type\":\"BreadcrumbList\",\"@id\":\"https:\/\/inti.hr\/bs\/proizvod\/blagovaonska-stolica-s-naslonima-za-ruke\/#breadcrumb\",\"itemListElement\":[{\"@type\":\"ListItem\",\"position\":1,\"name\":\"Po\u010detna stranica\",\"item\":\"https:\/\/inti.hr\/bs\/\"},{\"@type\":\"ListItem\",\"position\":2,\"name\":\"Trgovina\",\"item\":\"https:\/\/inti.hr\/bs\/trgovina\/\"},{\"@type\":\"ListItem\",\"position\":3,\"name\":\"Blagovaonska stolica s naslonima za ruke\"}]},{\"@type\":\"WebSite\",\"@id\":\"https:\/\/inti.hr\/bs\/#website\",\"url\":\"https:\/\/inti.hr\/bs\/\",\"name\":\"Inti\",\"description\":\"trgovina\",\"potentialAction\":[{\"@type\":\"SearchAction\",\"target\":{\"@type\":\"EntryPoint\",\"urlTemplate\":\"https:\/\/inti.hr\/bs\/?s={search_term_string}\"},\"query-input\":{\"@type\":\"PropertyValueSpecification\",\"valueRequired\":true,\"valueName\":\"search_term_string\"}}],\"inLanguage\":\"bs-BA\"}]}<\/script>\n<!-- \/ Yoast SEO plugin. -->","yoast_head_json":{"title":"Blagovaonska stolica s naslonima za ruke - Inti","description":"Zahvaljuju\u0107i mekanoj, udobnoj bar\u0161unastoj presvlaci, ova blagovaonska stolica nudi isto toliko udobnosti kao i kau\u010d. Jastuk za sjedenje podstavljen je pjenom debljine 8 cm i osigurava optimalno iskustvo sjedenja. Opustite se u miru na ovoj kuhinjskoj stolici! 4 \u010deli\u010dne noge okrenute prema van pru\u017eaju visoku stabilnost. A podesive no\u017eice osiguravaju dobru stabilnost \u010dak i na blago neravnim podovima! Zahvaljuju\u0107i jasnim uputama, ozna\u010denim dijelovima i uklju\u010denom paketu dodataka, ovaj tapecirani stolac mo\u017ee se sastaviti u tren oka kako bi vam u\u0161tedio vrijeme i trud. S ovom fleksibilnom stolicom mo\u017eete se bez napora okretati kako biste dosegli ili poslu\u017eili hranu i pi\u0107e te razgovarali s drugima bez pomicanja stolice. Ergonomski oblikovani naslon za le\u0111a ove stolice dobro prianja uz va\u0161e tijelo i smanjuje pritisak na va\u0161a le\u0111a, pove\u0107avaju\u0107i udobnost tijekom du\u017eeg sjedenja.","robots":{"index":"index","follow":"follow","max-snippet":"max-snippet:-1","max-image-preview":"max-image-preview:large","max-video-preview":"max-video-preview:-1"},"canonical":"https:\/\/inti.hr\/bs\/proizvod\/blagovaonska-stolica-s-naslonima-za-ruke\/","og_locale":"bs_BA","og_type":"article","og_title":"Blagovaonska stolica s naslonima za ruke - Inti","og_description":"Zahvaljuju\u0107i mekanoj, udobnoj bar\u0161unastoj presvlaci, ova blagovaonska stolica nudi isto toliko udobnosti kao i kau\u010d. Jastuk za sjedenje podstavljen je pjenom debljine 8 cm i osigurava optimalno iskustvo sjedenja. Opustite se u miru na ovoj kuhinjskoj stolici! 4 \u010deli\u010dne noge okrenute prema van pru\u017eaju visoku stabilnost. A podesive no\u017eice osiguravaju dobru stabilnost \u010dak i na blago neravnim podovima! Zahvaljuju\u0107i jasnim uputama, ozna\u010denim dijelovima i uklju\u010denom paketu dodataka, ovaj tapecirani stolac mo\u017ee se sastaviti u tren oka kako bi vam u\u0161tedio vrijeme i trud. S ovom fleksibilnom stolicom mo\u017eete se bez napora okretati kako biste dosegli ili poslu\u017eili hranu i pi\u0107e te razgovarali s drugima bez pomicanja stolice. Ergonomski oblikovani naslon za le\u0111a ove stolice dobro prianja uz va\u0161e tijelo i smanjuje pritisak na va\u0161a le\u0111a, pove\u0107avaju\u0107i udobnost tijekom du\u017eeg sjedenja.","og_url":"https:\/\/inti.hr\/bs\/proizvod\/blagovaonska-stolica-s-naslonima-za-ruke\/","og_site_name":"Inti","og_image":[{"width":1000,"height":1000,"url":"https:\/\/i0.wp.com\/inti.hr\/wp-content\/uploads\/2025\/03\/KDC161K01-1-1.jpg?fit=1000%2C1000&ssl=1","type":"image\/jpeg"}],"twitter_card":"summary_large_image","twitter_misc":{"Est. reading time":"1 minuta"},"schema":{"@context":"https:\/\/schema.org","@graph":[{"@type":"WebPage","@id":"https:\/\/inti.hr\/bs\/proizvod\/blagovaonska-stolica-s-naslonima-za-ruke\/","url":"https:\/\/inti.hr\/bs\/proizvod\/blagovaonska-stolica-s-naslonima-za-ruke\/","name":"Blagovaonska stolica s naslonima za ruke - Inti","isPartOf":{"@id":"https:\/\/inti.hr\/bs\/#website"},"primaryImageOfPage":{"@id":"https:\/\/inti.hr\/bs\/proizvod\/blagovaonska-stolica-s-naslonima-za-ruke\/#primaryimage"},"image":{"@id":"https:\/\/inti.hr\/bs\/proizvod\/blagovaonska-stolica-s-naslonima-za-ruke\/#primaryimage"},"thumbnailUrl":"https:\/\/i0.wp.com\/inti.hr\/wp-content\/uploads\/2025\/03\/KDC161K01-1-1.jpg?fit=1000%2C1000&ssl=1","datePublished":"2025-03-26T08:51:20+00:00","dateModified":"2025-03-26T08:51:20+00:00","description":"Zahvaljuju\u0107i mekanoj, udobnoj bar\u0161unastoj presvlaci, ova blagovaonska stolica nudi isto toliko udobnosti kao i kau\u010d. Jastuk za sjedenje podstavljen je pjenom debljine 8 cm i osigurava optimalno iskustvo sjedenja. Opustite se u miru na ovoj kuhinjskoj stolici! 4 \u010deli\u010dne noge okrenute prema van pru\u017eaju visoku stabilnost. A podesive no\u017eice osiguravaju dobru stabilnost \u010dak i na blago neravnim podovima! Zahvaljuju\u0107i jasnim uputama, ozna\u010denim dijelovima i uklju\u010denom paketu dodataka, ovaj tapecirani stolac mo\u017ee se sastaviti u tren oka kako bi vam u\u0161tedio vrijeme i trud. S ovom fleksibilnom stolicom mo\u017eete se bez napora okretati kako biste dosegli ili poslu\u017eili hranu i pi\u0107e te razgovarali s drugima bez pomicanja stolice. Ergonomski oblikovani naslon za le\u0111a ove stolice dobro prianja uz va\u0161e tijelo i smanjuje pritisak na va\u0161a le\u0111a, pove\u0107avaju\u0107i udobnost tijekom du\u017eeg sjedenja.","breadcrumb":{"@id":"https:\/\/inti.hr\/bs\/proizvod\/blagovaonska-stolica-s-naslonima-za-ruke\/#breadcrumb"},"inLanguage":"bs-BA","potentialAction":[{"@type":"ReadAction","target":["https:\/\/inti.hr\/bs\/proizvod\/blagovaonska-stolica-s-naslonima-za-ruke\/"]}]},{"@type":"ImageObject","inLanguage":"bs-BA","@id":"https:\/\/inti.hr\/bs\/proizvod\/blagovaonska-stolica-s-naslonima-za-ruke\/#primaryimage","url":"https:\/\/i0.wp.com\/inti.hr\/wp-content\/uploads\/2025\/03\/KDC161K01-1-1.jpg?fit=1000%2C1000&ssl=1","contentUrl":"https:\/\/i0.wp.com\/inti.hr\/wp-content\/uploads\/2025\/03\/KDC161K01-1-1.jpg?fit=1000%2C1000&ssl=1","width":1000,"height":1000,"caption":"SONGMICS Blagovaonska stolica s naslonima za ruke karamel sme\u0111a i ink crna"},{"@type":"BreadcrumbList","@id":"https:\/\/inti.hr\/bs\/proizvod\/blagovaonska-stolica-s-naslonima-za-ruke\/#breadcrumb","itemListElement":[{"@type":"ListItem","position":1,"name":"Po\u010detna stranica","item":"https:\/\/inti.hr\/bs\/"},{"@type":"ListItem","position":2,"name":"Trgovina","item":"https:\/\/inti.hr\/bs\/trgovina\/"},{"@type":"ListItem","position":3,"name":"Blagovaonska stolica s naslonima za ruke"}]},{"@type":"WebSite","@id":"https:\/\/inti.hr\/bs\/#website","url":"https:\/\/inti.hr\/bs\/","name":"Inti","description":"trgovina","potentialAction":[{"@type":"SearchAction","target":{"@type":"EntryPoint","urlTemplate":"https:\/\/inti.hr\/bs\/?s={search_term_string}"},"query-input":{"@type":"PropertyValueSpecification","valueRequired":true,"valueName":"search_term_string"}}],"inLanguage":"bs-BA"}]}},"jetpack_sharing_enabled":true,"jetpack-related-posts":[],"_links":{"self":[{"href":"https:\/\/inti.hr\/bs\/wp-json\/wp\/v2\/product\/31339"}],"collection":[{"href":"https:\/\/inti.hr\/bs\/wp-json\/wp\/v2\/product"}],"about":[{"href":"https:\/\/inti.hr\/bs\/wp-json\/wp\/v2\/types\/product"}],"wp:featuredmedia":[{"embeddable":true,"href":"https:\/\/inti.hr\/bs\/wp-json\/wp\/v2\/media\/31340"}],"wp:attachment":[{"href":"https:\/\/inti.hr\/bs\/wp-json\/wp\/v2\/media?parent=31339"}],"wp:term":[{"taxonomy":"product_cat","embeddable":true,"href":"https:\/\/inti.hr\/bs\/wp-json\/wp\/v2\/product_cat?post=31339"},{"taxonomy":"product_tag","embeddable":true,"href":"https:\/\/inti.hr\/bs\/wp-json\/wp\/v2\/product_tag?post=31339"}],"curies":[{"name":"wp","href":"https:\/\/api.w.org\/{rel}","templated":true}]}}