{"id":31347,"date":"2025-03-26T08:52:12","date_gmt":"2025-03-26T07:52:12","guid":{"rendered":"https:\/\/inti.hr\/product\/komoda-za-rublje-s-4-ladice-od-tkanine\/"},"modified":"2025-03-26T08:52:12","modified_gmt":"2025-03-26T07:52:12","slug":"komoda-za-rublje-s-4-ladice-od-tkanine","status":"publish","type":"product","link":"https:\/\/inti.hr\/bs\/proizvod\/komoda-za-rublje-s-4-ladice-od-tkanine\/","title":{"rendered":"Komoda za rublje s 4 ladice od tkanine"},"content":{"rendered":"<p>Detalji proizvoda:<br \/>\nMaterijal: iverica, \u010delik, MDF (vlaknasta plo\u010da srednje gusto\u0107e), poliester, netkani materijal<br \/>\nVeli\u010dina: 30 x 51 x 99 cm (D x \u0160 x V)<br \/>\nTe\u017eina: 7,1 kg<br \/>\nMaks. stati\u010dka nosivost: 63,5 kg<\/p>\n","protected":false},"excerpt":{"rendered":"<p>Ova komoda ima jedinstveni geometrijski uzorak i dolazi u crnoj i &#8230; <\/p>\n","protected":false},"featured_media":31348,"template":"","meta":[],"product_cat":[2414],"product_tag":[2934,2673],"yoast_head":"<!-- This site is optimized with the Yoast SEO plugin v23.7 - https:\/\/yoast.com\/wordpress\/plugins\/seo\/ -->\n<title>Komoda za rublje s 4 ladice od tkanine - Inti<\/title>\n<meta name=\"description\" content=\"Ova komoda ima jedinstveni geometrijski uzorak i dolazi u crnoj i bijeloj boji za dojam klase. Sa svojim \u0161ik, modernim \u0161tihom, bez napora oplemenjuje prostorije kao organizator za odlaganje stvari ili toaletni stoli\u0107. Povr\u0161ina iverice mo\u017ee izdr\u017eati do 45,4 kg. \u010celi\u010dni okvir, oja\u010dan X-utegama na stra\u017enjoj stijenci, osigurava robusnost. Ladice su izra\u0111ene od MDF-a, poliestera i netkanog materijala i svaka mo\u017ee primiti do 4,5 kg. S ozna\u010denim dijelovima, jasnim uputama i uklju\u010denim alatima za sastavljanje, sastavljanje ovog ormari\u0107a traje samo oko 15 minuta. Trenuta\u010dno pretvara va\u0161 dom u uredan, udoban \u017eivotni prostor. Veli\u010dina ove komode je 30 x 51 x 99 cm. Svaka njegova ladica ima dimenzije 28 x 46 x 21,5 cm, \u0161to je \u010dini 5-10 cm \u0161irom od uobi\u010dajenih ladica. To nudi mnogo prostora za va\u0161u odje\u0107u, od posteljine do pletiva. Komoda dolazi s ure\u0111ajem protiv prevrtanja za monta\u017eu na zid i pru\u017ea sigurno okru\u017eenje za va\u0161u obitelj. Podesive no\u017eice osiguravaju stabilnost \u010dak i na blago neravnim podovima.\u00a0\" \/>\n<meta name=\"robots\" content=\"index, follow, max-snippet:-1, max-image-preview:large, max-video-preview:-1\" \/>\n<link rel=\"canonical\" href=\"https:\/\/inti.hr\/bs\/proizvod\/komoda-za-rublje-s-4-ladice-od-tkanine\/\" \/>\n<meta property=\"og:locale\" content=\"bs_BA\" \/>\n<meta property=\"og:type\" content=\"article\" \/>\n<meta property=\"og:title\" content=\"Komoda za rublje s 4 ladice od tkanine - Inti\" \/>\n<meta property=\"og:description\" content=\"Ova komoda ima jedinstveni geometrijski uzorak i dolazi u crnoj i bijeloj boji za dojam klase. Sa svojim \u0161ik, modernim \u0161tihom, bez napora oplemenjuje prostorije kao organizator za odlaganje stvari ili toaletni stoli\u0107. Povr\u0161ina iverice mo\u017ee izdr\u017eati do 45,4 kg. \u010celi\u010dni okvir, oja\u010dan X-utegama na stra\u017enjoj stijenci, osigurava robusnost. Ladice su izra\u0111ene od MDF-a, poliestera i netkanog materijala i svaka mo\u017ee primiti do 4,5 kg. S ozna\u010denim dijelovima, jasnim uputama i uklju\u010denim alatima za sastavljanje, sastavljanje ovog ormari\u0107a traje samo oko 15 minuta. Trenuta\u010dno pretvara va\u0161 dom u uredan, udoban \u017eivotni prostor. Veli\u010dina ove komode je 30 x 51 x 99 cm. Svaka njegova ladica ima dimenzije 28 x 46 x 21,5 cm, \u0161to je \u010dini 5-10 cm \u0161irom od uobi\u010dajenih ladica. To nudi mnogo prostora za va\u0161u odje\u0107u, od posteljine do pletiva. Komoda dolazi s ure\u0111ajem protiv prevrtanja za monta\u017eu na zid i pru\u017ea sigurno okru\u017eenje za va\u0161u obitelj. Podesive no\u017eice osiguravaju stabilnost \u010dak i na blago neravnim podovima.\u00a0\" \/>\n<meta property=\"og:url\" content=\"https:\/\/inti.hr\/bs\/proizvod\/komoda-za-rublje-s-4-ladice-od-tkanine\/\" \/>\n<meta property=\"og:site_name\" content=\"Inti\" \/>\n<meta property=\"og:image\" content=\"https:\/\/i0.wp.com\/inti.hr\/wp-content\/uploads\/2025\/03\/LTS114B01-2.jpg?fit=800%2C1000&ssl=1\" \/>\n\t<meta property=\"og:image:width\" content=\"800\" \/>\n\t<meta property=\"og:image:height\" content=\"1000\" \/>\n\t<meta property=\"og:image:type\" content=\"image\/jpeg\" \/>\n<meta name=\"twitter:card\" content=\"summary_large_image\" \/>\n<script type=\"application\/ld+json\" class=\"yoast-schema-graph\">{\"@context\":\"https:\/\/schema.org\",\"@graph\":[{\"@type\":\"WebPage\",\"@id\":\"https:\/\/inti.hr\/bs\/proizvod\/komoda-za-rublje-s-4-ladice-od-tkanine\/\",\"url\":\"https:\/\/inti.hr\/bs\/proizvod\/komoda-za-rublje-s-4-ladice-od-tkanine\/\",\"name\":\"Komoda za rublje s 4 ladice od tkanine - Inti\",\"isPartOf\":{\"@id\":\"https:\/\/inti.hr\/bs\/#website\"},\"primaryImageOfPage\":{\"@id\":\"https:\/\/inti.hr\/bs\/proizvod\/komoda-za-rublje-s-4-ladice-od-tkanine\/#primaryimage\"},\"image\":{\"@id\":\"https:\/\/inti.hr\/bs\/proizvod\/komoda-za-rublje-s-4-ladice-od-tkanine\/#primaryimage\"},\"thumbnailUrl\":\"https:\/\/i0.wp.com\/inti.hr\/wp-content\/uploads\/2025\/03\/LTS114B01-2.jpg?fit=800%2C1000&ssl=1\",\"datePublished\":\"2025-03-26T07:52:12+00:00\",\"dateModified\":\"2025-03-26T07:52:12+00:00\",\"description\":\"Ova komoda ima jedinstveni geometrijski uzorak i dolazi u crnoj i bijeloj boji za dojam klase. Sa svojim \u0161ik, modernim \u0161tihom, bez napora oplemenjuje prostorije kao organizator za odlaganje stvari ili toaletni stoli\u0107. Povr\u0161ina iverice mo\u017ee izdr\u017eati do 45,4 kg. \u010celi\u010dni okvir, oja\u010dan X-utegama na stra\u017enjoj stijenci, osigurava robusnost. Ladice su izra\u0111ene od MDF-a, poliestera i netkanog materijala i svaka mo\u017ee primiti do 4,5 kg. S ozna\u010denim dijelovima, jasnim uputama i uklju\u010denim alatima za sastavljanje, sastavljanje ovog ormari\u0107a traje samo oko 15 minuta. Trenuta\u010dno pretvara va\u0161 dom u uredan, udoban \u017eivotni prostor. Veli\u010dina ove komode je 30 x 51 x 99 cm. Svaka njegova ladica ima dimenzije 28 x 46 x 21,5 cm, \u0161to je \u010dini 5-10 cm \u0161irom od uobi\u010dajenih ladica. To nudi mnogo prostora za va\u0161u odje\u0107u, od posteljine do pletiva. Komoda dolazi s ure\u0111ajem protiv prevrtanja za monta\u017eu na zid i pru\u017ea sigurno okru\u017eenje za va\u0161u obitelj. Podesive no\u017eice osiguravaju stabilnost \u010dak i na blago neravnim podovima.\u00a0\",\"breadcrumb\":{\"@id\":\"https:\/\/inti.hr\/bs\/proizvod\/komoda-za-rublje-s-4-ladice-od-tkanine\/#breadcrumb\"},\"inLanguage\":\"bs-BA\",\"potentialAction\":[{\"@type\":\"ReadAction\",\"target\":[\"https:\/\/inti.hr\/bs\/proizvod\/komoda-za-rublje-s-4-ladice-od-tkanine\/\"]}]},{\"@type\":\"ImageObject\",\"inLanguage\":\"bs-BA\",\"@id\":\"https:\/\/inti.hr\/bs\/proizvod\/komoda-za-rublje-s-4-ladice-od-tkanine\/#primaryimage\",\"url\":\"https:\/\/i0.wp.com\/inti.hr\/wp-content\/uploads\/2025\/03\/LTS114B01-2.jpg?fit=800%2C1000&ssl=1\",\"contentUrl\":\"https:\/\/i0.wp.com\/inti.hr\/wp-content\/uploads\/2025\/03\/LTS114B01-2.jpg?fit=800%2C1000&ssl=1\",\"width\":800,\"height\":1000,\"caption\":\"SONGMICS \u0160krinja za rublje s 4 ladice od tkanine\"},{\"@type\":\"BreadcrumbList\",\"@id\":\"https:\/\/inti.hr\/bs\/proizvod\/komoda-za-rublje-s-4-ladice-od-tkanine\/#breadcrumb\",\"itemListElement\":[{\"@type\":\"ListItem\",\"position\":1,\"name\":\"Po\u010detna stranica\",\"item\":\"https:\/\/inti.hr\/bs\/\"},{\"@type\":\"ListItem\",\"position\":2,\"name\":\"Trgovina\",\"item\":\"https:\/\/inti.hr\/bs\/trgovina\/\"},{\"@type\":\"ListItem\",\"position\":3,\"name\":\"Komoda za rublje s 4 ladice od tkanine\"}]},{\"@type\":\"WebSite\",\"@id\":\"https:\/\/inti.hr\/bs\/#website\",\"url\":\"https:\/\/inti.hr\/bs\/\",\"name\":\"Inti\",\"description\":\"trgovina\",\"potentialAction\":[{\"@type\":\"SearchAction\",\"target\":{\"@type\":\"EntryPoint\",\"urlTemplate\":\"https:\/\/inti.hr\/bs\/?s={search_term_string}\"},\"query-input\":{\"@type\":\"PropertyValueSpecification\",\"valueRequired\":true,\"valueName\":\"search_term_string\"}}],\"inLanguage\":\"bs-BA\"}]}<\/script>\n<!-- \/ Yoast SEO plugin. -->","yoast_head_json":{"title":"Komoda za rublje s 4 ladice od tkanine - Inti","description":"Ova komoda ima jedinstveni geometrijski uzorak i dolazi u crnoj i bijeloj boji za dojam klase. Sa svojim \u0161ik, modernim \u0161tihom, bez napora oplemenjuje prostorije kao organizator za odlaganje stvari ili toaletni stoli\u0107. Povr\u0161ina iverice mo\u017ee izdr\u017eati do 45,4 kg. \u010celi\u010dni okvir, oja\u010dan X-utegama na stra\u017enjoj stijenci, osigurava robusnost. Ladice su izra\u0111ene od MDF-a, poliestera i netkanog materijala i svaka mo\u017ee primiti do 4,5 kg. S ozna\u010denim dijelovima, jasnim uputama i uklju\u010denim alatima za sastavljanje, sastavljanje ovog ormari\u0107a traje samo oko 15 minuta. Trenuta\u010dno pretvara va\u0161 dom u uredan, udoban \u017eivotni prostor. Veli\u010dina ove komode je 30 x 51 x 99 cm. Svaka njegova ladica ima dimenzije 28 x 46 x 21,5 cm, \u0161to je \u010dini 5-10 cm \u0161irom od uobi\u010dajenih ladica. To nudi mnogo prostora za va\u0161u odje\u0107u, od posteljine do pletiva. Komoda dolazi s ure\u0111ajem protiv prevrtanja za monta\u017eu na zid i pru\u017ea sigurno okru\u017eenje za va\u0161u obitelj. Podesive no\u017eice osiguravaju stabilnost \u010dak i na blago neravnim podovima.\u00a0","robots":{"index":"index","follow":"follow","max-snippet":"max-snippet:-1","max-image-preview":"max-image-preview:large","max-video-preview":"max-video-preview:-1"},"canonical":"https:\/\/inti.hr\/bs\/proizvod\/komoda-za-rublje-s-4-ladice-od-tkanine\/","og_locale":"bs_BA","og_type":"article","og_title":"Komoda za rublje s 4 ladice od tkanine - Inti","og_description":"Ova komoda ima jedinstveni geometrijski uzorak i dolazi u crnoj i bijeloj boji za dojam klase. Sa svojim \u0161ik, modernim \u0161tihom, bez napora oplemenjuje prostorije kao organizator za odlaganje stvari ili toaletni stoli\u0107. Povr\u0161ina iverice mo\u017ee izdr\u017eati do 45,4 kg. \u010celi\u010dni okvir, oja\u010dan X-utegama na stra\u017enjoj stijenci, osigurava robusnost. Ladice su izra\u0111ene od MDF-a, poliestera i netkanog materijala i svaka mo\u017ee primiti do 4,5 kg. S ozna\u010denim dijelovima, jasnim uputama i uklju\u010denim alatima za sastavljanje, sastavljanje ovog ormari\u0107a traje samo oko 15 minuta. Trenuta\u010dno pretvara va\u0161 dom u uredan, udoban \u017eivotni prostor. Veli\u010dina ove komode je 30 x 51 x 99 cm. Svaka njegova ladica ima dimenzije 28 x 46 x 21,5 cm, \u0161to je \u010dini 5-10 cm \u0161irom od uobi\u010dajenih ladica. To nudi mnogo prostora za va\u0161u odje\u0107u, od posteljine do pletiva. Komoda dolazi s ure\u0111ajem protiv prevrtanja za monta\u017eu na zid i pru\u017ea sigurno okru\u017eenje za va\u0161u obitelj. Podesive no\u017eice osiguravaju stabilnost \u010dak i na blago neravnim podovima.\u00a0","og_url":"https:\/\/inti.hr\/bs\/proizvod\/komoda-za-rublje-s-4-ladice-od-tkanine\/","og_site_name":"Inti","og_image":[{"width":800,"height":1000,"url":"https:\/\/i0.wp.com\/inti.hr\/wp-content\/uploads\/2025\/03\/LTS114B01-2.jpg?fit=800%2C1000&ssl=1","type":"image\/jpeg"}],"twitter_card":"summary_large_image","schema":{"@context":"https:\/\/schema.org","@graph":[{"@type":"WebPage","@id":"https:\/\/inti.hr\/bs\/proizvod\/komoda-za-rublje-s-4-ladice-od-tkanine\/","url":"https:\/\/inti.hr\/bs\/proizvod\/komoda-za-rublje-s-4-ladice-od-tkanine\/","name":"Komoda za rublje s 4 ladice od tkanine - Inti","isPartOf":{"@id":"https:\/\/inti.hr\/bs\/#website"},"primaryImageOfPage":{"@id":"https:\/\/inti.hr\/bs\/proizvod\/komoda-za-rublje-s-4-ladice-od-tkanine\/#primaryimage"},"image":{"@id":"https:\/\/inti.hr\/bs\/proizvod\/komoda-za-rublje-s-4-ladice-od-tkanine\/#primaryimage"},"thumbnailUrl":"https:\/\/i0.wp.com\/inti.hr\/wp-content\/uploads\/2025\/03\/LTS114B01-2.jpg?fit=800%2C1000&ssl=1","datePublished":"2025-03-26T07:52:12+00:00","dateModified":"2025-03-26T07:52:12+00:00","description":"Ova komoda ima jedinstveni geometrijski uzorak i dolazi u crnoj i bijeloj boji za dojam klase. Sa svojim \u0161ik, modernim \u0161tihom, bez napora oplemenjuje prostorije kao organizator za odlaganje stvari ili toaletni stoli\u0107. Povr\u0161ina iverice mo\u017ee izdr\u017eati do 45,4 kg. \u010celi\u010dni okvir, oja\u010dan X-utegama na stra\u017enjoj stijenci, osigurava robusnost. Ladice su izra\u0111ene od MDF-a, poliestera i netkanog materijala i svaka mo\u017ee primiti do 4,5 kg. S ozna\u010denim dijelovima, jasnim uputama i uklju\u010denim alatima za sastavljanje, sastavljanje ovog ormari\u0107a traje samo oko 15 minuta. Trenuta\u010dno pretvara va\u0161 dom u uredan, udoban \u017eivotni prostor. Veli\u010dina ove komode je 30 x 51 x 99 cm. Svaka njegova ladica ima dimenzije 28 x 46 x 21,5 cm, \u0161to je \u010dini 5-10 cm \u0161irom od uobi\u010dajenih ladica. To nudi mnogo prostora za va\u0161u odje\u0107u, od posteljine do pletiva. Komoda dolazi s ure\u0111ajem protiv prevrtanja za monta\u017eu na zid i pru\u017ea sigurno okru\u017eenje za va\u0161u obitelj. Podesive no\u017eice osiguravaju stabilnost \u010dak i na blago neravnim podovima.\u00a0","breadcrumb":{"@id":"https:\/\/inti.hr\/bs\/proizvod\/komoda-za-rublje-s-4-ladice-od-tkanine\/#breadcrumb"},"inLanguage":"bs-BA","potentialAction":[{"@type":"ReadAction","target":["https:\/\/inti.hr\/bs\/proizvod\/komoda-za-rublje-s-4-ladice-od-tkanine\/"]}]},{"@type":"ImageObject","inLanguage":"bs-BA","@id":"https:\/\/inti.hr\/bs\/proizvod\/komoda-za-rublje-s-4-ladice-od-tkanine\/#primaryimage","url":"https:\/\/i0.wp.com\/inti.hr\/wp-content\/uploads\/2025\/03\/LTS114B01-2.jpg?fit=800%2C1000&ssl=1","contentUrl":"https:\/\/i0.wp.com\/inti.hr\/wp-content\/uploads\/2025\/03\/LTS114B01-2.jpg?fit=800%2C1000&ssl=1","width":800,"height":1000,"caption":"SONGMICS \u0160krinja za rublje s 4 ladice od tkanine"},{"@type":"BreadcrumbList","@id":"https:\/\/inti.hr\/bs\/proizvod\/komoda-za-rublje-s-4-ladice-od-tkanine\/#breadcrumb","itemListElement":[{"@type":"ListItem","position":1,"name":"Po\u010detna stranica","item":"https:\/\/inti.hr\/bs\/"},{"@type":"ListItem","position":2,"name":"Trgovina","item":"https:\/\/inti.hr\/bs\/trgovina\/"},{"@type":"ListItem","position":3,"name":"Komoda za rublje s 4 ladice od tkanine"}]},{"@type":"WebSite","@id":"https:\/\/inti.hr\/bs\/#website","url":"https:\/\/inti.hr\/bs\/","name":"Inti","description":"trgovina","potentialAction":[{"@type":"SearchAction","target":{"@type":"EntryPoint","urlTemplate":"https:\/\/inti.hr\/bs\/?s={search_term_string}"},"query-input":{"@type":"PropertyValueSpecification","valueRequired":true,"valueName":"search_term_string"}}],"inLanguage":"bs-BA"}]}},"jetpack_sharing_enabled":true,"jetpack-related-posts":[],"_links":{"self":[{"href":"https:\/\/inti.hr\/bs\/wp-json\/wp\/v2\/product\/31347"}],"collection":[{"href":"https:\/\/inti.hr\/bs\/wp-json\/wp\/v2\/product"}],"about":[{"href":"https:\/\/inti.hr\/bs\/wp-json\/wp\/v2\/types\/product"}],"wp:featuredmedia":[{"embeddable":true,"href":"https:\/\/inti.hr\/bs\/wp-json\/wp\/v2\/media\/31348"}],"wp:attachment":[{"href":"https:\/\/inti.hr\/bs\/wp-json\/wp\/v2\/media?parent=31347"}],"wp:term":[{"taxonomy":"product_cat","embeddable":true,"href":"https:\/\/inti.hr\/bs\/wp-json\/wp\/v2\/product_cat?post=31347"},{"taxonomy":"product_tag","embeddable":true,"href":"https:\/\/inti.hr\/bs\/wp-json\/wp\/v2\/product_tag?post=31347"}],"curies":[{"name":"wp","href":"https:\/\/api.w.org\/{rel}","templated":true}]}}