{"id":31351,"date":"2025-03-22T18:29:37","date_gmt":"2025-03-22T17:29:37","guid":{"rendered":"https:\/\/inti.hr\/product\/klupa-za-cipele-100x34x47cm\/"},"modified":"2025-03-22T18:29:37","modified_gmt":"2025-03-22T17:29:37","slug":"klupa-za-cipele-100x34x47cm","status":"publish","type":"product","link":"https:\/\/inti.hr\/bs\/proizvod\/klupa-za-cipele-100x34x47cm\/","title":{"rendered":"Klupa za cipele 100x34x47cm"},"content":{"rendered":"<p><b>Pojedinosti o proizvodu:<\/b><\/p>\n<ul>\n<li>Materijal: iverica, papirna folija.<\/li>\n<li>Dimenzije proizvoda: 100x34x48cm (vidi sliku)<\/li>\n<li>Te\u017eina: oko 24kg, nosivost: do 150kg;<\/li>\n<li>Veli\u010dina i te\u017eina paketa: 112.00*44.00*20.00cm , 26.5kg<\/li>\n<li>S uputama za monta\u017eu i vijcima, jednostavna monta\u017ea<\/li>\n<li>Ovaj proizvod je razvijen i ispitan za ku\u0107nu upotrebu.<\/li>\n<\/ul>\n","protected":false},"excerpt":{"rendered":"<p>Klupa je opremljena jastukom \u0161to je \u010dini vrlo udobnom.<\/p>\n<p>Klupa za cipele &#8230; <\/p>\n","protected":false},"featured_media":31352,"template":"","meta":[],"product_cat":[2632],"product_tag":[2936,2638],"yoast_head":"<!-- This site is optimized with the Yoast SEO plugin v23.7 - https:\/\/yoast.com\/wordpress\/plugins\/seo\/ -->\n<title>Klupa za cipele 100x34x47cm - Inti<\/title>\n<meta name=\"description\" content=\"Klupa je opremljena jastukom \u0161to je \u010dini vrlo udobnom.Klupa za cipele izra\u0111ena je od visokokvalitetnog materijala, \u010dvrsta je i ima izvrsnu nosivost do 150 kg.Dizajniran da ne bude samo stalak za cipele, ve\u0107 i klupa za presvla\u010denje. Idealan za postavljanje u ulaznom dijelu, na verandi, u spava\u0107oj ili dnevnoj sobi.Ovaj stalak za cipele je prakti\u010dno i elegantno rje\u0161enje za organiziranje va\u0161ih cipela. Dvoja vrata omogu\u0107uju vam jednostavno pohranjivanje cipela tako da vam budu odmah pri ruci kada vam zatrebaju. Bijela zavr\u0161na obrada ovog ormari\u0107a za cipele s dva vrata dodaje elegantan da\u0161ak boje va\u0161em interijeru.Idealan proizvod za one koji tra\u017ee funkcionalnu policu za cipele koja \u0161tedi prostor za svoj dom.\" \/>\n<meta name=\"robots\" content=\"index, follow, max-snippet:-1, max-image-preview:large, max-video-preview:-1\" \/>\n<link rel=\"canonical\" href=\"https:\/\/inti.hr\/bs\/proizvod\/klupa-za-cipele-100x34x47cm\/\" \/>\n<meta property=\"og:locale\" content=\"bs_BA\" \/>\n<meta property=\"og:type\" content=\"article\" \/>\n<meta property=\"og:title\" content=\"Klupa za cipele 100x34x47cm - Inti\" \/>\n<meta property=\"og:description\" content=\"Klupa je opremljena jastukom \u0161to je \u010dini vrlo udobnom.Klupa za cipele izra\u0111ena je od visokokvalitetnog materijala, \u010dvrsta je i ima izvrsnu nosivost do 150 kg.Dizajniran da ne bude samo stalak za cipele, ve\u0107 i klupa za presvla\u010denje. Idealan za postavljanje u ulaznom dijelu, na verandi, u spava\u0107oj ili dnevnoj sobi.Ovaj stalak za cipele je prakti\u010dno i elegantno rje\u0161enje za organiziranje va\u0161ih cipela. Dvoja vrata omogu\u0107uju vam jednostavno pohranjivanje cipela tako da vam budu odmah pri ruci kada vam zatrebaju. Bijela zavr\u0161na obrada ovog ormari\u0107a za cipele s dva vrata dodaje elegantan da\u0161ak boje va\u0161em interijeru.Idealan proizvod za one koji tra\u017ee funkcionalnu policu za cipele koja \u0161tedi prostor za svoj dom.\" \/>\n<meta property=\"og:url\" content=\"https:\/\/inti.hr\/bs\/proizvod\/klupa-za-cipele-100x34x47cm\/\" \/>\n<meta property=\"og:site_name\" content=\"Inti\" \/>\n<meta property=\"og:image\" content=\"https:\/\/i0.wp.com\/inti.hr\/wp-content\/uploads\/2025\/03\/FSR96-DG-S002_1800x1800.webp?fit=1600%2C1600&ssl=1\" \/>\n\t<meta property=\"og:image:width\" content=\"1600\" \/>\n\t<meta property=\"og:image:height\" content=\"1600\" \/>\n\t<meta property=\"og:image:type\" content=\"image\/webp\" \/>\n<meta name=\"twitter:card\" content=\"summary_large_image\" \/>\n<script type=\"application\/ld+json\" class=\"yoast-schema-graph\">{\"@context\":\"https:\/\/schema.org\",\"@graph\":[{\"@type\":\"WebPage\",\"@id\":\"https:\/\/inti.hr\/bs\/proizvod\/klupa-za-cipele-100x34x47cm\/\",\"url\":\"https:\/\/inti.hr\/bs\/proizvod\/klupa-za-cipele-100x34x47cm\/\",\"name\":\"Klupa za cipele 100x34x47cm - Inti\",\"isPartOf\":{\"@id\":\"https:\/\/inti.hr\/bs\/#website\"},\"primaryImageOfPage\":{\"@id\":\"https:\/\/inti.hr\/bs\/proizvod\/klupa-za-cipele-100x34x47cm\/#primaryimage\"},\"image\":{\"@id\":\"https:\/\/inti.hr\/bs\/proizvod\/klupa-za-cipele-100x34x47cm\/#primaryimage\"},\"thumbnailUrl\":\"https:\/\/i0.wp.com\/inti.hr\/wp-content\/uploads\/2025\/03\/FSR96-DG-S002_1800x1800.webp?fit=1600%2C1600&ssl=1\",\"datePublished\":\"2025-03-22T17:29:37+00:00\",\"dateModified\":\"2025-03-22T17:29:37+00:00\",\"description\":\"Klupa je opremljena jastukom \u0161to je \u010dini vrlo udobnom.Klupa za cipele izra\u0111ena je od visokokvalitetnog materijala, \u010dvrsta je i ima izvrsnu nosivost do 150 kg.Dizajniran da ne bude samo stalak za cipele, ve\u0107 i klupa za presvla\u010denje. Idealan za postavljanje u ulaznom dijelu, na verandi, u spava\u0107oj ili dnevnoj sobi.Ovaj stalak za cipele je prakti\u010dno i elegantno rje\u0161enje za organiziranje va\u0161ih cipela. Dvoja vrata omogu\u0107uju vam jednostavno pohranjivanje cipela tako da vam budu odmah pri ruci kada vam zatrebaju. Bijela zavr\u0161na obrada ovog ormari\u0107a za cipele s dva vrata dodaje elegantan da\u0161ak boje va\u0161em interijeru.Idealan proizvod za one koji tra\u017ee funkcionalnu policu za cipele koja \u0161tedi prostor za svoj dom.\",\"breadcrumb\":{\"@id\":\"https:\/\/inti.hr\/bs\/proizvod\/klupa-za-cipele-100x34x47cm\/#breadcrumb\"},\"inLanguage\":\"bs-BA\",\"potentialAction\":[{\"@type\":\"ReadAction\",\"target\":[\"https:\/\/inti.hr\/bs\/proizvod\/klupa-za-cipele-100x34x47cm\/\"]}]},{\"@type\":\"ImageObject\",\"inLanguage\":\"bs-BA\",\"@id\":\"https:\/\/inti.hr\/bs\/proizvod\/klupa-za-cipele-100x34x47cm\/#primaryimage\",\"url\":\"https:\/\/i0.wp.com\/inti.hr\/wp-content\/uploads\/2025\/03\/FSR96-DG-S002_1800x1800.webp?fit=1600%2C1600&ssl=1\",\"contentUrl\":\"https:\/\/i0.wp.com\/inti.hr\/wp-content\/uploads\/2025\/03\/FSR96-DG-S002_1800x1800.webp?fit=1600%2C1600&ssl=1\",\"width\":1600,\"height\":1600,\"caption\":\"SoBuy Klupa za cipele 100x34x47cm FSR96-DG\"},{\"@type\":\"BreadcrumbList\",\"@id\":\"https:\/\/inti.hr\/bs\/proizvod\/klupa-za-cipele-100x34x47cm\/#breadcrumb\",\"itemListElement\":[{\"@type\":\"ListItem\",\"position\":1,\"name\":\"Po\u010detna stranica\",\"item\":\"https:\/\/inti.hr\/bs\/\"},{\"@type\":\"ListItem\",\"position\":2,\"name\":\"Trgovina\",\"item\":\"https:\/\/inti.hr\/bs\/trgovina\/\"},{\"@type\":\"ListItem\",\"position\":3,\"name\":\"Klupa za cipele 100x34x47cm\"}]},{\"@type\":\"WebSite\",\"@id\":\"https:\/\/inti.hr\/bs\/#website\",\"url\":\"https:\/\/inti.hr\/bs\/\",\"name\":\"Inti\",\"description\":\"trgovina\",\"potentialAction\":[{\"@type\":\"SearchAction\",\"target\":{\"@type\":\"EntryPoint\",\"urlTemplate\":\"https:\/\/inti.hr\/bs\/?s={search_term_string}\"},\"query-input\":{\"@type\":\"PropertyValueSpecification\",\"valueRequired\":true,\"valueName\":\"search_term_string\"}}],\"inLanguage\":\"bs-BA\"}]}<\/script>\n<!-- \/ Yoast SEO plugin. -->","yoast_head_json":{"title":"Klupa za cipele 100x34x47cm - Inti","description":"Klupa je opremljena jastukom \u0161to je \u010dini vrlo udobnom.Klupa za cipele izra\u0111ena je od visokokvalitetnog materijala, \u010dvrsta je i ima izvrsnu nosivost do 150 kg.Dizajniran da ne bude samo stalak za cipele, ve\u0107 i klupa za presvla\u010denje. Idealan za postavljanje u ulaznom dijelu, na verandi, u spava\u0107oj ili dnevnoj sobi.Ovaj stalak za cipele je prakti\u010dno i elegantno rje\u0161enje za organiziranje va\u0161ih cipela. Dvoja vrata omogu\u0107uju vam jednostavno pohranjivanje cipela tako da vam budu odmah pri ruci kada vam zatrebaju. Bijela zavr\u0161na obrada ovog ormari\u0107a za cipele s dva vrata dodaje elegantan da\u0161ak boje va\u0161em interijeru.Idealan proizvod za one koji tra\u017ee funkcionalnu policu za cipele koja \u0161tedi prostor za svoj dom.","robots":{"index":"index","follow":"follow","max-snippet":"max-snippet:-1","max-image-preview":"max-image-preview:large","max-video-preview":"max-video-preview:-1"},"canonical":"https:\/\/inti.hr\/bs\/proizvod\/klupa-za-cipele-100x34x47cm\/","og_locale":"bs_BA","og_type":"article","og_title":"Klupa za cipele 100x34x47cm - Inti","og_description":"Klupa je opremljena jastukom \u0161to je \u010dini vrlo udobnom.Klupa za cipele izra\u0111ena je od visokokvalitetnog materijala, \u010dvrsta je i ima izvrsnu nosivost do 150 kg.Dizajniran da ne bude samo stalak za cipele, ve\u0107 i klupa za presvla\u010denje. Idealan za postavljanje u ulaznom dijelu, na verandi, u spava\u0107oj ili dnevnoj sobi.Ovaj stalak za cipele je prakti\u010dno i elegantno rje\u0161enje za organiziranje va\u0161ih cipela. Dvoja vrata omogu\u0107uju vam jednostavno pohranjivanje cipela tako da vam budu odmah pri ruci kada vam zatrebaju. Bijela zavr\u0161na obrada ovog ormari\u0107a za cipele s dva vrata dodaje elegantan da\u0161ak boje va\u0161em interijeru.Idealan proizvod za one koji tra\u017ee funkcionalnu policu za cipele koja \u0161tedi prostor za svoj dom.","og_url":"https:\/\/inti.hr\/bs\/proizvod\/klupa-za-cipele-100x34x47cm\/","og_site_name":"Inti","og_image":[{"width":1600,"height":1600,"url":"https:\/\/i0.wp.com\/inti.hr\/wp-content\/uploads\/2025\/03\/FSR96-DG-S002_1800x1800.webp?fit=1600%2C1600&ssl=1","type":"image\/webp"}],"twitter_card":"summary_large_image","schema":{"@context":"https:\/\/schema.org","@graph":[{"@type":"WebPage","@id":"https:\/\/inti.hr\/bs\/proizvod\/klupa-za-cipele-100x34x47cm\/","url":"https:\/\/inti.hr\/bs\/proizvod\/klupa-za-cipele-100x34x47cm\/","name":"Klupa za cipele 100x34x47cm - Inti","isPartOf":{"@id":"https:\/\/inti.hr\/bs\/#website"},"primaryImageOfPage":{"@id":"https:\/\/inti.hr\/bs\/proizvod\/klupa-za-cipele-100x34x47cm\/#primaryimage"},"image":{"@id":"https:\/\/inti.hr\/bs\/proizvod\/klupa-za-cipele-100x34x47cm\/#primaryimage"},"thumbnailUrl":"https:\/\/i0.wp.com\/inti.hr\/wp-content\/uploads\/2025\/03\/FSR96-DG-S002_1800x1800.webp?fit=1600%2C1600&ssl=1","datePublished":"2025-03-22T17:29:37+00:00","dateModified":"2025-03-22T17:29:37+00:00","description":"Klupa je opremljena jastukom \u0161to je \u010dini vrlo udobnom.Klupa za cipele izra\u0111ena je od visokokvalitetnog materijala, \u010dvrsta je i ima izvrsnu nosivost do 150 kg.Dizajniran da ne bude samo stalak za cipele, ve\u0107 i klupa za presvla\u010denje. Idealan za postavljanje u ulaznom dijelu, na verandi, u spava\u0107oj ili dnevnoj sobi.Ovaj stalak za cipele je prakti\u010dno i elegantno rje\u0161enje za organiziranje va\u0161ih cipela. Dvoja vrata omogu\u0107uju vam jednostavno pohranjivanje cipela tako da vam budu odmah pri ruci kada vam zatrebaju. Bijela zavr\u0161na obrada ovog ormari\u0107a za cipele s dva vrata dodaje elegantan da\u0161ak boje va\u0161em interijeru.Idealan proizvod za one koji tra\u017ee funkcionalnu policu za cipele koja \u0161tedi prostor za svoj dom.","breadcrumb":{"@id":"https:\/\/inti.hr\/bs\/proizvod\/klupa-za-cipele-100x34x47cm\/#breadcrumb"},"inLanguage":"bs-BA","potentialAction":[{"@type":"ReadAction","target":["https:\/\/inti.hr\/bs\/proizvod\/klupa-za-cipele-100x34x47cm\/"]}]},{"@type":"ImageObject","inLanguage":"bs-BA","@id":"https:\/\/inti.hr\/bs\/proizvod\/klupa-za-cipele-100x34x47cm\/#primaryimage","url":"https:\/\/i0.wp.com\/inti.hr\/wp-content\/uploads\/2025\/03\/FSR96-DG-S002_1800x1800.webp?fit=1600%2C1600&ssl=1","contentUrl":"https:\/\/i0.wp.com\/inti.hr\/wp-content\/uploads\/2025\/03\/FSR96-DG-S002_1800x1800.webp?fit=1600%2C1600&ssl=1","width":1600,"height":1600,"caption":"SoBuy Klupa za cipele 100x34x47cm FSR96-DG"},{"@type":"BreadcrumbList","@id":"https:\/\/inti.hr\/bs\/proizvod\/klupa-za-cipele-100x34x47cm\/#breadcrumb","itemListElement":[{"@type":"ListItem","position":1,"name":"Po\u010detna stranica","item":"https:\/\/inti.hr\/bs\/"},{"@type":"ListItem","position":2,"name":"Trgovina","item":"https:\/\/inti.hr\/bs\/trgovina\/"},{"@type":"ListItem","position":3,"name":"Klupa za cipele 100x34x47cm"}]},{"@type":"WebSite","@id":"https:\/\/inti.hr\/bs\/#website","url":"https:\/\/inti.hr\/bs\/","name":"Inti","description":"trgovina","potentialAction":[{"@type":"SearchAction","target":{"@type":"EntryPoint","urlTemplate":"https:\/\/inti.hr\/bs\/?s={search_term_string}"},"query-input":{"@type":"PropertyValueSpecification","valueRequired":true,"valueName":"search_term_string"}}],"inLanguage":"bs-BA"}]}},"jetpack_sharing_enabled":true,"jetpack-related-posts":[],"_links":{"self":[{"href":"https:\/\/inti.hr\/bs\/wp-json\/wp\/v2\/product\/31351"}],"collection":[{"href":"https:\/\/inti.hr\/bs\/wp-json\/wp\/v2\/product"}],"about":[{"href":"https:\/\/inti.hr\/bs\/wp-json\/wp\/v2\/types\/product"}],"wp:featuredmedia":[{"embeddable":true,"href":"https:\/\/inti.hr\/bs\/wp-json\/wp\/v2\/media\/31352"}],"wp:attachment":[{"href":"https:\/\/inti.hr\/bs\/wp-json\/wp\/v2\/media?parent=31351"}],"wp:term":[{"taxonomy":"product_cat","embeddable":true,"href":"https:\/\/inti.hr\/bs\/wp-json\/wp\/v2\/product_cat?post=31351"},{"taxonomy":"product_tag","embeddable":true,"href":"https:\/\/inti.hr\/bs\/wp-json\/wp\/v2\/product_tag?post=31351"}],"curies":[{"name":"wp","href":"https:\/\/api.w.org\/{rel}","templated":true}]}}