{"id":31355,"date":"2025-03-20T10:02:54","date_gmt":"2025-03-20T09:02:54","guid":{"rendered":"https:\/\/inti.hr\/product\/stolic-za-kavu-s-kosarom-od-tkanine\/"},"modified":"2025-03-20T10:02:54","modified_gmt":"2025-03-20T09:02:54","slug":"stolic-za-kavu-s-kosarom-od-tkanine","status":"publish","type":"product","link":"https:\/\/inti.hr\/bs\/proizvod\/stolic-za-kavu-s-kosarom-od-tkanine\/","title":{"rendered":"Stoli\u0107 za kavu s ko\u0161arom od tkanine"},"content":{"rendered":"<p>Detalji proizvoda:<br \/>\nMaterijal: iverica, \u010delik, poliesterska tkanina<br \/>\nVeli\u010dina pomo\u0107nog stoli\u0107a: 75 cm d, 45 cm v<br \/>\nVeli\u010dina platnene ko\u0161are: 71,5 cm d, 15 cm v<br \/>\nUkupna te\u017eina: 4,1 kg<br \/>\nMaksimalna stati\u010dka nosivost plo\u010de stola: 40 kg<\/p>\n","protected":false},"excerpt":{"rendered":"<p>S dimenzijama od 75 cm dubine i 45 cm visine, ovaj &#8230; <\/p>\n","protected":false},"featured_media":31356,"template":"","meta":[],"product_cat":[2418],"product_tag":[2444,2938],"yoast_head":"<!-- This site is optimized with the Yoast SEO plugin v23.7 - https:\/\/yoast.com\/wordpress\/plugins\/seo\/ -->\n<title>Stoli\u0107 za kavu s ko\u0161arom od tkanine - Inti<\/title>\n<meta name=\"description\" content=\"S dimenzijama od 75 cm dubine i 45 cm visine, ovaj okrugli stoli\u0107 za kavu savr\u0161eno pristaje va\u0161oj dnevnoj sobi i nudi prakti\u010dno mjesto za zabavu ili rad. Kombinacija robusne iverice i jednodijelnih U-nogica izra\u0111enih od \u010delika osigurava sna\u017enu konstrukciju i daje ovom stoli\u0107u za kavu stabilno i izdr\u017eljivo dr\u017eanje. Zahvaljuju\u0107i jednostavnoj strukturi i jasnim uputama, stoli\u0107 za kavu mo\u017ee se sastaviti u tren oka, tako da mo\u017eete brzo u\u017eivati \u200b\u200bu njegovoj funkcionalnosti i stilu. Ko\u0161ara je izra\u0111ena od glatke, dvoslojne poliesterske tkanine i ima veliki kapacitet od 57,7 litara za uredno pohranjivanje va\u0161ih deka, jastuka, knjiga i drugih stvari. Stoli\u0107 za kavu unosi da\u0161ak elegancije u va\u0161u dnevnu sobu svojim modernim stilom i mo\u017ee se lako integrirati u mnoge stilove interijera.\" \/>\n<meta name=\"robots\" content=\"index, follow, max-snippet:-1, max-image-preview:large, max-video-preview:-1\" \/>\n<link rel=\"canonical\" href=\"https:\/\/inti.hr\/bs\/proizvod\/stolic-za-kavu-s-kosarom-od-tkanine\/\" \/>\n<meta property=\"og:locale\" content=\"bs_BA\" \/>\n<meta property=\"og:type\" content=\"article\" \/>\n<meta property=\"og:title\" content=\"Stoli\u0107 za kavu s ko\u0161arom od tkanine - Inti\" \/>\n<meta property=\"og:description\" content=\"S dimenzijama od 75 cm dubine i 45 cm visine, ovaj okrugli stoli\u0107 za kavu savr\u0161eno pristaje va\u0161oj dnevnoj sobi i nudi prakti\u010dno mjesto za zabavu ili rad. Kombinacija robusne iverice i jednodijelnih U-nogica izra\u0111enih od \u010delika osigurava sna\u017enu konstrukciju i daje ovom stoli\u0107u za kavu stabilno i izdr\u017eljivo dr\u017eanje. Zahvaljuju\u0107i jednostavnoj strukturi i jasnim uputama, stoli\u0107 za kavu mo\u017ee se sastaviti u tren oka, tako da mo\u017eete brzo u\u017eivati \u200b\u200bu njegovoj funkcionalnosti i stilu. Ko\u0161ara je izra\u0111ena od glatke, dvoslojne poliesterske tkanine i ima veliki kapacitet od 57,7 litara za uredno pohranjivanje va\u0161ih deka, jastuka, knjiga i drugih stvari. Stoli\u0107 za kavu unosi da\u0161ak elegancije u va\u0161u dnevnu sobu svojim modernim stilom i mo\u017ee se lako integrirati u mnoge stilove interijera.\" \/>\n<meta property=\"og:url\" content=\"https:\/\/inti.hr\/bs\/proizvod\/stolic-za-kavu-s-kosarom-od-tkanine\/\" \/>\n<meta property=\"og:site_name\" content=\"Inti\" \/>\n<meta property=\"og:image\" content=\"https:\/\/i0.wp.com\/inti.hr\/wp-content\/uploads\/2025\/03\/LCT244W10-2.jpg?fit=800%2C1000&ssl=1\" \/>\n\t<meta property=\"og:image:width\" content=\"800\" \/>\n\t<meta property=\"og:image:height\" content=\"1000\" \/>\n\t<meta property=\"og:image:type\" content=\"image\/jpeg\" \/>\n<meta name=\"twitter:card\" content=\"summary_large_image\" \/>\n<script type=\"application\/ld+json\" class=\"yoast-schema-graph\">{\"@context\":\"https:\/\/schema.org\",\"@graph\":[{\"@type\":\"WebPage\",\"@id\":\"https:\/\/inti.hr\/bs\/proizvod\/stolic-za-kavu-s-kosarom-od-tkanine\/\",\"url\":\"https:\/\/inti.hr\/bs\/proizvod\/stolic-za-kavu-s-kosarom-od-tkanine\/\",\"name\":\"Stoli\u0107 za kavu s ko\u0161arom od tkanine - Inti\",\"isPartOf\":{\"@id\":\"https:\/\/inti.hr\/bs\/#website\"},\"primaryImageOfPage\":{\"@id\":\"https:\/\/inti.hr\/bs\/proizvod\/stolic-za-kavu-s-kosarom-od-tkanine\/#primaryimage\"},\"image\":{\"@id\":\"https:\/\/inti.hr\/bs\/proizvod\/stolic-za-kavu-s-kosarom-od-tkanine\/#primaryimage\"},\"thumbnailUrl\":\"https:\/\/i0.wp.com\/inti.hr\/wp-content\/uploads\/2025\/03\/LCT244W10-2.jpg?fit=800%2C1000&ssl=1\",\"datePublished\":\"2025-03-20T09:02:54+00:00\",\"dateModified\":\"2025-03-20T09:02:54+00:00\",\"description\":\"S dimenzijama od 75 cm dubine i 45 cm visine, ovaj okrugli stoli\u0107 za kavu savr\u0161eno pristaje va\u0161oj dnevnoj sobi i nudi prakti\u010dno mjesto za zabavu ili rad. Kombinacija robusne iverice i jednodijelnih U-nogica izra\u0111enih od \u010delika osigurava sna\u017enu konstrukciju i daje ovom stoli\u0107u za kavu stabilno i izdr\u017eljivo dr\u017eanje. Zahvaljuju\u0107i jednostavnoj strukturi i jasnim uputama, stoli\u0107 za kavu mo\u017ee se sastaviti u tren oka, tako da mo\u017eete brzo u\u017eivati \u200b\u200bu njegovoj funkcionalnosti i stilu. Ko\u0161ara je izra\u0111ena od glatke, dvoslojne poliesterske tkanine i ima veliki kapacitet od 57,7 litara za uredno pohranjivanje va\u0161ih deka, jastuka, knjiga i drugih stvari. Stoli\u0107 za kavu unosi da\u0161ak elegancije u va\u0161u dnevnu sobu svojim modernim stilom i mo\u017ee se lako integrirati u mnoge stilove interijera.\",\"breadcrumb\":{\"@id\":\"https:\/\/inti.hr\/bs\/proizvod\/stolic-za-kavu-s-kosarom-od-tkanine\/#breadcrumb\"},\"inLanguage\":\"bs-BA\",\"potentialAction\":[{\"@type\":\"ReadAction\",\"target\":[\"https:\/\/inti.hr\/bs\/proizvod\/stolic-za-kavu-s-kosarom-od-tkanine\/\"]}]},{\"@type\":\"ImageObject\",\"inLanguage\":\"bs-BA\",\"@id\":\"https:\/\/inti.hr\/bs\/proizvod\/stolic-za-kavu-s-kosarom-od-tkanine\/#primaryimage\",\"url\":\"https:\/\/i0.wp.com\/inti.hr\/wp-content\/uploads\/2025\/03\/LCT244W10-2.jpg?fit=800%2C1000&ssl=1\",\"contentUrl\":\"https:\/\/i0.wp.com\/inti.hr\/wp-content\/uploads\/2025\/03\/LCT244W10-2.jpg?fit=800%2C1000&ssl=1\",\"width\":800,\"height\":1000,\"caption\":\"stoli\u0107 za kavu s ko\u0161arom od tkanine ink crne i \u0161kriljasto sive\"},{\"@type\":\"BreadcrumbList\",\"@id\":\"https:\/\/inti.hr\/bs\/proizvod\/stolic-za-kavu-s-kosarom-od-tkanine\/#breadcrumb\",\"itemListElement\":[{\"@type\":\"ListItem\",\"position\":1,\"name\":\"Po\u010detna stranica\",\"item\":\"https:\/\/inti.hr\/bs\/\"},{\"@type\":\"ListItem\",\"position\":2,\"name\":\"Trgovina\",\"item\":\"https:\/\/inti.hr\/bs\/trgovina\/\"},{\"@type\":\"ListItem\",\"position\":3,\"name\":\"Stoli\u0107 za kavu s ko\u0161arom od tkanine\"}]},{\"@type\":\"WebSite\",\"@id\":\"https:\/\/inti.hr\/bs\/#website\",\"url\":\"https:\/\/inti.hr\/bs\/\",\"name\":\"Inti\",\"description\":\"trgovina\",\"potentialAction\":[{\"@type\":\"SearchAction\",\"target\":{\"@type\":\"EntryPoint\",\"urlTemplate\":\"https:\/\/inti.hr\/bs\/?s={search_term_string}\"},\"query-input\":{\"@type\":\"PropertyValueSpecification\",\"valueRequired\":true,\"valueName\":\"search_term_string\"}}],\"inLanguage\":\"bs-BA\"}]}<\/script>\n<!-- \/ Yoast SEO plugin. -->","yoast_head_json":{"title":"Stoli\u0107 za kavu s ko\u0161arom od tkanine - Inti","description":"S dimenzijama od 75 cm dubine i 45 cm visine, ovaj okrugli stoli\u0107 za kavu savr\u0161eno pristaje va\u0161oj dnevnoj sobi i nudi prakti\u010dno mjesto za zabavu ili rad. Kombinacija robusne iverice i jednodijelnih U-nogica izra\u0111enih od \u010delika osigurava sna\u017enu konstrukciju i daje ovom stoli\u0107u za kavu stabilno i izdr\u017eljivo dr\u017eanje. Zahvaljuju\u0107i jednostavnoj strukturi i jasnim uputama, stoli\u0107 za kavu mo\u017ee se sastaviti u tren oka, tako da mo\u017eete brzo u\u017eivati \u200b\u200bu njegovoj funkcionalnosti i stilu. Ko\u0161ara je izra\u0111ena od glatke, dvoslojne poliesterske tkanine i ima veliki kapacitet od 57,7 litara za uredno pohranjivanje va\u0161ih deka, jastuka, knjiga i drugih stvari. Stoli\u0107 za kavu unosi da\u0161ak elegancije u va\u0161u dnevnu sobu svojim modernim stilom i mo\u017ee se lako integrirati u mnoge stilove interijera.","robots":{"index":"index","follow":"follow","max-snippet":"max-snippet:-1","max-image-preview":"max-image-preview:large","max-video-preview":"max-video-preview:-1"},"canonical":"https:\/\/inti.hr\/bs\/proizvod\/stolic-za-kavu-s-kosarom-od-tkanine\/","og_locale":"bs_BA","og_type":"article","og_title":"Stoli\u0107 za kavu s ko\u0161arom od tkanine - Inti","og_description":"S dimenzijama od 75 cm dubine i 45 cm visine, ovaj okrugli stoli\u0107 za kavu savr\u0161eno pristaje va\u0161oj dnevnoj sobi i nudi prakti\u010dno mjesto za zabavu ili rad. Kombinacija robusne iverice i jednodijelnih U-nogica izra\u0111enih od \u010delika osigurava sna\u017enu konstrukciju i daje ovom stoli\u0107u za kavu stabilno i izdr\u017eljivo dr\u017eanje. Zahvaljuju\u0107i jednostavnoj strukturi i jasnim uputama, stoli\u0107 za kavu mo\u017ee se sastaviti u tren oka, tako da mo\u017eete brzo u\u017eivati \u200b\u200bu njegovoj funkcionalnosti i stilu. Ko\u0161ara je izra\u0111ena od glatke, dvoslojne poliesterske tkanine i ima veliki kapacitet od 57,7 litara za uredno pohranjivanje va\u0161ih deka, jastuka, knjiga i drugih stvari. Stoli\u0107 za kavu unosi da\u0161ak elegancije u va\u0161u dnevnu sobu svojim modernim stilom i mo\u017ee se lako integrirati u mnoge stilove interijera.","og_url":"https:\/\/inti.hr\/bs\/proizvod\/stolic-za-kavu-s-kosarom-od-tkanine\/","og_site_name":"Inti","og_image":[{"width":800,"height":1000,"url":"https:\/\/i0.wp.com\/inti.hr\/wp-content\/uploads\/2025\/03\/LCT244W10-2.jpg?fit=800%2C1000&ssl=1","type":"image\/jpeg"}],"twitter_card":"summary_large_image","schema":{"@context":"https:\/\/schema.org","@graph":[{"@type":"WebPage","@id":"https:\/\/inti.hr\/bs\/proizvod\/stolic-za-kavu-s-kosarom-od-tkanine\/","url":"https:\/\/inti.hr\/bs\/proizvod\/stolic-za-kavu-s-kosarom-od-tkanine\/","name":"Stoli\u0107 za kavu s ko\u0161arom od tkanine - Inti","isPartOf":{"@id":"https:\/\/inti.hr\/bs\/#website"},"primaryImageOfPage":{"@id":"https:\/\/inti.hr\/bs\/proizvod\/stolic-za-kavu-s-kosarom-od-tkanine\/#primaryimage"},"image":{"@id":"https:\/\/inti.hr\/bs\/proizvod\/stolic-za-kavu-s-kosarom-od-tkanine\/#primaryimage"},"thumbnailUrl":"https:\/\/i0.wp.com\/inti.hr\/wp-content\/uploads\/2025\/03\/LCT244W10-2.jpg?fit=800%2C1000&ssl=1","datePublished":"2025-03-20T09:02:54+00:00","dateModified":"2025-03-20T09:02:54+00:00","description":"S dimenzijama od 75 cm dubine i 45 cm visine, ovaj okrugli stoli\u0107 za kavu savr\u0161eno pristaje va\u0161oj dnevnoj sobi i nudi prakti\u010dno mjesto za zabavu ili rad. Kombinacija robusne iverice i jednodijelnih U-nogica izra\u0111enih od \u010delika osigurava sna\u017enu konstrukciju i daje ovom stoli\u0107u za kavu stabilno i izdr\u017eljivo dr\u017eanje. Zahvaljuju\u0107i jednostavnoj strukturi i jasnim uputama, stoli\u0107 za kavu mo\u017ee se sastaviti u tren oka, tako da mo\u017eete brzo u\u017eivati \u200b\u200bu njegovoj funkcionalnosti i stilu. Ko\u0161ara je izra\u0111ena od glatke, dvoslojne poliesterske tkanine i ima veliki kapacitet od 57,7 litara za uredno pohranjivanje va\u0161ih deka, jastuka, knjiga i drugih stvari. Stoli\u0107 za kavu unosi da\u0161ak elegancije u va\u0161u dnevnu sobu svojim modernim stilom i mo\u017ee se lako integrirati u mnoge stilove interijera.","breadcrumb":{"@id":"https:\/\/inti.hr\/bs\/proizvod\/stolic-za-kavu-s-kosarom-od-tkanine\/#breadcrumb"},"inLanguage":"bs-BA","potentialAction":[{"@type":"ReadAction","target":["https:\/\/inti.hr\/bs\/proizvod\/stolic-za-kavu-s-kosarom-od-tkanine\/"]}]},{"@type":"ImageObject","inLanguage":"bs-BA","@id":"https:\/\/inti.hr\/bs\/proizvod\/stolic-za-kavu-s-kosarom-od-tkanine\/#primaryimage","url":"https:\/\/i0.wp.com\/inti.hr\/wp-content\/uploads\/2025\/03\/LCT244W10-2.jpg?fit=800%2C1000&ssl=1","contentUrl":"https:\/\/i0.wp.com\/inti.hr\/wp-content\/uploads\/2025\/03\/LCT244W10-2.jpg?fit=800%2C1000&ssl=1","width":800,"height":1000,"caption":"stoli\u0107 za kavu s ko\u0161arom od tkanine ink crne i \u0161kriljasto sive"},{"@type":"BreadcrumbList","@id":"https:\/\/inti.hr\/bs\/proizvod\/stolic-za-kavu-s-kosarom-od-tkanine\/#breadcrumb","itemListElement":[{"@type":"ListItem","position":1,"name":"Po\u010detna stranica","item":"https:\/\/inti.hr\/bs\/"},{"@type":"ListItem","position":2,"name":"Trgovina","item":"https:\/\/inti.hr\/bs\/trgovina\/"},{"@type":"ListItem","position":3,"name":"Stoli\u0107 za kavu s ko\u0161arom od tkanine"}]},{"@type":"WebSite","@id":"https:\/\/inti.hr\/bs\/#website","url":"https:\/\/inti.hr\/bs\/","name":"Inti","description":"trgovina","potentialAction":[{"@type":"SearchAction","target":{"@type":"EntryPoint","urlTemplate":"https:\/\/inti.hr\/bs\/?s={search_term_string}"},"query-input":{"@type":"PropertyValueSpecification","valueRequired":true,"valueName":"search_term_string"}}],"inLanguage":"bs-BA"}]}},"jetpack_sharing_enabled":true,"jetpack-related-posts":[],"_links":{"self":[{"href":"https:\/\/inti.hr\/bs\/wp-json\/wp\/v2\/product\/31355"}],"collection":[{"href":"https:\/\/inti.hr\/bs\/wp-json\/wp\/v2\/product"}],"about":[{"href":"https:\/\/inti.hr\/bs\/wp-json\/wp\/v2\/types\/product"}],"wp:featuredmedia":[{"embeddable":true,"href":"https:\/\/inti.hr\/bs\/wp-json\/wp\/v2\/media\/31356"}],"wp:attachment":[{"href":"https:\/\/inti.hr\/bs\/wp-json\/wp\/v2\/media?parent=31355"}],"wp:term":[{"taxonomy":"product_cat","embeddable":true,"href":"https:\/\/inti.hr\/bs\/wp-json\/wp\/v2\/product_cat?post=31355"},{"taxonomy":"product_tag","embeddable":true,"href":"https:\/\/inti.hr\/bs\/wp-json\/wp\/v2\/product_tag?post=31355"}],"curies":[{"name":"wp","href":"https:\/\/api.w.org\/{rel}","templated":true}]}}