{"id":31447,"date":"2025-03-16T10:35:44","date_gmt":"2025-03-16T09:35:44","guid":{"rendered":"https:\/\/inti.hr\/product\/viseca-mreza-s-podesivim-postoljem\/"},"modified":"2025-03-16T10:35:44","modified_gmt":"2025-03-16T09:35:44","slug":"viseca-mreza-s-podesivim-postoljem","status":"publish","type":"product","link":"https:\/\/inti.hr\/bs\/proizvod\/viseca-mreza-s-podesivim-postoljem\/","title":{"rendered":"Vise\u0107a mre\u017ea s podesivim postoljem"},"content":{"rendered":"<p>Detalji proizvoda:<\/p>\n<p>Boja: Crni okvir, be\u017e vise\u0107a mre\u017ea<\/p>\n<p>Materijal: metal, pamuk, poliester<\/p>\n<p>Veli\u010dina okvira: 300 x 90 x 95 cm (D x \u0160 x V)<\/p>\n<p>Veli\u010dina vise\u0107e mre\u017ee: 210 x 150 cm (D x \u0160)<\/p>\n<p>Te\u017eina: 13 kg<\/p>\n<p>Maksimalna stati\u010dka nosivost: 240 kgSONGMICS vise\u0107a mre\u017ea s podesivim postoljem<\/p>\n","protected":false},"excerpt":{"rendered":"<p>Sati opu\u0161tanja za dvoje: lezite u svoju vise\u0107u mre\u017eu sa svojom &#8230; <\/p>\n","protected":false},"featured_media":31448,"template":"","meta":[],"product_cat":[2452],"product_tag":[2968,2558],"yoast_head":"<!-- This site is optimized with the Yoast SEO plugin v23.7 - https:\/\/yoast.com\/wordpress\/plugins\/seo\/ -->\n<title>Vise\u0107a mre\u017ea s podesivim postoljem - Inti<\/title>\n<meta name=\"description\" content=\"Sati opu\u0161tanja za dvoje: lezite u svoju vise\u0107u mre\u017eu sa svojom boljom polovicom i gledajte zalazak sunca. Prozra\u010dna pamu\u010dno-poliesterska tkanina, nosivosti do 240 kg \u2013 ova vise\u0107a mre\u017ea idealna je za opu\u0161taju\u0107e dru\u017eenje! Sati opu\u0161tanja za dvoje: lezite u svoju vise\u0107u mre\u017eu sa svojom boljom polovicom i gledajte zalazak sunca. Prozra\u010dna pamu\u010dno-poliesterska tkanina, nosivosti do 240 kg \u2013 ova vise\u0107a mre\u017ea idealna je za opu\u0161taju\u0107e dru\u017eenje! U vrtu sa svojom djecom? Na terasi sa voljenom osobom? Stoga se po\u010dastite ovom vise\u0107om mre\u017eom s postoljem i stvorite oazu opu\u0161tanja. Tako\u0111er mo\u017eete ukloniti vise\u0107u mre\u017eu i koristiti je zasebno. Ne morate brinuti da \u0107e se postolje za vise\u0107u mre\u017eu prevrnuti. Produ\u017eene noge daju postolju dobru stabilnost. Samo lezite i opustite tijelo i du\u0161u. Va\u0161e dijete vas stalno pita kada postavljate stalak za vise\u0107u mre\u017eu jer to traje jako dugo. Ali ne s na\u0161im okvirom! Mo\u017ee se brzo sastaviti zahvaljuju\u0107i jednostavnoj strukturi, nije potreban nikakav alat.\" \/>\n<meta name=\"robots\" content=\"index, follow, max-snippet:-1, max-image-preview:large, max-video-preview:-1\" \/>\n<link rel=\"canonical\" href=\"https:\/\/inti.hr\/bs\/proizvod\/viseca-mreza-s-podesivim-postoljem\/\" \/>\n<meta property=\"og:locale\" content=\"bs_BA\" \/>\n<meta property=\"og:type\" content=\"article\" \/>\n<meta property=\"og:title\" content=\"Vise\u0107a mre\u017ea s podesivim postoljem - Inti\" \/>\n<meta property=\"og:description\" content=\"Sati opu\u0161tanja za dvoje: lezite u svoju vise\u0107u mre\u017eu sa svojom boljom polovicom i gledajte zalazak sunca. Prozra\u010dna pamu\u010dno-poliesterska tkanina, nosivosti do 240 kg \u2013 ova vise\u0107a mre\u017ea idealna je za opu\u0161taju\u0107e dru\u017eenje! Sati opu\u0161tanja za dvoje: lezite u svoju vise\u0107u mre\u017eu sa svojom boljom polovicom i gledajte zalazak sunca. Prozra\u010dna pamu\u010dno-poliesterska tkanina, nosivosti do 240 kg \u2013 ova vise\u0107a mre\u017ea idealna je za opu\u0161taju\u0107e dru\u017eenje! U vrtu sa svojom djecom? Na terasi sa voljenom osobom? Stoga se po\u010dastite ovom vise\u0107om mre\u017eom s postoljem i stvorite oazu opu\u0161tanja. Tako\u0111er mo\u017eete ukloniti vise\u0107u mre\u017eu i koristiti je zasebno. Ne morate brinuti da \u0107e se postolje za vise\u0107u mre\u017eu prevrnuti. Produ\u017eene noge daju postolju dobru stabilnost. Samo lezite i opustite tijelo i du\u0161u. Va\u0161e dijete vas stalno pita kada postavljate stalak za vise\u0107u mre\u017eu jer to traje jako dugo. Ali ne s na\u0161im okvirom! Mo\u017ee se brzo sastaviti zahvaljuju\u0107i jednostavnoj strukturi, nije potreban nikakav alat.\" \/>\n<meta property=\"og:url\" content=\"https:\/\/inti.hr\/bs\/proizvod\/viseca-mreza-s-podesivim-postoljem\/\" \/>\n<meta property=\"og:site_name\" content=\"Inti\" \/>\n<meta property=\"og:image\" content=\"https:\/\/i0.wp.com\/inti.hr\/wp-content\/uploads\/2025\/03\/GHS001M01-1-1.jpg?fit=1000%2C1000&ssl=1\" \/>\n\t<meta property=\"og:image:width\" content=\"1000\" \/>\n\t<meta property=\"og:image:height\" content=\"1000\" \/>\n\t<meta property=\"og:image:type\" content=\"image\/jpeg\" \/>\n<meta name=\"twitter:card\" content=\"summary_large_image\" \/>\n<script type=\"application\/ld+json\" class=\"yoast-schema-graph\">{\"@context\":\"https:\/\/schema.org\",\"@graph\":[{\"@type\":\"WebPage\",\"@id\":\"https:\/\/inti.hr\/bs\/proizvod\/viseca-mreza-s-podesivim-postoljem\/\",\"url\":\"https:\/\/inti.hr\/bs\/proizvod\/viseca-mreza-s-podesivim-postoljem\/\",\"name\":\"Vise\u0107a mre\u017ea s podesivim postoljem - Inti\",\"isPartOf\":{\"@id\":\"https:\/\/inti.hr\/bs\/#website\"},\"primaryImageOfPage\":{\"@id\":\"https:\/\/inti.hr\/bs\/proizvod\/viseca-mreza-s-podesivim-postoljem\/#primaryimage\"},\"image\":{\"@id\":\"https:\/\/inti.hr\/bs\/proizvod\/viseca-mreza-s-podesivim-postoljem\/#primaryimage\"},\"thumbnailUrl\":\"https:\/\/i0.wp.com\/inti.hr\/wp-content\/uploads\/2025\/03\/GHS001M01-1-1.jpg?fit=1000%2C1000&ssl=1\",\"datePublished\":\"2025-03-16T09:35:44+00:00\",\"dateModified\":\"2025-03-16T09:35:44+00:00\",\"description\":\"Sati opu\u0161tanja za dvoje: lezite u svoju vise\u0107u mre\u017eu sa svojom boljom polovicom i gledajte zalazak sunca. Prozra\u010dna pamu\u010dno-poliesterska tkanina, nosivosti do 240 kg \u2013 ova vise\u0107a mre\u017ea idealna je za opu\u0161taju\u0107e dru\u017eenje! Sati opu\u0161tanja za dvoje: lezite u svoju vise\u0107u mre\u017eu sa svojom boljom polovicom i gledajte zalazak sunca. Prozra\u010dna pamu\u010dno-poliesterska tkanina, nosivosti do 240 kg \u2013 ova vise\u0107a mre\u017ea idealna je za opu\u0161taju\u0107e dru\u017eenje! U vrtu sa svojom djecom? Na terasi sa voljenom osobom? Stoga se po\u010dastite ovom vise\u0107om mre\u017eom s postoljem i stvorite oazu opu\u0161tanja. Tako\u0111er mo\u017eete ukloniti vise\u0107u mre\u017eu i koristiti je zasebno. Ne morate brinuti da \u0107e se postolje za vise\u0107u mre\u017eu prevrnuti. Produ\u017eene noge daju postolju dobru stabilnost. Samo lezite i opustite tijelo i du\u0161u. Va\u0161e dijete vas stalno pita kada postavljate stalak za vise\u0107u mre\u017eu jer to traje jako dugo. Ali ne s na\u0161im okvirom! Mo\u017ee se brzo sastaviti zahvaljuju\u0107i jednostavnoj strukturi, nije potreban nikakav alat.\",\"breadcrumb\":{\"@id\":\"https:\/\/inti.hr\/bs\/proizvod\/viseca-mreza-s-podesivim-postoljem\/#breadcrumb\"},\"inLanguage\":\"bs-BA\",\"potentialAction\":[{\"@type\":\"ReadAction\",\"target\":[\"https:\/\/inti.hr\/bs\/proizvod\/viseca-mreza-s-podesivim-postoljem\/\"]}]},{\"@type\":\"ImageObject\",\"inLanguage\":\"bs-BA\",\"@id\":\"https:\/\/inti.hr\/bs\/proizvod\/viseca-mreza-s-podesivim-postoljem\/#primaryimage\",\"url\":\"https:\/\/i0.wp.com\/inti.hr\/wp-content\/uploads\/2025\/03\/GHS001M01-1-1.jpg?fit=1000%2C1000&ssl=1\",\"contentUrl\":\"https:\/\/i0.wp.com\/inti.hr\/wp-content\/uploads\/2025\/03\/GHS001M01-1-1.jpg?fit=1000%2C1000&ssl=1\",\"width\":1000,\"height\":1000,\"caption\":\"SONGMICS vise\u0107a mre\u017ea s podesivim postoljem\"},{\"@type\":\"BreadcrumbList\",\"@id\":\"https:\/\/inti.hr\/bs\/proizvod\/viseca-mreza-s-podesivim-postoljem\/#breadcrumb\",\"itemListElement\":[{\"@type\":\"ListItem\",\"position\":1,\"name\":\"Po\u010detna stranica\",\"item\":\"https:\/\/inti.hr\/bs\/\"},{\"@type\":\"ListItem\",\"position\":2,\"name\":\"Trgovina\",\"item\":\"https:\/\/inti.hr\/bs\/trgovina\/\"},{\"@type\":\"ListItem\",\"position\":3,\"name\":\"Vise\u0107a mre\u017ea s podesivim postoljem\"}]},{\"@type\":\"WebSite\",\"@id\":\"https:\/\/inti.hr\/bs\/#website\",\"url\":\"https:\/\/inti.hr\/bs\/\",\"name\":\"Inti\",\"description\":\"trgovina\",\"potentialAction\":[{\"@type\":\"SearchAction\",\"target\":{\"@type\":\"EntryPoint\",\"urlTemplate\":\"https:\/\/inti.hr\/bs\/?s={search_term_string}\"},\"query-input\":{\"@type\":\"PropertyValueSpecification\",\"valueRequired\":true,\"valueName\":\"search_term_string\"}}],\"inLanguage\":\"bs-BA\"}]}<\/script>\n<!-- \/ Yoast SEO plugin. -->","yoast_head_json":{"title":"Vise\u0107a mre\u017ea s podesivim postoljem - Inti","description":"Sati opu\u0161tanja za dvoje: lezite u svoju vise\u0107u mre\u017eu sa svojom boljom polovicom i gledajte zalazak sunca. Prozra\u010dna pamu\u010dno-poliesterska tkanina, nosivosti do 240 kg \u2013 ova vise\u0107a mre\u017ea idealna je za opu\u0161taju\u0107e dru\u017eenje! Sati opu\u0161tanja za dvoje: lezite u svoju vise\u0107u mre\u017eu sa svojom boljom polovicom i gledajte zalazak sunca. Prozra\u010dna pamu\u010dno-poliesterska tkanina, nosivosti do 240 kg \u2013 ova vise\u0107a mre\u017ea idealna je za opu\u0161taju\u0107e dru\u017eenje! U vrtu sa svojom djecom? Na terasi sa voljenom osobom? Stoga se po\u010dastite ovom vise\u0107om mre\u017eom s postoljem i stvorite oazu opu\u0161tanja. Tako\u0111er mo\u017eete ukloniti vise\u0107u mre\u017eu i koristiti je zasebno. Ne morate brinuti da \u0107e se postolje za vise\u0107u mre\u017eu prevrnuti. Produ\u017eene noge daju postolju dobru stabilnost. Samo lezite i opustite tijelo i du\u0161u. Va\u0161e dijete vas stalno pita kada postavljate stalak za vise\u0107u mre\u017eu jer to traje jako dugo. Ali ne s na\u0161im okvirom! Mo\u017ee se brzo sastaviti zahvaljuju\u0107i jednostavnoj strukturi, nije potreban nikakav alat.","robots":{"index":"index","follow":"follow","max-snippet":"max-snippet:-1","max-image-preview":"max-image-preview:large","max-video-preview":"max-video-preview:-1"},"canonical":"https:\/\/inti.hr\/bs\/proizvod\/viseca-mreza-s-podesivim-postoljem\/","og_locale":"bs_BA","og_type":"article","og_title":"Vise\u0107a mre\u017ea s podesivim postoljem - Inti","og_description":"Sati opu\u0161tanja za dvoje: lezite u svoju vise\u0107u mre\u017eu sa svojom boljom polovicom i gledajte zalazak sunca. Prozra\u010dna pamu\u010dno-poliesterska tkanina, nosivosti do 240 kg \u2013 ova vise\u0107a mre\u017ea idealna je za opu\u0161taju\u0107e dru\u017eenje! Sati opu\u0161tanja za dvoje: lezite u svoju vise\u0107u mre\u017eu sa svojom boljom polovicom i gledajte zalazak sunca. Prozra\u010dna pamu\u010dno-poliesterska tkanina, nosivosti do 240 kg \u2013 ova vise\u0107a mre\u017ea idealna je za opu\u0161taju\u0107e dru\u017eenje! U vrtu sa svojom djecom? Na terasi sa voljenom osobom? Stoga se po\u010dastite ovom vise\u0107om mre\u017eom s postoljem i stvorite oazu opu\u0161tanja. Tako\u0111er mo\u017eete ukloniti vise\u0107u mre\u017eu i koristiti je zasebno. Ne morate brinuti da \u0107e se postolje za vise\u0107u mre\u017eu prevrnuti. Produ\u017eene noge daju postolju dobru stabilnost. Samo lezite i opustite tijelo i du\u0161u. Va\u0161e dijete vas stalno pita kada postavljate stalak za vise\u0107u mre\u017eu jer to traje jako dugo. Ali ne s na\u0161im okvirom! Mo\u017ee se brzo sastaviti zahvaljuju\u0107i jednostavnoj strukturi, nije potreban nikakav alat.","og_url":"https:\/\/inti.hr\/bs\/proizvod\/viseca-mreza-s-podesivim-postoljem\/","og_site_name":"Inti","og_image":[{"width":1000,"height":1000,"url":"https:\/\/i0.wp.com\/inti.hr\/wp-content\/uploads\/2025\/03\/GHS001M01-1-1.jpg?fit=1000%2C1000&ssl=1","type":"image\/jpeg"}],"twitter_card":"summary_large_image","schema":{"@context":"https:\/\/schema.org","@graph":[{"@type":"WebPage","@id":"https:\/\/inti.hr\/bs\/proizvod\/viseca-mreza-s-podesivim-postoljem\/","url":"https:\/\/inti.hr\/bs\/proizvod\/viseca-mreza-s-podesivim-postoljem\/","name":"Vise\u0107a mre\u017ea s podesivim postoljem - Inti","isPartOf":{"@id":"https:\/\/inti.hr\/bs\/#website"},"primaryImageOfPage":{"@id":"https:\/\/inti.hr\/bs\/proizvod\/viseca-mreza-s-podesivim-postoljem\/#primaryimage"},"image":{"@id":"https:\/\/inti.hr\/bs\/proizvod\/viseca-mreza-s-podesivim-postoljem\/#primaryimage"},"thumbnailUrl":"https:\/\/i0.wp.com\/inti.hr\/wp-content\/uploads\/2025\/03\/GHS001M01-1-1.jpg?fit=1000%2C1000&ssl=1","datePublished":"2025-03-16T09:35:44+00:00","dateModified":"2025-03-16T09:35:44+00:00","description":"Sati opu\u0161tanja za dvoje: lezite u svoju vise\u0107u mre\u017eu sa svojom boljom polovicom i gledajte zalazak sunca. Prozra\u010dna pamu\u010dno-poliesterska tkanina, nosivosti do 240 kg \u2013 ova vise\u0107a mre\u017ea idealna je za opu\u0161taju\u0107e dru\u017eenje! Sati opu\u0161tanja za dvoje: lezite u svoju vise\u0107u mre\u017eu sa svojom boljom polovicom i gledajte zalazak sunca. Prozra\u010dna pamu\u010dno-poliesterska tkanina, nosivosti do 240 kg \u2013 ova vise\u0107a mre\u017ea idealna je za opu\u0161taju\u0107e dru\u017eenje! U vrtu sa svojom djecom? Na terasi sa voljenom osobom? Stoga se po\u010dastite ovom vise\u0107om mre\u017eom s postoljem i stvorite oazu opu\u0161tanja. Tako\u0111er mo\u017eete ukloniti vise\u0107u mre\u017eu i koristiti je zasebno. Ne morate brinuti da \u0107e se postolje za vise\u0107u mre\u017eu prevrnuti. Produ\u017eene noge daju postolju dobru stabilnost. Samo lezite i opustite tijelo i du\u0161u. Va\u0161e dijete vas stalno pita kada postavljate stalak za vise\u0107u mre\u017eu jer to traje jako dugo. Ali ne s na\u0161im okvirom! Mo\u017ee se brzo sastaviti zahvaljuju\u0107i jednostavnoj strukturi, nije potreban nikakav alat.","breadcrumb":{"@id":"https:\/\/inti.hr\/bs\/proizvod\/viseca-mreza-s-podesivim-postoljem\/#breadcrumb"},"inLanguage":"bs-BA","potentialAction":[{"@type":"ReadAction","target":["https:\/\/inti.hr\/bs\/proizvod\/viseca-mreza-s-podesivim-postoljem\/"]}]},{"@type":"ImageObject","inLanguage":"bs-BA","@id":"https:\/\/inti.hr\/bs\/proizvod\/viseca-mreza-s-podesivim-postoljem\/#primaryimage","url":"https:\/\/i0.wp.com\/inti.hr\/wp-content\/uploads\/2025\/03\/GHS001M01-1-1.jpg?fit=1000%2C1000&ssl=1","contentUrl":"https:\/\/i0.wp.com\/inti.hr\/wp-content\/uploads\/2025\/03\/GHS001M01-1-1.jpg?fit=1000%2C1000&ssl=1","width":1000,"height":1000,"caption":"SONGMICS vise\u0107a mre\u017ea s podesivim postoljem"},{"@type":"BreadcrumbList","@id":"https:\/\/inti.hr\/bs\/proizvod\/viseca-mreza-s-podesivim-postoljem\/#breadcrumb","itemListElement":[{"@type":"ListItem","position":1,"name":"Po\u010detna stranica","item":"https:\/\/inti.hr\/bs\/"},{"@type":"ListItem","position":2,"name":"Trgovina","item":"https:\/\/inti.hr\/bs\/trgovina\/"},{"@type":"ListItem","position":3,"name":"Vise\u0107a mre\u017ea s podesivim postoljem"}]},{"@type":"WebSite","@id":"https:\/\/inti.hr\/bs\/#website","url":"https:\/\/inti.hr\/bs\/","name":"Inti","description":"trgovina","potentialAction":[{"@type":"SearchAction","target":{"@type":"EntryPoint","urlTemplate":"https:\/\/inti.hr\/bs\/?s={search_term_string}"},"query-input":{"@type":"PropertyValueSpecification","valueRequired":true,"valueName":"search_term_string"}}],"inLanguage":"bs-BA"}]}},"jetpack_sharing_enabled":true,"jetpack-related-posts":[],"_links":{"self":[{"href":"https:\/\/inti.hr\/bs\/wp-json\/wp\/v2\/product\/31447"}],"collection":[{"href":"https:\/\/inti.hr\/bs\/wp-json\/wp\/v2\/product"}],"about":[{"href":"https:\/\/inti.hr\/bs\/wp-json\/wp\/v2\/types\/product"}],"wp:featuredmedia":[{"embeddable":true,"href":"https:\/\/inti.hr\/bs\/wp-json\/wp\/v2\/media\/31448"}],"wp:attachment":[{"href":"https:\/\/inti.hr\/bs\/wp-json\/wp\/v2\/media?parent=31447"}],"wp:term":[{"taxonomy":"product_cat","embeddable":true,"href":"https:\/\/inti.hr\/bs\/wp-json\/wp\/v2\/product_cat?post=31447"},{"taxonomy":"product_tag","embeddable":true,"href":"https:\/\/inti.hr\/bs\/wp-json\/wp\/v2\/product_tag?post=31447"}],"curies":[{"name":"wp","href":"https:\/\/api.w.org\/{rel}","templated":true}]}}