{"id":31463,"date":"2025-03-13T16:19:26","date_gmt":"2025-03-13T15:19:26","guid":{"rendered":"https:\/\/inti.hr\/product\/kuhinjska-komoda-112x40x89cm\/"},"modified":"2025-03-13T16:19:26","modified_gmt":"2025-03-13T15:19:26","slug":"kuhinjska-komoda-112x40x89cm","status":"publish","type":"product","link":"https:\/\/inti.hr\/bs\/proizvod\/kuhinjska-komoda-112x40x89cm\/","title":{"rendered":"Kuhinjska komoda 112x40x89cm"},"content":{"rendered":"<p>Detalji proizvoda:<\/p>\n<p>Te\u017eina: oko 46,2 kg<br \/>\nTestirano za: 102 kg<br \/>\nMaterijal: MDF, PB (E1)<br \/>\nDimenzije proizvoda: 112x40x89 cm (vidi sliku)<br \/>\nIsporuka: u 2 paketa<br \/>\nDimenzije paketa A: 124,5x47x12 cm.<br \/>\nDimenzije paketa B: 74x46x22 cm.<br \/>\nS uputama za sastavljanje i vijcima. Jednostavna instalacija.<\/p>\n","protected":false},"excerpt":{"rendered":"<p>Ovaj proizvod dolazi u pakiranju sa\u0107a koje se mo\u017ee 100% reciklirati, &#8230; <\/p>\n","protected":false},"featured_media":31464,"template":"","meta":[],"product_cat":[2536],"product_tag":[2537,2972],"yoast_head":"<!-- This site is optimized with the Yoast SEO plugin v23.7 - https:\/\/yoast.com\/wordpress\/plugins\/seo\/ -->\n<title>Kuhinjska komoda 112x40x89cm - Inti<\/title>\n<meta name=\"description\" content=\"Ovaj proizvod dolazi u pakiranju sa\u0107a koje se mo\u017ee 100% reciklirati, \u0161to ga \u010dini sigurnim i pouzdanim za kori\u0161tenje. S uputama za sastavljanje i vijcima. Jednostavna instalacija. Ovaj visokokvalitetni komad namje\u0161taja impresionira svojim vintage izgledom, upotpunjenim modernim crnim detaljima na vrhu. Kombinacija prakti\u010dnog skladi\u0161nog prostora i atraktivnog dizajna \u010dini ovaj komad namje\u0161taja vrijednim komadom namje\u0161taja za svaki dnevni boravak.S dimenzijama od 112x40x89 cm nudi dovoljno prostora za pohranu za va\u0161e \u017eivotne potrebe.Tri ladice i troja vrata pru\u017eaju dovoljno prostora za pohranu raznih predmeta.Zahvaljuju\u0107i otvoru za kabel na stra\u017enjoj strani ormari\u0107a, mogu\u0107e je sakriti mikrovalnu pe\u0107nicu u sredi\u0161nji odjeljak.Mo\u017ee se koristiti kao stalak za TV, kuhinjski ormari\u0107 ili bo\u010dni ormari\u0107, sa \u010dvrstom povr\u0161inom za ukrase ili ure\u0111aje.Prednji dizajn s horizontalnim letvicama daje namje\u0161taju poseban \u0161tih.Dvoja staklena vrata nude elegantan pogled na unutra\u0161njost, dok pretinci iza masivnih drvenih vrata pru\u017eaju diskretne mogu\u0107nosti odlaganja\" \/>\n<meta name=\"robots\" content=\"index, follow, max-snippet:-1, max-image-preview:large, max-video-preview:-1\" \/>\n<link rel=\"canonical\" href=\"https:\/\/inti.hr\/bs\/proizvod\/kuhinjska-komoda-112x40x89cm\/\" \/>\n<meta property=\"og:locale\" content=\"bs_BA\" \/>\n<meta property=\"og:type\" content=\"article\" \/>\n<meta property=\"og:title\" content=\"Kuhinjska komoda 112x40x89cm - Inti\" \/>\n<meta property=\"og:description\" content=\"Ovaj proizvod dolazi u pakiranju sa\u0107a koje se mo\u017ee 100% reciklirati, \u0161to ga \u010dini sigurnim i pouzdanim za kori\u0161tenje. S uputama za sastavljanje i vijcima. Jednostavna instalacija. Ovaj visokokvalitetni komad namje\u0161taja impresionira svojim vintage izgledom, upotpunjenim modernim crnim detaljima na vrhu. Kombinacija prakti\u010dnog skladi\u0161nog prostora i atraktivnog dizajna \u010dini ovaj komad namje\u0161taja vrijednim komadom namje\u0161taja za svaki dnevni boravak.S dimenzijama od 112x40x89 cm nudi dovoljno prostora za pohranu za va\u0161e \u017eivotne potrebe.Tri ladice i troja vrata pru\u017eaju dovoljno prostora za pohranu raznih predmeta.Zahvaljuju\u0107i otvoru za kabel na stra\u017enjoj strani ormari\u0107a, mogu\u0107e je sakriti mikrovalnu pe\u0107nicu u sredi\u0161nji odjeljak.Mo\u017ee se koristiti kao stalak za TV, kuhinjski ormari\u0107 ili bo\u010dni ormari\u0107, sa \u010dvrstom povr\u0161inom za ukrase ili ure\u0111aje.Prednji dizajn s horizontalnim letvicama daje namje\u0161taju poseban \u0161tih.Dvoja staklena vrata nude elegantan pogled na unutra\u0161njost, dok pretinci iza masivnih drvenih vrata pru\u017eaju diskretne mogu\u0107nosti odlaganja\" \/>\n<meta property=\"og:url\" content=\"https:\/\/inti.hr\/bs\/proizvod\/kuhinjska-komoda-112x40x89cm\/\" \/>\n<meta property=\"og:site_name\" content=\"Inti\" \/>\n<meta property=\"og:image\" content=\"https:\/\/i0.wp.com\/inti.hr\/wp-content\/uploads\/2025\/03\/FSB99-N-S002_1800x1800.webp?fit=1600%2C1600&ssl=1\" \/>\n\t<meta property=\"og:image:width\" content=\"1600\" \/>\n\t<meta property=\"og:image:height\" content=\"1600\" \/>\n\t<meta property=\"og:image:type\" content=\"image\/webp\" \/>\n<meta name=\"twitter:card\" content=\"summary_large_image\" \/>\n<script type=\"application\/ld+json\" class=\"yoast-schema-graph\">{\"@context\":\"https:\/\/schema.org\",\"@graph\":[{\"@type\":\"WebPage\",\"@id\":\"https:\/\/inti.hr\/bs\/proizvod\/kuhinjska-komoda-112x40x89cm\/\",\"url\":\"https:\/\/inti.hr\/bs\/proizvod\/kuhinjska-komoda-112x40x89cm\/\",\"name\":\"Kuhinjska komoda 112x40x89cm - Inti\",\"isPartOf\":{\"@id\":\"https:\/\/inti.hr\/bs\/#website\"},\"primaryImageOfPage\":{\"@id\":\"https:\/\/inti.hr\/bs\/proizvod\/kuhinjska-komoda-112x40x89cm\/#primaryimage\"},\"image\":{\"@id\":\"https:\/\/inti.hr\/bs\/proizvod\/kuhinjska-komoda-112x40x89cm\/#primaryimage\"},\"thumbnailUrl\":\"https:\/\/i0.wp.com\/inti.hr\/wp-content\/uploads\/2025\/03\/FSB99-N-S002_1800x1800.webp?fit=1600%2C1600&ssl=1\",\"datePublished\":\"2025-03-13T15:19:26+00:00\",\"dateModified\":\"2025-03-13T15:19:26+00:00\",\"description\":\"Ovaj proizvod dolazi u pakiranju sa\u0107a koje se mo\u017ee 100% reciklirati, \u0161to ga \u010dini sigurnim i pouzdanim za kori\u0161tenje. S uputama za sastavljanje i vijcima. Jednostavna instalacija. Ovaj visokokvalitetni komad namje\u0161taja impresionira svojim vintage izgledom, upotpunjenim modernim crnim detaljima na vrhu. Kombinacija prakti\u010dnog skladi\u0161nog prostora i atraktivnog dizajna \u010dini ovaj komad namje\u0161taja vrijednim komadom namje\u0161taja za svaki dnevni boravak.S dimenzijama od 112x40x89 cm nudi dovoljno prostora za pohranu za va\u0161e \u017eivotne potrebe.Tri ladice i troja vrata pru\u017eaju dovoljno prostora za pohranu raznih predmeta.Zahvaljuju\u0107i otvoru za kabel na stra\u017enjoj strani ormari\u0107a, mogu\u0107e je sakriti mikrovalnu pe\u0107nicu u sredi\u0161nji odjeljak.Mo\u017ee se koristiti kao stalak za TV, kuhinjski ormari\u0107 ili bo\u010dni ormari\u0107, sa \u010dvrstom povr\u0161inom za ukrase ili ure\u0111aje.Prednji dizajn s horizontalnim letvicama daje namje\u0161taju poseban \u0161tih.Dvoja staklena vrata nude elegantan pogled na unutra\u0161njost, dok pretinci iza masivnih drvenih vrata pru\u017eaju diskretne mogu\u0107nosti odlaganja\",\"breadcrumb\":{\"@id\":\"https:\/\/inti.hr\/bs\/proizvod\/kuhinjska-komoda-112x40x89cm\/#breadcrumb\"},\"inLanguage\":\"bs-BA\",\"potentialAction\":[{\"@type\":\"ReadAction\",\"target\":[\"https:\/\/inti.hr\/bs\/proizvod\/kuhinjska-komoda-112x40x89cm\/\"]}]},{\"@type\":\"ImageObject\",\"inLanguage\":\"bs-BA\",\"@id\":\"https:\/\/inti.hr\/bs\/proizvod\/kuhinjska-komoda-112x40x89cm\/#primaryimage\",\"url\":\"https:\/\/i0.wp.com\/inti.hr\/wp-content\/uploads\/2025\/03\/FSB99-N-S002_1800x1800.webp?fit=1600%2C1600&ssl=1\",\"contentUrl\":\"https:\/\/i0.wp.com\/inti.hr\/wp-content\/uploads\/2025\/03\/FSB99-N-S002_1800x1800.webp?fit=1600%2C1600&ssl=1\",\"width\":1600,\"height\":1600,\"caption\":\"SoBuy Kuhinjska komoda 112x40x89cm FSB99-N\"},{\"@type\":\"BreadcrumbList\",\"@id\":\"https:\/\/inti.hr\/bs\/proizvod\/kuhinjska-komoda-112x40x89cm\/#breadcrumb\",\"itemListElement\":[{\"@type\":\"ListItem\",\"position\":1,\"name\":\"Po\u010detna stranica\",\"item\":\"https:\/\/inti.hr\/bs\/\"},{\"@type\":\"ListItem\",\"position\":2,\"name\":\"Trgovina\",\"item\":\"https:\/\/inti.hr\/bs\/trgovina\/\"},{\"@type\":\"ListItem\",\"position\":3,\"name\":\"Kuhinjska komoda 112x40x89cm\"}]},{\"@type\":\"WebSite\",\"@id\":\"https:\/\/inti.hr\/bs\/#website\",\"url\":\"https:\/\/inti.hr\/bs\/\",\"name\":\"Inti\",\"description\":\"trgovina\",\"potentialAction\":[{\"@type\":\"SearchAction\",\"target\":{\"@type\":\"EntryPoint\",\"urlTemplate\":\"https:\/\/inti.hr\/bs\/?s={search_term_string}\"},\"query-input\":{\"@type\":\"PropertyValueSpecification\",\"valueRequired\":true,\"valueName\":\"search_term_string\"}}],\"inLanguage\":\"bs-BA\"}]}<\/script>\n<!-- \/ Yoast SEO plugin. -->","yoast_head_json":{"title":"Kuhinjska komoda 112x40x89cm - Inti","description":"Ovaj proizvod dolazi u pakiranju sa\u0107a koje se mo\u017ee 100% reciklirati, \u0161to ga \u010dini sigurnim i pouzdanim za kori\u0161tenje. S uputama za sastavljanje i vijcima. Jednostavna instalacija. Ovaj visokokvalitetni komad namje\u0161taja impresionira svojim vintage izgledom, upotpunjenim modernim crnim detaljima na vrhu. Kombinacija prakti\u010dnog skladi\u0161nog prostora i atraktivnog dizajna \u010dini ovaj komad namje\u0161taja vrijednim komadom namje\u0161taja za svaki dnevni boravak.S dimenzijama od 112x40x89 cm nudi dovoljno prostora za pohranu za va\u0161e \u017eivotne potrebe.Tri ladice i troja vrata pru\u017eaju dovoljno prostora za pohranu raznih predmeta.Zahvaljuju\u0107i otvoru za kabel na stra\u017enjoj strani ormari\u0107a, mogu\u0107e je sakriti mikrovalnu pe\u0107nicu u sredi\u0161nji odjeljak.Mo\u017ee se koristiti kao stalak za TV, kuhinjski ormari\u0107 ili bo\u010dni ormari\u0107, sa \u010dvrstom povr\u0161inom za ukrase ili ure\u0111aje.Prednji dizajn s horizontalnim letvicama daje namje\u0161taju poseban \u0161tih.Dvoja staklena vrata nude elegantan pogled na unutra\u0161njost, dok pretinci iza masivnih drvenih vrata pru\u017eaju diskretne mogu\u0107nosti odlaganja","robots":{"index":"index","follow":"follow","max-snippet":"max-snippet:-1","max-image-preview":"max-image-preview:large","max-video-preview":"max-video-preview:-1"},"canonical":"https:\/\/inti.hr\/bs\/proizvod\/kuhinjska-komoda-112x40x89cm\/","og_locale":"bs_BA","og_type":"article","og_title":"Kuhinjska komoda 112x40x89cm - Inti","og_description":"Ovaj proizvod dolazi u pakiranju sa\u0107a koje se mo\u017ee 100% reciklirati, \u0161to ga \u010dini sigurnim i pouzdanim za kori\u0161tenje. S uputama za sastavljanje i vijcima. Jednostavna instalacija. Ovaj visokokvalitetni komad namje\u0161taja impresionira svojim vintage izgledom, upotpunjenim modernim crnim detaljima na vrhu. Kombinacija prakti\u010dnog skladi\u0161nog prostora i atraktivnog dizajna \u010dini ovaj komad namje\u0161taja vrijednim komadom namje\u0161taja za svaki dnevni boravak.S dimenzijama od 112x40x89 cm nudi dovoljno prostora za pohranu za va\u0161e \u017eivotne potrebe.Tri ladice i troja vrata pru\u017eaju dovoljno prostora za pohranu raznih predmeta.Zahvaljuju\u0107i otvoru za kabel na stra\u017enjoj strani ormari\u0107a, mogu\u0107e je sakriti mikrovalnu pe\u0107nicu u sredi\u0161nji odjeljak.Mo\u017ee se koristiti kao stalak za TV, kuhinjski ormari\u0107 ili bo\u010dni ormari\u0107, sa \u010dvrstom povr\u0161inom za ukrase ili ure\u0111aje.Prednji dizajn s horizontalnim letvicama daje namje\u0161taju poseban \u0161tih.Dvoja staklena vrata nude elegantan pogled na unutra\u0161njost, dok pretinci iza masivnih drvenih vrata pru\u017eaju diskretne mogu\u0107nosti odlaganja","og_url":"https:\/\/inti.hr\/bs\/proizvod\/kuhinjska-komoda-112x40x89cm\/","og_site_name":"Inti","og_image":[{"width":1600,"height":1600,"url":"https:\/\/i0.wp.com\/inti.hr\/wp-content\/uploads\/2025\/03\/FSB99-N-S002_1800x1800.webp?fit=1600%2C1600&ssl=1","type":"image\/webp"}],"twitter_card":"summary_large_image","schema":{"@context":"https:\/\/schema.org","@graph":[{"@type":"WebPage","@id":"https:\/\/inti.hr\/bs\/proizvod\/kuhinjska-komoda-112x40x89cm\/","url":"https:\/\/inti.hr\/bs\/proizvod\/kuhinjska-komoda-112x40x89cm\/","name":"Kuhinjska komoda 112x40x89cm - Inti","isPartOf":{"@id":"https:\/\/inti.hr\/bs\/#website"},"primaryImageOfPage":{"@id":"https:\/\/inti.hr\/bs\/proizvod\/kuhinjska-komoda-112x40x89cm\/#primaryimage"},"image":{"@id":"https:\/\/inti.hr\/bs\/proizvod\/kuhinjska-komoda-112x40x89cm\/#primaryimage"},"thumbnailUrl":"https:\/\/i0.wp.com\/inti.hr\/wp-content\/uploads\/2025\/03\/FSB99-N-S002_1800x1800.webp?fit=1600%2C1600&ssl=1","datePublished":"2025-03-13T15:19:26+00:00","dateModified":"2025-03-13T15:19:26+00:00","description":"Ovaj proizvod dolazi u pakiranju sa\u0107a koje se mo\u017ee 100% reciklirati, \u0161to ga \u010dini sigurnim i pouzdanim za kori\u0161tenje. S uputama za sastavljanje i vijcima. Jednostavna instalacija. Ovaj visokokvalitetni komad namje\u0161taja impresionira svojim vintage izgledom, upotpunjenim modernim crnim detaljima na vrhu. Kombinacija prakti\u010dnog skladi\u0161nog prostora i atraktivnog dizajna \u010dini ovaj komad namje\u0161taja vrijednim komadom namje\u0161taja za svaki dnevni boravak.S dimenzijama od 112x40x89 cm nudi dovoljno prostora za pohranu za va\u0161e \u017eivotne potrebe.Tri ladice i troja vrata pru\u017eaju dovoljno prostora za pohranu raznih predmeta.Zahvaljuju\u0107i otvoru za kabel na stra\u017enjoj strani ormari\u0107a, mogu\u0107e je sakriti mikrovalnu pe\u0107nicu u sredi\u0161nji odjeljak.Mo\u017ee se koristiti kao stalak za TV, kuhinjski ormari\u0107 ili bo\u010dni ormari\u0107, sa \u010dvrstom povr\u0161inom za ukrase ili ure\u0111aje.Prednji dizajn s horizontalnim letvicama daje namje\u0161taju poseban \u0161tih.Dvoja staklena vrata nude elegantan pogled na unutra\u0161njost, dok pretinci iza masivnih drvenih vrata pru\u017eaju diskretne mogu\u0107nosti odlaganja","breadcrumb":{"@id":"https:\/\/inti.hr\/bs\/proizvod\/kuhinjska-komoda-112x40x89cm\/#breadcrumb"},"inLanguage":"bs-BA","potentialAction":[{"@type":"ReadAction","target":["https:\/\/inti.hr\/bs\/proizvod\/kuhinjska-komoda-112x40x89cm\/"]}]},{"@type":"ImageObject","inLanguage":"bs-BA","@id":"https:\/\/inti.hr\/bs\/proizvod\/kuhinjska-komoda-112x40x89cm\/#primaryimage","url":"https:\/\/i0.wp.com\/inti.hr\/wp-content\/uploads\/2025\/03\/FSB99-N-S002_1800x1800.webp?fit=1600%2C1600&ssl=1","contentUrl":"https:\/\/i0.wp.com\/inti.hr\/wp-content\/uploads\/2025\/03\/FSB99-N-S002_1800x1800.webp?fit=1600%2C1600&ssl=1","width":1600,"height":1600,"caption":"SoBuy Kuhinjska komoda 112x40x89cm FSB99-N"},{"@type":"BreadcrumbList","@id":"https:\/\/inti.hr\/bs\/proizvod\/kuhinjska-komoda-112x40x89cm\/#breadcrumb","itemListElement":[{"@type":"ListItem","position":1,"name":"Po\u010detna stranica","item":"https:\/\/inti.hr\/bs\/"},{"@type":"ListItem","position":2,"name":"Trgovina","item":"https:\/\/inti.hr\/bs\/trgovina\/"},{"@type":"ListItem","position":3,"name":"Kuhinjska komoda 112x40x89cm"}]},{"@type":"WebSite","@id":"https:\/\/inti.hr\/bs\/#website","url":"https:\/\/inti.hr\/bs\/","name":"Inti","description":"trgovina","potentialAction":[{"@type":"SearchAction","target":{"@type":"EntryPoint","urlTemplate":"https:\/\/inti.hr\/bs\/?s={search_term_string}"},"query-input":{"@type":"PropertyValueSpecification","valueRequired":true,"valueName":"search_term_string"}}],"inLanguage":"bs-BA"}]}},"jetpack_sharing_enabled":true,"jetpack-related-posts":[],"_links":{"self":[{"href":"https:\/\/inti.hr\/bs\/wp-json\/wp\/v2\/product\/31463"}],"collection":[{"href":"https:\/\/inti.hr\/bs\/wp-json\/wp\/v2\/product"}],"about":[{"href":"https:\/\/inti.hr\/bs\/wp-json\/wp\/v2\/types\/product"}],"wp:featuredmedia":[{"embeddable":true,"href":"https:\/\/inti.hr\/bs\/wp-json\/wp\/v2\/media\/31464"}],"wp:attachment":[{"href":"https:\/\/inti.hr\/bs\/wp-json\/wp\/v2\/media?parent=31463"}],"wp:term":[{"taxonomy":"product_cat","embeddable":true,"href":"https:\/\/inti.hr\/bs\/wp-json\/wp\/v2\/product_cat?post=31463"},{"taxonomy":"product_tag","embeddable":true,"href":"https:\/\/inti.hr\/bs\/wp-json\/wp\/v2\/product_tag?post=31463"}],"curies":[{"name":"wp","href":"https:\/\/api.w.org\/{rel}","templated":true}]}}