{"id":31471,"date":"2025-03-04T14:28:46","date_gmt":"2025-03-04T13:28:46","guid":{"rendered":"https:\/\/inti.hr\/product\/djecji-stol-80x50x66cm\/"},"modified":"2025-03-04T14:28:46","modified_gmt":"2025-03-04T13:28:46","slug":"djecji-stol-80x50x66cm","status":"publish","type":"product","link":"https:\/\/inti.hr\/bs\/proizvod\/djecji-stol-80x50x66cm\/","title":{"rendered":"Dje\u010dji stol 80x50x66cm"},"content":{"rendered":"<p>Detalji proizvoda:<\/p>\n<p>Te\u017eina: oko 15,6 kg<br \/>\nTestirano za: 75 kg<br \/>\nMaterijal: MDF, borovina, PP<br \/>\nDimenzije proizvoda: 80x50x66 cm (vidi sliku)<br \/>\nDostava: u 1 paketu<br \/>\nDimenzije pakiranja: 91,5x56x44 cm<br \/>\nSvi uglovi su okrugli, ne\u0107e ozlijediti nje\u017enu bebinu ko\u017eu i smanjiti mogu\u0107nost nezgode.<\/p>\n","protected":false},"excerpt":{"rendered":"<p>Ovaj stol i stolica savr\u0161eni su za stvaranje kutka posve\u0107enog crtanju &#8230; <\/p>\n","protected":false},"featured_media":31472,"template":"","meta":[],"product_cat":[2408],"product_tag":[2410,2976],"yoast_head":"<!-- This site is optimized with the Yoast SEO plugin v23.7 - https:\/\/yoast.com\/wordpress\/plugins\/seo\/ -->\n<title>Dje\u010dji stol 80x50x66cm - Inti<\/title>\n<meta name=\"description\" content=\"Ovaj stol i stolica savr\u0161eni su za stvaranje kutka posve\u0107enog crtanju i umjetni\u010dkim aktivnostima va\u0161eg djeteta.Zahvaljuju\u0107i skandinavskom dizajnu, kojeg karakteriziraju jednostavne linije, lako ga je uskladiti s namje\u0161tajem razli\u010ditih stilova.Svi uglovi su okrugli, ne\u0107e ozlijediti nje\u017enu bebinu ko\u017eu i smanjiti mogu\u0107nost nezgode.Stolica i stol izra\u0111eni su od visokokvalitetnog MDF-a (E1) koji se lako odr\u017eava, \u010dvrst je, stabilan i dovoljno lagan da se po potrebi pomi\u010de.\" \/>\n<meta name=\"robots\" content=\"index, follow, max-snippet:-1, max-image-preview:large, max-video-preview:-1\" \/>\n<link rel=\"canonical\" href=\"https:\/\/inti.hr\/bs\/proizvod\/djecji-stol-80x50x66cm\/\" \/>\n<meta property=\"og:locale\" content=\"bs_BA\" \/>\n<meta property=\"og:type\" content=\"article\" \/>\n<meta property=\"og:title\" content=\"Dje\u010dji stol 80x50x66cm - Inti\" \/>\n<meta property=\"og:description\" content=\"Ovaj stol i stolica savr\u0161eni su za stvaranje kutka posve\u0107enog crtanju i umjetni\u010dkim aktivnostima va\u0161eg djeteta.Zahvaljuju\u0107i skandinavskom dizajnu, kojeg karakteriziraju jednostavne linije, lako ga je uskladiti s namje\u0161tajem razli\u010ditih stilova.Svi uglovi su okrugli, ne\u0107e ozlijediti nje\u017enu bebinu ko\u017eu i smanjiti mogu\u0107nost nezgode.Stolica i stol izra\u0111eni su od visokokvalitetnog MDF-a (E1) koji se lako odr\u017eava, \u010dvrst je, stabilan i dovoljno lagan da se po potrebi pomi\u010de.\" \/>\n<meta property=\"og:url\" content=\"https:\/\/inti.hr\/bs\/proizvod\/djecji-stol-80x50x66cm\/\" \/>\n<meta property=\"og:site_name\" content=\"Inti\" \/>\n<meta property=\"og:image\" content=\"https:\/\/i0.wp.com\/inti.hr\/wp-content\/uploads\/2025\/03\/KMB60-HG-Y001_860x.webp?fit=860%2C860&ssl=1\" \/>\n\t<meta property=\"og:image:width\" content=\"860\" \/>\n\t<meta property=\"og:image:height\" content=\"860\" \/>\n\t<meta property=\"og:image:type\" content=\"image\/webp\" \/>\n<meta name=\"twitter:card\" content=\"summary_large_image\" \/>\n<script type=\"application\/ld+json\" class=\"yoast-schema-graph\">{\"@context\":\"https:\/\/schema.org\",\"@graph\":[{\"@type\":\"WebPage\",\"@id\":\"https:\/\/inti.hr\/bs\/proizvod\/djecji-stol-80x50x66cm\/\",\"url\":\"https:\/\/inti.hr\/bs\/proizvod\/djecji-stol-80x50x66cm\/\",\"name\":\"Dje\u010dji stol 80x50x66cm - Inti\",\"isPartOf\":{\"@id\":\"https:\/\/inti.hr\/bs\/#website\"},\"primaryImageOfPage\":{\"@id\":\"https:\/\/inti.hr\/bs\/proizvod\/djecji-stol-80x50x66cm\/#primaryimage\"},\"image\":{\"@id\":\"https:\/\/inti.hr\/bs\/proizvod\/djecji-stol-80x50x66cm\/#primaryimage\"},\"thumbnailUrl\":\"https:\/\/i0.wp.com\/inti.hr\/wp-content\/uploads\/2025\/03\/KMB60-HG-Y001_860x.webp?fit=860%2C860&ssl=1\",\"datePublished\":\"2025-03-04T13:28:46+00:00\",\"dateModified\":\"2025-03-04T13:28:46+00:00\",\"description\":\"Ovaj stol i stolica savr\u0161eni su za stvaranje kutka posve\u0107enog crtanju i umjetni\u010dkim aktivnostima va\u0161eg djeteta.Zahvaljuju\u0107i skandinavskom dizajnu, kojeg karakteriziraju jednostavne linije, lako ga je uskladiti s namje\u0161tajem razli\u010ditih stilova.Svi uglovi su okrugli, ne\u0107e ozlijediti nje\u017enu bebinu ko\u017eu i smanjiti mogu\u0107nost nezgode.Stolica i stol izra\u0111eni su od visokokvalitetnog MDF-a (E1) koji se lako odr\u017eava, \u010dvrst je, stabilan i dovoljno lagan da se po potrebi pomi\u010de.\",\"breadcrumb\":{\"@id\":\"https:\/\/inti.hr\/bs\/proizvod\/djecji-stol-80x50x66cm\/#breadcrumb\"},\"inLanguage\":\"bs-BA\",\"potentialAction\":[{\"@type\":\"ReadAction\",\"target\":[\"https:\/\/inti.hr\/bs\/proizvod\/djecji-stol-80x50x66cm\/\"]}]},{\"@type\":\"ImageObject\",\"inLanguage\":\"bs-BA\",\"@id\":\"https:\/\/inti.hr\/bs\/proizvod\/djecji-stol-80x50x66cm\/#primaryimage\",\"url\":\"https:\/\/i0.wp.com\/inti.hr\/wp-content\/uploads\/2025\/03\/KMB60-HG-Y001_860x.webp?fit=860%2C860&ssl=1\",\"contentUrl\":\"https:\/\/i0.wp.com\/inti.hr\/wp-content\/uploads\/2025\/03\/KMB60-HG-Y001_860x.webp?fit=860%2C860&ssl=1\",\"width\":860,\"height\":860,\"caption\":\"SoBuy Dje\u010dji stol 80x50x66cm KMB60-HG\"},{\"@type\":\"BreadcrumbList\",\"@id\":\"https:\/\/inti.hr\/bs\/proizvod\/djecji-stol-80x50x66cm\/#breadcrumb\",\"itemListElement\":[{\"@type\":\"ListItem\",\"position\":1,\"name\":\"Po\u010detna stranica\",\"item\":\"https:\/\/inti.hr\/bs\/\"},{\"@type\":\"ListItem\",\"position\":2,\"name\":\"Trgovina\",\"item\":\"https:\/\/inti.hr\/bs\/trgovina\/\"},{\"@type\":\"ListItem\",\"position\":3,\"name\":\"Dje\u010dji stol 80x50x66cm\"}]},{\"@type\":\"WebSite\",\"@id\":\"https:\/\/inti.hr\/bs\/#website\",\"url\":\"https:\/\/inti.hr\/bs\/\",\"name\":\"Inti\",\"description\":\"trgovina\",\"potentialAction\":[{\"@type\":\"SearchAction\",\"target\":{\"@type\":\"EntryPoint\",\"urlTemplate\":\"https:\/\/inti.hr\/bs\/?s={search_term_string}\"},\"query-input\":{\"@type\":\"PropertyValueSpecification\",\"valueRequired\":true,\"valueName\":\"search_term_string\"}}],\"inLanguage\":\"bs-BA\"}]}<\/script>\n<!-- \/ Yoast SEO plugin. -->","yoast_head_json":{"title":"Dje\u010dji stol 80x50x66cm - Inti","description":"Ovaj stol i stolica savr\u0161eni su za stvaranje kutka posve\u0107enog crtanju i umjetni\u010dkim aktivnostima va\u0161eg djeteta.Zahvaljuju\u0107i skandinavskom dizajnu, kojeg karakteriziraju jednostavne linije, lako ga je uskladiti s namje\u0161tajem razli\u010ditih stilova.Svi uglovi su okrugli, ne\u0107e ozlijediti nje\u017enu bebinu ko\u017eu i smanjiti mogu\u0107nost nezgode.Stolica i stol izra\u0111eni su od visokokvalitetnog MDF-a (E1) koji se lako odr\u017eava, \u010dvrst je, stabilan i dovoljno lagan da se po potrebi pomi\u010de.","robots":{"index":"index","follow":"follow","max-snippet":"max-snippet:-1","max-image-preview":"max-image-preview:large","max-video-preview":"max-video-preview:-1"},"canonical":"https:\/\/inti.hr\/bs\/proizvod\/djecji-stol-80x50x66cm\/","og_locale":"bs_BA","og_type":"article","og_title":"Dje\u010dji stol 80x50x66cm - Inti","og_description":"Ovaj stol i stolica savr\u0161eni su za stvaranje kutka posve\u0107enog crtanju i umjetni\u010dkim aktivnostima va\u0161eg djeteta.Zahvaljuju\u0107i skandinavskom dizajnu, kojeg karakteriziraju jednostavne linije, lako ga je uskladiti s namje\u0161tajem razli\u010ditih stilova.Svi uglovi su okrugli, ne\u0107e ozlijediti nje\u017enu bebinu ko\u017eu i smanjiti mogu\u0107nost nezgode.Stolica i stol izra\u0111eni su od visokokvalitetnog MDF-a (E1) koji se lako odr\u017eava, \u010dvrst je, stabilan i dovoljno lagan da se po potrebi pomi\u010de.","og_url":"https:\/\/inti.hr\/bs\/proizvod\/djecji-stol-80x50x66cm\/","og_site_name":"Inti","og_image":[{"width":860,"height":860,"url":"https:\/\/i0.wp.com\/inti.hr\/wp-content\/uploads\/2025\/03\/KMB60-HG-Y001_860x.webp?fit=860%2C860&ssl=1","type":"image\/webp"}],"twitter_card":"summary_large_image","schema":{"@context":"https:\/\/schema.org","@graph":[{"@type":"WebPage","@id":"https:\/\/inti.hr\/bs\/proizvod\/djecji-stol-80x50x66cm\/","url":"https:\/\/inti.hr\/bs\/proizvod\/djecji-stol-80x50x66cm\/","name":"Dje\u010dji stol 80x50x66cm - Inti","isPartOf":{"@id":"https:\/\/inti.hr\/bs\/#website"},"primaryImageOfPage":{"@id":"https:\/\/inti.hr\/bs\/proizvod\/djecji-stol-80x50x66cm\/#primaryimage"},"image":{"@id":"https:\/\/inti.hr\/bs\/proizvod\/djecji-stol-80x50x66cm\/#primaryimage"},"thumbnailUrl":"https:\/\/i0.wp.com\/inti.hr\/wp-content\/uploads\/2025\/03\/KMB60-HG-Y001_860x.webp?fit=860%2C860&ssl=1","datePublished":"2025-03-04T13:28:46+00:00","dateModified":"2025-03-04T13:28:46+00:00","description":"Ovaj stol i stolica savr\u0161eni su za stvaranje kutka posve\u0107enog crtanju i umjetni\u010dkim aktivnostima va\u0161eg djeteta.Zahvaljuju\u0107i skandinavskom dizajnu, kojeg karakteriziraju jednostavne linije, lako ga je uskladiti s namje\u0161tajem razli\u010ditih stilova.Svi uglovi su okrugli, ne\u0107e ozlijediti nje\u017enu bebinu ko\u017eu i smanjiti mogu\u0107nost nezgode.Stolica i stol izra\u0111eni su od visokokvalitetnog MDF-a (E1) koji se lako odr\u017eava, \u010dvrst je, stabilan i dovoljno lagan da se po potrebi pomi\u010de.","breadcrumb":{"@id":"https:\/\/inti.hr\/bs\/proizvod\/djecji-stol-80x50x66cm\/#breadcrumb"},"inLanguage":"bs-BA","potentialAction":[{"@type":"ReadAction","target":["https:\/\/inti.hr\/bs\/proizvod\/djecji-stol-80x50x66cm\/"]}]},{"@type":"ImageObject","inLanguage":"bs-BA","@id":"https:\/\/inti.hr\/bs\/proizvod\/djecji-stol-80x50x66cm\/#primaryimage","url":"https:\/\/i0.wp.com\/inti.hr\/wp-content\/uploads\/2025\/03\/KMB60-HG-Y001_860x.webp?fit=860%2C860&ssl=1","contentUrl":"https:\/\/i0.wp.com\/inti.hr\/wp-content\/uploads\/2025\/03\/KMB60-HG-Y001_860x.webp?fit=860%2C860&ssl=1","width":860,"height":860,"caption":"SoBuy Dje\u010dji stol 80x50x66cm KMB60-HG"},{"@type":"BreadcrumbList","@id":"https:\/\/inti.hr\/bs\/proizvod\/djecji-stol-80x50x66cm\/#breadcrumb","itemListElement":[{"@type":"ListItem","position":1,"name":"Po\u010detna stranica","item":"https:\/\/inti.hr\/bs\/"},{"@type":"ListItem","position":2,"name":"Trgovina","item":"https:\/\/inti.hr\/bs\/trgovina\/"},{"@type":"ListItem","position":3,"name":"Dje\u010dji stol 80x50x66cm"}]},{"@type":"WebSite","@id":"https:\/\/inti.hr\/bs\/#website","url":"https:\/\/inti.hr\/bs\/","name":"Inti","description":"trgovina","potentialAction":[{"@type":"SearchAction","target":{"@type":"EntryPoint","urlTemplate":"https:\/\/inti.hr\/bs\/?s={search_term_string}"},"query-input":{"@type":"PropertyValueSpecification","valueRequired":true,"valueName":"search_term_string"}}],"inLanguage":"bs-BA"}]}},"jetpack_sharing_enabled":true,"jetpack-related-posts":[],"_links":{"self":[{"href":"https:\/\/inti.hr\/bs\/wp-json\/wp\/v2\/product\/31471"}],"collection":[{"href":"https:\/\/inti.hr\/bs\/wp-json\/wp\/v2\/product"}],"about":[{"href":"https:\/\/inti.hr\/bs\/wp-json\/wp\/v2\/types\/product"}],"wp:featuredmedia":[{"embeddable":true,"href":"https:\/\/inti.hr\/bs\/wp-json\/wp\/v2\/media\/31472"}],"wp:attachment":[{"href":"https:\/\/inti.hr\/bs\/wp-json\/wp\/v2\/media?parent=31471"}],"wp:term":[{"taxonomy":"product_cat","embeddable":true,"href":"https:\/\/inti.hr\/bs\/wp-json\/wp\/v2\/product_cat?post=31471"},{"taxonomy":"product_tag","embeddable":true,"href":"https:\/\/inti.hr\/bs\/wp-json\/wp\/v2\/product_tag?post=31471"}],"curies":[{"name":"wp","href":"https:\/\/api.w.org\/{rel}","templated":true}]}}