{"id":31475,"date":"2025-03-04T14:25:57","date_gmt":"2025-03-04T13:25:57","guid":{"rendered":"https:\/\/inti.hr\/product\/nocni-ormaric-40x42x47cm\/"},"modified":"2025-03-04T14:25:57","modified_gmt":"2025-03-04T13:25:57","slug":"nocni-ormaric-40x42x47cm","status":"publish","type":"product","link":"https:\/\/inti.hr\/bs\/proizvod\/nocni-ormaric-40x42x47cm\/","title":{"rendered":"No\u0107ni ormari\u0107 40x42x47cm"},"content":{"rendered":"<p>Detalji proizvoda:<\/p>\n<p>Te\u017eina: oko 13,2 kg<br \/>\nTestirano za: 23 kg<br \/>\nMaterijal: MDF (E1), PB (E1), metal<br \/>\nDimenzije proizvoda: 40x42x47 cm (vidi sliku)<br \/>\nDostava: u 1 paketu<br \/>\nDimenzije paketa: 62x47x16 cm.<br \/>\nS uputama za sastavljanje i vijcima. Jednostavna instalacija.<\/p>\n","protected":false},"excerpt":{"rendered":"<p>Ovaj proizvod dolazi u pakiranju sa\u0107a koje se mo\u017ee 100% reciklirati, &#8230; <\/p>\n","protected":false},"featured_media":31476,"template":"","meta":[],"product_cat":[2414],"product_tag":[2672,2673],"yoast_head":"<!-- This site is optimized with the Yoast SEO plugin v23.7 - https:\/\/yoast.com\/wordpress\/plugins\/seo\/ -->\n<title>No\u0107ni ormari\u0107 40x42x47cm - Inti<\/title>\n<meta name=\"description\" content=\"Ovaj proizvod dolazi u pakiranju sa\u0107a koje se mo\u017ee 100% reciklirati, \u0161to ga \u010dini sigurnim i pouzdanim za kori\u0161tenje. S uputama za sastavljanje i vijcima. Jednostavna instalacija. Volite li malo \u010ditati prije spavanja ili provjeravati mobitel, moderan no\u0107ni ormari\u0107 s policama i spremi\u0161tem je prava stvar za vas.Ladice lako klize po tihim, teleskopskim vodilicama, daju\u0107i vam dodatni prostor za dodatke, kozmetiku i druge male osobne predmete. Polica pru\u017ea prostor za no\u0107no svjetlo, daljinske upravlja\u010de za TV, foto albume, budilicu ili druge male ukrasne predmete.Glatke povr\u0161ine lako se \u010diste, dobro izra\u0111ena struktura ne klima se \u0161to osigurava njegovu trajnost i \u010dvrsto\u0107u.Zahvaljuju\u0107i maloj povr\u0161ini, no\u0107ni ormari\u0107 \u0161tedi prostor i pristaje \u010dak iu uske kutove i ni\u0161e. Idealan je i kao pomo\u0107ni ormari\u0107 u dnevnoj sobi ili kao telefonski ormari\u0107 u hodniku.Klasi\u010dna bijela boja i zlatne metalne ru\u010dke daju no\u0107nom ormari\u0107u moderan i elegantan izgled koji se savr\u0161eno uklapa u svaki ambijent.\" \/>\n<meta name=\"robots\" content=\"index, follow, max-snippet:-1, max-image-preview:large, max-video-preview:-1\" \/>\n<link rel=\"canonical\" href=\"https:\/\/inti.hr\/bs\/proizvod\/nocni-ormaric-40x42x47cm\/\" \/>\n<meta property=\"og:locale\" content=\"bs_BA\" \/>\n<meta property=\"og:type\" content=\"article\" \/>\n<meta property=\"og:title\" content=\"No\u0107ni ormari\u0107 40x42x47cm - Inti\" \/>\n<meta property=\"og:description\" content=\"Ovaj proizvod dolazi u pakiranju sa\u0107a koje se mo\u017ee 100% reciklirati, \u0161to ga \u010dini sigurnim i pouzdanim za kori\u0161tenje. S uputama za sastavljanje i vijcima. Jednostavna instalacija. Volite li malo \u010ditati prije spavanja ili provjeravati mobitel, moderan no\u0107ni ormari\u0107 s policama i spremi\u0161tem je prava stvar za vas.Ladice lako klize po tihim, teleskopskim vodilicama, daju\u0107i vam dodatni prostor za dodatke, kozmetiku i druge male osobne predmete. Polica pru\u017ea prostor za no\u0107no svjetlo, daljinske upravlja\u010de za TV, foto albume, budilicu ili druge male ukrasne predmete.Glatke povr\u0161ine lako se \u010diste, dobro izra\u0111ena struktura ne klima se \u0161to osigurava njegovu trajnost i \u010dvrsto\u0107u.Zahvaljuju\u0107i maloj povr\u0161ini, no\u0107ni ormari\u0107 \u0161tedi prostor i pristaje \u010dak iu uske kutove i ni\u0161e. Idealan je i kao pomo\u0107ni ormari\u0107 u dnevnoj sobi ili kao telefonski ormari\u0107 u hodniku.Klasi\u010dna bijela boja i zlatne metalne ru\u010dke daju no\u0107nom ormari\u0107u moderan i elegantan izgled koji se savr\u0161eno uklapa u svaki ambijent.\" \/>\n<meta property=\"og:url\" content=\"https:\/\/inti.hr\/bs\/proizvod\/nocni-ormaric-40x42x47cm\/\" \/>\n<meta property=\"og:site_name\" content=\"Inti\" \/>\n<meta property=\"og:image\" content=\"https:\/\/i0.wp.com\/inti.hr\/wp-content\/uploads\/2025\/03\/FBT160-W-Y001_860x.webp?fit=860%2C860&ssl=1\" \/>\n\t<meta property=\"og:image:width\" content=\"860\" \/>\n\t<meta property=\"og:image:height\" content=\"860\" \/>\n\t<meta property=\"og:image:type\" content=\"image\/webp\" \/>\n<meta name=\"twitter:card\" content=\"summary_large_image\" \/>\n<script type=\"application\/ld+json\" class=\"yoast-schema-graph\">{\"@context\":\"https:\/\/schema.org\",\"@graph\":[{\"@type\":\"WebPage\",\"@id\":\"https:\/\/inti.hr\/bs\/proizvod\/nocni-ormaric-40x42x47cm\/\",\"url\":\"https:\/\/inti.hr\/bs\/proizvod\/nocni-ormaric-40x42x47cm\/\",\"name\":\"No\u0107ni ormari\u0107 40x42x47cm - Inti\",\"isPartOf\":{\"@id\":\"https:\/\/inti.hr\/bs\/#website\"},\"primaryImageOfPage\":{\"@id\":\"https:\/\/inti.hr\/bs\/proizvod\/nocni-ormaric-40x42x47cm\/#primaryimage\"},\"image\":{\"@id\":\"https:\/\/inti.hr\/bs\/proizvod\/nocni-ormaric-40x42x47cm\/#primaryimage\"},\"thumbnailUrl\":\"https:\/\/i0.wp.com\/inti.hr\/wp-content\/uploads\/2025\/03\/FBT160-W-Y001_860x.webp?fit=860%2C860&ssl=1\",\"datePublished\":\"2025-03-04T13:25:57+00:00\",\"dateModified\":\"2025-03-04T13:25:57+00:00\",\"description\":\"Ovaj proizvod dolazi u pakiranju sa\u0107a koje se mo\u017ee 100% reciklirati, \u0161to ga \u010dini sigurnim i pouzdanim za kori\u0161tenje. S uputama za sastavljanje i vijcima. Jednostavna instalacija. Volite li malo \u010ditati prije spavanja ili provjeravati mobitel, moderan no\u0107ni ormari\u0107 s policama i spremi\u0161tem je prava stvar za vas.Ladice lako klize po tihim, teleskopskim vodilicama, daju\u0107i vam dodatni prostor za dodatke, kozmetiku i druge male osobne predmete. Polica pru\u017ea prostor za no\u0107no svjetlo, daljinske upravlja\u010de za TV, foto albume, budilicu ili druge male ukrasne predmete.Glatke povr\u0161ine lako se \u010diste, dobro izra\u0111ena struktura ne klima se \u0161to osigurava njegovu trajnost i \u010dvrsto\u0107u.Zahvaljuju\u0107i maloj povr\u0161ini, no\u0107ni ormari\u0107 \u0161tedi prostor i pristaje \u010dak iu uske kutove i ni\u0161e. Idealan je i kao pomo\u0107ni ormari\u0107 u dnevnoj sobi ili kao telefonski ormari\u0107 u hodniku.Klasi\u010dna bijela boja i zlatne metalne ru\u010dke daju no\u0107nom ormari\u0107u moderan i elegantan izgled koji se savr\u0161eno uklapa u svaki ambijent.\",\"breadcrumb\":{\"@id\":\"https:\/\/inti.hr\/bs\/proizvod\/nocni-ormaric-40x42x47cm\/#breadcrumb\"},\"inLanguage\":\"bs-BA\",\"potentialAction\":[{\"@type\":\"ReadAction\",\"target\":[\"https:\/\/inti.hr\/bs\/proizvod\/nocni-ormaric-40x42x47cm\/\"]}]},{\"@type\":\"ImageObject\",\"inLanguage\":\"bs-BA\",\"@id\":\"https:\/\/inti.hr\/bs\/proizvod\/nocni-ormaric-40x42x47cm\/#primaryimage\",\"url\":\"https:\/\/i0.wp.com\/inti.hr\/wp-content\/uploads\/2025\/03\/FBT160-W-Y001_860x.webp?fit=860%2C860&ssl=1\",\"contentUrl\":\"https:\/\/i0.wp.com\/inti.hr\/wp-content\/uploads\/2025\/03\/FBT160-W-Y001_860x.webp?fit=860%2C860&ssl=1\",\"width\":860,\"height\":860,\"caption\":\"SoBuy No\u0107ni ormari\u0107 40x42x47cm FBT160-W\"},{\"@type\":\"BreadcrumbList\",\"@id\":\"https:\/\/inti.hr\/bs\/proizvod\/nocni-ormaric-40x42x47cm\/#breadcrumb\",\"itemListElement\":[{\"@type\":\"ListItem\",\"position\":1,\"name\":\"Po\u010detna stranica\",\"item\":\"https:\/\/inti.hr\/bs\/\"},{\"@type\":\"ListItem\",\"position\":2,\"name\":\"Trgovina\",\"item\":\"https:\/\/inti.hr\/bs\/trgovina\/\"},{\"@type\":\"ListItem\",\"position\":3,\"name\":\"No\u0107ni ormari\u0107 40x42x47cm\"}]},{\"@type\":\"WebSite\",\"@id\":\"https:\/\/inti.hr\/bs\/#website\",\"url\":\"https:\/\/inti.hr\/bs\/\",\"name\":\"Inti\",\"description\":\"trgovina\",\"potentialAction\":[{\"@type\":\"SearchAction\",\"target\":{\"@type\":\"EntryPoint\",\"urlTemplate\":\"https:\/\/inti.hr\/bs\/?s={search_term_string}\"},\"query-input\":{\"@type\":\"PropertyValueSpecification\",\"valueRequired\":true,\"valueName\":\"search_term_string\"}}],\"inLanguage\":\"bs-BA\"}]}<\/script>\n<!-- \/ Yoast SEO plugin. -->","yoast_head_json":{"title":"No\u0107ni ormari\u0107 40x42x47cm - Inti","description":"Ovaj proizvod dolazi u pakiranju sa\u0107a koje se mo\u017ee 100% reciklirati, \u0161to ga \u010dini sigurnim i pouzdanim za kori\u0161tenje. S uputama za sastavljanje i vijcima. Jednostavna instalacija. Volite li malo \u010ditati prije spavanja ili provjeravati mobitel, moderan no\u0107ni ormari\u0107 s policama i spremi\u0161tem je prava stvar za vas.Ladice lako klize po tihim, teleskopskim vodilicama, daju\u0107i vam dodatni prostor za dodatke, kozmetiku i druge male osobne predmete. Polica pru\u017ea prostor za no\u0107no svjetlo, daljinske upravlja\u010de za TV, foto albume, budilicu ili druge male ukrasne predmete.Glatke povr\u0161ine lako se \u010diste, dobro izra\u0111ena struktura ne klima se \u0161to osigurava njegovu trajnost i \u010dvrsto\u0107u.Zahvaljuju\u0107i maloj povr\u0161ini, no\u0107ni ormari\u0107 \u0161tedi prostor i pristaje \u010dak iu uske kutove i ni\u0161e. Idealan je i kao pomo\u0107ni ormari\u0107 u dnevnoj sobi ili kao telefonski ormari\u0107 u hodniku.Klasi\u010dna bijela boja i zlatne metalne ru\u010dke daju no\u0107nom ormari\u0107u moderan i elegantan izgled koji se savr\u0161eno uklapa u svaki ambijent.","robots":{"index":"index","follow":"follow","max-snippet":"max-snippet:-1","max-image-preview":"max-image-preview:large","max-video-preview":"max-video-preview:-1"},"canonical":"https:\/\/inti.hr\/bs\/proizvod\/nocni-ormaric-40x42x47cm\/","og_locale":"bs_BA","og_type":"article","og_title":"No\u0107ni ormari\u0107 40x42x47cm - Inti","og_description":"Ovaj proizvod dolazi u pakiranju sa\u0107a koje se mo\u017ee 100% reciklirati, \u0161to ga \u010dini sigurnim i pouzdanim za kori\u0161tenje. S uputama za sastavljanje i vijcima. Jednostavna instalacija. Volite li malo \u010ditati prije spavanja ili provjeravati mobitel, moderan no\u0107ni ormari\u0107 s policama i spremi\u0161tem je prava stvar za vas.Ladice lako klize po tihim, teleskopskim vodilicama, daju\u0107i vam dodatni prostor za dodatke, kozmetiku i druge male osobne predmete. Polica pru\u017ea prostor za no\u0107no svjetlo, daljinske upravlja\u010de za TV, foto albume, budilicu ili druge male ukrasne predmete.Glatke povr\u0161ine lako se \u010diste, dobro izra\u0111ena struktura ne klima se \u0161to osigurava njegovu trajnost i \u010dvrsto\u0107u.Zahvaljuju\u0107i maloj povr\u0161ini, no\u0107ni ormari\u0107 \u0161tedi prostor i pristaje \u010dak iu uske kutove i ni\u0161e. Idealan je i kao pomo\u0107ni ormari\u0107 u dnevnoj sobi ili kao telefonski ormari\u0107 u hodniku.Klasi\u010dna bijela boja i zlatne metalne ru\u010dke daju no\u0107nom ormari\u0107u moderan i elegantan izgled koji se savr\u0161eno uklapa u svaki ambijent.","og_url":"https:\/\/inti.hr\/bs\/proizvod\/nocni-ormaric-40x42x47cm\/","og_site_name":"Inti","og_image":[{"width":860,"height":860,"url":"https:\/\/i0.wp.com\/inti.hr\/wp-content\/uploads\/2025\/03\/FBT160-W-Y001_860x.webp?fit=860%2C860&ssl=1","type":"image\/webp"}],"twitter_card":"summary_large_image","schema":{"@context":"https:\/\/schema.org","@graph":[{"@type":"WebPage","@id":"https:\/\/inti.hr\/bs\/proizvod\/nocni-ormaric-40x42x47cm\/","url":"https:\/\/inti.hr\/bs\/proizvod\/nocni-ormaric-40x42x47cm\/","name":"No\u0107ni ormari\u0107 40x42x47cm - Inti","isPartOf":{"@id":"https:\/\/inti.hr\/bs\/#website"},"primaryImageOfPage":{"@id":"https:\/\/inti.hr\/bs\/proizvod\/nocni-ormaric-40x42x47cm\/#primaryimage"},"image":{"@id":"https:\/\/inti.hr\/bs\/proizvod\/nocni-ormaric-40x42x47cm\/#primaryimage"},"thumbnailUrl":"https:\/\/i0.wp.com\/inti.hr\/wp-content\/uploads\/2025\/03\/FBT160-W-Y001_860x.webp?fit=860%2C860&ssl=1","datePublished":"2025-03-04T13:25:57+00:00","dateModified":"2025-03-04T13:25:57+00:00","description":"Ovaj proizvod dolazi u pakiranju sa\u0107a koje se mo\u017ee 100% reciklirati, \u0161to ga \u010dini sigurnim i pouzdanim za kori\u0161tenje. S uputama za sastavljanje i vijcima. Jednostavna instalacija. Volite li malo \u010ditati prije spavanja ili provjeravati mobitel, moderan no\u0107ni ormari\u0107 s policama i spremi\u0161tem je prava stvar za vas.Ladice lako klize po tihim, teleskopskim vodilicama, daju\u0107i vam dodatni prostor za dodatke, kozmetiku i druge male osobne predmete. Polica pru\u017ea prostor za no\u0107no svjetlo, daljinske upravlja\u010de za TV, foto albume, budilicu ili druge male ukrasne predmete.Glatke povr\u0161ine lako se \u010diste, dobro izra\u0111ena struktura ne klima se \u0161to osigurava njegovu trajnost i \u010dvrsto\u0107u.Zahvaljuju\u0107i maloj povr\u0161ini, no\u0107ni ormari\u0107 \u0161tedi prostor i pristaje \u010dak iu uske kutove i ni\u0161e. Idealan je i kao pomo\u0107ni ormari\u0107 u dnevnoj sobi ili kao telefonski ormari\u0107 u hodniku.Klasi\u010dna bijela boja i zlatne metalne ru\u010dke daju no\u0107nom ormari\u0107u moderan i elegantan izgled koji se savr\u0161eno uklapa u svaki ambijent.","breadcrumb":{"@id":"https:\/\/inti.hr\/bs\/proizvod\/nocni-ormaric-40x42x47cm\/#breadcrumb"},"inLanguage":"bs-BA","potentialAction":[{"@type":"ReadAction","target":["https:\/\/inti.hr\/bs\/proizvod\/nocni-ormaric-40x42x47cm\/"]}]},{"@type":"ImageObject","inLanguage":"bs-BA","@id":"https:\/\/inti.hr\/bs\/proizvod\/nocni-ormaric-40x42x47cm\/#primaryimage","url":"https:\/\/i0.wp.com\/inti.hr\/wp-content\/uploads\/2025\/03\/FBT160-W-Y001_860x.webp?fit=860%2C860&ssl=1","contentUrl":"https:\/\/i0.wp.com\/inti.hr\/wp-content\/uploads\/2025\/03\/FBT160-W-Y001_860x.webp?fit=860%2C860&ssl=1","width":860,"height":860,"caption":"SoBuy No\u0107ni ormari\u0107 40x42x47cm FBT160-W"},{"@type":"BreadcrumbList","@id":"https:\/\/inti.hr\/bs\/proizvod\/nocni-ormaric-40x42x47cm\/#breadcrumb","itemListElement":[{"@type":"ListItem","position":1,"name":"Po\u010detna stranica","item":"https:\/\/inti.hr\/bs\/"},{"@type":"ListItem","position":2,"name":"Trgovina","item":"https:\/\/inti.hr\/bs\/trgovina\/"},{"@type":"ListItem","position":3,"name":"No\u0107ni ormari\u0107 40x42x47cm"}]},{"@type":"WebSite","@id":"https:\/\/inti.hr\/bs\/#website","url":"https:\/\/inti.hr\/bs\/","name":"Inti","description":"trgovina","potentialAction":[{"@type":"SearchAction","target":{"@type":"EntryPoint","urlTemplate":"https:\/\/inti.hr\/bs\/?s={search_term_string}"},"query-input":{"@type":"PropertyValueSpecification","valueRequired":true,"valueName":"search_term_string"}}],"inLanguage":"bs-BA"}]}},"jetpack_sharing_enabled":true,"jetpack-related-posts":[],"_links":{"self":[{"href":"https:\/\/inti.hr\/bs\/wp-json\/wp\/v2\/product\/31475"}],"collection":[{"href":"https:\/\/inti.hr\/bs\/wp-json\/wp\/v2\/product"}],"about":[{"href":"https:\/\/inti.hr\/bs\/wp-json\/wp\/v2\/types\/product"}],"wp:featuredmedia":[{"embeddable":true,"href":"https:\/\/inti.hr\/bs\/wp-json\/wp\/v2\/media\/31476"}],"wp:attachment":[{"href":"https:\/\/inti.hr\/bs\/wp-json\/wp\/v2\/media?parent=31475"}],"wp:term":[{"taxonomy":"product_cat","embeddable":true,"href":"https:\/\/inti.hr\/bs\/wp-json\/wp\/v2\/product_cat?post=31475"},{"taxonomy":"product_tag","embeddable":true,"href":"https:\/\/inti.hr\/bs\/wp-json\/wp\/v2\/product_tag?post=31475"}],"curies":[{"name":"wp","href":"https:\/\/api.w.org\/{rel}","templated":true}]}}