{"id":31479,"date":"2025-03-04T14:23:20","date_gmt":"2025-03-04T13:23:20","guid":{"rendered":"https:\/\/inti.hr\/product\/ogledalo-set-umivaonika\/"},"modified":"2025-03-04T14:23:20","modified_gmt":"2025-03-04T13:23:20","slug":"ogledalo-set-umivaonika","status":"publish","type":"product","link":"https:\/\/inti.hr\/bs\/proizvod\/ogledalo-set-umivaonika\/","title":{"rendered":"Ogledalo + set umivaonika"},"content":{"rendered":"<p>Detalji proizvoda:<\/p>\n<p>Te\u017eina: oko 59,8 kg<br \/>\nTestirano za: 27 kg<br \/>\nMaterijal: MDF(E1), keramika<br \/>\nDimenzije proizvoda: Donji ormari\u0107: 80x50x52 cm; Ogledalo: 81x13x70 cm (vidi<br \/>\nfotografija)<br \/>\nIsporuka: u 3 paketa<br \/>\nDimenzije paketa A: 90x59x22 cm<br \/>\nDimenzije paketa B: 90x54x17 cm<br \/>\nDimenzije paketa C: 86x75x11 cm<br \/>\nS uputama za sastavljanje i vijcima. Jednostavna instalacija.<\/p>\n","protected":false},"excerpt":{"rendered":"<p>Ovaj proizvod dolazi u pakiranju sa\u0107a koje se mo\u017ee 100% reciklirati, &#8230; <\/p>\n","protected":false},"featured_media":31480,"template":"","meta":[],"product_cat":[2392],"product_tag":[2520,2978],"yoast_head":"<!-- This site is optimized with the Yoast SEO plugin v23.7 - https:\/\/yoast.com\/wordpress\/plugins\/seo\/ -->\n<title>Ogledalo + set umivaonika - Inti<\/title>\n<meta name=\"description\" content=\"Ovaj proizvod dolazi u pakiranju sa\u0107a koje se mo\u017ee 100% reciklirati, \u0161to ga \u010dini sigurnim i pouzdanim za kori\u0161tenje. S uputama za sastavljanje i vijcima. Jednostavna instalacija. Proizvod dolazi s velikim sudoperom i samo trebate ugraditi dodatnu odvodnu cijev i slavinu. U na\u0161oj trgovini ne prodajemo odvodne cijevi i slavine, pa vas molimo da se opremite pravima.Opremljen s 4 jastu\u010di\u0107a od filca protiv ogrebotina za za\u0161titu va\u0161ih zidova.Ormar nudi dodatni zatvoreni prostor ispod umivaonika, gdje mo\u017eete pohraniti toaletne potrep\u0161tine.Dvije velike ladice pru\u017eaju dovoljno prostora za va\u0161e toaletne potrep\u0161tine. Nema ru\u010dki na ladicama, ali svejedno mo\u017eete lako otvoriti ormari\u0107e, jer nagib iznad vrata omogu\u0107uje da umetnete prste da ih otvorite.Minimalisti\u010dki stil u\u010dinit \u0107e da va\u0161a kupaonica izgleda \u010disto i veliko.Proizvod je uski ormari\u0107 za umivaonik koji ne zauzima previ\u0161e mjesta u kupaonici i pru\u017ea dovoljno prostora za svakodnevne toaletne potrep\u0161tine.Prakti\u010dna polica s ogledalom prikladna je za male kupaonske dodatke kao \u0161to su kreme, parfemi, \u010da\u0161ice za \u010detkice za zube, \u010detkice za zube, \u010de\u0161alj ili druge sitnice.\" \/>\n<meta name=\"robots\" content=\"index, follow, max-snippet:-1, max-image-preview:large, max-video-preview:-1\" \/>\n<link rel=\"canonical\" href=\"https:\/\/inti.hr\/bs\/proizvod\/ogledalo-set-umivaonika\/\" \/>\n<meta property=\"og:locale\" content=\"bs_BA\" \/>\n<meta property=\"og:type\" content=\"article\" \/>\n<meta property=\"og:title\" content=\"Ogledalo + set umivaonika - Inti\" \/>\n<meta property=\"og:description\" content=\"Ovaj proizvod dolazi u pakiranju sa\u0107a koje se mo\u017ee 100% reciklirati, \u0161to ga \u010dini sigurnim i pouzdanim za kori\u0161tenje. S uputama za sastavljanje i vijcima. Jednostavna instalacija. Proizvod dolazi s velikim sudoperom i samo trebate ugraditi dodatnu odvodnu cijev i slavinu. U na\u0161oj trgovini ne prodajemo odvodne cijevi i slavine, pa vas molimo da se opremite pravima.Opremljen s 4 jastu\u010di\u0107a od filca protiv ogrebotina za za\u0161titu va\u0161ih zidova.Ormar nudi dodatni zatvoreni prostor ispod umivaonika, gdje mo\u017eete pohraniti toaletne potrep\u0161tine.Dvije velike ladice pru\u017eaju dovoljno prostora za va\u0161e toaletne potrep\u0161tine. Nema ru\u010dki na ladicama, ali svejedno mo\u017eete lako otvoriti ormari\u0107e, jer nagib iznad vrata omogu\u0107uje da umetnete prste da ih otvorite.Minimalisti\u010dki stil u\u010dinit \u0107e da va\u0161a kupaonica izgleda \u010disto i veliko.Proizvod je uski ormari\u0107 za umivaonik koji ne zauzima previ\u0161e mjesta u kupaonici i pru\u017ea dovoljno prostora za svakodnevne toaletne potrep\u0161tine.Prakti\u010dna polica s ogledalom prikladna je za male kupaonske dodatke kao \u0161to su kreme, parfemi, \u010da\u0161ice za \u010detkice za zube, \u010detkice za zube, \u010de\u0161alj ili druge sitnice.\" \/>\n<meta property=\"og:url\" content=\"https:\/\/inti.hr\/bs\/proizvod\/ogledalo-set-umivaonika\/\" \/>\n<meta property=\"og:site_name\" content=\"Inti\" \/>\n<meta property=\"og:image\" content=\"https:\/\/i0.wp.com\/inti.hr\/wp-content\/uploads\/2025\/03\/BZR198-N-A-Y003_860x.webp?fit=860%2C860&ssl=1\" \/>\n\t<meta property=\"og:image:width\" content=\"860\" \/>\n\t<meta property=\"og:image:height\" content=\"860\" \/>\n\t<meta property=\"og:image:type\" content=\"image\/webp\" \/>\n<meta name=\"twitter:card\" content=\"summary_large_image\" \/>\n<script type=\"application\/ld+json\" class=\"yoast-schema-graph\">{\"@context\":\"https:\/\/schema.org\",\"@graph\":[{\"@type\":\"WebPage\",\"@id\":\"https:\/\/inti.hr\/bs\/proizvod\/ogledalo-set-umivaonika\/\",\"url\":\"https:\/\/inti.hr\/bs\/proizvod\/ogledalo-set-umivaonika\/\",\"name\":\"Ogledalo + set umivaonika - Inti\",\"isPartOf\":{\"@id\":\"https:\/\/inti.hr\/bs\/#website\"},\"primaryImageOfPage\":{\"@id\":\"https:\/\/inti.hr\/bs\/proizvod\/ogledalo-set-umivaonika\/#primaryimage\"},\"image\":{\"@id\":\"https:\/\/inti.hr\/bs\/proizvod\/ogledalo-set-umivaonika\/#primaryimage\"},\"thumbnailUrl\":\"https:\/\/i0.wp.com\/inti.hr\/wp-content\/uploads\/2025\/03\/BZR198-N-A-Y003_860x.webp?fit=860%2C860&ssl=1\",\"datePublished\":\"2025-03-04T13:23:20+00:00\",\"dateModified\":\"2025-03-04T13:23:20+00:00\",\"description\":\"Ovaj proizvod dolazi u pakiranju sa\u0107a koje se mo\u017ee 100% reciklirati, \u0161to ga \u010dini sigurnim i pouzdanim za kori\u0161tenje. S uputama za sastavljanje i vijcima. Jednostavna instalacija. Proizvod dolazi s velikim sudoperom i samo trebate ugraditi dodatnu odvodnu cijev i slavinu. U na\u0161oj trgovini ne prodajemo odvodne cijevi i slavine, pa vas molimo da se opremite pravima.Opremljen s 4 jastu\u010di\u0107a od filca protiv ogrebotina za za\u0161titu va\u0161ih zidova.Ormar nudi dodatni zatvoreni prostor ispod umivaonika, gdje mo\u017eete pohraniti toaletne potrep\u0161tine.Dvije velike ladice pru\u017eaju dovoljno prostora za va\u0161e toaletne potrep\u0161tine. Nema ru\u010dki na ladicama, ali svejedno mo\u017eete lako otvoriti ormari\u0107e, jer nagib iznad vrata omogu\u0107uje da umetnete prste da ih otvorite.Minimalisti\u010dki stil u\u010dinit \u0107e da va\u0161a kupaonica izgleda \u010disto i veliko.Proizvod je uski ormari\u0107 za umivaonik koji ne zauzima previ\u0161e mjesta u kupaonici i pru\u017ea dovoljno prostora za svakodnevne toaletne potrep\u0161tine.Prakti\u010dna polica s ogledalom prikladna je za male kupaonske dodatke kao \u0161to su kreme, parfemi, \u010da\u0161ice za \u010detkice za zube, \u010detkice za zube, \u010de\u0161alj ili druge sitnice.\",\"breadcrumb\":{\"@id\":\"https:\/\/inti.hr\/bs\/proizvod\/ogledalo-set-umivaonika\/#breadcrumb\"},\"inLanguage\":\"bs-BA\",\"potentialAction\":[{\"@type\":\"ReadAction\",\"target\":[\"https:\/\/inti.hr\/bs\/proizvod\/ogledalo-set-umivaonika\/\"]}]},{\"@type\":\"ImageObject\",\"inLanguage\":\"bs-BA\",\"@id\":\"https:\/\/inti.hr\/bs\/proizvod\/ogledalo-set-umivaonika\/#primaryimage\",\"url\":\"https:\/\/i0.wp.com\/inti.hr\/wp-content\/uploads\/2025\/03\/BZR198-N-A-Y003_860x.webp?fit=860%2C860&ssl=1\",\"contentUrl\":\"https:\/\/i0.wp.com\/inti.hr\/wp-content\/uploads\/2025\/03\/BZR198-N-A-Y003_860x.webp?fit=860%2C860&ssl=1\",\"width\":860,\"height\":860,\"caption\":\"SoBuy Ogledalo + set umivaonika BZR198-N\"},{\"@type\":\"BreadcrumbList\",\"@id\":\"https:\/\/inti.hr\/bs\/proizvod\/ogledalo-set-umivaonika\/#breadcrumb\",\"itemListElement\":[{\"@type\":\"ListItem\",\"position\":1,\"name\":\"Po\u010detna stranica\",\"item\":\"https:\/\/inti.hr\/bs\/\"},{\"@type\":\"ListItem\",\"position\":2,\"name\":\"Trgovina\",\"item\":\"https:\/\/inti.hr\/bs\/trgovina\/\"},{\"@type\":\"ListItem\",\"position\":3,\"name\":\"Ogledalo + set umivaonika\"}]},{\"@type\":\"WebSite\",\"@id\":\"https:\/\/inti.hr\/bs\/#website\",\"url\":\"https:\/\/inti.hr\/bs\/\",\"name\":\"Inti\",\"description\":\"trgovina\",\"potentialAction\":[{\"@type\":\"SearchAction\",\"target\":{\"@type\":\"EntryPoint\",\"urlTemplate\":\"https:\/\/inti.hr\/bs\/?s={search_term_string}\"},\"query-input\":{\"@type\":\"PropertyValueSpecification\",\"valueRequired\":true,\"valueName\":\"search_term_string\"}}],\"inLanguage\":\"bs-BA\"}]}<\/script>\n<!-- \/ Yoast SEO plugin. -->","yoast_head_json":{"title":"Ogledalo + set umivaonika - Inti","description":"Ovaj proizvod dolazi u pakiranju sa\u0107a koje se mo\u017ee 100% reciklirati, \u0161to ga \u010dini sigurnim i pouzdanim za kori\u0161tenje. S uputama za sastavljanje i vijcima. Jednostavna instalacija. Proizvod dolazi s velikim sudoperom i samo trebate ugraditi dodatnu odvodnu cijev i slavinu. U na\u0161oj trgovini ne prodajemo odvodne cijevi i slavine, pa vas molimo da se opremite pravima.Opremljen s 4 jastu\u010di\u0107a od filca protiv ogrebotina za za\u0161titu va\u0161ih zidova.Ormar nudi dodatni zatvoreni prostor ispod umivaonika, gdje mo\u017eete pohraniti toaletne potrep\u0161tine.Dvije velike ladice pru\u017eaju dovoljno prostora za va\u0161e toaletne potrep\u0161tine. Nema ru\u010dki na ladicama, ali svejedno mo\u017eete lako otvoriti ormari\u0107e, jer nagib iznad vrata omogu\u0107uje da umetnete prste da ih otvorite.Minimalisti\u010dki stil u\u010dinit \u0107e da va\u0161a kupaonica izgleda \u010disto i veliko.Proizvod je uski ormari\u0107 za umivaonik koji ne zauzima previ\u0161e mjesta u kupaonici i pru\u017ea dovoljno prostora za svakodnevne toaletne potrep\u0161tine.Prakti\u010dna polica s ogledalom prikladna je za male kupaonske dodatke kao \u0161to su kreme, parfemi, \u010da\u0161ice za \u010detkice za zube, \u010detkice za zube, \u010de\u0161alj ili druge sitnice.","robots":{"index":"index","follow":"follow","max-snippet":"max-snippet:-1","max-image-preview":"max-image-preview:large","max-video-preview":"max-video-preview:-1"},"canonical":"https:\/\/inti.hr\/bs\/proizvod\/ogledalo-set-umivaonika\/","og_locale":"bs_BA","og_type":"article","og_title":"Ogledalo + set umivaonika - Inti","og_description":"Ovaj proizvod dolazi u pakiranju sa\u0107a koje se mo\u017ee 100% reciklirati, \u0161to ga \u010dini sigurnim i pouzdanim za kori\u0161tenje. S uputama za sastavljanje i vijcima. Jednostavna instalacija. Proizvod dolazi s velikim sudoperom i samo trebate ugraditi dodatnu odvodnu cijev i slavinu. U na\u0161oj trgovini ne prodajemo odvodne cijevi i slavine, pa vas molimo da se opremite pravima.Opremljen s 4 jastu\u010di\u0107a od filca protiv ogrebotina za za\u0161titu va\u0161ih zidova.Ormar nudi dodatni zatvoreni prostor ispod umivaonika, gdje mo\u017eete pohraniti toaletne potrep\u0161tine.Dvije velike ladice pru\u017eaju dovoljno prostora za va\u0161e toaletne potrep\u0161tine. Nema ru\u010dki na ladicama, ali svejedno mo\u017eete lako otvoriti ormari\u0107e, jer nagib iznad vrata omogu\u0107uje da umetnete prste da ih otvorite.Minimalisti\u010dki stil u\u010dinit \u0107e da va\u0161a kupaonica izgleda \u010disto i veliko.Proizvod je uski ormari\u0107 za umivaonik koji ne zauzima previ\u0161e mjesta u kupaonici i pru\u017ea dovoljno prostora za svakodnevne toaletne potrep\u0161tine.Prakti\u010dna polica s ogledalom prikladna je za male kupaonske dodatke kao \u0161to su kreme, parfemi, \u010da\u0161ice za \u010detkice za zube, \u010detkice za zube, \u010de\u0161alj ili druge sitnice.","og_url":"https:\/\/inti.hr\/bs\/proizvod\/ogledalo-set-umivaonika\/","og_site_name":"Inti","og_image":[{"width":860,"height":860,"url":"https:\/\/i0.wp.com\/inti.hr\/wp-content\/uploads\/2025\/03\/BZR198-N-A-Y003_860x.webp?fit=860%2C860&ssl=1","type":"image\/webp"}],"twitter_card":"summary_large_image","schema":{"@context":"https:\/\/schema.org","@graph":[{"@type":"WebPage","@id":"https:\/\/inti.hr\/bs\/proizvod\/ogledalo-set-umivaonika\/","url":"https:\/\/inti.hr\/bs\/proizvod\/ogledalo-set-umivaonika\/","name":"Ogledalo + set umivaonika - Inti","isPartOf":{"@id":"https:\/\/inti.hr\/bs\/#website"},"primaryImageOfPage":{"@id":"https:\/\/inti.hr\/bs\/proizvod\/ogledalo-set-umivaonika\/#primaryimage"},"image":{"@id":"https:\/\/inti.hr\/bs\/proizvod\/ogledalo-set-umivaonika\/#primaryimage"},"thumbnailUrl":"https:\/\/i0.wp.com\/inti.hr\/wp-content\/uploads\/2025\/03\/BZR198-N-A-Y003_860x.webp?fit=860%2C860&ssl=1","datePublished":"2025-03-04T13:23:20+00:00","dateModified":"2025-03-04T13:23:20+00:00","description":"Ovaj proizvod dolazi u pakiranju sa\u0107a koje se mo\u017ee 100% reciklirati, \u0161to ga \u010dini sigurnim i pouzdanim za kori\u0161tenje. S uputama za sastavljanje i vijcima. Jednostavna instalacija. Proizvod dolazi s velikim sudoperom i samo trebate ugraditi dodatnu odvodnu cijev i slavinu. U na\u0161oj trgovini ne prodajemo odvodne cijevi i slavine, pa vas molimo da se opremite pravima.Opremljen s 4 jastu\u010di\u0107a od filca protiv ogrebotina za za\u0161titu va\u0161ih zidova.Ormar nudi dodatni zatvoreni prostor ispod umivaonika, gdje mo\u017eete pohraniti toaletne potrep\u0161tine.Dvije velike ladice pru\u017eaju dovoljno prostora za va\u0161e toaletne potrep\u0161tine. Nema ru\u010dki na ladicama, ali svejedno mo\u017eete lako otvoriti ormari\u0107e, jer nagib iznad vrata omogu\u0107uje da umetnete prste da ih otvorite.Minimalisti\u010dki stil u\u010dinit \u0107e da va\u0161a kupaonica izgleda \u010disto i veliko.Proizvod je uski ormari\u0107 za umivaonik koji ne zauzima previ\u0161e mjesta u kupaonici i pru\u017ea dovoljno prostora za svakodnevne toaletne potrep\u0161tine.Prakti\u010dna polica s ogledalom prikladna je za male kupaonske dodatke kao \u0161to su kreme, parfemi, \u010da\u0161ice za \u010detkice za zube, \u010detkice za zube, \u010de\u0161alj ili druge sitnice.","breadcrumb":{"@id":"https:\/\/inti.hr\/bs\/proizvod\/ogledalo-set-umivaonika\/#breadcrumb"},"inLanguage":"bs-BA","potentialAction":[{"@type":"ReadAction","target":["https:\/\/inti.hr\/bs\/proizvod\/ogledalo-set-umivaonika\/"]}]},{"@type":"ImageObject","inLanguage":"bs-BA","@id":"https:\/\/inti.hr\/bs\/proizvod\/ogledalo-set-umivaonika\/#primaryimage","url":"https:\/\/i0.wp.com\/inti.hr\/wp-content\/uploads\/2025\/03\/BZR198-N-A-Y003_860x.webp?fit=860%2C860&ssl=1","contentUrl":"https:\/\/i0.wp.com\/inti.hr\/wp-content\/uploads\/2025\/03\/BZR198-N-A-Y003_860x.webp?fit=860%2C860&ssl=1","width":860,"height":860,"caption":"SoBuy Ogledalo + set umivaonika BZR198-N"},{"@type":"BreadcrumbList","@id":"https:\/\/inti.hr\/bs\/proizvod\/ogledalo-set-umivaonika\/#breadcrumb","itemListElement":[{"@type":"ListItem","position":1,"name":"Po\u010detna stranica","item":"https:\/\/inti.hr\/bs\/"},{"@type":"ListItem","position":2,"name":"Trgovina","item":"https:\/\/inti.hr\/bs\/trgovina\/"},{"@type":"ListItem","position":3,"name":"Ogledalo + set umivaonika"}]},{"@type":"WebSite","@id":"https:\/\/inti.hr\/bs\/#website","url":"https:\/\/inti.hr\/bs\/","name":"Inti","description":"trgovina","potentialAction":[{"@type":"SearchAction","target":{"@type":"EntryPoint","urlTemplate":"https:\/\/inti.hr\/bs\/?s={search_term_string}"},"query-input":{"@type":"PropertyValueSpecification","valueRequired":true,"valueName":"search_term_string"}}],"inLanguage":"bs-BA"}]}},"jetpack_sharing_enabled":true,"jetpack-related-posts":[],"_links":{"self":[{"href":"https:\/\/inti.hr\/bs\/wp-json\/wp\/v2\/product\/31479"}],"collection":[{"href":"https:\/\/inti.hr\/bs\/wp-json\/wp\/v2\/product"}],"about":[{"href":"https:\/\/inti.hr\/bs\/wp-json\/wp\/v2\/types\/product"}],"wp:featuredmedia":[{"embeddable":true,"href":"https:\/\/inti.hr\/bs\/wp-json\/wp\/v2\/media\/31480"}],"wp:attachment":[{"href":"https:\/\/inti.hr\/bs\/wp-json\/wp\/v2\/media?parent=31479"}],"wp:term":[{"taxonomy":"product_cat","embeddable":true,"href":"https:\/\/inti.hr\/bs\/wp-json\/wp\/v2\/product_cat?post=31479"},{"taxonomy":"product_tag","embeddable":true,"href":"https:\/\/inti.hr\/bs\/wp-json\/wp\/v2\/product_tag?post=31479"}],"curies":[{"name":"wp","href":"https:\/\/api.w.org\/{rel}","templated":true}]}}