{"id":31483,"date":"2025-03-04T14:20:22","date_gmt":"2025-03-04T13:20:22","guid":{"rendered":"https:\/\/inti.hr\/product\/ormaric-za-umivaonik-40x22x56cm-2\/"},"modified":"2025-03-04T14:20:22","modified_gmt":"2025-03-04T13:20:22","slug":"ormaric-za-umivaonik-40x22x56cm-2","status":"publish","type":"product","link":"https:\/\/inti.hr\/bs\/proizvod\/ormaric-za-umivaonik-40x22x56cm-2\/","title":{"rendered":"Ormari\u0107 za umivaonik 40x22x56cm"},"content":{"rendered":"<p>Detalji proizvoda:<\/p>\n<p>Te\u017eina: oko 12,8 kg<br \/>\nTestirano na: 15 kg (sudoper 10 kg, postolje 5 kg)<br \/>\nMaterijal: MDF (E1), keramika<br \/>\nDimenzije proizvoda: 40x22x56cm (vidi sliku)<br \/>\nDostava: u 1 paketu<br \/>\nDimenzije paketa: 59x48x24 cm.<br \/>\nS uputama za sastavljanje i vijcima. Jednostavna instalacija.<\/p>\n","protected":false},"excerpt":{"rendered":"<p><span>Minimalizam i funkcionalnost u jednom rje\u0161enju\u00a0<\/span><br \/>\n<span>Zahvaljuju\u0107i svom kompaktnom i vise\u0107em dizajnu, &#8230; <\/p>\n","protected":false},"featured_media":31484,"template":"","meta":[],"product_cat":[2392],"product_tag":[2520,2521],"yoast_head":"<!-- This site is optimized with the Yoast SEO plugin v23.7 - https:\/\/yoast.com\/wordpress\/plugins\/seo\/ -->\n<title>Ormari\u0107 za umivaonik 40x22x56cm - Inti<\/title>\n<meta name=\"description\" content=\"Minimalizam i funkcionalnost u jednom rje\u0161enju Zahvaljuju\u0107i svom kompaktnom i vise\u0107em dizajnu, ovaj ormari\u0107 za umivaonik \u010dini kupaonicu vizualno prostranijom i urednijom, kombiniraju\u0107i prakti\u010dnost i stil u jednom rje\u0161enju.Umivaonik uklju\u010den: Uz proizvod dolazi umivaonik 30 x 18 x 5 cm, potrebno je samo ugraditi sifon i dodatnu slavinu. (Sifoni i slavine nisu uklju\u010deni u na\u0161u trgovinu, pa ih nabavite zasebno.)Kompaktan i funkcionalan: ovaj uski ormari\u0107 savr\u0161eno pristaje u male kupaonice, nude\u0107i dovoljno prostora za pohranu kupaonskih proizvoda i pribora.Vise\u0107i sklop: Ormari\u0107 je fiksiran na zid, izbjegavaju\u0107i kontakt s vla\u017enim podom i \u0161tite\u0107i drvo od tro\u0161enja.Fleksibilno otvaranje: Vrata se mogu montirati i desno i lijevo, \u0161to vam omogu\u0107uje da odaberete najprikladniji smjer otvaranja.Dodatna za\u0161tita: Opremljen s 4 jastu\u010di\u0107a od filca protiv ogrebotina, \u0161titi va\u0161e zidove od o\u0161te\u0107enja.Minimalisti\u010dki dizajn: Nedostatak ru\u010dki nadokna\u0111en je prakti\u010dnim nagibom iznad vrata, koji omogu\u0107uje jednostavno otvaranje bez ugro\u017eavanja \u010diste i moderne estetike ormari\u0107a.\" \/>\n<meta name=\"robots\" content=\"index, follow, max-snippet:-1, max-image-preview:large, max-video-preview:-1\" \/>\n<link rel=\"canonical\" href=\"https:\/\/inti.hr\/bs\/proizvod\/ormaric-za-umivaonik-40x22x56cm-2\/\" \/>\n<meta property=\"og:locale\" content=\"bs_BA\" \/>\n<meta property=\"og:type\" content=\"article\" \/>\n<meta property=\"og:title\" content=\"Ormari\u0107 za umivaonik 40x22x56cm - Inti\" \/>\n<meta property=\"og:description\" content=\"Minimalizam i funkcionalnost u jednom rje\u0161enju Zahvaljuju\u0107i svom kompaktnom i vise\u0107em dizajnu, ovaj ormari\u0107 za umivaonik \u010dini kupaonicu vizualno prostranijom i urednijom, kombiniraju\u0107i prakti\u010dnost i stil u jednom rje\u0161enju.Umivaonik uklju\u010den: Uz proizvod dolazi umivaonik 30 x 18 x 5 cm, potrebno je samo ugraditi sifon i dodatnu slavinu. (Sifoni i slavine nisu uklju\u010deni u na\u0161u trgovinu, pa ih nabavite zasebno.)Kompaktan i funkcionalan: ovaj uski ormari\u0107 savr\u0161eno pristaje u male kupaonice, nude\u0107i dovoljno prostora za pohranu kupaonskih proizvoda i pribora.Vise\u0107i sklop: Ormari\u0107 je fiksiran na zid, izbjegavaju\u0107i kontakt s vla\u017enim podom i \u0161tite\u0107i drvo od tro\u0161enja.Fleksibilno otvaranje: Vrata se mogu montirati i desno i lijevo, \u0161to vam omogu\u0107uje da odaberete najprikladniji smjer otvaranja.Dodatna za\u0161tita: Opremljen s 4 jastu\u010di\u0107a od filca protiv ogrebotina, \u0161titi va\u0161e zidove od o\u0161te\u0107enja.Minimalisti\u010dki dizajn: Nedostatak ru\u010dki nadokna\u0111en je prakti\u010dnim nagibom iznad vrata, koji omogu\u0107uje jednostavno otvaranje bez ugro\u017eavanja \u010diste i moderne estetike ormari\u0107a.\" \/>\n<meta property=\"og:url\" content=\"https:\/\/inti.hr\/bs\/proizvod\/ormaric-za-umivaonik-40x22x56cm-2\/\" \/>\n<meta property=\"og:site_name\" content=\"Inti\" \/>\n<meta property=\"og:image\" content=\"https:\/\/i0.wp.com\/inti.hr\/wp-content\/uploads\/2025\/03\/BZR197-N-S006_1800x1800.webp?fit=1600%2C1600&ssl=1\" \/>\n\t<meta property=\"og:image:width\" content=\"1600\" \/>\n\t<meta property=\"og:image:height\" content=\"1600\" \/>\n\t<meta property=\"og:image:type\" content=\"image\/webp\" \/>\n<meta name=\"twitter:card\" content=\"summary_large_image\" \/>\n<script type=\"application\/ld+json\" class=\"yoast-schema-graph\">{\"@context\":\"https:\/\/schema.org\",\"@graph\":[{\"@type\":\"WebPage\",\"@id\":\"https:\/\/inti.hr\/bs\/proizvod\/ormaric-za-umivaonik-40x22x56cm-2\/\",\"url\":\"https:\/\/inti.hr\/bs\/proizvod\/ormaric-za-umivaonik-40x22x56cm-2\/\",\"name\":\"Ormari\u0107 za umivaonik 40x22x56cm - Inti\",\"isPartOf\":{\"@id\":\"https:\/\/inti.hr\/bs\/#website\"},\"primaryImageOfPage\":{\"@id\":\"https:\/\/inti.hr\/bs\/proizvod\/ormaric-za-umivaonik-40x22x56cm-2\/#primaryimage\"},\"image\":{\"@id\":\"https:\/\/inti.hr\/bs\/proizvod\/ormaric-za-umivaonik-40x22x56cm-2\/#primaryimage\"},\"thumbnailUrl\":\"https:\/\/i0.wp.com\/inti.hr\/wp-content\/uploads\/2025\/03\/BZR197-N-S006_1800x1800.webp?fit=1600%2C1600&ssl=1\",\"datePublished\":\"2025-03-04T13:20:22+00:00\",\"dateModified\":\"2025-03-04T13:20:22+00:00\",\"description\":\"Minimalizam i funkcionalnost u jednom rje\u0161enju Zahvaljuju\u0107i svom kompaktnom i vise\u0107em dizajnu, ovaj ormari\u0107 za umivaonik \u010dini kupaonicu vizualno prostranijom i urednijom, kombiniraju\u0107i prakti\u010dnost i stil u jednom rje\u0161enju.Umivaonik uklju\u010den: Uz proizvod dolazi umivaonik 30 x 18 x 5 cm, potrebno je samo ugraditi sifon i dodatnu slavinu. (Sifoni i slavine nisu uklju\u010deni u na\u0161u trgovinu, pa ih nabavite zasebno.)Kompaktan i funkcionalan: ovaj uski ormari\u0107 savr\u0161eno pristaje u male kupaonice, nude\u0107i dovoljno prostora za pohranu kupaonskih proizvoda i pribora.Vise\u0107i sklop: Ormari\u0107 je fiksiran na zid, izbjegavaju\u0107i kontakt s vla\u017enim podom i \u0161tite\u0107i drvo od tro\u0161enja.Fleksibilno otvaranje: Vrata se mogu montirati i desno i lijevo, \u0161to vam omogu\u0107uje da odaberete najprikladniji smjer otvaranja.Dodatna za\u0161tita: Opremljen s 4 jastu\u010di\u0107a od filca protiv ogrebotina, \u0161titi va\u0161e zidove od o\u0161te\u0107enja.Minimalisti\u010dki dizajn: Nedostatak ru\u010dki nadokna\u0111en je prakti\u010dnim nagibom iznad vrata, koji omogu\u0107uje jednostavno otvaranje bez ugro\u017eavanja \u010diste i moderne estetike ormari\u0107a.\",\"breadcrumb\":{\"@id\":\"https:\/\/inti.hr\/bs\/proizvod\/ormaric-za-umivaonik-40x22x56cm-2\/#breadcrumb\"},\"inLanguage\":\"bs-BA\",\"potentialAction\":[{\"@type\":\"ReadAction\",\"target\":[\"https:\/\/inti.hr\/bs\/proizvod\/ormaric-za-umivaonik-40x22x56cm-2\/\"]}]},{\"@type\":\"ImageObject\",\"inLanguage\":\"bs-BA\",\"@id\":\"https:\/\/inti.hr\/bs\/proizvod\/ormaric-za-umivaonik-40x22x56cm-2\/#primaryimage\",\"url\":\"https:\/\/i0.wp.com\/inti.hr\/wp-content\/uploads\/2025\/03\/BZR197-N-S006_1800x1800.webp?fit=1600%2C1600&ssl=1\",\"contentUrl\":\"https:\/\/i0.wp.com\/inti.hr\/wp-content\/uploads\/2025\/03\/BZR197-N-S006_1800x1800.webp?fit=1600%2C1600&ssl=1\",\"width\":1600,\"height\":1600,\"caption\":\"SoBuy ormari\u0107 za umivaonik 40x22x56cm BZR197-N\"},{\"@type\":\"BreadcrumbList\",\"@id\":\"https:\/\/inti.hr\/bs\/proizvod\/ormaric-za-umivaonik-40x22x56cm-2\/#breadcrumb\",\"itemListElement\":[{\"@type\":\"ListItem\",\"position\":1,\"name\":\"Po\u010detna stranica\",\"item\":\"https:\/\/inti.hr\/bs\/\"},{\"@type\":\"ListItem\",\"position\":2,\"name\":\"Trgovina\",\"item\":\"https:\/\/inti.hr\/bs\/trgovina\/\"},{\"@type\":\"ListItem\",\"position\":3,\"name\":\"Ormari\u0107 za umivaonik 40x22x56cm\"}]},{\"@type\":\"WebSite\",\"@id\":\"https:\/\/inti.hr\/bs\/#website\",\"url\":\"https:\/\/inti.hr\/bs\/\",\"name\":\"Inti\",\"description\":\"trgovina\",\"potentialAction\":[{\"@type\":\"SearchAction\",\"target\":{\"@type\":\"EntryPoint\",\"urlTemplate\":\"https:\/\/inti.hr\/bs\/?s={search_term_string}\"},\"query-input\":{\"@type\":\"PropertyValueSpecification\",\"valueRequired\":true,\"valueName\":\"search_term_string\"}}],\"inLanguage\":\"bs-BA\"}]}<\/script>\n<!-- \/ Yoast SEO plugin. -->","yoast_head_json":{"title":"Ormari\u0107 za umivaonik 40x22x56cm - Inti","description":"Minimalizam i funkcionalnost u jednom rje\u0161enju Zahvaljuju\u0107i svom kompaktnom i vise\u0107em dizajnu, ovaj ormari\u0107 za umivaonik \u010dini kupaonicu vizualno prostranijom i urednijom, kombiniraju\u0107i prakti\u010dnost i stil u jednom rje\u0161enju.Umivaonik uklju\u010den: Uz proizvod dolazi umivaonik 30 x 18 x 5 cm, potrebno je samo ugraditi sifon i dodatnu slavinu. (Sifoni i slavine nisu uklju\u010deni u na\u0161u trgovinu, pa ih nabavite zasebno.)Kompaktan i funkcionalan: ovaj uski ormari\u0107 savr\u0161eno pristaje u male kupaonice, nude\u0107i dovoljno prostora za pohranu kupaonskih proizvoda i pribora.Vise\u0107i sklop: Ormari\u0107 je fiksiran na zid, izbjegavaju\u0107i kontakt s vla\u017enim podom i \u0161tite\u0107i drvo od tro\u0161enja.Fleksibilno otvaranje: Vrata se mogu montirati i desno i lijevo, \u0161to vam omogu\u0107uje da odaberete najprikladniji smjer otvaranja.Dodatna za\u0161tita: Opremljen s 4 jastu\u010di\u0107a od filca protiv ogrebotina, \u0161titi va\u0161e zidove od o\u0161te\u0107enja.Minimalisti\u010dki dizajn: Nedostatak ru\u010dki nadokna\u0111en je prakti\u010dnim nagibom iznad vrata, koji omogu\u0107uje jednostavno otvaranje bez ugro\u017eavanja \u010diste i moderne estetike ormari\u0107a.","robots":{"index":"index","follow":"follow","max-snippet":"max-snippet:-1","max-image-preview":"max-image-preview:large","max-video-preview":"max-video-preview:-1"},"canonical":"https:\/\/inti.hr\/bs\/proizvod\/ormaric-za-umivaonik-40x22x56cm-2\/","og_locale":"bs_BA","og_type":"article","og_title":"Ormari\u0107 za umivaonik 40x22x56cm - Inti","og_description":"Minimalizam i funkcionalnost u jednom rje\u0161enju Zahvaljuju\u0107i svom kompaktnom i vise\u0107em dizajnu, ovaj ormari\u0107 za umivaonik \u010dini kupaonicu vizualno prostranijom i urednijom, kombiniraju\u0107i prakti\u010dnost i stil u jednom rje\u0161enju.Umivaonik uklju\u010den: Uz proizvod dolazi umivaonik 30 x 18 x 5 cm, potrebno je samo ugraditi sifon i dodatnu slavinu. (Sifoni i slavine nisu uklju\u010deni u na\u0161u trgovinu, pa ih nabavite zasebno.)Kompaktan i funkcionalan: ovaj uski ormari\u0107 savr\u0161eno pristaje u male kupaonice, nude\u0107i dovoljno prostora za pohranu kupaonskih proizvoda i pribora.Vise\u0107i sklop: Ormari\u0107 je fiksiran na zid, izbjegavaju\u0107i kontakt s vla\u017enim podom i \u0161tite\u0107i drvo od tro\u0161enja.Fleksibilno otvaranje: Vrata se mogu montirati i desno i lijevo, \u0161to vam omogu\u0107uje da odaberete najprikladniji smjer otvaranja.Dodatna za\u0161tita: Opremljen s 4 jastu\u010di\u0107a od filca protiv ogrebotina, \u0161titi va\u0161e zidove od o\u0161te\u0107enja.Minimalisti\u010dki dizajn: Nedostatak ru\u010dki nadokna\u0111en je prakti\u010dnim nagibom iznad vrata, koji omogu\u0107uje jednostavno otvaranje bez ugro\u017eavanja \u010diste i moderne estetike ormari\u0107a.","og_url":"https:\/\/inti.hr\/bs\/proizvod\/ormaric-za-umivaonik-40x22x56cm-2\/","og_site_name":"Inti","og_image":[{"width":1600,"height":1600,"url":"https:\/\/i0.wp.com\/inti.hr\/wp-content\/uploads\/2025\/03\/BZR197-N-S006_1800x1800.webp?fit=1600%2C1600&ssl=1","type":"image\/webp"}],"twitter_card":"summary_large_image","schema":{"@context":"https:\/\/schema.org","@graph":[{"@type":"WebPage","@id":"https:\/\/inti.hr\/bs\/proizvod\/ormaric-za-umivaonik-40x22x56cm-2\/","url":"https:\/\/inti.hr\/bs\/proizvod\/ormaric-za-umivaonik-40x22x56cm-2\/","name":"Ormari\u0107 za umivaonik 40x22x56cm - Inti","isPartOf":{"@id":"https:\/\/inti.hr\/bs\/#website"},"primaryImageOfPage":{"@id":"https:\/\/inti.hr\/bs\/proizvod\/ormaric-za-umivaonik-40x22x56cm-2\/#primaryimage"},"image":{"@id":"https:\/\/inti.hr\/bs\/proizvod\/ormaric-za-umivaonik-40x22x56cm-2\/#primaryimage"},"thumbnailUrl":"https:\/\/i0.wp.com\/inti.hr\/wp-content\/uploads\/2025\/03\/BZR197-N-S006_1800x1800.webp?fit=1600%2C1600&ssl=1","datePublished":"2025-03-04T13:20:22+00:00","dateModified":"2025-03-04T13:20:22+00:00","description":"Minimalizam i funkcionalnost u jednom rje\u0161enju Zahvaljuju\u0107i svom kompaktnom i vise\u0107em dizajnu, ovaj ormari\u0107 za umivaonik \u010dini kupaonicu vizualno prostranijom i urednijom, kombiniraju\u0107i prakti\u010dnost i stil u jednom rje\u0161enju.Umivaonik uklju\u010den: Uz proizvod dolazi umivaonik 30 x 18 x 5 cm, potrebno je samo ugraditi sifon i dodatnu slavinu. (Sifoni i slavine nisu uklju\u010deni u na\u0161u trgovinu, pa ih nabavite zasebno.)Kompaktan i funkcionalan: ovaj uski ormari\u0107 savr\u0161eno pristaje u male kupaonice, nude\u0107i dovoljno prostora za pohranu kupaonskih proizvoda i pribora.Vise\u0107i sklop: Ormari\u0107 je fiksiran na zid, izbjegavaju\u0107i kontakt s vla\u017enim podom i \u0161tite\u0107i drvo od tro\u0161enja.Fleksibilno otvaranje: Vrata se mogu montirati i desno i lijevo, \u0161to vam omogu\u0107uje da odaberete najprikladniji smjer otvaranja.Dodatna za\u0161tita: Opremljen s 4 jastu\u010di\u0107a od filca protiv ogrebotina, \u0161titi va\u0161e zidove od o\u0161te\u0107enja.Minimalisti\u010dki dizajn: Nedostatak ru\u010dki nadokna\u0111en je prakti\u010dnim nagibom iznad vrata, koji omogu\u0107uje jednostavno otvaranje bez ugro\u017eavanja \u010diste i moderne estetike ormari\u0107a.","breadcrumb":{"@id":"https:\/\/inti.hr\/bs\/proizvod\/ormaric-za-umivaonik-40x22x56cm-2\/#breadcrumb"},"inLanguage":"bs-BA","potentialAction":[{"@type":"ReadAction","target":["https:\/\/inti.hr\/bs\/proizvod\/ormaric-za-umivaonik-40x22x56cm-2\/"]}]},{"@type":"ImageObject","inLanguage":"bs-BA","@id":"https:\/\/inti.hr\/bs\/proizvod\/ormaric-za-umivaonik-40x22x56cm-2\/#primaryimage","url":"https:\/\/i0.wp.com\/inti.hr\/wp-content\/uploads\/2025\/03\/BZR197-N-S006_1800x1800.webp?fit=1600%2C1600&ssl=1","contentUrl":"https:\/\/i0.wp.com\/inti.hr\/wp-content\/uploads\/2025\/03\/BZR197-N-S006_1800x1800.webp?fit=1600%2C1600&ssl=1","width":1600,"height":1600,"caption":"SoBuy ormari\u0107 za umivaonik 40x22x56cm BZR197-N"},{"@type":"BreadcrumbList","@id":"https:\/\/inti.hr\/bs\/proizvod\/ormaric-za-umivaonik-40x22x56cm-2\/#breadcrumb","itemListElement":[{"@type":"ListItem","position":1,"name":"Po\u010detna stranica","item":"https:\/\/inti.hr\/bs\/"},{"@type":"ListItem","position":2,"name":"Trgovina","item":"https:\/\/inti.hr\/bs\/trgovina\/"},{"@type":"ListItem","position":3,"name":"Ormari\u0107 za umivaonik 40x22x56cm"}]},{"@type":"WebSite","@id":"https:\/\/inti.hr\/bs\/#website","url":"https:\/\/inti.hr\/bs\/","name":"Inti","description":"trgovina","potentialAction":[{"@type":"SearchAction","target":{"@type":"EntryPoint","urlTemplate":"https:\/\/inti.hr\/bs\/?s={search_term_string}"},"query-input":{"@type":"PropertyValueSpecification","valueRequired":true,"valueName":"search_term_string"}}],"inLanguage":"bs-BA"}]}},"jetpack_sharing_enabled":true,"jetpack-related-posts":[],"_links":{"self":[{"href":"https:\/\/inti.hr\/bs\/wp-json\/wp\/v2\/product\/31483"}],"collection":[{"href":"https:\/\/inti.hr\/bs\/wp-json\/wp\/v2\/product"}],"about":[{"href":"https:\/\/inti.hr\/bs\/wp-json\/wp\/v2\/types\/product"}],"wp:featuredmedia":[{"embeddable":true,"href":"https:\/\/inti.hr\/bs\/wp-json\/wp\/v2\/media\/31484"}],"wp:attachment":[{"href":"https:\/\/inti.hr\/bs\/wp-json\/wp\/v2\/media?parent=31483"}],"wp:term":[{"taxonomy":"product_cat","embeddable":true,"href":"https:\/\/inti.hr\/bs\/wp-json\/wp\/v2\/product_cat?post=31483"},{"taxonomy":"product_tag","embeddable":true,"href":"https:\/\/inti.hr\/bs\/wp-json\/wp\/v2\/product_tag?post=31483"}],"curies":[{"name":"wp","href":"https:\/\/api.w.org\/{rel}","templated":true}]}}