{"id":31491,"date":"2025-03-03T13:48:51","date_gmt":"2025-03-03T12:48:51","guid":{"rendered":"https:\/\/inti.hr\/product\/kupaonski-ormaric-44x31x80-cm\/"},"modified":"2025-03-03T13:48:51","modified_gmt":"2025-03-03T12:48:51","slug":"kupaonski-ormaric-44x31x80-cm","status":"publish","type":"product","link":"https:\/\/inti.hr\/bs\/proizvod\/kupaonski-ormaric-44x31x80-cm\/","title":{"rendered":"Kupaonski ormari\u0107 44x31x80 cm"},"content":{"rendered":"<p>Detalji proizvoda:<\/p>\n<p>Te\u017eina: oko 12,8 kg<br \/>\nTestirano za: 19 kg<br \/>\nMaterijal: MDF (E1)<br \/>\nDimenzije proizvoda: 44x31x80 cm (vidi sliku)<br \/>\nDostava: u 1 paketu<br \/>\nDimenzije paketa: 84x38x12 cm.<br \/>\nS uputama za sastavljanje i vijcima. Jednostavna instalacija<\/p>\n","protected":false},"excerpt":{"rendered":"<p>Njegov elegantan i funkcionalan izgled \u010dini ga savr\u0161enim za kupaonicu, dnevni &#8230; <\/p>\n","protected":false},"featured_media":31492,"template":"","meta":[],"product_cat":[2392],"product_tag":[2520,2980],"yoast_head":"<!-- This site is optimized with the Yoast SEO plugin v23.7 - https:\/\/yoast.com\/wordpress\/plugins\/seo\/ -->\n<title>Kupaonski ormari\u0107 44x31x80 cm - Inti<\/title>\n<meta name=\"description\" content=\"Njegov elegantan i funkcionalan izgled \u010dini ga savr\u0161enim za kupaonicu, dnevni boravak ili spava\u0107u sobu.Visokokvalitetni paneli osiguravaju savr\u0161enu stabilnost i dug vijek trajanja. Povr\u0161ina se lako \u010disti, \u0161to olak\u0161ava ku\u0107anske poslove.Otvoreni pretinac i vrata nude mnogo prakti\u010dnog prostora za pohranu.Bijeli namje\u0161taj zra\u010di svje\u017einom i mirom. \u010ciste linije i jednostavna silueta dodaju eleganciju; Kao rezultat toga, ovaj komad namje\u0161taja u cjelini savr\u0161eno se uklapa u stil seoske ku\u0107e ili kupaonice s maritimnim elementima.\" \/>\n<meta name=\"robots\" content=\"index, follow, max-snippet:-1, max-image-preview:large, max-video-preview:-1\" \/>\n<link rel=\"canonical\" href=\"https:\/\/inti.hr\/bs\/proizvod\/kupaonski-ormaric-44x31x80-cm\/\" \/>\n<meta property=\"og:locale\" content=\"bs_BA\" \/>\n<meta property=\"og:type\" content=\"article\" \/>\n<meta property=\"og:title\" content=\"Kupaonski ormari\u0107 44x31x80 cm - Inti\" \/>\n<meta property=\"og:description\" content=\"Njegov elegantan i funkcionalan izgled \u010dini ga savr\u0161enim za kupaonicu, dnevni boravak ili spava\u0107u sobu.Visokokvalitetni paneli osiguravaju savr\u0161enu stabilnost i dug vijek trajanja. Povr\u0161ina se lako \u010disti, \u0161to olak\u0161ava ku\u0107anske poslove.Otvoreni pretinac i vrata nude mnogo prakti\u010dnog prostora za pohranu.Bijeli namje\u0161taj zra\u010di svje\u017einom i mirom. \u010ciste linije i jednostavna silueta dodaju eleganciju; Kao rezultat toga, ovaj komad namje\u0161taja u cjelini savr\u0161eno se uklapa u stil seoske ku\u0107e ili kupaonice s maritimnim elementima.\" \/>\n<meta property=\"og:url\" content=\"https:\/\/inti.hr\/bs\/proizvod\/kupaonski-ormaric-44x31x80-cm\/\" \/>\n<meta property=\"og:site_name\" content=\"Inti\" \/>\n<meta property=\"og:image\" content=\"https:\/\/i0.wp.com\/inti.hr\/wp-content\/uploads\/2025\/03\/BZR194-W-S001_1800x1800.webp?fit=1600%2C1600&ssl=1\" \/>\n\t<meta property=\"og:image:width\" content=\"1600\" \/>\n\t<meta property=\"og:image:height\" content=\"1600\" \/>\n\t<meta property=\"og:image:type\" content=\"image\/webp\" \/>\n<meta name=\"twitter:card\" content=\"summary_large_image\" \/>\n<script type=\"application\/ld+json\" class=\"yoast-schema-graph\">{\"@context\":\"https:\/\/schema.org\",\"@graph\":[{\"@type\":\"WebPage\",\"@id\":\"https:\/\/inti.hr\/bs\/proizvod\/kupaonski-ormaric-44x31x80-cm\/\",\"url\":\"https:\/\/inti.hr\/bs\/proizvod\/kupaonski-ormaric-44x31x80-cm\/\",\"name\":\"Kupaonski ormari\u0107 44x31x80 cm - Inti\",\"isPartOf\":{\"@id\":\"https:\/\/inti.hr\/bs\/#website\"},\"primaryImageOfPage\":{\"@id\":\"https:\/\/inti.hr\/bs\/proizvod\/kupaonski-ormaric-44x31x80-cm\/#primaryimage\"},\"image\":{\"@id\":\"https:\/\/inti.hr\/bs\/proizvod\/kupaonski-ormaric-44x31x80-cm\/#primaryimage\"},\"thumbnailUrl\":\"https:\/\/i0.wp.com\/inti.hr\/wp-content\/uploads\/2025\/03\/BZR194-W-S001_1800x1800.webp?fit=1600%2C1600&ssl=1\",\"datePublished\":\"2025-03-03T12:48:51+00:00\",\"dateModified\":\"2025-03-03T12:48:51+00:00\",\"description\":\"Njegov elegantan i funkcionalan izgled \u010dini ga savr\u0161enim za kupaonicu, dnevni boravak ili spava\u0107u sobu.Visokokvalitetni paneli osiguravaju savr\u0161enu stabilnost i dug vijek trajanja. Povr\u0161ina se lako \u010disti, \u0161to olak\u0161ava ku\u0107anske poslove.Otvoreni pretinac i vrata nude mnogo prakti\u010dnog prostora za pohranu.Bijeli namje\u0161taj zra\u010di svje\u017einom i mirom. \u010ciste linije i jednostavna silueta dodaju eleganciju; Kao rezultat toga, ovaj komad namje\u0161taja u cjelini savr\u0161eno se uklapa u stil seoske ku\u0107e ili kupaonice s maritimnim elementima.\",\"breadcrumb\":{\"@id\":\"https:\/\/inti.hr\/bs\/proizvod\/kupaonski-ormaric-44x31x80-cm\/#breadcrumb\"},\"inLanguage\":\"bs-BA\",\"potentialAction\":[{\"@type\":\"ReadAction\",\"target\":[\"https:\/\/inti.hr\/bs\/proizvod\/kupaonski-ormaric-44x31x80-cm\/\"]}]},{\"@type\":\"ImageObject\",\"inLanguage\":\"bs-BA\",\"@id\":\"https:\/\/inti.hr\/bs\/proizvod\/kupaonski-ormaric-44x31x80-cm\/#primaryimage\",\"url\":\"https:\/\/i0.wp.com\/inti.hr\/wp-content\/uploads\/2025\/03\/BZR194-W-S001_1800x1800.webp?fit=1600%2C1600&ssl=1\",\"contentUrl\":\"https:\/\/i0.wp.com\/inti.hr\/wp-content\/uploads\/2025\/03\/BZR194-W-S001_1800x1800.webp?fit=1600%2C1600&ssl=1\",\"width\":1600,\"height\":1600,\"caption\":\"SoBuy Kupaonski ormari\u0107 44x31x80 cm BZR194-W\"},{\"@type\":\"BreadcrumbList\",\"@id\":\"https:\/\/inti.hr\/bs\/proizvod\/kupaonski-ormaric-44x31x80-cm\/#breadcrumb\",\"itemListElement\":[{\"@type\":\"ListItem\",\"position\":1,\"name\":\"Po\u010detna stranica\",\"item\":\"https:\/\/inti.hr\/bs\/\"},{\"@type\":\"ListItem\",\"position\":2,\"name\":\"Trgovina\",\"item\":\"https:\/\/inti.hr\/bs\/trgovina\/\"},{\"@type\":\"ListItem\",\"position\":3,\"name\":\"Kupaonski ormari\u0107 44x31x80 cm\"}]},{\"@type\":\"WebSite\",\"@id\":\"https:\/\/inti.hr\/bs\/#website\",\"url\":\"https:\/\/inti.hr\/bs\/\",\"name\":\"Inti\",\"description\":\"trgovina\",\"potentialAction\":[{\"@type\":\"SearchAction\",\"target\":{\"@type\":\"EntryPoint\",\"urlTemplate\":\"https:\/\/inti.hr\/bs\/?s={search_term_string}\"},\"query-input\":{\"@type\":\"PropertyValueSpecification\",\"valueRequired\":true,\"valueName\":\"search_term_string\"}}],\"inLanguage\":\"bs-BA\"}]}<\/script>\n<!-- \/ Yoast SEO plugin. -->","yoast_head_json":{"title":"Kupaonski ormari\u0107 44x31x80 cm - Inti","description":"Njegov elegantan i funkcionalan izgled \u010dini ga savr\u0161enim za kupaonicu, dnevni boravak ili spava\u0107u sobu.Visokokvalitetni paneli osiguravaju savr\u0161enu stabilnost i dug vijek trajanja. Povr\u0161ina se lako \u010disti, \u0161to olak\u0161ava ku\u0107anske poslove.Otvoreni pretinac i vrata nude mnogo prakti\u010dnog prostora za pohranu.Bijeli namje\u0161taj zra\u010di svje\u017einom i mirom. \u010ciste linije i jednostavna silueta dodaju eleganciju; Kao rezultat toga, ovaj komad namje\u0161taja u cjelini savr\u0161eno se uklapa u stil seoske ku\u0107e ili kupaonice s maritimnim elementima.","robots":{"index":"index","follow":"follow","max-snippet":"max-snippet:-1","max-image-preview":"max-image-preview:large","max-video-preview":"max-video-preview:-1"},"canonical":"https:\/\/inti.hr\/bs\/proizvod\/kupaonski-ormaric-44x31x80-cm\/","og_locale":"bs_BA","og_type":"article","og_title":"Kupaonski ormari\u0107 44x31x80 cm - Inti","og_description":"Njegov elegantan i funkcionalan izgled \u010dini ga savr\u0161enim za kupaonicu, dnevni boravak ili spava\u0107u sobu.Visokokvalitetni paneli osiguravaju savr\u0161enu stabilnost i dug vijek trajanja. Povr\u0161ina se lako \u010disti, \u0161to olak\u0161ava ku\u0107anske poslove.Otvoreni pretinac i vrata nude mnogo prakti\u010dnog prostora za pohranu.Bijeli namje\u0161taj zra\u010di svje\u017einom i mirom. \u010ciste linije i jednostavna silueta dodaju eleganciju; Kao rezultat toga, ovaj komad namje\u0161taja u cjelini savr\u0161eno se uklapa u stil seoske ku\u0107e ili kupaonice s maritimnim elementima.","og_url":"https:\/\/inti.hr\/bs\/proizvod\/kupaonski-ormaric-44x31x80-cm\/","og_site_name":"Inti","og_image":[{"width":1600,"height":1600,"url":"https:\/\/i0.wp.com\/inti.hr\/wp-content\/uploads\/2025\/03\/BZR194-W-S001_1800x1800.webp?fit=1600%2C1600&ssl=1","type":"image\/webp"}],"twitter_card":"summary_large_image","schema":{"@context":"https:\/\/schema.org","@graph":[{"@type":"WebPage","@id":"https:\/\/inti.hr\/bs\/proizvod\/kupaonski-ormaric-44x31x80-cm\/","url":"https:\/\/inti.hr\/bs\/proizvod\/kupaonski-ormaric-44x31x80-cm\/","name":"Kupaonski ormari\u0107 44x31x80 cm - Inti","isPartOf":{"@id":"https:\/\/inti.hr\/bs\/#website"},"primaryImageOfPage":{"@id":"https:\/\/inti.hr\/bs\/proizvod\/kupaonski-ormaric-44x31x80-cm\/#primaryimage"},"image":{"@id":"https:\/\/inti.hr\/bs\/proizvod\/kupaonski-ormaric-44x31x80-cm\/#primaryimage"},"thumbnailUrl":"https:\/\/i0.wp.com\/inti.hr\/wp-content\/uploads\/2025\/03\/BZR194-W-S001_1800x1800.webp?fit=1600%2C1600&ssl=1","datePublished":"2025-03-03T12:48:51+00:00","dateModified":"2025-03-03T12:48:51+00:00","description":"Njegov elegantan i funkcionalan izgled \u010dini ga savr\u0161enim za kupaonicu, dnevni boravak ili spava\u0107u sobu.Visokokvalitetni paneli osiguravaju savr\u0161enu stabilnost i dug vijek trajanja. Povr\u0161ina se lako \u010disti, \u0161to olak\u0161ava ku\u0107anske poslove.Otvoreni pretinac i vrata nude mnogo prakti\u010dnog prostora za pohranu.Bijeli namje\u0161taj zra\u010di svje\u017einom i mirom. \u010ciste linije i jednostavna silueta dodaju eleganciju; Kao rezultat toga, ovaj komad namje\u0161taja u cjelini savr\u0161eno se uklapa u stil seoske ku\u0107e ili kupaonice s maritimnim elementima.","breadcrumb":{"@id":"https:\/\/inti.hr\/bs\/proizvod\/kupaonski-ormaric-44x31x80-cm\/#breadcrumb"},"inLanguage":"bs-BA","potentialAction":[{"@type":"ReadAction","target":["https:\/\/inti.hr\/bs\/proizvod\/kupaonski-ormaric-44x31x80-cm\/"]}]},{"@type":"ImageObject","inLanguage":"bs-BA","@id":"https:\/\/inti.hr\/bs\/proizvod\/kupaonski-ormaric-44x31x80-cm\/#primaryimage","url":"https:\/\/i0.wp.com\/inti.hr\/wp-content\/uploads\/2025\/03\/BZR194-W-S001_1800x1800.webp?fit=1600%2C1600&ssl=1","contentUrl":"https:\/\/i0.wp.com\/inti.hr\/wp-content\/uploads\/2025\/03\/BZR194-W-S001_1800x1800.webp?fit=1600%2C1600&ssl=1","width":1600,"height":1600,"caption":"SoBuy Kupaonski ormari\u0107 44x31x80 cm BZR194-W"},{"@type":"BreadcrumbList","@id":"https:\/\/inti.hr\/bs\/proizvod\/kupaonski-ormaric-44x31x80-cm\/#breadcrumb","itemListElement":[{"@type":"ListItem","position":1,"name":"Po\u010detna stranica","item":"https:\/\/inti.hr\/bs\/"},{"@type":"ListItem","position":2,"name":"Trgovina","item":"https:\/\/inti.hr\/bs\/trgovina\/"},{"@type":"ListItem","position":3,"name":"Kupaonski ormari\u0107 44x31x80 cm"}]},{"@type":"WebSite","@id":"https:\/\/inti.hr\/bs\/#website","url":"https:\/\/inti.hr\/bs\/","name":"Inti","description":"trgovina","potentialAction":[{"@type":"SearchAction","target":{"@type":"EntryPoint","urlTemplate":"https:\/\/inti.hr\/bs\/?s={search_term_string}"},"query-input":{"@type":"PropertyValueSpecification","valueRequired":true,"valueName":"search_term_string"}}],"inLanguage":"bs-BA"}]}},"jetpack_sharing_enabled":true,"jetpack-related-posts":[],"_links":{"self":[{"href":"https:\/\/inti.hr\/bs\/wp-json\/wp\/v2\/product\/31491"}],"collection":[{"href":"https:\/\/inti.hr\/bs\/wp-json\/wp\/v2\/product"}],"about":[{"href":"https:\/\/inti.hr\/bs\/wp-json\/wp\/v2\/types\/product"}],"wp:featuredmedia":[{"embeddable":true,"href":"https:\/\/inti.hr\/bs\/wp-json\/wp\/v2\/media\/31492"}],"wp:attachment":[{"href":"https:\/\/inti.hr\/bs\/wp-json\/wp\/v2\/media?parent=31491"}],"wp:term":[{"taxonomy":"product_cat","embeddable":true,"href":"https:\/\/inti.hr\/bs\/wp-json\/wp\/v2\/product_cat?post=31491"},{"taxonomy":"product_tag","embeddable":true,"href":"https:\/\/inti.hr\/bs\/wp-json\/wp\/v2\/product_tag?post=31491"}],"curies":[{"name":"wp","href":"https:\/\/api.w.org\/{rel}","templated":true}]}}