{"id":31503,"date":"2025-03-03T12:10:37","date_gmt":"2025-03-03T11:10:37","guid":{"rendered":"https:\/\/inti.hr\/product\/stol-podesiv-po-visini-i-electric-cloud-white\/"},"modified":"2025-03-03T12:10:37","modified_gmt":"2025-03-03T11:10:37","slug":"stol-podesiv-po-visini-i-electric-cloud-white","status":"publish","type":"product","link":"https:\/\/inti.hr\/bs\/proizvod\/stol-podesiv-po-visini-i-electric-cloud-white\/","title":{"rendered":"Stol podesiv po visini i Electric Cloud White"},"content":{"rendered":"<p>Detalji proizvoda:<\/p>\n<p>Materijal: iverica, \u010delik, Oxford tkanina<br \/>\nVeli\u010dina: 60 x 140 x (72-120) cm (D x \u0160 x V)<br \/>\nTe\u017eina: 33,4 kg<br \/>\nMaksimalna stati\u010dka nosivost: 80 kg<\/p>\n","protected":false},"excerpt":{"rendered":"<p>Ovaj stol ima kontinuirano pode\u0161avanje visine izme\u0111u 72 i 120 cm. &#8230; <\/p>\n","protected":false},"featured_media":31504,"template":"","meta":[],"product_cat":[2436],"product_tag":[2794,2986],"yoast_head":"<!-- This site is optimized with the Yoast SEO plugin v23.7 - https:\/\/yoast.com\/wordpress\/plugins\/seo\/ -->\n<title>Stol podesiv po visini i Electric Cloud White - Inti<\/title>\n<meta name=\"description\" content=\"Ovaj stol ima kontinuirano pode\u0161avanje visine izme\u0111u 72 i 120 cm. Sjede\u0107i ili stoje\u0107i? Prona\u0111ite idealno dr\u017eanje; Osim toga, ukupno 3 visine mogu se spremiti kao brze postavke. Osigurava glatko pode\u0161avanje i nisku razinu buke (&lt; 50 dB); mehanizam za pode\u0161avanje visine zaustavlja se i lagano pomi\u010de unatrag kada nai\u0111e na prepreku kako bi za\u0161titio stol od o\u0161te\u0107enja. Dvostruka potporna \u0161ipka daje ovoj plo\u010di stola visoku stabilnost \u2013 nema vi\u0161e njihanja. Zahvaljuju\u0107i \u010deli\u010dnom okviru, ovaj stol podesiv po visini mo\u017ee izdr\u017eati do 80 kg. Srednja polica postolja za monitor je podesiva po visini; s obje strane nalaze se 2 ladice za sitnice; Perforirane plo\u010de za skrivanje kabela i 2 AC uti\u010dnice i 2 USB priklju\u010dka za punjenje. Bo\u010dna kuka mo\u017ee se koristiti za vje\u0161anje slu\u0161alica radi lak\u0161eg pristupa; uklju\u010dena podesiva LED rasvjeta osvjetljava va\u0161 radni prostor i istovremeno pobolj\u0161ava atmosferu. Zahvaljuju\u0107i ozna\u010denim dijelovima i lako razumljivim uputama, mo\u017eete brzo sastaviti stol podesiv po visini. Ovako mo\u017eete u trenu prona\u0107i fleksibilan stil rada!\" \/>\n<meta name=\"robots\" content=\"index, follow, max-snippet:-1, max-image-preview:large, max-video-preview:-1\" \/>\n<link rel=\"canonical\" href=\"https:\/\/inti.hr\/bs\/proizvod\/stol-podesiv-po-visini-i-electric-cloud-white\/\" \/>\n<meta property=\"og:locale\" content=\"bs_BA\" \/>\n<meta property=\"og:type\" content=\"article\" \/>\n<meta property=\"og:title\" content=\"Stol podesiv po visini i Electric Cloud White - Inti\" \/>\n<meta property=\"og:description\" content=\"Ovaj stol ima kontinuirano pode\u0161avanje visine izme\u0111u 72 i 120 cm. Sjede\u0107i ili stoje\u0107i? Prona\u0111ite idealno dr\u017eanje; Osim toga, ukupno 3 visine mogu se spremiti kao brze postavke. Osigurava glatko pode\u0161avanje i nisku razinu buke (&lt; 50 dB); mehanizam za pode\u0161avanje visine zaustavlja se i lagano pomi\u010de unatrag kada nai\u0111e na prepreku kako bi za\u0161titio stol od o\u0161te\u0107enja. Dvostruka potporna \u0161ipka daje ovoj plo\u010di stola visoku stabilnost \u2013 nema vi\u0161e njihanja. Zahvaljuju\u0107i \u010deli\u010dnom okviru, ovaj stol podesiv po visini mo\u017ee izdr\u017eati do 80 kg. Srednja polica postolja za monitor je podesiva po visini; s obje strane nalaze se 2 ladice za sitnice; Perforirane plo\u010de za skrivanje kabela i 2 AC uti\u010dnice i 2 USB priklju\u010dka za punjenje. Bo\u010dna kuka mo\u017ee se koristiti za vje\u0161anje slu\u0161alica radi lak\u0161eg pristupa; uklju\u010dena podesiva LED rasvjeta osvjetljava va\u0161 radni prostor i istovremeno pobolj\u0161ava atmosferu. Zahvaljuju\u0107i ozna\u010denim dijelovima i lako razumljivim uputama, mo\u017eete brzo sastaviti stol podesiv po visini. Ovako mo\u017eete u trenu prona\u0107i fleksibilan stil rada!\" \/>\n<meta property=\"og:url\" content=\"https:\/\/inti.hr\/bs\/proizvod\/stol-podesiv-po-visini-i-electric-cloud-white\/\" \/>\n<meta property=\"og:site_name\" content=\"Inti\" \/>\n<meta property=\"og:image\" content=\"https:\/\/i0.wp.com\/inti.hr\/wp-content\/uploads\/2025\/03\/LSD184N01-1-1.jpg?fit=1000%2C1000&ssl=1\" \/>\n\t<meta property=\"og:image:width\" content=\"1000\" \/>\n\t<meta property=\"og:image:height\" content=\"1000\" \/>\n\t<meta property=\"og:image:type\" content=\"image\/jpeg\" \/>\n<meta name=\"twitter:card\" content=\"summary_large_image\" \/>\n<script type=\"application\/ld+json\" class=\"yoast-schema-graph\">{\"@context\":\"https:\/\/schema.org\",\"@graph\":[{\"@type\":\"WebPage\",\"@id\":\"https:\/\/inti.hr\/bs\/proizvod\/stol-podesiv-po-visini-i-electric-cloud-white\/\",\"url\":\"https:\/\/inti.hr\/bs\/proizvod\/stol-podesiv-po-visini-i-electric-cloud-white\/\",\"name\":\"Stol podesiv po visini i Electric Cloud White - Inti\",\"isPartOf\":{\"@id\":\"https:\/\/inti.hr\/bs\/#website\"},\"primaryImageOfPage\":{\"@id\":\"https:\/\/inti.hr\/bs\/proizvod\/stol-podesiv-po-visini-i-electric-cloud-white\/#primaryimage\"},\"image\":{\"@id\":\"https:\/\/inti.hr\/bs\/proizvod\/stol-podesiv-po-visini-i-electric-cloud-white\/#primaryimage\"},\"thumbnailUrl\":\"https:\/\/i0.wp.com\/inti.hr\/wp-content\/uploads\/2025\/03\/LSD184N01-1-1.jpg?fit=1000%2C1000&ssl=1\",\"datePublished\":\"2025-03-03T11:10:37+00:00\",\"dateModified\":\"2025-03-03T11:10:37+00:00\",\"description\":\"Ovaj stol ima kontinuirano pode\u0161avanje visine izme\u0111u 72 i 120 cm. Sjede\u0107i ili stoje\u0107i? Prona\u0111ite idealno dr\u017eanje; Osim toga, ukupno 3 visine mogu se spremiti kao brze postavke. Osigurava glatko pode\u0161avanje i nisku razinu buke (&lt; 50 dB); mehanizam za pode\u0161avanje visine zaustavlja se i lagano pomi\u010de unatrag kada nai\u0111e na prepreku kako bi za\u0161titio stol od o\u0161te\u0107enja. Dvostruka potporna \u0161ipka daje ovoj plo\u010di stola visoku stabilnost \u2013 nema vi\u0161e njihanja. Zahvaljuju\u0107i \u010deli\u010dnom okviru, ovaj stol podesiv po visini mo\u017ee izdr\u017eati do 80 kg. Srednja polica postolja za monitor je podesiva po visini; s obje strane nalaze se 2 ladice za sitnice; Perforirane plo\u010de za skrivanje kabela i 2 AC uti\u010dnice i 2 USB priklju\u010dka za punjenje. Bo\u010dna kuka mo\u017ee se koristiti za vje\u0161anje slu\u0161alica radi lak\u0161eg pristupa; uklju\u010dena podesiva LED rasvjeta osvjetljava va\u0161 radni prostor i istovremeno pobolj\u0161ava atmosferu. Zahvaljuju\u0107i ozna\u010denim dijelovima i lako razumljivim uputama, mo\u017eete brzo sastaviti stol podesiv po visini. Ovako mo\u017eete u trenu prona\u0107i fleksibilan stil rada!\",\"breadcrumb\":{\"@id\":\"https:\/\/inti.hr\/bs\/proizvod\/stol-podesiv-po-visini-i-electric-cloud-white\/#breadcrumb\"},\"inLanguage\":\"bs-BA\",\"potentialAction\":[{\"@type\":\"ReadAction\",\"target\":[\"https:\/\/inti.hr\/bs\/proizvod\/stol-podesiv-po-visini-i-electric-cloud-white\/\"]}]},{\"@type\":\"ImageObject\",\"inLanguage\":\"bs-BA\",\"@id\":\"https:\/\/inti.hr\/bs\/proizvod\/stol-podesiv-po-visini-i-electric-cloud-white\/#primaryimage\",\"url\":\"https:\/\/i0.wp.com\/inti.hr\/wp-content\/uploads\/2025\/03\/LSD184N01-1-1.jpg?fit=1000%2C1000&ssl=1\",\"contentUrl\":\"https:\/\/i0.wp.com\/inti.hr\/wp-content\/uploads\/2025\/03\/LSD184N01-1-1.jpg?fit=1000%2C1000&ssl=1\",\"width\":1000,\"height\":1000,\"caption\":\"-20% SKU: LSD184W01 VASAGLE Stol podesiv po visini i Electric Cloud White\"},{\"@type\":\"BreadcrumbList\",\"@id\":\"https:\/\/inti.hr\/bs\/proizvod\/stol-podesiv-po-visini-i-electric-cloud-white\/#breadcrumb\",\"itemListElement\":[{\"@type\":\"ListItem\",\"position\":1,\"name\":\"Po\u010detna stranica\",\"item\":\"https:\/\/inti.hr\/bs\/\"},{\"@type\":\"ListItem\",\"position\":2,\"name\":\"Trgovina\",\"item\":\"https:\/\/inti.hr\/bs\/trgovina\/\"},{\"@type\":\"ListItem\",\"position\":3,\"name\":\"Stol podesiv po visini i Electric Cloud White\"}]},{\"@type\":\"WebSite\",\"@id\":\"https:\/\/inti.hr\/bs\/#website\",\"url\":\"https:\/\/inti.hr\/bs\/\",\"name\":\"Inti\",\"description\":\"trgovina\",\"potentialAction\":[{\"@type\":\"SearchAction\",\"target\":{\"@type\":\"EntryPoint\",\"urlTemplate\":\"https:\/\/inti.hr\/bs\/?s={search_term_string}\"},\"query-input\":{\"@type\":\"PropertyValueSpecification\",\"valueRequired\":true,\"valueName\":\"search_term_string\"}}],\"inLanguage\":\"bs-BA\"}]}<\/script>\n<!-- \/ Yoast SEO plugin. -->","yoast_head_json":{"title":"Stol podesiv po visini i Electric Cloud White - Inti","description":"Ovaj stol ima kontinuirano pode\u0161avanje visine izme\u0111u 72 i 120 cm. Sjede\u0107i ili stoje\u0107i? Prona\u0111ite idealno dr\u017eanje; Osim toga, ukupno 3 visine mogu se spremiti kao brze postavke. Osigurava glatko pode\u0161avanje i nisku razinu buke (&lt; 50 dB); mehanizam za pode\u0161avanje visine zaustavlja se i lagano pomi\u010de unatrag kada nai\u0111e na prepreku kako bi za\u0161titio stol od o\u0161te\u0107enja. Dvostruka potporna \u0161ipka daje ovoj plo\u010di stola visoku stabilnost \u2013 nema vi\u0161e njihanja. Zahvaljuju\u0107i \u010deli\u010dnom okviru, ovaj stol podesiv po visini mo\u017ee izdr\u017eati do 80 kg. Srednja polica postolja za monitor je podesiva po visini; s obje strane nalaze se 2 ladice za sitnice; Perforirane plo\u010de za skrivanje kabela i 2 AC uti\u010dnice i 2 USB priklju\u010dka za punjenje. Bo\u010dna kuka mo\u017ee se koristiti za vje\u0161anje slu\u0161alica radi lak\u0161eg pristupa; uklju\u010dena podesiva LED rasvjeta osvjetljava va\u0161 radni prostor i istovremeno pobolj\u0161ava atmosferu. Zahvaljuju\u0107i ozna\u010denim dijelovima i lako razumljivim uputama, mo\u017eete brzo sastaviti stol podesiv po visini. Ovako mo\u017eete u trenu prona\u0107i fleksibilan stil rada!","robots":{"index":"index","follow":"follow","max-snippet":"max-snippet:-1","max-image-preview":"max-image-preview:large","max-video-preview":"max-video-preview:-1"},"canonical":"https:\/\/inti.hr\/bs\/proizvod\/stol-podesiv-po-visini-i-electric-cloud-white\/","og_locale":"bs_BA","og_type":"article","og_title":"Stol podesiv po visini i Electric Cloud White - Inti","og_description":"Ovaj stol ima kontinuirano pode\u0161avanje visine izme\u0111u 72 i 120 cm. Sjede\u0107i ili stoje\u0107i? Prona\u0111ite idealno dr\u017eanje; Osim toga, ukupno 3 visine mogu se spremiti kao brze postavke. Osigurava glatko pode\u0161avanje i nisku razinu buke (&lt; 50 dB); mehanizam za pode\u0161avanje visine zaustavlja se i lagano pomi\u010de unatrag kada nai\u0111e na prepreku kako bi za\u0161titio stol od o\u0161te\u0107enja. Dvostruka potporna \u0161ipka daje ovoj plo\u010di stola visoku stabilnost \u2013 nema vi\u0161e njihanja. Zahvaljuju\u0107i \u010deli\u010dnom okviru, ovaj stol podesiv po visini mo\u017ee izdr\u017eati do 80 kg. Srednja polica postolja za monitor je podesiva po visini; s obje strane nalaze se 2 ladice za sitnice; Perforirane plo\u010de za skrivanje kabela i 2 AC uti\u010dnice i 2 USB priklju\u010dka za punjenje. Bo\u010dna kuka mo\u017ee se koristiti za vje\u0161anje slu\u0161alica radi lak\u0161eg pristupa; uklju\u010dena podesiva LED rasvjeta osvjetljava va\u0161 radni prostor i istovremeno pobolj\u0161ava atmosferu. Zahvaljuju\u0107i ozna\u010denim dijelovima i lako razumljivim uputama, mo\u017eete brzo sastaviti stol podesiv po visini. Ovako mo\u017eete u trenu prona\u0107i fleksibilan stil rada!","og_url":"https:\/\/inti.hr\/bs\/proizvod\/stol-podesiv-po-visini-i-electric-cloud-white\/","og_site_name":"Inti","og_image":[{"width":1000,"height":1000,"url":"https:\/\/i0.wp.com\/inti.hr\/wp-content\/uploads\/2025\/03\/LSD184N01-1-1.jpg?fit=1000%2C1000&ssl=1","type":"image\/jpeg"}],"twitter_card":"summary_large_image","schema":{"@context":"https:\/\/schema.org","@graph":[{"@type":"WebPage","@id":"https:\/\/inti.hr\/bs\/proizvod\/stol-podesiv-po-visini-i-electric-cloud-white\/","url":"https:\/\/inti.hr\/bs\/proizvod\/stol-podesiv-po-visini-i-electric-cloud-white\/","name":"Stol podesiv po visini i Electric Cloud White - Inti","isPartOf":{"@id":"https:\/\/inti.hr\/bs\/#website"},"primaryImageOfPage":{"@id":"https:\/\/inti.hr\/bs\/proizvod\/stol-podesiv-po-visini-i-electric-cloud-white\/#primaryimage"},"image":{"@id":"https:\/\/inti.hr\/bs\/proizvod\/stol-podesiv-po-visini-i-electric-cloud-white\/#primaryimage"},"thumbnailUrl":"https:\/\/i0.wp.com\/inti.hr\/wp-content\/uploads\/2025\/03\/LSD184N01-1-1.jpg?fit=1000%2C1000&ssl=1","datePublished":"2025-03-03T11:10:37+00:00","dateModified":"2025-03-03T11:10:37+00:00","description":"Ovaj stol ima kontinuirano pode\u0161avanje visine izme\u0111u 72 i 120 cm. Sjede\u0107i ili stoje\u0107i? Prona\u0111ite idealno dr\u017eanje; Osim toga, ukupno 3 visine mogu se spremiti kao brze postavke. Osigurava glatko pode\u0161avanje i nisku razinu buke (&lt; 50 dB); mehanizam za pode\u0161avanje visine zaustavlja se i lagano pomi\u010de unatrag kada nai\u0111e na prepreku kako bi za\u0161titio stol od o\u0161te\u0107enja. Dvostruka potporna \u0161ipka daje ovoj plo\u010di stola visoku stabilnost \u2013 nema vi\u0161e njihanja. Zahvaljuju\u0107i \u010deli\u010dnom okviru, ovaj stol podesiv po visini mo\u017ee izdr\u017eati do 80 kg. Srednja polica postolja za monitor je podesiva po visini; s obje strane nalaze se 2 ladice za sitnice; Perforirane plo\u010de za skrivanje kabela i 2 AC uti\u010dnice i 2 USB priklju\u010dka za punjenje. Bo\u010dna kuka mo\u017ee se koristiti za vje\u0161anje slu\u0161alica radi lak\u0161eg pristupa; uklju\u010dena podesiva LED rasvjeta osvjetljava va\u0161 radni prostor i istovremeno pobolj\u0161ava atmosferu. Zahvaljuju\u0107i ozna\u010denim dijelovima i lako razumljivim uputama, mo\u017eete brzo sastaviti stol podesiv po visini. Ovako mo\u017eete u trenu prona\u0107i fleksibilan stil rada!","breadcrumb":{"@id":"https:\/\/inti.hr\/bs\/proizvod\/stol-podesiv-po-visini-i-electric-cloud-white\/#breadcrumb"},"inLanguage":"bs-BA","potentialAction":[{"@type":"ReadAction","target":["https:\/\/inti.hr\/bs\/proizvod\/stol-podesiv-po-visini-i-electric-cloud-white\/"]}]},{"@type":"ImageObject","inLanguage":"bs-BA","@id":"https:\/\/inti.hr\/bs\/proizvod\/stol-podesiv-po-visini-i-electric-cloud-white\/#primaryimage","url":"https:\/\/i0.wp.com\/inti.hr\/wp-content\/uploads\/2025\/03\/LSD184N01-1-1.jpg?fit=1000%2C1000&ssl=1","contentUrl":"https:\/\/i0.wp.com\/inti.hr\/wp-content\/uploads\/2025\/03\/LSD184N01-1-1.jpg?fit=1000%2C1000&ssl=1","width":1000,"height":1000,"caption":"-20% SKU: LSD184W01 VASAGLE Stol podesiv po visini i Electric Cloud White"},{"@type":"BreadcrumbList","@id":"https:\/\/inti.hr\/bs\/proizvod\/stol-podesiv-po-visini-i-electric-cloud-white\/#breadcrumb","itemListElement":[{"@type":"ListItem","position":1,"name":"Po\u010detna stranica","item":"https:\/\/inti.hr\/bs\/"},{"@type":"ListItem","position":2,"name":"Trgovina","item":"https:\/\/inti.hr\/bs\/trgovina\/"},{"@type":"ListItem","position":3,"name":"Stol podesiv po visini i Electric Cloud White"}]},{"@type":"WebSite","@id":"https:\/\/inti.hr\/bs\/#website","url":"https:\/\/inti.hr\/bs\/","name":"Inti","description":"trgovina","potentialAction":[{"@type":"SearchAction","target":{"@type":"EntryPoint","urlTemplate":"https:\/\/inti.hr\/bs\/?s={search_term_string}"},"query-input":{"@type":"PropertyValueSpecification","valueRequired":true,"valueName":"search_term_string"}}],"inLanguage":"bs-BA"}]}},"jetpack_sharing_enabled":true,"jetpack-related-posts":[],"_links":{"self":[{"href":"https:\/\/inti.hr\/bs\/wp-json\/wp\/v2\/product\/31503"}],"collection":[{"href":"https:\/\/inti.hr\/bs\/wp-json\/wp\/v2\/product"}],"about":[{"href":"https:\/\/inti.hr\/bs\/wp-json\/wp\/v2\/types\/product"}],"wp:featuredmedia":[{"embeddable":true,"href":"https:\/\/inti.hr\/bs\/wp-json\/wp\/v2\/media\/31504"}],"wp:attachment":[{"href":"https:\/\/inti.hr\/bs\/wp-json\/wp\/v2\/media?parent=31503"}],"wp:term":[{"taxonomy":"product_cat","embeddable":true,"href":"https:\/\/inti.hr\/bs\/wp-json\/wp\/v2\/product_cat?post=31503"},{"taxonomy":"product_tag","embeddable":true,"href":"https:\/\/inti.hr\/bs\/wp-json\/wp\/v2\/product_tag?post=31503"}],"curies":[{"name":"wp","href":"https:\/\/api.w.org\/{rel}","templated":true}]}}