{"id":31523,"date":"2025-02-18T17:27:09","date_gmt":"2025-02-18T16:27:09","guid":{"rendered":"https:\/\/inti.hr\/product\/ormaric-za-kartoteke-i-stalak-za-pisac-80x40x75cm\/"},"modified":"2025-02-18T17:27:09","modified_gmt":"2025-02-18T16:27:09","slug":"ormaric-za-kartoteke-i-stalak-za-pisac-80x40x75cm","status":"publish","type":"product","link":"https:\/\/inti.hr\/bs\/proizvod\/ormaric-za-kartoteke-i-stalak-za-pisac-80x40x75cm\/","title":{"rendered":"Ormari\u0107 za kartoteke i stalak za pisa\u010d 80x40x75cm"},"content":{"rendered":"<p><b><span>Pojedinosti o proizvodu:<\/span><\/b><\/p>\n<ul>\n<li><span>Te\u017eina: oko 26,7 kg<\/span><\/li>\n<li><span>Testirano za: 71 kg<\/span><\/li>\n<li><span>Materijal: MDF (E1), metal.<\/span><\/li>\n<li><span>Dimenzije proizvoda: 80x40x75 cm (vidi sliku)\u00a0<\/span><\/li>\n<li><span>Dostava: u 1 paketu<\/span><\/li>\n<li><span>Dimenzije paketa: 105x48x17 cm<\/span><\/li>\n<li><span>S uputama za sastavljanje i vijcima. Jednostavna instalacija.<\/span><\/li>\n<\/ul>\n","protected":false},"excerpt":{"rendered":"<p><span>Ovaj proizvod dolazi u pakiranju od sa\u0107a koje se mo\u017ee 100% &#8230; <\/p>\n","protected":false},"featured_media":31524,"template":"","meta":[],"product_cat":[2436],"product_tag":[2654,2998],"yoast_head":"<!-- This site is optimized with the Yoast SEO plugin v23.7 - https:\/\/yoast.com\/wordpress\/plugins\/seo\/ -->\n<title>Ormari\u0107 za kartoteke i stalak za pisa\u010d 80x40x75cm - Inti<\/title>\n<meta name=\"description\" content=\"Ovaj proizvod dolazi u pakiranju od sa\u0107a koje se mo\u017ee 100% reciklirati, \u0161to ga \u010dini sigurnim i pouzdanim za kori\u0161tenje. S uputama za sastavljanje i vijcima. Jednostavna instalacija. Stil i funkcionalnost u jednom komadu namje\u0161taja Savr\u0161en za urede, dnevne ili spava\u0107e sobe, ovaj ormari\u0107 spaja estetiku i prakti\u010dnost. Gornja polica idealna je za printere, ukrase ili svakodnevne dodatke.Zahvaljuju\u0107i svom kompaktnom dizajnu koji \u0161tedi prostor, odgovara \u010dak i najmanjim prostorima bez \u017ertvovanja kapaciteta i reda.Poja\u010dana donja ladica \u010duva dokumente dobro organizirane i za\u0161ti\u0107ene, sprje\u010dava nered i prolijevanje.Raznovrstan komad namje\u0161taja koji svakoj prostoriji daje klasi\u010dnost i funkcionalnost!\" \/>\n<meta name=\"robots\" content=\"index, follow, max-snippet:-1, max-image-preview:large, max-video-preview:-1\" \/>\n<link rel=\"canonical\" href=\"https:\/\/inti.hr\/bs\/proizvod\/ormaric-za-kartoteke-i-stalak-za-pisac-80x40x75cm\/\" \/>\n<meta property=\"og:locale\" content=\"bs_BA\" \/>\n<meta property=\"og:type\" content=\"article\" \/>\n<meta property=\"og:title\" content=\"Ormari\u0107 za kartoteke i stalak za pisa\u010d 80x40x75cm - Inti\" \/>\n<meta property=\"og:description\" content=\"Ovaj proizvod dolazi u pakiranju od sa\u0107a koje se mo\u017ee 100% reciklirati, \u0161to ga \u010dini sigurnim i pouzdanim za kori\u0161tenje. S uputama za sastavljanje i vijcima. Jednostavna instalacija. Stil i funkcionalnost u jednom komadu namje\u0161taja Savr\u0161en za urede, dnevne ili spava\u0107e sobe, ovaj ormari\u0107 spaja estetiku i prakti\u010dnost. Gornja polica idealna je za printere, ukrase ili svakodnevne dodatke.Zahvaljuju\u0107i svom kompaktnom dizajnu koji \u0161tedi prostor, odgovara \u010dak i najmanjim prostorima bez \u017ertvovanja kapaciteta i reda.Poja\u010dana donja ladica \u010duva dokumente dobro organizirane i za\u0161ti\u0107ene, sprje\u010dava nered i prolijevanje.Raznovrstan komad namje\u0161taja koji svakoj prostoriji daje klasi\u010dnost i funkcionalnost!\" \/>\n<meta property=\"og:url\" content=\"https:\/\/inti.hr\/bs\/proizvod\/ormaric-za-kartoteke-i-stalak-za-pisac-80x40x75cm\/\" \/>\n<meta property=\"og:site_name\" content=\"Inti\" \/>\n<meta property=\"og:image\" content=\"https:\/\/i0.wp.com\/inti.hr\/wp-content\/uploads\/2025\/02\/ASK11-W-Y001_860x.webp?fit=860%2C860&ssl=1\" \/>\n\t<meta property=\"og:image:width\" content=\"860\" \/>\n\t<meta property=\"og:image:height\" content=\"860\" \/>\n\t<meta property=\"og:image:type\" content=\"image\/webp\" \/>\n<meta name=\"twitter:card\" content=\"summary_large_image\" \/>\n<script type=\"application\/ld+json\" class=\"yoast-schema-graph\">{\"@context\":\"https:\/\/schema.org\",\"@graph\":[{\"@type\":\"WebPage\",\"@id\":\"https:\/\/inti.hr\/bs\/proizvod\/ormaric-za-kartoteke-i-stalak-za-pisac-80x40x75cm\/\",\"url\":\"https:\/\/inti.hr\/bs\/proizvod\/ormaric-za-kartoteke-i-stalak-za-pisac-80x40x75cm\/\",\"name\":\"Ormari\u0107 za kartoteke i stalak za pisa\u010d 80x40x75cm - Inti\",\"isPartOf\":{\"@id\":\"https:\/\/inti.hr\/bs\/#website\"},\"primaryImageOfPage\":{\"@id\":\"https:\/\/inti.hr\/bs\/proizvod\/ormaric-za-kartoteke-i-stalak-za-pisac-80x40x75cm\/#primaryimage\"},\"image\":{\"@id\":\"https:\/\/inti.hr\/bs\/proizvod\/ormaric-za-kartoteke-i-stalak-za-pisac-80x40x75cm\/#primaryimage\"},\"thumbnailUrl\":\"https:\/\/i0.wp.com\/inti.hr\/wp-content\/uploads\/2025\/02\/ASK11-W-Y001_860x.webp?fit=860%2C860&ssl=1\",\"datePublished\":\"2025-02-18T16:27:09+00:00\",\"dateModified\":\"2025-02-18T16:27:09+00:00\",\"description\":\"Ovaj proizvod dolazi u pakiranju od sa\u0107a koje se mo\u017ee 100% reciklirati, \u0161to ga \u010dini sigurnim i pouzdanim za kori\u0161tenje. S uputama za sastavljanje i vijcima. Jednostavna instalacija. Stil i funkcionalnost u jednom komadu namje\u0161taja Savr\u0161en za urede, dnevne ili spava\u0107e sobe, ovaj ormari\u0107 spaja estetiku i prakti\u010dnost. Gornja polica idealna je za printere, ukrase ili svakodnevne dodatke.Zahvaljuju\u0107i svom kompaktnom dizajnu koji \u0161tedi prostor, odgovara \u010dak i najmanjim prostorima bez \u017ertvovanja kapaciteta i reda.Poja\u010dana donja ladica \u010duva dokumente dobro organizirane i za\u0161ti\u0107ene, sprje\u010dava nered i prolijevanje.Raznovrstan komad namje\u0161taja koji svakoj prostoriji daje klasi\u010dnost i funkcionalnost!\",\"breadcrumb\":{\"@id\":\"https:\/\/inti.hr\/bs\/proizvod\/ormaric-za-kartoteke-i-stalak-za-pisac-80x40x75cm\/#breadcrumb\"},\"inLanguage\":\"bs-BA\",\"potentialAction\":[{\"@type\":\"ReadAction\",\"target\":[\"https:\/\/inti.hr\/bs\/proizvod\/ormaric-za-kartoteke-i-stalak-za-pisac-80x40x75cm\/\"]}]},{\"@type\":\"ImageObject\",\"inLanguage\":\"bs-BA\",\"@id\":\"https:\/\/inti.hr\/bs\/proizvod\/ormaric-za-kartoteke-i-stalak-za-pisac-80x40x75cm\/#primaryimage\",\"url\":\"https:\/\/i0.wp.com\/inti.hr\/wp-content\/uploads\/2025\/02\/ASK11-W-Y001_860x.webp?fit=860%2C860&ssl=1\",\"contentUrl\":\"https:\/\/i0.wp.com\/inti.hr\/wp-content\/uploads\/2025\/02\/ASK11-W-Y001_860x.webp?fit=860%2C860&ssl=1\",\"width\":860,\"height\":860,\"caption\":\"SoBuy ormari\u0107 za kartoteke i stalak za pisa\u010d 80x40x75cm ASK11-W\"},{\"@type\":\"BreadcrumbList\",\"@id\":\"https:\/\/inti.hr\/bs\/proizvod\/ormaric-za-kartoteke-i-stalak-za-pisac-80x40x75cm\/#breadcrumb\",\"itemListElement\":[{\"@type\":\"ListItem\",\"position\":1,\"name\":\"Po\u010detna stranica\",\"item\":\"https:\/\/inti.hr\/bs\/\"},{\"@type\":\"ListItem\",\"position\":2,\"name\":\"Trgovina\",\"item\":\"https:\/\/inti.hr\/bs\/trgovina\/\"},{\"@type\":\"ListItem\",\"position\":3,\"name\":\"Ormari\u0107 za kartoteke i stalak za pisa\u010d 80x40x75cm\"}]},{\"@type\":\"WebSite\",\"@id\":\"https:\/\/inti.hr\/bs\/#website\",\"url\":\"https:\/\/inti.hr\/bs\/\",\"name\":\"Inti\",\"description\":\"trgovina\",\"potentialAction\":[{\"@type\":\"SearchAction\",\"target\":{\"@type\":\"EntryPoint\",\"urlTemplate\":\"https:\/\/inti.hr\/bs\/?s={search_term_string}\"},\"query-input\":{\"@type\":\"PropertyValueSpecification\",\"valueRequired\":true,\"valueName\":\"search_term_string\"}}],\"inLanguage\":\"bs-BA\"}]}<\/script>\n<!-- \/ Yoast SEO plugin. -->","yoast_head_json":{"title":"Ormari\u0107 za kartoteke i stalak za pisa\u010d 80x40x75cm - Inti","description":"Ovaj proizvod dolazi u pakiranju od sa\u0107a koje se mo\u017ee 100% reciklirati, \u0161to ga \u010dini sigurnim i pouzdanim za kori\u0161tenje. S uputama za sastavljanje i vijcima. Jednostavna instalacija. Stil i funkcionalnost u jednom komadu namje\u0161taja Savr\u0161en za urede, dnevne ili spava\u0107e sobe, ovaj ormari\u0107 spaja estetiku i prakti\u010dnost. Gornja polica idealna je za printere, ukrase ili svakodnevne dodatke.Zahvaljuju\u0107i svom kompaktnom dizajnu koji \u0161tedi prostor, odgovara \u010dak i najmanjim prostorima bez \u017ertvovanja kapaciteta i reda.Poja\u010dana donja ladica \u010duva dokumente dobro organizirane i za\u0161ti\u0107ene, sprje\u010dava nered i prolijevanje.Raznovrstan komad namje\u0161taja koji svakoj prostoriji daje klasi\u010dnost i funkcionalnost!","robots":{"index":"index","follow":"follow","max-snippet":"max-snippet:-1","max-image-preview":"max-image-preview:large","max-video-preview":"max-video-preview:-1"},"canonical":"https:\/\/inti.hr\/bs\/proizvod\/ormaric-za-kartoteke-i-stalak-za-pisac-80x40x75cm\/","og_locale":"bs_BA","og_type":"article","og_title":"Ormari\u0107 za kartoteke i stalak za pisa\u010d 80x40x75cm - Inti","og_description":"Ovaj proizvod dolazi u pakiranju od sa\u0107a koje se mo\u017ee 100% reciklirati, \u0161to ga \u010dini sigurnim i pouzdanim za kori\u0161tenje. S uputama za sastavljanje i vijcima. Jednostavna instalacija. Stil i funkcionalnost u jednom komadu namje\u0161taja Savr\u0161en za urede, dnevne ili spava\u0107e sobe, ovaj ormari\u0107 spaja estetiku i prakti\u010dnost. Gornja polica idealna je za printere, ukrase ili svakodnevne dodatke.Zahvaljuju\u0107i svom kompaktnom dizajnu koji \u0161tedi prostor, odgovara \u010dak i najmanjim prostorima bez \u017ertvovanja kapaciteta i reda.Poja\u010dana donja ladica \u010duva dokumente dobro organizirane i za\u0161ti\u0107ene, sprje\u010dava nered i prolijevanje.Raznovrstan komad namje\u0161taja koji svakoj prostoriji daje klasi\u010dnost i funkcionalnost!","og_url":"https:\/\/inti.hr\/bs\/proizvod\/ormaric-za-kartoteke-i-stalak-za-pisac-80x40x75cm\/","og_site_name":"Inti","og_image":[{"width":860,"height":860,"url":"https:\/\/i0.wp.com\/inti.hr\/wp-content\/uploads\/2025\/02\/ASK11-W-Y001_860x.webp?fit=860%2C860&ssl=1","type":"image\/webp"}],"twitter_card":"summary_large_image","schema":{"@context":"https:\/\/schema.org","@graph":[{"@type":"WebPage","@id":"https:\/\/inti.hr\/bs\/proizvod\/ormaric-za-kartoteke-i-stalak-za-pisac-80x40x75cm\/","url":"https:\/\/inti.hr\/bs\/proizvod\/ormaric-za-kartoteke-i-stalak-za-pisac-80x40x75cm\/","name":"Ormari\u0107 za kartoteke i stalak za pisa\u010d 80x40x75cm - Inti","isPartOf":{"@id":"https:\/\/inti.hr\/bs\/#website"},"primaryImageOfPage":{"@id":"https:\/\/inti.hr\/bs\/proizvod\/ormaric-za-kartoteke-i-stalak-za-pisac-80x40x75cm\/#primaryimage"},"image":{"@id":"https:\/\/inti.hr\/bs\/proizvod\/ormaric-za-kartoteke-i-stalak-za-pisac-80x40x75cm\/#primaryimage"},"thumbnailUrl":"https:\/\/i0.wp.com\/inti.hr\/wp-content\/uploads\/2025\/02\/ASK11-W-Y001_860x.webp?fit=860%2C860&ssl=1","datePublished":"2025-02-18T16:27:09+00:00","dateModified":"2025-02-18T16:27:09+00:00","description":"Ovaj proizvod dolazi u pakiranju od sa\u0107a koje se mo\u017ee 100% reciklirati, \u0161to ga \u010dini sigurnim i pouzdanim za kori\u0161tenje. S uputama za sastavljanje i vijcima. Jednostavna instalacija. Stil i funkcionalnost u jednom komadu namje\u0161taja Savr\u0161en za urede, dnevne ili spava\u0107e sobe, ovaj ormari\u0107 spaja estetiku i prakti\u010dnost. Gornja polica idealna je za printere, ukrase ili svakodnevne dodatke.Zahvaljuju\u0107i svom kompaktnom dizajnu koji \u0161tedi prostor, odgovara \u010dak i najmanjim prostorima bez \u017ertvovanja kapaciteta i reda.Poja\u010dana donja ladica \u010duva dokumente dobro organizirane i za\u0161ti\u0107ene, sprje\u010dava nered i prolijevanje.Raznovrstan komad namje\u0161taja koji svakoj prostoriji daje klasi\u010dnost i funkcionalnost!","breadcrumb":{"@id":"https:\/\/inti.hr\/bs\/proizvod\/ormaric-za-kartoteke-i-stalak-za-pisac-80x40x75cm\/#breadcrumb"},"inLanguage":"bs-BA","potentialAction":[{"@type":"ReadAction","target":["https:\/\/inti.hr\/bs\/proizvod\/ormaric-za-kartoteke-i-stalak-za-pisac-80x40x75cm\/"]}]},{"@type":"ImageObject","inLanguage":"bs-BA","@id":"https:\/\/inti.hr\/bs\/proizvod\/ormaric-za-kartoteke-i-stalak-za-pisac-80x40x75cm\/#primaryimage","url":"https:\/\/i0.wp.com\/inti.hr\/wp-content\/uploads\/2025\/02\/ASK11-W-Y001_860x.webp?fit=860%2C860&ssl=1","contentUrl":"https:\/\/i0.wp.com\/inti.hr\/wp-content\/uploads\/2025\/02\/ASK11-W-Y001_860x.webp?fit=860%2C860&ssl=1","width":860,"height":860,"caption":"SoBuy ormari\u0107 za kartoteke i stalak za pisa\u010d 80x40x75cm ASK11-W"},{"@type":"BreadcrumbList","@id":"https:\/\/inti.hr\/bs\/proizvod\/ormaric-za-kartoteke-i-stalak-za-pisac-80x40x75cm\/#breadcrumb","itemListElement":[{"@type":"ListItem","position":1,"name":"Po\u010detna stranica","item":"https:\/\/inti.hr\/bs\/"},{"@type":"ListItem","position":2,"name":"Trgovina","item":"https:\/\/inti.hr\/bs\/trgovina\/"},{"@type":"ListItem","position":3,"name":"Ormari\u0107 za kartoteke i stalak za pisa\u010d 80x40x75cm"}]},{"@type":"WebSite","@id":"https:\/\/inti.hr\/bs\/#website","url":"https:\/\/inti.hr\/bs\/","name":"Inti","description":"trgovina","potentialAction":[{"@type":"SearchAction","target":{"@type":"EntryPoint","urlTemplate":"https:\/\/inti.hr\/bs\/?s={search_term_string}"},"query-input":{"@type":"PropertyValueSpecification","valueRequired":true,"valueName":"search_term_string"}}],"inLanguage":"bs-BA"}]}},"jetpack_sharing_enabled":true,"jetpack-related-posts":[],"_links":{"self":[{"href":"https:\/\/inti.hr\/bs\/wp-json\/wp\/v2\/product\/31523"}],"collection":[{"href":"https:\/\/inti.hr\/bs\/wp-json\/wp\/v2\/product"}],"about":[{"href":"https:\/\/inti.hr\/bs\/wp-json\/wp\/v2\/types\/product"}],"wp:featuredmedia":[{"embeddable":true,"href":"https:\/\/inti.hr\/bs\/wp-json\/wp\/v2\/media\/31524"}],"wp:attachment":[{"href":"https:\/\/inti.hr\/bs\/wp-json\/wp\/v2\/media?parent=31523"}],"wp:term":[{"taxonomy":"product_cat","embeddable":true,"href":"https:\/\/inti.hr\/bs\/wp-json\/wp\/v2\/product_cat?post=31523"},{"taxonomy":"product_tag","embeddable":true,"href":"https:\/\/inti.hr\/bs\/wp-json\/wp\/v2\/product_tag?post=31523"}],"curies":[{"name":"wp","href":"https:\/\/api.w.org\/{rel}","templated":true}]}}